{"id":99,"date":"2013-04-07T08:32:38","date_gmt":"2013-04-07T08:32:38","guid":{"rendered":"https:\/\/obcina.rogatec.si\/?page_id=99"},"modified":"2015-02-23T14:15:06","modified_gmt":"2015-02-23T13:15:06","slug":"grb-zastava-in-praznik-obcine","status":"publish","type":"page","link":"https:\/\/obcina.rogatec.si\/o-obcini\/grb-zastava-in-praznik-obcine\/","title":{"rendered":"Grb, zastava in praznik ob\u010dine"},"content":{"rendered":"<p><strong>Grb<\/strong><\/p>\n<p>Pred iskanjem ob\u010dinskih simbolov za novo ob\u010dino Rogatec sta ob\u010dinsko vodstvo in Komisija za pripravo grba, zastave in dolo\u010ditev ob\u010dinskega praznika sklenila najprej poiskati zgodovinski grb trga Rogatec. Za pomo\u010d sta prosila Grboslovno, rodoslovno in zastavoslovno dru\u0161tvo Heraldica Slovenica, ki je pripravilo povzetke iz arhivskih gradiv z naslovom Zgodovina grba trga Rogatec. Iz gradiva je razvidno, da je prva vest o grbu Rogatec iz leta 1535, ko je takratni de\u017eelni knez, kralj Ferdinand I. z listino, izdano 6. februarja na Dunaju, podelil trgu Rogatec tr\u0161ki grb. Originalna pergamentna listina se hrani v Pokrajinskem arhivu v Mariboru.<\/p>\n<p>Zgodovinarji menijo, da grb predstavlja mestno obzidje z mestnimi vrati in obrambnimi stolpi. Nahajal naj bi se na zunanji strani spodnjih vhodnih vrat v trgu. V letih 1377 in 1436 je bil Rogatec \u017ee omenjen v zgodovinskih virih kot mesto Celjskih grofov. Takrat je bil obdan z obzidjem in zavarovan z dvema utrdbama, to sta gradova Gornji Rogatec in Strmol. Ta grb je slu\u017eil kot osnutek za nov grb ob\u010dine Rogatec. Zgodovinski grb je bilo potrebno preoblikovati po danes veljavnih pravilih in predpisih o grbih.<\/p>\n<div>\n<dl id=\"attachment_19\">\n<dt><a href=\"https:\/\/obcina.rogatec.si\/wp-content\/uploads\/2013\/03\/213_02_01.jpg\" target=\"_blank\" rel=\"lightbox\"><img loading=\"lazy\" decoding=\"async\" alt=\"213_02_01\" src=\"https:\/\/obcina.rogatec.si\/wp-content\/uploads\/2013\/03\/213_02_01-150x150.jpg\" width=\"150\" height=\"150\" \/><\/a><\/dt>\n<dd>Zgodovinski grb Rogatca<\/dd>\n<\/dl>\n<\/div>\n<p>Grb ob\u010dine je upodobljen na \u0161\u010ditu petnajstega stoletja, sanitske oblike. V rde\u010dem polju na zelenih tleh stoji srebrna enonadstropna rondela, obokan odprt prehod skozi njeno pritli\u010dje ima dvignjeno zlato zaporno re\u0161etko, ki ima tri vertikalne stebri\u010de. Sredina stene v nadstropju ima nad vhodom pravokotno pokon\u010dno lino, desno in levo nad njo pa po eno pu\u0161karico. Nadstropje se zgoraj zaklju\u010duje v zidni konzolni venec s \u0161tirimi nadzidki (cinami) izza katerih se dviga sto\u017e\u010dasta rde\u010da streha z zlato kroglo na njeni konici. Desne in leve strani pritli\u010dja se dotikata po ena, okroglemu stolpi\u010du podobna stra\u017enica, od katerih ima vsaka v steni pod napu\u0161\u010dem sto\u017e\u010daste rde\u010de strehe po eno pu\u0161karico.\u00a0\u0160\u010dit je ob straneh zlato obrobljen.<\/p>\n<div>\n<dl id=\"attachment_28\">\n<dt><a href=\"https:\/\/obcina.rogatec.si\/wp-content\/uploads\/2013\/03\/213_03_01.jpg\"><img loading=\"lazy\" decoding=\"async\" title=\"Grb Ob\u010dine Rogatec\" alt=\"213_03_01\" src=\"https:\/\/obcina.rogatec.si\/wp-content\/uploads\/2013\/03\/213_03_01-150x150.jpg\" width=\"150\" height=\"150\" \/><\/a><\/dt>\n<dd>Grb Ob\u010dine Rogatec<\/dd>\n<\/dl>\n<\/div>\n<p>&nbsp;<\/p>\n<p><strong>Zastava<\/strong><\/p>\n<p>Zastava Ob\u010dine Rogatec je bela in rde\u010da, na rde\u010dem polju nosi atribut ob\u010dinskega grba. Razmerje vi\u0161ine \u00bbV\u00ab proti dol\u017eini \u00bbL\u00ab (V:L) je 1:2,5 (ena proti dve celi in pet desetin) s tem, da je zastavina ruta razdeljena vertikalno na tri barvna polja: prvo in tretje barvno polje je belo, drugo (srednje) polje je rde\u010de in nosi na svoji sredini atribut roga\u0161kega grba, srebrni (beli) vhodni rondel s koni\u010dasto rde\u010do streho. Atribut ne sme biti ni\u017eji do 2\/3 (dveh tretjin) vi\u0161ine barvnega polja zastave in ne vi\u0161ji od 8\/10 (osmih desetin) vi\u0161ine istega polja.<\/p>\n<div>\n<dl id=\"attachment_27\">\n<dt><a href=\"https:\/\/obcina.rogatec.si\/wp-content\/uploads\/2013\/03\/213_06_01.jpg\"><img loading=\"lazy\" decoding=\"async\" alt=\"Zastava Ob\u010dine Rogatec\" src=\"https:\/\/obcina.rogatec.si\/wp-content\/uploads\/2013\/03\/213_06_01-150x150.jpg\" width=\"150\" height=\"150\" \/><\/a><\/dt>\n<dd>Zastava Ob\u010dine Rogatec<\/dd>\n<\/dl>\n<\/div>\n<p><strong>Ob\u010dinski praznik<\/strong><\/p>\n<p>Praznik ob\u010dine Rogatec je prva sobota v mesecu septembru.<\/p>\n<p>Praznovanje naj bi bilo v prvi vrsti povezano z dolgoletno sejemsko tradicijo v kraju. \u017de pred letom 1550 je nadvojvoda Ferdinand I. odobril trgu Rogatec tedenski sejem ob sredah in dolo\u010dil tri datume za letne sejme. \u0160tevilo sejmov se je iz leta v leto spreminjalo. Tako so bili znani: Marjetin sejem, Jo\u017eefov sejem, Jernejev sejem, Andrejev sejem,\u2026 Najdalj\u0161o tradicijo ima gotovo Jernejev sejem \u2013 24. avgusta, hkrati pa je Jernej ve\u010d kot 700 let zavetnik kraja.<\/p>\n<p>V tednu pred praznikom v Rogatcu potekajo razne prireditve (kulturne, \u0161portne, sre\u010danja, razstave, tekmovanja, podeljevanja priznanj\u2026), ki predstavljajo ob\u010dino.<\/p>\n","protected":false},"excerpt":{"rendered":"<p>Grb Pred iskanjem ob\u010dinskih simbolov za novo ob\u010dino Rogatec sta ob\u010dinsko vodstvo in Komisija za pripravo grba, zastave in dolo\u010ditev ob\u010dinskega praznika sklenila najprej poiskati zgodovinski grb trga Rogatec. Za pomo\u010d sta prosila Grboslovno, rodoslovno in zastavoslovno dru\u0161tvo Heraldica Slovenica, ki je pripravilo povzetke iz arhivskih gradiv z naslovom Zgodovina grba trga Rogatec. Iz gradiva [&hellip;]<\/p>\n","protected":false},"author":1,"featured_media":0,"parent":2,"menu_order":0,"comment_status":"open","ping_status":"open","template":"","meta":{"_uag_custom_page_level_css":"","footnotes":""},"class_list":["post-99","page","type-page","status-publish","hentry"],"yoast_head":"<!-- This site is optimized with the Yoast SEO plugin v27.2 - https:\/\/yoast.com\/product\/yoast-seo-wordpress\/ -->\n<title>Grb, zastava in praznik ob\u010dine - Ob\u010dina Rogatec<\/title>\n<meta name=\"robots\" content=\"index, follow, max-snippet:-1, max-image-preview:large, max-video-preview:-1\" \/>\n<link rel=\"canonical\" href=\"https:\/\/obcina.rogatec.si\/o-obcini\/grb-zastava-in-praznik-obcine\/\" \/>\n<meta property=\"og:locale\" content=\"sl_SI\" \/>\n<meta property=\"og:type\" content=\"article\" \/>\n<meta property=\"og:title\" content=\"Grb, zastava in praznik ob\u010dine - Ob\u010dina Rogatec\" \/>\n<meta property=\"og:description\" content=\"Grb Pred iskanjem ob\u010dinskih simbolov za novo ob\u010dino Rogatec sta ob\u010dinsko vodstvo in Komisija za pripravo grba, zastave in dolo\u010ditev ob\u010dinskega praznika sklenila najprej poiskati zgodovinski grb trga Rogatec. Za pomo\u010d sta prosila Grboslovno, rodoslovno in zastavoslovno dru\u0161tvo Heraldica Slovenica, ki je pripravilo povzetke iz arhivskih gradiv z naslovom Zgodovina grba trga Rogatec. Iz gradiva [&hellip;]\" \/>\n<meta property=\"og:url\" content=\"https:\/\/obcina.rogatec.si\/o-obcini\/grb-zastava-in-praznik-obcine\/\" \/>\n<meta property=\"og:site_name\" content=\"Ob\u010dina Rogatec\" \/>\n<meta property=\"article:publisher\" content=\"https:\/\/www.facebook.com\/VisitRogatec\/\" \/>\n<meta property=\"article:modified_time\" content=\"2015-02-23T13:15:06+00:00\" \/>\n<meta property=\"og:image\" content=\"https:\/\/obcina.rogatec.si\/wp-content\/uploads\/2013\/03\/213_02_01-150x150.jpg\" \/>\n<meta name=\"twitter:card\" content=\"summary_large_image\" \/>\n<meta name=\"twitter:label1\" content=\"Est. reading time\" \/>\n\t<meta name=\"twitter:data1\" content=\"3 minute\" \/>\n<script type=\"application\/ld+json\" class=\"yoast-schema-graph\">{\"@context\":\"https:\/\/schema.org\",\"@graph\":[{\"@type\":\"WebPage\",\"@id\":\"https:\/\/obcina.rogatec.si\/o-obcini\/grb-zastava-in-praznik-obcine\/\",\"url\":\"https:\/\/obcina.rogatec.si\/o-obcini\/grb-zastava-in-praznik-obcine\/\",\"name\":\"Grb, zastava in praznik ob\u010dine - Ob\u010dina Rogatec\",\"isPartOf\":{\"@id\":\"https:\/\/obcina.rogatec.si\/#website\"},\"primaryImageOfPage\":{\"@id\":\"https:\/\/obcina.rogatec.si\/o-obcini\/grb-zastava-in-praznik-obcine\/#primaryimage\"},\"image\":{\"@id\":\"https:\/\/obcina.rogatec.si\/o-obcini\/grb-zastava-in-praznik-obcine\/#primaryimage\"},\"thumbnailUrl\":\"https:\/\/obcina.rogatec.si\/wp-content\/uploads\/2013\/03\/213_02_01-150x150.jpg\",\"datePublished\":\"2013-04-07T08:32:38+00:00\",\"dateModified\":\"2015-02-23T13:15:06+00:00\",\"breadcrumb\":{\"@id\":\"https:\/\/obcina.rogatec.si\/o-obcini\/grb-zastava-in-praznik-obcine\/#breadcrumb\"},\"inLanguage\":\"sl-SI\",\"potentialAction\":[{\"@type\":\"ReadAction\",\"target\":[\"https:\/\/obcina.rogatec.si\/o-obcini\/grb-zastava-in-praznik-obcine\/\"]}]},{\"@type\":\"ImageObject\",\"inLanguage\":\"sl-SI\",\"@id\":\"https:\/\/obcina.rogatec.si\/o-obcini\/grb-zastava-in-praznik-obcine\/#primaryimage\",\"url\":\"https:\/\/obcina.rogatec.si\/wp-content\/uploads\/2013\/03\/213_02_01.jpg\",\"contentUrl\":\"https:\/\/obcina.rogatec.si\/wp-content\/uploads\/2013\/03\/213_02_01.jpg\",\"width\":296,\"height\":400},{\"@type\":\"BreadcrumbList\",\"@id\":\"https:\/\/obcina.rogatec.si\/o-obcini\/grb-zastava-in-praznik-obcine\/#breadcrumb\",\"itemListElement\":[{\"@type\":\"ListItem\",\"position\":1,\"name\":\"Domov\",\"item\":\"https:\/\/obcina.rogatec.si\/\"},{\"@type\":\"ListItem\",\"position\":2,\"name\":\"O Ob\u010dini Rogatec\",\"item\":\"https:\/\/obcina.rogatec.si\/o-obcini\/\"},{\"@type\":\"ListItem\",\"position\":3,\"name\":\"Grb, zastava in praznik ob\u010dine\"}]},{\"@type\":\"WebSite\",\"@id\":\"https:\/\/obcina.rogatec.si\/#website\",\"url\":\"https:\/\/obcina.rogatec.si\/\",\"name\":\"Ob\u010dina Rogatec\",\"description\":\"Uradni spletni portal Ob\u010dine Rogatec\",\"publisher\":{\"@id\":\"https:\/\/obcina.rogatec.si\/#organization\"},\"potentialAction\":[{\"@type\":\"SearchAction\",\"target\":{\"@type\":\"EntryPoint\",\"urlTemplate\":\"https:\/\/obcina.rogatec.si\/?s={search_term_string}\"},\"query-input\":{\"@type\":\"PropertyValueSpecification\",\"valueRequired\":true,\"valueName\":\"search_term_string\"}}],\"inLanguage\":\"sl-SI\"},{\"@type\":\"Organization\",\"@id\":\"https:\/\/obcina.rogatec.si\/#organization\",\"name\":\"Ob\u010dina Rogatec\",\"url\":\"https:\/\/obcina.rogatec.si\/\",\"logo\":{\"@type\":\"ImageObject\",\"inLanguage\":\"sl-SI\",\"@id\":\"https:\/\/obcina.rogatec.si\/#\/schema\/logo\/image\/\",\"url\":\"https:\/\/obcina.rogatec.si\/wp-content\/uploads\/2021\/01\/ObcinaRogatec_col.png\",\"contentUrl\":\"https:\/\/obcina.rogatec.si\/wp-content\/uploads\/2021\/01\/ObcinaRogatec_col.png\",\"width\":275,\"height\":100,\"caption\":\"Ob\u010dina Rogatec\"},\"image\":{\"@id\":\"https:\/\/obcina.rogatec.si\/#\/schema\/logo\/image\/\"},\"sameAs\":[\"https:\/\/www.facebook.com\/VisitRogatec\/\",\"https:\/\/www.instagram.com\/visitrogatec\/\",\"https:\/\/www.youtube.com\/channel\/UC0j4SRaLd9oSppR8hwVd5tw\"]}]}<\/script>\n<!-- \/ Yoast SEO plugin. -->","yoast_head_json":{"title":"Grb, zastava in praznik ob\u010dine - Ob\u010dina Rogatec","robots":{"index":"index","follow":"follow","max-snippet":"max-snippet:-1","max-image-preview":"max-image-preview:large","max-video-preview":"max-video-preview:-1"},"canonical":"https:\/\/obcina.rogatec.si\/o-obcini\/grb-zastava-in-praznik-obcine\/","og_locale":"sl_SI","og_type":"article","og_title":"Grb, zastava in praznik ob\u010dine - Ob\u010dina Rogatec","og_description":"Grb Pred iskanjem ob\u010dinskih simbolov za novo ob\u010dino Rogatec sta ob\u010dinsko vodstvo in Komisija za pripravo grba, zastave in dolo\u010ditev ob\u010dinskega praznika sklenila najprej poiskati zgodovinski grb trga Rogatec. Za pomo\u010d sta prosila Grboslovno, rodoslovno in zastavoslovno dru\u0161tvo Heraldica Slovenica, ki je pripravilo povzetke iz arhivskih gradiv z naslovom Zgodovina grba trga Rogatec. Iz gradiva [&hellip;]","og_url":"https:\/\/obcina.rogatec.si\/o-obcini\/grb-zastava-in-praznik-obcine\/","og_site_name":"Ob\u010dina Rogatec","article_publisher":"https:\/\/www.facebook.com\/VisitRogatec\/","article_modified_time":"2015-02-23T13:15:06+00:00","og_image":[{"url":"https:\/\/obcina.rogatec.si\/wp-content\/uploads\/2013\/03\/213_02_01-150x150.jpg","type":"","width":"","height":""}],"twitter_card":"summary_large_image","twitter_misc":{"Est. reading time":"3 minute"},"schema":{"@context":"https:\/\/schema.org","@graph":[{"@type":"WebPage","@id":"https:\/\/obcina.rogatec.si\/o-obcini\/grb-zastava-in-praznik-obcine\/","url":"https:\/\/obcina.rogatec.si\/o-obcini\/grb-zastava-in-praznik-obcine\/","name":"Grb, zastava in praznik ob\u010dine - Ob\u010dina Rogatec","isPartOf":{"@id":"https:\/\/obcina.rogatec.si\/#website"},"primaryImageOfPage":{"@id":"https:\/\/obcina.rogatec.si\/o-obcini\/grb-zastava-in-praznik-obcine\/#primaryimage"},"image":{"@id":"https:\/\/obcina.rogatec.si\/o-obcini\/grb-zastava-in-praznik-obcine\/#primaryimage"},"thumbnailUrl":"https:\/\/obcina.rogatec.si\/wp-content\/uploads\/2013\/03\/213_02_01-150x150.jpg","datePublished":"2013-04-07T08:32:38+00:00","dateModified":"2015-02-23T13:15:06+00:00","breadcrumb":{"@id":"https:\/\/obcina.rogatec.si\/o-obcini\/grb-zastava-in-praznik-obcine\/#breadcrumb"},"inLanguage":"sl-SI","potentialAction":[{"@type":"ReadAction","target":["https:\/\/obcina.rogatec.si\/o-obcini\/grb-zastava-in-praznik-obcine\/"]}]},{"@type":"ImageObject","inLanguage":"sl-SI","@id":"https:\/\/obcina.rogatec.si\/o-obcini\/grb-zastava-in-praznik-obcine\/#primaryimage","url":"https:\/\/obcina.rogatec.si\/wp-content\/uploads\/2013\/03\/213_02_01.jpg","contentUrl":"https:\/\/obcina.rogatec.si\/wp-content\/uploads\/2013\/03\/213_02_01.jpg","width":296,"height":400},{"@type":"BreadcrumbList","@id":"https:\/\/obcina.rogatec.si\/o-obcini\/grb-zastava-in-praznik-obcine\/#breadcrumb","itemListElement":[{"@type":"ListItem","position":1,"name":"Domov","item":"https:\/\/obcina.rogatec.si\/"},{"@type":"ListItem","position":2,"name":"O Ob\u010dini Rogatec","item":"https:\/\/obcina.rogatec.si\/o-obcini\/"},{"@type":"ListItem","position":3,"name":"Grb, zastava in praznik ob\u010dine"}]},{"@type":"WebSite","@id":"https:\/\/obcina.rogatec.si\/#website","url":"https:\/\/obcina.rogatec.si\/","name":"Ob\u010dina Rogatec","description":"Uradni spletni portal Ob\u010dine Rogatec","publisher":{"@id":"https:\/\/obcina.rogatec.si\/#organization"},"potentialAction":[{"@type":"SearchAction","target":{"@type":"EntryPoint","urlTemplate":"https:\/\/obcina.rogatec.si\/?s={search_term_string}"},"query-input":{"@type":"PropertyValueSpecification","valueRequired":true,"valueName":"search_term_string"}}],"inLanguage":"sl-SI"},{"@type":"Organization","@id":"https:\/\/obcina.rogatec.si\/#organization","name":"Ob\u010dina Rogatec","url":"https:\/\/obcina.rogatec.si\/","logo":{"@type":"ImageObject","inLanguage":"sl-SI","@id":"https:\/\/obcina.rogatec.si\/#\/schema\/logo\/image\/","url":"https:\/\/obcina.rogatec.si\/wp-content\/uploads\/2021\/01\/ObcinaRogatec_col.png","contentUrl":"https:\/\/obcina.rogatec.si\/wp-content\/uploads\/2021\/01\/ObcinaRogatec_col.png","width":275,"height":100,"caption":"Ob\u010dina Rogatec"},"image":{"@id":"https:\/\/obcina.rogatec.si\/#\/schema\/logo\/image\/"},"sameAs":["https:\/\/www.facebook.com\/VisitRogatec\/","https:\/\/www.instagram.com\/visitrogatec\/","https:\/\/www.youtube.com\/channel\/UC0j4SRaLd9oSppR8hwVd5tw"]}]}},"uagb_featured_image_src":{"full":false,"thumbnail":false,"medium":false,"medium_large":false,"large":false,"1536x1536":false,"2048x2048":false,"XXS":false,"XS":false,"S":false,"M":false,"L":false,"XL":false},"uagb_author_info":{"display_name":"Ob\u010dina Rogatec","author_link":"https:\/\/obcina.rogatec.si\/author\/vedran72\/"},"uagb_comment_info":0,"uagb_excerpt":"Grb Pred iskanjem ob\u010dinskih simbolov za novo ob\u010dino Rogatec sta ob\u010dinsko vodstvo in Komisija za pripravo grba, zastave in dolo\u010ditev ob\u010dinskega praznika sklenila najprej poiskati zgodovinski grb trga Rogatec. Za pomo\u010d sta prosila Grboslovno, rodoslovno in zastavoslovno dru\u0161tvo Heraldica Slovenica, ki je pripravilo povzetke iz arhivskih gradiv z naslovom Zgodovina grba trga Rogatec. Iz gradiva&hellip;","_links":{"self":[{"href":"https:\/\/obcina.rogatec.si\/wp-json\/wp\/v2\/pages\/99","targetHints":{"allow":["GET"]}}],"collection":[{"href":"https:\/\/obcina.rogatec.si\/wp-json\/wp\/v2\/pages"}],"about":[{"href":"https:\/\/obcina.rogatec.si\/wp-json\/wp\/v2\/types\/page"}],"author":[{"embeddable":true,"href":"https:\/\/obcina.rogatec.si\/wp-json\/wp\/v2\/users\/1"}],"replies":[{"embeddable":true,"href":"https:\/\/obcina.rogatec.si\/wp-json\/wp\/v2\/comments?post=99"}],"version-history":[{"count":2,"href":"https:\/\/obcina.rogatec.si\/wp-json\/wp\/v2\/pages\/99\/revisions"}],"predecessor-version":[{"id":501025,"href":"https:\/\/obcina.rogatec.si\/wp-json\/wp\/v2\/pages\/99\/revisions\/501025"}],"up":[{"embeddable":true,"href":"https:\/\/obcina.rogatec.si\/wp-json\/wp\/v2\/pages\/2"}],"wp:attachment":[{"href":"https:\/\/obcina.rogatec.si\/wp-json\/wp\/v2\/media?parent=99"}],"curies":[{"name":"wp","href":"https:\/\/api.w.org\/{rel}","templated":true}]}}