{"id":863,"date":"2014-01-06T05:15:45","date_gmt":"2014-01-06T05:15:45","guid":{"rendered":"https:\/\/obcina.rogatec.si\/?page_id=863"},"modified":"2018-12-18T13:38:29","modified_gmt":"2018-12-18T12:38:29","slug":"poslovnik-obcinskega-sveta-obcine-rogatec","status":"publish","type":"page","link":"https:\/\/obcina.rogatec.si\/organi-obcine\/obcinski-svet\/poslovnik-obcinskega-sveta-obcine-rogatec\/","title":{"rendered":"Poslovnik Ob\u010dinskega sveta Ob\u010dine Rogatec in Statut Ob\u010dine Rogatec"},"content":{"rendered":"<p><a href=\"https:\/\/www.uradni-list.si\/glasilo-uradni-list-rs\/vsebina\/2018-01-1328\/poslovnik-obcinskega-sveta-obcine-rogatec\" target=\"_blank\" rel=\"noopener\"><b><br \/>\nPoslovnik Ob\u010dinskega sveta Ob\u010dine Rogatec<\/b> (Uradni list RS, \u0161t. 29\/18)<\/a><\/p>\n<p>&nbsp;<\/p>\n<p><a href=\"https:\/\/www.uradni-list.si\/glasilo-uradni-list-rs\/vsebina\/2018-01-1327\/statut-obcine-rogatec\" target=\"_blank\" rel=\"noopener\"><b>Statut Ob\u010dine Rogatec<\/b> (Uradni list RS, \u0161t. 29\/18)<\/a><\/p>\n","protected":false},"excerpt":{"rendered":"<p>Uradno pre\u010di\u0161\u010deno besedilo<\/p>\n","protected":false},"author":1,"featured_media":0,"parent":105,"menu_order":0,"comment_status":"closed","ping_status":"closed","template":"","meta":{"_uag_custom_page_level_css":"","footnotes":""},"class_list":["post-863","page","type-page","status-publish","hentry"],"yoast_head":"<!-- This site is optimized with the Yoast SEO plugin v27.2 - https:\/\/yoast.com\/product\/yoast-seo-wordpress\/ -->\n<title>Poslovnik Ob\u010dinskega sveta Ob\u010dine Rogatec in Statut Ob\u010dine Rogatec - Ob\u010dina Rogatec<\/title>\n<meta name=\"robots\" content=\"index, follow, max-snippet:-1, max-image-preview:large, max-video-preview:-1\" \/>\n<link rel=\"canonical\" href=\"https:\/\/obcina.rogatec.si\/organi-obcine\/obcinski-svet\/poslovnik-obcinskega-sveta-obcine-rogatec\/\" \/>\n<meta property=\"og:locale\" content=\"sl_SI\" \/>\n<meta property=\"og:type\" content=\"article\" \/>\n<meta property=\"og:title\" content=\"Poslovnik Ob\u010dinskega sveta Ob\u010dine Rogatec in Statut Ob\u010dine Rogatec - Ob\u010dina Rogatec\" \/>\n<meta property=\"og:description\" content=\"Uradno pre\u010di\u0161\u010deno besedilo\" \/>\n<meta property=\"og:url\" content=\"https:\/\/obcina.rogatec.si\/organi-obcine\/obcinski-svet\/poslovnik-obcinskega-sveta-obcine-rogatec\/\" \/>\n<meta property=\"og:site_name\" content=\"Ob\u010dina Rogatec\" \/>\n<meta property=\"article:publisher\" content=\"https:\/\/www.facebook.com\/VisitRogatec\/\" \/>\n<meta property=\"article:modified_time\" content=\"2018-12-18T12:38:29+00:00\" \/>\n<meta property=\"og:image\" content=\"https:\/\/obcina.rogatec.si\/wp-content\/uploads\/2013\/10\/MUZEJ-NA-PROSTEM-ROGATEC.jpg\" \/>\n\t<meta property=\"og:image:width\" content=\"1900\" \/>\n\t<meta property=\"og:image:height\" content=\"1262\" \/>\n\t<meta property=\"og:image:type\" content=\"image\/jpeg\" \/>\n<meta name=\"twitter:card\" content=\"summary_large_image\" \/>\n<script type=\"application\/ld+json\" class=\"yoast-schema-graph\">{\"@context\":\"https:\/\/schema.org\",\"@graph\":[{\"@type\":\"WebPage\",\"@id\":\"https:\/\/obcina.rogatec.si\/organi-obcine\/obcinski-svet\/poslovnik-obcinskega-sveta-obcine-rogatec\/\",\"url\":\"https:\/\/obcina.rogatec.si\/organi-obcine\/obcinski-svet\/poslovnik-obcinskega-sveta-obcine-rogatec\/\",\"name\":\"Poslovnik Ob\u010dinskega sveta Ob\u010dine Rogatec in Statut Ob\u010dine Rogatec - Ob\u010dina Rogatec\",\"isPartOf\":{\"@id\":\"https:\/\/obcina.rogatec.si\/#website\"},\"datePublished\":\"2014-01-06T05:15:45+00:00\",\"dateModified\":\"2018-12-18T12:38:29+00:00\",\"breadcrumb\":{\"@id\":\"https:\/\/obcina.rogatec.si\/organi-obcine\/obcinski-svet\/poslovnik-obcinskega-sveta-obcine-rogatec\/#breadcrumb\"},\"inLanguage\":\"sl-SI\",\"potentialAction\":[{\"@type\":\"ReadAction\",\"target\":[\"https:\/\/obcina.rogatec.si\/organi-obcine\/obcinski-svet\/poslovnik-obcinskega-sveta-obcine-rogatec\/\"]}]},{\"@type\":\"BreadcrumbList\",\"@id\":\"https:\/\/obcina.rogatec.si\/organi-obcine\/obcinski-svet\/poslovnik-obcinskega-sveta-obcine-rogatec\/#breadcrumb\",\"itemListElement\":[{\"@type\":\"ListItem\",\"position\":1,\"name\":\"Domov\",\"item\":\"https:\/\/obcina.rogatec.si\/\"},{\"@type\":\"ListItem\",\"position\":2,\"name\":\"Organi ob\u010dine\",\"item\":\"https:\/\/obcina.rogatec.si\/organi-obcine\/\"},{\"@type\":\"ListItem\",\"position\":3,\"name\":\"Ob\u010dinski svet\",\"item\":\"https:\/\/obcina.rogatec.si\/organi-obcine\/obcinski-svet\/\"},{\"@type\":\"ListItem\",\"position\":4,\"name\":\"Poslovnik Ob\u010dinskega sveta Ob\u010dine Rogatec in Statut Ob\u010dine Rogatec\"}]},{\"@type\":\"WebSite\",\"@id\":\"https:\/\/obcina.rogatec.si\/#website\",\"url\":\"https:\/\/obcina.rogatec.si\/\",\"name\":\"Ob\u010dina Rogatec\",\"description\":\"Uradni spletni portal Ob\u010dine Rogatec\",\"publisher\":{\"@id\":\"https:\/\/obcina.rogatec.si\/#organization\"},\"potentialAction\":[{\"@type\":\"SearchAction\",\"target\":{\"@type\":\"EntryPoint\",\"urlTemplate\":\"https:\/\/obcina.rogatec.si\/?s={search_term_string}\"},\"query-input\":{\"@type\":\"PropertyValueSpecification\",\"valueRequired\":true,\"valueName\":\"search_term_string\"}}],\"inLanguage\":\"sl-SI\"},{\"@type\":\"Organization\",\"@id\":\"https:\/\/obcina.rogatec.si\/#organization\",\"name\":\"Ob\u010dina Rogatec\",\"url\":\"https:\/\/obcina.rogatec.si\/\",\"logo\":{\"@type\":\"ImageObject\",\"inLanguage\":\"sl-SI\",\"@id\":\"https:\/\/obcina.rogatec.si\/#\/schema\/logo\/image\/\",\"url\":\"https:\/\/obcina.rogatec.si\/wp-content\/uploads\/2021\/01\/ObcinaRogatec_col.png\",\"contentUrl\":\"https:\/\/obcina.rogatec.si\/wp-content\/uploads\/2021\/01\/ObcinaRogatec_col.png\",\"width\":275,\"height\":100,\"caption\":\"Ob\u010dina Rogatec\"},\"image\":{\"@id\":\"https:\/\/obcina.rogatec.si\/#\/schema\/logo\/image\/\"},\"sameAs\":[\"https:\/\/www.facebook.com\/VisitRogatec\/\",\"https:\/\/www.instagram.com\/visitrogatec\/\",\"https:\/\/www.youtube.com\/channel\/UC0j4SRaLd9oSppR8hwVd5tw\"]}]}<\/script>\n<!-- \/ Yoast SEO plugin. -->","yoast_head_json":{"title":"Poslovnik Ob\u010dinskega sveta Ob\u010dine Rogatec in Statut Ob\u010dine Rogatec - Ob\u010dina Rogatec","robots":{"index":"index","follow":"follow","max-snippet":"max-snippet:-1","max-image-preview":"max-image-preview:large","max-video-preview":"max-video-preview:-1"},"canonical":"https:\/\/obcina.rogatec.si\/organi-obcine\/obcinski-svet\/poslovnik-obcinskega-sveta-obcine-rogatec\/","og_locale":"sl_SI","og_type":"article","og_title":"Poslovnik Ob\u010dinskega sveta Ob\u010dine Rogatec in Statut Ob\u010dine Rogatec - Ob\u010dina Rogatec","og_description":"Uradno pre\u010di\u0161\u010deno besedilo","og_url":"https:\/\/obcina.rogatec.si\/organi-obcine\/obcinski-svet\/poslovnik-obcinskega-sveta-obcine-rogatec\/","og_site_name":"Ob\u010dina Rogatec","article_publisher":"https:\/\/www.facebook.com\/VisitRogatec\/","article_modified_time":"2018-12-18T12:38:29+00:00","og_image":[{"width":1900,"height":1262,"url":"https:\/\/obcina.rogatec.si\/wp-content\/uploads\/2013\/10\/MUZEJ-NA-PROSTEM-ROGATEC.jpg","type":"image\/jpeg"}],"twitter_card":"summary_large_image","schema":{"@context":"https:\/\/schema.org","@graph":[{"@type":"WebPage","@id":"https:\/\/obcina.rogatec.si\/organi-obcine\/obcinski-svet\/poslovnik-obcinskega-sveta-obcine-rogatec\/","url":"https:\/\/obcina.rogatec.si\/organi-obcine\/obcinski-svet\/poslovnik-obcinskega-sveta-obcine-rogatec\/","name":"Poslovnik Ob\u010dinskega sveta Ob\u010dine Rogatec in Statut Ob\u010dine Rogatec - Ob\u010dina Rogatec","isPartOf":{"@id":"https:\/\/obcina.rogatec.si\/#website"},"datePublished":"2014-01-06T05:15:45+00:00","dateModified":"2018-12-18T12:38:29+00:00","breadcrumb":{"@id":"https:\/\/obcina.rogatec.si\/organi-obcine\/obcinski-svet\/poslovnik-obcinskega-sveta-obcine-rogatec\/#breadcrumb"},"inLanguage":"sl-SI","potentialAction":[{"@type":"ReadAction","target":["https:\/\/obcina.rogatec.si\/organi-obcine\/obcinski-svet\/poslovnik-obcinskega-sveta-obcine-rogatec\/"]}]},{"@type":"BreadcrumbList","@id":"https:\/\/obcina.rogatec.si\/organi-obcine\/obcinski-svet\/poslovnik-obcinskega-sveta-obcine-rogatec\/#breadcrumb","itemListElement":[{"@type":"ListItem","position":1,"name":"Domov","item":"https:\/\/obcina.rogatec.si\/"},{"@type":"ListItem","position":2,"name":"Organi ob\u010dine","item":"https:\/\/obcina.rogatec.si\/organi-obcine\/"},{"@type":"ListItem","position":3,"name":"Ob\u010dinski svet","item":"https:\/\/obcina.rogatec.si\/organi-obcine\/obcinski-svet\/"},{"@type":"ListItem","position":4,"name":"Poslovnik Ob\u010dinskega sveta Ob\u010dine Rogatec in Statut Ob\u010dine Rogatec"}]},{"@type":"WebSite","@id":"https:\/\/obcina.rogatec.si\/#website","url":"https:\/\/obcina.rogatec.si\/","name":"Ob\u010dina Rogatec","description":"Uradni spletni portal Ob\u010dine Rogatec","publisher":{"@id":"https:\/\/obcina.rogatec.si\/#organization"},"potentialAction":[{"@type":"SearchAction","target":{"@type":"EntryPoint","urlTemplate":"https:\/\/obcina.rogatec.si\/?s={search_term_string}"},"query-input":{"@type":"PropertyValueSpecification","valueRequired":true,"valueName":"search_term_string"}}],"inLanguage":"sl-SI"},{"@type":"Organization","@id":"https:\/\/obcina.rogatec.si\/#organization","name":"Ob\u010dina Rogatec","url":"https:\/\/obcina.rogatec.si\/","logo":{"@type":"ImageObject","inLanguage":"sl-SI","@id":"https:\/\/obcina.rogatec.si\/#\/schema\/logo\/image\/","url":"https:\/\/obcina.rogatec.si\/wp-content\/uploads\/2021\/01\/ObcinaRogatec_col.png","contentUrl":"https:\/\/obcina.rogatec.si\/wp-content\/uploads\/2021\/01\/ObcinaRogatec_col.png","width":275,"height":100,"caption":"Ob\u010dina Rogatec"},"image":{"@id":"https:\/\/obcina.rogatec.si\/#\/schema\/logo\/image\/"},"sameAs":["https:\/\/www.facebook.com\/VisitRogatec\/","https:\/\/www.instagram.com\/visitrogatec\/","https:\/\/www.youtube.com\/channel\/UC0j4SRaLd9oSppR8hwVd5tw"]}]}},"uagb_featured_image_src":{"full":false,"thumbnail":false,"medium":false,"medium_large":false,"large":false,"1536x1536":false,"2048x2048":false,"XXS":false,"XS":false,"S":false,"M":false,"L":false,"XL":false},"uagb_author_info":{"display_name":"Ob\u010dina Rogatec","author_link":"https:\/\/obcina.rogatec.si\/author\/vedran72\/"},"uagb_comment_info":0,"uagb_excerpt":"Uradno pre\u010di\u0161\u010deno besedilo","_links":{"self":[{"href":"https:\/\/obcina.rogatec.si\/wp-json\/wp\/v2\/pages\/863","targetHints":{"allow":["GET"]}}],"collection":[{"href":"https:\/\/obcina.rogatec.si\/wp-json\/wp\/v2\/pages"}],"about":[{"href":"https:\/\/obcina.rogatec.si\/wp-json\/wp\/v2\/types\/page"}],"author":[{"embeddable":true,"href":"https:\/\/obcina.rogatec.si\/wp-json\/wp\/v2\/users\/1"}],"replies":[{"embeddable":true,"href":"https:\/\/obcina.rogatec.si\/wp-json\/wp\/v2\/comments?post=863"}],"version-history":[{"count":8,"href":"https:\/\/obcina.rogatec.si\/wp-json\/wp\/v2\/pages\/863\/revisions"}],"predecessor-version":[{"id":503688,"href":"https:\/\/obcina.rogatec.si\/wp-json\/wp\/v2\/pages\/863\/revisions\/503688"}],"up":[{"embeddable":true,"href":"https:\/\/obcina.rogatec.si\/wp-json\/wp\/v2\/pages\/105"}],"wp:attachment":[{"href":"https:\/\/obcina.rogatec.si\/wp-json\/wp\/v2\/media?parent=863"}],"curies":[{"name":"wp","href":"https:\/\/api.w.org\/{rel}","templated":true}]}}