{"id":844,"date":"2014-01-06T04:18:28","date_gmt":"2014-01-06T04:18:28","guid":{"rendered":"https:\/\/obcina.rogatec.si\/?page_id=844"},"modified":"2026-01-06T09:32:36","modified_gmt":"2026-01-06T08:32:36","slug":"gospodarske-javne-sluzbe","status":"publish","type":"page","link":"https:\/\/obcina.rogatec.si\/gospodarstvo\/gospodarske-javne-sluzbe\/","title":{"rendered":"Gospodarske javne slu\u017ebe"},"content":{"rendered":"<p><b>GOSPODARSKE JAVNE SLU\u017dBE<\/b><\/p>\n<p><b>\u00a0<\/b><\/p>\n<p>Zakon o gospodarskih javnih slu\u017ebah (Uradni list RS, \u0161t. 32\/93, 30\/98, 127\/06, 38\/10 \u2013 ZUKN, 57\/11) dolo\u010da na\u010din in oblike izvajanja gospodarskih javnih slu\u017eb. Kot lokalne gospodarske javne slu\u017ebe se opravljajo dejavnosti, ki so z zakonom dolo\u010dene kot obvezne lokalne gospodarske javne slu\u017ebe in dejavnosti, ki so kot izbirne lokalne gospodarske javne slu\u017ebe dolo\u010dene\u00a0z Odlokom o gospodarskih javnih slu\u017ebah v Ob\u010dini Rogatec (Uradni list RS, \u0161t. 21\/96 in 14\/00).<\/p>\n<p>Kontaktni podatki izvajalcev gospodarskih javnih slu\u017eb<\/p>\n<p><b>\u00a0<\/b><\/p>\n<p><a href=\"http:\/\/www.okp.si\/\"><b>OKP Roga\u0161ka Slatina, d.o.o.<\/b><\/a><\/p>\n<p>Javno podjetje izvaja javne gospodarske slu\u017ebe za oskrbo s pitno vodo, odvajanje in \u010di\u0161\u010denje komunalne in padavinske odpadne vode, zbiranje komunalnih odpadkov, prevoz komunalnih odpadkov, obdelava me\u0161anih komunalnih odpadkov, odlaganje ostankov predelave ali odstranjevanja komunalnih odpadkov.<\/p>\n<p>OKP Roga\u0161ka Slatina, d.o.o.<\/p>\n<ul>\n<li>Naslov: Celjska cesta 12, 3250 Roga\u0161ka Slatina<\/li>\n<li>Telefon: (03) 812 14 18,\u00a0(03) 812 14 00<\/li>\n<li>Telefaks: (03) 812 14 15<\/li>\n<li>Brezpla\u010dna telefonska \u0161tevilka &#8211; odvoz: 080-12-09<\/li>\n<li>Elektronski naslov: <a href=\"mailto:tajnistvo@okp.si\">tajnistvo@okp.si<\/a><\/li>\n<\/ul>\n<p><b>\u00a0<\/b><\/p>\n<p><b>GEKOTT d.o.o.<\/b><\/p>\n<p>Gekott d.o.o. je koncesionar, ki izvaja ob\u010dinsko javno slu\u017ebo upravljanja s pokopali\u0161\u010di, urejanje ter vzdr\u017eevanje pokopali\u0161\u010d in pogrebne storitve na pokopali\u0161\u010dih Rogatec, Sv. Rok in Sv. Jurij.<\/p>\n<p>GEKOTT d.o.o.<\/p>\n<ul>\n<li>Naslov: Pre\u0161ernova ulica 5, 3240 \u0160marje pri Jel\u0161ah<\/li>\n<li>Telefon: (03) 810-11-11<\/li>\n<li>GSM: 041\/653\u00a0299<\/li>\n<\/ul>\n<p><a href=\"https:\/\/obcina.rogatec.si\/wp-content\/uploads\/2014\/01\/Sklep-cene-pok.in-pog.storitev.pdf\">CENE pokopali\u0161kih in pogrebnih storitev ter vi\u0161ina najemnine za grobove<\/a><\/p>\n<p><b>\u00a0<\/b><\/p>\n<p style=\"font-weight: 400;\"><strong>Zaveti\u0161\u010de za male \u017eivali\u00a0<\/strong><\/p>\n<p><strong>Zonzani d. o. o.<\/strong>, veterinarstvo, oskrba in nega ter hotel za hi\u0161ne \u017eivali<\/p>\n<p>Naslov: Jarmovec 5, 3222 Dramlje<br \/>\n<strong>Tel:<\/strong>\u00a003 749 0600<br \/>\n<strong>E-mail:<\/strong>\u00a0info@zonzani.si<\/p>\n<p style=\"font-weight: 400;\">Na podlagi Zakona o za\u0161\u010diti \u017eivali skrbi ob\u010dina za namestitev in oskrbo zapu\u0161\u010denih \u017eivali. To izvaja v sodelovanju z Zonzani d.o.o..<\/p>\n<p>&nbsp;<\/p>\n<p><b>Skupni or<\/b><b>gan ob\u010dinske uprave za civilno za\u0161\u010dito in po\u017earno varnost<\/b><\/p>\n<ul>\n<li>Naslov: Ob\u010dina \u0160marje pri Jel\u0161ah, A\u0161ker\u010dev trg 11, 3240 \u0160marju pri Jel\u0161ah<\/li>\n<li>Telefon: (03) 810-12-31; (03) 817-16-30<\/li>\n<li>Telefaks: (03) 810-12-32<\/li>\n<li>Uslu\u017ebenec za podro\u010dje civilne za\u0161\u010dite: Rok \u010cak\u0161; GSM: 031 306 890<\/li>\n<li>Uslu\u017ebenec za podro\u010dje po\u017earne varnosti: Bojan Hrepevnik; GSM: 041 793 852<\/li>\n<li>Elektronski naslov: <a href=\"mailto:gz-smarje@siol.net\">gz-smarje@siol.net<\/a><\/li>\n<\/ul>\n<p><b>\u00a0<\/b><\/p>\n<p><b>PETROL d.d.<\/b><\/p>\n<p>Za opravljanje gospodarske javne slu\u017ebe dejavnost operaterja distribucijskega sistema zemeljskega plina na obmo\u010dju Ob\u010dine Rogatec je podeljena koncesija za dobo 35 let, to je do 25.1.2036.<\/p>\n<p>Petrol d.d.<\/p>\n<ul>\n<li>Naslov: Dunajska cesta 50, 1527 Ljubljana\n<ul>\n<li>Telefon: 01 47 14 234<\/li>\n<\/ul>\n<\/li>\n<\/ul>\n<p>&nbsp;<\/p>\n<p>De\u017eurna slu\u017eba:<\/p>\n<p>HUMPLIN d.o.o.<br \/>\nHum na Sutli<br \/>\nLastine 1<\/p>\n<p>De\u017eurna \u0161tevilka (dosegljiva 24\/365)&#8230;&#8230;.00 385 49 340 778<\/p>\n<p>&nbsp;<\/p>\n<p><strong>Dimnikarska slu\u017eba na obmo\u010dju Ob\u010dine Rogatec<\/strong><\/p>\n<p>Uporabniki lahko dimnikarsko dru\u017ebo izberejo iz seznama dru\u017eb, ki ga je objavilo Ministrstvo za okolje in prostor- <a href=\"https:\/\/obcina.rogatec.si\/wp-content\/uploads\/2017\/01\/seznama_za_objavo_190117.xlsx\">seznam.<\/a><\/p>\n<p>Uporabnik iz seznama izbere dimnikarsko dru\u017ebo za opravljanje dimnikarskih storitev na njegovi kurilni napravi. To dolo\u010da zakon, ki pravi, da uporabnik dimnikarskih storitev iz seznama dimnikarskih dru\u017eb, objavljenega na spletni strani ministrstva, najkasneje do 30. junija 2017, izbere dimnikarsko dru\u017ebo za opravljanje dimnikarskih storitev na svoji mali kurilni napravi za obdobje najmanj 12 mesecev.<\/p>\n<p>V primeru, \u010de uporabnik ne izbere dimnikarske dru\u017ebe do 30. junija 2017, se \u0161teje, da je izbral izvajalca, ki je na dan 31. decembra 2016 opravljal obvezno dr\u017eavno gospodarsko javno slu\u017ebo izvajanja meritev, pregledovanja in \u010di\u0161\u010denja kurilnih naprav, dimnih vodov in zra\u010dnikov zaradi varstva okolja in u\u010dinkovite rabe energije, varstva \u010dlovekovega zdravja in varstva pred po\u017earom na obmo\u010dju, na katerem se nahaja njegova mala kurilna naprava, pod pogojem, da je ta izvajalec pridobil dovoljenje za opravljanje dimnikarskih storitev. To pomeni, da v primeru ne-izbire (uporabnik ne izbere dimnikarske dru\u017ebe do 30.6.2017) za uporabnika od 1.7.2017 do 30.6.2018 izvaja dimnikarske storitve dosedanji koncesionar, \u010de izpolnjuje z zakonom predpisane pogoje. To pomeni, da ima dru\u017eba dovoljenje in da za to dru\u017ebo dela dimnikar z licenco.<\/p>\n<p>Dodatna pojasnila &#8211; <a href=\"http:\/\/www.mop.gov.si\/si\/delovna_podrocja\/dimnikarska_dejavnost\/dodatna_pojasnila_o_zakonu_o_dimnikarskih_storitvah\/\">link<\/a><\/p>\n<p>&nbsp;<\/p>\n<p>&nbsp;<\/p>\n<p>&nbsp;<\/p>\n<p>&nbsp;<\/p>\n<p>&nbsp;<\/p>\n","protected":false},"excerpt":{"rendered":"<p>GOSPODARSKE JAVNE SLU\u017dBE \u00a0 Zakon o gospodarskih javnih slu\u017ebah (Uradni list RS, \u0161t. 32\/93, 30\/98, 127\/06, 38\/10 \u2013 ZUKN, 57\/11) dolo\u010da na\u010din in oblike izvajanja gospodarskih javnih slu\u017eb. Kot lokalne gospodarske javne slu\u017ebe se opravljajo dejavnosti, ki so z zakonom dolo\u010dene kot obvezne lokalne gospodarske javne slu\u017ebe in dejavnosti, ki so kot izbirne lokalne gospodarske [&hellip;]<\/p>\n","protected":false},"author":1,"featured_media":0,"parent":177,"menu_order":4,"comment_status":"closed","ping_status":"closed","template":"","meta":{"_uag_custom_page_level_css":"","footnotes":""},"class_list":["post-844","page","type-page","status-publish","hentry"],"yoast_head":"<!-- This site is optimized with the Yoast SEO plugin v27.2 - https:\/\/yoast.com\/product\/yoast-seo-wordpress\/ -->\n<title>Gospodarske javne slu\u017ebe - Ob\u010dina Rogatec<\/title>\n<meta name=\"robots\" content=\"index, follow, max-snippet:-1, max-image-preview:large, max-video-preview:-1\" \/>\n<link rel=\"canonical\" href=\"https:\/\/obcina.rogatec.si\/gospodarstvo\/gospodarske-javne-sluzbe\/\" \/>\n<meta property=\"og:locale\" content=\"sl_SI\" \/>\n<meta property=\"og:type\" content=\"article\" \/>\n<meta property=\"og:title\" content=\"Gospodarske javne slu\u017ebe - Ob\u010dina Rogatec\" \/>\n<meta property=\"og:description\" content=\"GOSPODARSKE JAVNE SLU\u017dBE \u00a0 Zakon o gospodarskih javnih slu\u017ebah (Uradni list RS, \u0161t. 32\/93, 30\/98, 127\/06, 38\/10 \u2013 ZUKN, 57\/11) dolo\u010da na\u010din in oblike izvajanja gospodarskih javnih slu\u017eb. Kot lokalne gospodarske javne slu\u017ebe se opravljajo dejavnosti, ki so z zakonom dolo\u010dene kot obvezne lokalne gospodarske javne slu\u017ebe in dejavnosti, ki so kot izbirne lokalne gospodarske [&hellip;]\" \/>\n<meta property=\"og:url\" content=\"https:\/\/obcina.rogatec.si\/gospodarstvo\/gospodarske-javne-sluzbe\/\" \/>\n<meta property=\"og:site_name\" content=\"Ob\u010dina Rogatec\" \/>\n<meta property=\"article:publisher\" content=\"https:\/\/www.facebook.com\/VisitRogatec\/\" \/>\n<meta property=\"article:modified_time\" content=\"2026-01-06T08:32:36+00:00\" \/>\n<meta property=\"og:image\" content=\"https:\/\/obcina.rogatec.si\/wp-content\/uploads\/2013\/10\/MUZEJ-NA-PROSTEM-ROGATEC.jpg\" \/>\n\t<meta property=\"og:image:width\" content=\"1900\" \/>\n\t<meta property=\"og:image:height\" content=\"1262\" \/>\n\t<meta property=\"og:image:type\" content=\"image\/jpeg\" \/>\n<meta name=\"twitter:card\" content=\"summary_large_image\" \/>\n<meta name=\"twitter:label1\" content=\"Est. reading time\" \/>\n\t<meta name=\"twitter:data1\" content=\"4 minute\" \/>\n<script type=\"application\/ld+json\" class=\"yoast-schema-graph\">{\"@context\":\"https:\/\/schema.org\",\"@graph\":[{\"@type\":\"WebPage\",\"@id\":\"https:\/\/obcina.rogatec.si\/gospodarstvo\/gospodarske-javne-sluzbe\/\",\"url\":\"https:\/\/obcina.rogatec.si\/gospodarstvo\/gospodarske-javne-sluzbe\/\",\"name\":\"Gospodarske javne slu\u017ebe - Ob\u010dina Rogatec\",\"isPartOf\":{\"@id\":\"https:\/\/obcina.rogatec.si\/#website\"},\"datePublished\":\"2014-01-06T04:18:28+00:00\",\"dateModified\":\"2026-01-06T08:32:36+00:00\",\"breadcrumb\":{\"@id\":\"https:\/\/obcina.rogatec.si\/gospodarstvo\/gospodarske-javne-sluzbe\/#breadcrumb\"},\"inLanguage\":\"sl-SI\",\"potentialAction\":[{\"@type\":\"ReadAction\",\"target\":[\"https:\/\/obcina.rogatec.si\/gospodarstvo\/gospodarske-javne-sluzbe\/\"]}]},{\"@type\":\"BreadcrumbList\",\"@id\":\"https:\/\/obcina.rogatec.si\/gospodarstvo\/gospodarske-javne-sluzbe\/#breadcrumb\",\"itemListElement\":[{\"@type\":\"ListItem\",\"position\":1,\"name\":\"Domov\",\"item\":\"https:\/\/obcina.rogatec.si\/\"},{\"@type\":\"ListItem\",\"position\":2,\"name\":\"Gospodarstvo\",\"item\":\"https:\/\/obcina.rogatec.si\/gospodarstvo\/\"},{\"@type\":\"ListItem\",\"position\":3,\"name\":\"Gospodarske javne slu\u017ebe\"}]},{\"@type\":\"WebSite\",\"@id\":\"https:\/\/obcina.rogatec.si\/#website\",\"url\":\"https:\/\/obcina.rogatec.si\/\",\"name\":\"Ob\u010dina Rogatec\",\"description\":\"Uradni spletni portal Ob\u010dine Rogatec\",\"publisher\":{\"@id\":\"https:\/\/obcina.rogatec.si\/#organization\"},\"potentialAction\":[{\"@type\":\"SearchAction\",\"target\":{\"@type\":\"EntryPoint\",\"urlTemplate\":\"https:\/\/obcina.rogatec.si\/?s={search_term_string}\"},\"query-input\":{\"@type\":\"PropertyValueSpecification\",\"valueRequired\":true,\"valueName\":\"search_term_string\"}}],\"inLanguage\":\"sl-SI\"},{\"@type\":\"Organization\",\"@id\":\"https:\/\/obcina.rogatec.si\/#organization\",\"name\":\"Ob\u010dina Rogatec\",\"url\":\"https:\/\/obcina.rogatec.si\/\",\"logo\":{\"@type\":\"ImageObject\",\"inLanguage\":\"sl-SI\",\"@id\":\"https:\/\/obcina.rogatec.si\/#\/schema\/logo\/image\/\",\"url\":\"https:\/\/obcina.rogatec.si\/wp-content\/uploads\/2021\/01\/ObcinaRogatec_col.png\",\"contentUrl\":\"https:\/\/obcina.rogatec.si\/wp-content\/uploads\/2021\/01\/ObcinaRogatec_col.png\",\"width\":275,\"height\":100,\"caption\":\"Ob\u010dina Rogatec\"},\"image\":{\"@id\":\"https:\/\/obcina.rogatec.si\/#\/schema\/logo\/image\/\"},\"sameAs\":[\"https:\/\/www.facebook.com\/VisitRogatec\/\",\"https:\/\/www.instagram.com\/visitrogatec\/\",\"https:\/\/www.youtube.com\/channel\/UC0j4SRaLd9oSppR8hwVd5tw\"]}]}<\/script>\n<!-- \/ Yoast SEO plugin. -->","yoast_head_json":{"title":"Gospodarske javne slu\u017ebe - Ob\u010dina Rogatec","robots":{"index":"index","follow":"follow","max-snippet":"max-snippet:-1","max-image-preview":"max-image-preview:large","max-video-preview":"max-video-preview:-1"},"canonical":"https:\/\/obcina.rogatec.si\/gospodarstvo\/gospodarske-javne-sluzbe\/","og_locale":"sl_SI","og_type":"article","og_title":"Gospodarske javne slu\u017ebe - Ob\u010dina Rogatec","og_description":"GOSPODARSKE JAVNE SLU\u017dBE \u00a0 Zakon o gospodarskih javnih slu\u017ebah (Uradni list RS, \u0161t. 32\/93, 30\/98, 127\/06, 38\/10 \u2013 ZUKN, 57\/11) dolo\u010da na\u010din in oblike izvajanja gospodarskih javnih slu\u017eb. Kot lokalne gospodarske javne slu\u017ebe se opravljajo dejavnosti, ki so z zakonom dolo\u010dene kot obvezne lokalne gospodarske javne slu\u017ebe in dejavnosti, ki so kot izbirne lokalne gospodarske [&hellip;]","og_url":"https:\/\/obcina.rogatec.si\/gospodarstvo\/gospodarske-javne-sluzbe\/","og_site_name":"Ob\u010dina Rogatec","article_publisher":"https:\/\/www.facebook.com\/VisitRogatec\/","article_modified_time":"2026-01-06T08:32:36+00:00","og_image":[{"width":1900,"height":1262,"url":"https:\/\/obcina.rogatec.si\/wp-content\/uploads\/2013\/10\/MUZEJ-NA-PROSTEM-ROGATEC.jpg","type":"image\/jpeg"}],"twitter_card":"summary_large_image","twitter_misc":{"Est. reading time":"4 minute"},"schema":{"@context":"https:\/\/schema.org","@graph":[{"@type":"WebPage","@id":"https:\/\/obcina.rogatec.si\/gospodarstvo\/gospodarske-javne-sluzbe\/","url":"https:\/\/obcina.rogatec.si\/gospodarstvo\/gospodarske-javne-sluzbe\/","name":"Gospodarske javne slu\u017ebe - Ob\u010dina Rogatec","isPartOf":{"@id":"https:\/\/obcina.rogatec.si\/#website"},"datePublished":"2014-01-06T04:18:28+00:00","dateModified":"2026-01-06T08:32:36+00:00","breadcrumb":{"@id":"https:\/\/obcina.rogatec.si\/gospodarstvo\/gospodarske-javne-sluzbe\/#breadcrumb"},"inLanguage":"sl-SI","potentialAction":[{"@type":"ReadAction","target":["https:\/\/obcina.rogatec.si\/gospodarstvo\/gospodarske-javne-sluzbe\/"]}]},{"@type":"BreadcrumbList","@id":"https:\/\/obcina.rogatec.si\/gospodarstvo\/gospodarske-javne-sluzbe\/#breadcrumb","itemListElement":[{"@type":"ListItem","position":1,"name":"Domov","item":"https:\/\/obcina.rogatec.si\/"},{"@type":"ListItem","position":2,"name":"Gospodarstvo","item":"https:\/\/obcina.rogatec.si\/gospodarstvo\/"},{"@type":"ListItem","position":3,"name":"Gospodarske javne slu\u017ebe"}]},{"@type":"WebSite","@id":"https:\/\/obcina.rogatec.si\/#website","url":"https:\/\/obcina.rogatec.si\/","name":"Ob\u010dina Rogatec","description":"Uradni spletni portal Ob\u010dine Rogatec","publisher":{"@id":"https:\/\/obcina.rogatec.si\/#organization"},"potentialAction":[{"@type":"SearchAction","target":{"@type":"EntryPoint","urlTemplate":"https:\/\/obcina.rogatec.si\/?s={search_term_string}"},"query-input":{"@type":"PropertyValueSpecification","valueRequired":true,"valueName":"search_term_string"}}],"inLanguage":"sl-SI"},{"@type":"Organization","@id":"https:\/\/obcina.rogatec.si\/#organization","name":"Ob\u010dina Rogatec","url":"https:\/\/obcina.rogatec.si\/","logo":{"@type":"ImageObject","inLanguage":"sl-SI","@id":"https:\/\/obcina.rogatec.si\/#\/schema\/logo\/image\/","url":"https:\/\/obcina.rogatec.si\/wp-content\/uploads\/2021\/01\/ObcinaRogatec_col.png","contentUrl":"https:\/\/obcina.rogatec.si\/wp-content\/uploads\/2021\/01\/ObcinaRogatec_col.png","width":275,"height":100,"caption":"Ob\u010dina Rogatec"},"image":{"@id":"https:\/\/obcina.rogatec.si\/#\/schema\/logo\/image\/"},"sameAs":["https:\/\/www.facebook.com\/VisitRogatec\/","https:\/\/www.instagram.com\/visitrogatec\/","https:\/\/www.youtube.com\/channel\/UC0j4SRaLd9oSppR8hwVd5tw"]}]}},"uagb_featured_image_src":{"full":false,"thumbnail":false,"medium":false,"medium_large":false,"large":false,"1536x1536":false,"2048x2048":false,"XXS":false,"XS":false,"S":false,"M":false,"L":false,"XL":false},"uagb_author_info":{"display_name":"Ob\u010dina Rogatec","author_link":"https:\/\/obcina.rogatec.si\/author\/vedran72\/"},"uagb_comment_info":0,"uagb_excerpt":"GOSPODARSKE JAVNE SLU\u017dBE \u00a0 Zakon o gospodarskih javnih slu\u017ebah (Uradni list RS, \u0161t. 32\/93, 30\/98, 127\/06, 38\/10 \u2013 ZUKN, 57\/11) dolo\u010da na\u010din in oblike izvajanja gospodarskih javnih slu\u017eb. Kot lokalne gospodarske javne slu\u017ebe se opravljajo dejavnosti, ki so z zakonom dolo\u010dene kot obvezne lokalne gospodarske javne slu\u017ebe in dejavnosti, ki so kot izbirne lokalne gospodarske&hellip;","_links":{"self":[{"href":"https:\/\/obcina.rogatec.si\/wp-json\/wp\/v2\/pages\/844","targetHints":{"allow":["GET"]}}],"collection":[{"href":"https:\/\/obcina.rogatec.si\/wp-json\/wp\/v2\/pages"}],"about":[{"href":"https:\/\/obcina.rogatec.si\/wp-json\/wp\/v2\/types\/page"}],"author":[{"embeddable":true,"href":"https:\/\/obcina.rogatec.si\/wp-json\/wp\/v2\/users\/1"}],"replies":[{"embeddable":true,"href":"https:\/\/obcina.rogatec.si\/wp-json\/wp\/v2\/comments?post=844"}],"version-history":[{"count":22,"href":"https:\/\/obcina.rogatec.si\/wp-json\/wp\/v2\/pages\/844\/revisions"}],"predecessor-version":[{"id":510518,"href":"https:\/\/obcina.rogatec.si\/wp-json\/wp\/v2\/pages\/844\/revisions\/510518"}],"up":[{"embeddable":true,"href":"https:\/\/obcina.rogatec.si\/wp-json\/wp\/v2\/pages\/177"}],"wp:attachment":[{"href":"https:\/\/obcina.rogatec.si\/wp-json\/wp\/v2\/media?parent=844"}],"curies":[{"name":"wp","href":"https:\/\/api.w.org\/{rel}","templated":true}]}}