{"id":842,"date":"2014-01-06T04:18:15","date_gmt":"2014-01-06T04:18:15","guid":{"rendered":"https:\/\/obcina.rogatec.si\/?page_id=842"},"modified":"2024-11-13T12:17:19","modified_gmt":"2024-11-13T11:17:19","slug":"stanovanjsko-podrocje","status":"publish","type":"page","link":"https:\/\/obcina.rogatec.si\/gospodarstvo\/stanovanjsko-podrocje\/","title":{"rendered":"Stanovanjsko podro\u010dje"},"content":{"rendered":"<p>Ob\u010dina Rogatec razpolaga s 34 stanovanjskimi enotami, ki se prete\u017eno nahajajo v ve\u010dstanovanjskih stavbah v Rogatcu. V upravljanju ima tudi 6 stanovanj, ki so v lasti podjetja Vetropack Stra\u017ea d.d.\u00a0 Skladno z dolo\u010dili Stanovanjskega zakona ima Ob\u010dina Rogatec sklenjeno pogodbo o izvajanju stanovanjskih storitev s podjetjem STANINVEST, dru\u017eba za poslovanje z nepremi\u010dninami d.o.o., s sede\u017eem Gregor\u010di\u010deva ulica 19, 2000 Maribor. Imenovano podjetje opravlja delo upravljavca v ve\u010dstanovanjskih stavbah, kjer se nahajajo stanovanja v lasti Ob\u010dine. Podjetje Staninvest d.o.o. zastopa ob\u010dino v vseh zadevah, povezanih z upravljanjem ob\u010dinskih stanovanj \u2013 izvaja upravno-administrativna, finan\u010dno-ra\u010dunovodska, pravna ter tehni\u010dna in druga opravila.<\/p>\n<p>Kontakt:<br \/>\nSTANINVEST, dru\u017eba za poslovanje z nepremi\u010dninami d.o.o.<br \/>\nGregor\u010di\u010deva ulica 19, 2000 Maribor<br \/>\nTelefon:\u00a0 051\/257-333<\/p>\n<p>Email: staninvest@skupina.pro<\/p>\n<p>Zagotovljena je tudi lokalna izpostava v Roga\u0161ki Slatini, Kidri\u010deva ulica 28 \u2013 v stavbi Avto\u0161ole Prah. Kontaktna oseba : Ale\u0161 Veli\u010dkovi\u0107,\u00a0 tel. \u0161t. 041\/441-501.<\/p>\n<p>&nbsp;<\/p>\n<p>&nbsp;<\/p>\n","protected":false},"excerpt":{"rendered":"<p>Ob\u010dina Rogatec razpolaga s 34 stanovanjskimi enotami, ki se prete\u017eno nahajajo v ve\u010dstanovanjskih stavbah v Rogatcu. V upravljanju ima tudi 6 stanovanj, ki so v lasti podjetja Vetropack Stra\u017ea d.d.\u00a0 Skladno z dolo\u010dili Stanovanjskega zakona ima Ob\u010dina Rogatec sklenjeno pogodbo o izvajanju stanovanjskih storitev s podjetjem STANINVEST, dru\u017eba za poslovanje z nepremi\u010dninami d.o.o., s sede\u017eem [&hellip;]<\/p>\n","protected":false},"author":1,"featured_media":0,"parent":177,"menu_order":3,"comment_status":"closed","ping_status":"closed","template":"","meta":{"_uag_custom_page_level_css":"","footnotes":""},"class_list":["post-842","page","type-page","status-publish","hentry"],"yoast_head":"<!-- This site is optimized with the Yoast SEO plugin v27.2 - https:\/\/yoast.com\/product\/yoast-seo-wordpress\/ -->\n<title>Stanovanjsko podro\u010dje - Ob\u010dina Rogatec<\/title>\n<meta name=\"robots\" content=\"index, follow, max-snippet:-1, max-image-preview:large, max-video-preview:-1\" \/>\n<link rel=\"canonical\" href=\"https:\/\/obcina.rogatec.si\/gospodarstvo\/stanovanjsko-podrocje\/\" \/>\n<meta property=\"og:locale\" content=\"sl_SI\" \/>\n<meta property=\"og:type\" content=\"article\" \/>\n<meta property=\"og:title\" content=\"Stanovanjsko podro\u010dje - Ob\u010dina Rogatec\" \/>\n<meta property=\"og:description\" content=\"Ob\u010dina Rogatec razpolaga s 34 stanovanjskimi enotami, ki se prete\u017eno nahajajo v ve\u010dstanovanjskih stavbah v Rogatcu. V upravljanju ima tudi 6 stanovanj, ki so v lasti podjetja Vetropack Stra\u017ea d.d.\u00a0 Skladno z dolo\u010dili Stanovanjskega zakona ima Ob\u010dina Rogatec sklenjeno pogodbo o izvajanju stanovanjskih storitev s podjetjem STANINVEST, dru\u017eba za poslovanje z nepremi\u010dninami d.o.o., s sede\u017eem [&hellip;]\" \/>\n<meta property=\"og:url\" content=\"https:\/\/obcina.rogatec.si\/gospodarstvo\/stanovanjsko-podrocje\/\" \/>\n<meta property=\"og:site_name\" content=\"Ob\u010dina Rogatec\" \/>\n<meta property=\"article:publisher\" content=\"https:\/\/www.facebook.com\/VisitRogatec\/\" \/>\n<meta property=\"article:modified_time\" content=\"2024-11-13T11:17:19+00:00\" \/>\n<meta property=\"og:image\" content=\"https:\/\/obcina.rogatec.si\/wp-content\/uploads\/2013\/10\/MUZEJ-NA-PROSTEM-ROGATEC.jpg\" \/>\n\t<meta property=\"og:image:width\" content=\"1900\" \/>\n\t<meta property=\"og:image:height\" content=\"1262\" \/>\n\t<meta property=\"og:image:type\" content=\"image\/jpeg\" \/>\n<meta name=\"twitter:card\" content=\"summary_large_image\" \/>\n<meta name=\"twitter:label1\" content=\"Est. reading time\" \/>\n\t<meta name=\"twitter:data1\" content=\"1 minuta\" \/>\n<script type=\"application\/ld+json\" class=\"yoast-schema-graph\">{\"@context\":\"https:\/\/schema.org\",\"@graph\":[{\"@type\":\"WebPage\",\"@id\":\"https:\/\/obcina.rogatec.si\/gospodarstvo\/stanovanjsko-podrocje\/\",\"url\":\"https:\/\/obcina.rogatec.si\/gospodarstvo\/stanovanjsko-podrocje\/\",\"name\":\"Stanovanjsko podro\u010dje - Ob\u010dina Rogatec\",\"isPartOf\":{\"@id\":\"https:\/\/obcina.rogatec.si\/#website\"},\"datePublished\":\"2014-01-06T04:18:15+00:00\",\"dateModified\":\"2024-11-13T11:17:19+00:00\",\"breadcrumb\":{\"@id\":\"https:\/\/obcina.rogatec.si\/gospodarstvo\/stanovanjsko-podrocje\/#breadcrumb\"},\"inLanguage\":\"sl-SI\",\"potentialAction\":[{\"@type\":\"ReadAction\",\"target\":[\"https:\/\/obcina.rogatec.si\/gospodarstvo\/stanovanjsko-podrocje\/\"]}]},{\"@type\":\"BreadcrumbList\",\"@id\":\"https:\/\/obcina.rogatec.si\/gospodarstvo\/stanovanjsko-podrocje\/#breadcrumb\",\"itemListElement\":[{\"@type\":\"ListItem\",\"position\":1,\"name\":\"Domov\",\"item\":\"https:\/\/obcina.rogatec.si\/\"},{\"@type\":\"ListItem\",\"position\":2,\"name\":\"Gospodarstvo\",\"item\":\"https:\/\/obcina.rogatec.si\/gospodarstvo\/\"},{\"@type\":\"ListItem\",\"position\":3,\"name\":\"Stanovanjsko podro\u010dje\"}]},{\"@type\":\"WebSite\",\"@id\":\"https:\/\/obcina.rogatec.si\/#website\",\"url\":\"https:\/\/obcina.rogatec.si\/\",\"name\":\"Ob\u010dina Rogatec\",\"description\":\"Uradni spletni portal Ob\u010dine Rogatec\",\"publisher\":{\"@id\":\"https:\/\/obcina.rogatec.si\/#organization\"},\"potentialAction\":[{\"@type\":\"SearchAction\",\"target\":{\"@type\":\"EntryPoint\",\"urlTemplate\":\"https:\/\/obcina.rogatec.si\/?s={search_term_string}\"},\"query-input\":{\"@type\":\"PropertyValueSpecification\",\"valueRequired\":true,\"valueName\":\"search_term_string\"}}],\"inLanguage\":\"sl-SI\"},{\"@type\":\"Organization\",\"@id\":\"https:\/\/obcina.rogatec.si\/#organization\",\"name\":\"Ob\u010dina Rogatec\",\"url\":\"https:\/\/obcina.rogatec.si\/\",\"logo\":{\"@type\":\"ImageObject\",\"inLanguage\":\"sl-SI\",\"@id\":\"https:\/\/obcina.rogatec.si\/#\/schema\/logo\/image\/\",\"url\":\"https:\/\/obcina.rogatec.si\/wp-content\/uploads\/2021\/01\/ObcinaRogatec_col.png\",\"contentUrl\":\"https:\/\/obcina.rogatec.si\/wp-content\/uploads\/2021\/01\/ObcinaRogatec_col.png\",\"width\":275,\"height\":100,\"caption\":\"Ob\u010dina Rogatec\"},\"image\":{\"@id\":\"https:\/\/obcina.rogatec.si\/#\/schema\/logo\/image\/\"},\"sameAs\":[\"https:\/\/www.facebook.com\/VisitRogatec\/\",\"https:\/\/www.instagram.com\/visitrogatec\/\",\"https:\/\/www.youtube.com\/channel\/UC0j4SRaLd9oSppR8hwVd5tw\"]}]}<\/script>\n<!-- \/ Yoast SEO plugin. -->","yoast_head_json":{"title":"Stanovanjsko podro\u010dje - Ob\u010dina Rogatec","robots":{"index":"index","follow":"follow","max-snippet":"max-snippet:-1","max-image-preview":"max-image-preview:large","max-video-preview":"max-video-preview:-1"},"canonical":"https:\/\/obcina.rogatec.si\/gospodarstvo\/stanovanjsko-podrocje\/","og_locale":"sl_SI","og_type":"article","og_title":"Stanovanjsko podro\u010dje - Ob\u010dina Rogatec","og_description":"Ob\u010dina Rogatec razpolaga s 34 stanovanjskimi enotami, ki se prete\u017eno nahajajo v ve\u010dstanovanjskih stavbah v Rogatcu. V upravljanju ima tudi 6 stanovanj, ki so v lasti podjetja Vetropack Stra\u017ea d.d.\u00a0 Skladno z dolo\u010dili Stanovanjskega zakona ima Ob\u010dina Rogatec sklenjeno pogodbo o izvajanju stanovanjskih storitev s podjetjem STANINVEST, dru\u017eba za poslovanje z nepremi\u010dninami d.o.o., s sede\u017eem [&hellip;]","og_url":"https:\/\/obcina.rogatec.si\/gospodarstvo\/stanovanjsko-podrocje\/","og_site_name":"Ob\u010dina Rogatec","article_publisher":"https:\/\/www.facebook.com\/VisitRogatec\/","article_modified_time":"2024-11-13T11:17:19+00:00","og_image":[{"width":1900,"height":1262,"url":"https:\/\/obcina.rogatec.si\/wp-content\/uploads\/2013\/10\/MUZEJ-NA-PROSTEM-ROGATEC.jpg","type":"image\/jpeg"}],"twitter_card":"summary_large_image","twitter_misc":{"Est. reading time":"1 minuta"},"schema":{"@context":"https:\/\/schema.org","@graph":[{"@type":"WebPage","@id":"https:\/\/obcina.rogatec.si\/gospodarstvo\/stanovanjsko-podrocje\/","url":"https:\/\/obcina.rogatec.si\/gospodarstvo\/stanovanjsko-podrocje\/","name":"Stanovanjsko podro\u010dje - Ob\u010dina Rogatec","isPartOf":{"@id":"https:\/\/obcina.rogatec.si\/#website"},"datePublished":"2014-01-06T04:18:15+00:00","dateModified":"2024-11-13T11:17:19+00:00","breadcrumb":{"@id":"https:\/\/obcina.rogatec.si\/gospodarstvo\/stanovanjsko-podrocje\/#breadcrumb"},"inLanguage":"sl-SI","potentialAction":[{"@type":"ReadAction","target":["https:\/\/obcina.rogatec.si\/gospodarstvo\/stanovanjsko-podrocje\/"]}]},{"@type":"BreadcrumbList","@id":"https:\/\/obcina.rogatec.si\/gospodarstvo\/stanovanjsko-podrocje\/#breadcrumb","itemListElement":[{"@type":"ListItem","position":1,"name":"Domov","item":"https:\/\/obcina.rogatec.si\/"},{"@type":"ListItem","position":2,"name":"Gospodarstvo","item":"https:\/\/obcina.rogatec.si\/gospodarstvo\/"},{"@type":"ListItem","position":3,"name":"Stanovanjsko podro\u010dje"}]},{"@type":"WebSite","@id":"https:\/\/obcina.rogatec.si\/#website","url":"https:\/\/obcina.rogatec.si\/","name":"Ob\u010dina Rogatec","description":"Uradni spletni portal Ob\u010dine Rogatec","publisher":{"@id":"https:\/\/obcina.rogatec.si\/#organization"},"potentialAction":[{"@type":"SearchAction","target":{"@type":"EntryPoint","urlTemplate":"https:\/\/obcina.rogatec.si\/?s={search_term_string}"},"query-input":{"@type":"PropertyValueSpecification","valueRequired":true,"valueName":"search_term_string"}}],"inLanguage":"sl-SI"},{"@type":"Organization","@id":"https:\/\/obcina.rogatec.si\/#organization","name":"Ob\u010dina Rogatec","url":"https:\/\/obcina.rogatec.si\/","logo":{"@type":"ImageObject","inLanguage":"sl-SI","@id":"https:\/\/obcina.rogatec.si\/#\/schema\/logo\/image\/","url":"https:\/\/obcina.rogatec.si\/wp-content\/uploads\/2021\/01\/ObcinaRogatec_col.png","contentUrl":"https:\/\/obcina.rogatec.si\/wp-content\/uploads\/2021\/01\/ObcinaRogatec_col.png","width":275,"height":100,"caption":"Ob\u010dina Rogatec"},"image":{"@id":"https:\/\/obcina.rogatec.si\/#\/schema\/logo\/image\/"},"sameAs":["https:\/\/www.facebook.com\/VisitRogatec\/","https:\/\/www.instagram.com\/visitrogatec\/","https:\/\/www.youtube.com\/channel\/UC0j4SRaLd9oSppR8hwVd5tw"]}]}},"uagb_featured_image_src":{"full":false,"thumbnail":false,"medium":false,"medium_large":false,"large":false,"1536x1536":false,"2048x2048":false,"XXS":false,"XS":false,"S":false,"M":false,"L":false,"XL":false},"uagb_author_info":{"display_name":"Ob\u010dina Rogatec","author_link":"https:\/\/obcina.rogatec.si\/author\/vedran72\/"},"uagb_comment_info":0,"uagb_excerpt":"Ob\u010dina Rogatec razpolaga s 34 stanovanjskimi enotami, ki se prete\u017eno nahajajo v ve\u010dstanovanjskih stavbah v Rogatcu. V upravljanju ima tudi 6 stanovanj, ki so v lasti podjetja Vetropack Stra\u017ea d.d.\u00a0 Skladno z dolo\u010dili Stanovanjskega zakona ima Ob\u010dina Rogatec sklenjeno pogodbo o izvajanju stanovanjskih storitev s podjetjem STANINVEST, dru\u017eba za poslovanje z nepremi\u010dninami d.o.o., s sede\u017eem&hellip;","_links":{"self":[{"href":"https:\/\/obcina.rogatec.si\/wp-json\/wp\/v2\/pages\/842","targetHints":{"allow":["GET"]}}],"collection":[{"href":"https:\/\/obcina.rogatec.si\/wp-json\/wp\/v2\/pages"}],"about":[{"href":"https:\/\/obcina.rogatec.si\/wp-json\/wp\/v2\/types\/page"}],"author":[{"embeddable":true,"href":"https:\/\/obcina.rogatec.si\/wp-json\/wp\/v2\/users\/1"}],"replies":[{"embeddable":true,"href":"https:\/\/obcina.rogatec.si\/wp-json\/wp\/v2\/comments?post=842"}],"version-history":[{"count":4,"href":"https:\/\/obcina.rogatec.si\/wp-json\/wp\/v2\/pages\/842\/revisions"}],"predecessor-version":[{"id":509876,"href":"https:\/\/obcina.rogatec.si\/wp-json\/wp\/v2\/pages\/842\/revisions\/509876"}],"up":[{"embeddable":true,"href":"https:\/\/obcina.rogatec.si\/wp-json\/wp\/v2\/pages\/177"}],"wp:attachment":[{"href":"https:\/\/obcina.rogatec.si\/wp-json\/wp\/v2\/media?parent=842"}],"curies":[{"name":"wp","href":"https:\/\/api.w.org\/{rel}","templated":true}]}}