{"id":721,"date":"2013-11-06T05:39:28","date_gmt":"2013-11-06T05:39:28","guid":{"rendered":"https:\/\/obcina.rogatec.si\/?page_id=721"},"modified":"2024-11-13T12:17:59","modified_gmt":"2024-11-13T11:17:59","slug":"obcinska-blagajna","status":"publish","type":"page","link":"https:\/\/obcina.rogatec.si\/obcinska-blagajna\/","title":{"rendered":"Ob\u010dinska blagajna"},"content":{"rendered":"<p><strong>PLA\u010cILO POLO\u017dNIC BREZ PROVIZIJ<\/strong><\/p>\n<p>Na sede\u017eu Ob\u010dine Rogatec je odprta OB\u010cINSKA BLAGAJNA, ki ob\u010danom omogo\u010da pla\u010devanje \u0161tevilnih polo\u017enic BREZ PROVIZIJE.<\/p>\n<p>Blagajna deluje v pisarni \u0161t. 4, v prvem nadstropju ob\u010dinske stavbe, in sicer VSAKO SREDO, od 8.00 do 15.00 ure,\u00a0 telefonska \u0161t. 03\/812 10 28.<\/p>\n<p>Na blagajni lahko brez provizije Z GOTOVINO pla\u010date naslednje polo\u017enice:<\/p>\n<p>\u2013 od\u00a0ECE d.o.o., za dobavljeno elektri\u010dno energijo<\/p>\n<p>\u2013 od Javnega podjetja OKP d.o.o. Roga\u0161ka Slatina, za vse vrste komunalnih storitev<\/p>\n<p>\u2013 od vzgojno-izobra\u017eevalnih ustanov:<\/p>\n<ul>\n<li>VIZ O\u0160 Rogatec in VIZ O\u0160 Rogatec, Enota Vrtec<\/li>\n<\/ul>\n<p>\u2013 od Gekott d.o.o., \u017dekar d.o.o., za najemnine grobov in za pogrebne storitve<\/p>\n<p>\u2013 \u00a0od upravnikov stanovanjskih in poslovnih prostorov:<\/p>\n<ul>\n<li>Upra-stan d.o.o. Maribor<\/li>\n<li>Stanovanjsko podjetje Konjice d.o.o., Slovenske Konjice<\/li>\n<\/ul>\n<p>\u2013 od Ob\u010dine Rogatec:<\/p>\n<ul>\n<li>za komunalni prispevek<\/li>\n<li>za dol\u017enike v zapu\u0161\u010dinskih zadevah<\/li>\n<li>za upravne takse<\/li>\n<\/ul>\n<p>\u2013 od Medob\u010dinskega in\u0161pektorata in redarstva Ob\u010din Roga\u0161ka Slatina, Rogatec in Pod\u010detrtek, za globe in takse.<\/p>\n<p>\u2013 od dru\u0161tva NK MONS CLAUDIUS, za vadnino in \u010dlanarino.<\/p>\n<p>Pla\u010devanje pla\u010dilnih nalogov Finan\u010dne uprave Republike Slovenije, kot je npr. dohodnina, NUSZ, davek na promet nepremi\u010dnin,\u2026 ni mo\u017eno.<\/p>\n","protected":false},"excerpt":{"rendered":"<p>PLA\u010cILO POLO\u017dNIC BREZ PROVIZIJ Na sede\u017eu Ob\u010dine Rogatec je odprta OB\u010cINSKA BLAGAJNA, ki ob\u010danom omogo\u010da pla\u010devanje \u0161tevilnih polo\u017enic BREZ PROVIZIJE. Blagajna deluje v pisarni \u0161t. 4, v prvem nadstropju ob\u010dinske stavbe, in sicer VSAKO SREDO, od 8.00 do 15.00 ure,\u00a0 telefonska \u0161t. 03\/812 10 28. Na blagajni lahko brez provizije Z GOTOVINO pla\u010date naslednje polo\u017enice: [&hellip;]<\/p>\n","protected":false},"author":1,"featured_media":0,"parent":0,"menu_order":0,"comment_status":"closed","ping_status":"closed","template":"","meta":{"_uag_custom_page_level_css":"","footnotes":""},"class_list":["post-721","page","type-page","status-publish","hentry"],"yoast_head":"<!-- This site is optimized with the Yoast SEO plugin v27.2 - https:\/\/yoast.com\/product\/yoast-seo-wordpress\/ -->\n<title>Ob\u010dinska blagajna - Ob\u010dina Rogatec<\/title>\n<meta name=\"robots\" content=\"index, follow, max-snippet:-1, max-image-preview:large, max-video-preview:-1\" \/>\n<link rel=\"canonical\" href=\"https:\/\/obcina.rogatec.si\/obcinska-blagajna\/\" \/>\n<meta property=\"og:locale\" content=\"sl_SI\" \/>\n<meta property=\"og:type\" content=\"article\" \/>\n<meta property=\"og:title\" content=\"Ob\u010dinska blagajna - Ob\u010dina Rogatec\" \/>\n<meta property=\"og:description\" content=\"PLA\u010cILO POLO\u017dNIC BREZ PROVIZIJ Na sede\u017eu Ob\u010dine Rogatec je odprta OB\u010cINSKA BLAGAJNA, ki ob\u010danom omogo\u010da pla\u010devanje \u0161tevilnih polo\u017enic BREZ PROVIZIJE. Blagajna deluje v pisarni \u0161t. 4, v prvem nadstropju ob\u010dinske stavbe, in sicer VSAKO SREDO, od 8.00 do 15.00 ure,\u00a0 telefonska \u0161t. 03\/812 10 28. Na blagajni lahko brez provizije Z GOTOVINO pla\u010date naslednje polo\u017enice: [&hellip;]\" \/>\n<meta property=\"og:url\" content=\"https:\/\/obcina.rogatec.si\/obcinska-blagajna\/\" \/>\n<meta property=\"og:site_name\" content=\"Ob\u010dina Rogatec\" \/>\n<meta property=\"article:publisher\" content=\"https:\/\/www.facebook.com\/VisitRogatec\/\" \/>\n<meta property=\"article:modified_time\" content=\"2024-11-13T11:17:59+00:00\" \/>\n<meta property=\"og:image\" content=\"https:\/\/obcina.rogatec.si\/wp-content\/uploads\/2013\/10\/MUZEJ-NA-PROSTEM-ROGATEC.jpg\" \/>\n\t<meta property=\"og:image:width\" content=\"1900\" \/>\n\t<meta property=\"og:image:height\" content=\"1262\" \/>\n\t<meta property=\"og:image:type\" content=\"image\/jpeg\" \/>\n<meta name=\"twitter:card\" content=\"summary_large_image\" \/>\n<script type=\"application\/ld+json\" class=\"yoast-schema-graph\">{\"@context\":\"https:\/\/schema.org\",\"@graph\":[{\"@type\":\"WebPage\",\"@id\":\"https:\/\/obcina.rogatec.si\/obcinska-blagajna\/\",\"url\":\"https:\/\/obcina.rogatec.si\/obcinska-blagajna\/\",\"name\":\"Ob\u010dinska blagajna - Ob\u010dina Rogatec\",\"isPartOf\":{\"@id\":\"https:\/\/obcina.rogatec.si\/#website\"},\"datePublished\":\"2013-11-06T05:39:28+00:00\",\"dateModified\":\"2024-11-13T11:17:59+00:00\",\"breadcrumb\":{\"@id\":\"https:\/\/obcina.rogatec.si\/obcinska-blagajna\/#breadcrumb\"},\"inLanguage\":\"sl-SI\",\"potentialAction\":[{\"@type\":\"ReadAction\",\"target\":[\"https:\/\/obcina.rogatec.si\/obcinska-blagajna\/\"]}]},{\"@type\":\"BreadcrumbList\",\"@id\":\"https:\/\/obcina.rogatec.si\/obcinska-blagajna\/#breadcrumb\",\"itemListElement\":[{\"@type\":\"ListItem\",\"position\":1,\"name\":\"Domov\",\"item\":\"https:\/\/obcina.rogatec.si\/\"},{\"@type\":\"ListItem\",\"position\":2,\"name\":\"Ob\u010dinska blagajna\"}]},{\"@type\":\"WebSite\",\"@id\":\"https:\/\/obcina.rogatec.si\/#website\",\"url\":\"https:\/\/obcina.rogatec.si\/\",\"name\":\"Ob\u010dina Rogatec\",\"description\":\"Uradni spletni portal Ob\u010dine Rogatec\",\"publisher\":{\"@id\":\"https:\/\/obcina.rogatec.si\/#organization\"},\"potentialAction\":[{\"@type\":\"SearchAction\",\"target\":{\"@type\":\"EntryPoint\",\"urlTemplate\":\"https:\/\/obcina.rogatec.si\/?s={search_term_string}\"},\"query-input\":{\"@type\":\"PropertyValueSpecification\",\"valueRequired\":true,\"valueName\":\"search_term_string\"}}],\"inLanguage\":\"sl-SI\"},{\"@type\":\"Organization\",\"@id\":\"https:\/\/obcina.rogatec.si\/#organization\",\"name\":\"Ob\u010dina Rogatec\",\"url\":\"https:\/\/obcina.rogatec.si\/\",\"logo\":{\"@type\":\"ImageObject\",\"inLanguage\":\"sl-SI\",\"@id\":\"https:\/\/obcina.rogatec.si\/#\/schema\/logo\/image\/\",\"url\":\"https:\/\/obcina.rogatec.si\/wp-content\/uploads\/2021\/01\/ObcinaRogatec_col.png\",\"contentUrl\":\"https:\/\/obcina.rogatec.si\/wp-content\/uploads\/2021\/01\/ObcinaRogatec_col.png\",\"width\":275,\"height\":100,\"caption\":\"Ob\u010dina Rogatec\"},\"image\":{\"@id\":\"https:\/\/obcina.rogatec.si\/#\/schema\/logo\/image\/\"},\"sameAs\":[\"https:\/\/www.facebook.com\/VisitRogatec\/\",\"https:\/\/www.instagram.com\/visitrogatec\/\",\"https:\/\/www.youtube.com\/channel\/UC0j4SRaLd9oSppR8hwVd5tw\"]}]}<\/script>\n<!-- \/ Yoast SEO plugin. -->","yoast_head_json":{"title":"Ob\u010dinska blagajna - Ob\u010dina Rogatec","robots":{"index":"index","follow":"follow","max-snippet":"max-snippet:-1","max-image-preview":"max-image-preview:large","max-video-preview":"max-video-preview:-1"},"canonical":"https:\/\/obcina.rogatec.si\/obcinska-blagajna\/","og_locale":"sl_SI","og_type":"article","og_title":"Ob\u010dinska blagajna - Ob\u010dina Rogatec","og_description":"PLA\u010cILO POLO\u017dNIC BREZ PROVIZIJ Na sede\u017eu Ob\u010dine Rogatec je odprta OB\u010cINSKA BLAGAJNA, ki ob\u010danom omogo\u010da pla\u010devanje \u0161tevilnih polo\u017enic BREZ PROVIZIJE. Blagajna deluje v pisarni \u0161t. 4, v prvem nadstropju ob\u010dinske stavbe, in sicer VSAKO SREDO, od 8.00 do 15.00 ure,\u00a0 telefonska \u0161t. 03\/812 10 28. Na blagajni lahko brez provizije Z GOTOVINO pla\u010date naslednje polo\u017enice: [&hellip;]","og_url":"https:\/\/obcina.rogatec.si\/obcinska-blagajna\/","og_site_name":"Ob\u010dina Rogatec","article_publisher":"https:\/\/www.facebook.com\/VisitRogatec\/","article_modified_time":"2024-11-13T11:17:59+00:00","og_image":[{"width":1900,"height":1262,"url":"https:\/\/obcina.rogatec.si\/wp-content\/uploads\/2013\/10\/MUZEJ-NA-PROSTEM-ROGATEC.jpg","type":"image\/jpeg"}],"twitter_card":"summary_large_image","schema":{"@context":"https:\/\/schema.org","@graph":[{"@type":"WebPage","@id":"https:\/\/obcina.rogatec.si\/obcinska-blagajna\/","url":"https:\/\/obcina.rogatec.si\/obcinska-blagajna\/","name":"Ob\u010dinska blagajna - Ob\u010dina Rogatec","isPartOf":{"@id":"https:\/\/obcina.rogatec.si\/#website"},"datePublished":"2013-11-06T05:39:28+00:00","dateModified":"2024-11-13T11:17:59+00:00","breadcrumb":{"@id":"https:\/\/obcina.rogatec.si\/obcinska-blagajna\/#breadcrumb"},"inLanguage":"sl-SI","potentialAction":[{"@type":"ReadAction","target":["https:\/\/obcina.rogatec.si\/obcinska-blagajna\/"]}]},{"@type":"BreadcrumbList","@id":"https:\/\/obcina.rogatec.si\/obcinska-blagajna\/#breadcrumb","itemListElement":[{"@type":"ListItem","position":1,"name":"Domov","item":"https:\/\/obcina.rogatec.si\/"},{"@type":"ListItem","position":2,"name":"Ob\u010dinska blagajna"}]},{"@type":"WebSite","@id":"https:\/\/obcina.rogatec.si\/#website","url":"https:\/\/obcina.rogatec.si\/","name":"Ob\u010dina Rogatec","description":"Uradni spletni portal Ob\u010dine Rogatec","publisher":{"@id":"https:\/\/obcina.rogatec.si\/#organization"},"potentialAction":[{"@type":"SearchAction","target":{"@type":"EntryPoint","urlTemplate":"https:\/\/obcina.rogatec.si\/?s={search_term_string}"},"query-input":{"@type":"PropertyValueSpecification","valueRequired":true,"valueName":"search_term_string"}}],"inLanguage":"sl-SI"},{"@type":"Organization","@id":"https:\/\/obcina.rogatec.si\/#organization","name":"Ob\u010dina Rogatec","url":"https:\/\/obcina.rogatec.si\/","logo":{"@type":"ImageObject","inLanguage":"sl-SI","@id":"https:\/\/obcina.rogatec.si\/#\/schema\/logo\/image\/","url":"https:\/\/obcina.rogatec.si\/wp-content\/uploads\/2021\/01\/ObcinaRogatec_col.png","contentUrl":"https:\/\/obcina.rogatec.si\/wp-content\/uploads\/2021\/01\/ObcinaRogatec_col.png","width":275,"height":100,"caption":"Ob\u010dina Rogatec"},"image":{"@id":"https:\/\/obcina.rogatec.si\/#\/schema\/logo\/image\/"},"sameAs":["https:\/\/www.facebook.com\/VisitRogatec\/","https:\/\/www.instagram.com\/visitrogatec\/","https:\/\/www.youtube.com\/channel\/UC0j4SRaLd9oSppR8hwVd5tw"]}]}},"uagb_featured_image_src":{"full":false,"thumbnail":false,"medium":false,"medium_large":false,"large":false,"1536x1536":false,"2048x2048":false,"XXS":false,"XS":false,"S":false,"M":false,"L":false,"XL":false},"uagb_author_info":{"display_name":"Ob\u010dina Rogatec","author_link":"https:\/\/obcina.rogatec.si\/author\/vedran72\/"},"uagb_comment_info":0,"uagb_excerpt":"PLA\u010cILO POLO\u017dNIC BREZ PROVIZIJ Na sede\u017eu Ob\u010dine Rogatec je odprta OB\u010cINSKA BLAGAJNA, ki ob\u010danom omogo\u010da pla\u010devanje \u0161tevilnih polo\u017enic BREZ PROVIZIJE. Blagajna deluje v pisarni \u0161t. 4, v prvem nadstropju ob\u010dinske stavbe, in sicer VSAKO SREDO, od 8.00 do 15.00 ure,\u00a0 telefonska \u0161t. 03\/812 10 28. Na blagajni lahko brez provizije Z GOTOVINO pla\u010date naslednje polo\u017enice:&hellip;","_links":{"self":[{"href":"https:\/\/obcina.rogatec.si\/wp-json\/wp\/v2\/pages\/721","targetHints":{"allow":["GET"]}}],"collection":[{"href":"https:\/\/obcina.rogatec.si\/wp-json\/wp\/v2\/pages"}],"about":[{"href":"https:\/\/obcina.rogatec.si\/wp-json\/wp\/v2\/types\/page"}],"author":[{"embeddable":true,"href":"https:\/\/obcina.rogatec.si\/wp-json\/wp\/v2\/users\/1"}],"replies":[{"embeddable":true,"href":"https:\/\/obcina.rogatec.si\/wp-json\/wp\/v2\/comments?post=721"}],"version-history":[{"count":17,"href":"https:\/\/obcina.rogatec.si\/wp-json\/wp\/v2\/pages\/721\/revisions"}],"predecessor-version":[{"id":509877,"href":"https:\/\/obcina.rogatec.si\/wp-json\/wp\/v2\/pages\/721\/revisions\/509877"}],"wp:attachment":[{"href":"https:\/\/obcina.rogatec.si\/wp-json\/wp\/v2\/media?parent=721"}],"curies":[{"name":"wp","href":"https:\/\/api.w.org\/{rel}","templated":true}]}}