{"id":700,"date":"2013-11-06T05:32:21","date_gmt":"2013-11-06T05:32:21","guid":{"rendered":"https:\/\/obcina.rogatec.si\/?page_id=700"},"modified":"2022-03-28T10:33:50","modified_gmt":"2022-03-28T08:33:50","slug":"okolje-in-prostor","status":"publish","type":"page","link":"https:\/\/obcina.rogatec.si\/obcinska-uprava\/okolje-in-prostor\/","title":{"rendered":"Okolje in prostor"},"content":{"rendered":"<p>Na podro\u010dju okolja in prostora se opravljajo naslednje naloge:<\/p>\n<ul>\n<li>koordinira in pripravlja strategijo prostorskega razvoja ob\u010dine in izvedbenih prostorskih aktov,<\/li>\n<li>skrbi za prostorsko, urbanisti\u010dno in krajinsko na\u010drtovanje,<\/li>\n<li>pripravlja analize in strokovne podlage s podro\u010dja na\u010drtovanja in urejanja prostora,<\/li>\n<li>sodeluje pri pripravi medob\u010dinskih, regionalnih in dr\u017eavnih prostorskih aktov,<\/li>\n<li>pripravlja in predlaga podrobnej\u0161a merila in pogoje urejanja prostora,<\/li>\n<li>koordinira postopke za rabo prostora in prostorske ureditve ter za dolo\u010danje pogojev prostorskega na\u010drtovanja ter ume\u0161\u010danja objektov v prostor,<\/li>\n<li>koordinira izvajanje nalog ob\u010dine pri izvajanju ve\u010djih posegov v prostor,<\/li>\n<li>organizira in vodi postopke obravnave prostorskih aktov,<\/li>\n<li>vodi predpisane zbirke prostorskih in drugih podatkov,<\/li>\n<li>vodi prostorsko informacijski sistem ob\u010dine in skrbi za prikaz stanja prostora,<\/li>\n<li>vodi kataster gospodarske javne infrastrukture,<\/li>\n<li>spremlja stanje in pripravlja poro\u010dila na podro\u010dju urejanja prostora,<\/li>\n<li>daje potrdila o namenski rabi prostora, lokacijske informacije, informacije o prostorskih izvedbenih pogojih, informacije iz prikaza stanja prostora ter druge informacije ter potrdila s podro\u010dja dela oddelka,<\/li>\n<li>skrbi za pripravo prostorskih ukrepov ob\u010dine,<\/li>\n<li>skrbi za vklju\u010devanje vidikov varstva okolja v na\u010drtovanje in urejanje prostora,<\/li>\n<li>sodeluje pri na\u010drtovanju opremljanja javnih povr\u0161in z urbano opremo,<\/li>\n<li>odmerja komunalni prispevek,<\/li>\n<li>pripravlja odloke o programih opremljanja zemlji\u0161\u010d za gradnjo,<\/li>\n<li>sodeluje v postopku izdaje gradbenih dovoljenj, za ceste,<\/li>\n<li>sodeluje pri urejanje cestne infrastrukture,<\/li>\n<li>opravlja naloge na podro\u010dju varnosti cestnega prometa ter preventive in vzgoje v cestnem prometu,<\/li>\n<li>koordinira naloge ter sodeluje z dr\u017eavnimi organi in drugi institucijami pri razvoju, izgradnji in vzdr\u017eevanju komunalne in ceste infrastrukture ter energetike,<\/li>\n<li>nudi strokovno pomo\u010d delovnemu telesu ob\u010dinskega sveta, pristojnemu za okolje in prostor koordinira delo pri organizaciji sej teh organov,<\/li>\n<li>pripravlja gradiva za ob\u010dinski svet in njegova delovna telesa na podro\u010dju okolja in prostora,<\/li>\n<li>opravlja druge upravne in strokovno tehni\u010dne naloge s svojega delovnega podro\u010dja.<\/li>\n<\/ul>\n<p>&nbsp;<\/p>\n<p><em><span style=\"color: #ff0000;\"><strong>SEZNAM NEPREMI\u010cNIN ZA NAJEM IN PRODAJO<\/strong><\/span><\/em><\/p>\n<p><strong>OBJEKTI<\/strong><\/p>\n<p>Prodaja &#8211; <a href=\"https:\/\/obcina.rogatec.si\/wp-content\/uploads\/2019\/02\/Obrtni\u0161ka-ulica-8.pdf\">Obrtni\u0161ka ulica 8<\/a><\/p>\n<p><strong>POSLOVNI PROSTORI<\/strong><\/p>\n<p>Najem<\/p>\n<p>&#8211; <a href=\"https:\/\/obcina.rogatec.si\/wp-content\/uploads\/2019\/02\/Steklarska-12.pdf\">Steklarska 12<\/a><\/p>\n<p>&#8211; Ceste 11<\/p>\n<p>&nbsp;<\/p>\n<p><a href=\"https:\/\/obcina.rogatec.si\/wp-content\/uploads\/2019\/02\/2019-nadstropje.png\"><img loading=\"lazy\" decoding=\"async\" class=\"alignnone size-medium wp-image-503836\" src=\"https:\/\/obcina.rogatec.si\/wp-content\/uploads\/2019\/02\/2019-nadstropje-223x300.png\" alt=\"\" width=\"223\" height=\"300\" srcset=\"https:\/\/obcina.rogatec.si\/wp-content\/uploads\/2019\/02\/2019-nadstropje-223x300.png 223w, https:\/\/obcina.rogatec.si\/wp-content\/uploads\/2019\/02\/2019-nadstropje.png 668w\" sizes=\"auto, (max-width: 223px) 100vw, 223px\" \/><\/a> <a href=\"https:\/\/obcina.rogatec.si\/wp-content\/uploads\/2019\/02\/2019-pritli\u010dje.png\"><img loading=\"lazy\" decoding=\"async\" class=\"alignnone size-medium wp-image-503837\" src=\"https:\/\/obcina.rogatec.si\/wp-content\/uploads\/2019\/02\/2019-pritli\u010dje-300x226.png\" alt=\"\" width=\"300\" height=\"226\" srcset=\"https:\/\/obcina.rogatec.si\/wp-content\/uploads\/2019\/02\/2019-pritli\u010dje-300x226.png 300w, https:\/\/obcina.rogatec.si\/wp-content\/uploads\/2019\/02\/2019-pritli\u010dje-768x580.png 768w, https:\/\/obcina.rogatec.si\/wp-content\/uploads\/2019\/02\/2019-pritli\u010dje-1024x773.png 1024w, https:\/\/obcina.rogatec.si\/wp-content\/uploads\/2019\/02\/2019-pritli\u010dje.png 1170w\" sizes=\"auto, (max-width: 300px) 100vw, 300px\" \/><\/a> <a href=\"https:\/\/obcina.rogatec.si\/wp-content\/uploads\/2019\/02\/DSC02034.jpg\"><img loading=\"lazy\" decoding=\"async\" class=\"alignnone size-medium wp-image-503838\" src=\"https:\/\/obcina.rogatec.si\/wp-content\/uploads\/2019\/02\/DSC02034-300x225.jpg\" alt=\"\" width=\"300\" height=\"225\" srcset=\"https:\/\/obcina.rogatec.si\/wp-content\/uploads\/2019\/02\/DSC02034-300x225.jpg 300w, https:\/\/obcina.rogatec.si\/wp-content\/uploads\/2019\/02\/DSC02034-768x576.jpg 768w, https:\/\/obcina.rogatec.si\/wp-content\/uploads\/2019\/02\/DSC02034-1024x768.jpg 1024w\" sizes=\"auto, (max-width: 300px) 100vw, 300px\" \/><\/a><\/p>\n<p>&nbsp;<\/p>\n<p>&nbsp;<\/p>\n<p>Prodaja &#8211; <a href=\"https:\/\/obcina.rogatec.si\/wp-content\/uploads\/2019\/02\/Trg-13.pdf\">Trg 13<\/a><\/p>\n<p>&nbsp;<\/p>\n","protected":false},"excerpt":{"rendered":"<p>Na podro\u010dju okolja in prostora se opravljajo naslednje naloge: koordinira in pripravlja strategijo prostorskega razvoja ob\u010dine in izvedbenih prostorskih aktov, skrbi za prostorsko, urbanisti\u010dno in krajinsko na\u010drtovanje, pripravlja analize in strokovne podlage s podro\u010dja na\u010drtovanja in urejanja prostora, sodeluje pri pripravi medob\u010dinskih, regionalnih in dr\u017eavnih prostorskih aktov, pripravlja in predlaga podrobnej\u0161a merila in pogoje urejanja [&hellip;]<\/p>\n","protected":false},"author":1,"featured_media":0,"parent":689,"menu_order":0,"comment_status":"closed","ping_status":"closed","template":"","meta":{"_uag_custom_page_level_css":"","footnotes":""},"class_list":["post-700","page","type-page","status-publish","hentry"],"yoast_head":"<!-- This site is optimized with the Yoast SEO plugin v27.2 - https:\/\/yoast.com\/product\/yoast-seo-wordpress\/ -->\n<title>Okolje in prostor - Ob\u010dina Rogatec<\/title>\n<meta name=\"robots\" content=\"index, follow, max-snippet:-1, max-image-preview:large, max-video-preview:-1\" \/>\n<link rel=\"canonical\" href=\"https:\/\/obcina.rogatec.si\/obcinska-uprava\/okolje-in-prostor\/\" \/>\n<meta property=\"og:locale\" content=\"sl_SI\" \/>\n<meta property=\"og:type\" content=\"article\" \/>\n<meta property=\"og:title\" content=\"Okolje in prostor - Ob\u010dina Rogatec\" \/>\n<meta property=\"og:description\" content=\"Na podro\u010dju okolja in prostora se opravljajo naslednje naloge: koordinira in pripravlja strategijo prostorskega razvoja ob\u010dine in izvedbenih prostorskih aktov, skrbi za prostorsko, urbanisti\u010dno in krajinsko na\u010drtovanje, pripravlja analize in strokovne podlage s podro\u010dja na\u010drtovanja in urejanja prostora, sodeluje pri pripravi medob\u010dinskih, regionalnih in dr\u017eavnih prostorskih aktov, pripravlja in predlaga podrobnej\u0161a merila in pogoje urejanja [&hellip;]\" \/>\n<meta property=\"og:url\" content=\"https:\/\/obcina.rogatec.si\/obcinska-uprava\/okolje-in-prostor\/\" \/>\n<meta property=\"og:site_name\" content=\"Ob\u010dina Rogatec\" \/>\n<meta property=\"article:publisher\" content=\"https:\/\/www.facebook.com\/VisitRogatec\/\" \/>\n<meta property=\"article:modified_time\" content=\"2022-03-28T08:33:50+00:00\" \/>\n<meta property=\"og:image\" content=\"https:\/\/obcina.rogatec.si\/wp-content\/uploads\/2019\/02\/2019-nadstropje-223x300.png\" \/>\n<meta name=\"twitter:card\" content=\"summary_large_image\" \/>\n<meta name=\"twitter:label1\" content=\"Est. reading time\" \/>\n\t<meta name=\"twitter:data1\" content=\"2 minuti\" \/>\n<script type=\"application\/ld+json\" class=\"yoast-schema-graph\">{\"@context\":\"https:\/\/schema.org\",\"@graph\":[{\"@type\":\"WebPage\",\"@id\":\"https:\/\/obcina.rogatec.si\/obcinska-uprava\/okolje-in-prostor\/\",\"url\":\"https:\/\/obcina.rogatec.si\/obcinska-uprava\/okolje-in-prostor\/\",\"name\":\"Okolje in prostor - Ob\u010dina Rogatec\",\"isPartOf\":{\"@id\":\"https:\/\/obcina.rogatec.si\/#website\"},\"primaryImageOfPage\":{\"@id\":\"https:\/\/obcina.rogatec.si\/obcinska-uprava\/okolje-in-prostor\/#primaryimage\"},\"image\":{\"@id\":\"https:\/\/obcina.rogatec.si\/obcinska-uprava\/okolje-in-prostor\/#primaryimage\"},\"thumbnailUrl\":\"https:\/\/obcina.rogatec.si\/wp-content\/uploads\/2019\/02\/2019-nadstropje-223x300.png\",\"datePublished\":\"2013-11-06T05:32:21+00:00\",\"dateModified\":\"2022-03-28T08:33:50+00:00\",\"breadcrumb\":{\"@id\":\"https:\/\/obcina.rogatec.si\/obcinska-uprava\/okolje-in-prostor\/#breadcrumb\"},\"inLanguage\":\"sl-SI\",\"potentialAction\":[{\"@type\":\"ReadAction\",\"target\":[\"https:\/\/obcina.rogatec.si\/obcinska-uprava\/okolje-in-prostor\/\"]}]},{\"@type\":\"ImageObject\",\"inLanguage\":\"sl-SI\",\"@id\":\"https:\/\/obcina.rogatec.si\/obcinska-uprava\/okolje-in-prostor\/#primaryimage\",\"url\":\"https:\/\/obcina.rogatec.si\/wp-content\/uploads\/2019\/02\/2019-nadstropje.png\",\"contentUrl\":\"https:\/\/obcina.rogatec.si\/wp-content\/uploads\/2019\/02\/2019-nadstropje.png\",\"width\":668,\"height\":897},{\"@type\":\"BreadcrumbList\",\"@id\":\"https:\/\/obcina.rogatec.si\/obcinska-uprava\/okolje-in-prostor\/#breadcrumb\",\"itemListElement\":[{\"@type\":\"ListItem\",\"position\":1,\"name\":\"Domov\",\"item\":\"https:\/\/obcina.rogatec.si\/\"},{\"@type\":\"ListItem\",\"position\":2,\"name\":\"Ob\u010dinska uprava\",\"item\":\"https:\/\/obcina.rogatec.si\/obcinska-uprava\/\"},{\"@type\":\"ListItem\",\"position\":3,\"name\":\"Okolje in prostor\"}]},{\"@type\":\"WebSite\",\"@id\":\"https:\/\/obcina.rogatec.si\/#website\",\"url\":\"https:\/\/obcina.rogatec.si\/\",\"name\":\"Ob\u010dina Rogatec\",\"description\":\"Uradni spletni portal Ob\u010dine Rogatec\",\"publisher\":{\"@id\":\"https:\/\/obcina.rogatec.si\/#organization\"},\"potentialAction\":[{\"@type\":\"SearchAction\",\"target\":{\"@type\":\"EntryPoint\",\"urlTemplate\":\"https:\/\/obcina.rogatec.si\/?s={search_term_string}\"},\"query-input\":{\"@type\":\"PropertyValueSpecification\",\"valueRequired\":true,\"valueName\":\"search_term_string\"}}],\"inLanguage\":\"sl-SI\"},{\"@type\":\"Organization\",\"@id\":\"https:\/\/obcina.rogatec.si\/#organization\",\"name\":\"Ob\u010dina Rogatec\",\"url\":\"https:\/\/obcina.rogatec.si\/\",\"logo\":{\"@type\":\"ImageObject\",\"inLanguage\":\"sl-SI\",\"@id\":\"https:\/\/obcina.rogatec.si\/#\/schema\/logo\/image\/\",\"url\":\"https:\/\/obcina.rogatec.si\/wp-content\/uploads\/2021\/01\/ObcinaRogatec_col.png\",\"contentUrl\":\"https:\/\/obcina.rogatec.si\/wp-content\/uploads\/2021\/01\/ObcinaRogatec_col.png\",\"width\":275,\"height\":100,\"caption\":\"Ob\u010dina Rogatec\"},\"image\":{\"@id\":\"https:\/\/obcina.rogatec.si\/#\/schema\/logo\/image\/\"},\"sameAs\":[\"https:\/\/www.facebook.com\/VisitRogatec\/\",\"https:\/\/www.instagram.com\/visitrogatec\/\",\"https:\/\/www.youtube.com\/channel\/UC0j4SRaLd9oSppR8hwVd5tw\"]}]}<\/script>\n<!-- \/ Yoast SEO plugin. -->","yoast_head_json":{"title":"Okolje in prostor - Ob\u010dina Rogatec","robots":{"index":"index","follow":"follow","max-snippet":"max-snippet:-1","max-image-preview":"max-image-preview:large","max-video-preview":"max-video-preview:-1"},"canonical":"https:\/\/obcina.rogatec.si\/obcinska-uprava\/okolje-in-prostor\/","og_locale":"sl_SI","og_type":"article","og_title":"Okolje in prostor - Ob\u010dina Rogatec","og_description":"Na podro\u010dju okolja in prostora se opravljajo naslednje naloge: koordinira in pripravlja strategijo prostorskega razvoja ob\u010dine in izvedbenih prostorskih aktov, skrbi za prostorsko, urbanisti\u010dno in krajinsko na\u010drtovanje, pripravlja analize in strokovne podlage s podro\u010dja na\u010drtovanja in urejanja prostora, sodeluje pri pripravi medob\u010dinskih, regionalnih in dr\u017eavnih prostorskih aktov, pripravlja in predlaga podrobnej\u0161a merila in pogoje urejanja [&hellip;]","og_url":"https:\/\/obcina.rogatec.si\/obcinska-uprava\/okolje-in-prostor\/","og_site_name":"Ob\u010dina Rogatec","article_publisher":"https:\/\/www.facebook.com\/VisitRogatec\/","article_modified_time":"2022-03-28T08:33:50+00:00","og_image":[{"url":"https:\/\/obcina.rogatec.si\/wp-content\/uploads\/2019\/02\/2019-nadstropje-223x300.png","type":"","width":"","height":""}],"twitter_card":"summary_large_image","twitter_misc":{"Est. reading time":"2 minuti"},"schema":{"@context":"https:\/\/schema.org","@graph":[{"@type":"WebPage","@id":"https:\/\/obcina.rogatec.si\/obcinska-uprava\/okolje-in-prostor\/","url":"https:\/\/obcina.rogatec.si\/obcinska-uprava\/okolje-in-prostor\/","name":"Okolje in prostor - Ob\u010dina Rogatec","isPartOf":{"@id":"https:\/\/obcina.rogatec.si\/#website"},"primaryImageOfPage":{"@id":"https:\/\/obcina.rogatec.si\/obcinska-uprava\/okolje-in-prostor\/#primaryimage"},"image":{"@id":"https:\/\/obcina.rogatec.si\/obcinska-uprava\/okolje-in-prostor\/#primaryimage"},"thumbnailUrl":"https:\/\/obcina.rogatec.si\/wp-content\/uploads\/2019\/02\/2019-nadstropje-223x300.png","datePublished":"2013-11-06T05:32:21+00:00","dateModified":"2022-03-28T08:33:50+00:00","breadcrumb":{"@id":"https:\/\/obcina.rogatec.si\/obcinska-uprava\/okolje-in-prostor\/#breadcrumb"},"inLanguage":"sl-SI","potentialAction":[{"@type":"ReadAction","target":["https:\/\/obcina.rogatec.si\/obcinska-uprava\/okolje-in-prostor\/"]}]},{"@type":"ImageObject","inLanguage":"sl-SI","@id":"https:\/\/obcina.rogatec.si\/obcinska-uprava\/okolje-in-prostor\/#primaryimage","url":"https:\/\/obcina.rogatec.si\/wp-content\/uploads\/2019\/02\/2019-nadstropje.png","contentUrl":"https:\/\/obcina.rogatec.si\/wp-content\/uploads\/2019\/02\/2019-nadstropje.png","width":668,"height":897},{"@type":"BreadcrumbList","@id":"https:\/\/obcina.rogatec.si\/obcinska-uprava\/okolje-in-prostor\/#breadcrumb","itemListElement":[{"@type":"ListItem","position":1,"name":"Domov","item":"https:\/\/obcina.rogatec.si\/"},{"@type":"ListItem","position":2,"name":"Ob\u010dinska uprava","item":"https:\/\/obcina.rogatec.si\/obcinska-uprava\/"},{"@type":"ListItem","position":3,"name":"Okolje in prostor"}]},{"@type":"WebSite","@id":"https:\/\/obcina.rogatec.si\/#website","url":"https:\/\/obcina.rogatec.si\/","name":"Ob\u010dina Rogatec","description":"Uradni spletni portal Ob\u010dine Rogatec","publisher":{"@id":"https:\/\/obcina.rogatec.si\/#organization"},"potentialAction":[{"@type":"SearchAction","target":{"@type":"EntryPoint","urlTemplate":"https:\/\/obcina.rogatec.si\/?s={search_term_string}"},"query-input":{"@type":"PropertyValueSpecification","valueRequired":true,"valueName":"search_term_string"}}],"inLanguage":"sl-SI"},{"@type":"Organization","@id":"https:\/\/obcina.rogatec.si\/#organization","name":"Ob\u010dina Rogatec","url":"https:\/\/obcina.rogatec.si\/","logo":{"@type":"ImageObject","inLanguage":"sl-SI","@id":"https:\/\/obcina.rogatec.si\/#\/schema\/logo\/image\/","url":"https:\/\/obcina.rogatec.si\/wp-content\/uploads\/2021\/01\/ObcinaRogatec_col.png","contentUrl":"https:\/\/obcina.rogatec.si\/wp-content\/uploads\/2021\/01\/ObcinaRogatec_col.png","width":275,"height":100,"caption":"Ob\u010dina Rogatec"},"image":{"@id":"https:\/\/obcina.rogatec.si\/#\/schema\/logo\/image\/"},"sameAs":["https:\/\/www.facebook.com\/VisitRogatec\/","https:\/\/www.instagram.com\/visitrogatec\/","https:\/\/www.youtube.com\/channel\/UC0j4SRaLd9oSppR8hwVd5tw"]}]}},"uagb_featured_image_src":{"full":false,"thumbnail":false,"medium":false,"medium_large":false,"large":false,"1536x1536":false,"2048x2048":false,"XXS":false,"XS":false,"S":false,"M":false,"L":false,"XL":false},"uagb_author_info":{"display_name":"Ob\u010dina Rogatec","author_link":"https:\/\/obcina.rogatec.si\/author\/vedran72\/"},"uagb_comment_info":0,"uagb_excerpt":"Na podro\u010dju okolja in prostora se opravljajo naslednje naloge: koordinira in pripravlja strategijo prostorskega razvoja ob\u010dine in izvedbenih prostorskih aktov, skrbi za prostorsko, urbanisti\u010dno in krajinsko na\u010drtovanje, pripravlja analize in strokovne podlage s podro\u010dja na\u010drtovanja in urejanja prostora, sodeluje pri pripravi medob\u010dinskih, regionalnih in dr\u017eavnih prostorskih aktov, pripravlja in predlaga podrobnej\u0161a merila in pogoje urejanja&hellip;","_links":{"self":[{"href":"https:\/\/obcina.rogatec.si\/wp-json\/wp\/v2\/pages\/700","targetHints":{"allow":["GET"]}}],"collection":[{"href":"https:\/\/obcina.rogatec.si\/wp-json\/wp\/v2\/pages"}],"about":[{"href":"https:\/\/obcina.rogatec.si\/wp-json\/wp\/v2\/types\/page"}],"author":[{"embeddable":true,"href":"https:\/\/obcina.rogatec.si\/wp-json\/wp\/v2\/users\/1"}],"replies":[{"embeddable":true,"href":"https:\/\/obcina.rogatec.si\/wp-json\/wp\/v2\/comments?post=700"}],"version-history":[{"count":9,"href":"https:\/\/obcina.rogatec.si\/wp-json\/wp\/v2\/pages\/700\/revisions"}],"predecessor-version":[{"id":507597,"href":"https:\/\/obcina.rogatec.si\/wp-json\/wp\/v2\/pages\/700\/revisions\/507597"}],"up":[{"embeddable":true,"href":"https:\/\/obcina.rogatec.si\/wp-json\/wp\/v2\/pages\/689"}],"wp:attachment":[{"href":"https:\/\/obcina.rogatec.si\/wp-json\/wp\/v2\/media?parent=700"}],"curies":[{"name":"wp","href":"https:\/\/api.w.org\/{rel}","templated":true}]}}