{"id":698,"date":"2013-11-06T05:31:59","date_gmt":"2013-11-06T05:31:59","guid":{"rendered":"https:\/\/obcina.rogatec.si\/?page_id=698"},"modified":"2013-11-13T08:09:55","modified_gmt":"2013-11-13T08:09:55","slug":"druzbene-dejavnosti","status":"publish","type":"page","link":"https:\/\/obcina.rogatec.si\/obcinska-uprava\/druzbene-dejavnosti\/","title":{"rendered":"Dru\u017ebene dejavnosti"},"content":{"rendered":"<p>Oddelek za dru\u017ebene dejavnosti opravlja naloge s podro\u010dja:<\/p>\n<ul>\n<li>pred\u0161olske vzgoje in izobra\u017eevanja,<\/li>\n<li>kulture in varstva kulturne dedi\u0161\u010dine,<\/li>\n<li>zdravstvenega in socialnega varstva ob\u010danov,<\/li>\n<li>\u0161porta in rekreacije,<\/li>\n<li>dejavnosti mladih in mladinsko raziskovalne dejavnosti ter<\/li>\n<li>druge upravne in strokovno tehni\u010dne naloge na podro\u010dju dru\u017ebenih dejavnosti in delovanja javnih \u00a0zavodov, katerih ustanoviteljica ali soustanoviteljica je ob\u010dina.<\/li>\n<\/ul>\n<p>&nbsp;<\/p>\n<p><em><b>Osnovno zdravstvo<\/b><\/em><\/p>\n<p>Zdravstvena dejavnost na primarni ravni obsega osnovno zdravstveno dejavnost in lekarni\u0161ko dejavnost.<\/p>\n<p>Osnovno zdravstveno varstvo je tista oblika organiziranosti, ki je dostopna brez napotnice in praviloma predstavlja prvi stik uporabnika z zdravstveno slu\u017ebo. Dejavnost vklju\u010duje: dejavnost splo\u0161ne medicine, zdravstveno varstvo pred\u0161olskih otrok, zdravstveno varstvo \u0161olskih otrok in mladine, zdravstveno varstvo \u017eensk, dejavnost medicine dela, prometa in \u0161porta ter zobozdravstveno dejavnost.<\/p>\n<p>Osnovno zdravstveno dejavnost v ob\u010dini zagotavlja JZ\u00a0<a href=\"http:\/\/www.zd-smarje.si\/kontakti.php\" target=\"_blank\">Zdravstveni dom \u0160marje pri Jel\u0161ah &#8211; Zdravstvena postaja Rogatec<\/a>\u00a0(soustanoviteljica zavoda je Ob\u010dina Rogatec ) in koncesionarji.<\/p>\n<p><b>Javni zavod Zdravstveni dom \u0160marje pri Jel\u0161ah<\/b>,\u00a0<b>Zdravstvena postaja Roga\u0161ka Slatina<\/b>, Ceste 8, 3252 Rogatec, telefon: 03 812 16 40.<\/p>\n<p>&nbsp;<\/p>\n<p><em><b>Socialno varstvo<\/b><\/em><\/p>\n<p><b>Center za socialno delo \u0160marje pri Jel\u0161ah<\/b><\/p>\n<p><a href=\"http:\/\/www.csd-smarje.com\/\" target=\"_blank\">Center za socialno delo<\/a>\u00a0je javni socialno-varstveni zavod, ki deluje na obmo\u010dju Upravne enote \u0160marje pri Jel\u0161ah in s svojo dejavnostjo pokriva vseh 6 ob\u010din na tem obmo\u010dju. Opravlja naloge, ki so centrom za socialno delo z zakonom poverjene kot javna pooblastila, ter naloge, ki jih centrom nalagajo drugi predpisi. Tako odlo\u010da o pravici do denarnih prejemkov (otro\u0161ki dodatek, denarna socialna pomo\u010d, varstveni dodatek, dr\u017eavna \u0161tipendija), subvencijah in pla\u010dilih (zni\u017eanju pla\u010dila za programe vrtcev, subvenciji malice, kosila, prevoza, najemnine, pravici do kritja do polne vrednosti zdravstvenih storitev, pravici do pla\u010dila prispevka za obvezno zdravstveno zavarovanje), dru\u017einskih prejemkih (star\u0161evski dodatek, pomo\u010d ob rojstvu otroka, dodatek za veliko dru\u017eino, &#8230;) itd.<\/p>\n<p>Center za socialno delo \u0160marje pri Jel\u0161ah<\/p>\n<ul>\n<li>Roga\u0161ka cesta 38, \u0160marje pri Jel\u0161ah<\/li>\n<li>telefon: 03 818 16 50<\/li>\n<li>telefaks: 03 818 16 64<\/li>\n<li>e-naslov:\u00a0<a href=\"mailto:gpcsd.smarj@gov.si\">gpcsd.smarj@gov.si<\/a><\/li>\n<li><a href=\"http:\/\/www.csd-smarje.com\/\" target=\"_blank\">www.csd-smarje.com<\/a><\/li>\n<\/ul>\n<p>&nbsp;<\/p>\n<p><b>Enkratna denarna pomo\u010d za novorojenca<\/b><\/p>\n<p>Enkratna denarna pomo\u010d za novorojenca je enkratna dru\u017ebena pomo\u010d novorojenemu otroku, s katero se dru\u017eini oz. roditeljem zagotovijo dodatna sredstva za pokrivanje stro\u0161kov, ki nastanejo z rojstvom otroka. Do denarne pomo\u010di je upravi\u010den eden od star\u0161ev pod pogojem, da imata upravi\u010denec in novorojenec stalno prebivali\u0161\u010de v Ob\u010dini Rogatec.<\/p>\n<p>Pravica do pomo\u010di se uveljavlja s pisno vlogo na predpisanem obrazcu.<a href=\"https:\/\/obcina.rogatec.si\/o-obcini\/vloge-in-obrazci\/\"> Obrazec<\/a> se lahko dvigne na Ob\u010dini Rogatec in na spletni strani.<\/p>\n<h3><\/h3>\n","protected":false},"excerpt":{"rendered":"<p>Oddelek za dru\u017ebene dejavnosti opravlja naloge s podro\u010dja: pred\u0161olske vzgoje in izobra\u017eevanja, kulture in varstva kulturne dedi\u0161\u010dine, zdravstvenega in socialnega varstva ob\u010danov, \u0161porta in rekreacije, dejavnosti mladih in mladinsko raziskovalne dejavnosti ter druge upravne in strokovno tehni\u010dne naloge na podro\u010dju dru\u017ebenih dejavnosti in delovanja javnih \u00a0zavodov, katerih ustanoviteljica ali soustanoviteljica je ob\u010dina. &nbsp; Osnovno zdravstvo [&hellip;]<\/p>\n","protected":false},"author":1,"featured_media":0,"parent":689,"menu_order":0,"comment_status":"closed","ping_status":"closed","template":"","meta":{"_uag_custom_page_level_css":"","footnotes":""},"class_list":["post-698","page","type-page","status-publish","hentry"],"yoast_head":"<!-- This site is optimized with the Yoast SEO plugin v27.2 - https:\/\/yoast.com\/product\/yoast-seo-wordpress\/ -->\n<title>Dru\u017ebene dejavnosti - Ob\u010dina Rogatec<\/title>\n<meta name=\"robots\" content=\"index, follow, max-snippet:-1, max-image-preview:large, max-video-preview:-1\" \/>\n<link rel=\"canonical\" href=\"https:\/\/obcina.rogatec.si\/obcinska-uprava\/druzbene-dejavnosti\/\" \/>\n<meta property=\"og:locale\" content=\"sl_SI\" \/>\n<meta property=\"og:type\" content=\"article\" \/>\n<meta property=\"og:title\" content=\"Dru\u017ebene dejavnosti - Ob\u010dina Rogatec\" \/>\n<meta property=\"og:description\" content=\"Oddelek za dru\u017ebene dejavnosti opravlja naloge s podro\u010dja: pred\u0161olske vzgoje in izobra\u017eevanja, kulture in varstva kulturne dedi\u0161\u010dine, zdravstvenega in socialnega varstva ob\u010danov, \u0161porta in rekreacije, dejavnosti mladih in mladinsko raziskovalne dejavnosti ter druge upravne in strokovno tehni\u010dne naloge na podro\u010dju dru\u017ebenih dejavnosti in delovanja javnih \u00a0zavodov, katerih ustanoviteljica ali soustanoviteljica je ob\u010dina. &nbsp; Osnovno zdravstvo [&hellip;]\" \/>\n<meta property=\"og:url\" content=\"https:\/\/obcina.rogatec.si\/obcinska-uprava\/druzbene-dejavnosti\/\" \/>\n<meta property=\"og:site_name\" content=\"Ob\u010dina Rogatec\" \/>\n<meta property=\"article:publisher\" content=\"https:\/\/www.facebook.com\/VisitRogatec\/\" \/>\n<meta property=\"article:modified_time\" content=\"2013-11-13T08:09:55+00:00\" \/>\n<meta property=\"og:image\" content=\"https:\/\/obcina.rogatec.si\/wp-content\/uploads\/2013\/10\/MUZEJ-NA-PROSTEM-ROGATEC.jpg\" \/>\n\t<meta property=\"og:image:width\" content=\"1900\" \/>\n\t<meta property=\"og:image:height\" content=\"1262\" \/>\n\t<meta property=\"og:image:type\" content=\"image\/jpeg\" \/>\n<meta name=\"twitter:card\" content=\"summary_large_image\" \/>\n<meta name=\"twitter:label1\" content=\"Est. reading time\" \/>\n\t<meta name=\"twitter:data1\" content=\"2 minuti\" \/>\n<script type=\"application\/ld+json\" class=\"yoast-schema-graph\">{\"@context\":\"https:\/\/schema.org\",\"@graph\":[{\"@type\":\"WebPage\",\"@id\":\"https:\/\/obcina.rogatec.si\/obcinska-uprava\/druzbene-dejavnosti\/\",\"url\":\"https:\/\/obcina.rogatec.si\/obcinska-uprava\/druzbene-dejavnosti\/\",\"name\":\"Dru\u017ebene dejavnosti - Ob\u010dina Rogatec\",\"isPartOf\":{\"@id\":\"https:\/\/obcina.rogatec.si\/#website\"},\"datePublished\":\"2013-11-06T05:31:59+00:00\",\"dateModified\":\"2013-11-13T08:09:55+00:00\",\"breadcrumb\":{\"@id\":\"https:\/\/obcina.rogatec.si\/obcinska-uprava\/druzbene-dejavnosti\/#breadcrumb\"},\"inLanguage\":\"sl-SI\",\"potentialAction\":[{\"@type\":\"ReadAction\",\"target\":[\"https:\/\/obcina.rogatec.si\/obcinska-uprava\/druzbene-dejavnosti\/\"]}]},{\"@type\":\"BreadcrumbList\",\"@id\":\"https:\/\/obcina.rogatec.si\/obcinska-uprava\/druzbene-dejavnosti\/#breadcrumb\",\"itemListElement\":[{\"@type\":\"ListItem\",\"position\":1,\"name\":\"Domov\",\"item\":\"https:\/\/obcina.rogatec.si\/\"},{\"@type\":\"ListItem\",\"position\":2,\"name\":\"Ob\u010dinska uprava\",\"item\":\"https:\/\/obcina.rogatec.si\/obcinska-uprava\/\"},{\"@type\":\"ListItem\",\"position\":3,\"name\":\"Dru\u017ebene dejavnosti\"}]},{\"@type\":\"WebSite\",\"@id\":\"https:\/\/obcina.rogatec.si\/#website\",\"url\":\"https:\/\/obcina.rogatec.si\/\",\"name\":\"Ob\u010dina Rogatec\",\"description\":\"Uradni spletni portal Ob\u010dine Rogatec\",\"publisher\":{\"@id\":\"https:\/\/obcina.rogatec.si\/#organization\"},\"potentialAction\":[{\"@type\":\"SearchAction\",\"target\":{\"@type\":\"EntryPoint\",\"urlTemplate\":\"https:\/\/obcina.rogatec.si\/?s={search_term_string}\"},\"query-input\":{\"@type\":\"PropertyValueSpecification\",\"valueRequired\":true,\"valueName\":\"search_term_string\"}}],\"inLanguage\":\"sl-SI\"},{\"@type\":\"Organization\",\"@id\":\"https:\/\/obcina.rogatec.si\/#organization\",\"name\":\"Ob\u010dina Rogatec\",\"url\":\"https:\/\/obcina.rogatec.si\/\",\"logo\":{\"@type\":\"ImageObject\",\"inLanguage\":\"sl-SI\",\"@id\":\"https:\/\/obcina.rogatec.si\/#\/schema\/logo\/image\/\",\"url\":\"https:\/\/obcina.rogatec.si\/wp-content\/uploads\/2021\/01\/ObcinaRogatec_col.png\",\"contentUrl\":\"https:\/\/obcina.rogatec.si\/wp-content\/uploads\/2021\/01\/ObcinaRogatec_col.png\",\"width\":275,\"height\":100,\"caption\":\"Ob\u010dina Rogatec\"},\"image\":{\"@id\":\"https:\/\/obcina.rogatec.si\/#\/schema\/logo\/image\/\"},\"sameAs\":[\"https:\/\/www.facebook.com\/VisitRogatec\/\",\"https:\/\/www.instagram.com\/visitrogatec\/\",\"https:\/\/www.youtube.com\/channel\/UC0j4SRaLd9oSppR8hwVd5tw\"]}]}<\/script>\n<!-- \/ Yoast SEO plugin. -->","yoast_head_json":{"title":"Dru\u017ebene dejavnosti - Ob\u010dina Rogatec","robots":{"index":"index","follow":"follow","max-snippet":"max-snippet:-1","max-image-preview":"max-image-preview:large","max-video-preview":"max-video-preview:-1"},"canonical":"https:\/\/obcina.rogatec.si\/obcinska-uprava\/druzbene-dejavnosti\/","og_locale":"sl_SI","og_type":"article","og_title":"Dru\u017ebene dejavnosti - Ob\u010dina Rogatec","og_description":"Oddelek za dru\u017ebene dejavnosti opravlja naloge s podro\u010dja: pred\u0161olske vzgoje in izobra\u017eevanja, kulture in varstva kulturne dedi\u0161\u010dine, zdravstvenega in socialnega varstva ob\u010danov, \u0161porta in rekreacije, dejavnosti mladih in mladinsko raziskovalne dejavnosti ter druge upravne in strokovno tehni\u010dne naloge na podro\u010dju dru\u017ebenih dejavnosti in delovanja javnih \u00a0zavodov, katerih ustanoviteljica ali soustanoviteljica je ob\u010dina. &nbsp; Osnovno zdravstvo [&hellip;]","og_url":"https:\/\/obcina.rogatec.si\/obcinska-uprava\/druzbene-dejavnosti\/","og_site_name":"Ob\u010dina Rogatec","article_publisher":"https:\/\/www.facebook.com\/VisitRogatec\/","article_modified_time":"2013-11-13T08:09:55+00:00","og_image":[{"width":1900,"height":1262,"url":"https:\/\/obcina.rogatec.si\/wp-content\/uploads\/2013\/10\/MUZEJ-NA-PROSTEM-ROGATEC.jpg","type":"image\/jpeg"}],"twitter_card":"summary_large_image","twitter_misc":{"Est. reading time":"2 minuti"},"schema":{"@context":"https:\/\/schema.org","@graph":[{"@type":"WebPage","@id":"https:\/\/obcina.rogatec.si\/obcinska-uprava\/druzbene-dejavnosti\/","url":"https:\/\/obcina.rogatec.si\/obcinska-uprava\/druzbene-dejavnosti\/","name":"Dru\u017ebene dejavnosti - Ob\u010dina Rogatec","isPartOf":{"@id":"https:\/\/obcina.rogatec.si\/#website"},"datePublished":"2013-11-06T05:31:59+00:00","dateModified":"2013-11-13T08:09:55+00:00","breadcrumb":{"@id":"https:\/\/obcina.rogatec.si\/obcinska-uprava\/druzbene-dejavnosti\/#breadcrumb"},"inLanguage":"sl-SI","potentialAction":[{"@type":"ReadAction","target":["https:\/\/obcina.rogatec.si\/obcinska-uprava\/druzbene-dejavnosti\/"]}]},{"@type":"BreadcrumbList","@id":"https:\/\/obcina.rogatec.si\/obcinska-uprava\/druzbene-dejavnosti\/#breadcrumb","itemListElement":[{"@type":"ListItem","position":1,"name":"Domov","item":"https:\/\/obcina.rogatec.si\/"},{"@type":"ListItem","position":2,"name":"Ob\u010dinska uprava","item":"https:\/\/obcina.rogatec.si\/obcinska-uprava\/"},{"@type":"ListItem","position":3,"name":"Dru\u017ebene dejavnosti"}]},{"@type":"WebSite","@id":"https:\/\/obcina.rogatec.si\/#website","url":"https:\/\/obcina.rogatec.si\/","name":"Ob\u010dina Rogatec","description":"Uradni spletni portal Ob\u010dine Rogatec","publisher":{"@id":"https:\/\/obcina.rogatec.si\/#organization"},"potentialAction":[{"@type":"SearchAction","target":{"@type":"EntryPoint","urlTemplate":"https:\/\/obcina.rogatec.si\/?s={search_term_string}"},"query-input":{"@type":"PropertyValueSpecification","valueRequired":true,"valueName":"search_term_string"}}],"inLanguage":"sl-SI"},{"@type":"Organization","@id":"https:\/\/obcina.rogatec.si\/#organization","name":"Ob\u010dina Rogatec","url":"https:\/\/obcina.rogatec.si\/","logo":{"@type":"ImageObject","inLanguage":"sl-SI","@id":"https:\/\/obcina.rogatec.si\/#\/schema\/logo\/image\/","url":"https:\/\/obcina.rogatec.si\/wp-content\/uploads\/2021\/01\/ObcinaRogatec_col.png","contentUrl":"https:\/\/obcina.rogatec.si\/wp-content\/uploads\/2021\/01\/ObcinaRogatec_col.png","width":275,"height":100,"caption":"Ob\u010dina Rogatec"},"image":{"@id":"https:\/\/obcina.rogatec.si\/#\/schema\/logo\/image\/"},"sameAs":["https:\/\/www.facebook.com\/VisitRogatec\/","https:\/\/www.instagram.com\/visitrogatec\/","https:\/\/www.youtube.com\/channel\/UC0j4SRaLd9oSppR8hwVd5tw"]}]}},"uagb_featured_image_src":{"full":false,"thumbnail":false,"medium":false,"medium_large":false,"large":false,"1536x1536":false,"2048x2048":false,"XXS":false,"XS":false,"S":false,"M":false,"L":false,"XL":false},"uagb_author_info":{"display_name":"Ob\u010dina Rogatec","author_link":"https:\/\/obcina.rogatec.si\/author\/vedran72\/"},"uagb_comment_info":0,"uagb_excerpt":"Oddelek za dru\u017ebene dejavnosti opravlja naloge s podro\u010dja: pred\u0161olske vzgoje in izobra\u017eevanja, kulture in varstva kulturne dedi\u0161\u010dine, zdravstvenega in socialnega varstva ob\u010danov, \u0161porta in rekreacije, dejavnosti mladih in mladinsko raziskovalne dejavnosti ter druge upravne in strokovno tehni\u010dne naloge na podro\u010dju dru\u017ebenih dejavnosti in delovanja javnih \u00a0zavodov, katerih ustanoviteljica ali soustanoviteljica je ob\u010dina. &nbsp; Osnovno zdravstvo&hellip;","_links":{"self":[{"href":"https:\/\/obcina.rogatec.si\/wp-json\/wp\/v2\/pages\/698","targetHints":{"allow":["GET"]}}],"collection":[{"href":"https:\/\/obcina.rogatec.si\/wp-json\/wp\/v2\/pages"}],"about":[{"href":"https:\/\/obcina.rogatec.si\/wp-json\/wp\/v2\/types\/page"}],"author":[{"embeddable":true,"href":"https:\/\/obcina.rogatec.si\/wp-json\/wp\/v2\/users\/1"}],"replies":[{"embeddable":true,"href":"https:\/\/obcina.rogatec.si\/wp-json\/wp\/v2\/comments?post=698"}],"version-history":[{"count":9,"href":"https:\/\/obcina.rogatec.si\/wp-json\/wp\/v2\/pages\/698\/revisions"}],"predecessor-version":[{"id":806,"href":"https:\/\/obcina.rogatec.si\/wp-json\/wp\/v2\/pages\/698\/revisions\/806"}],"up":[{"embeddable":true,"href":"https:\/\/obcina.rogatec.si\/wp-json\/wp\/v2\/pages\/689"}],"wp:attachment":[{"href":"https:\/\/obcina.rogatec.si\/wp-json\/wp\/v2\/media?parent=698"}],"curies":[{"name":"wp","href":"https:\/\/api.w.org\/{rel}","templated":true}]}}