{"id":696,"date":"2013-11-06T05:31:43","date_gmt":"2013-11-06T05:31:43","guid":{"rendered":"https:\/\/obcina.rogatec.si\/?page_id=696"},"modified":"2021-02-03T10:12:35","modified_gmt":"2021-02-03T09:12:35","slug":"razvojna-pisarna","status":"publish","type":"page","link":"https:\/\/obcina.rogatec.si\/obcinska-uprava\/razvojna-pisarna\/","title":{"rendered":"Razvojna pisarna"},"content":{"rendered":"<p><strong>mag. Suzana LIKAR<\/strong><br \/>tel: 03\/ 812 10 24<br \/>fax: 03\/812 10 12<br \/>e-po\u0161ta: suzana.likar@rogatec.si<br \/>Na podlagi sporazuma, sklenjenega z Zavodom za kulturo, turizem in razvoj Rogatec, opravlja dela na podro\u010dju gospodarstva, investicij, javnih naro\u010dil.<\/p>\n<p><strong>Simona Arzen\u0161ek, univ.dipl.ing.kmet.<\/strong><br \/>tel: 03\/812 10 25<br \/>fax: 03\/812 10 12<br \/>e-po\u0161ta: simona.arzensek@rogatec.si<br \/>Na podlagi sporazuma, sklenjenega z Zavodom za kulturo, turizem in razvoj Rogatec, opravlja dela na podro\u010dju kmetijstva.<\/p>\n\n\n<p><\/p>\n","protected":false},"excerpt":{"rendered":"<p>mag. Suzana LIKARtel: 03\/ 812 10 24fax: 03\/812 10 12e-po\u0161ta: suzana.likar@rogatec.siNa podlagi sporazuma, sklenjenega z Zavodom za kulturo, turizem in razvoj Rogatec, opravlja dela na podro\u010dju gospodarstva, investicij, javnih naro\u010dil. Simona Arzen\u0161ek, univ.dipl.ing.kmet.tel: 03\/812 10 25fax: 03\/812 10 12e-po\u0161ta: simona.arzensek@rogatec.siNa podlagi sporazuma, sklenjenega z Zavodom za kulturo, turizem in razvoj Rogatec, opravlja dela na podro\u010dju [&hellip;]<\/p>\n","protected":false},"author":1,"featured_media":0,"parent":689,"menu_order":0,"comment_status":"closed","ping_status":"closed","template":"","meta":{"_uag_custom_page_level_css":"","footnotes":""},"class_list":["post-696","page","type-page","status-publish","hentry"],"yoast_head":"<!-- This site is optimized with the Yoast SEO plugin v27.2 - https:\/\/yoast.com\/product\/yoast-seo-wordpress\/ -->\n<title>Razvojna pisarna - Ob\u010dina Rogatec<\/title>\n<meta name=\"robots\" content=\"index, follow, max-snippet:-1, max-image-preview:large, max-video-preview:-1\" \/>\n<link rel=\"canonical\" href=\"https:\/\/obcina.rogatec.si\/obcinska-uprava\/razvojna-pisarna\/\" \/>\n<meta property=\"og:locale\" content=\"sl_SI\" \/>\n<meta property=\"og:type\" content=\"article\" \/>\n<meta property=\"og:title\" content=\"Razvojna pisarna - Ob\u010dina Rogatec\" \/>\n<meta property=\"og:description\" content=\"mag. Suzana LIKARtel: 03\/ 812 10 24fax: 03\/812 10 12e-po\u0161ta: suzana.likar@rogatec.siNa podlagi sporazuma, sklenjenega z Zavodom za kulturo, turizem in razvoj Rogatec, opravlja dela na podro\u010dju gospodarstva, investicij, javnih naro\u010dil. Simona Arzen\u0161ek, univ.dipl.ing.kmet.tel: 03\/812 10 25fax: 03\/812 10 12e-po\u0161ta: simona.arzensek@rogatec.siNa podlagi sporazuma, sklenjenega z Zavodom za kulturo, turizem in razvoj Rogatec, opravlja dela na podro\u010dju [&hellip;]\" \/>\n<meta property=\"og:url\" content=\"https:\/\/obcina.rogatec.si\/obcinska-uprava\/razvojna-pisarna\/\" \/>\n<meta property=\"og:site_name\" content=\"Ob\u010dina Rogatec\" \/>\n<meta property=\"article:publisher\" content=\"https:\/\/www.facebook.com\/VisitRogatec\/\" \/>\n<meta property=\"article:modified_time\" content=\"2021-02-03T09:12:35+00:00\" \/>\n<meta property=\"og:image\" content=\"https:\/\/obcina.rogatec.si\/wp-content\/uploads\/2013\/10\/MUZEJ-NA-PROSTEM-ROGATEC.jpg\" \/>\n\t<meta property=\"og:image:width\" content=\"1900\" \/>\n\t<meta property=\"og:image:height\" content=\"1262\" \/>\n\t<meta property=\"og:image:type\" content=\"image\/jpeg\" \/>\n<meta name=\"twitter:card\" content=\"summary_large_image\" \/>\n<meta name=\"twitter:label1\" content=\"Est. reading time\" \/>\n\t<meta name=\"twitter:data1\" content=\"1 minuta\" \/>\n<script type=\"application\/ld+json\" class=\"yoast-schema-graph\">{\"@context\":\"https:\/\/schema.org\",\"@graph\":[{\"@type\":\"WebPage\",\"@id\":\"https:\/\/obcina.rogatec.si\/obcinska-uprava\/razvojna-pisarna\/\",\"url\":\"https:\/\/obcina.rogatec.si\/obcinska-uprava\/razvojna-pisarna\/\",\"name\":\"Razvojna pisarna - Ob\u010dina Rogatec\",\"isPartOf\":{\"@id\":\"https:\/\/obcina.rogatec.si\/#website\"},\"datePublished\":\"2013-11-06T05:31:43+00:00\",\"dateModified\":\"2021-02-03T09:12:35+00:00\",\"breadcrumb\":{\"@id\":\"https:\/\/obcina.rogatec.si\/obcinska-uprava\/razvojna-pisarna\/#breadcrumb\"},\"inLanguage\":\"sl-SI\",\"potentialAction\":[{\"@type\":\"ReadAction\",\"target\":[\"https:\/\/obcina.rogatec.si\/obcinska-uprava\/razvojna-pisarna\/\"]}]},{\"@type\":\"BreadcrumbList\",\"@id\":\"https:\/\/obcina.rogatec.si\/obcinska-uprava\/razvojna-pisarna\/#breadcrumb\",\"itemListElement\":[{\"@type\":\"ListItem\",\"position\":1,\"name\":\"Domov\",\"item\":\"https:\/\/obcina.rogatec.si\/\"},{\"@type\":\"ListItem\",\"position\":2,\"name\":\"Ob\u010dinska uprava\",\"item\":\"https:\/\/obcina.rogatec.si\/obcinska-uprava\/\"},{\"@type\":\"ListItem\",\"position\":3,\"name\":\"Razvojna pisarna\"}]},{\"@type\":\"WebSite\",\"@id\":\"https:\/\/obcina.rogatec.si\/#website\",\"url\":\"https:\/\/obcina.rogatec.si\/\",\"name\":\"Ob\u010dina Rogatec\",\"description\":\"Uradni spletni portal Ob\u010dine Rogatec\",\"publisher\":{\"@id\":\"https:\/\/obcina.rogatec.si\/#organization\"},\"potentialAction\":[{\"@type\":\"SearchAction\",\"target\":{\"@type\":\"EntryPoint\",\"urlTemplate\":\"https:\/\/obcina.rogatec.si\/?s={search_term_string}\"},\"query-input\":{\"@type\":\"PropertyValueSpecification\",\"valueRequired\":true,\"valueName\":\"search_term_string\"}}],\"inLanguage\":\"sl-SI\"},{\"@type\":\"Organization\",\"@id\":\"https:\/\/obcina.rogatec.si\/#organization\",\"name\":\"Ob\u010dina Rogatec\",\"url\":\"https:\/\/obcina.rogatec.si\/\",\"logo\":{\"@type\":\"ImageObject\",\"inLanguage\":\"sl-SI\",\"@id\":\"https:\/\/obcina.rogatec.si\/#\/schema\/logo\/image\/\",\"url\":\"https:\/\/obcina.rogatec.si\/wp-content\/uploads\/2021\/01\/ObcinaRogatec_col.png\",\"contentUrl\":\"https:\/\/obcina.rogatec.si\/wp-content\/uploads\/2021\/01\/ObcinaRogatec_col.png\",\"width\":275,\"height\":100,\"caption\":\"Ob\u010dina Rogatec\"},\"image\":{\"@id\":\"https:\/\/obcina.rogatec.si\/#\/schema\/logo\/image\/\"},\"sameAs\":[\"https:\/\/www.facebook.com\/VisitRogatec\/\",\"https:\/\/www.instagram.com\/visitrogatec\/\",\"https:\/\/www.youtube.com\/channel\/UC0j4SRaLd9oSppR8hwVd5tw\"]}]}<\/script>\n<!-- \/ Yoast SEO plugin. -->","yoast_head_json":{"title":"Razvojna pisarna - Ob\u010dina Rogatec","robots":{"index":"index","follow":"follow","max-snippet":"max-snippet:-1","max-image-preview":"max-image-preview:large","max-video-preview":"max-video-preview:-1"},"canonical":"https:\/\/obcina.rogatec.si\/obcinska-uprava\/razvojna-pisarna\/","og_locale":"sl_SI","og_type":"article","og_title":"Razvojna pisarna - Ob\u010dina Rogatec","og_description":"mag. Suzana LIKARtel: 03\/ 812 10 24fax: 03\/812 10 12e-po\u0161ta: suzana.likar@rogatec.siNa podlagi sporazuma, sklenjenega z Zavodom za kulturo, turizem in razvoj Rogatec, opravlja dela na podro\u010dju gospodarstva, investicij, javnih naro\u010dil. Simona Arzen\u0161ek, univ.dipl.ing.kmet.tel: 03\/812 10 25fax: 03\/812 10 12e-po\u0161ta: simona.arzensek@rogatec.siNa podlagi sporazuma, sklenjenega z Zavodom za kulturo, turizem in razvoj Rogatec, opravlja dela na podro\u010dju [&hellip;]","og_url":"https:\/\/obcina.rogatec.si\/obcinska-uprava\/razvojna-pisarna\/","og_site_name":"Ob\u010dina Rogatec","article_publisher":"https:\/\/www.facebook.com\/VisitRogatec\/","article_modified_time":"2021-02-03T09:12:35+00:00","og_image":[{"width":1900,"height":1262,"url":"https:\/\/obcina.rogatec.si\/wp-content\/uploads\/2013\/10\/MUZEJ-NA-PROSTEM-ROGATEC.jpg","type":"image\/jpeg"}],"twitter_card":"summary_large_image","twitter_misc":{"Est. reading time":"1 minuta"},"schema":{"@context":"https:\/\/schema.org","@graph":[{"@type":"WebPage","@id":"https:\/\/obcina.rogatec.si\/obcinska-uprava\/razvojna-pisarna\/","url":"https:\/\/obcina.rogatec.si\/obcinska-uprava\/razvojna-pisarna\/","name":"Razvojna pisarna - Ob\u010dina Rogatec","isPartOf":{"@id":"https:\/\/obcina.rogatec.si\/#website"},"datePublished":"2013-11-06T05:31:43+00:00","dateModified":"2021-02-03T09:12:35+00:00","breadcrumb":{"@id":"https:\/\/obcina.rogatec.si\/obcinska-uprava\/razvojna-pisarna\/#breadcrumb"},"inLanguage":"sl-SI","potentialAction":[{"@type":"ReadAction","target":["https:\/\/obcina.rogatec.si\/obcinska-uprava\/razvojna-pisarna\/"]}]},{"@type":"BreadcrumbList","@id":"https:\/\/obcina.rogatec.si\/obcinska-uprava\/razvojna-pisarna\/#breadcrumb","itemListElement":[{"@type":"ListItem","position":1,"name":"Domov","item":"https:\/\/obcina.rogatec.si\/"},{"@type":"ListItem","position":2,"name":"Ob\u010dinska uprava","item":"https:\/\/obcina.rogatec.si\/obcinska-uprava\/"},{"@type":"ListItem","position":3,"name":"Razvojna pisarna"}]},{"@type":"WebSite","@id":"https:\/\/obcina.rogatec.si\/#website","url":"https:\/\/obcina.rogatec.si\/","name":"Ob\u010dina Rogatec","description":"Uradni spletni portal Ob\u010dine Rogatec","publisher":{"@id":"https:\/\/obcina.rogatec.si\/#organization"},"potentialAction":[{"@type":"SearchAction","target":{"@type":"EntryPoint","urlTemplate":"https:\/\/obcina.rogatec.si\/?s={search_term_string}"},"query-input":{"@type":"PropertyValueSpecification","valueRequired":true,"valueName":"search_term_string"}}],"inLanguage":"sl-SI"},{"@type":"Organization","@id":"https:\/\/obcina.rogatec.si\/#organization","name":"Ob\u010dina Rogatec","url":"https:\/\/obcina.rogatec.si\/","logo":{"@type":"ImageObject","inLanguage":"sl-SI","@id":"https:\/\/obcina.rogatec.si\/#\/schema\/logo\/image\/","url":"https:\/\/obcina.rogatec.si\/wp-content\/uploads\/2021\/01\/ObcinaRogatec_col.png","contentUrl":"https:\/\/obcina.rogatec.si\/wp-content\/uploads\/2021\/01\/ObcinaRogatec_col.png","width":275,"height":100,"caption":"Ob\u010dina Rogatec"},"image":{"@id":"https:\/\/obcina.rogatec.si\/#\/schema\/logo\/image\/"},"sameAs":["https:\/\/www.facebook.com\/VisitRogatec\/","https:\/\/www.instagram.com\/visitrogatec\/","https:\/\/www.youtube.com\/channel\/UC0j4SRaLd9oSppR8hwVd5tw"]}]}},"uagb_featured_image_src":{"full":false,"thumbnail":false,"medium":false,"medium_large":false,"large":false,"1536x1536":false,"2048x2048":false,"XXS":false,"XS":false,"S":false,"M":false,"L":false,"XL":false},"uagb_author_info":{"display_name":"Ob\u010dina Rogatec","author_link":"https:\/\/obcina.rogatec.si\/author\/vedran72\/"},"uagb_comment_info":0,"uagb_excerpt":"mag. Suzana LIKARtel: 03\/ 812 10 24fax: 03\/812 10 12e-po\u0161ta: suzana.likar@rogatec.siNa podlagi sporazuma, sklenjenega z Zavodom za kulturo, turizem in razvoj Rogatec, opravlja dela na podro\u010dju gospodarstva, investicij, javnih naro\u010dil. Simona Arzen\u0161ek, univ.dipl.ing.kmet.tel: 03\/812 10 25fax: 03\/812 10 12e-po\u0161ta: simona.arzensek@rogatec.siNa podlagi sporazuma, sklenjenega z Zavodom za kulturo, turizem in razvoj Rogatec, opravlja dela na podro\u010dju&hellip;","_links":{"self":[{"href":"https:\/\/obcina.rogatec.si\/wp-json\/wp\/v2\/pages\/696","targetHints":{"allow":["GET"]}}],"collection":[{"href":"https:\/\/obcina.rogatec.si\/wp-json\/wp\/v2\/pages"}],"about":[{"href":"https:\/\/obcina.rogatec.si\/wp-json\/wp\/v2\/types\/page"}],"author":[{"embeddable":true,"href":"https:\/\/obcina.rogatec.si\/wp-json\/wp\/v2\/users\/1"}],"replies":[{"embeddable":true,"href":"https:\/\/obcina.rogatec.si\/wp-json\/wp\/v2\/comments?post=696"}],"version-history":[{"count":9,"href":"https:\/\/obcina.rogatec.si\/wp-json\/wp\/v2\/pages\/696\/revisions"}],"predecessor-version":[{"id":506345,"href":"https:\/\/obcina.rogatec.si\/wp-json\/wp\/v2\/pages\/696\/revisions\/506345"}],"up":[{"embeddable":true,"href":"https:\/\/obcina.rogatec.si\/wp-json\/wp\/v2\/pages\/689"}],"wp:attachment":[{"href":"https:\/\/obcina.rogatec.si\/wp-json\/wp\/v2\/media?parent=696"}],"curies":[{"name":"wp","href":"https:\/\/api.w.org\/{rel}","templated":true}]}}