{"id":694,"date":"2013-11-06T05:31:24","date_gmt":"2013-11-06T05:31:24","guid":{"rendered":"https:\/\/obcina.rogatec.si\/?page_id=694"},"modified":"2024-11-19T13:21:51","modified_gmt":"2024-11-19T12:21:51","slug":"zaposleni-obcinska-uprava","status":"publish","type":"page","link":"https:\/\/obcina.rogatec.si\/obcinska-uprava\/zaposleni-obcinska-uprava\/","title":{"rendered":"Zaposleni &#8211; ob\u010dinska uprava"},"content":{"rendered":"\r\n<div class=\"wp-block-columns is-layout-flex wp-container-core-columns-is-layout-9d6595d7 wp-block-columns-is-layout-flex\">\r\n<div class=\"wp-block-column is-layout-flow wp-block-column-is-layout-flow\" style=\"flex-basis: 100%;\">\r\n<p>Ob\u010dinska uprava Ob\u010dine Rogatec je bila ustanovljena z Odlokom o organizaciji in delovnem podro\u010dju Ob\u010dinske uprave ob\u010dine Rogatec (Uradni list RS, \u0161t. 40\/97 in 37\/98).<br \/>Nova organizacija in delovno podro\u010dje je urejeno z Odlokom o organizaciji in delovnem podro\u010dju Ob\u010dinske uprave ob\u010dine Rogatec (Ur.l. RS, \u0161t. 16\/2005)<\/p>\r\n<p>Poslovni \u010das ob\u010dinske uprave:<\/p>\r\n<ul>\r\n<li>Ponedeljek: 7.00 \u2013 15.00<\/li>\r\n<li>Torek: 7.00 \u2013 15.00<\/li>\r\n<li>Sreda: 7.00 \u2013 16.00<\/li>\r\n<li>\u010cetrtek: 7.00 \u2013 15.00<\/li>\r\n<li>Petek: 7.00 \u2013 14.00<\/li>\r\n<\/ul>\r\n<p><strong>OB\u010cINSKA UPRAVA<\/strong><\/p>\r\n<p>Za opravljanje nalog ob\u010dinske uprave v Ob\u010dini Rogatec deluje enovit organ:<br \/>Ob\u010dinska uprava Ob\u010dine Rogatec, s sede\u017eem v Rogatcu, na naslovu Pot k ribniku 4.<br \/>Ob\u010dinska uprava zagotavlja:<\/p>\r\n<p>\u2013 strokovno, u\u010dinkovito in racionalno izvr\u0161evanje nalog ob\u010dinske uprave,<br \/>\u2013 zakonito, pravo\u010dasno in u\u010dinkovito uresni\u010devanje pravic, interesov in obveznosti strank in drugih udele\u017eencev v postopkih,<br \/>\u2013 u\u010dinkovito sodelovanje z drugimi organi in institucijami,<br \/>\u2013 opravljanje nalog za druge ob\u010dine v primeru ustanovitve enega ali ve\u010d organov skupne ob\u010dinske uprave.<br \/><strong><br \/><\/strong><\/p>\r\n<p>Javni uslu\u017ebenci Ob\u010dine Rogatec:<\/p>\r\n<p><strong>Direktorica\u00a0ob\u010dinske uprave<\/strong><br \/><strong>Nata\u0161a LAVRI\u010c, univ.dipl.in\u017e.kraj.arh.<\/strong><br \/>Tel: 03\/812 10 20<br \/>E-po\u0161ta: <a href=\"mailto:klavdija.krizanec@rogatec.si\">natasa.lavric@rogatec.si<\/a><\/p>\r\n<p><strong><u>Tajni\u0161tvo, vlo\u017ei\u0161\u010de:<br \/><\/u>Rosana OZVALDI\u010c<\/strong><br \/><strong>Bojana FER\u010cEC<\/strong><\/p>\r\n<p>Tel. \u0161t.: 03\/812 10 00<br \/>Faks: 03\/812 10 12<br \/>E-po\u0161ta: <a href=\"mailto:obcina@rogatec.si\">obcina@rogatec.si<\/a><\/p>\r\n<p><strong><u>Podro\u010dje gospodarstva, okolja in prostora<br \/><\/u>Polona NOVAK, dipl. in\u017e. gradb.<\/strong><br \/>Tel. \u0161t.: 03\/812 10 16<br \/>E-po\u0161ta: <a href=\"mailto:polona.novak@rogatec.si\">polona.novak@rogatec.si<\/a><\/p>\r\n<p><strong><u>Podro\u010dje dru\u017ebenih dejavnosti<br \/><\/u>Anamarija TEPE\u0160, dipl.ekon. (UN)<\/strong><br \/>Tel: 03\/812 10 26<br \/>E-po\u0161ta:\u00a0<a href=\"mailto:anamarija.tepes@rogatec.si\">anamarija.tepes@rogatec.si<\/a><\/p>\r\n<p><strong><u>Podro\u010dje splo\u0161nih in pravnih zadev<br \/><\/u>Maja KAMPO\u0160 \u010cU\u010cEK, univ.dipl.prav.<\/strong><br \/>Tel: 03\/812 10 02<br \/>E-po\u0161ta: <a href=\"mailto:maja.kampos@rogatec.si\">maja.kampos@rogatec.si<\/a><\/p>\r\n<p><strong><u>Stanovanjsko podro\u010dje, poslovni prostori in ob\u010dinske takse <br \/><\/u>Klavdija KRI\u017dANEC, ekon.<\/strong><br \/>Tel: 03\/812 10 28<br \/>E-po\u0161ta:\u00a0<a href=\"mailto:klavdija.krizanec@rogatec.si\">klavdija.krizanec@rogatec.si<\/a><\/p>\r\n<p><strong><u>Podro\u010dje prora\u010duna in javnih financ<br \/><\/u>Lavra GREGOR\u010cI\u010c, dipl.ekon.<\/strong><br \/>Tel: 03\/812 10 19<br \/>E-po\u0161ta: <a href=\"mailto:laura.gregorcic@rogatec.si\">laura.gregorcic@rogatec.si<\/a><\/p>\r\n<p><strong>Edita VALEK<\/strong><br \/>Tel: 03\/812 10 18<br \/>E-po\u0161ta: <a href=\"mailto:edita.valek@rogatec.si\">edita.valek@rogatec.si<\/a><\/p>\r\n<p><strong><u>Vzdr\u017eevanje javnih povr\u0161in in ob\u010dinski cest<br \/><\/u><\/strong><strong>Andrej VODU\u0160EK<br \/><\/strong>Tel. \u0161t.: 03\/812 10 00<\/p>\r\n<p><strong>Slavko PAVLOVI\u010c<\/strong><strong><br \/><\/strong>Tel: 040 814 270<br \/>E-po\u0161ta:\u00a0<a href=\"mailto:slavko.pavlovic@rogatec.si\">slavko.pavlovic@rogatec.si<\/a><br \/>(zunanji strokovni sodelavec)<\/p>\r\n<p>&nbsp;<\/p>\r\n<p><strong><a href=\"https:\/\/obcina.rogatec.si\/wp-content\/uploads\/2013\/11\/Seznam-uradnih-oseb.pdf\">SEZNAM URADNIH OSEB, KI SO POOBLA\u0160\u010cENE ZA ODLO\u010cANJE O UPRAVNIH ZADEVAH IN ZA DEJANJA V POSTOPKU PRED IZDAJO ODLO\u010cBE<\/a><\/strong><\/p>\r\n<\/div>\r\n<\/div>\r\n\r\n\r\n\r\n<p>&nbsp;<\/p>\r\n","protected":false},"excerpt":{"rendered":"<p>Ob\u010dinska uprava Ob\u010dine Rogatec je bila ustanovljena z Odlokom o organizaciji in delovnem podro\u010dju Ob\u010dinske uprave ob\u010dine Rogatec (Uradni list RS, \u0161t. 40\/97 in 37\/98).Nova organizacija in delovno podro\u010dje je urejeno z Odlokom o organizaciji in delovnem podro\u010dju Ob\u010dinske uprave ob\u010dine Rogatec (Ur.l. RS, \u0161t. 16\/2005) Poslovni \u010das ob\u010dinske uprave: Ponedeljek: 7.00 \u2013 15.00 Torek: [&hellip;]<\/p>\n","protected":false},"author":1,"featured_media":0,"parent":689,"menu_order":0,"comment_status":"closed","ping_status":"closed","template":"","meta":{"_uag_custom_page_level_css":"","footnotes":""},"class_list":["post-694","page","type-page","status-publish","hentry"],"yoast_head":"<!-- This site is optimized with the Yoast SEO plugin v27.2 - https:\/\/yoast.com\/product\/yoast-seo-wordpress\/ -->\n<title>Zaposleni - ob\u010dinska uprava - Ob\u010dina Rogatec<\/title>\n<meta name=\"robots\" content=\"index, follow, max-snippet:-1, max-image-preview:large, max-video-preview:-1\" \/>\n<link rel=\"canonical\" href=\"https:\/\/obcina.rogatec.si\/obcinska-uprava\/zaposleni-obcinska-uprava\/\" \/>\n<meta property=\"og:locale\" content=\"sl_SI\" \/>\n<meta property=\"og:type\" content=\"article\" \/>\n<meta property=\"og:title\" content=\"Zaposleni - ob\u010dinska uprava - Ob\u010dina Rogatec\" \/>\n<meta property=\"og:description\" content=\"Ob\u010dinska uprava Ob\u010dine Rogatec je bila ustanovljena z Odlokom o organizaciji in delovnem podro\u010dju Ob\u010dinske uprave ob\u010dine Rogatec (Uradni list RS, \u0161t. 40\/97 in 37\/98).Nova organizacija in delovno podro\u010dje je urejeno z Odlokom o organizaciji in delovnem podro\u010dju Ob\u010dinske uprave ob\u010dine Rogatec (Ur.l. RS, \u0161t. 16\/2005) Poslovni \u010das ob\u010dinske uprave: Ponedeljek: 7.00 \u2013 15.00 Torek: [&hellip;]\" \/>\n<meta property=\"og:url\" content=\"https:\/\/obcina.rogatec.si\/obcinska-uprava\/zaposleni-obcinska-uprava\/\" \/>\n<meta property=\"og:site_name\" content=\"Ob\u010dina Rogatec\" \/>\n<meta property=\"article:publisher\" content=\"https:\/\/www.facebook.com\/VisitRogatec\/\" \/>\n<meta property=\"article:modified_time\" content=\"2024-11-19T12:21:51+00:00\" \/>\n<meta property=\"og:image\" content=\"https:\/\/obcina.rogatec.si\/wp-content\/uploads\/2013\/10\/MUZEJ-NA-PROSTEM-ROGATEC.jpg\" \/>\n\t<meta property=\"og:image:width\" content=\"1900\" \/>\n\t<meta property=\"og:image:height\" content=\"1262\" \/>\n\t<meta property=\"og:image:type\" content=\"image\/jpeg\" \/>\n<meta name=\"twitter:card\" content=\"summary_large_image\" \/>\n<meta name=\"twitter:label1\" content=\"Est. reading time\" \/>\n\t<meta name=\"twitter:data1\" content=\"2 minuti\" \/>\n<script type=\"application\/ld+json\" class=\"yoast-schema-graph\">{\"@context\":\"https:\/\/schema.org\",\"@graph\":[{\"@type\":\"WebPage\",\"@id\":\"https:\/\/obcina.rogatec.si\/obcinska-uprava\/zaposleni-obcinska-uprava\/\",\"url\":\"https:\/\/obcina.rogatec.si\/obcinska-uprava\/zaposleni-obcinska-uprava\/\",\"name\":\"Zaposleni - ob\u010dinska uprava - Ob\u010dina Rogatec\",\"isPartOf\":{\"@id\":\"https:\/\/obcina.rogatec.si\/#website\"},\"datePublished\":\"2013-11-06T05:31:24+00:00\",\"dateModified\":\"2024-11-19T12:21:51+00:00\",\"breadcrumb\":{\"@id\":\"https:\/\/obcina.rogatec.si\/obcinska-uprava\/zaposleni-obcinska-uprava\/#breadcrumb\"},\"inLanguage\":\"sl-SI\",\"potentialAction\":[{\"@type\":\"ReadAction\",\"target\":[\"https:\/\/obcina.rogatec.si\/obcinska-uprava\/zaposleni-obcinska-uprava\/\"]}]},{\"@type\":\"BreadcrumbList\",\"@id\":\"https:\/\/obcina.rogatec.si\/obcinska-uprava\/zaposleni-obcinska-uprava\/#breadcrumb\",\"itemListElement\":[{\"@type\":\"ListItem\",\"position\":1,\"name\":\"Domov\",\"item\":\"https:\/\/obcina.rogatec.si\/\"},{\"@type\":\"ListItem\",\"position\":2,\"name\":\"Ob\u010dinska uprava\",\"item\":\"https:\/\/obcina.rogatec.si\/obcinska-uprava\/\"},{\"@type\":\"ListItem\",\"position\":3,\"name\":\"Zaposleni &#8211; ob\u010dinska uprava\"}]},{\"@type\":\"WebSite\",\"@id\":\"https:\/\/obcina.rogatec.si\/#website\",\"url\":\"https:\/\/obcina.rogatec.si\/\",\"name\":\"Ob\u010dina Rogatec\",\"description\":\"Uradni spletni portal Ob\u010dine Rogatec\",\"publisher\":{\"@id\":\"https:\/\/obcina.rogatec.si\/#organization\"},\"potentialAction\":[{\"@type\":\"SearchAction\",\"target\":{\"@type\":\"EntryPoint\",\"urlTemplate\":\"https:\/\/obcina.rogatec.si\/?s={search_term_string}\"},\"query-input\":{\"@type\":\"PropertyValueSpecification\",\"valueRequired\":true,\"valueName\":\"search_term_string\"}}],\"inLanguage\":\"sl-SI\"},{\"@type\":\"Organization\",\"@id\":\"https:\/\/obcina.rogatec.si\/#organization\",\"name\":\"Ob\u010dina Rogatec\",\"url\":\"https:\/\/obcina.rogatec.si\/\",\"logo\":{\"@type\":\"ImageObject\",\"inLanguage\":\"sl-SI\",\"@id\":\"https:\/\/obcina.rogatec.si\/#\/schema\/logo\/image\/\",\"url\":\"https:\/\/obcina.rogatec.si\/wp-content\/uploads\/2021\/01\/ObcinaRogatec_col.png\",\"contentUrl\":\"https:\/\/obcina.rogatec.si\/wp-content\/uploads\/2021\/01\/ObcinaRogatec_col.png\",\"width\":275,\"height\":100,\"caption\":\"Ob\u010dina Rogatec\"},\"image\":{\"@id\":\"https:\/\/obcina.rogatec.si\/#\/schema\/logo\/image\/\"},\"sameAs\":[\"https:\/\/www.facebook.com\/VisitRogatec\/\",\"https:\/\/www.instagram.com\/visitrogatec\/\",\"https:\/\/www.youtube.com\/channel\/UC0j4SRaLd9oSppR8hwVd5tw\"]}]}<\/script>\n<!-- \/ Yoast SEO plugin. -->","yoast_head_json":{"title":"Zaposleni - ob\u010dinska uprava - Ob\u010dina Rogatec","robots":{"index":"index","follow":"follow","max-snippet":"max-snippet:-1","max-image-preview":"max-image-preview:large","max-video-preview":"max-video-preview:-1"},"canonical":"https:\/\/obcina.rogatec.si\/obcinska-uprava\/zaposleni-obcinska-uprava\/","og_locale":"sl_SI","og_type":"article","og_title":"Zaposleni - ob\u010dinska uprava - Ob\u010dina Rogatec","og_description":"Ob\u010dinska uprava Ob\u010dine Rogatec je bila ustanovljena z Odlokom o organizaciji in delovnem podro\u010dju Ob\u010dinske uprave ob\u010dine Rogatec (Uradni list RS, \u0161t. 40\/97 in 37\/98).Nova organizacija in delovno podro\u010dje je urejeno z Odlokom o organizaciji in delovnem podro\u010dju Ob\u010dinske uprave ob\u010dine Rogatec (Ur.l. RS, \u0161t. 16\/2005) Poslovni \u010das ob\u010dinske uprave: Ponedeljek: 7.00 \u2013 15.00 Torek: [&hellip;]","og_url":"https:\/\/obcina.rogatec.si\/obcinska-uprava\/zaposleni-obcinska-uprava\/","og_site_name":"Ob\u010dina Rogatec","article_publisher":"https:\/\/www.facebook.com\/VisitRogatec\/","article_modified_time":"2024-11-19T12:21:51+00:00","og_image":[{"width":1900,"height":1262,"url":"https:\/\/obcina.rogatec.si\/wp-content\/uploads\/2013\/10\/MUZEJ-NA-PROSTEM-ROGATEC.jpg","type":"image\/jpeg"}],"twitter_card":"summary_large_image","twitter_misc":{"Est. reading time":"2 minuti"},"schema":{"@context":"https:\/\/schema.org","@graph":[{"@type":"WebPage","@id":"https:\/\/obcina.rogatec.si\/obcinska-uprava\/zaposleni-obcinska-uprava\/","url":"https:\/\/obcina.rogatec.si\/obcinska-uprava\/zaposleni-obcinska-uprava\/","name":"Zaposleni - ob\u010dinska uprava - Ob\u010dina Rogatec","isPartOf":{"@id":"https:\/\/obcina.rogatec.si\/#website"},"datePublished":"2013-11-06T05:31:24+00:00","dateModified":"2024-11-19T12:21:51+00:00","breadcrumb":{"@id":"https:\/\/obcina.rogatec.si\/obcinska-uprava\/zaposleni-obcinska-uprava\/#breadcrumb"},"inLanguage":"sl-SI","potentialAction":[{"@type":"ReadAction","target":["https:\/\/obcina.rogatec.si\/obcinska-uprava\/zaposleni-obcinska-uprava\/"]}]},{"@type":"BreadcrumbList","@id":"https:\/\/obcina.rogatec.si\/obcinska-uprava\/zaposleni-obcinska-uprava\/#breadcrumb","itemListElement":[{"@type":"ListItem","position":1,"name":"Domov","item":"https:\/\/obcina.rogatec.si\/"},{"@type":"ListItem","position":2,"name":"Ob\u010dinska uprava","item":"https:\/\/obcina.rogatec.si\/obcinska-uprava\/"},{"@type":"ListItem","position":3,"name":"Zaposleni &#8211; ob\u010dinska uprava"}]},{"@type":"WebSite","@id":"https:\/\/obcina.rogatec.si\/#website","url":"https:\/\/obcina.rogatec.si\/","name":"Ob\u010dina Rogatec","description":"Uradni spletni portal Ob\u010dine Rogatec","publisher":{"@id":"https:\/\/obcina.rogatec.si\/#organization"},"potentialAction":[{"@type":"SearchAction","target":{"@type":"EntryPoint","urlTemplate":"https:\/\/obcina.rogatec.si\/?s={search_term_string}"},"query-input":{"@type":"PropertyValueSpecification","valueRequired":true,"valueName":"search_term_string"}}],"inLanguage":"sl-SI"},{"@type":"Organization","@id":"https:\/\/obcina.rogatec.si\/#organization","name":"Ob\u010dina Rogatec","url":"https:\/\/obcina.rogatec.si\/","logo":{"@type":"ImageObject","inLanguage":"sl-SI","@id":"https:\/\/obcina.rogatec.si\/#\/schema\/logo\/image\/","url":"https:\/\/obcina.rogatec.si\/wp-content\/uploads\/2021\/01\/ObcinaRogatec_col.png","contentUrl":"https:\/\/obcina.rogatec.si\/wp-content\/uploads\/2021\/01\/ObcinaRogatec_col.png","width":275,"height":100,"caption":"Ob\u010dina Rogatec"},"image":{"@id":"https:\/\/obcina.rogatec.si\/#\/schema\/logo\/image\/"},"sameAs":["https:\/\/www.facebook.com\/VisitRogatec\/","https:\/\/www.instagram.com\/visitrogatec\/","https:\/\/www.youtube.com\/channel\/UC0j4SRaLd9oSppR8hwVd5tw"]}]}},"uagb_featured_image_src":{"full":false,"thumbnail":false,"medium":false,"medium_large":false,"large":false,"1536x1536":false,"2048x2048":false,"XXS":false,"XS":false,"S":false,"M":false,"L":false,"XL":false},"uagb_author_info":{"display_name":"Ob\u010dina Rogatec","author_link":"https:\/\/obcina.rogatec.si\/author\/vedran72\/"},"uagb_comment_info":0,"uagb_excerpt":"Ob\u010dinska uprava Ob\u010dine Rogatec je bila ustanovljena z Odlokom o organizaciji in delovnem podro\u010dju Ob\u010dinske uprave ob\u010dine Rogatec (Uradni list RS, \u0161t. 40\/97 in 37\/98).Nova organizacija in delovno podro\u010dje je urejeno z Odlokom o organizaciji in delovnem podro\u010dju Ob\u010dinske uprave ob\u010dine Rogatec (Ur.l. RS, \u0161t. 16\/2005) Poslovni \u010das ob\u010dinske uprave: Ponedeljek: 7.00 \u2013 15.00 Torek:&hellip;","_links":{"self":[{"href":"https:\/\/obcina.rogatec.si\/wp-json\/wp\/v2\/pages\/694","targetHints":{"allow":["GET"]}}],"collection":[{"href":"https:\/\/obcina.rogatec.si\/wp-json\/wp\/v2\/pages"}],"about":[{"href":"https:\/\/obcina.rogatec.si\/wp-json\/wp\/v2\/types\/page"}],"author":[{"embeddable":true,"href":"https:\/\/obcina.rogatec.si\/wp-json\/wp\/v2\/users\/1"}],"replies":[{"embeddable":true,"href":"https:\/\/obcina.rogatec.si\/wp-json\/wp\/v2\/comments?post=694"}],"version-history":[{"count":37,"href":"https:\/\/obcina.rogatec.si\/wp-json\/wp\/v2\/pages\/694\/revisions"}],"predecessor-version":[{"id":509896,"href":"https:\/\/obcina.rogatec.si\/wp-json\/wp\/v2\/pages\/694\/revisions\/509896"}],"up":[{"embeddable":true,"href":"https:\/\/obcina.rogatec.si\/wp-json\/wp\/v2\/pages\/689"}],"wp:attachment":[{"href":"https:\/\/obcina.rogatec.si\/wp-json\/wp\/v2\/media?parent=694"}],"curies":[{"name":"wp","href":"https:\/\/api.w.org\/{rel}","templated":true}]}}