{"id":685,"date":"2013-11-06T05:23:52","date_gmt":"2013-11-06T05:23:52","guid":{"rendered":"https:\/\/obcina.rogatec.si\/?page_id=685"},"modified":"2022-08-23T09:39:44","modified_gmt":"2022-08-23T07:39:44","slug":"obcinska-volilna-komisija","status":"publish","type":"page","link":"https:\/\/obcina.rogatec.si\/organi-obcine\/obcinska-volilna-komisija\/","title":{"rendered":"Ob\u010dinska volilna komisija"},"content":{"rendered":"<p>V Ob\u010dinsko volilno komisijo Ob\u010dine Rogatec\u00a0 se imenujejo:<\/p>\n<p>\u2013\u00a0predsednica: Patricia Goru\u010dan, Linhartova ulica 18, 3250 Roga\u0161ka Slatina,<\/p>\n<p>\u2013\u00a0namestnica predsednice: Gabrijela Antolinc, Velike Rodne 29, 3250 Roga\u0161ka Slatina,<\/p>\n<p>\u2013\u00a0\u010dlanica: Mirela\u00a0Ozvaldi\u010d, Hofmanova ulica 5, 3252\u00a0Rogatec,<\/p>\n<p>\u2013\u00a0namestnica \u010dlanice: Nevenka Mrk\u0161a, Steklarska ulica\u00a016, 3252 Rogatec,<\/p>\n<p>\u2013\u00a0\u010dlan: Leopold \u0160turbej, \u017dahenberc 56e, 3252 Rogatec,<\/p>\n<p>\u2013\u00a0namestnica \u010dlana: Sonja Polaj\u017ear Bele, Sv. Jurij 4b, 3252 Rogatec,<\/p>\n<p>\u2013\u00a0\u010dlan: Vlado\u00a0Antoli\u010d, Lerchingerjeva ulica 5, 3252 Rogatec in<\/p>\n<p>\u2013\u00a0namestnik \u010dlana: Ale\u0161 Bele, \u017dahenberc 42, 3252\u00a0Rogatec.<\/p>\n<p>&nbsp;<\/p>\n<p class=\"h5 ul-content-title pull-left\"><a href=\"https:\/\/www.uradni-list.si\/glasilo-uradni-list-rs\/vsebina\/2019-01-2394\/sklep-o-imenovanju-obcinske-volilne-komisije-obcine-rogatec\">Sklep o imenovanju Ob\u010dinske volilne komisije Ob\u010dine Rogatec<\/a><\/p>\n<p>&nbsp;<\/p>\n<p>&nbsp;<\/p>\n","protected":false},"excerpt":{"rendered":"<p>V Ob\u010dinsko volilno komisijo Ob\u010dine Rogatec\u00a0 se imenujejo: \u2013\u00a0predsednica: Patricia Goru\u010dan, Linhartova ulica 18, 3250 Roga\u0161ka Slatina, \u2013\u00a0namestnica predsednice: Gabrijela Antolinc, Velike Rodne 29, 3250 Roga\u0161ka Slatina, \u2013\u00a0\u010dlanica: Mirela\u00a0Ozvaldi\u010d, Hofmanova ulica 5, 3252\u00a0Rogatec, \u2013\u00a0namestnica \u010dlanice: Nevenka Mrk\u0161a, Steklarska ulica\u00a016, 3252 Rogatec, \u2013\u00a0\u010dlan: Leopold \u0160turbej, \u017dahenberc 56e, 3252 Rogatec, \u2013\u00a0namestnica \u010dlana: Sonja Polaj\u017ear Bele, Sv. Jurij [&hellip;]<\/p>\n","protected":false},"author":1,"featured_media":0,"parent":681,"menu_order":0,"comment_status":"closed","ping_status":"closed","template":"","meta":{"_uag_custom_page_level_css":"","footnotes":""},"class_list":["post-685","page","type-page","status-publish","hentry"],"yoast_head":"<!-- This site is optimized with the Yoast SEO plugin v27.2 - https:\/\/yoast.com\/product\/yoast-seo-wordpress\/ -->\n<title>Ob\u010dinska volilna komisija - Ob\u010dina Rogatec<\/title>\n<meta name=\"robots\" content=\"index, follow, max-snippet:-1, max-image-preview:large, max-video-preview:-1\" \/>\n<link rel=\"canonical\" href=\"https:\/\/obcina.rogatec.si\/organi-obcine\/obcinska-volilna-komisija\/\" \/>\n<meta property=\"og:locale\" content=\"sl_SI\" \/>\n<meta property=\"og:type\" content=\"article\" \/>\n<meta property=\"og:title\" content=\"Ob\u010dinska volilna komisija - Ob\u010dina Rogatec\" \/>\n<meta property=\"og:description\" content=\"V Ob\u010dinsko volilno komisijo Ob\u010dine Rogatec\u00a0 se imenujejo: \u2013\u00a0predsednica: Patricia Goru\u010dan, Linhartova ulica 18, 3250 Roga\u0161ka Slatina, \u2013\u00a0namestnica predsednice: Gabrijela Antolinc, Velike Rodne 29, 3250 Roga\u0161ka Slatina, \u2013\u00a0\u010dlanica: Mirela\u00a0Ozvaldi\u010d, Hofmanova ulica 5, 3252\u00a0Rogatec, \u2013\u00a0namestnica \u010dlanice: Nevenka Mrk\u0161a, Steklarska ulica\u00a016, 3252 Rogatec, \u2013\u00a0\u010dlan: Leopold \u0160turbej, \u017dahenberc 56e, 3252 Rogatec, \u2013\u00a0namestnica \u010dlana: Sonja Polaj\u017ear Bele, Sv. Jurij [&hellip;]\" \/>\n<meta property=\"og:url\" content=\"https:\/\/obcina.rogatec.si\/organi-obcine\/obcinska-volilna-komisija\/\" \/>\n<meta property=\"og:site_name\" content=\"Ob\u010dina Rogatec\" \/>\n<meta property=\"article:publisher\" content=\"https:\/\/www.facebook.com\/VisitRogatec\/\" \/>\n<meta property=\"article:modified_time\" content=\"2022-08-23T07:39:44+00:00\" \/>\n<meta property=\"og:image\" content=\"https:\/\/obcina.rogatec.si\/wp-content\/uploads\/2013\/10\/MUZEJ-NA-PROSTEM-ROGATEC.jpg\" \/>\n\t<meta property=\"og:image:width\" content=\"1900\" \/>\n\t<meta property=\"og:image:height\" content=\"1262\" \/>\n\t<meta property=\"og:image:type\" content=\"image\/jpeg\" \/>\n<meta name=\"twitter:card\" content=\"summary_large_image\" \/>\n<meta name=\"twitter:label1\" content=\"Est. reading time\" \/>\n\t<meta name=\"twitter:data1\" content=\"1 minuta\" \/>\n<script type=\"application\/ld+json\" class=\"yoast-schema-graph\">{\"@context\":\"https:\/\/schema.org\",\"@graph\":[{\"@type\":\"WebPage\",\"@id\":\"https:\/\/obcina.rogatec.si\/organi-obcine\/obcinska-volilna-komisija\/\",\"url\":\"https:\/\/obcina.rogatec.si\/organi-obcine\/obcinska-volilna-komisija\/\",\"name\":\"Ob\u010dinska volilna komisija - Ob\u010dina Rogatec\",\"isPartOf\":{\"@id\":\"https:\/\/obcina.rogatec.si\/#website\"},\"datePublished\":\"2013-11-06T05:23:52+00:00\",\"dateModified\":\"2022-08-23T07:39:44+00:00\",\"breadcrumb\":{\"@id\":\"https:\/\/obcina.rogatec.si\/organi-obcine\/obcinska-volilna-komisija\/#breadcrumb\"},\"inLanguage\":\"sl-SI\",\"potentialAction\":[{\"@type\":\"ReadAction\",\"target\":[\"https:\/\/obcina.rogatec.si\/organi-obcine\/obcinska-volilna-komisija\/\"]}]},{\"@type\":\"BreadcrumbList\",\"@id\":\"https:\/\/obcina.rogatec.si\/organi-obcine\/obcinska-volilna-komisija\/#breadcrumb\",\"itemListElement\":[{\"@type\":\"ListItem\",\"position\":1,\"name\":\"Domov\",\"item\":\"https:\/\/obcina.rogatec.si\/\"},{\"@type\":\"ListItem\",\"position\":2,\"name\":\"Organi ob\u010dine\",\"item\":\"https:\/\/obcina.rogatec.si\/organi-obcine\/\"},{\"@type\":\"ListItem\",\"position\":3,\"name\":\"Ob\u010dinska volilna komisija\"}]},{\"@type\":\"WebSite\",\"@id\":\"https:\/\/obcina.rogatec.si\/#website\",\"url\":\"https:\/\/obcina.rogatec.si\/\",\"name\":\"Ob\u010dina Rogatec\",\"description\":\"Uradni spletni portal Ob\u010dine Rogatec\",\"publisher\":{\"@id\":\"https:\/\/obcina.rogatec.si\/#organization\"},\"potentialAction\":[{\"@type\":\"SearchAction\",\"target\":{\"@type\":\"EntryPoint\",\"urlTemplate\":\"https:\/\/obcina.rogatec.si\/?s={search_term_string}\"},\"query-input\":{\"@type\":\"PropertyValueSpecification\",\"valueRequired\":true,\"valueName\":\"search_term_string\"}}],\"inLanguage\":\"sl-SI\"},{\"@type\":\"Organization\",\"@id\":\"https:\/\/obcina.rogatec.si\/#organization\",\"name\":\"Ob\u010dina Rogatec\",\"url\":\"https:\/\/obcina.rogatec.si\/\",\"logo\":{\"@type\":\"ImageObject\",\"inLanguage\":\"sl-SI\",\"@id\":\"https:\/\/obcina.rogatec.si\/#\/schema\/logo\/image\/\",\"url\":\"https:\/\/obcina.rogatec.si\/wp-content\/uploads\/2021\/01\/ObcinaRogatec_col.png\",\"contentUrl\":\"https:\/\/obcina.rogatec.si\/wp-content\/uploads\/2021\/01\/ObcinaRogatec_col.png\",\"width\":275,\"height\":100,\"caption\":\"Ob\u010dina Rogatec\"},\"image\":{\"@id\":\"https:\/\/obcina.rogatec.si\/#\/schema\/logo\/image\/\"},\"sameAs\":[\"https:\/\/www.facebook.com\/VisitRogatec\/\",\"https:\/\/www.instagram.com\/visitrogatec\/\",\"https:\/\/www.youtube.com\/channel\/UC0j4SRaLd9oSppR8hwVd5tw\"]}]}<\/script>\n<!-- \/ Yoast SEO plugin. -->","yoast_head_json":{"title":"Ob\u010dinska volilna komisija - Ob\u010dina Rogatec","robots":{"index":"index","follow":"follow","max-snippet":"max-snippet:-1","max-image-preview":"max-image-preview:large","max-video-preview":"max-video-preview:-1"},"canonical":"https:\/\/obcina.rogatec.si\/organi-obcine\/obcinska-volilna-komisija\/","og_locale":"sl_SI","og_type":"article","og_title":"Ob\u010dinska volilna komisija - Ob\u010dina Rogatec","og_description":"V Ob\u010dinsko volilno komisijo Ob\u010dine Rogatec\u00a0 se imenujejo: \u2013\u00a0predsednica: Patricia Goru\u010dan, Linhartova ulica 18, 3250 Roga\u0161ka Slatina, \u2013\u00a0namestnica predsednice: Gabrijela Antolinc, Velike Rodne 29, 3250 Roga\u0161ka Slatina, \u2013\u00a0\u010dlanica: Mirela\u00a0Ozvaldi\u010d, Hofmanova ulica 5, 3252\u00a0Rogatec, \u2013\u00a0namestnica \u010dlanice: Nevenka Mrk\u0161a, Steklarska ulica\u00a016, 3252 Rogatec, \u2013\u00a0\u010dlan: Leopold \u0160turbej, \u017dahenberc 56e, 3252 Rogatec, \u2013\u00a0namestnica \u010dlana: Sonja Polaj\u017ear Bele, Sv. Jurij [&hellip;]","og_url":"https:\/\/obcina.rogatec.si\/organi-obcine\/obcinska-volilna-komisija\/","og_site_name":"Ob\u010dina Rogatec","article_publisher":"https:\/\/www.facebook.com\/VisitRogatec\/","article_modified_time":"2022-08-23T07:39:44+00:00","og_image":[{"width":1900,"height":1262,"url":"https:\/\/obcina.rogatec.si\/wp-content\/uploads\/2013\/10\/MUZEJ-NA-PROSTEM-ROGATEC.jpg","type":"image\/jpeg"}],"twitter_card":"summary_large_image","twitter_misc":{"Est. reading time":"1 minuta"},"schema":{"@context":"https:\/\/schema.org","@graph":[{"@type":"WebPage","@id":"https:\/\/obcina.rogatec.si\/organi-obcine\/obcinska-volilna-komisija\/","url":"https:\/\/obcina.rogatec.si\/organi-obcine\/obcinska-volilna-komisija\/","name":"Ob\u010dinska volilna komisija - Ob\u010dina Rogatec","isPartOf":{"@id":"https:\/\/obcina.rogatec.si\/#website"},"datePublished":"2013-11-06T05:23:52+00:00","dateModified":"2022-08-23T07:39:44+00:00","breadcrumb":{"@id":"https:\/\/obcina.rogatec.si\/organi-obcine\/obcinska-volilna-komisija\/#breadcrumb"},"inLanguage":"sl-SI","potentialAction":[{"@type":"ReadAction","target":["https:\/\/obcina.rogatec.si\/organi-obcine\/obcinska-volilna-komisija\/"]}]},{"@type":"BreadcrumbList","@id":"https:\/\/obcina.rogatec.si\/organi-obcine\/obcinska-volilna-komisija\/#breadcrumb","itemListElement":[{"@type":"ListItem","position":1,"name":"Domov","item":"https:\/\/obcina.rogatec.si\/"},{"@type":"ListItem","position":2,"name":"Organi ob\u010dine","item":"https:\/\/obcina.rogatec.si\/organi-obcine\/"},{"@type":"ListItem","position":3,"name":"Ob\u010dinska volilna komisija"}]},{"@type":"WebSite","@id":"https:\/\/obcina.rogatec.si\/#website","url":"https:\/\/obcina.rogatec.si\/","name":"Ob\u010dina Rogatec","description":"Uradni spletni portal Ob\u010dine Rogatec","publisher":{"@id":"https:\/\/obcina.rogatec.si\/#organization"},"potentialAction":[{"@type":"SearchAction","target":{"@type":"EntryPoint","urlTemplate":"https:\/\/obcina.rogatec.si\/?s={search_term_string}"},"query-input":{"@type":"PropertyValueSpecification","valueRequired":true,"valueName":"search_term_string"}}],"inLanguage":"sl-SI"},{"@type":"Organization","@id":"https:\/\/obcina.rogatec.si\/#organization","name":"Ob\u010dina Rogatec","url":"https:\/\/obcina.rogatec.si\/","logo":{"@type":"ImageObject","inLanguage":"sl-SI","@id":"https:\/\/obcina.rogatec.si\/#\/schema\/logo\/image\/","url":"https:\/\/obcina.rogatec.si\/wp-content\/uploads\/2021\/01\/ObcinaRogatec_col.png","contentUrl":"https:\/\/obcina.rogatec.si\/wp-content\/uploads\/2021\/01\/ObcinaRogatec_col.png","width":275,"height":100,"caption":"Ob\u010dina Rogatec"},"image":{"@id":"https:\/\/obcina.rogatec.si\/#\/schema\/logo\/image\/"},"sameAs":["https:\/\/www.facebook.com\/VisitRogatec\/","https:\/\/www.instagram.com\/visitrogatec\/","https:\/\/www.youtube.com\/channel\/UC0j4SRaLd9oSppR8hwVd5tw"]}]}},"uagb_featured_image_src":{"full":false,"thumbnail":false,"medium":false,"medium_large":false,"large":false,"1536x1536":false,"2048x2048":false,"XXS":false,"XS":false,"S":false,"M":false,"L":false,"XL":false},"uagb_author_info":{"display_name":"Ob\u010dina Rogatec","author_link":"https:\/\/obcina.rogatec.si\/author\/vedran72\/"},"uagb_comment_info":0,"uagb_excerpt":"V Ob\u010dinsko volilno komisijo Ob\u010dine Rogatec\u00a0 se imenujejo: \u2013\u00a0predsednica: Patricia Goru\u010dan, Linhartova ulica 18, 3250 Roga\u0161ka Slatina, \u2013\u00a0namestnica predsednice: Gabrijela Antolinc, Velike Rodne 29, 3250 Roga\u0161ka Slatina, \u2013\u00a0\u010dlanica: Mirela\u00a0Ozvaldi\u010d, Hofmanova ulica 5, 3252\u00a0Rogatec, \u2013\u00a0namestnica \u010dlanice: Nevenka Mrk\u0161a, Steklarska ulica\u00a016, 3252 Rogatec, \u2013\u00a0\u010dlan: Leopold \u0160turbej, \u017dahenberc 56e, 3252 Rogatec, \u2013\u00a0namestnica \u010dlana: Sonja Polaj\u017ear Bele, Sv. Jurij&hellip;","_links":{"self":[{"href":"https:\/\/obcina.rogatec.si\/wp-json\/wp\/v2\/pages\/685","targetHints":{"allow":["GET"]}}],"collection":[{"href":"https:\/\/obcina.rogatec.si\/wp-json\/wp\/v2\/pages"}],"about":[{"href":"https:\/\/obcina.rogatec.si\/wp-json\/wp\/v2\/types\/page"}],"author":[{"embeddable":true,"href":"https:\/\/obcina.rogatec.si\/wp-json\/wp\/v2\/users\/1"}],"replies":[{"embeddable":true,"href":"https:\/\/obcina.rogatec.si\/wp-json\/wp\/v2\/comments?post=685"}],"version-history":[{"count":13,"href":"https:\/\/obcina.rogatec.si\/wp-json\/wp\/v2\/pages\/685\/revisions"}],"predecessor-version":[{"id":508143,"href":"https:\/\/obcina.rogatec.si\/wp-json\/wp\/v2\/pages\/685\/revisions\/508143"}],"up":[{"embeddable":true,"href":"https:\/\/obcina.rogatec.si\/wp-json\/wp\/v2\/pages\/681"}],"wp:attachment":[{"href":"https:\/\/obcina.rogatec.si\/wp-json\/wp\/v2\/media?parent=685"}],"curies":[{"name":"wp","href":"https:\/\/api.w.org\/{rel}","templated":true}]}}