{"id":676,"date":"2013-11-06T05:12:29","date_gmt":"2013-11-06T05:12:29","guid":{"rendered":"https:\/\/obcina.rogatec.si\/?page_id=676"},"modified":"2024-11-19T13:20:02","modified_gmt":"2024-11-19T12:20:02","slug":"splosni-podatki-o-obcini","status":"publish","type":"page","link":"https:\/\/obcina.rogatec.si\/o-obcini\/splosni-podatki-o-obcini\/","title":{"rendered":"Splo\u0161ni podatki o ob\u010dini"},"content":{"rendered":"<p>Ob\u010dina Rogatec se nahaja v jugovzhodnem delu Slovenije, na prehodu ju\u017enih obronkov\u00a0 vinorodnih Haloz v dolino Posotelja. Istoimensko naselje Rogatec se s 700-letnimi tr\u0161kimi pravicami uvr\u0161\u010da med najstarej\u0161e trge na Slovenskem. Zgodbo o cveto\u010dem srednjeve\u0161kem trgu pripoveduje ohranjeno tr\u0161ko jedro s kar dvema cerkvama \u0161tajerskega baroka, grajska razvalina iz 12. in leta 2003 obnovljeni renesan\u010dno baro\u010dni dvorec Strmol iz 15. stoletja. Nove vsebine dvorcu Strmol danes vra\u010dajo \u017eivljenjski utrip: koncerti, dru\u017eabna in poslovna sre\u010danja, poro\u010dni obredi, slikovite razstave \u2013 muzejske in likovne ter pestra gostinska ponudba grajske restavracije Strmol. Zgodbe iz \u017eivljenja med plemi\u010di in kmeti se nadaljujejo v Muzeju na prostem \u2013 obiskovalec jih do\u017eivlja in soustvarja: pomaga zamesiti testo in spe\u010de svoj kruhek \u017euliko, se nau\u010di preprostih korakov \u017ee pozabljenega ljudskega plesa, si splete zapestnico iz li\u010dja ali na tkalskem glavniku in gleda pod prste spretnemu kova\u010du.\u00a0 Rokodelski izdelki so tudi na prodaj v lodnu, muzejski trgovini.\u00a0 Zgodovinska \u0161tajerska kmetija subpanonskega tipa v Muzeju na prostem Rogatec ohranja ljudsko stavbno dedi\u0161\u010dino in kulturno izro\u010dilo prebivalcev Obsotelja.<\/p>\n<p>Ob\u010dina Rogatec meri 39,6 km2 na katerih \u017eivi 3.028 prebivalcev (SURS: 1.7.2023).<\/p>\n<p>Ob\u010dina le\u017ei v Savinjski statisti\u010dni regiji, na obmo\u010dju Obsotelja in Kozjanskega.<\/p>\n<p>&nbsp;<\/p>\n<p style=\"font-weight: 400;\"><strong>Pomembnej\u0161e telefonske \u0161tevilke:<\/strong><\/p>\n<table>\n<tbody>\n<tr>\n<td width=\"247\">Ob\u010dina Rogatec<\/td>\n<td width=\"1\"><\/td>\n<td width=\"120\"><a href=\"callto:03 812 10 00\">03 812 10 00<\/a><\/td>\n<\/tr>\n<tr>\n<td width=\"247\">Bajc-med, zdravstvene storitve, d.o.o.<\/p>\n<p>DEAMED, zdravstvene storitve, d.o.o.<\/td>\n<td width=\"1\"><\/td>\n<td width=\"120\"><a href=\"callto:03 812 16 30\">03 812 16 30<\/a><\/p>\n<p><a href=\"callto:03 812 16 41\">03 812 16 41<\/a><\/td>\n<\/tr>\n<tr>\n<td width=\"247\">\u017delezni\u0161ka postaja Rogatec<\/td>\n<td width=\"1\"><\/td>\n<td width=\"120\"><a href=\"callto:03 819 31 50\">03 819 31 50<\/a><\/td>\n<\/tr>\n<tr>\n<td width=\"247\">Po\u0161ta Rogatec<\/p>\n<p>Policijska postaja Roga\u0161ka Slatina<\/td>\n<td width=\"1\"><\/td>\n<td width=\"120\"><a href=\"callto:08 205 06 33\">08 205 06 33<\/a><\/p>\n<p><a href=\"callto:03 818 54 50\">03 818 54 50<\/a><\/td>\n<\/tr>\n<\/tbody>\n<\/table>\n<p>POVEZAVE:<\/p>\n<p><a href=\"https:\/\/www.osrogatec.si\/\">OSNOVNA \u0160OLA ROGATEC<\/a><\/p>\n<p><a href=\"https:\/\/www.rogatec.si\/\">ZAVOD ZA KULTURO, TURIZEM IN RAZVOJ ROGATEC<\/a><\/p>\n<p><a href=\"https:\/\/www.gov.si\/drzavni-organi\/upravne-enote\/smarje-pri-jelsah\/\">UPRAVNA ENOTA \u0160MARJE PRI JEL\u0160AH<\/a><\/p>\n<p><a href=\"https:\/\/potniski.sz.si\/iskalnik-voznih-redov\/\">SLOVENSKE \u017dELEZNICE<\/a><\/p>\n<p>AVTOBUSNI PREVOZI \u2013 <a href=\"https:\/\/www.nomago.si\/vozovnice\/vozni-red\">NOMAGO<\/a> IN <a href=\"https:\/\/arriva.si\/\">ARRIVA<\/a><\/p>\n<p>&nbsp;<\/p>\n","protected":false},"excerpt":{"rendered":"<p>Ob\u010dina Rogatec se nahaja v jugovzhodnem delu Slovenije, na prehodu ju\u017enih obronkov\u00a0 vinorodnih Haloz v dolino Posotelja. Istoimensko naselje Rogatec se s 700-letnimi tr\u0161kimi pravicami uvr\u0161\u010da med najstarej\u0161e trge na Slovenskem. Zgodbo o cveto\u010dem srednjeve\u0161kem trgu pripoveduje ohranjeno tr\u0161ko jedro s kar dvema cerkvama \u0161tajerskega baroka, grajska razvalina iz 12. in leta 2003 obnovljeni renesan\u010dno [&hellip;]<\/p>\n","protected":false},"author":1,"featured_media":0,"parent":2,"menu_order":0,"comment_status":"closed","ping_status":"closed","template":"","meta":{"_uag_custom_page_level_css":"","footnotes":""},"class_list":["post-676","page","type-page","status-publish","hentry"],"yoast_head":"<!-- This site is optimized with the Yoast SEO plugin v27.2 - https:\/\/yoast.com\/product\/yoast-seo-wordpress\/ -->\n<title>Splo\u0161ni podatki o ob\u010dini - Ob\u010dina Rogatec<\/title>\n<meta name=\"robots\" content=\"index, follow, max-snippet:-1, max-image-preview:large, max-video-preview:-1\" \/>\n<link rel=\"canonical\" href=\"https:\/\/obcina.rogatec.si\/o-obcini\/splosni-podatki-o-obcini\/\" \/>\n<meta property=\"og:locale\" content=\"sl_SI\" \/>\n<meta property=\"og:type\" content=\"article\" \/>\n<meta property=\"og:title\" content=\"Splo\u0161ni podatki o ob\u010dini - Ob\u010dina Rogatec\" \/>\n<meta property=\"og:description\" content=\"Ob\u010dina Rogatec se nahaja v jugovzhodnem delu Slovenije, na prehodu ju\u017enih obronkov\u00a0 vinorodnih Haloz v dolino Posotelja. Istoimensko naselje Rogatec se s 700-letnimi tr\u0161kimi pravicami uvr\u0161\u010da med najstarej\u0161e trge na Slovenskem. Zgodbo o cveto\u010dem srednjeve\u0161kem trgu pripoveduje ohranjeno tr\u0161ko jedro s kar dvema cerkvama \u0161tajerskega baroka, grajska razvalina iz 12. in leta 2003 obnovljeni renesan\u010dno [&hellip;]\" \/>\n<meta property=\"og:url\" content=\"https:\/\/obcina.rogatec.si\/o-obcini\/splosni-podatki-o-obcini\/\" \/>\n<meta property=\"og:site_name\" content=\"Ob\u010dina Rogatec\" \/>\n<meta property=\"article:publisher\" content=\"https:\/\/www.facebook.com\/VisitRogatec\/\" \/>\n<meta property=\"article:modified_time\" content=\"2024-11-19T12:20:02+00:00\" \/>\n<meta property=\"og:image\" content=\"https:\/\/obcina.rogatec.si\/wp-content\/uploads\/2013\/10\/MUZEJ-NA-PROSTEM-ROGATEC.jpg\" \/>\n\t<meta property=\"og:image:width\" content=\"1900\" \/>\n\t<meta property=\"og:image:height\" content=\"1262\" \/>\n\t<meta property=\"og:image:type\" content=\"image\/jpeg\" \/>\n<meta name=\"twitter:card\" content=\"summary_large_image\" \/>\n<meta name=\"twitter:label1\" content=\"Est. reading time\" \/>\n\t<meta name=\"twitter:data1\" content=\"2 minuti\" \/>\n<script type=\"application\/ld+json\" class=\"yoast-schema-graph\">{\"@context\":\"https:\/\/schema.org\",\"@graph\":[{\"@type\":\"WebPage\",\"@id\":\"https:\/\/obcina.rogatec.si\/o-obcini\/splosni-podatki-o-obcini\/\",\"url\":\"https:\/\/obcina.rogatec.si\/o-obcini\/splosni-podatki-o-obcini\/\",\"name\":\"Splo\u0161ni podatki o ob\u010dini - Ob\u010dina Rogatec\",\"isPartOf\":{\"@id\":\"https:\/\/obcina.rogatec.si\/#website\"},\"datePublished\":\"2013-11-06T05:12:29+00:00\",\"dateModified\":\"2024-11-19T12:20:02+00:00\",\"breadcrumb\":{\"@id\":\"https:\/\/obcina.rogatec.si\/o-obcini\/splosni-podatki-o-obcini\/#breadcrumb\"},\"inLanguage\":\"sl-SI\",\"potentialAction\":[{\"@type\":\"ReadAction\",\"target\":[\"https:\/\/obcina.rogatec.si\/o-obcini\/splosni-podatki-o-obcini\/\"]}]},{\"@type\":\"BreadcrumbList\",\"@id\":\"https:\/\/obcina.rogatec.si\/o-obcini\/splosni-podatki-o-obcini\/#breadcrumb\",\"itemListElement\":[{\"@type\":\"ListItem\",\"position\":1,\"name\":\"Domov\",\"item\":\"https:\/\/obcina.rogatec.si\/\"},{\"@type\":\"ListItem\",\"position\":2,\"name\":\"O Ob\u010dini Rogatec\",\"item\":\"https:\/\/obcina.rogatec.si\/o-obcini\/\"},{\"@type\":\"ListItem\",\"position\":3,\"name\":\"Splo\u0161ni podatki o ob\u010dini\"}]},{\"@type\":\"WebSite\",\"@id\":\"https:\/\/obcina.rogatec.si\/#website\",\"url\":\"https:\/\/obcina.rogatec.si\/\",\"name\":\"Ob\u010dina Rogatec\",\"description\":\"Uradni spletni portal Ob\u010dine Rogatec\",\"publisher\":{\"@id\":\"https:\/\/obcina.rogatec.si\/#organization\"},\"potentialAction\":[{\"@type\":\"SearchAction\",\"target\":{\"@type\":\"EntryPoint\",\"urlTemplate\":\"https:\/\/obcina.rogatec.si\/?s={search_term_string}\"},\"query-input\":{\"@type\":\"PropertyValueSpecification\",\"valueRequired\":true,\"valueName\":\"search_term_string\"}}],\"inLanguage\":\"sl-SI\"},{\"@type\":\"Organization\",\"@id\":\"https:\/\/obcina.rogatec.si\/#organization\",\"name\":\"Ob\u010dina Rogatec\",\"url\":\"https:\/\/obcina.rogatec.si\/\",\"logo\":{\"@type\":\"ImageObject\",\"inLanguage\":\"sl-SI\",\"@id\":\"https:\/\/obcina.rogatec.si\/#\/schema\/logo\/image\/\",\"url\":\"https:\/\/obcina.rogatec.si\/wp-content\/uploads\/2021\/01\/ObcinaRogatec_col.png\",\"contentUrl\":\"https:\/\/obcina.rogatec.si\/wp-content\/uploads\/2021\/01\/ObcinaRogatec_col.png\",\"width\":275,\"height\":100,\"caption\":\"Ob\u010dina Rogatec\"},\"image\":{\"@id\":\"https:\/\/obcina.rogatec.si\/#\/schema\/logo\/image\/\"},\"sameAs\":[\"https:\/\/www.facebook.com\/VisitRogatec\/\",\"https:\/\/www.instagram.com\/visitrogatec\/\",\"https:\/\/www.youtube.com\/channel\/UC0j4SRaLd9oSppR8hwVd5tw\"]}]}<\/script>\n<!-- \/ Yoast SEO plugin. -->","yoast_head_json":{"title":"Splo\u0161ni podatki o ob\u010dini - Ob\u010dina Rogatec","robots":{"index":"index","follow":"follow","max-snippet":"max-snippet:-1","max-image-preview":"max-image-preview:large","max-video-preview":"max-video-preview:-1"},"canonical":"https:\/\/obcina.rogatec.si\/o-obcini\/splosni-podatki-o-obcini\/","og_locale":"sl_SI","og_type":"article","og_title":"Splo\u0161ni podatki o ob\u010dini - Ob\u010dina Rogatec","og_description":"Ob\u010dina Rogatec se nahaja v jugovzhodnem delu Slovenije, na prehodu ju\u017enih obronkov\u00a0 vinorodnih Haloz v dolino Posotelja. Istoimensko naselje Rogatec se s 700-letnimi tr\u0161kimi pravicami uvr\u0161\u010da med najstarej\u0161e trge na Slovenskem. Zgodbo o cveto\u010dem srednjeve\u0161kem trgu pripoveduje ohranjeno tr\u0161ko jedro s kar dvema cerkvama \u0161tajerskega baroka, grajska razvalina iz 12. in leta 2003 obnovljeni renesan\u010dno [&hellip;]","og_url":"https:\/\/obcina.rogatec.si\/o-obcini\/splosni-podatki-o-obcini\/","og_site_name":"Ob\u010dina Rogatec","article_publisher":"https:\/\/www.facebook.com\/VisitRogatec\/","article_modified_time":"2024-11-19T12:20:02+00:00","og_image":[{"width":1900,"height":1262,"url":"https:\/\/obcina.rogatec.si\/wp-content\/uploads\/2013\/10\/MUZEJ-NA-PROSTEM-ROGATEC.jpg","type":"image\/jpeg"}],"twitter_card":"summary_large_image","twitter_misc":{"Est. reading time":"2 minuti"},"schema":{"@context":"https:\/\/schema.org","@graph":[{"@type":"WebPage","@id":"https:\/\/obcina.rogatec.si\/o-obcini\/splosni-podatki-o-obcini\/","url":"https:\/\/obcina.rogatec.si\/o-obcini\/splosni-podatki-o-obcini\/","name":"Splo\u0161ni podatki o ob\u010dini - Ob\u010dina Rogatec","isPartOf":{"@id":"https:\/\/obcina.rogatec.si\/#website"},"datePublished":"2013-11-06T05:12:29+00:00","dateModified":"2024-11-19T12:20:02+00:00","breadcrumb":{"@id":"https:\/\/obcina.rogatec.si\/o-obcini\/splosni-podatki-o-obcini\/#breadcrumb"},"inLanguage":"sl-SI","potentialAction":[{"@type":"ReadAction","target":["https:\/\/obcina.rogatec.si\/o-obcini\/splosni-podatki-o-obcini\/"]}]},{"@type":"BreadcrumbList","@id":"https:\/\/obcina.rogatec.si\/o-obcini\/splosni-podatki-o-obcini\/#breadcrumb","itemListElement":[{"@type":"ListItem","position":1,"name":"Domov","item":"https:\/\/obcina.rogatec.si\/"},{"@type":"ListItem","position":2,"name":"O Ob\u010dini Rogatec","item":"https:\/\/obcina.rogatec.si\/o-obcini\/"},{"@type":"ListItem","position":3,"name":"Splo\u0161ni podatki o ob\u010dini"}]},{"@type":"WebSite","@id":"https:\/\/obcina.rogatec.si\/#website","url":"https:\/\/obcina.rogatec.si\/","name":"Ob\u010dina Rogatec","description":"Uradni spletni portal Ob\u010dine Rogatec","publisher":{"@id":"https:\/\/obcina.rogatec.si\/#organization"},"potentialAction":[{"@type":"SearchAction","target":{"@type":"EntryPoint","urlTemplate":"https:\/\/obcina.rogatec.si\/?s={search_term_string}"},"query-input":{"@type":"PropertyValueSpecification","valueRequired":true,"valueName":"search_term_string"}}],"inLanguage":"sl-SI"},{"@type":"Organization","@id":"https:\/\/obcina.rogatec.si\/#organization","name":"Ob\u010dina Rogatec","url":"https:\/\/obcina.rogatec.si\/","logo":{"@type":"ImageObject","inLanguage":"sl-SI","@id":"https:\/\/obcina.rogatec.si\/#\/schema\/logo\/image\/","url":"https:\/\/obcina.rogatec.si\/wp-content\/uploads\/2021\/01\/ObcinaRogatec_col.png","contentUrl":"https:\/\/obcina.rogatec.si\/wp-content\/uploads\/2021\/01\/ObcinaRogatec_col.png","width":275,"height":100,"caption":"Ob\u010dina Rogatec"},"image":{"@id":"https:\/\/obcina.rogatec.si\/#\/schema\/logo\/image\/"},"sameAs":["https:\/\/www.facebook.com\/VisitRogatec\/","https:\/\/www.instagram.com\/visitrogatec\/","https:\/\/www.youtube.com\/channel\/UC0j4SRaLd9oSppR8hwVd5tw"]}]}},"uagb_featured_image_src":{"full":false,"thumbnail":false,"medium":false,"medium_large":false,"large":false,"1536x1536":false,"2048x2048":false,"XXS":false,"XS":false,"S":false,"M":false,"L":false,"XL":false},"uagb_author_info":{"display_name":"Ob\u010dina Rogatec","author_link":"https:\/\/obcina.rogatec.si\/author\/vedran72\/"},"uagb_comment_info":0,"uagb_excerpt":"Ob\u010dina Rogatec se nahaja v jugovzhodnem delu Slovenije, na prehodu ju\u017enih obronkov\u00a0 vinorodnih Haloz v dolino Posotelja. Istoimensko naselje Rogatec se s 700-letnimi tr\u0161kimi pravicami uvr\u0161\u010da med najstarej\u0161e trge na Slovenskem. Zgodbo o cveto\u010dem srednjeve\u0161kem trgu pripoveduje ohranjeno tr\u0161ko jedro s kar dvema cerkvama \u0161tajerskega baroka, grajska razvalina iz 12. in leta 2003 obnovljeni renesan\u010dno&hellip;","_links":{"self":[{"href":"https:\/\/obcina.rogatec.si\/wp-json\/wp\/v2\/pages\/676","targetHints":{"allow":["GET"]}}],"collection":[{"href":"https:\/\/obcina.rogatec.si\/wp-json\/wp\/v2\/pages"}],"about":[{"href":"https:\/\/obcina.rogatec.si\/wp-json\/wp\/v2\/types\/page"}],"author":[{"embeddable":true,"href":"https:\/\/obcina.rogatec.si\/wp-json\/wp\/v2\/users\/1"}],"replies":[{"embeddable":true,"href":"https:\/\/obcina.rogatec.si\/wp-json\/wp\/v2\/comments?post=676"}],"version-history":[{"count":18,"href":"https:\/\/obcina.rogatec.si\/wp-json\/wp\/v2\/pages\/676\/revisions"}],"predecessor-version":[{"id":509895,"href":"https:\/\/obcina.rogatec.si\/wp-json\/wp\/v2\/pages\/676\/revisions\/509895"}],"up":[{"embeddable":true,"href":"https:\/\/obcina.rogatec.si\/wp-json\/wp\/v2\/pages\/2"}],"wp:attachment":[{"href":"https:\/\/obcina.rogatec.si\/wp-json\/wp\/v2\/media?parent=676"}],"curies":[{"name":"wp","href":"https:\/\/api.w.org\/{rel}","templated":true}]}}