{"id":508562,"date":"2023-02-22T10:38:46","date_gmt":"2023-02-22T09:38:46","guid":{"rendered":"https:\/\/obcina.rogatec.si\/?page_id=508562"},"modified":"2023-02-22T10:38:46","modified_gmt":"2023-02-22T09:38:46","slug":"obvestilo-o-obdelavi-osebnih-podatkov","status":"publish","type":"page","link":"https:\/\/obcina.rogatec.si\/obvestilo-o-obdelavi-osebnih-podatkov\/","title":{"rendered":"Obvestilo o obdelavi osebnih podatkov"},"content":{"rendered":"<p><strong>Obvestilo posameznikom po 13. \u010dlenu splo\u0161ne uredbe o varstvu osebnih podatkov (GDPR) glede obdelave osebnih podatkov<\/strong><\/p>\n<p><strong>\u00a0<\/strong><strong>Upravljalec zbirke osebnih podatkov:<\/strong><\/p>\n<ul>\n<li>Ob\u010dina Rogatec, Pot k ribniku 4, 3252 Rogatec.<\/li>\n<\/ul>\n<p><strong>Kontakti poobla\u0161\u010dene osebe za varstvo osebnih podatkov:<\/strong><\/p>\n<ul>\n<li>Poobla\u0161\u010dena oseba za varstvo osebnih podatkov v Ob\u010dini Rogatec je Denis Bala\u017ei\u010d in je dosegljiv na e-naslovu: <a href=\"mailto:info@intelektum.eu\">info@intelektum.eu<\/a> \u00a0ali tel.: 02\/6209840.<\/li>\n<\/ul>\n<p><strong>\u00a0<\/strong><strong>Vrsta osebnih podatkov:<\/strong><\/p>\n<ul>\n<li>Osebni podatki, ki se obdelujejo so: ime in priimek, e-po\u0161ta ter telefonska \u0161tevilka.<\/li>\n<\/ul>\n<p><strong>Namen obdelave osebnih podatkov:<\/strong><\/p>\n<ul>\n<li>Ob\u010dina bo osebne podatke obdelovala za namen obravnave prijav\/pobud.<\/li>\n<\/ul>\n<p><strong>Pravna podlaga za obdelavo osebnih podatkov:<\/strong><\/p>\n<ul>\n<li>Pravna podlaga za obdelavo osebnih podatkov je privolitev posameznika po dolo\u010dbi to\u010dke (a) \u010dlena 6(1) Splo\u0161ne uredbe o varstvu osebnih podatkov.<\/li>\n<\/ul>\n<p><strong>Informacije o prenosih osebnih podatkov v tretjo dr\u017eavo ali mednarodno organizacijo:<\/strong><\/p>\n<ul>\n<li>Osebni podatki se NE prena\u0161ajo v tretje dr\u017eave ali mednarodne organizacije.<\/li>\n<\/ul>\n<p><strong>Obdobje hrambe osebnih podatkov ali, kadar to ni mogo\u010de, merila, ki se uporabijo za dolo\u010ditev tega obdobja:<\/strong><\/p>\n<ul>\n<li>Osebni podatki se hranijo do preklica soglasja (privolitve) oziroma maksimalno 1 leto od zajema osebnih podatkov.<\/li>\n<\/ul>\n<p><strong>Informacije o obstoju pravic posameznika, da lahko zahteva dostop do osebnih podatkov in popravek ali izbris osebnih podatkov ali omejitev, ali obstoj pravice do ugovora obdelavi in pravice do prenosljivosti podatkov:<\/strong><\/p>\n<ul>\n<li>Posameznik ima glede osebnih podatkov, ki se nana\u0161ajo nanj\/o, pravico do seznanitve z obdelavo OP, dopolnitve OP, popravka OP, omejitve obdelave OP, izbrisa OP, prenosljivosti OP in ugovora o obdelavi OP. Svojo privolitev, ki ste jo podali v zvezi z uporabo ali obdelavo va\u0161ih osebnih podatkov, lahko kadarkoli prekli\u010dete. V ta namen nam lahko va\u0161 zahtevek kadarkoli po\u0161ljete na e-mail: <a href=\"mailto:obcina@rogatec.si\">obcina@rogatec.si<\/a>, ali z navadno po\u0161to na naslov Ob\u010dina Rogatec, Pot k ribniku 4, 3252 Rogatec.<\/li>\n<\/ul>\n<p><strong>Informacija o pravici do vlo\u017eitve prito\u017ebe pri nadzornem organu:<\/strong><\/p>\n<ul>\n<li>\u010ce \u017eelite v zvezi z uveljavljanjem svojih pravic s podro\u010dja varstva osebnih podatkov podati prito\u017ebo pri nadzornemu organu lahko le to posredujete na naslov: Informacijski poobla\u0161\u010denec (naslov: Dunajska 22, 1000 Ljubljana, e-naslov: gp.ip@ip-rs.si telefon: 012309730, spletna stran: www.ip-rs.si).<\/li>\n<\/ul>\n<p><strong>Informacije o obstoju avtomatiziranega sprejemanja odlo\u010ditev, vklju\u010dno z oblikovanjem profilov:<\/strong><\/p>\n<ul>\n<li>Ob\u010dina NE uporablja avtomatiziranega sprejemanja odlo\u010ditev, vklju\u010dno z oblikovanjem profilov<\/li>\n<\/ul>\n","protected":false},"excerpt":{"rendered":"<p>Obvestilo posameznikom po 13. \u010dlenu splo\u0161ne uredbe o varstvu osebnih podatkov (GDPR) glede obdelave osebnih podatkov \u00a0Upravljalec zbirke osebnih podatkov: Ob\u010dina Rogatec, Pot k ribniku 4, 3252 Rogatec. Kontakti poobla\u0161\u010dene osebe za varstvo osebnih podatkov: Poobla\u0161\u010dena oseba za varstvo osebnih podatkov v Ob\u010dini Rogatec je Denis Bala\u017ei\u010d in je dosegljiv na e-naslovu: info@intelektum.eu \u00a0ali tel.: [&hellip;]<\/p>\n","protected":false},"author":1,"featured_media":0,"parent":0,"menu_order":0,"comment_status":"closed","ping_status":"closed","template":"","meta":{"_uag_custom_page_level_css":"","footnotes":""},"class_list":["post-508562","page","type-page","status-publish","hentry"],"yoast_head":"<!-- This site is optimized with the Yoast SEO plugin v27.2 - https:\/\/yoast.com\/product\/yoast-seo-wordpress\/ -->\n<title>Obvestilo o obdelavi osebnih podatkov - Ob\u010dina Rogatec<\/title>\n<meta name=\"robots\" content=\"index, follow, max-snippet:-1, max-image-preview:large, max-video-preview:-1\" \/>\n<link rel=\"canonical\" href=\"https:\/\/obcina.rogatec.si\/obvestilo-o-obdelavi-osebnih-podatkov\/\" \/>\n<meta property=\"og:locale\" content=\"sl_SI\" \/>\n<meta property=\"og:type\" content=\"article\" \/>\n<meta property=\"og:title\" content=\"Obvestilo o obdelavi osebnih podatkov - Ob\u010dina Rogatec\" \/>\n<meta property=\"og:description\" content=\"Obvestilo posameznikom po 13. \u010dlenu splo\u0161ne uredbe o varstvu osebnih podatkov (GDPR) glede obdelave osebnih podatkov \u00a0Upravljalec zbirke osebnih podatkov: Ob\u010dina Rogatec, Pot k ribniku 4, 3252 Rogatec. Kontakti poobla\u0161\u010dene osebe za varstvo osebnih podatkov: Poobla\u0161\u010dena oseba za varstvo osebnih podatkov v Ob\u010dini Rogatec je Denis Bala\u017ei\u010d in je dosegljiv na e-naslovu: info@intelektum.eu \u00a0ali tel.: [&hellip;]\" \/>\n<meta property=\"og:url\" content=\"https:\/\/obcina.rogatec.si\/obvestilo-o-obdelavi-osebnih-podatkov\/\" \/>\n<meta property=\"og:site_name\" content=\"Ob\u010dina Rogatec\" \/>\n<meta property=\"article:publisher\" content=\"https:\/\/www.facebook.com\/VisitRogatec\/\" \/>\n<meta property=\"og:image\" content=\"https:\/\/obcina.rogatec.si\/wp-content\/uploads\/2013\/10\/MUZEJ-NA-PROSTEM-ROGATEC.jpg\" \/>\n\t<meta property=\"og:image:width\" content=\"1900\" \/>\n\t<meta property=\"og:image:height\" content=\"1262\" \/>\n\t<meta property=\"og:image:type\" content=\"image\/jpeg\" \/>\n<meta name=\"twitter:card\" content=\"summary_large_image\" \/>\n<meta name=\"twitter:label1\" content=\"Est. reading time\" \/>\n\t<meta name=\"twitter:data1\" content=\"2 minuti\" \/>\n<script type=\"application\/ld+json\" class=\"yoast-schema-graph\">{\"@context\":\"https:\/\/schema.org\",\"@graph\":[{\"@type\":\"WebPage\",\"@id\":\"https:\/\/obcina.rogatec.si\/obvestilo-o-obdelavi-osebnih-podatkov\/\",\"url\":\"https:\/\/obcina.rogatec.si\/obvestilo-o-obdelavi-osebnih-podatkov\/\",\"name\":\"Obvestilo o obdelavi osebnih podatkov - Ob\u010dina Rogatec\",\"isPartOf\":{\"@id\":\"https:\/\/obcina.rogatec.si\/#website\"},\"datePublished\":\"2023-02-22T09:38:46+00:00\",\"breadcrumb\":{\"@id\":\"https:\/\/obcina.rogatec.si\/obvestilo-o-obdelavi-osebnih-podatkov\/#breadcrumb\"},\"inLanguage\":\"sl-SI\",\"potentialAction\":[{\"@type\":\"ReadAction\",\"target\":[\"https:\/\/obcina.rogatec.si\/obvestilo-o-obdelavi-osebnih-podatkov\/\"]}]},{\"@type\":\"BreadcrumbList\",\"@id\":\"https:\/\/obcina.rogatec.si\/obvestilo-o-obdelavi-osebnih-podatkov\/#breadcrumb\",\"itemListElement\":[{\"@type\":\"ListItem\",\"position\":1,\"name\":\"Domov\",\"item\":\"https:\/\/obcina.rogatec.si\/\"},{\"@type\":\"ListItem\",\"position\":2,\"name\":\"Obvestilo o obdelavi osebnih podatkov\"}]},{\"@type\":\"WebSite\",\"@id\":\"https:\/\/obcina.rogatec.si\/#website\",\"url\":\"https:\/\/obcina.rogatec.si\/\",\"name\":\"Ob\u010dina Rogatec\",\"description\":\"Uradni spletni portal Ob\u010dine Rogatec\",\"publisher\":{\"@id\":\"https:\/\/obcina.rogatec.si\/#organization\"},\"potentialAction\":[{\"@type\":\"SearchAction\",\"target\":{\"@type\":\"EntryPoint\",\"urlTemplate\":\"https:\/\/obcina.rogatec.si\/?s={search_term_string}\"},\"query-input\":{\"@type\":\"PropertyValueSpecification\",\"valueRequired\":true,\"valueName\":\"search_term_string\"}}],\"inLanguage\":\"sl-SI\"},{\"@type\":\"Organization\",\"@id\":\"https:\/\/obcina.rogatec.si\/#organization\",\"name\":\"Ob\u010dina Rogatec\",\"url\":\"https:\/\/obcina.rogatec.si\/\",\"logo\":{\"@type\":\"ImageObject\",\"inLanguage\":\"sl-SI\",\"@id\":\"https:\/\/obcina.rogatec.si\/#\/schema\/logo\/image\/\",\"url\":\"https:\/\/obcina.rogatec.si\/wp-content\/uploads\/2021\/01\/ObcinaRogatec_col.png\",\"contentUrl\":\"https:\/\/obcina.rogatec.si\/wp-content\/uploads\/2021\/01\/ObcinaRogatec_col.png\",\"width\":275,\"height\":100,\"caption\":\"Ob\u010dina Rogatec\"},\"image\":{\"@id\":\"https:\/\/obcina.rogatec.si\/#\/schema\/logo\/image\/\"},\"sameAs\":[\"https:\/\/www.facebook.com\/VisitRogatec\/\",\"https:\/\/www.instagram.com\/visitrogatec\/\",\"https:\/\/www.youtube.com\/channel\/UC0j4SRaLd9oSppR8hwVd5tw\"]}]}<\/script>\n<!-- \/ Yoast SEO plugin. -->","yoast_head_json":{"title":"Obvestilo o obdelavi osebnih podatkov - Ob\u010dina Rogatec","robots":{"index":"index","follow":"follow","max-snippet":"max-snippet:-1","max-image-preview":"max-image-preview:large","max-video-preview":"max-video-preview:-1"},"canonical":"https:\/\/obcina.rogatec.si\/obvestilo-o-obdelavi-osebnih-podatkov\/","og_locale":"sl_SI","og_type":"article","og_title":"Obvestilo o obdelavi osebnih podatkov - Ob\u010dina Rogatec","og_description":"Obvestilo posameznikom po 13. \u010dlenu splo\u0161ne uredbe o varstvu osebnih podatkov (GDPR) glede obdelave osebnih podatkov \u00a0Upravljalec zbirke osebnih podatkov: Ob\u010dina Rogatec, Pot k ribniku 4, 3252 Rogatec. Kontakti poobla\u0161\u010dene osebe za varstvo osebnih podatkov: Poobla\u0161\u010dena oseba za varstvo osebnih podatkov v Ob\u010dini Rogatec je Denis Bala\u017ei\u010d in je dosegljiv na e-naslovu: info@intelektum.eu \u00a0ali tel.: [&hellip;]","og_url":"https:\/\/obcina.rogatec.si\/obvestilo-o-obdelavi-osebnih-podatkov\/","og_site_name":"Ob\u010dina Rogatec","article_publisher":"https:\/\/www.facebook.com\/VisitRogatec\/","og_image":[{"width":1900,"height":1262,"url":"https:\/\/obcina.rogatec.si\/wp-content\/uploads\/2013\/10\/MUZEJ-NA-PROSTEM-ROGATEC.jpg","type":"image\/jpeg"}],"twitter_card":"summary_large_image","twitter_misc":{"Est. reading time":"2 minuti"},"schema":{"@context":"https:\/\/schema.org","@graph":[{"@type":"WebPage","@id":"https:\/\/obcina.rogatec.si\/obvestilo-o-obdelavi-osebnih-podatkov\/","url":"https:\/\/obcina.rogatec.si\/obvestilo-o-obdelavi-osebnih-podatkov\/","name":"Obvestilo o obdelavi osebnih podatkov - Ob\u010dina Rogatec","isPartOf":{"@id":"https:\/\/obcina.rogatec.si\/#website"},"datePublished":"2023-02-22T09:38:46+00:00","breadcrumb":{"@id":"https:\/\/obcina.rogatec.si\/obvestilo-o-obdelavi-osebnih-podatkov\/#breadcrumb"},"inLanguage":"sl-SI","potentialAction":[{"@type":"ReadAction","target":["https:\/\/obcina.rogatec.si\/obvestilo-o-obdelavi-osebnih-podatkov\/"]}]},{"@type":"BreadcrumbList","@id":"https:\/\/obcina.rogatec.si\/obvestilo-o-obdelavi-osebnih-podatkov\/#breadcrumb","itemListElement":[{"@type":"ListItem","position":1,"name":"Domov","item":"https:\/\/obcina.rogatec.si\/"},{"@type":"ListItem","position":2,"name":"Obvestilo o obdelavi osebnih podatkov"}]},{"@type":"WebSite","@id":"https:\/\/obcina.rogatec.si\/#website","url":"https:\/\/obcina.rogatec.si\/","name":"Ob\u010dina Rogatec","description":"Uradni spletni portal Ob\u010dine Rogatec","publisher":{"@id":"https:\/\/obcina.rogatec.si\/#organization"},"potentialAction":[{"@type":"SearchAction","target":{"@type":"EntryPoint","urlTemplate":"https:\/\/obcina.rogatec.si\/?s={search_term_string}"},"query-input":{"@type":"PropertyValueSpecification","valueRequired":true,"valueName":"search_term_string"}}],"inLanguage":"sl-SI"},{"@type":"Organization","@id":"https:\/\/obcina.rogatec.si\/#organization","name":"Ob\u010dina Rogatec","url":"https:\/\/obcina.rogatec.si\/","logo":{"@type":"ImageObject","inLanguage":"sl-SI","@id":"https:\/\/obcina.rogatec.si\/#\/schema\/logo\/image\/","url":"https:\/\/obcina.rogatec.si\/wp-content\/uploads\/2021\/01\/ObcinaRogatec_col.png","contentUrl":"https:\/\/obcina.rogatec.si\/wp-content\/uploads\/2021\/01\/ObcinaRogatec_col.png","width":275,"height":100,"caption":"Ob\u010dina Rogatec"},"image":{"@id":"https:\/\/obcina.rogatec.si\/#\/schema\/logo\/image\/"},"sameAs":["https:\/\/www.facebook.com\/VisitRogatec\/","https:\/\/www.instagram.com\/visitrogatec\/","https:\/\/www.youtube.com\/channel\/UC0j4SRaLd9oSppR8hwVd5tw"]}]}},"uagb_featured_image_src":{"full":false,"thumbnail":false,"medium":false,"medium_large":false,"large":false,"1536x1536":false,"2048x2048":false,"XXS":false,"XS":false,"S":false,"M":false,"L":false,"XL":false},"uagb_author_info":{"display_name":"Ob\u010dina Rogatec","author_link":"https:\/\/obcina.rogatec.si\/author\/vedran72\/"},"uagb_comment_info":0,"uagb_excerpt":"Obvestilo posameznikom po 13. \u010dlenu splo\u0161ne uredbe o varstvu osebnih podatkov (GDPR) glede obdelave osebnih podatkov \u00a0Upravljalec zbirke osebnih podatkov: Ob\u010dina Rogatec, Pot k ribniku 4, 3252 Rogatec. Kontakti poobla\u0161\u010dene osebe za varstvo osebnih podatkov: Poobla\u0161\u010dena oseba za varstvo osebnih podatkov v Ob\u010dini Rogatec je Denis Bala\u017ei\u010d in je dosegljiv na e-naslovu: info@intelektum.eu \u00a0ali tel.:&hellip;","_links":{"self":[{"href":"https:\/\/obcina.rogatec.si\/wp-json\/wp\/v2\/pages\/508562","targetHints":{"allow":["GET"]}}],"collection":[{"href":"https:\/\/obcina.rogatec.si\/wp-json\/wp\/v2\/pages"}],"about":[{"href":"https:\/\/obcina.rogatec.si\/wp-json\/wp\/v2\/types\/page"}],"author":[{"embeddable":true,"href":"https:\/\/obcina.rogatec.si\/wp-json\/wp\/v2\/users\/1"}],"replies":[{"embeddable":true,"href":"https:\/\/obcina.rogatec.si\/wp-json\/wp\/v2\/comments?post=508562"}],"version-history":[{"count":1,"href":"https:\/\/obcina.rogatec.si\/wp-json\/wp\/v2\/pages\/508562\/revisions"}],"predecessor-version":[{"id":508563,"href":"https:\/\/obcina.rogatec.si\/wp-json\/wp\/v2\/pages\/508562\/revisions\/508563"}],"wp:attachment":[{"href":"https:\/\/obcina.rogatec.si\/wp-json\/wp\/v2\/media?parent=508562"}],"curies":[{"name":"wp","href":"https:\/\/api.w.org\/{rel}","templated":true}]}}