{"id":508560,"date":"2023-02-22T10:37:30","date_gmt":"2023-02-22T09:37:30","guid":{"rendered":"https:\/\/obcina.rogatec.si\/?page_id=508560"},"modified":"2023-02-22T10:37:31","modified_gmt":"2023-02-22T09:37:31","slug":"imate-idejo-predlog-pobudo","status":"publish","type":"page","link":"https:\/\/obcina.rogatec.si\/imate-idejo-predlog-pobudo\/","title":{"rendered":"<strong>Imate idejo, predlog, pobudo?<\/strong>"},"content":{"rendered":"\n<p><strong>Posredujte jo in jo bomo pregledali.<\/strong><\/p>\n\n\n\n<p>Pobude in predlogi so namenjeni posredovanju informacij k vsebinsko odgovornim subjektom. Za nas kot prejemnika ne predstavljajo obveze ali dol\u017enosti re\u0161evanja. Pobuda oz. predlog predstavlja zgolj informacijo in ne vloge po Zakonu o splo\u0161nem upravnem postopku (ZUP).\u00a0Pridr\u017eujemo si pravico, da ne objavljamo in ne odgovarjamo na vpra\u0161anja, ki vzpodbujajo nestrpnost, niso povezana z na\u0161im poslovanjem, so nekonstruktivna ali iz katerega koli drugega razloga niso primerna za objavo.<\/p>\n\n\n\n<div style=\"height:25px\" aria-hidden=\"true\" class=\"wp-block-spacer\"><\/div>\n\n\n<div class=\"wpforms-container wpforms-container-full\" id=\"wpforms-508559\"><form id=\"wpforms-form-508559\" class=\"wpforms-validate wpforms-form wpforms-ajax-form\" data-formid=\"508559\" method=\"post\" enctype=\"multipart\/form-data\" action=\"\/wp-json\/wp\/v2\/pages\/508560?wpforms_form_id=508559\" data-token=\"a2762ca7e5ea6f14ca6f1d8fe17d7f05\"><noscript class=\"wpforms-error-noscript\">Please enable JavaScript in your browser to complete this form.<\/noscript><div class=\"wpforms-field-container\"><div id=\"wpforms-508559-field_14-container\" class=\"wpforms-field wpforms-field-html\" data-field-id=\"14\"><div id=\"wpforms-508559-field_14\"><h3>Va\u0161 predlog:<\/h3><\/div><\/div><div id=\"wpforms-508559-field_15-container\" class=\"wpforms-field wpforms-field-text\" data-field-id=\"15\"><label class=\"wpforms-field-label\" for=\"wpforms-508559-field_15\">Naziv pobude \u2013 zadeva <span class=\"wpforms-required-label\">*<\/span><\/label><input type=\"text\" id=\"wpforms-508559-field_15\" class=\"wpforms-field-medium wpforms-field-required\" name=\"wpforms[fields][15]\" required><\/div><div id=\"wpforms-508559-field_17-container\" class=\"wpforms-field wpforms-field-textarea\" data-field-id=\"17\"><label class=\"wpforms-field-label\" for=\"wpforms-508559-field_17\">Predlogi in pobude<\/label><textarea id=\"wpforms-508559-field_17\" class=\"wpforms-field-medium\" name=\"wpforms[fields][17]\" ><\/textarea><\/div><div id=\"wpforms-508559-field_16-container\" class=\"wpforms-field wpforms-field-textarea\" data-field-id=\"16\"><label class=\"wpforms-field-label\" for=\"wpforms-508559-field_16\">Naslov lokacije pobude<\/label><textarea id=\"wpforms-508559-field_16\" class=\"wpforms-field-medium\" name=\"wpforms[fields][16]\" ><\/textarea><\/div><div id=\"wpforms-508559-field_26-container\" class=\"wpforms-field wpforms-field-file-upload\" data-field-id=\"26\"><label class=\"wpforms-field-label\" for=\"wpforms-508559-field_26\">Dodajte slikovni material<\/label><div\n\t\tclass=\"wpforms-uploader\"\n\t\tdata-field-id=\"26\"\n\t\tdata-form-id=\"508559\"\n\t\tdata-input-name=\"wpforms_508559_26\"\n\t\tdata-extensions=\"png,gif,jpg,doc,xls,ppt,pdf,wav,mp3,mp4,mpg,mov,wmv\"\n\t\tdata-max-size=\"52428800\"\n\t\tdata-max-file-number=\"10\"\n\t\tdata-post-max-size=\"67108864\"\n\t\tdata-max-parallel-uploads=\"4\"\n\t\tdata-parallel-uploads=\"true\"\n\t\tdata-file-chunk-size=\"2097152\">\n\t<div class=\"dz-message\">\n\t\t<svg viewBox=\"0 0 1024 1024\" focusable=\"false\" data-icon=\"inbox\" width=\"50px\" height=\"50px\" fill=\"#b1b1b1\" aria-hidden=\"true\">\n\t\t\t<path d=\"M885.2 446.3l-.2-.8-112.2-285.1c-5-16.1-19.9-27.2-36.8-27.2H281.2c-17 0-32.1 11.3-36.9 27.6L139.4 443l-.3.7-.2.8c-1.3 4.9-1.7 9.9-1 14.8-.1 1.6-.2 3.2-.2 4.8V830a60.9 60.9 0 0 0 60.8 60.8h627.2c33.5 0 60.8-27.3 60.9-60.8V464.1c0-1.3 0-2.6-.1-3.7.4-4.9 0-9.6-1.3-14.1zm-295.8-43l-.3 15.7c-.8 44.9-31.8 75.1-77.1 75.1-22.1 0-41.1-7.1-54.8-20.6S436 441.2 435.6 419l-.3-15.7H229.5L309 210h399.2l81.7 193.3H589.4zm-375 76.8h157.3c24.3 57.1 76 90.8 140.4 90.8 33.7 0 65-9.4 90.3-27.2 22.2-15.6 39.5-37.4 50.7-63.6h156.5V814H214.4V480.1z\"><\/path>\n\t\t<\/svg>\n\t\t<span class=\"modern-title\">Click or drag files to this area to upload.<\/span>\n\n\t\t\t\t\t<span class=\"modern-hint\">You can upload up to 10 files.<\/span>\n\t\t\t<\/div>\n<\/div>\n<input\n\t\ttype=\"text\"\n\t\tautocomplete=\"off\"\n\t\tclass=\"dropzone-input\"\n\t\tstyle=\"position:absolute!important;clip:rect(0,0,0,0)!important;height:1px!important;width:1px!important;border:0!important;overflow:hidden!important;padding:0!important;margin:0!important;\"\n\t\tid=\"wpforms-508559-field_26\"\n\t\tname=\"wpforms_508559_26\" \t\tvalue=\"\">\n<div class=\"wpforms-field-description\">Nalo\u017eite lahko do 10 fotografij ali dokumentov. Najve\u010dja velikost posamezne datoteke je 50MB.<\/div><\/div><div id=\"wpforms-508559-field_13-container\" class=\"wpforms-field wpforms-field-html\" data-field-id=\"13\"><div id=\"wpforms-508559-field_13\"><h3>Podatki o vlagatelju:<\/h3><\/div><\/div><div id=\"wpforms-508559-field_6-container\" class=\"wpforms-field wpforms-field-name\" data-field-id=\"6\"><label class=\"wpforms-field-label\" for=\"wpforms-508559-field_6\">Ime in priimek predlagatelja<\/label><input type=\"text\" id=\"wpforms-508559-field_6\" class=\"wpforms-field-medium\" name=\"wpforms[fields][6]\" ><\/div><div id=\"wpforms-508559-field_5-container\" class=\"wpforms-field wpforms-field-email\" data-field-id=\"5\"><label class=\"wpforms-field-label\" for=\"wpforms-508559-field_5\">E-po\u0161ta<\/label><input type=\"email\" id=\"wpforms-508559-field_5\" class=\"wpforms-field-medium\" name=\"wpforms[fields][5]\" ><\/div><div id=\"wpforms-508559-field_7-container\" class=\"wpforms-field wpforms-field-phone\" data-field-id=\"7\"><label class=\"wpforms-field-label\" for=\"wpforms-508559-field_7\">Telefon<\/label><input type=\"tel\" id=\"wpforms-508559-field_7\" class=\"wpforms-field-medium wpforms-smart-phone-field\" data-rule-smart-phone-field=\"true\" name=\"wpforms[fields][7]\" ><\/div><div id=\"wpforms-508559-field_28-container\" class=\"wpforms-field wpforms-field-checkbox\" data-field-id=\"28\"><label class=\"wpforms-field-label\" for=\"wpforms-508559-field_28\">Soglasje<\/label><ul id=\"wpforms-508559-field_28\"><li class=\"choice-1 depth-1\"><input type=\"checkbox\" id=\"wpforms-508559-field_28_1\" name=\"wpforms[fields][28][]\" value=\"Strinjam se (\u010de se ne strinjate, lahko pobudo oddate anonimno.)\"  ><label class=\"wpforms-field-label-inline\" for=\"wpforms-508559-field_28_1\">Strinjam se (\u010de se ne strinjate, lahko pobudo oddate anonimno.)<\/label><\/li><\/ul><div class=\"wpforms-field-description\">S potrditvijo se strinjam, da se moji kontaktni podatki (ime, priimek, telefonska \u0161tevilka in elektronski naslov) zbirajo za primer, ko me je potrebno kontaktirati zaradi dodatnih pojasnil glede pobude (seveda le, \u010de boste posredovali svoje kontaktne podatke).<\/div><\/div><div id=\"wpforms-508559-field_29-container\" class=\"wpforms-field wpforms-field-html\" data-field-id=\"29\"><div id=\"wpforms-508559-field_29\"><p>Obvestilo o obdelavi osebnih podatkov si lahko preberete <a target=\"_blank\" href=\"\/obvestilo-o-obdelavi-osebnih-podatkov\">TUKAJ<\/a>.<\/p><\/div><\/div><\/div><div class=\"wpforms-submit-container\"><input type=\"hidden\" name=\"wpforms[id]\" value=\"508559\"><input type=\"hidden\" name=\"wpforms[author]\" value=\"1\"><button type=\"submit\" name=\"wpforms[submit]\" id=\"wpforms-submit-508559\" class=\"wpforms-submit\" data-alt-text=\"Po\u0161iljam...\" data-submit-text=\"Oddaj vnos\" aria-live=\"assertive\" value=\"wpforms-submit\">Oddaj vnos<\/button><img loading=\"lazy\" decoding=\"async\" src=\"https:\/\/obcina.rogatec.si\/wp-content\/plugins\/wpforms\/assets\/images\/submit-spin.svg\" class=\"wpforms-submit-spinner\" style=\"display: none;\" width=\"26\" height=\"26\" alt=\"\"><\/div><\/form><\/div>  <!-- .wpforms-container -->\n","protected":false},"excerpt":{"rendered":"<p>Posredujte jo in jo bomo pregledali. Pobude in predlogi so namenjeni posredovanju informacij k vsebinsko odgovornim subjektom. Za nas kot prejemnika ne predstavljajo obveze ali dol\u017enosti re\u0161evanja. Pobuda oz. predlog predstavlja zgolj informacijo in ne vloge po Zakonu o splo\u0161nem upravnem postopku (ZUP).\u00a0Pridr\u017eujemo si pravico, da ne objavljamo in ne odgovarjamo na vpra\u0161anja, ki vzpodbujajo [&hellip;]<\/p>\n","protected":false},"author":1,"featured_media":0,"parent":0,"menu_order":0,"comment_status":"closed","ping_status":"closed","template":"","meta":{"_uag_custom_page_level_css":"","footnotes":""},"class_list":["post-508560","page","type-page","status-publish","hentry"],"yoast_head":"<!-- This site is optimized with the Yoast SEO plugin v27.2 - https:\/\/yoast.com\/product\/yoast-seo-wordpress\/ -->\n<title>Imate idejo, predlog, pobudo? - Ob\u010dina Rogatec<\/title>\n<meta name=\"robots\" content=\"index, follow, max-snippet:-1, max-image-preview:large, max-video-preview:-1\" \/>\n<link rel=\"canonical\" href=\"https:\/\/obcina.rogatec.si\/imate-idejo-predlog-pobudo\/\" \/>\n<meta property=\"og:locale\" content=\"sl_SI\" \/>\n<meta property=\"og:type\" content=\"article\" \/>\n<meta property=\"og:title\" content=\"Imate idejo, predlog, pobudo? - Ob\u010dina Rogatec\" \/>\n<meta property=\"og:description\" content=\"Posredujte jo in jo bomo pregledali. Pobude in predlogi so namenjeni posredovanju informacij k vsebinsko odgovornim subjektom. Za nas kot prejemnika ne predstavljajo obveze ali dol\u017enosti re\u0161evanja. Pobuda oz. predlog predstavlja zgolj informacijo in ne vloge po Zakonu o splo\u0161nem upravnem postopku (ZUP).\u00a0Pridr\u017eujemo si pravico, da ne objavljamo in ne odgovarjamo na vpra\u0161anja, ki vzpodbujajo [&hellip;]\" \/>\n<meta property=\"og:url\" content=\"https:\/\/obcina.rogatec.si\/imate-idejo-predlog-pobudo\/\" \/>\n<meta property=\"og:site_name\" content=\"Ob\u010dina Rogatec\" \/>\n<meta property=\"article:publisher\" content=\"https:\/\/www.facebook.com\/VisitRogatec\/\" \/>\n<meta property=\"article:modified_time\" content=\"2023-02-22T09:37:31+00:00\" \/>\n<meta property=\"og:image\" content=\"https:\/\/obcina.rogatec.si\/wp-content\/uploads\/2013\/10\/MUZEJ-NA-PROSTEM-ROGATEC.jpg\" \/>\n\t<meta property=\"og:image:width\" content=\"1900\" \/>\n\t<meta property=\"og:image:height\" content=\"1262\" \/>\n\t<meta property=\"og:image:type\" content=\"image\/jpeg\" \/>\n<meta name=\"twitter:card\" content=\"summary_large_image\" \/>\n<meta name=\"twitter:label1\" content=\"Est. reading time\" \/>\n\t<meta name=\"twitter:data1\" content=\"1 minuta\" \/>\n<script type=\"application\/ld+json\" class=\"yoast-schema-graph\">{\"@context\":\"https:\/\/schema.org\",\"@graph\":[{\"@type\":\"WebPage\",\"@id\":\"https:\/\/obcina.rogatec.si\/imate-idejo-predlog-pobudo\/\",\"url\":\"https:\/\/obcina.rogatec.si\/imate-idejo-predlog-pobudo\/\",\"name\":\"Imate idejo, predlog, pobudo? - Ob\u010dina Rogatec\",\"isPartOf\":{\"@id\":\"https:\/\/obcina.rogatec.si\/#website\"},\"datePublished\":\"2023-02-22T09:37:30+00:00\",\"dateModified\":\"2023-02-22T09:37:31+00:00\",\"breadcrumb\":{\"@id\":\"https:\/\/obcina.rogatec.si\/imate-idejo-predlog-pobudo\/#breadcrumb\"},\"inLanguage\":\"sl-SI\",\"potentialAction\":[{\"@type\":\"ReadAction\",\"target\":[\"https:\/\/obcina.rogatec.si\/imate-idejo-predlog-pobudo\/\"]}]},{\"@type\":\"BreadcrumbList\",\"@id\":\"https:\/\/obcina.rogatec.si\/imate-idejo-predlog-pobudo\/#breadcrumb\",\"itemListElement\":[{\"@type\":\"ListItem\",\"position\":1,\"name\":\"Domov\",\"item\":\"https:\/\/obcina.rogatec.si\/\"},{\"@type\":\"ListItem\",\"position\":2,\"name\":\"Imate idejo, predlog, pobudo?\"}]},{\"@type\":\"WebSite\",\"@id\":\"https:\/\/obcina.rogatec.si\/#website\",\"url\":\"https:\/\/obcina.rogatec.si\/\",\"name\":\"Ob\u010dina Rogatec\",\"description\":\"Uradni spletni portal Ob\u010dine Rogatec\",\"publisher\":{\"@id\":\"https:\/\/obcina.rogatec.si\/#organization\"},\"potentialAction\":[{\"@type\":\"SearchAction\",\"target\":{\"@type\":\"EntryPoint\",\"urlTemplate\":\"https:\/\/obcina.rogatec.si\/?s={search_term_string}\"},\"query-input\":{\"@type\":\"PropertyValueSpecification\",\"valueRequired\":true,\"valueName\":\"search_term_string\"}}],\"inLanguage\":\"sl-SI\"},{\"@type\":\"Organization\",\"@id\":\"https:\/\/obcina.rogatec.si\/#organization\",\"name\":\"Ob\u010dina Rogatec\",\"url\":\"https:\/\/obcina.rogatec.si\/\",\"logo\":{\"@type\":\"ImageObject\",\"inLanguage\":\"sl-SI\",\"@id\":\"https:\/\/obcina.rogatec.si\/#\/schema\/logo\/image\/\",\"url\":\"https:\/\/obcina.rogatec.si\/wp-content\/uploads\/2021\/01\/ObcinaRogatec_col.png\",\"contentUrl\":\"https:\/\/obcina.rogatec.si\/wp-content\/uploads\/2021\/01\/ObcinaRogatec_col.png\",\"width\":275,\"height\":100,\"caption\":\"Ob\u010dina Rogatec\"},\"image\":{\"@id\":\"https:\/\/obcina.rogatec.si\/#\/schema\/logo\/image\/\"},\"sameAs\":[\"https:\/\/www.facebook.com\/VisitRogatec\/\",\"https:\/\/www.instagram.com\/visitrogatec\/\",\"https:\/\/www.youtube.com\/channel\/UC0j4SRaLd9oSppR8hwVd5tw\"]}]}<\/script>\n<!-- \/ Yoast SEO plugin. -->","yoast_head_json":{"title":"Imate idejo, predlog, pobudo? - Ob\u010dina Rogatec","robots":{"index":"index","follow":"follow","max-snippet":"max-snippet:-1","max-image-preview":"max-image-preview:large","max-video-preview":"max-video-preview:-1"},"canonical":"https:\/\/obcina.rogatec.si\/imate-idejo-predlog-pobudo\/","og_locale":"sl_SI","og_type":"article","og_title":"Imate idejo, predlog, pobudo? - Ob\u010dina Rogatec","og_description":"Posredujte jo in jo bomo pregledali. Pobude in predlogi so namenjeni posredovanju informacij k vsebinsko odgovornim subjektom. Za nas kot prejemnika ne predstavljajo obveze ali dol\u017enosti re\u0161evanja. Pobuda oz. predlog predstavlja zgolj informacijo in ne vloge po Zakonu o splo\u0161nem upravnem postopku (ZUP).\u00a0Pridr\u017eujemo si pravico, da ne objavljamo in ne odgovarjamo na vpra\u0161anja, ki vzpodbujajo [&hellip;]","og_url":"https:\/\/obcina.rogatec.si\/imate-idejo-predlog-pobudo\/","og_site_name":"Ob\u010dina Rogatec","article_publisher":"https:\/\/www.facebook.com\/VisitRogatec\/","article_modified_time":"2023-02-22T09:37:31+00:00","og_image":[{"width":1900,"height":1262,"url":"https:\/\/obcina.rogatec.si\/wp-content\/uploads\/2013\/10\/MUZEJ-NA-PROSTEM-ROGATEC.jpg","type":"image\/jpeg"}],"twitter_card":"summary_large_image","twitter_misc":{"Est. reading time":"1 minuta"},"schema":{"@context":"https:\/\/schema.org","@graph":[{"@type":"WebPage","@id":"https:\/\/obcina.rogatec.si\/imate-idejo-predlog-pobudo\/","url":"https:\/\/obcina.rogatec.si\/imate-idejo-predlog-pobudo\/","name":"Imate idejo, predlog, pobudo? - Ob\u010dina Rogatec","isPartOf":{"@id":"https:\/\/obcina.rogatec.si\/#website"},"datePublished":"2023-02-22T09:37:30+00:00","dateModified":"2023-02-22T09:37:31+00:00","breadcrumb":{"@id":"https:\/\/obcina.rogatec.si\/imate-idejo-predlog-pobudo\/#breadcrumb"},"inLanguage":"sl-SI","potentialAction":[{"@type":"ReadAction","target":["https:\/\/obcina.rogatec.si\/imate-idejo-predlog-pobudo\/"]}]},{"@type":"BreadcrumbList","@id":"https:\/\/obcina.rogatec.si\/imate-idejo-predlog-pobudo\/#breadcrumb","itemListElement":[{"@type":"ListItem","position":1,"name":"Domov","item":"https:\/\/obcina.rogatec.si\/"},{"@type":"ListItem","position":2,"name":"Imate idejo, predlog, pobudo?"}]},{"@type":"WebSite","@id":"https:\/\/obcina.rogatec.si\/#website","url":"https:\/\/obcina.rogatec.si\/","name":"Ob\u010dina Rogatec","description":"Uradni spletni portal Ob\u010dine Rogatec","publisher":{"@id":"https:\/\/obcina.rogatec.si\/#organization"},"potentialAction":[{"@type":"SearchAction","target":{"@type":"EntryPoint","urlTemplate":"https:\/\/obcina.rogatec.si\/?s={search_term_string}"},"query-input":{"@type":"PropertyValueSpecification","valueRequired":true,"valueName":"search_term_string"}}],"inLanguage":"sl-SI"},{"@type":"Organization","@id":"https:\/\/obcina.rogatec.si\/#organization","name":"Ob\u010dina Rogatec","url":"https:\/\/obcina.rogatec.si\/","logo":{"@type":"ImageObject","inLanguage":"sl-SI","@id":"https:\/\/obcina.rogatec.si\/#\/schema\/logo\/image\/","url":"https:\/\/obcina.rogatec.si\/wp-content\/uploads\/2021\/01\/ObcinaRogatec_col.png","contentUrl":"https:\/\/obcina.rogatec.si\/wp-content\/uploads\/2021\/01\/ObcinaRogatec_col.png","width":275,"height":100,"caption":"Ob\u010dina Rogatec"},"image":{"@id":"https:\/\/obcina.rogatec.si\/#\/schema\/logo\/image\/"},"sameAs":["https:\/\/www.facebook.com\/VisitRogatec\/","https:\/\/www.instagram.com\/visitrogatec\/","https:\/\/www.youtube.com\/channel\/UC0j4SRaLd9oSppR8hwVd5tw"]}]}},"uagb_featured_image_src":{"full":false,"thumbnail":false,"medium":false,"medium_large":false,"large":false,"1536x1536":false,"2048x2048":false,"XXS":false,"XS":false,"S":false,"M":false,"L":false,"XL":false},"uagb_author_info":{"display_name":"Ob\u010dina Rogatec","author_link":"https:\/\/obcina.rogatec.si\/author\/vedran72\/"},"uagb_comment_info":0,"uagb_excerpt":"Posredujte jo in jo bomo pregledali. Pobude in predlogi so namenjeni posredovanju informacij k vsebinsko odgovornim subjektom. Za nas kot prejemnika ne predstavljajo obveze ali dol\u017enosti re\u0161evanja. Pobuda oz. predlog predstavlja zgolj informacijo in ne vloge po Zakonu o splo\u0161nem upravnem postopku (ZUP).\u00a0Pridr\u017eujemo si pravico, da ne objavljamo in ne odgovarjamo na vpra\u0161anja, ki vzpodbujajo&hellip;","_links":{"self":[{"href":"https:\/\/obcina.rogatec.si\/wp-json\/wp\/v2\/pages\/508560","targetHints":{"allow":["GET"]}}],"collection":[{"href":"https:\/\/obcina.rogatec.si\/wp-json\/wp\/v2\/pages"}],"about":[{"href":"https:\/\/obcina.rogatec.si\/wp-json\/wp\/v2\/types\/page"}],"author":[{"embeddable":true,"href":"https:\/\/obcina.rogatec.si\/wp-json\/wp\/v2\/users\/1"}],"replies":[{"embeddable":true,"href":"https:\/\/obcina.rogatec.si\/wp-json\/wp\/v2\/comments?post=508560"}],"version-history":[{"count":1,"href":"https:\/\/obcina.rogatec.si\/wp-json\/wp\/v2\/pages\/508560\/revisions"}],"predecessor-version":[{"id":508561,"href":"https:\/\/obcina.rogatec.si\/wp-json\/wp\/v2\/pages\/508560\/revisions\/508561"}],"wp:attachment":[{"href":"https:\/\/obcina.rogatec.si\/wp-json\/wp\/v2\/media?parent=508560"}],"curies":[{"name":"wp","href":"https:\/\/api.w.org\/{rel}","templated":true}]}}