{"id":507759,"date":"2022-04-15T12:54:08","date_gmt":"2022-04-15T10:54:08","guid":{"rendered":"https:\/\/obcina.rogatec.si\/?page_id=507759"},"modified":"2022-10-21T13:15:24","modified_gmt":"2022-10-21T11:15:24","slug":"mladi-podajte-predlog","status":"publish","type":"page","link":"https:\/\/obcina.rogatec.si\/mladi-podajte-predlog\/","title":{"rendered":"Mladi &#8211; Podajte predlog"},"content":{"rendered":"\n<p><strong>Imate inovativen predlog, katerega realizacija bi imela pozitiven vpliv na \u017eivljenje ob\u010danov Ob\u010dine Rogatec? Podajte in razlo\u017eite predlog v spodnjem obrazcu.<\/strong><\/p>\n\n\n\n<p>Vsi predlogi bodo najprej obravnavani na Odboru za mlade Ob\u010dinskega sveta Ob\u010dine Rogatec in po presoji smiselnosti, posredovani pristojnim delovnim telesom za podro\u010dja, na katera se nana\u0161ajo. Predlogi, podani v teko\u010dem letu, se na\u010deloma nana\u0161ajo na naslednje leto. Pri podajanju predloga je obvezno izpolniti vsa okenca. Vsi kontaktni podatki bodo uporabljeni izklju\u010dno za namen pridobivanja morebitnih dodatnih informacij o predlogu.<\/p>\n\n\n\n<div style=\"height:25px\" aria-hidden=\"true\" class=\"wp-block-spacer\"><\/div>\n\n\n<div class=\"wpforms-container wpforms-container-full\" id=\"wpforms-508381\"><form id=\"wpforms-form-508381\" class=\"wpforms-validate wpforms-form wpforms-ajax-form\" data-formid=\"508381\" method=\"post\" enctype=\"multipart\/form-data\" action=\"\/wp-json\/wp\/v2\/pages\/507759\" data-token=\"626ec517ab978121437b0317db0c8646\"><noscript class=\"wpforms-error-noscript\">Please enable JavaScript in your browser to complete this form.<\/noscript><div class=\"wpforms-field-container\"><div id=\"wpforms-508381-field_6-container\" class=\"wpforms-field wpforms-field-name\" data-field-id=\"6\"><label class=\"wpforms-field-label\" for=\"wpforms-508381-field_6\">Ime in priimek predlagatelja <span class=\"wpforms-required-label\">*<\/span><\/label><input type=\"text\" id=\"wpforms-508381-field_6\" class=\"wpforms-field-medium wpforms-field-required\" name=\"wpforms[fields][6]\" required><\/div><div id=\"wpforms-508381-field_2-container\" class=\"wpforms-field wpforms-field-text\" data-field-id=\"2\"><label class=\"wpforms-field-label\" for=\"wpforms-508381-field_2\">\u010ce ste zastopnik organizacije, v imenu katere podajate predlog, prosimo zapi\u0161ite v okence naziv organizacije (pravne osebe):<\/label><input type=\"text\" id=\"wpforms-508381-field_2\" class=\"wpforms-field-medium\" name=\"wpforms[fields][2]\" ><\/div><div id=\"wpforms-508381-field_13-container\" class=\"wpforms-field wpforms-field-html\" data-field-id=\"13\"><div id=\"wpforms-508381-field_13\"><h3>Kontaktni podatki predlagatelja:<\/h3><\/div><\/div><div id=\"wpforms-508381-field_7-container\" class=\"wpforms-field wpforms-field-phone\" data-field-id=\"7\"><label class=\"wpforms-field-label\" for=\"wpforms-508381-field_7\">Telefon<\/label><input type=\"tel\" id=\"wpforms-508381-field_7\" class=\"wpforms-field-medium wpforms-smart-phone-field\" data-rule-smart-phone-field=\"true\" name=\"wpforms[fields][7]\" ><\/div><div id=\"wpforms-508381-field_5-container\" class=\"wpforms-field wpforms-field-email\" data-field-id=\"5\"><label class=\"wpforms-field-label\" for=\"wpforms-508381-field_5\">E-po\u0161ta <span class=\"wpforms-required-label\">*<\/span><\/label><input type=\"email\" id=\"wpforms-508381-field_5\" class=\"wpforms-field-medium wpforms-field-required\" name=\"wpforms[fields][5]\" required><\/div><div id=\"wpforms-508381-field_14-container\" class=\"wpforms-field wpforms-field-html\" data-field-id=\"14\"><div id=\"wpforms-508381-field_14\"><h3>Va\u0161 predlog:<\/h3><\/div><\/div><div id=\"wpforms-508381-field_15-container\" class=\"wpforms-field wpforms-field-text\" data-field-id=\"15\"><label class=\"wpforms-field-label\" for=\"wpforms-508381-field_15\">Naslov predloga: <span class=\"wpforms-required-label\">*<\/span><\/label><input type=\"text\" id=\"wpforms-508381-field_15\" class=\"wpforms-field-medium wpforms-field-required\" name=\"wpforms[fields][15]\" required><\/div><div id=\"wpforms-508381-field_16-container\" class=\"wpforms-field wpforms-field-textarea\" data-field-id=\"16\"><label class=\"wpforms-field-label\" for=\"wpforms-508381-field_16\">Konkretnej\u0161a obrazlo\u017eitev predloga:<\/label><textarea id=\"wpforms-508381-field_16\" class=\"wpforms-field-medium\" name=\"wpforms[fields][16]\" ><\/textarea><\/div><div id=\"wpforms-508381-field_17-container\" class=\"wpforms-field wpforms-field-textarea\" data-field-id=\"17\"><label class=\"wpforms-field-label\" for=\"wpforms-508381-field_17\">Na katere ciljne skupine se predlog nana\u0161a:<\/label><textarea id=\"wpforms-508381-field_17\" class=\"wpforms-field-medium\" name=\"wpforms[fields][17]\" ><\/textarea><\/div><div id=\"wpforms-508381-field_18-container\" class=\"wpforms-field wpforms-field-textarea\" data-field-id=\"18\"><label class=\"wpforms-field-label\" for=\"wpforms-508381-field_18\">Opi\u0161ite pozitiven vpliv, ki bi ga realizacija predloga imela na ob\u010dane Ob\u010dine Rogatec:<\/label><textarea id=\"wpforms-508381-field_18\" class=\"wpforms-field-medium\" name=\"wpforms[fields][18]\" ><\/textarea><\/div><div id=\"wpforms-508381-field_19-container\" class=\"wpforms-field wpforms-field-textarea\" data-field-id=\"19\"><label class=\"wpforms-field-label\" for=\"wpforms-508381-field_19\">Opi\u0161ite morebiten negativni vpliv, ki bi ga realizacija predloga morda utegnila imeti:<\/label><textarea id=\"wpforms-508381-field_19\" class=\"wpforms-field-medium\" name=\"wpforms[fields][19]\" ><\/textarea><\/div><div id=\"wpforms-508381-field_21-container\" class=\"wpforms-field wpforms-field-text\" data-field-id=\"21\"><label class=\"wpforms-field-label\" for=\"wpforms-508381-field_21\">Vpi\u0161ite oceno vrednosti investicije (v evrih) in obrazlo\u017eite, kako ste vrednost ocenili:<\/label><input type=\"text\" id=\"wpforms-508381-field_21\" class=\"wpforms-field-medium\" name=\"wpforms[fields][21]\" ><\/div><div id=\"wpforms-508381-field_22-container\" class=\"wpforms-field wpforms-field-text\" data-field-id=\"22\"><label class=\"wpforms-field-label\" for=\"wpforms-508381-field_22\">Vpi\u0161ite oceno potrebnega \u010dasa za realizacijo in obrazlo\u017eite, kako ste ocenili potreben \u010das:<\/label><input type=\"text\" id=\"wpforms-508381-field_22\" class=\"wpforms-field-medium\" name=\"wpforms[fields][22]\" ><\/div><div id=\"wpforms-508381-field_23-container\" class=\"wpforms-field wpforms-field-textarea\" data-field-id=\"23\"><label class=\"wpforms-field-label\" for=\"wpforms-508381-field_23\">Ali ste pripravljeni biti aktivno vklju\u010deni in sodelovati v primeru realizacije predloga? \u010ce da, prosimo opi\u0161ite, kako:<\/label><textarea id=\"wpforms-508381-field_23\" class=\"wpforms-field-medium\" name=\"wpforms[fields][23]\" ><\/textarea><\/div><\/div><div class=\"wpforms-submit-container\"><input type=\"hidden\" name=\"wpforms[id]\" value=\"508381\"><input type=\"hidden\" name=\"wpforms[author]\" value=\"1\"><button type=\"submit\" name=\"wpforms[submit]\" id=\"wpforms-submit-508381\" class=\"wpforms-submit\" data-alt-text=\"Po\u0161iljam...\" data-submit-text=\"PO\u0160LJI OBRAZEC\" aria-live=\"assertive\" value=\"wpforms-submit\">PO\u0160LJI OBRAZEC<\/button><img loading=\"lazy\" decoding=\"async\" src=\"https:\/\/obcina.rogatec.si\/wp-content\/plugins\/wpforms\/assets\/images\/submit-spin.svg\" class=\"wpforms-submit-spinner\" style=\"display: none;\" width=\"26\" height=\"26\" alt=\"\"><\/div><\/form><\/div>  <!-- .wpforms-container -->\n","protected":false},"excerpt":{"rendered":"<p>Imate inovativen predlog, katerega realizacija bi imela pozitiven vpliv na \u017eivljenje ob\u010danov Ob\u010dine Rogatec? Podajte in razlo\u017eite predlog v spodnjem obrazcu. Vsi predlogi bodo najprej obravnavani na Odboru za mlade Ob\u010dinskega sveta Ob\u010dine Rogatec in po presoji smiselnosti, posredovani pristojnim delovnim telesom za podro\u010dja, na katera se nana\u0161ajo. Predlogi, podani v teko\u010dem letu, se na\u010deloma [&hellip;]<\/p>\n","protected":false},"author":1,"featured_media":0,"parent":0,"menu_order":0,"comment_status":"closed","ping_status":"closed","template":"","meta":{"_uag_custom_page_level_css":"","footnotes":""},"class_list":["post-507759","page","type-page","status-publish","hentry"],"yoast_head":"<!-- This site is optimized with the Yoast SEO plugin v27.2 - https:\/\/yoast.com\/product\/yoast-seo-wordpress\/ -->\n<title>Mladi - Podajte predlog - Ob\u010dina Rogatec<\/title>\n<meta name=\"robots\" content=\"index, follow, max-snippet:-1, max-image-preview:large, max-video-preview:-1\" \/>\n<link rel=\"canonical\" href=\"https:\/\/obcina.rogatec.si\/mladi-podajte-predlog\/\" \/>\n<meta property=\"og:locale\" content=\"sl_SI\" \/>\n<meta property=\"og:type\" content=\"article\" \/>\n<meta property=\"og:title\" content=\"Mladi - Podajte predlog - Ob\u010dina Rogatec\" \/>\n<meta property=\"og:description\" content=\"Imate inovativen predlog, katerega realizacija bi imela pozitiven vpliv na \u017eivljenje ob\u010danov Ob\u010dine Rogatec? Podajte in razlo\u017eite predlog v spodnjem obrazcu. Vsi predlogi bodo najprej obravnavani na Odboru za mlade Ob\u010dinskega sveta Ob\u010dine Rogatec in po presoji smiselnosti, posredovani pristojnim delovnim telesom za podro\u010dja, na katera se nana\u0161ajo. Predlogi, podani v teko\u010dem letu, se na\u010deloma [&hellip;]\" \/>\n<meta property=\"og:url\" content=\"https:\/\/obcina.rogatec.si\/mladi-podajte-predlog\/\" \/>\n<meta property=\"og:site_name\" content=\"Ob\u010dina Rogatec\" \/>\n<meta property=\"article:publisher\" content=\"https:\/\/www.facebook.com\/VisitRogatec\/\" \/>\n<meta property=\"article:modified_time\" content=\"2022-10-21T11:15:24+00:00\" \/>\n<meta property=\"og:image\" content=\"https:\/\/obcina.rogatec.si\/wp-content\/uploads\/2013\/10\/MUZEJ-NA-PROSTEM-ROGATEC.jpg\" \/>\n\t<meta property=\"og:image:width\" content=\"1900\" \/>\n\t<meta property=\"og:image:height\" content=\"1262\" \/>\n\t<meta property=\"og:image:type\" content=\"image\/jpeg\" \/>\n<meta name=\"twitter:card\" content=\"summary_large_image\" \/>\n<meta name=\"twitter:label1\" content=\"Est. reading time\" \/>\n\t<meta name=\"twitter:data1\" content=\"1 minuta\" \/>\n<script type=\"application\/ld+json\" class=\"yoast-schema-graph\">{\"@context\":\"https:\/\/schema.org\",\"@graph\":[{\"@type\":\"WebPage\",\"@id\":\"https:\/\/obcina.rogatec.si\/mladi-podajte-predlog\/\",\"url\":\"https:\/\/obcina.rogatec.si\/mladi-podajte-predlog\/\",\"name\":\"Mladi - Podajte predlog - Ob\u010dina Rogatec\",\"isPartOf\":{\"@id\":\"https:\/\/obcina.rogatec.si\/#website\"},\"datePublished\":\"2022-04-15T10:54:08+00:00\",\"dateModified\":\"2022-10-21T11:15:24+00:00\",\"breadcrumb\":{\"@id\":\"https:\/\/obcina.rogatec.si\/mladi-podajte-predlog\/#breadcrumb\"},\"inLanguage\":\"sl-SI\",\"potentialAction\":[{\"@type\":\"ReadAction\",\"target\":[\"https:\/\/obcina.rogatec.si\/mladi-podajte-predlog\/\"]}]},{\"@type\":\"BreadcrumbList\",\"@id\":\"https:\/\/obcina.rogatec.si\/mladi-podajte-predlog\/#breadcrumb\",\"itemListElement\":[{\"@type\":\"ListItem\",\"position\":1,\"name\":\"Domov\",\"item\":\"https:\/\/obcina.rogatec.si\/\"},{\"@type\":\"ListItem\",\"position\":2,\"name\":\"Mladi &#8211; Podajte predlog\"}]},{\"@type\":\"WebSite\",\"@id\":\"https:\/\/obcina.rogatec.si\/#website\",\"url\":\"https:\/\/obcina.rogatec.si\/\",\"name\":\"Ob\u010dina Rogatec\",\"description\":\"Uradni spletni portal Ob\u010dine Rogatec\",\"publisher\":{\"@id\":\"https:\/\/obcina.rogatec.si\/#organization\"},\"potentialAction\":[{\"@type\":\"SearchAction\",\"target\":{\"@type\":\"EntryPoint\",\"urlTemplate\":\"https:\/\/obcina.rogatec.si\/?s={search_term_string}\"},\"query-input\":{\"@type\":\"PropertyValueSpecification\",\"valueRequired\":true,\"valueName\":\"search_term_string\"}}],\"inLanguage\":\"sl-SI\"},{\"@type\":\"Organization\",\"@id\":\"https:\/\/obcina.rogatec.si\/#organization\",\"name\":\"Ob\u010dina Rogatec\",\"url\":\"https:\/\/obcina.rogatec.si\/\",\"logo\":{\"@type\":\"ImageObject\",\"inLanguage\":\"sl-SI\",\"@id\":\"https:\/\/obcina.rogatec.si\/#\/schema\/logo\/image\/\",\"url\":\"https:\/\/obcina.rogatec.si\/wp-content\/uploads\/2021\/01\/ObcinaRogatec_col.png\",\"contentUrl\":\"https:\/\/obcina.rogatec.si\/wp-content\/uploads\/2021\/01\/ObcinaRogatec_col.png\",\"width\":275,\"height\":100,\"caption\":\"Ob\u010dina Rogatec\"},\"image\":{\"@id\":\"https:\/\/obcina.rogatec.si\/#\/schema\/logo\/image\/\"},\"sameAs\":[\"https:\/\/www.facebook.com\/VisitRogatec\/\",\"https:\/\/www.instagram.com\/visitrogatec\/\",\"https:\/\/www.youtube.com\/channel\/UC0j4SRaLd9oSppR8hwVd5tw\"]}]}<\/script>\n<!-- \/ Yoast SEO plugin. -->","yoast_head_json":{"title":"Mladi - Podajte predlog - Ob\u010dina Rogatec","robots":{"index":"index","follow":"follow","max-snippet":"max-snippet:-1","max-image-preview":"max-image-preview:large","max-video-preview":"max-video-preview:-1"},"canonical":"https:\/\/obcina.rogatec.si\/mladi-podajte-predlog\/","og_locale":"sl_SI","og_type":"article","og_title":"Mladi - Podajte predlog - Ob\u010dina Rogatec","og_description":"Imate inovativen predlog, katerega realizacija bi imela pozitiven vpliv na \u017eivljenje ob\u010danov Ob\u010dine Rogatec? Podajte in razlo\u017eite predlog v spodnjem obrazcu. Vsi predlogi bodo najprej obravnavani na Odboru za mlade Ob\u010dinskega sveta Ob\u010dine Rogatec in po presoji smiselnosti, posredovani pristojnim delovnim telesom za podro\u010dja, na katera se nana\u0161ajo. Predlogi, podani v teko\u010dem letu, se na\u010deloma [&hellip;]","og_url":"https:\/\/obcina.rogatec.si\/mladi-podajte-predlog\/","og_site_name":"Ob\u010dina Rogatec","article_publisher":"https:\/\/www.facebook.com\/VisitRogatec\/","article_modified_time":"2022-10-21T11:15:24+00:00","og_image":[{"width":1900,"height":1262,"url":"https:\/\/obcina.rogatec.si\/wp-content\/uploads\/2013\/10\/MUZEJ-NA-PROSTEM-ROGATEC.jpg","type":"image\/jpeg"}],"twitter_card":"summary_large_image","twitter_misc":{"Est. reading time":"1 minuta"},"schema":{"@context":"https:\/\/schema.org","@graph":[{"@type":"WebPage","@id":"https:\/\/obcina.rogatec.si\/mladi-podajte-predlog\/","url":"https:\/\/obcina.rogatec.si\/mladi-podajte-predlog\/","name":"Mladi - Podajte predlog - Ob\u010dina Rogatec","isPartOf":{"@id":"https:\/\/obcina.rogatec.si\/#website"},"datePublished":"2022-04-15T10:54:08+00:00","dateModified":"2022-10-21T11:15:24+00:00","breadcrumb":{"@id":"https:\/\/obcina.rogatec.si\/mladi-podajte-predlog\/#breadcrumb"},"inLanguage":"sl-SI","potentialAction":[{"@type":"ReadAction","target":["https:\/\/obcina.rogatec.si\/mladi-podajte-predlog\/"]}]},{"@type":"BreadcrumbList","@id":"https:\/\/obcina.rogatec.si\/mladi-podajte-predlog\/#breadcrumb","itemListElement":[{"@type":"ListItem","position":1,"name":"Domov","item":"https:\/\/obcina.rogatec.si\/"},{"@type":"ListItem","position":2,"name":"Mladi &#8211; Podajte predlog"}]},{"@type":"WebSite","@id":"https:\/\/obcina.rogatec.si\/#website","url":"https:\/\/obcina.rogatec.si\/","name":"Ob\u010dina Rogatec","description":"Uradni spletni portal Ob\u010dine Rogatec","publisher":{"@id":"https:\/\/obcina.rogatec.si\/#organization"},"potentialAction":[{"@type":"SearchAction","target":{"@type":"EntryPoint","urlTemplate":"https:\/\/obcina.rogatec.si\/?s={search_term_string}"},"query-input":{"@type":"PropertyValueSpecification","valueRequired":true,"valueName":"search_term_string"}}],"inLanguage":"sl-SI"},{"@type":"Organization","@id":"https:\/\/obcina.rogatec.si\/#organization","name":"Ob\u010dina Rogatec","url":"https:\/\/obcina.rogatec.si\/","logo":{"@type":"ImageObject","inLanguage":"sl-SI","@id":"https:\/\/obcina.rogatec.si\/#\/schema\/logo\/image\/","url":"https:\/\/obcina.rogatec.si\/wp-content\/uploads\/2021\/01\/ObcinaRogatec_col.png","contentUrl":"https:\/\/obcina.rogatec.si\/wp-content\/uploads\/2021\/01\/ObcinaRogatec_col.png","width":275,"height":100,"caption":"Ob\u010dina Rogatec"},"image":{"@id":"https:\/\/obcina.rogatec.si\/#\/schema\/logo\/image\/"},"sameAs":["https:\/\/www.facebook.com\/VisitRogatec\/","https:\/\/www.instagram.com\/visitrogatec\/","https:\/\/www.youtube.com\/channel\/UC0j4SRaLd9oSppR8hwVd5tw"]}]}},"uagb_featured_image_src":{"full":false,"thumbnail":false,"medium":false,"medium_large":false,"large":false,"1536x1536":false,"2048x2048":false,"XXS":false,"XS":false,"S":false,"M":false,"L":false,"XL":false},"uagb_author_info":{"display_name":"Ob\u010dina Rogatec","author_link":"https:\/\/obcina.rogatec.si\/author\/vedran72\/"},"uagb_comment_info":0,"uagb_excerpt":"Imate inovativen predlog, katerega realizacija bi imela pozitiven vpliv na \u017eivljenje ob\u010danov Ob\u010dine Rogatec? Podajte in razlo\u017eite predlog v spodnjem obrazcu. Vsi predlogi bodo najprej obravnavani na Odboru za mlade Ob\u010dinskega sveta Ob\u010dine Rogatec in po presoji smiselnosti, posredovani pristojnim delovnim telesom za podro\u010dja, na katera se nana\u0161ajo. Predlogi, podani v teko\u010dem letu, se na\u010deloma&hellip;","_links":{"self":[{"href":"https:\/\/obcina.rogatec.si\/wp-json\/wp\/v2\/pages\/507759","targetHints":{"allow":["GET"]}}],"collection":[{"href":"https:\/\/obcina.rogatec.si\/wp-json\/wp\/v2\/pages"}],"about":[{"href":"https:\/\/obcina.rogatec.si\/wp-json\/wp\/v2\/types\/page"}],"author":[{"embeddable":true,"href":"https:\/\/obcina.rogatec.si\/wp-json\/wp\/v2\/users\/1"}],"replies":[{"embeddable":true,"href":"https:\/\/obcina.rogatec.si\/wp-json\/wp\/v2\/comments?post=507759"}],"version-history":[{"count":6,"href":"https:\/\/obcina.rogatec.si\/wp-json\/wp\/v2\/pages\/507759\/revisions"}],"predecessor-version":[{"id":508384,"href":"https:\/\/obcina.rogatec.si\/wp-json\/wp\/v2\/pages\/507759\/revisions\/508384"}],"wp:attachment":[{"href":"https:\/\/obcina.rogatec.si\/wp-json\/wp\/v2\/media?parent=507759"}],"curies":[{"name":"wp","href":"https:\/\/api.w.org\/{rel}","templated":true}]}}