{"id":507748,"date":"2022-04-15T12:41:37","date_gmt":"2022-04-15T10:41:37","guid":{"rendered":"https:\/\/obcina.rogatec.si\/?page_id=507748"},"modified":"2023-10-09T11:41:07","modified_gmt":"2023-10-09T09:41:07","slug":"mladi","status":"publish","type":"page","link":"https:\/\/obcina.rogatec.si\/mladi\/","title":{"rendered":"Mladi"},"content":{"rendered":"\n<div style=\"height:50px\" aria-hidden=\"true\" class=\"wp-block-spacer\"><\/div>\n\n\n\n<div class=\"wp-block-columns is-layout-flex wp-container-core-columns-is-layout-9d6595d7 wp-block-columns-is-layout-flex\">\n<div class=\"wp-block-column is-layout-flow wp-block-column-is-layout-flow\" style=\"flex-basis:66.66%\">\n\t\t\t<div class=\"wp-block-uagb-post-grid uagb-post-grid  uagb-post__image-position-top uagb-post__image-enabled uagb-block-ffd30bfc     uagb-post__items uagb-post__columns-2 is-grid uagb-post__columns-tablet-2 uagb-post__columns-mobile-1 uagb-post__equal-height\" data-total=\"3\" style=\"\">\n\n\t\t\t\t\t\t\t\t\t\t\t\t<article class=\"uagb-post__inner-wrap\">\t\t\t\t\t\t\t\t<h4 class=\"uagb-post__title uagb-post__text\">\n\t\t\t\t<a href=\"https:\/\/obcina.rogatec.si\/pocitnisko-delo-za-mlade-obcine-rogatec-4\/\" target=\"_self\" rel=\"bookmark noopener noreferrer\">Po\u010ditni\u0161ko delo za mlade ob\u010dine Rogatec<\/a>\n\t\t\t<\/h4>\n\t\t\t\t\t\t<div class='uagb-post__text uagb-post-grid-byline'>\n\t\t\t\t\t\t\t\t<time datetime=\"2025-06-17T14:23:20+02:00\" class=\"uagb-post__date\">\n\t\t\t\t<span class=\"dashicons-calendar dashicons\"><\/span>\t\t\t\t\t17. junija 2025\t\t\t\t<\/time>\n\t\t\t\t\t\t<\/div>\n\t\t\t\t\t\t\t<div class='uagb-post__text uagb-post__excerpt'>\n\t\t\t\t\t<p>K prijavi vabljeni: dijaki in \u0161tudentje s stalnim prebivali\u0161\u010dem v ob\u010dini Rogatec in \u010dlanstvom v&#8230;\t\t\t\t<\/div>\n\t\t\t\t\t\t<div class=\"uagb-post__text uagb-post__cta wp-block-button\">\n\t\t\t\t<a class=\"wp-block-button__link uagb-text-link\" style=\"\" href=\"https:\/\/obcina.rogatec.si\/pocitnisko-delo-za-mlade-obcine-rogatec-4\/\" target=\"_self\" rel=\"bookmark noopener noreferrer\">Preberi ve\u010d<\/a>\n\t\t\t<\/div>\n\t\t\t\n\t\t\t\t\t\t\t\t\t<\/article>\n\t\t\t\t\t\t\t\t\t\t\t\t\t\t\t\t<article class=\"uagb-post__inner-wrap\">\t\t\t\t\t\t\t\t<h4 class=\"uagb-post__title uagb-post__text\">\n\t\t\t\t<a href=\"https:\/\/obcina.rogatec.si\/razpis-za-sprejem-in-podaljsanje-bivanja-studentov-visjesolskega-in-visokosolskega-studija-v-studentskih-domovih-in-pri-zasebnikih-za-studijsko-leto-2025-2026\/\" target=\"_self\" rel=\"bookmark noopener noreferrer\">Razpis za sprejem in podalj\u0161anje bivanja \u0161tudentov vi\u0161je\u0161olskega in visoko\u0161olskega \u0161tudija v \u0161tudentskih domovih in pri zasebnikih za \u0161tudijsko leto 2025\/2026<\/a>\n\t\t\t<\/h4>\n\t\t\t\t\t\t<div class='uagb-post__text uagb-post-grid-byline'>\n\t\t\t\t\t\t\t\t<time datetime=\"2025-06-09T14:24:49+02:00\" class=\"uagb-post__date\">\n\t\t\t\t<span class=\"dashicons-calendar dashicons\"><\/span>\t\t\t\t\t9. junija 2025\t\t\t\t<\/time>\n\t\t\t\t\t\t<\/div>\n\t\t\t\t\t\t\t<div class='uagb-post__text uagb-post__excerpt'>\n\t\t\t\t\t<p>Spo\u0161tovani, Ministrstvo za visoko \u0161olstvo, znanost in inovacije je objavilo Razpis za sprejem in podalj\u0161anje&#8230;\t\t\t\t<\/div>\n\t\t\t\t\t\t<div class=\"uagb-post__text uagb-post__cta wp-block-button\">\n\t\t\t\t<a class=\"wp-block-button__link uagb-text-link\" style=\"\" href=\"https:\/\/obcina.rogatec.si\/razpis-za-sprejem-in-podaljsanje-bivanja-studentov-visjesolskega-in-visokosolskega-studija-v-studentskih-domovih-in-pri-zasebnikih-za-studijsko-leto-2025-2026\/\" target=\"_self\" rel=\"bookmark noopener noreferrer\">Preberi ve\u010d<\/a>\n\t\t\t<\/div>\n\t\t\t\n\t\t\t\t\t\t\t\t\t<\/article>\n\t\t\t\t\t\t\t\t\t\t\t\t\t\t\t\t<article class=\"uagb-post__inner-wrap\">\t\t\t\t\t\t\t\t<h4 class=\"uagb-post__title uagb-post__text\">\n\t\t\t\t<a href=\"https:\/\/obcina.rogatec.si\/odprte-prijave-za-2-razpis-poni-savinjska\/\" target=\"_self\" rel=\"bookmark noopener noreferrer\">Odprte prijave za 2. razpis PONI Savinjska<\/a>\n\t\t\t<\/h4>\n\t\t\t\t\t\t<div class='uagb-post__text uagb-post-grid-byline'>\n\t\t\t\t\t\t\t\t<time datetime=\"2024-04-25T13:21:18+02:00\" class=\"uagb-post__date\">\n\t\t\t\t<span class=\"dashicons-calendar dashicons\"><\/span>\t\t\t\t\t25. aprila 2024\t\t\t\t<\/time>\n\t\t\t\t\t\t<\/div>\n\t\t\t\t\t\t\t<div class='uagb-post__text uagb-post__excerpt'>\n\t\t\t\t\t<p>Razvojna agencija Savinjske regije pri\u010denja z izvajanjem podpornih aktivnosti za potencialne podjetnike. Objavljen je\u00a02. javni&#8230;\t\t\t\t<\/div>\n\t\t\t\t\t\t<div class=\"uagb-post__text uagb-post__cta wp-block-button\">\n\t\t\t\t<a class=\"wp-block-button__link uagb-text-link\" style=\"\" href=\"https:\/\/obcina.rogatec.si\/odprte-prijave-za-2-razpis-poni-savinjska\/\" target=\"_self\" rel=\"bookmark noopener noreferrer\">Preberi ve\u010d<\/a>\n\t\t\t<\/div>\n\t\t\t\n\t\t\t\t\t\t\t\t\t<\/article>\n\t\t\t\t\t\t\t\t\t\t\t\t\t\t\t\t<article class=\"uagb-post__inner-wrap\">\t\t\t\t\t\t\t\t<h4 class=\"uagb-post__title uagb-post__text\">\n\t\t\t\t<a href=\"https:\/\/obcina.rogatec.si\/razpis-fundacije-primoza-roglica-za-neodplacno-rabo-koles-in-celad\/\" target=\"_self\" rel=\"bookmark noopener noreferrer\">RAZPIS FUNDACIJE PRIMO\u017dA ROGLI\u010cA ZA NEODPLA\u010cNO RABO KOLES IN \u010cELAD<\/a>\n\t\t\t<\/h4>\n\t\t\t\t\t\t<div class='uagb-post__text uagb-post-grid-byline'>\n\t\t\t\t\t\t\t\t<time datetime=\"2024-01-24T07:27:42+01:00\" class=\"uagb-post__date\">\n\t\t\t\t<span class=\"dashicons-calendar dashicons\"><\/span>\t\t\t\t\t24. januarja 2024\t\t\t\t<\/time>\n\t\t\t\t\t\t<\/div>\n\t\t\t\t\t\t\t<div class='uagb-post__text uagb-post__excerpt'>\n\t\t\t\t\t<p>Razpis FUNDACIJE PRIMO\u017dA ROGLI\u010cA za neodpla\u010dno rabo koles in \u010delad \u2013 Primo\u017e Rogli\u010d (primozroglic.com) &nbsp;<\/p>\n\t\t\t\t<\/div>\n\t\t\t\t\t\t<div class=\"uagb-post__text uagb-post__cta wp-block-button\">\n\t\t\t\t<a class=\"wp-block-button__link uagb-text-link\" style=\"\" href=\"https:\/\/obcina.rogatec.si\/razpis-fundacije-primoza-roglica-za-neodplacno-rabo-koles-in-celad\/\" target=\"_self\" rel=\"bookmark noopener noreferrer\">Preberi ve\u010d<\/a>\n\t\t\t<\/div>\n\t\t\t\n\t\t\t\t\t\t\t\t\t<\/article>\n\t\t\t\t\t\t\t\t\t\t\t\t\t\t\t\t<article class=\"uagb-post__inner-wrap\">\t\t\t\t\t\t\t\t<h4 class=\"uagb-post__title uagb-post__text\">\n\t\t\t\t<a href=\"https:\/\/obcina.rogatec.si\/strategija-za-mlade-obcine-rogatec-za-mandatno-obdobje-2022-2026\/\" target=\"_self\" rel=\"bookmark noopener noreferrer\">Strategija za mlade Ob\u010dine Rogatec za mandatno obdobje 2022 \u2013 2026<\/a>\n\t\t\t<\/h4>\n\t\t\t\t\t\t<div class='uagb-post__text uagb-post-grid-byline'>\n\t\t\t\t\t\t\t\t<time datetime=\"2024-01-05T11:38:16+01:00\" class=\"uagb-post__date\">\n\t\t\t\t<span class=\"dashicons-calendar dashicons\"><\/span>\t\t\t\t\t5. januarja 2024\t\t\t\t<\/time>\n\t\t\t\t\t\t<\/div>\n\t\t\t\t\t\t\t<div class='uagb-post__text uagb-post__excerpt'>\n\t\t\t\t\t<p>Ob\u010dinski svet Ob\u010dine Rogatec na svoji 7. redni seji, dne 21.12.2023, sprejel Strategijo za mlade&#8230;\t\t\t\t<\/div>\n\t\t\t\t\t\t<div class=\"uagb-post__text uagb-post__cta wp-block-button\">\n\t\t\t\t<a class=\"wp-block-button__link uagb-text-link\" style=\"\" href=\"https:\/\/obcina.rogatec.si\/strategija-za-mlade-obcine-rogatec-za-mandatno-obdobje-2022-2026\/\" target=\"_self\" rel=\"bookmark noopener noreferrer\">Preberi ve\u010d<\/a>\n\t\t\t<\/div>\n\t\t\t\n\t\t\t\t\t\t\t\t\t<\/article>\n\t\t\t\t\t\t\t\t\t\t\t\t\t\t\t\t<article class=\"uagb-post__inner-wrap\">\t\t\t\t\t\t\t\t<h4 class=\"uagb-post__title uagb-post__text\">\n\t\t\t\t<a href=\"https:\/\/obcina.rogatec.si\/pocitnisko-delo-za-mlade-obcine-rogatec-2\/\" target=\"_self\" rel=\"bookmark noopener noreferrer\">PO\u010cITNI\u0160KO DELO ZA MLADE OB\u010cINE ROGATEC<\/a>\n\t\t\t<\/h4>\n\t\t\t\t\t\t<div class='uagb-post__text uagb-post-grid-byline'>\n\t\t\t\t\t\t\t\t<time datetime=\"2023-06-05T07:08:07+02:00\" class=\"uagb-post__date\">\n\t\t\t\t<span class=\"dashicons-calendar dashicons\"><\/span>\t\t\t\t\t5. junija 2023\t\t\t\t<\/time>\n\t\t\t\t\t\t<\/div>\n\t\t\t\t\t\t\t<div class='uagb-post__text uagb-post__excerpt'>\n\t\t\t\t\t<p>\u00a0 K prijavi vabljeni: \u00a0dijaki in \u0161tudentje s stalnim prebivali\u0161\u010dem v ob\u010dini Rogatec in \u010dlanstvom&#8230;\t\t\t\t<\/div>\n\t\t\t\t\t\t<div class=\"uagb-post__text uagb-post__cta wp-block-button\">\n\t\t\t\t<a class=\"wp-block-button__link uagb-text-link\" style=\"\" href=\"https:\/\/obcina.rogatec.si\/pocitnisko-delo-za-mlade-obcine-rogatec-2\/\" target=\"_self\" rel=\"bookmark noopener noreferrer\">Preberi ve\u010d<\/a>\n\t\t\t<\/div>\n\t\t\t\n\t\t\t\t\t\t\t\t\t<\/article>\n\t\t\t\t\t\t\t\t\t\t\t<\/div>\n\t\t\t\n\n\n<div style=\"height:30px\" aria-hidden=\"true\" class=\"wp-block-spacer\"><\/div>\n\n\n\n<div class=\"wp-block-columns is-layout-flex wp-container-core-columns-is-layout-9d6595d7 wp-block-columns-is-layout-flex\">\n<div class=\"wp-block-column is-layout-flow wp-block-column-is-layout-flow\">\n<figure class=\"wp-block-image size-full\"><a href=\"https:\/\/youth.europa.eu\/home_en\" target=\"_blank\" rel=\"noreferrer noopener\"><img loading=\"lazy\" decoding=\"async\" width=\"150\" height=\"150\" src=\"https:\/\/obcina.rogatec.si\/wp-content\/uploads\/2023\/10\/150-eyp.jpg\" alt=\"\" class=\"wp-image-509101\"\/><\/a><\/figure>\n<\/div>\n<\/div>\n<\/div>\n\n\n\n<div class=\"wp-block-column p-5 has-white-color has-text-color has-background is-layout-flow wp-block-column-is-layout-flow\" style=\"background-color:#8f392c;flex-basis:33.33%\">\n<h3 class=\"wp-block-heading has-white-color has-text-color has-large-font-size\">\u00bbPodajte predlog!\u00ab<\/h3>\n\n\n\n<div style=\"height:30px\" aria-hidden=\"true\" class=\"wp-block-spacer\"><\/div>\n\n\n\n<p><strong>Imate inovativen predlog, katerega realizacija bi imela pozitiven vpliv na \u017eivljenje ob\u010danov Ob\u010dine Rogatec?<\/strong><\/p>\n\n\n\n<p>Podajte in razlo\u017eite <a href=\"\/mladi-podajte-predlog\/\">predlog v obrazcu.<\/a><\/p>\n\n\n\n<p>Vsi predlogi bodo najprej obravnavani na Odboru za mlade Ob\u010dinskega sveta Ob\u010dine Rogatec in po presoji smiselnosti, posredovani pristojnim delovnim telesom za podro\u010dja, na katera se nana\u0161ajo.<\/p>\n\n\n\n<p>Predlogi, podani v teko\u010dem letu, se na\u010deloma nana\u0161ajo na naslednje leto.<\/p>\n\n\n\n<p>Pri podajanju predloga je obvezno izpolniti vsa okenca. Vsi kontaktni podatki bodo uporabljeni izklju\u010dno za namen pridobivanja morebitnih dodatnih informacij o predlogu.<\/p>\n\n\n\n<div style=\"height:30px\" aria-hidden=\"true\" class=\"wp-block-spacer\"><\/div>\n\n\n\n<div class=\"wp-block-buttons is-layout-flex wp-block-buttons-is-layout-flex\">\n<div class=\"wp-block-button has-custom-width wp-block-button__width-100 is-style-fill\"><a class=\"wp-block-button__link has-white-background-color has-text-color has-background wp-element-button\" href=\"\/mladi-podajte-predlog\/\" style=\"border-radius:0px;color:#8f392c\" target=\"_blank\" rel=\"noreferrer noopener\">Odpri obrazec<\/a><\/div>\n<\/div>\n<\/div>\n<\/div>\n","protected":false},"excerpt":{"rendered":"<p>\u00bbPodajte predlog!\u00ab Imate inovativen predlog, katerega realizacija bi imela pozitiven vpliv na \u017eivljenje ob\u010danov Ob\u010dine Rogatec? Podajte in razlo\u017eite predlog v obrazcu. Vsi predlogi bodo najprej obravnavani na Odboru za mlade Ob\u010dinskega sveta Ob\u010dine Rogatec in po presoji smiselnosti, posredovani pristojnim delovnim telesom za podro\u010dja, na katera se nana\u0161ajo. Predlogi, podani v teko\u010dem letu, se [&hellip;]<\/p>\n","protected":false},"author":1,"featured_media":0,"parent":0,"menu_order":0,"comment_status":"closed","ping_status":"closed","template":"page.php","meta":{"_uag_custom_page_level_css":"","footnotes":""},"class_list":["post-507748","page","type-page","status-publish","hentry"],"yoast_head":"<!-- This site is optimized with the Yoast SEO plugin v27.2 - https:\/\/yoast.com\/product\/yoast-seo-wordpress\/ -->\n<title>Mladi - Ob\u010dina Rogatec<\/title>\n<meta name=\"robots\" content=\"index, follow, max-snippet:-1, max-image-preview:large, max-video-preview:-1\" \/>\n<link rel=\"canonical\" href=\"https:\/\/obcina.rogatec.si\/mladi\/\" \/>\n<meta property=\"og:locale\" content=\"sl_SI\" \/>\n<meta property=\"og:type\" content=\"article\" \/>\n<meta property=\"og:title\" content=\"Mladi - Ob\u010dina Rogatec\" \/>\n<meta property=\"og:description\" content=\"\u00bbPodajte predlog!\u00ab Imate inovativen predlog, katerega realizacija bi imela pozitiven vpliv na \u017eivljenje ob\u010danov Ob\u010dine Rogatec? Podajte in razlo\u017eite predlog v obrazcu. Vsi predlogi bodo najprej obravnavani na Odboru za mlade Ob\u010dinskega sveta Ob\u010dine Rogatec in po presoji smiselnosti, posredovani pristojnim delovnim telesom za podro\u010dja, na katera se nana\u0161ajo. Predlogi, podani v teko\u010dem letu, se [&hellip;]\" \/>\n<meta property=\"og:url\" content=\"https:\/\/obcina.rogatec.si\/mladi\/\" \/>\n<meta property=\"og:site_name\" content=\"Ob\u010dina Rogatec\" \/>\n<meta property=\"article:publisher\" content=\"https:\/\/www.facebook.com\/VisitRogatec\/\" \/>\n<meta property=\"article:modified_time\" content=\"2023-10-09T09:41:07+00:00\" \/>\n<meta property=\"og:image\" content=\"https:\/\/obcina.rogatec.si\/wp-content\/uploads\/2023\/10\/150-eyp.jpg\" \/>\n<meta name=\"twitter:card\" content=\"summary_large_image\" \/>\n<meta name=\"twitter:label1\" content=\"Est. reading time\" \/>\n\t<meta name=\"twitter:data1\" content=\"1 minuta\" \/>\n<script type=\"application\/ld+json\" class=\"yoast-schema-graph\">{\"@context\":\"https:\/\/schema.org\",\"@graph\":[{\"@type\":\"WebPage\",\"@id\":\"https:\/\/obcina.rogatec.si\/mladi\/\",\"url\":\"https:\/\/obcina.rogatec.si\/mladi\/\",\"name\":\"Mladi - Ob\u010dina Rogatec\",\"isPartOf\":{\"@id\":\"https:\/\/obcina.rogatec.si\/#website\"},\"primaryImageOfPage\":{\"@id\":\"https:\/\/obcina.rogatec.si\/mladi\/#primaryimage\"},\"image\":{\"@id\":\"https:\/\/obcina.rogatec.si\/mladi\/#primaryimage\"},\"thumbnailUrl\":\"https:\/\/obcina.rogatec.si\/wp-content\/uploads\/2023\/10\/150-eyp.jpg\",\"datePublished\":\"2022-04-15T10:41:37+00:00\",\"dateModified\":\"2023-10-09T09:41:07+00:00\",\"breadcrumb\":{\"@id\":\"https:\/\/obcina.rogatec.si\/mladi\/#breadcrumb\"},\"inLanguage\":\"sl-SI\",\"potentialAction\":[{\"@type\":\"ReadAction\",\"target\":[\"https:\/\/obcina.rogatec.si\/mladi\/\"]}]},{\"@type\":\"ImageObject\",\"inLanguage\":\"sl-SI\",\"@id\":\"https:\/\/obcina.rogatec.si\/mladi\/#primaryimage\",\"url\":\"https:\/\/obcina.rogatec.si\/wp-content\/uploads\/2023\/10\/150-eyp.jpg\",\"contentUrl\":\"https:\/\/obcina.rogatec.si\/wp-content\/uploads\/2023\/10\/150-eyp.jpg\",\"width\":150,\"height\":150},{\"@type\":\"BreadcrumbList\",\"@id\":\"https:\/\/obcina.rogatec.si\/mladi\/#breadcrumb\",\"itemListElement\":[{\"@type\":\"ListItem\",\"position\":1,\"name\":\"Domov\",\"item\":\"https:\/\/obcina.rogatec.si\/\"},{\"@type\":\"ListItem\",\"position\":2,\"name\":\"Mladi\"}]},{\"@type\":\"WebSite\",\"@id\":\"https:\/\/obcina.rogatec.si\/#website\",\"url\":\"https:\/\/obcina.rogatec.si\/\",\"name\":\"Ob\u010dina Rogatec\",\"description\":\"Uradni spletni portal Ob\u010dine Rogatec\",\"publisher\":{\"@id\":\"https:\/\/obcina.rogatec.si\/#organization\"},\"potentialAction\":[{\"@type\":\"SearchAction\",\"target\":{\"@type\":\"EntryPoint\",\"urlTemplate\":\"https:\/\/obcina.rogatec.si\/?s={search_term_string}\"},\"query-input\":{\"@type\":\"PropertyValueSpecification\",\"valueRequired\":true,\"valueName\":\"search_term_string\"}}],\"inLanguage\":\"sl-SI\"},{\"@type\":\"Organization\",\"@id\":\"https:\/\/obcina.rogatec.si\/#organization\",\"name\":\"Ob\u010dina Rogatec\",\"url\":\"https:\/\/obcina.rogatec.si\/\",\"logo\":{\"@type\":\"ImageObject\",\"inLanguage\":\"sl-SI\",\"@id\":\"https:\/\/obcina.rogatec.si\/#\/schema\/logo\/image\/\",\"url\":\"https:\/\/obcina.rogatec.si\/wp-content\/uploads\/2021\/01\/ObcinaRogatec_col.png\",\"contentUrl\":\"https:\/\/obcina.rogatec.si\/wp-content\/uploads\/2021\/01\/ObcinaRogatec_col.png\",\"width\":275,\"height\":100,\"caption\":\"Ob\u010dina Rogatec\"},\"image\":{\"@id\":\"https:\/\/obcina.rogatec.si\/#\/schema\/logo\/image\/\"},\"sameAs\":[\"https:\/\/www.facebook.com\/VisitRogatec\/\",\"https:\/\/www.instagram.com\/visitrogatec\/\",\"https:\/\/www.youtube.com\/channel\/UC0j4SRaLd9oSppR8hwVd5tw\"]}]}<\/script>\n<!-- \/ Yoast SEO plugin. -->","yoast_head_json":{"title":"Mladi - Ob\u010dina Rogatec","robots":{"index":"index","follow":"follow","max-snippet":"max-snippet:-1","max-image-preview":"max-image-preview:large","max-video-preview":"max-video-preview:-1"},"canonical":"https:\/\/obcina.rogatec.si\/mladi\/","og_locale":"sl_SI","og_type":"article","og_title":"Mladi - Ob\u010dina Rogatec","og_description":"\u00bbPodajte predlog!\u00ab Imate inovativen predlog, katerega realizacija bi imela pozitiven vpliv na \u017eivljenje ob\u010danov Ob\u010dine Rogatec? Podajte in razlo\u017eite predlog v obrazcu. Vsi predlogi bodo najprej obravnavani na Odboru za mlade Ob\u010dinskega sveta Ob\u010dine Rogatec in po presoji smiselnosti, posredovani pristojnim delovnim telesom za podro\u010dja, na katera se nana\u0161ajo. Predlogi, podani v teko\u010dem letu, se [&hellip;]","og_url":"https:\/\/obcina.rogatec.si\/mladi\/","og_site_name":"Ob\u010dina Rogatec","article_publisher":"https:\/\/www.facebook.com\/VisitRogatec\/","article_modified_time":"2023-10-09T09:41:07+00:00","og_image":[{"url":"https:\/\/obcina.rogatec.si\/wp-content\/uploads\/2023\/10\/150-eyp.jpg","type":"","width":"","height":""}],"twitter_card":"summary_large_image","twitter_misc":{"Est. reading time":"1 minuta"},"schema":{"@context":"https:\/\/schema.org","@graph":[{"@type":"WebPage","@id":"https:\/\/obcina.rogatec.si\/mladi\/","url":"https:\/\/obcina.rogatec.si\/mladi\/","name":"Mladi - Ob\u010dina Rogatec","isPartOf":{"@id":"https:\/\/obcina.rogatec.si\/#website"},"primaryImageOfPage":{"@id":"https:\/\/obcina.rogatec.si\/mladi\/#primaryimage"},"image":{"@id":"https:\/\/obcina.rogatec.si\/mladi\/#primaryimage"},"thumbnailUrl":"https:\/\/obcina.rogatec.si\/wp-content\/uploads\/2023\/10\/150-eyp.jpg","datePublished":"2022-04-15T10:41:37+00:00","dateModified":"2023-10-09T09:41:07+00:00","breadcrumb":{"@id":"https:\/\/obcina.rogatec.si\/mladi\/#breadcrumb"},"inLanguage":"sl-SI","potentialAction":[{"@type":"ReadAction","target":["https:\/\/obcina.rogatec.si\/mladi\/"]}]},{"@type":"ImageObject","inLanguage":"sl-SI","@id":"https:\/\/obcina.rogatec.si\/mladi\/#primaryimage","url":"https:\/\/obcina.rogatec.si\/wp-content\/uploads\/2023\/10\/150-eyp.jpg","contentUrl":"https:\/\/obcina.rogatec.si\/wp-content\/uploads\/2023\/10\/150-eyp.jpg","width":150,"height":150},{"@type":"BreadcrumbList","@id":"https:\/\/obcina.rogatec.si\/mladi\/#breadcrumb","itemListElement":[{"@type":"ListItem","position":1,"name":"Domov","item":"https:\/\/obcina.rogatec.si\/"},{"@type":"ListItem","position":2,"name":"Mladi"}]},{"@type":"WebSite","@id":"https:\/\/obcina.rogatec.si\/#website","url":"https:\/\/obcina.rogatec.si\/","name":"Ob\u010dina Rogatec","description":"Uradni spletni portal Ob\u010dine Rogatec","publisher":{"@id":"https:\/\/obcina.rogatec.si\/#organization"},"potentialAction":[{"@type":"SearchAction","target":{"@type":"EntryPoint","urlTemplate":"https:\/\/obcina.rogatec.si\/?s={search_term_string}"},"query-input":{"@type":"PropertyValueSpecification","valueRequired":true,"valueName":"search_term_string"}}],"inLanguage":"sl-SI"},{"@type":"Organization","@id":"https:\/\/obcina.rogatec.si\/#organization","name":"Ob\u010dina Rogatec","url":"https:\/\/obcina.rogatec.si\/","logo":{"@type":"ImageObject","inLanguage":"sl-SI","@id":"https:\/\/obcina.rogatec.si\/#\/schema\/logo\/image\/","url":"https:\/\/obcina.rogatec.si\/wp-content\/uploads\/2021\/01\/ObcinaRogatec_col.png","contentUrl":"https:\/\/obcina.rogatec.si\/wp-content\/uploads\/2021\/01\/ObcinaRogatec_col.png","width":275,"height":100,"caption":"Ob\u010dina Rogatec"},"image":{"@id":"https:\/\/obcina.rogatec.si\/#\/schema\/logo\/image\/"},"sameAs":["https:\/\/www.facebook.com\/VisitRogatec\/","https:\/\/www.instagram.com\/visitrogatec\/","https:\/\/www.youtube.com\/channel\/UC0j4SRaLd9oSppR8hwVd5tw"]}]}},"uagb_featured_image_src":{"full":false,"thumbnail":false,"medium":false,"medium_large":false,"large":false,"1536x1536":false,"2048x2048":false,"XXS":false,"XS":false,"S":false,"M":false,"L":false,"XL":false},"uagb_author_info":{"display_name":"Ob\u010dina Rogatec","author_link":"https:\/\/obcina.rogatec.si\/author\/vedran72\/"},"uagb_comment_info":0,"uagb_excerpt":"\u00bbPodajte predlog!\u00ab Imate inovativen predlog, katerega realizacija bi imela pozitiven vpliv na \u017eivljenje ob\u010danov Ob\u010dine Rogatec? Podajte in razlo\u017eite predlog v obrazcu. Vsi predlogi bodo najprej obravnavani na Odboru za mlade Ob\u010dinskega sveta Ob\u010dine Rogatec in po presoji smiselnosti, posredovani pristojnim delovnim telesom za podro\u010dja, na katera se nana\u0161ajo. Predlogi, podani v teko\u010dem letu, se&hellip;","_links":{"self":[{"href":"https:\/\/obcina.rogatec.si\/wp-json\/wp\/v2\/pages\/507748","targetHints":{"allow":["GET"]}}],"collection":[{"href":"https:\/\/obcina.rogatec.si\/wp-json\/wp\/v2\/pages"}],"about":[{"href":"https:\/\/obcina.rogatec.si\/wp-json\/wp\/v2\/types\/page"}],"author":[{"embeddable":true,"href":"https:\/\/obcina.rogatec.si\/wp-json\/wp\/v2\/users\/1"}],"replies":[{"embeddable":true,"href":"https:\/\/obcina.rogatec.si\/wp-json\/wp\/v2\/comments?post=507748"}],"version-history":[{"count":43,"href":"https:\/\/obcina.rogatec.si\/wp-json\/wp\/v2\/pages\/507748\/revisions"}],"predecessor-version":[{"id":509109,"href":"https:\/\/obcina.rogatec.si\/wp-json\/wp\/v2\/pages\/507748\/revisions\/509109"}],"wp:attachment":[{"href":"https:\/\/obcina.rogatec.si\/wp-json\/wp\/v2\/media?parent=507748"}],"curies":[{"name":"wp","href":"https:\/\/api.w.org\/{rel}","templated":true}]}}