{"id":504459,"date":"2019-09-30T15:15:57","date_gmt":"2019-09-30T13:15:57","guid":{"rendered":"https:\/\/obcina.rogatec.si\/?page_id=504459"},"modified":"2023-10-26T15:23:30","modified_gmt":"2023-10-26T13:23:30","slug":"predpisi-v-pripravi","status":"publish","type":"page","link":"https:\/\/obcina.rogatec.si\/o-obcini\/register-predpisov\/predpisi-v-pripravi\/","title":{"rendered":"Predpisi v pripravi"},"content":{"rendered":"<p><strong>PREDPISI V PRIPRAVI:<\/strong><\/p>\n<p style=\"font-weight: 400;\"><strong><u>ODLOK\u00a0 o pokopali\u0161kem redu v Ob\u010dini Rogatec<\/u><\/strong><\/p>\n<p style=\"font-weight: 400;\"><strong> <a href=\"https:\/\/obcina.rogatec.si\/wp-content\/uploads\/2023\/10\/obrazlozitev.pdf\">obrazlo\u017eitev<\/a><\/strong><\/p>\n<p style=\"font-weight: 400;\"><strong><a href=\"https:\/\/obcina.rogatec.si\/wp-content\/uploads\/2023\/10\/predlog-odloka.pdf\">predlog Odloka<\/a><\/strong><\/p>\n<p style=\"font-weight: 400;\"><strong><a href=\"https:\/\/obcina.rogatec.si\/wp-content\/uploads\/2023\/10\/pripombe-oz.-predlogi-posameznikov.doc\">pripombe oz. predlogi posameznikov<\/a><\/strong><\/p>\n<p>&nbsp;<\/p>\n<p><strong>ODLOK \u00a0o varstvu javnega reda in miru v Ob\u010dini Rogatec<\/strong><\/p>\n<p><a href=\"https:\/\/obcina.rogatec.si\/wp-content\/uploads\/2021\/04\/obrazlozitev.pdf\"><strong>obrazlo\u017eitev<\/strong><\/a><\/p>\n<p><strong><a href=\"https:\/\/obcina.rogatec.si\/wp-content\/uploads\/2021\/04\/ODLOK-osnutek.pdf\">osnutek Odloka<\/a><\/strong><\/p>\n<p><strong><a href=\"https:\/\/obcina.rogatec.si\/wp-content\/uploads\/2021\/04\/obrazec3-pripombe-posameznikov-odlok-JRM.doc\">pripombe oz. predlogi posameznikov<\/a><\/strong><\/p>\n<p>&nbsp;<\/p>\n<p><strong>O D L O K o podlagah za odmero komunalnega prispevka za obstoje\u010do komunalno opremo za obmo\u010dje ob\u010dine Rogatec<\/strong><\/p>\n<p><strong><a href=\"https:\/\/obcina.rogatec.si\/wp-content\/uploads\/2021\/03\/obrazlozitev-1-.pdf\">razlogi za sprejetje odloka<\/a><\/strong><\/p>\n<p><a href=\"https:\/\/obcina.rogatec.si\/wp-content\/uploads\/2021\/03\/obrazec-1_zacetke-postopka.doc\"><strong>obrazlo\u017eitev<\/strong><\/a><\/p>\n<p><strong><a href=\"https:\/\/obcina.rogatec.si\/wp-content\/uploads\/2021\/03\/Odlok-o-podlagah-za-odmero-komunalnega-prispevka-za-obstojeco-komunalno-opremo-za-obmocje-obcine-Rogatec_osnutek.doc\">osnutek odloka<\/a><\/strong><\/p>\n<p><strong><a href=\"https:\/\/obcina.rogatec.si\/wp-content\/uploads\/2021\/03\/obrazec3-pripombe-posameznikov.doc\">pripombe oz. predlogi posameznikov<\/a><\/strong><\/p>\n<p>&nbsp;<\/p>\n<p><strong>P R A V I L N I K o vrednotenju in sofinanciranju programov ter projektov dru\u0161tev in zavodov na podro\u010dju dru\u017ebenih dejavnosti v Ob\u010dini Rogatec<\/strong><\/p>\n<p><a href=\"https:\/\/obcina.rogatec.si\/wp-content\/uploads\/2021\/02\/obrazec-1_pravilnik.doc\"><strong>obrazlo\u017eitev<\/strong><\/a><\/p>\n<p><strong><a href=\"https:\/\/obcina.rogatec.si\/wp-content\/uploads\/2021\/02\/PRAVILNIK-DRUZBENE-DEJAVNOSTI-2021-1.doc\">osnutek pravilnika<\/a><\/strong><\/p>\n<p><a href=\"https:\/\/obcina.rogatec.si\/wp-content\/uploads\/2021\/02\/obrazec3-pripombe-posameznikov-pravilnik-1.doc\"><strong>pripombe oz. predlogi posameznikov<\/strong><\/a><\/p>\n<p>&nbsp;<\/p>\n<p><strong>Pravilnik o tarifnem sistemu\u00a0 za obra\u010dun\u00a0 storitev ravnanja s komunalnimi odpadki\u00a0 v ob\u010dinah Roga\u0161ka Slatina, \u0160marje pri Jel\u0161ah, Pod\u010detrtek, Rogatec,\u00a0 Kozje in Bistrica ob Sotli<\/strong><\/p>\n<p><strong><a href=\"https:\/\/obcina.rogatec.si\/wp-content\/uploads\/2020\/11\/obrazlozitev-3.pdf\">obrazlo\u017eitev<\/a><\/strong><\/p>\n<p><strong><a href=\"https:\/\/obcina.rogatec.si\/wp-content\/uploads\/2020\/11\/PRAVILNIK-O-TARIFNEM-SISTEMU-ODPADKI-osnutek.pdf\">osnutek pravilnika<\/a><\/strong><\/p>\n<p><strong><a href=\"https:\/\/obcina.rogatec.si\/wp-content\/uploads\/2020\/11\/obrazec3-pripombe-posameznikov-pravilnik.doc\">pripombe oz. predlogi posameznikov<\/a><\/strong><\/p>\n<p>&nbsp;<\/p>\n<p><strong>Odlok o zbiranju dolo\u010denih vrst komunalnih odpadkov v ob\u010dinah Roga\u0161ka Slatina, \u0160marje pri Jel\u0161ah, Pod\u010detrtek, Rogatec, Kozje in Bistrica ob Sotli<\/strong><\/p>\n<p><strong><a href=\"https:\/\/obcina.rogatec.si\/wp-content\/uploads\/2020\/11\/obrazlozitev-2.pdf\">obrazlo\u017eitev<\/a><\/strong><\/p>\n<p><strong><a href=\"https:\/\/obcina.rogatec.si\/wp-content\/uploads\/2020\/11\/ODLOK-O-ZBIRANJU-ODPADKOV-osnutek.pdf\">osnutek odloka<\/a><\/strong><\/p>\n<p><strong><a href=\"https:\/\/obcina.rogatec.si\/wp-content\/uploads\/2020\/11\/obrazec3-pripombe-posameznikov-komunalni-odpadki.doc\">pripombe oz. predlogi posameznikov<\/a><\/strong><\/p>\n<p>&nbsp;<\/p>\n<p><strong>Odlok o odvajanju in \u010di\u0161\u010denju komunalne in padavinske odpadne vode na obmo\u010dju ob\u010din Roga\u0161ka Slatina, \u0160marje pri Jel\u0161ah, Pod\u010detrtek, Rogatec, Kozje in Bistrica ob Sotli<\/strong><\/p>\n<p><strong><a href=\"https:\/\/obcina.rogatec.si\/wp-content\/uploads\/2020\/11\/obrazlozitev-1.pdf\">obrazlo\u017eitev<\/a><\/strong><\/p>\n<p><strong><a href=\"https:\/\/obcina.rogatec.si\/wp-content\/uploads\/2020\/11\/ODLOK-O-ODVAJANJU-IN-CISCENJU-KOMUNALNE-IN-PADAVINSKE-VODE-osnutek.pdf\">osnutek odloka<\/a><\/strong><\/p>\n<p><strong><a href=\"https:\/\/obcina.rogatec.si\/wp-content\/uploads\/2020\/11\/obrazec3-pripombe-posameznikov-komunalne-vode.doc\">pripombe oz. predlogi posameznikov<\/a><\/strong><\/p>\n<p>&nbsp;<\/p>\n<p><strong>Odlok o oskrbi s pitno vodo na obmo\u010dju ob\u010din Roga\u0161ka Slatina, \u0160marje pri Jel\u0161ah, Pod\u010detrtek, Rogatec, Kozje, Bistrica ob Sotli in Polj\u010dane<\/strong><\/p>\n<p><strong><a href=\"https:\/\/obcina.rogatec.si\/wp-content\/uploads\/2020\/11\/obrazlozitev.pdf\">obrazlo\u017eitev<\/a><\/strong><\/p>\n<p><strong><a href=\"https:\/\/obcina.rogatec.si\/wp-content\/uploads\/2020\/11\/ODLOK-O-OSKRBI-S-PITNO-VODO-osnutek.pdf\">osnutek odloka<\/a><\/strong><\/p>\n<p><strong><a href=\"https:\/\/obcina.rogatec.si\/wp-content\/uploads\/2020\/11\/obrazec3-pripombe-posameznikov-pitna-voda.doc\">pripombe oz. predlogi posameznikov<\/a><\/strong><\/p>\n<p>&nbsp;<\/p>\n<p><strong>OPPN ZA OBVOZNICO TR\u0160KEGA JEDRA ROGATEC (premik R2 432\/1284 Rogatec-Maj\u0161perk)<\/strong><\/p>\n<p><a href=\"https:\/\/obcina.rogatec.si\/wp-content\/uploads\/2019\/08\/Sklep-o-za\u010detku-priprave.pdf\">Sklep o za\u010detku priprave<\/a><\/p>\n<p><a href=\"https:\/\/obcina.rogatec.si\/wp-content\/uploads\/2019\/08\/IZHODI\u0160\u010cA_140125320.pdf\">IZHODI\u0160\u010cA<\/a><\/p>\n<p><a href=\"https:\/\/obcina.rogatec.si\/wp-content\/uploads\/2019\/08\/Pooblastilo.pdf\">Pooblastilo<\/a><\/p>\n<p>&nbsp;<\/p>\n<p>&nbsp;<\/p>\n<p>&nbsp;<\/p>\n<p>&nbsp;<\/p>\n","protected":false},"excerpt":{"rendered":"<p>PREDPISI V PRIPRAVI: ODLOK\u00a0 o pokopali\u0161kem redu v Ob\u010dini Rogatec obrazlo\u017eitev predlog Odloka pripombe oz. predlogi posameznikov &nbsp; ODLOK \u00a0o varstvu javnega reda in miru v Ob\u010dini Rogatec obrazlo\u017eitev osnutek Odloka pripombe oz. predlogi posameznikov &nbsp; O D L O K o podlagah za odmero komunalnega prispevka za obstoje\u010do komunalno opremo za obmo\u010dje ob\u010dine Rogatec [&hellip;]<\/p>\n","protected":false},"author":1,"featured_media":0,"parent":156,"menu_order":0,"comment_status":"closed","ping_status":"closed","template":"","meta":{"_uag_custom_page_level_css":"","footnotes":""},"class_list":["post-504459","page","type-page","status-publish","hentry"],"yoast_head":"<!-- This site is optimized with the Yoast SEO plugin v27.2 - https:\/\/yoast.com\/product\/yoast-seo-wordpress\/ -->\n<title>Predpisi v pripravi - Ob\u010dina Rogatec<\/title>\n<meta name=\"robots\" content=\"index, follow, max-snippet:-1, max-image-preview:large, max-video-preview:-1\" \/>\n<link rel=\"canonical\" href=\"https:\/\/obcina.rogatec.si\/o-obcini\/register-predpisov\/predpisi-v-pripravi\/\" \/>\n<meta property=\"og:locale\" content=\"sl_SI\" \/>\n<meta property=\"og:type\" content=\"article\" \/>\n<meta property=\"og:title\" content=\"Predpisi v pripravi - Ob\u010dina Rogatec\" \/>\n<meta property=\"og:description\" content=\"PREDPISI V PRIPRAVI: ODLOK\u00a0 o pokopali\u0161kem redu v Ob\u010dini Rogatec obrazlo\u017eitev predlog Odloka pripombe oz. predlogi posameznikov &nbsp; ODLOK \u00a0o varstvu javnega reda in miru v Ob\u010dini Rogatec obrazlo\u017eitev osnutek Odloka pripombe oz. predlogi posameznikov &nbsp; O D L O K o podlagah za odmero komunalnega prispevka za obstoje\u010do komunalno opremo za obmo\u010dje ob\u010dine Rogatec [&hellip;]\" \/>\n<meta property=\"og:url\" content=\"https:\/\/obcina.rogatec.si\/o-obcini\/register-predpisov\/predpisi-v-pripravi\/\" \/>\n<meta property=\"og:site_name\" content=\"Ob\u010dina Rogatec\" \/>\n<meta property=\"article:publisher\" content=\"https:\/\/www.facebook.com\/VisitRogatec\/\" \/>\n<meta property=\"article:modified_time\" content=\"2023-10-26T13:23:30+00:00\" \/>\n<meta property=\"og:image\" content=\"https:\/\/obcina.rogatec.si\/wp-content\/uploads\/2013\/10\/MUZEJ-NA-PROSTEM-ROGATEC.jpg\" \/>\n\t<meta property=\"og:image:width\" content=\"1900\" \/>\n\t<meta property=\"og:image:height\" content=\"1262\" \/>\n\t<meta property=\"og:image:type\" content=\"image\/jpeg\" \/>\n<meta name=\"twitter:card\" content=\"summary_large_image\" \/>\n<meta name=\"twitter:label1\" content=\"Est. reading time\" \/>\n\t<meta name=\"twitter:data1\" content=\"2 minuti\" \/>\n<script type=\"application\/ld+json\" class=\"yoast-schema-graph\">{\"@context\":\"https:\/\/schema.org\",\"@graph\":[{\"@type\":\"WebPage\",\"@id\":\"https:\/\/obcina.rogatec.si\/o-obcini\/register-predpisov\/predpisi-v-pripravi\/\",\"url\":\"https:\/\/obcina.rogatec.si\/o-obcini\/register-predpisov\/predpisi-v-pripravi\/\",\"name\":\"Predpisi v pripravi - Ob\u010dina Rogatec\",\"isPartOf\":{\"@id\":\"https:\/\/obcina.rogatec.si\/#website\"},\"datePublished\":\"2019-09-30T13:15:57+00:00\",\"dateModified\":\"2023-10-26T13:23:30+00:00\",\"breadcrumb\":{\"@id\":\"https:\/\/obcina.rogatec.si\/o-obcini\/register-predpisov\/predpisi-v-pripravi\/#breadcrumb\"},\"inLanguage\":\"sl-SI\",\"potentialAction\":[{\"@type\":\"ReadAction\",\"target\":[\"https:\/\/obcina.rogatec.si\/o-obcini\/register-predpisov\/predpisi-v-pripravi\/\"]}]},{\"@type\":\"BreadcrumbList\",\"@id\":\"https:\/\/obcina.rogatec.si\/o-obcini\/register-predpisov\/predpisi-v-pripravi\/#breadcrumb\",\"itemListElement\":[{\"@type\":\"ListItem\",\"position\":1,\"name\":\"Domov\",\"item\":\"https:\/\/obcina.rogatec.si\/\"},{\"@type\":\"ListItem\",\"position\":2,\"name\":\"O Ob\u010dini Rogatec\",\"item\":\"https:\/\/obcina.rogatec.si\/o-obcini\/\"},{\"@type\":\"ListItem\",\"position\":3,\"name\":\"Register predpisov\",\"item\":\"https:\/\/obcina.rogatec.si\/o-obcini\/register-predpisov\/\"},{\"@type\":\"ListItem\",\"position\":4,\"name\":\"Predpisi v pripravi\"}]},{\"@type\":\"WebSite\",\"@id\":\"https:\/\/obcina.rogatec.si\/#website\",\"url\":\"https:\/\/obcina.rogatec.si\/\",\"name\":\"Ob\u010dina Rogatec\",\"description\":\"Uradni spletni portal Ob\u010dine Rogatec\",\"publisher\":{\"@id\":\"https:\/\/obcina.rogatec.si\/#organization\"},\"potentialAction\":[{\"@type\":\"SearchAction\",\"target\":{\"@type\":\"EntryPoint\",\"urlTemplate\":\"https:\/\/obcina.rogatec.si\/?s={search_term_string}\"},\"query-input\":{\"@type\":\"PropertyValueSpecification\",\"valueRequired\":true,\"valueName\":\"search_term_string\"}}],\"inLanguage\":\"sl-SI\"},{\"@type\":\"Organization\",\"@id\":\"https:\/\/obcina.rogatec.si\/#organization\",\"name\":\"Ob\u010dina Rogatec\",\"url\":\"https:\/\/obcina.rogatec.si\/\",\"logo\":{\"@type\":\"ImageObject\",\"inLanguage\":\"sl-SI\",\"@id\":\"https:\/\/obcina.rogatec.si\/#\/schema\/logo\/image\/\",\"url\":\"https:\/\/obcina.rogatec.si\/wp-content\/uploads\/2021\/01\/ObcinaRogatec_col.png\",\"contentUrl\":\"https:\/\/obcina.rogatec.si\/wp-content\/uploads\/2021\/01\/ObcinaRogatec_col.png\",\"width\":275,\"height\":100,\"caption\":\"Ob\u010dina Rogatec\"},\"image\":{\"@id\":\"https:\/\/obcina.rogatec.si\/#\/schema\/logo\/image\/\"},\"sameAs\":[\"https:\/\/www.facebook.com\/VisitRogatec\/\",\"https:\/\/www.instagram.com\/visitrogatec\/\",\"https:\/\/www.youtube.com\/channel\/UC0j4SRaLd9oSppR8hwVd5tw\"]}]}<\/script>\n<!-- \/ Yoast SEO plugin. -->","yoast_head_json":{"title":"Predpisi v pripravi - Ob\u010dina Rogatec","robots":{"index":"index","follow":"follow","max-snippet":"max-snippet:-1","max-image-preview":"max-image-preview:large","max-video-preview":"max-video-preview:-1"},"canonical":"https:\/\/obcina.rogatec.si\/o-obcini\/register-predpisov\/predpisi-v-pripravi\/","og_locale":"sl_SI","og_type":"article","og_title":"Predpisi v pripravi - Ob\u010dina Rogatec","og_description":"PREDPISI V PRIPRAVI: ODLOK\u00a0 o pokopali\u0161kem redu v Ob\u010dini Rogatec obrazlo\u017eitev predlog Odloka pripombe oz. predlogi posameznikov &nbsp; ODLOK \u00a0o varstvu javnega reda in miru v Ob\u010dini Rogatec obrazlo\u017eitev osnutek Odloka pripombe oz. predlogi posameznikov &nbsp; O D L O K o podlagah za odmero komunalnega prispevka za obstoje\u010do komunalno opremo za obmo\u010dje ob\u010dine Rogatec [&hellip;]","og_url":"https:\/\/obcina.rogatec.si\/o-obcini\/register-predpisov\/predpisi-v-pripravi\/","og_site_name":"Ob\u010dina Rogatec","article_publisher":"https:\/\/www.facebook.com\/VisitRogatec\/","article_modified_time":"2023-10-26T13:23:30+00:00","og_image":[{"width":1900,"height":1262,"url":"https:\/\/obcina.rogatec.si\/wp-content\/uploads\/2013\/10\/MUZEJ-NA-PROSTEM-ROGATEC.jpg","type":"image\/jpeg"}],"twitter_card":"summary_large_image","twitter_misc":{"Est. reading time":"2 minuti"},"schema":{"@context":"https:\/\/schema.org","@graph":[{"@type":"WebPage","@id":"https:\/\/obcina.rogatec.si\/o-obcini\/register-predpisov\/predpisi-v-pripravi\/","url":"https:\/\/obcina.rogatec.si\/o-obcini\/register-predpisov\/predpisi-v-pripravi\/","name":"Predpisi v pripravi - Ob\u010dina Rogatec","isPartOf":{"@id":"https:\/\/obcina.rogatec.si\/#website"},"datePublished":"2019-09-30T13:15:57+00:00","dateModified":"2023-10-26T13:23:30+00:00","breadcrumb":{"@id":"https:\/\/obcina.rogatec.si\/o-obcini\/register-predpisov\/predpisi-v-pripravi\/#breadcrumb"},"inLanguage":"sl-SI","potentialAction":[{"@type":"ReadAction","target":["https:\/\/obcina.rogatec.si\/o-obcini\/register-predpisov\/predpisi-v-pripravi\/"]}]},{"@type":"BreadcrumbList","@id":"https:\/\/obcina.rogatec.si\/o-obcini\/register-predpisov\/predpisi-v-pripravi\/#breadcrumb","itemListElement":[{"@type":"ListItem","position":1,"name":"Domov","item":"https:\/\/obcina.rogatec.si\/"},{"@type":"ListItem","position":2,"name":"O Ob\u010dini Rogatec","item":"https:\/\/obcina.rogatec.si\/o-obcini\/"},{"@type":"ListItem","position":3,"name":"Register predpisov","item":"https:\/\/obcina.rogatec.si\/o-obcini\/register-predpisov\/"},{"@type":"ListItem","position":4,"name":"Predpisi v pripravi"}]},{"@type":"WebSite","@id":"https:\/\/obcina.rogatec.si\/#website","url":"https:\/\/obcina.rogatec.si\/","name":"Ob\u010dina Rogatec","description":"Uradni spletni portal Ob\u010dine Rogatec","publisher":{"@id":"https:\/\/obcina.rogatec.si\/#organization"},"potentialAction":[{"@type":"SearchAction","target":{"@type":"EntryPoint","urlTemplate":"https:\/\/obcina.rogatec.si\/?s={search_term_string}"},"query-input":{"@type":"PropertyValueSpecification","valueRequired":true,"valueName":"search_term_string"}}],"inLanguage":"sl-SI"},{"@type":"Organization","@id":"https:\/\/obcina.rogatec.si\/#organization","name":"Ob\u010dina Rogatec","url":"https:\/\/obcina.rogatec.si\/","logo":{"@type":"ImageObject","inLanguage":"sl-SI","@id":"https:\/\/obcina.rogatec.si\/#\/schema\/logo\/image\/","url":"https:\/\/obcina.rogatec.si\/wp-content\/uploads\/2021\/01\/ObcinaRogatec_col.png","contentUrl":"https:\/\/obcina.rogatec.si\/wp-content\/uploads\/2021\/01\/ObcinaRogatec_col.png","width":275,"height":100,"caption":"Ob\u010dina Rogatec"},"image":{"@id":"https:\/\/obcina.rogatec.si\/#\/schema\/logo\/image\/"},"sameAs":["https:\/\/www.facebook.com\/VisitRogatec\/","https:\/\/www.instagram.com\/visitrogatec\/","https:\/\/www.youtube.com\/channel\/UC0j4SRaLd9oSppR8hwVd5tw"]}]}},"uagb_featured_image_src":{"full":false,"thumbnail":false,"medium":false,"medium_large":false,"large":false,"1536x1536":false,"2048x2048":false,"XXS":false,"XS":false,"S":false,"M":false,"L":false,"XL":false},"uagb_author_info":{"display_name":"Ob\u010dina Rogatec","author_link":"https:\/\/obcina.rogatec.si\/author\/vedran72\/"},"uagb_comment_info":0,"uagb_excerpt":"PREDPISI V PRIPRAVI: ODLOK\u00a0 o pokopali\u0161kem redu v Ob\u010dini Rogatec obrazlo\u017eitev predlog Odloka pripombe oz. predlogi posameznikov &nbsp; ODLOK \u00a0o varstvu javnega reda in miru v Ob\u010dini Rogatec obrazlo\u017eitev osnutek Odloka pripombe oz. predlogi posameznikov &nbsp; O D L O K o podlagah za odmero komunalnega prispevka za obstoje\u010do komunalno opremo za obmo\u010dje ob\u010dine Rogatec&hellip;","_links":{"self":[{"href":"https:\/\/obcina.rogatec.si\/wp-json\/wp\/v2\/pages\/504459","targetHints":{"allow":["GET"]}}],"collection":[{"href":"https:\/\/obcina.rogatec.si\/wp-json\/wp\/v2\/pages"}],"about":[{"href":"https:\/\/obcina.rogatec.si\/wp-json\/wp\/v2\/types\/page"}],"author":[{"embeddable":true,"href":"https:\/\/obcina.rogatec.si\/wp-json\/wp\/v2\/users\/1"}],"replies":[{"embeddable":true,"href":"https:\/\/obcina.rogatec.si\/wp-json\/wp\/v2\/comments?post=504459"}],"version-history":[{"count":23,"href":"https:\/\/obcina.rogatec.si\/wp-json\/wp\/v2\/pages\/504459\/revisions"}],"predecessor-version":[{"id":509168,"href":"https:\/\/obcina.rogatec.si\/wp-json\/wp\/v2\/pages\/504459\/revisions\/509168"}],"up":[{"embeddable":true,"href":"https:\/\/obcina.rogatec.si\/wp-json\/wp\/v2\/pages\/156"}],"wp:attachment":[{"href":"https:\/\/obcina.rogatec.si\/wp-json\/wp\/v2\/media?parent=504459"}],"curies":[{"name":"wp","href":"https:\/\/api.w.org\/{rel}","templated":true}]}}