{"id":503354,"date":"2018-06-21T11:22:34","date_gmt":"2018-06-21T09:22:34","guid":{"rendered":"https:\/\/obcina.rogatec.si\/?page_id=503354"},"modified":"2026-03-04T09:42:50","modified_gmt":"2026-03-04T08:42:50","slug":"politika-varstva-osebnih-podatkov","status":"publish","type":"page","link":"https:\/\/obcina.rogatec.si\/politika-varstva-osebnih-podatkov\/","title":{"rendered":"Varstvo osebnih podatkov"},"content":{"rendered":"<h4>1. Splo\u0161no<\/h4>\n<p>Dne 25.05.2018 je za\u010dela veljati Uredba (EU) 2016\/679 Evropskega parlamenta in Sveta z dne 27. aprila 2016 o varstvu posameznikov pri obdelavi osebnih podatkov in o prostem pretoku takih podatkov ter o razveljavitvi Direktive 95\/46\/ES (Splo\u0161na uredba o varstvu podatkov; v nadaljevanju: GDPR), ki prina\u0161a nova pravila. Ker nov Zakon o varstvu osebnih podatkov (ZVOP-2) \u0161e ni sprejet, veljajo stro\u017eja pravila GDPR, ki med drugim zahteva va\u0161o izrecno, nedvoumno in konkretno privolitev za po\u0161iljanje vabil in ostalo obve\u0161\u010danje.<\/p>\n<h4>2. Upravljavec osebnih podatkov<\/h4>\n<p>Upravljavec osebnih podatkov, ki se obdelujejo skladno z veljavno zakonodajo in GDPR, je Ob\u010dina Rogatec, Pot k ribniku 4, 3252 Rogatec.<\/p>\n<h4>3. Varovanje osebnih podatkov in hramba<\/h4>\n<p>Ob\u010dina Rogatec (v nadaljevanju: ob\u010dina) v skladu z GDPR in veljavnim Zakonom o varstvu osebnih podatkov (ZVOP-1) zagotavlja ustrezno varovanje in zavarovanje osebnih podatkov ob\u010danov. Va\u0161e osebne podatke varno shranjujemo in smo v ta namen sprejeli vse varnostne ukrepe za za\u0161\u010dito va\u0161ih osebnih podatkov pred izgubo, zlorabo in nedovoljenim spreminjanjem. Va\u0161ih podatkov ne bomo posredovali tretjim osebam v obsegu, ki<br \/>\npresega zakonsko dovoljene okvire ali va\u0161e soglasje oz. privolitev. Va\u0161i osebni podatki se bodo hranili do va\u0161ega preklica oz. le toliko \u010dasa, dokler je to potrebno za dosego namena, za katerega so se zbirali. \u010ce ni dolo\u010den rok hrambe ali \u010de pote\u010de rok hrambe, ki je dolo\u010den za hrambo osebnih podatkov, se osebni podatki blokirajo ali izbri\u0161ejo v skladu z zahtevami GDPR. Svojo privolitev, ki ste jo podali v zvezi z uporabo ali obdelavo va\u0161ih osebnih podatkov, lahko kadarkoli prekli\u010dete. V ta namen nam lahko va\u0161 zahtevek kadarkoli po\u0161ljete na e-mail: <a href=\"mailto:obcina@rogatec.si\">obcina@rogatec.si<\/a>, ali z navadno po\u0161to na naslov Ob\u010dina Rogatec, Pot k ribniku 4, 3252 Rogatec.<\/p>\n<h4>4. Pravice posameznika<\/h4>\n<p>Vsak posameznik ima pravico do preklica privolitve, pravico do vpogleda in informiranosti glede lastnih osebnih podatkov, popravka in dopolnitve, omejitve obdelave ali izbrisa osebnih podatkov, pravico do prenosljivosti, in sicer tako, da nas o tem obvesti pisno po po\u0161ti na naslov Ob\u010dina Rogatec, Pot k ribniku 4, 3252 Rogatec ali preko elektronske po\u0161te <a href=\"mailto:obcina@rogatec.si\">obcina@rogatec.si<\/a>. Na navedeni naslov lahko posameznik poda tudi ugovor v zvezi z obdelavo njegovih osebnih podatkov. Posameznik pa lahko ugovor zoper obdelavo njegovih osebnih podatkov poda tudi neposredno pristojnemu nadzornemu organu, tj. Informacijskemu poobla\u0161\u010dencu Republike Slovenije.<\/p>\n<h4>5. Poobla\u0161\u010dena oseba za varstvo osebnih podatkov<\/h4>\n<p>Poobla\u0161\u010dena oseba za varstvo osebnih podatkov v Ob\u010dini Rogatec je Denis Bala\u017ei\u010d in je dosegljiv na e-naslovu: <a href=\"mailto:info@intelektum.eu\">info@intelektum.eu<\/a> ali tel.: 02\/6209840.<\/p>\n<h4>6. Ravnanje v primeru kr\u0161itev<\/h4>\n<p>V primeru kr\u0161itev varstva osebnih podatkov bo ob\u010dina nemudoma izvedla vse notranje in zunanje ukrepe (tehni\u010dne, organizacijske) za za\u0161\u010dito pravic in interesov posameznika, vsakega od prizadetih pa bo o tem obvestila ter o tem seznanila pristojni nadzorni organ v Republiki Sloveniji tj. Informacijski poobla\u0161\u010denec Republike Slovenije.<\/p>\n<p>&nbsp;<\/p>\n<p>Dokumenti:<\/p>\n<p><a href=\"https:\/\/obcina.rogatec.si\/wp-content\/uploads\/2025\/12\/Obvestilo-posameznikom-VIDEONADZOR-ZUNANJE-JASLICE.pdf\">Obvestilo posameznikom &#8211; VIDEONADZOR ZUNANJE JASLICE<\/a><\/p>\n<p><a href=\"https:\/\/obcina.rogatec.si\/wp-content\/uploads\/2026\/03\/Politika-varstva-osebnih-podatkov-Obcina-Rogatec-mar26.pdf\">POLITIKA VARSTVA OSEBNIH PODATKOV<\/a><\/p>\n<p><a href=\"https:\/\/obcina.rogatec.si\/wp-content\/uploads\/2018\/06\/Zahteva-za-popravek-in-dopolnitev-osebnih-podatkov.pdf\">Zahteva za popravek in dopolnitev osebnih podatkov<\/a><\/p>\n<p><a href=\"https:\/\/obcina.rogatec.si\/wp-content\/uploads\/2018\/06\/Zahteva-za-prenos-osebnih-podatkov.pdf\">Zahteva za prenos osebnih podatkov<\/a><\/p>\n<p><a href=\"https:\/\/obcina.rogatec.si\/wp-content\/uploads\/2018\/06\/Zahteva-za-seznanitev-z-lastnimi-osebnimi-podatki.pdf\">Zahteva za seznanitev z lastnimi osebnimi podatki<\/a><\/p>\n<p><a href=\"https:\/\/obcina.rogatec.si\/wp-content\/uploads\/2018\/06\/Prijava-kr\u0161itve-varstva-osebnih-podatkov-uvedba-postopka-pri-IP.pdf\">Prijava kr\u0161itve varstva osebnih podatkov-uvedba postopka pri IP<\/a><\/p>\n<p><a href=\"https:\/\/obcina.rogatec.si\/wp-content\/uploads\/2018\/06\/Zahteva-za-izbris-lastnih-osebnih-podatkov.pdf\">Zahteva za izbris lastnih osebnih podatkov<\/a><\/p>\n<p><a href=\"https:\/\/obcina.rogatec.si\/wp-content\/uploads\/2018\/06\/Zahteva-za-omejitev-obdelave-osebnih-podatkov.pdf\">Zahteva za omejitev obdelave osebnih podatkov<\/a><\/p>\n","protected":false},"excerpt":{"rendered":"<p>1. Splo\u0161no Dne 25.05.2018 je za\u010dela veljati Uredba (EU) 2016\/679 Evropskega parlamenta in Sveta z dne 27. aprila 2016 o varstvu posameznikov pri obdelavi osebnih podatkov in o prostem pretoku takih podatkov ter o razveljavitvi Direktive 95\/46\/ES (Splo\u0161na uredba o varstvu podatkov; v nadaljevanju: GDPR), ki prina\u0161a nova pravila. Ker nov Zakon o varstvu osebnih [&hellip;]<\/p>\n","protected":false},"author":1,"featured_media":0,"parent":0,"menu_order":0,"comment_status":"closed","ping_status":"closed","template":"","meta":{"_uag_custom_page_level_css":"","footnotes":""},"class_list":["post-503354","page","type-page","status-publish","hentry"],"yoast_head":"<!-- This site is optimized with the Yoast SEO plugin v27.2 - https:\/\/yoast.com\/product\/yoast-seo-wordpress\/ -->\n<title>Varstvo osebnih podatkov - Ob\u010dina Rogatec<\/title>\n<meta name=\"robots\" content=\"index, follow, max-snippet:-1, max-image-preview:large, max-video-preview:-1\" \/>\n<link rel=\"canonical\" href=\"https:\/\/obcina.rogatec.si\/politika-varstva-osebnih-podatkov\/\" \/>\n<meta property=\"og:locale\" content=\"sl_SI\" \/>\n<meta property=\"og:type\" content=\"article\" \/>\n<meta property=\"og:title\" content=\"Varstvo osebnih podatkov - Ob\u010dina Rogatec\" \/>\n<meta property=\"og:description\" content=\"1. Splo\u0161no Dne 25.05.2018 je za\u010dela veljati Uredba (EU) 2016\/679 Evropskega parlamenta in Sveta z dne 27. aprila 2016 o varstvu posameznikov pri obdelavi osebnih podatkov in o prostem pretoku takih podatkov ter o razveljavitvi Direktive 95\/46\/ES (Splo\u0161na uredba o varstvu podatkov; v nadaljevanju: GDPR), ki prina\u0161a nova pravila. Ker nov Zakon o varstvu osebnih [&hellip;]\" \/>\n<meta property=\"og:url\" content=\"https:\/\/obcina.rogatec.si\/politika-varstva-osebnih-podatkov\/\" \/>\n<meta property=\"og:site_name\" content=\"Ob\u010dina Rogatec\" \/>\n<meta property=\"article:publisher\" content=\"https:\/\/www.facebook.com\/VisitRogatec\/\" \/>\n<meta property=\"article:modified_time\" content=\"2026-03-04T08:42:50+00:00\" \/>\n<meta property=\"og:image\" content=\"https:\/\/obcina.rogatec.si\/wp-content\/uploads\/2013\/10\/MUZEJ-NA-PROSTEM-ROGATEC.jpg\" \/>\n\t<meta property=\"og:image:width\" content=\"1900\" \/>\n\t<meta property=\"og:image:height\" content=\"1262\" \/>\n\t<meta property=\"og:image:type\" content=\"image\/jpeg\" \/>\n<meta name=\"twitter:card\" content=\"summary_large_image\" \/>\n<meta name=\"twitter:label1\" content=\"Est. reading time\" \/>\n\t<meta name=\"twitter:data1\" content=\"3 minute\" \/>\n<script type=\"application\/ld+json\" class=\"yoast-schema-graph\">{\"@context\":\"https:\/\/schema.org\",\"@graph\":[{\"@type\":\"WebPage\",\"@id\":\"https:\/\/obcina.rogatec.si\/politika-varstva-osebnih-podatkov\/\",\"url\":\"https:\/\/obcina.rogatec.si\/politika-varstva-osebnih-podatkov\/\",\"name\":\"Varstvo osebnih podatkov - Ob\u010dina Rogatec\",\"isPartOf\":{\"@id\":\"https:\/\/obcina.rogatec.si\/#website\"},\"datePublished\":\"2018-06-21T09:22:34+00:00\",\"dateModified\":\"2026-03-04T08:42:50+00:00\",\"breadcrumb\":{\"@id\":\"https:\/\/obcina.rogatec.si\/politika-varstva-osebnih-podatkov\/#breadcrumb\"},\"inLanguage\":\"sl-SI\",\"potentialAction\":[{\"@type\":\"ReadAction\",\"target\":[\"https:\/\/obcina.rogatec.si\/politika-varstva-osebnih-podatkov\/\"]}]},{\"@type\":\"BreadcrumbList\",\"@id\":\"https:\/\/obcina.rogatec.si\/politika-varstva-osebnih-podatkov\/#breadcrumb\",\"itemListElement\":[{\"@type\":\"ListItem\",\"position\":1,\"name\":\"Domov\",\"item\":\"https:\/\/obcina.rogatec.si\/\"},{\"@type\":\"ListItem\",\"position\":2,\"name\":\"Varstvo osebnih podatkov\"}]},{\"@type\":\"WebSite\",\"@id\":\"https:\/\/obcina.rogatec.si\/#website\",\"url\":\"https:\/\/obcina.rogatec.si\/\",\"name\":\"Ob\u010dina Rogatec\",\"description\":\"Uradni spletni portal Ob\u010dine Rogatec\",\"publisher\":{\"@id\":\"https:\/\/obcina.rogatec.si\/#organization\"},\"potentialAction\":[{\"@type\":\"SearchAction\",\"target\":{\"@type\":\"EntryPoint\",\"urlTemplate\":\"https:\/\/obcina.rogatec.si\/?s={search_term_string}\"},\"query-input\":{\"@type\":\"PropertyValueSpecification\",\"valueRequired\":true,\"valueName\":\"search_term_string\"}}],\"inLanguage\":\"sl-SI\"},{\"@type\":\"Organization\",\"@id\":\"https:\/\/obcina.rogatec.si\/#organization\",\"name\":\"Ob\u010dina Rogatec\",\"url\":\"https:\/\/obcina.rogatec.si\/\",\"logo\":{\"@type\":\"ImageObject\",\"inLanguage\":\"sl-SI\",\"@id\":\"https:\/\/obcina.rogatec.si\/#\/schema\/logo\/image\/\",\"url\":\"https:\/\/obcina.rogatec.si\/wp-content\/uploads\/2021\/01\/ObcinaRogatec_col.png\",\"contentUrl\":\"https:\/\/obcina.rogatec.si\/wp-content\/uploads\/2021\/01\/ObcinaRogatec_col.png\",\"width\":275,\"height\":100,\"caption\":\"Ob\u010dina Rogatec\"},\"image\":{\"@id\":\"https:\/\/obcina.rogatec.si\/#\/schema\/logo\/image\/\"},\"sameAs\":[\"https:\/\/www.facebook.com\/VisitRogatec\/\",\"https:\/\/www.instagram.com\/visitrogatec\/\",\"https:\/\/www.youtube.com\/channel\/UC0j4SRaLd9oSppR8hwVd5tw\"]}]}<\/script>\n<!-- \/ Yoast SEO plugin. -->","yoast_head_json":{"title":"Varstvo osebnih podatkov - Ob\u010dina Rogatec","robots":{"index":"index","follow":"follow","max-snippet":"max-snippet:-1","max-image-preview":"max-image-preview:large","max-video-preview":"max-video-preview:-1"},"canonical":"https:\/\/obcina.rogatec.si\/politika-varstva-osebnih-podatkov\/","og_locale":"sl_SI","og_type":"article","og_title":"Varstvo osebnih podatkov - Ob\u010dina Rogatec","og_description":"1. Splo\u0161no Dne 25.05.2018 je za\u010dela veljati Uredba (EU) 2016\/679 Evropskega parlamenta in Sveta z dne 27. aprila 2016 o varstvu posameznikov pri obdelavi osebnih podatkov in o prostem pretoku takih podatkov ter o razveljavitvi Direktive 95\/46\/ES (Splo\u0161na uredba o varstvu podatkov; v nadaljevanju: GDPR), ki prina\u0161a nova pravila. Ker nov Zakon o varstvu osebnih [&hellip;]","og_url":"https:\/\/obcina.rogatec.si\/politika-varstva-osebnih-podatkov\/","og_site_name":"Ob\u010dina Rogatec","article_publisher":"https:\/\/www.facebook.com\/VisitRogatec\/","article_modified_time":"2026-03-04T08:42:50+00:00","og_image":[{"width":1900,"height":1262,"url":"https:\/\/obcina.rogatec.si\/wp-content\/uploads\/2013\/10\/MUZEJ-NA-PROSTEM-ROGATEC.jpg","type":"image\/jpeg"}],"twitter_card":"summary_large_image","twitter_misc":{"Est. reading time":"3 minute"},"schema":{"@context":"https:\/\/schema.org","@graph":[{"@type":"WebPage","@id":"https:\/\/obcina.rogatec.si\/politika-varstva-osebnih-podatkov\/","url":"https:\/\/obcina.rogatec.si\/politika-varstva-osebnih-podatkov\/","name":"Varstvo osebnih podatkov - Ob\u010dina Rogatec","isPartOf":{"@id":"https:\/\/obcina.rogatec.si\/#website"},"datePublished":"2018-06-21T09:22:34+00:00","dateModified":"2026-03-04T08:42:50+00:00","breadcrumb":{"@id":"https:\/\/obcina.rogatec.si\/politika-varstva-osebnih-podatkov\/#breadcrumb"},"inLanguage":"sl-SI","potentialAction":[{"@type":"ReadAction","target":["https:\/\/obcina.rogatec.si\/politika-varstva-osebnih-podatkov\/"]}]},{"@type":"BreadcrumbList","@id":"https:\/\/obcina.rogatec.si\/politika-varstva-osebnih-podatkov\/#breadcrumb","itemListElement":[{"@type":"ListItem","position":1,"name":"Domov","item":"https:\/\/obcina.rogatec.si\/"},{"@type":"ListItem","position":2,"name":"Varstvo osebnih podatkov"}]},{"@type":"WebSite","@id":"https:\/\/obcina.rogatec.si\/#website","url":"https:\/\/obcina.rogatec.si\/","name":"Ob\u010dina Rogatec","description":"Uradni spletni portal Ob\u010dine Rogatec","publisher":{"@id":"https:\/\/obcina.rogatec.si\/#organization"},"potentialAction":[{"@type":"SearchAction","target":{"@type":"EntryPoint","urlTemplate":"https:\/\/obcina.rogatec.si\/?s={search_term_string}"},"query-input":{"@type":"PropertyValueSpecification","valueRequired":true,"valueName":"search_term_string"}}],"inLanguage":"sl-SI"},{"@type":"Organization","@id":"https:\/\/obcina.rogatec.si\/#organization","name":"Ob\u010dina Rogatec","url":"https:\/\/obcina.rogatec.si\/","logo":{"@type":"ImageObject","inLanguage":"sl-SI","@id":"https:\/\/obcina.rogatec.si\/#\/schema\/logo\/image\/","url":"https:\/\/obcina.rogatec.si\/wp-content\/uploads\/2021\/01\/ObcinaRogatec_col.png","contentUrl":"https:\/\/obcina.rogatec.si\/wp-content\/uploads\/2021\/01\/ObcinaRogatec_col.png","width":275,"height":100,"caption":"Ob\u010dina Rogatec"},"image":{"@id":"https:\/\/obcina.rogatec.si\/#\/schema\/logo\/image\/"},"sameAs":["https:\/\/www.facebook.com\/VisitRogatec\/","https:\/\/www.instagram.com\/visitrogatec\/","https:\/\/www.youtube.com\/channel\/UC0j4SRaLd9oSppR8hwVd5tw"]}]}},"uagb_featured_image_src":{"full":false,"thumbnail":false,"medium":false,"medium_large":false,"large":false,"1536x1536":false,"2048x2048":false,"XXS":false,"XS":false,"S":false,"M":false,"L":false,"XL":false},"uagb_author_info":{"display_name":"Ob\u010dina Rogatec","author_link":"https:\/\/obcina.rogatec.si\/author\/vedran72\/"},"uagb_comment_info":0,"uagb_excerpt":"1. Splo\u0161no Dne 25.05.2018 je za\u010dela veljati Uredba (EU) 2016\/679 Evropskega parlamenta in Sveta z dne 27. aprila 2016 o varstvu posameznikov pri obdelavi osebnih podatkov in o prostem pretoku takih podatkov ter o razveljavitvi Direktive 95\/46\/ES (Splo\u0161na uredba o varstvu podatkov; v nadaljevanju: GDPR), ki prina\u0161a nova pravila. Ker nov Zakon o varstvu osebnih&hellip;","_links":{"self":[{"href":"https:\/\/obcina.rogatec.si\/wp-json\/wp\/v2\/pages\/503354","targetHints":{"allow":["GET"]}}],"collection":[{"href":"https:\/\/obcina.rogatec.si\/wp-json\/wp\/v2\/pages"}],"about":[{"href":"https:\/\/obcina.rogatec.si\/wp-json\/wp\/v2\/types\/page"}],"author":[{"embeddable":true,"href":"https:\/\/obcina.rogatec.si\/wp-json\/wp\/v2\/users\/1"}],"replies":[{"embeddable":true,"href":"https:\/\/obcina.rogatec.si\/wp-json\/wp\/v2\/comments?post=503354"}],"version-history":[{"count":4,"href":"https:\/\/obcina.rogatec.si\/wp-json\/wp\/v2\/pages\/503354\/revisions"}],"predecessor-version":[{"id":510649,"href":"https:\/\/obcina.rogatec.si\/wp-json\/wp\/v2\/pages\/503354\/revisions\/510649"}],"wp:attachment":[{"href":"https:\/\/obcina.rogatec.si\/wp-json\/wp\/v2\/media?parent=503354"}],"curies":[{"name":"wp","href":"https:\/\/api.w.org\/{rel}","templated":true}]}}