{"id":502979,"date":"2018-01-19T09:51:29","date_gmt":"2018-01-19T08:51:29","guid":{"rendered":"https:\/\/obcina.rogatec.si\/?page_id=502979"},"modified":"2018-01-19T09:56:34","modified_gmt":"2018-01-19T08:56:34","slug":"lokacije-aed-defibrilatorjev-vrogatcu","status":"publish","type":"page","link":"https:\/\/obcina.rogatec.si\/lokacije-aed-defibrilatorjev-vrogatcu\/","title":{"rendered":"Lokacije AED defibrilatorjev v Ob\u010dini Rogatec"},"content":{"rendered":"<p><a href=\"https:\/\/obcina.rogatec.si\/wp-content\/uploads\/2018\/01\/defibrilator.jpg\"><img loading=\"lazy\" decoding=\"async\" class=\"alignnone wp-image-502982 size-thumbnail\" src=\"https:\/\/obcina.rogatec.si\/wp-content\/uploads\/2018\/01\/defibrilator-150x150.jpg\" alt=\"\" width=\"150\" height=\"150\" srcset=\"https:\/\/obcina.rogatec.si\/wp-content\/uploads\/2018\/01\/defibrilator-150x150.jpg 150w, https:\/\/obcina.rogatec.si\/wp-content\/uploads\/2018\/01\/defibrilator-300x300.jpg 300w, https:\/\/obcina.rogatec.si\/wp-content\/uploads\/2018\/01\/defibrilator-768x768.jpg 768w, https:\/\/obcina.rogatec.si\/wp-content\/uploads\/2018\/01\/defibrilator-109x109.jpg 109w, https:\/\/obcina.rogatec.si\/wp-content\/uploads\/2018\/01\/defibrilator-100x100.jpg 100w, https:\/\/obcina.rogatec.si\/wp-content\/uploads\/2018\/01\/defibrilator.jpg 800w\" sizes=\"auto, (max-width: 150px) 100vw, 150px\" \/><\/a><\/p>\n<table border=\"0\" width=\"100%\" cellspacing=\"0\" cellpadding=\"0\">\n<tbody>\n<tr>\n<th scope=\"col\">&nbsp;<\/th>\n<th scope=\"col\">LOKACIJA<\/th>\n<th scope=\"col\">NASLOV<\/th>\n<th scope=\"col\">PO\u0160TA<\/th>\n<th scope=\"col\">RAZPOLO\u017dLJIVOST<\/th>\n<\/tr>\n<tr>\n<td>1<\/td>\n<td>Zdravstvena postaja Rogatec<\/td>\n<td>Steklarska ulica 12<\/td>\n<td>3252 Rogatec<\/td>\n<td align=\"center\">0 &#8211; 24<\/td>\n<\/tr>\n<tr>\n<td>2<\/td>\n<td>Gasilski dom Rogatec<\/td>\n<td>Celjska Cesta 9<\/td>\n<td>3252 Rogatec<\/td>\n<td align=\"center\">0 &#8211; 24<\/td>\n<\/tr>\n<tr>\n<td>3<\/td>\n<td>Gorenje gospodinjski aparati d.d., Program Mekom obrat Rogatec<\/td>\n<td>Ceste 56<\/td>\n<td>3252 Rogatec<\/td>\n<td align=\"center\">0 &#8211; 24<\/td>\n<\/tr>\n<tr>\n<td>4<\/td>\n<td>\u0160portna dvorana Rogatec<\/td>\n<td>Ptujska cesta 30a<\/td>\n<td>3252 Rogatec<\/td>\n<td align=\"center\">0 &#8211; 24<\/td>\n<\/tr>\n<tr>\n<td>5<\/td>\n<td>Va\u0161ko gasilski dom Dona\u010dka gora<\/td>\n<td>Dona\u010dka Gora 4<\/td>\n<td>3252 Rogatec<\/td>\n<td align=\"center\">0 &#8211; 24<\/td>\n<\/tr>\n<tr>\n<td>6<\/td>\n<td>Rudijev dom pod Dona\u010dko goro<\/td>\n<td>Dona\u010dka Gora 37a<\/td>\n<td>3252 Rogatec<\/td>\n<td align=\"center\">0 &#8211; 24<\/td>\n<\/tr>\n<tr>\n<td>7<\/td>\n<td>PGD Dobovec<\/td>\n<td>Dobovec pri Rogatcu 35d<\/td>\n<td>3252 Rogatec<\/td>\n<td align=\"center\">0 &#8211; 24<\/td>\n<\/tr>\n<\/tbody>\n<\/table>\n","protected":false},"excerpt":{"rendered":"<p>&nbsp; LOKACIJA NASLOV PO\u0160TA RAZPOLO\u017dLJIVOST 1 Zdravstvena postaja Rogatec Steklarska ulica 12 3252 Rogatec 0 &#8211; 24 2 Gasilski dom Rogatec Celjska Cesta 9 3252 Rogatec 0 &#8211; 24 3 Gorenje gospodinjski aparati d.d., Program Mekom obrat Rogatec Ceste 56 3252 Rogatec 0 &#8211; 24 4 \u0160portna dvorana Rogatec Ptujska cesta 30a 3252 Rogatec 0 [&hellip;]<\/p>\n","protected":false},"author":1,"featured_media":502982,"parent":0,"menu_order":0,"comment_status":"closed","ping_status":"closed","template":"","meta":{"_uag_custom_page_level_css":"","footnotes":""},"class_list":["post-502979","page","type-page","status-publish","has-post-thumbnail","hentry"],"yoast_head":"<!-- This site is optimized with the Yoast SEO plugin v27.2 - https:\/\/yoast.com\/product\/yoast-seo-wordpress\/ -->\n<title>Lokacije AED defibrilatorjev v Ob\u010dini Rogatec - Ob\u010dina Rogatec<\/title>\n<meta name=\"robots\" content=\"index, follow, max-snippet:-1, max-image-preview:large, max-video-preview:-1\" \/>\n<link rel=\"canonical\" href=\"https:\/\/obcina.rogatec.si\/lokacije-aed-defibrilatorjev-vrogatcu\/\" \/>\n<meta property=\"og:locale\" content=\"sl_SI\" \/>\n<meta property=\"og:type\" content=\"article\" \/>\n<meta property=\"og:title\" content=\"Lokacije AED defibrilatorjev v Ob\u010dini Rogatec - Ob\u010dina Rogatec\" \/>\n<meta property=\"og:description\" content=\"&nbsp; LOKACIJA NASLOV PO\u0160TA RAZPOLO\u017dLJIVOST 1 Zdravstvena postaja Rogatec Steklarska ulica 12 3252 Rogatec 0 &#8211; 24 2 Gasilski dom Rogatec Celjska Cesta 9 3252 Rogatec 0 &#8211; 24 3 Gorenje gospodinjski aparati d.d., Program Mekom obrat Rogatec Ceste 56 3252 Rogatec 0 &#8211; 24 4 \u0160portna dvorana Rogatec Ptujska cesta 30a 3252 Rogatec 0 [&hellip;]\" \/>\n<meta property=\"og:url\" content=\"https:\/\/obcina.rogatec.si\/lokacije-aed-defibrilatorjev-vrogatcu\/\" \/>\n<meta property=\"og:site_name\" content=\"Ob\u010dina Rogatec\" \/>\n<meta property=\"article:publisher\" content=\"https:\/\/www.facebook.com\/VisitRogatec\/\" \/>\n<meta property=\"article:modified_time\" content=\"2018-01-19T08:56:34+00:00\" \/>\n<meta property=\"og:image\" content=\"https:\/\/obcina.rogatec.si\/wp-content\/uploads\/2018\/01\/defibrilator.jpg\" \/>\n\t<meta property=\"og:image:width\" content=\"800\" \/>\n\t<meta property=\"og:image:height\" content=\"800\" \/>\n\t<meta property=\"og:image:type\" content=\"image\/jpeg\" \/>\n<meta name=\"twitter:card\" content=\"summary_large_image\" \/>\n<script type=\"application\/ld+json\" class=\"yoast-schema-graph\">{\"@context\":\"https:\/\/schema.org\",\"@graph\":[{\"@type\":\"WebPage\",\"@id\":\"https:\/\/obcina.rogatec.si\/lokacije-aed-defibrilatorjev-vrogatcu\/\",\"url\":\"https:\/\/obcina.rogatec.si\/lokacije-aed-defibrilatorjev-vrogatcu\/\",\"name\":\"Lokacije AED defibrilatorjev v Ob\u010dini Rogatec - Ob\u010dina Rogatec\",\"isPartOf\":{\"@id\":\"https:\/\/obcina.rogatec.si\/#website\"},\"primaryImageOfPage\":{\"@id\":\"https:\/\/obcina.rogatec.si\/lokacije-aed-defibrilatorjev-vrogatcu\/#primaryimage\"},\"image\":{\"@id\":\"https:\/\/obcina.rogatec.si\/lokacije-aed-defibrilatorjev-vrogatcu\/#primaryimage\"},\"thumbnailUrl\":\"https:\/\/obcina.rogatec.si\/wp-content\/uploads\/2018\/01\/defibrilator.jpg\",\"datePublished\":\"2018-01-19T08:51:29+00:00\",\"dateModified\":\"2018-01-19T08:56:34+00:00\",\"breadcrumb\":{\"@id\":\"https:\/\/obcina.rogatec.si\/lokacije-aed-defibrilatorjev-vrogatcu\/#breadcrumb\"},\"inLanguage\":\"sl-SI\",\"potentialAction\":[{\"@type\":\"ReadAction\",\"target\":[\"https:\/\/obcina.rogatec.si\/lokacije-aed-defibrilatorjev-vrogatcu\/\"]}]},{\"@type\":\"ImageObject\",\"inLanguage\":\"sl-SI\",\"@id\":\"https:\/\/obcina.rogatec.si\/lokacije-aed-defibrilatorjev-vrogatcu\/#primaryimage\",\"url\":\"https:\/\/obcina.rogatec.si\/wp-content\/uploads\/2018\/01\/defibrilator.jpg\",\"contentUrl\":\"https:\/\/obcina.rogatec.si\/wp-content\/uploads\/2018\/01\/defibrilator.jpg\",\"width\":800,\"height\":800,\"caption\":\"AED defibrilator\"},{\"@type\":\"BreadcrumbList\",\"@id\":\"https:\/\/obcina.rogatec.si\/lokacije-aed-defibrilatorjev-vrogatcu\/#breadcrumb\",\"itemListElement\":[{\"@type\":\"ListItem\",\"position\":1,\"name\":\"Domov\",\"item\":\"https:\/\/obcina.rogatec.si\/\"},{\"@type\":\"ListItem\",\"position\":2,\"name\":\"Lokacije AED defibrilatorjev v Ob\u010dini Rogatec\"}]},{\"@type\":\"WebSite\",\"@id\":\"https:\/\/obcina.rogatec.si\/#website\",\"url\":\"https:\/\/obcina.rogatec.si\/\",\"name\":\"Ob\u010dina Rogatec\",\"description\":\"Uradni spletni portal Ob\u010dine Rogatec\",\"publisher\":{\"@id\":\"https:\/\/obcina.rogatec.si\/#organization\"},\"potentialAction\":[{\"@type\":\"SearchAction\",\"target\":{\"@type\":\"EntryPoint\",\"urlTemplate\":\"https:\/\/obcina.rogatec.si\/?s={search_term_string}\"},\"query-input\":{\"@type\":\"PropertyValueSpecification\",\"valueRequired\":true,\"valueName\":\"search_term_string\"}}],\"inLanguage\":\"sl-SI\"},{\"@type\":\"Organization\",\"@id\":\"https:\/\/obcina.rogatec.si\/#organization\",\"name\":\"Ob\u010dina Rogatec\",\"url\":\"https:\/\/obcina.rogatec.si\/\",\"logo\":{\"@type\":\"ImageObject\",\"inLanguage\":\"sl-SI\",\"@id\":\"https:\/\/obcina.rogatec.si\/#\/schema\/logo\/image\/\",\"url\":\"https:\/\/obcina.rogatec.si\/wp-content\/uploads\/2021\/01\/ObcinaRogatec_col.png\",\"contentUrl\":\"https:\/\/obcina.rogatec.si\/wp-content\/uploads\/2021\/01\/ObcinaRogatec_col.png\",\"width\":275,\"height\":100,\"caption\":\"Ob\u010dina Rogatec\"},\"image\":{\"@id\":\"https:\/\/obcina.rogatec.si\/#\/schema\/logo\/image\/\"},\"sameAs\":[\"https:\/\/www.facebook.com\/VisitRogatec\/\",\"https:\/\/www.instagram.com\/visitrogatec\/\",\"https:\/\/www.youtube.com\/channel\/UC0j4SRaLd9oSppR8hwVd5tw\"]}]}<\/script>\n<!-- \/ Yoast SEO plugin. -->","yoast_head_json":{"title":"Lokacije AED defibrilatorjev v Ob\u010dini Rogatec - Ob\u010dina Rogatec","robots":{"index":"index","follow":"follow","max-snippet":"max-snippet:-1","max-image-preview":"max-image-preview:large","max-video-preview":"max-video-preview:-1"},"canonical":"https:\/\/obcina.rogatec.si\/lokacije-aed-defibrilatorjev-vrogatcu\/","og_locale":"sl_SI","og_type":"article","og_title":"Lokacije AED defibrilatorjev v Ob\u010dini Rogatec - Ob\u010dina Rogatec","og_description":"&nbsp; LOKACIJA NASLOV PO\u0160TA RAZPOLO\u017dLJIVOST 1 Zdravstvena postaja Rogatec Steklarska ulica 12 3252 Rogatec 0 &#8211; 24 2 Gasilski dom Rogatec Celjska Cesta 9 3252 Rogatec 0 &#8211; 24 3 Gorenje gospodinjski aparati d.d., Program Mekom obrat Rogatec Ceste 56 3252 Rogatec 0 &#8211; 24 4 \u0160portna dvorana Rogatec Ptujska cesta 30a 3252 Rogatec 0 [&hellip;]","og_url":"https:\/\/obcina.rogatec.si\/lokacije-aed-defibrilatorjev-vrogatcu\/","og_site_name":"Ob\u010dina Rogatec","article_publisher":"https:\/\/www.facebook.com\/VisitRogatec\/","article_modified_time":"2018-01-19T08:56:34+00:00","og_image":[{"width":800,"height":800,"url":"https:\/\/obcina.rogatec.si\/wp-content\/uploads\/2018\/01\/defibrilator.jpg","type":"image\/jpeg"}],"twitter_card":"summary_large_image","schema":{"@context":"https:\/\/schema.org","@graph":[{"@type":"WebPage","@id":"https:\/\/obcina.rogatec.si\/lokacije-aed-defibrilatorjev-vrogatcu\/","url":"https:\/\/obcina.rogatec.si\/lokacije-aed-defibrilatorjev-vrogatcu\/","name":"Lokacije AED defibrilatorjev v Ob\u010dini Rogatec - Ob\u010dina Rogatec","isPartOf":{"@id":"https:\/\/obcina.rogatec.si\/#website"},"primaryImageOfPage":{"@id":"https:\/\/obcina.rogatec.si\/lokacije-aed-defibrilatorjev-vrogatcu\/#primaryimage"},"image":{"@id":"https:\/\/obcina.rogatec.si\/lokacije-aed-defibrilatorjev-vrogatcu\/#primaryimage"},"thumbnailUrl":"https:\/\/obcina.rogatec.si\/wp-content\/uploads\/2018\/01\/defibrilator.jpg","datePublished":"2018-01-19T08:51:29+00:00","dateModified":"2018-01-19T08:56:34+00:00","breadcrumb":{"@id":"https:\/\/obcina.rogatec.si\/lokacije-aed-defibrilatorjev-vrogatcu\/#breadcrumb"},"inLanguage":"sl-SI","potentialAction":[{"@type":"ReadAction","target":["https:\/\/obcina.rogatec.si\/lokacije-aed-defibrilatorjev-vrogatcu\/"]}]},{"@type":"ImageObject","inLanguage":"sl-SI","@id":"https:\/\/obcina.rogatec.si\/lokacije-aed-defibrilatorjev-vrogatcu\/#primaryimage","url":"https:\/\/obcina.rogatec.si\/wp-content\/uploads\/2018\/01\/defibrilator.jpg","contentUrl":"https:\/\/obcina.rogatec.si\/wp-content\/uploads\/2018\/01\/defibrilator.jpg","width":800,"height":800,"caption":"AED defibrilator"},{"@type":"BreadcrumbList","@id":"https:\/\/obcina.rogatec.si\/lokacije-aed-defibrilatorjev-vrogatcu\/#breadcrumb","itemListElement":[{"@type":"ListItem","position":1,"name":"Domov","item":"https:\/\/obcina.rogatec.si\/"},{"@type":"ListItem","position":2,"name":"Lokacije AED defibrilatorjev v Ob\u010dini Rogatec"}]},{"@type":"WebSite","@id":"https:\/\/obcina.rogatec.si\/#website","url":"https:\/\/obcina.rogatec.si\/","name":"Ob\u010dina Rogatec","description":"Uradni spletni portal Ob\u010dine Rogatec","publisher":{"@id":"https:\/\/obcina.rogatec.si\/#organization"},"potentialAction":[{"@type":"SearchAction","target":{"@type":"EntryPoint","urlTemplate":"https:\/\/obcina.rogatec.si\/?s={search_term_string}"},"query-input":{"@type":"PropertyValueSpecification","valueRequired":true,"valueName":"search_term_string"}}],"inLanguage":"sl-SI"},{"@type":"Organization","@id":"https:\/\/obcina.rogatec.si\/#organization","name":"Ob\u010dina Rogatec","url":"https:\/\/obcina.rogatec.si\/","logo":{"@type":"ImageObject","inLanguage":"sl-SI","@id":"https:\/\/obcina.rogatec.si\/#\/schema\/logo\/image\/","url":"https:\/\/obcina.rogatec.si\/wp-content\/uploads\/2021\/01\/ObcinaRogatec_col.png","contentUrl":"https:\/\/obcina.rogatec.si\/wp-content\/uploads\/2021\/01\/ObcinaRogatec_col.png","width":275,"height":100,"caption":"Ob\u010dina Rogatec"},"image":{"@id":"https:\/\/obcina.rogatec.si\/#\/schema\/logo\/image\/"},"sameAs":["https:\/\/www.facebook.com\/VisitRogatec\/","https:\/\/www.instagram.com\/visitrogatec\/","https:\/\/www.youtube.com\/channel\/UC0j4SRaLd9oSppR8hwVd5tw"]}]}},"uagb_featured_image_src":{"full":["https:\/\/obcina.rogatec.si\/wp-content\/uploads\/2018\/01\/defibrilator.jpg",800,800,false],"thumbnail":["https:\/\/obcina.rogatec.si\/wp-content\/uploads\/2018\/01\/defibrilator-150x150.jpg",150,150,true],"medium":["https:\/\/obcina.rogatec.si\/wp-content\/uploads\/2018\/01\/defibrilator-300x300.jpg",300,300,true],"medium_large":["https:\/\/obcina.rogatec.si\/wp-content\/uploads\/2018\/01\/defibrilator-768x768.jpg",768,768,true],"large":["https:\/\/obcina.rogatec.si\/wp-content\/uploads\/2018\/01\/defibrilator.jpg",800,800,false],"1536x1536":["https:\/\/obcina.rogatec.si\/wp-content\/uploads\/2018\/01\/defibrilator.jpg",800,800,false],"2048x2048":["https:\/\/obcina.rogatec.si\/wp-content\/uploads\/2018\/01\/defibrilator.jpg",800,800,false],"XXS":["https:\/\/obcina.rogatec.si\/wp-content\/uploads\/2018\/01\/defibrilator.jpg",150,150,false],"XS":["https:\/\/obcina.rogatec.si\/wp-content\/uploads\/2018\/01\/defibrilator.jpg",200,200,false],"S":["https:\/\/obcina.rogatec.si\/wp-content\/uploads\/2018\/01\/defibrilator.jpg",300,300,false],"M":["https:\/\/obcina.rogatec.si\/wp-content\/uploads\/2018\/01\/defibrilator.jpg",576,576,false],"L":["https:\/\/obcina.rogatec.si\/wp-content\/uploads\/2018\/01\/defibrilator.jpg",540,540,false],"XL":["https:\/\/obcina.rogatec.si\/wp-content\/uploads\/2018\/01\/defibrilator.jpg",800,800,false]},"uagb_author_info":{"display_name":"Ob\u010dina Rogatec","author_link":"https:\/\/obcina.rogatec.si\/author\/vedran72\/"},"uagb_comment_info":0,"uagb_excerpt":"&nbsp; LOKACIJA NASLOV PO\u0160TA RAZPOLO\u017dLJIVOST 1 Zdravstvena postaja Rogatec Steklarska ulica 12 3252 Rogatec 0 &#8211; 24 2 Gasilski dom Rogatec Celjska Cesta 9 3252 Rogatec 0 &#8211; 24 3 Gorenje gospodinjski aparati d.d., Program Mekom obrat Rogatec Ceste 56 3252 Rogatec 0 &#8211; 24 4 \u0160portna dvorana Rogatec Ptujska cesta 30a 3252 Rogatec 0&hellip;","_links":{"self":[{"href":"https:\/\/obcina.rogatec.si\/wp-json\/wp\/v2\/pages\/502979","targetHints":{"allow":["GET"]}}],"collection":[{"href":"https:\/\/obcina.rogatec.si\/wp-json\/wp\/v2\/pages"}],"about":[{"href":"https:\/\/obcina.rogatec.si\/wp-json\/wp\/v2\/types\/page"}],"author":[{"embeddable":true,"href":"https:\/\/obcina.rogatec.si\/wp-json\/wp\/v2\/users\/1"}],"replies":[{"embeddable":true,"href":"https:\/\/obcina.rogatec.si\/wp-json\/wp\/v2\/comments?post=502979"}],"version-history":[{"count":4,"href":"https:\/\/obcina.rogatec.si\/wp-json\/wp\/v2\/pages\/502979\/revisions"}],"predecessor-version":[{"id":502986,"href":"https:\/\/obcina.rogatec.si\/wp-json\/wp\/v2\/pages\/502979\/revisions\/502986"}],"wp:featuredmedia":[{"embeddable":true,"href":"https:\/\/obcina.rogatec.si\/wp-json\/wp\/v2\/media\/502982"}],"wp:attachment":[{"href":"https:\/\/obcina.rogatec.si\/wp-json\/wp\/v2\/media?parent=502979"}],"curies":[{"name":"wp","href":"https:\/\/api.w.org\/{rel}","templated":true}]}}