{"id":34,"date":"2013-03-30T16:18:55","date_gmt":"2013-03-30T16:18:55","guid":{"rendered":"https:\/\/obcina.rogatec.si\/?page_id=34"},"modified":"2025-02-04T08:13:47","modified_gmt":"2025-02-04T07:13:47","slug":"obcinska-uprava-obcinski-svet-zupan","status":"publish","type":"page","link":"https:\/\/obcina.rogatec.si\/o-obcini\/obcinska-uprava-obcinski-svet-zupan\/","title":{"rendered":"Uradne ure in kontakti"},"content":{"rendered":"<p style=\"text-align: left;\"><strong><a href=\"https:\/\/obcina.rogatec.si\/wp-content\/uploads\/2013\/03\/DSC01953.jpg\"><img loading=\"lazy\" decoding=\"async\" class=\"alignnone size-medium wp-image-1045\" src=\"https:\/\/obcina.rogatec.si\/wp-content\/uploads\/2013\/03\/DSC01953-300x225.jpg\" alt=\"DSC01953\" width=\"300\" height=\"225\" srcset=\"https:\/\/obcina.rogatec.si\/wp-content\/uploads\/2013\/03\/DSC01953-300x225.jpg 300w, https:\/\/obcina.rogatec.si\/wp-content\/uploads\/2013\/03\/DSC01953.jpg 1024w\" sizes=\"auto, (max-width: 300px) 100vw, 300px\" \/><\/a><\/strong><\/p>\n<p style=\"text-align: left;\"><strong>Kontakt:<\/strong><\/p>\n<p>Sede\u017e ob\u010dinske uprave: Pot k ribniku 4, 3252 Rogatec<\/p>\n<p>Telefon: (03)\u00a081-21-000<\/p>\n<p>Telefaks:(03)\u00a081-21-012<br \/>\nE-naslov splo\u0161ni: obcina@rogatec.si<\/p>\n<p>&nbsp;<\/p>\n<p><b>Poslovni \u010das in uradne ure ob\u010dinske uprave:<\/b><\/p>\n<table border=\"0\">\n<tbody>\n<tr>\n<td>ponedeljek<\/td>\n<td>8.00 &#8211; 15.00 ure<\/td>\n<\/tr>\n<tr>\n<td>torek<\/td>\n<td>8.00 &#8211; 15.00 ure<\/td>\n<\/tr>\n<tr>\n<td>sreda<\/td>\n<td>8.00 &#8211; 16.00 ure<\/td>\n<\/tr>\n<tr>\n<td>\u010detrtek<\/td>\n<td>8.00 &#8211; 15.00 ure<\/td>\n<\/tr>\n<tr>\n<td>petek<\/td>\n<td>8.00 &#8211; 14.00 ure<\/td>\n<\/tr>\n<\/tbody>\n<\/table>\n<p>&nbsp;<\/p>\n<p>&nbsp;<\/p>\n<p>&nbsp;<\/p>\n<p>&nbsp;<\/p>\n<p><strong>\u00a0<\/strong><\/p>\n<p><span style=\"line-height: 13px;\">\u00a0<\/span><\/p>\n","protected":false},"excerpt":{"rendered":"<p>Kontakt: Sede\u017e ob\u010dinske uprave: Pot k ribniku 4, 3252 Rogatec Telefon: (03)\u00a081-21-000 Telefaks:(03)\u00a081-21-012 E-naslov splo\u0161ni: obcina@rogatec.si &nbsp; Poslovni \u010das in uradne ure ob\u010dinske uprave: ponedeljek 8.00 &#8211; 15.00 ure torek 8.00 &#8211; 15.00 ure sreda 8.00 &#8211; 16.00 ure \u010detrtek 8.00 &#8211; 15.00 ure petek 8.00 &#8211; 14.00 ure &nbsp; &nbsp; &nbsp; &nbsp; \u00a0 \u00a0<\/p>\n","protected":false},"author":1,"featured_media":0,"parent":2,"menu_order":2,"comment_status":"open","ping_status":"closed","template":"","meta":{"_uag_custom_page_level_css":"","footnotes":""},"class_list":["post-34","page","type-page","status-publish","hentry"],"yoast_head":"<!-- This site is optimized with the Yoast SEO plugin v27.2 - https:\/\/yoast.com\/product\/yoast-seo-wordpress\/ -->\n<title>Uradne ure in kontakti - Ob\u010dina Rogatec<\/title>\n<meta name=\"robots\" content=\"index, follow, max-snippet:-1, max-image-preview:large, max-video-preview:-1\" \/>\n<link rel=\"canonical\" href=\"https:\/\/obcina.rogatec.si\/o-obcini\/obcinska-uprava-obcinski-svet-zupan\/\" \/>\n<meta property=\"og:locale\" content=\"sl_SI\" \/>\n<meta property=\"og:type\" content=\"article\" \/>\n<meta property=\"og:title\" content=\"Uradne ure in kontakti - Ob\u010dina Rogatec\" \/>\n<meta property=\"og:description\" content=\"Kontakt: Sede\u017e ob\u010dinske uprave: Pot k ribniku 4, 3252 Rogatec Telefon: (03)\u00a081-21-000 Telefaks:(03)\u00a081-21-012 E-naslov splo\u0161ni: obcina@rogatec.si &nbsp; Poslovni \u010das in uradne ure ob\u010dinske uprave: ponedeljek 8.00 &#8211; 15.00 ure torek 8.00 &#8211; 15.00 ure sreda 8.00 &#8211; 16.00 ure \u010detrtek 8.00 &#8211; 15.00 ure petek 8.00 &#8211; 14.00 ure &nbsp; &nbsp; &nbsp; &nbsp; \u00a0 \u00a0\" \/>\n<meta property=\"og:url\" content=\"https:\/\/obcina.rogatec.si\/o-obcini\/obcinska-uprava-obcinski-svet-zupan\/\" \/>\n<meta property=\"og:site_name\" content=\"Ob\u010dina Rogatec\" \/>\n<meta property=\"article:publisher\" content=\"https:\/\/www.facebook.com\/VisitRogatec\/\" \/>\n<meta property=\"article:modified_time\" content=\"2025-02-04T07:13:47+00:00\" \/>\n<meta property=\"og:image\" content=\"https:\/\/obcina.rogatec.si\/wp-content\/uploads\/2013\/03\/DSC01953.jpg\" \/>\n\t<meta property=\"og:image:width\" content=\"1024\" \/>\n\t<meta property=\"og:image:height\" content=\"768\" \/>\n\t<meta property=\"og:image:type\" content=\"image\/jpeg\" \/>\n<meta name=\"twitter:card\" content=\"summary_large_image\" \/>\n<meta name=\"twitter:label1\" content=\"Est. reading time\" \/>\n\t<meta name=\"twitter:data1\" content=\"1 minuta\" \/>\n<script type=\"application\/ld+json\" class=\"yoast-schema-graph\">{\"@context\":\"https:\/\/schema.org\",\"@graph\":[{\"@type\":\"WebPage\",\"@id\":\"https:\/\/obcina.rogatec.si\/o-obcini\/obcinska-uprava-obcinski-svet-zupan\/\",\"url\":\"https:\/\/obcina.rogatec.si\/o-obcini\/obcinska-uprava-obcinski-svet-zupan\/\",\"name\":\"Uradne ure in kontakti - Ob\u010dina Rogatec\",\"isPartOf\":{\"@id\":\"https:\/\/obcina.rogatec.si\/#website\"},\"primaryImageOfPage\":{\"@id\":\"https:\/\/obcina.rogatec.si\/o-obcini\/obcinska-uprava-obcinski-svet-zupan\/#primaryimage\"},\"image\":{\"@id\":\"https:\/\/obcina.rogatec.si\/o-obcini\/obcinska-uprava-obcinski-svet-zupan\/#primaryimage\"},\"thumbnailUrl\":\"https:\/\/obcina.rogatec.si\/wp-content\/uploads\/2013\/03\/DSC01953-300x225.jpg\",\"datePublished\":\"2013-03-30T16:18:55+00:00\",\"dateModified\":\"2025-02-04T07:13:47+00:00\",\"breadcrumb\":{\"@id\":\"https:\/\/obcina.rogatec.si\/o-obcini\/obcinska-uprava-obcinski-svet-zupan\/#breadcrumb\"},\"inLanguage\":\"sl-SI\",\"potentialAction\":[{\"@type\":\"ReadAction\",\"target\":[\"https:\/\/obcina.rogatec.si\/o-obcini\/obcinska-uprava-obcinski-svet-zupan\/\"]}]},{\"@type\":\"ImageObject\",\"inLanguage\":\"sl-SI\",\"@id\":\"https:\/\/obcina.rogatec.si\/o-obcini\/obcinska-uprava-obcinski-svet-zupan\/#primaryimage\",\"url\":\"https:\/\/obcina.rogatec.si\/wp-content\/uploads\/2013\/03\/DSC01953.jpg\",\"contentUrl\":\"https:\/\/obcina.rogatec.si\/wp-content\/uploads\/2013\/03\/DSC01953.jpg\",\"width\":1024,\"height\":768},{\"@type\":\"BreadcrumbList\",\"@id\":\"https:\/\/obcina.rogatec.si\/o-obcini\/obcinska-uprava-obcinski-svet-zupan\/#breadcrumb\",\"itemListElement\":[{\"@type\":\"ListItem\",\"position\":1,\"name\":\"Domov\",\"item\":\"https:\/\/obcina.rogatec.si\/\"},{\"@type\":\"ListItem\",\"position\":2,\"name\":\"O Ob\u010dini Rogatec\",\"item\":\"https:\/\/obcina.rogatec.si\/o-obcini\/\"},{\"@type\":\"ListItem\",\"position\":3,\"name\":\"Uradne ure in kontakti\"}]},{\"@type\":\"WebSite\",\"@id\":\"https:\/\/obcina.rogatec.si\/#website\",\"url\":\"https:\/\/obcina.rogatec.si\/\",\"name\":\"Ob\u010dina Rogatec\",\"description\":\"Uradni spletni portal Ob\u010dine Rogatec\",\"publisher\":{\"@id\":\"https:\/\/obcina.rogatec.si\/#organization\"},\"potentialAction\":[{\"@type\":\"SearchAction\",\"target\":{\"@type\":\"EntryPoint\",\"urlTemplate\":\"https:\/\/obcina.rogatec.si\/?s={search_term_string}\"},\"query-input\":{\"@type\":\"PropertyValueSpecification\",\"valueRequired\":true,\"valueName\":\"search_term_string\"}}],\"inLanguage\":\"sl-SI\"},{\"@type\":\"Organization\",\"@id\":\"https:\/\/obcina.rogatec.si\/#organization\",\"name\":\"Ob\u010dina Rogatec\",\"url\":\"https:\/\/obcina.rogatec.si\/\",\"logo\":{\"@type\":\"ImageObject\",\"inLanguage\":\"sl-SI\",\"@id\":\"https:\/\/obcina.rogatec.si\/#\/schema\/logo\/image\/\",\"url\":\"https:\/\/obcina.rogatec.si\/wp-content\/uploads\/2021\/01\/ObcinaRogatec_col.png\",\"contentUrl\":\"https:\/\/obcina.rogatec.si\/wp-content\/uploads\/2021\/01\/ObcinaRogatec_col.png\",\"width\":275,\"height\":100,\"caption\":\"Ob\u010dina Rogatec\"},\"image\":{\"@id\":\"https:\/\/obcina.rogatec.si\/#\/schema\/logo\/image\/\"},\"sameAs\":[\"https:\/\/www.facebook.com\/VisitRogatec\/\",\"https:\/\/www.instagram.com\/visitrogatec\/\",\"https:\/\/www.youtube.com\/channel\/UC0j4SRaLd9oSppR8hwVd5tw\"]}]}<\/script>\n<!-- \/ Yoast SEO plugin. -->","yoast_head_json":{"title":"Uradne ure in kontakti - Ob\u010dina Rogatec","robots":{"index":"index","follow":"follow","max-snippet":"max-snippet:-1","max-image-preview":"max-image-preview:large","max-video-preview":"max-video-preview:-1"},"canonical":"https:\/\/obcina.rogatec.si\/o-obcini\/obcinska-uprava-obcinski-svet-zupan\/","og_locale":"sl_SI","og_type":"article","og_title":"Uradne ure in kontakti - Ob\u010dina Rogatec","og_description":"Kontakt: Sede\u017e ob\u010dinske uprave: Pot k ribniku 4, 3252 Rogatec Telefon: (03)\u00a081-21-000 Telefaks:(03)\u00a081-21-012 E-naslov splo\u0161ni: obcina@rogatec.si &nbsp; Poslovni \u010das in uradne ure ob\u010dinske uprave: ponedeljek 8.00 &#8211; 15.00 ure torek 8.00 &#8211; 15.00 ure sreda 8.00 &#8211; 16.00 ure \u010detrtek 8.00 &#8211; 15.00 ure petek 8.00 &#8211; 14.00 ure &nbsp; &nbsp; &nbsp; &nbsp; \u00a0 \u00a0","og_url":"https:\/\/obcina.rogatec.si\/o-obcini\/obcinska-uprava-obcinski-svet-zupan\/","og_site_name":"Ob\u010dina Rogatec","article_publisher":"https:\/\/www.facebook.com\/VisitRogatec\/","article_modified_time":"2025-02-04T07:13:47+00:00","og_image":[{"width":1024,"height":768,"url":"https:\/\/obcina.rogatec.si\/wp-content\/uploads\/2013\/03\/DSC01953.jpg","type":"image\/jpeg"}],"twitter_card":"summary_large_image","twitter_misc":{"Est. reading time":"1 minuta"},"schema":{"@context":"https:\/\/schema.org","@graph":[{"@type":"WebPage","@id":"https:\/\/obcina.rogatec.si\/o-obcini\/obcinska-uprava-obcinski-svet-zupan\/","url":"https:\/\/obcina.rogatec.si\/o-obcini\/obcinska-uprava-obcinski-svet-zupan\/","name":"Uradne ure in kontakti - Ob\u010dina Rogatec","isPartOf":{"@id":"https:\/\/obcina.rogatec.si\/#website"},"primaryImageOfPage":{"@id":"https:\/\/obcina.rogatec.si\/o-obcini\/obcinska-uprava-obcinski-svet-zupan\/#primaryimage"},"image":{"@id":"https:\/\/obcina.rogatec.si\/o-obcini\/obcinska-uprava-obcinski-svet-zupan\/#primaryimage"},"thumbnailUrl":"https:\/\/obcina.rogatec.si\/wp-content\/uploads\/2013\/03\/DSC01953-300x225.jpg","datePublished":"2013-03-30T16:18:55+00:00","dateModified":"2025-02-04T07:13:47+00:00","breadcrumb":{"@id":"https:\/\/obcina.rogatec.si\/o-obcini\/obcinska-uprava-obcinski-svet-zupan\/#breadcrumb"},"inLanguage":"sl-SI","potentialAction":[{"@type":"ReadAction","target":["https:\/\/obcina.rogatec.si\/o-obcini\/obcinska-uprava-obcinski-svet-zupan\/"]}]},{"@type":"ImageObject","inLanguage":"sl-SI","@id":"https:\/\/obcina.rogatec.si\/o-obcini\/obcinska-uprava-obcinski-svet-zupan\/#primaryimage","url":"https:\/\/obcina.rogatec.si\/wp-content\/uploads\/2013\/03\/DSC01953.jpg","contentUrl":"https:\/\/obcina.rogatec.si\/wp-content\/uploads\/2013\/03\/DSC01953.jpg","width":1024,"height":768},{"@type":"BreadcrumbList","@id":"https:\/\/obcina.rogatec.si\/o-obcini\/obcinska-uprava-obcinski-svet-zupan\/#breadcrumb","itemListElement":[{"@type":"ListItem","position":1,"name":"Domov","item":"https:\/\/obcina.rogatec.si\/"},{"@type":"ListItem","position":2,"name":"O Ob\u010dini Rogatec","item":"https:\/\/obcina.rogatec.si\/o-obcini\/"},{"@type":"ListItem","position":3,"name":"Uradne ure in kontakti"}]},{"@type":"WebSite","@id":"https:\/\/obcina.rogatec.si\/#website","url":"https:\/\/obcina.rogatec.si\/","name":"Ob\u010dina Rogatec","description":"Uradni spletni portal Ob\u010dine Rogatec","publisher":{"@id":"https:\/\/obcina.rogatec.si\/#organization"},"potentialAction":[{"@type":"SearchAction","target":{"@type":"EntryPoint","urlTemplate":"https:\/\/obcina.rogatec.si\/?s={search_term_string}"},"query-input":{"@type":"PropertyValueSpecification","valueRequired":true,"valueName":"search_term_string"}}],"inLanguage":"sl-SI"},{"@type":"Organization","@id":"https:\/\/obcina.rogatec.si\/#organization","name":"Ob\u010dina Rogatec","url":"https:\/\/obcina.rogatec.si\/","logo":{"@type":"ImageObject","inLanguage":"sl-SI","@id":"https:\/\/obcina.rogatec.si\/#\/schema\/logo\/image\/","url":"https:\/\/obcina.rogatec.si\/wp-content\/uploads\/2021\/01\/ObcinaRogatec_col.png","contentUrl":"https:\/\/obcina.rogatec.si\/wp-content\/uploads\/2021\/01\/ObcinaRogatec_col.png","width":275,"height":100,"caption":"Ob\u010dina Rogatec"},"image":{"@id":"https:\/\/obcina.rogatec.si\/#\/schema\/logo\/image\/"},"sameAs":["https:\/\/www.facebook.com\/VisitRogatec\/","https:\/\/www.instagram.com\/visitrogatec\/","https:\/\/www.youtube.com\/channel\/UC0j4SRaLd9oSppR8hwVd5tw"]}]}},"uagb_featured_image_src":{"full":false,"thumbnail":false,"medium":false,"medium_large":false,"large":false,"1536x1536":false,"2048x2048":false,"XXS":false,"XS":false,"S":false,"M":false,"L":false,"XL":false},"uagb_author_info":{"display_name":"Ob\u010dina Rogatec","author_link":"https:\/\/obcina.rogatec.si\/author\/vedran72\/"},"uagb_comment_info":0,"uagb_excerpt":"Kontakt: Sede\u017e ob\u010dinske uprave: Pot k ribniku 4, 3252 Rogatec Telefon: (03)\u00a081-21-000 Telefaks:(03)\u00a081-21-012 E-naslov splo\u0161ni: obcina@rogatec.si &nbsp; Poslovni \u010das in uradne ure ob\u010dinske uprave: ponedeljek 8.00 &#8211; 15.00 ure torek 8.00 &#8211; 15.00 ure sreda 8.00 &#8211; 16.00 ure \u010detrtek 8.00 &#8211; 15.00 ure petek 8.00 &#8211; 14.00 ure &nbsp; &nbsp; &nbsp; &nbsp; \u00a0 \u00a0","_links":{"self":[{"href":"https:\/\/obcina.rogatec.si\/wp-json\/wp\/v2\/pages\/34","targetHints":{"allow":["GET"]}}],"collection":[{"href":"https:\/\/obcina.rogatec.si\/wp-json\/wp\/v2\/pages"}],"about":[{"href":"https:\/\/obcina.rogatec.si\/wp-json\/wp\/v2\/types\/page"}],"author":[{"embeddable":true,"href":"https:\/\/obcina.rogatec.si\/wp-json\/wp\/v2\/users\/1"}],"replies":[{"embeddable":true,"href":"https:\/\/obcina.rogatec.si\/wp-json\/wp\/v2\/comments?post=34"}],"version-history":[{"count":24,"href":"https:\/\/obcina.rogatec.si\/wp-json\/wp\/v2\/pages\/34\/revisions"}],"predecessor-version":[{"id":510020,"href":"https:\/\/obcina.rogatec.si\/wp-json\/wp\/v2\/pages\/34\/revisions\/510020"}],"up":[{"embeddable":true,"href":"https:\/\/obcina.rogatec.si\/wp-json\/wp\/v2\/pages\/2"}],"wp:attachment":[{"href":"https:\/\/obcina.rogatec.si\/wp-json\/wp\/v2\/media?parent=34"}],"curies":[{"name":"wp","href":"https:\/\/api.w.org\/{rel}","templated":true}]}}