{"id":246,"date":"2013-04-07T13:05:09","date_gmt":"2013-04-07T13:05:09","guid":{"rendered":"https:\/\/obcina.rogatec.si\/?page_id=246"},"modified":"2013-04-07T13:05:09","modified_gmt":"2013-04-07T13:05:09","slug":"duhovno-drustvo-center-za-boljsi-svet","status":"publish","type":"page","link":"https:\/\/obcina.rogatec.si\/drustva\/duhovno-drustvo-center-za-boljsi-svet\/","title":{"rendered":"Duhovno dru\u0161tvo CENTER ZA BOLJ\u0160I SVET"},"content":{"rendered":"<p><strong>Duhovno dru\u0161tvo<br \/>\nCENTER ZA BOLJ\u0160I SVET<br \/>\nTlake 21, SI-3252 Rogatec<\/strong><\/p>\n<p><b>KAJ?<\/p>\n<p>Center za bolj\u0161i svet<\/b> (CBS) je dru\u0161tvo, ki zdru\u017euje posameznike, ki <b>prostovoljno<\/b> in <b>neprofitno<\/b> delajo na <b>podro\u010dju nudenja pomo\u010di<\/b> posameznikom, parom in dru\u017einam.<\/p>\n<p><b>KOMU?<\/b><\/p>\n<p><span style=\"text-decoration: underline;\">Pomo\u010d lahko najde vsak, ki:<\/span><\/p>\n<ul>\n<li>i\u0161\u010de <b>smisel<\/b> <b>bivanja<\/b>,<\/li>\n<li>ne prepozna smisla svojega <b>\u017eivljenja<\/b>,<\/li>\n<li>se sre\u010duje z <b>osebnimi<\/b> stiskami, travmami, depresijami,<\/li>\n<li>do\u017eivlja nemo\u010d v <b>vsakdanjiku<\/b>, v \u0161oli, na delovnem mestu,<\/li>\n<li>je razo\u010daran v <b>ljubezni<\/b>, <b>zakonu<\/b>,<\/li>\n<li><b>do\u017eivlja<\/b> osamljenost, zapu\u0161\u010denost, zavr\u017eenost, krivdo, sram, strah \u2026,<\/li>\n<li><b>pre\u017eivlja<\/b> smrt bli\u017enje osebe,<\/li>\n<li>i\u0161\u010de <b>ljubezen<\/b> in zunanjo potrditev,<\/li>\n<li>trpi po prekinitvi ljubezenske zveze ali ne zmore vzpostaviti <b>kakovostnega<\/b> <b>odnosa<\/b>,<\/li>\n<li>ima te\u017eave pri vzgoji lastnih, posvojenih ali rejni\u0161kih <b>otrok<\/b>,<\/li>\n<li>izvaja ali je \u017ertev agresivnega ali nesprejemljivega <b>vedenja<\/b> v \u0161oli, doma ali na delovnem mestu,<\/li>\n<li>ima <b>izku\u0161njo<\/b> \u010dustvene, fizi\u010dne zlorabe,<\/li>\n<li>zasvojen (z alkoholom, nikotinom, odnosi, igrami na sre\u010do, heroinom \u2026),<\/li>\n<li>se sre\u010duje s problemom zasvojenosti v dru\u017eini,<\/li>\n<li>sku\u0161a <b>ponovno<\/b> <b>za\u017eiveti<\/b> v svojem okolju po zdravljenju (v bolni\u0161nicah, komunah \u2026) od zasvojenosti ali po bivanju v zaporu, prevzgojnem domu,<\/li>\n<li>si bil prizadet s strani in\u0161titucij (cerkev, \u0161ola \u2026),<\/li>\n<li>se <b>zaveda<\/b>, da je <b>vreden<\/b> <b>bolj\u0161ega<\/b> <b>\u017eivljenja<\/b>.<\/li>\n<\/ul>\n<p><b>KAKO?<\/b><\/p>\n<p><b>Pokli\u010di<\/b>: <b>040\/ 591 260<\/b><\/p>\n<p><b>Pi\u0161i<\/b> nam: <b><a href=\"mailto:cbs.si@amis.net\">cbs.si@amis.net<\/a><\/b><\/p>\n<p><b>Preprosto pridi na seminar, delavnice, osebni pogovor.<\/b><\/p>\n<p><b>Vse <\/b>to<b> je zate!<\/b><\/p>\n<p><b>Vse <\/b>je<b> brezpla\u010dno.<\/b><\/p>\n<p>CBS se financira izklju\u010dno s prostovoljnimi prispevki.<\/p>\n<p><b>Ustvariti \u017eelimo bolj\u0161i svet, zato si pomemben in v kratkem odpi\u0161emo ali <\/b><\/p>\n<p><b>vrnemo zgre\u0161eni klic.<\/b><\/p>\n<p><b>\u010cEMU?<\/p>\n<p><\/b> Ker si <b>pomemben<\/b>.<\/p>\n<p>Ker ima <b>tvoje \u017eivljenje<\/b> <b>poslanstvo<\/b>.<\/p>\n<p><b>Ker je lepo, <\/b>da<b> obstaja\u0161.<\/b><\/p>\n<p>Ker <b>ima<\/b> vsaka te\u017eava <b>re\u0161itev<\/b>.<\/p>\n<p>Ker je na\u010din dela <b>mnogim<\/b> po svetu \u017ee <b>pomagal<\/b>.<\/p>\n<p>Ker nisi sam, saj te <b>spremljamo<\/b> na <b>poti <\/b>do<b> cilja<\/b>.<\/p>\n<p><b>\u010cLOVEK,<\/b><\/p>\n<p><b>LEPO JE,<\/b><\/p>\n<p><b>DA<\/b><b> <\/b><b>OBSTAJA\u0160 !<\/b><\/p>\n","protected":false},"excerpt":{"rendered":"<p>Duhovno dru\u0161tvo CENTER ZA BOLJ\u0160I SVET Tlake 21, SI-3252 Rogatec KAJ? Center za bolj\u0161i svet (CBS) je dru\u0161tvo, ki zdru\u017euje posameznike, ki prostovoljno in neprofitno delajo na podro\u010dju nudenja pomo\u010di posameznikom, parom in dru\u017einam. KOMU? Pomo\u010d lahko najde vsak, ki: i\u0161\u010de smisel bivanja, ne prepozna smisla svojega \u017eivljenja, se sre\u010duje z osebnimi stiskami, travmami, depresijami, [&hellip;]<\/p>\n","protected":false},"author":1,"featured_media":0,"parent":209,"menu_order":15,"comment_status":"open","ping_status":"open","template":"","meta":{"_uag_custom_page_level_css":"","footnotes":""},"class_list":["post-246","page","type-page","status-publish","hentry"],"yoast_head":"<!-- This site is optimized with the Yoast SEO plugin v27.2 - https:\/\/yoast.com\/product\/yoast-seo-wordpress\/ -->\n<title>Duhovno dru\u0161tvo CENTER ZA BOLJ\u0160I SVET - Ob\u010dina Rogatec<\/title>\n<meta name=\"robots\" content=\"index, follow, max-snippet:-1, max-image-preview:large, max-video-preview:-1\" \/>\n<link rel=\"canonical\" href=\"https:\/\/obcina.rogatec.si\/drustva\/duhovno-drustvo-center-za-boljsi-svet\/\" \/>\n<meta property=\"og:locale\" content=\"sl_SI\" \/>\n<meta property=\"og:type\" content=\"article\" \/>\n<meta property=\"og:title\" content=\"Duhovno dru\u0161tvo CENTER ZA BOLJ\u0160I SVET - Ob\u010dina Rogatec\" \/>\n<meta property=\"og:description\" content=\"Duhovno dru\u0161tvo CENTER ZA BOLJ\u0160I SVET Tlake 21, SI-3252 Rogatec KAJ? Center za bolj\u0161i svet (CBS) je dru\u0161tvo, ki zdru\u017euje posameznike, ki prostovoljno in neprofitno delajo na podro\u010dju nudenja pomo\u010di posameznikom, parom in dru\u017einam. KOMU? Pomo\u010d lahko najde vsak, ki: i\u0161\u010de smisel bivanja, ne prepozna smisla svojega \u017eivljenja, se sre\u010duje z osebnimi stiskami, travmami, depresijami, [&hellip;]\" \/>\n<meta property=\"og:url\" content=\"https:\/\/obcina.rogatec.si\/drustva\/duhovno-drustvo-center-za-boljsi-svet\/\" \/>\n<meta property=\"og:site_name\" content=\"Ob\u010dina Rogatec\" \/>\n<meta property=\"article:publisher\" content=\"https:\/\/www.facebook.com\/VisitRogatec\/\" \/>\n<meta property=\"og:image\" content=\"https:\/\/obcina.rogatec.si\/wp-content\/uploads\/2013\/10\/MUZEJ-NA-PROSTEM-ROGATEC.jpg\" \/>\n\t<meta property=\"og:image:width\" content=\"1900\" \/>\n\t<meta property=\"og:image:height\" content=\"1262\" \/>\n\t<meta property=\"og:image:type\" content=\"image\/jpeg\" \/>\n<meta name=\"twitter:card\" content=\"summary_large_image\" \/>\n<meta name=\"twitter:label1\" content=\"Est. reading time\" \/>\n\t<meta name=\"twitter:data1\" content=\"2 minuti\" \/>\n<script type=\"application\/ld+json\" class=\"yoast-schema-graph\">{\"@context\":\"https:\/\/schema.org\",\"@graph\":[{\"@type\":\"WebPage\",\"@id\":\"https:\/\/obcina.rogatec.si\/drustva\/duhovno-drustvo-center-za-boljsi-svet\/\",\"url\":\"https:\/\/obcina.rogatec.si\/drustva\/duhovno-drustvo-center-za-boljsi-svet\/\",\"name\":\"Duhovno dru\u0161tvo CENTER ZA BOLJ\u0160I SVET - Ob\u010dina Rogatec\",\"isPartOf\":{\"@id\":\"https:\/\/obcina.rogatec.si\/#website\"},\"datePublished\":\"2013-04-07T13:05:09+00:00\",\"breadcrumb\":{\"@id\":\"https:\/\/obcina.rogatec.si\/drustva\/duhovno-drustvo-center-za-boljsi-svet\/#breadcrumb\"},\"inLanguage\":\"sl-SI\",\"potentialAction\":[{\"@type\":\"ReadAction\",\"target\":[\"https:\/\/obcina.rogatec.si\/drustva\/duhovno-drustvo-center-za-boljsi-svet\/\"]}]},{\"@type\":\"BreadcrumbList\",\"@id\":\"https:\/\/obcina.rogatec.si\/drustva\/duhovno-drustvo-center-za-boljsi-svet\/#breadcrumb\",\"itemListElement\":[{\"@type\":\"ListItem\",\"position\":1,\"name\":\"Domov\",\"item\":\"https:\/\/obcina.rogatec.si\/\"},{\"@type\":\"ListItem\",\"position\":2,\"name\":\"Dru\u0161tva v ob\u010dini Rogatec\",\"item\":\"https:\/\/obcina.rogatec.si\/drustva\/\"},{\"@type\":\"ListItem\",\"position\":3,\"name\":\"Duhovno dru\u0161tvo CENTER ZA BOLJ\u0160I SVET\"}]},{\"@type\":\"WebSite\",\"@id\":\"https:\/\/obcina.rogatec.si\/#website\",\"url\":\"https:\/\/obcina.rogatec.si\/\",\"name\":\"Ob\u010dina Rogatec\",\"description\":\"Uradni spletni portal Ob\u010dine Rogatec\",\"publisher\":{\"@id\":\"https:\/\/obcina.rogatec.si\/#organization\"},\"potentialAction\":[{\"@type\":\"SearchAction\",\"target\":{\"@type\":\"EntryPoint\",\"urlTemplate\":\"https:\/\/obcina.rogatec.si\/?s={search_term_string}\"},\"query-input\":{\"@type\":\"PropertyValueSpecification\",\"valueRequired\":true,\"valueName\":\"search_term_string\"}}],\"inLanguage\":\"sl-SI\"},{\"@type\":\"Organization\",\"@id\":\"https:\/\/obcina.rogatec.si\/#organization\",\"name\":\"Ob\u010dina Rogatec\",\"url\":\"https:\/\/obcina.rogatec.si\/\",\"logo\":{\"@type\":\"ImageObject\",\"inLanguage\":\"sl-SI\",\"@id\":\"https:\/\/obcina.rogatec.si\/#\/schema\/logo\/image\/\",\"url\":\"https:\/\/obcina.rogatec.si\/wp-content\/uploads\/2021\/01\/ObcinaRogatec_col.png\",\"contentUrl\":\"https:\/\/obcina.rogatec.si\/wp-content\/uploads\/2021\/01\/ObcinaRogatec_col.png\",\"width\":275,\"height\":100,\"caption\":\"Ob\u010dina Rogatec\"},\"image\":{\"@id\":\"https:\/\/obcina.rogatec.si\/#\/schema\/logo\/image\/\"},\"sameAs\":[\"https:\/\/www.facebook.com\/VisitRogatec\/\",\"https:\/\/www.instagram.com\/visitrogatec\/\",\"https:\/\/www.youtube.com\/channel\/UC0j4SRaLd9oSppR8hwVd5tw\"]}]}<\/script>\n<!-- \/ Yoast SEO plugin. -->","yoast_head_json":{"title":"Duhovno dru\u0161tvo CENTER ZA BOLJ\u0160I SVET - Ob\u010dina Rogatec","robots":{"index":"index","follow":"follow","max-snippet":"max-snippet:-1","max-image-preview":"max-image-preview:large","max-video-preview":"max-video-preview:-1"},"canonical":"https:\/\/obcina.rogatec.si\/drustva\/duhovno-drustvo-center-za-boljsi-svet\/","og_locale":"sl_SI","og_type":"article","og_title":"Duhovno dru\u0161tvo CENTER ZA BOLJ\u0160I SVET - Ob\u010dina Rogatec","og_description":"Duhovno dru\u0161tvo CENTER ZA BOLJ\u0160I SVET Tlake 21, SI-3252 Rogatec KAJ? Center za bolj\u0161i svet (CBS) je dru\u0161tvo, ki zdru\u017euje posameznike, ki prostovoljno in neprofitno delajo na podro\u010dju nudenja pomo\u010di posameznikom, parom in dru\u017einam. KOMU? Pomo\u010d lahko najde vsak, ki: i\u0161\u010de smisel bivanja, ne prepozna smisla svojega \u017eivljenja, se sre\u010duje z osebnimi stiskami, travmami, depresijami, [&hellip;]","og_url":"https:\/\/obcina.rogatec.si\/drustva\/duhovno-drustvo-center-za-boljsi-svet\/","og_site_name":"Ob\u010dina Rogatec","article_publisher":"https:\/\/www.facebook.com\/VisitRogatec\/","og_image":[{"width":1900,"height":1262,"url":"https:\/\/obcina.rogatec.si\/wp-content\/uploads\/2013\/10\/MUZEJ-NA-PROSTEM-ROGATEC.jpg","type":"image\/jpeg"}],"twitter_card":"summary_large_image","twitter_misc":{"Est. reading time":"2 minuti"},"schema":{"@context":"https:\/\/schema.org","@graph":[{"@type":"WebPage","@id":"https:\/\/obcina.rogatec.si\/drustva\/duhovno-drustvo-center-za-boljsi-svet\/","url":"https:\/\/obcina.rogatec.si\/drustva\/duhovno-drustvo-center-za-boljsi-svet\/","name":"Duhovno dru\u0161tvo CENTER ZA BOLJ\u0160I SVET - Ob\u010dina Rogatec","isPartOf":{"@id":"https:\/\/obcina.rogatec.si\/#website"},"datePublished":"2013-04-07T13:05:09+00:00","breadcrumb":{"@id":"https:\/\/obcina.rogatec.si\/drustva\/duhovno-drustvo-center-za-boljsi-svet\/#breadcrumb"},"inLanguage":"sl-SI","potentialAction":[{"@type":"ReadAction","target":["https:\/\/obcina.rogatec.si\/drustva\/duhovno-drustvo-center-za-boljsi-svet\/"]}]},{"@type":"BreadcrumbList","@id":"https:\/\/obcina.rogatec.si\/drustva\/duhovno-drustvo-center-za-boljsi-svet\/#breadcrumb","itemListElement":[{"@type":"ListItem","position":1,"name":"Domov","item":"https:\/\/obcina.rogatec.si\/"},{"@type":"ListItem","position":2,"name":"Dru\u0161tva v ob\u010dini Rogatec","item":"https:\/\/obcina.rogatec.si\/drustva\/"},{"@type":"ListItem","position":3,"name":"Duhovno dru\u0161tvo CENTER ZA BOLJ\u0160I SVET"}]},{"@type":"WebSite","@id":"https:\/\/obcina.rogatec.si\/#website","url":"https:\/\/obcina.rogatec.si\/","name":"Ob\u010dina Rogatec","description":"Uradni spletni portal Ob\u010dine Rogatec","publisher":{"@id":"https:\/\/obcina.rogatec.si\/#organization"},"potentialAction":[{"@type":"SearchAction","target":{"@type":"EntryPoint","urlTemplate":"https:\/\/obcina.rogatec.si\/?s={search_term_string}"},"query-input":{"@type":"PropertyValueSpecification","valueRequired":true,"valueName":"search_term_string"}}],"inLanguage":"sl-SI"},{"@type":"Organization","@id":"https:\/\/obcina.rogatec.si\/#organization","name":"Ob\u010dina Rogatec","url":"https:\/\/obcina.rogatec.si\/","logo":{"@type":"ImageObject","inLanguage":"sl-SI","@id":"https:\/\/obcina.rogatec.si\/#\/schema\/logo\/image\/","url":"https:\/\/obcina.rogatec.si\/wp-content\/uploads\/2021\/01\/ObcinaRogatec_col.png","contentUrl":"https:\/\/obcina.rogatec.si\/wp-content\/uploads\/2021\/01\/ObcinaRogatec_col.png","width":275,"height":100,"caption":"Ob\u010dina Rogatec"},"image":{"@id":"https:\/\/obcina.rogatec.si\/#\/schema\/logo\/image\/"},"sameAs":["https:\/\/www.facebook.com\/VisitRogatec\/","https:\/\/www.instagram.com\/visitrogatec\/","https:\/\/www.youtube.com\/channel\/UC0j4SRaLd9oSppR8hwVd5tw"]}]}},"uagb_featured_image_src":{"full":false,"thumbnail":false,"medium":false,"medium_large":false,"large":false,"1536x1536":false,"2048x2048":false,"XXS":false,"XS":false,"S":false,"M":false,"L":false,"XL":false},"uagb_author_info":{"display_name":"Ob\u010dina Rogatec","author_link":"https:\/\/obcina.rogatec.si\/author\/vedran72\/"},"uagb_comment_info":0,"uagb_excerpt":"Duhovno dru\u0161tvo CENTER ZA BOLJ\u0160I SVET Tlake 21, SI-3252 Rogatec KAJ? Center za bolj\u0161i svet (CBS) je dru\u0161tvo, ki zdru\u017euje posameznike, ki prostovoljno in neprofitno delajo na podro\u010dju nudenja pomo\u010di posameznikom, parom in dru\u017einam. KOMU? Pomo\u010d lahko najde vsak, ki: i\u0161\u010de smisel bivanja, ne prepozna smisla svojega \u017eivljenja, se sre\u010duje z osebnimi stiskami, travmami, depresijami,&hellip;","_links":{"self":[{"href":"https:\/\/obcina.rogatec.si\/wp-json\/wp\/v2\/pages\/246","targetHints":{"allow":["GET"]}}],"collection":[{"href":"https:\/\/obcina.rogatec.si\/wp-json\/wp\/v2\/pages"}],"about":[{"href":"https:\/\/obcina.rogatec.si\/wp-json\/wp\/v2\/types\/page"}],"author":[{"embeddable":true,"href":"https:\/\/obcina.rogatec.si\/wp-json\/wp\/v2\/users\/1"}],"replies":[{"embeddable":true,"href":"https:\/\/obcina.rogatec.si\/wp-json\/wp\/v2\/comments?post=246"}],"version-history":[{"count":2,"href":"https:\/\/obcina.rogatec.si\/wp-json\/wp\/v2\/pages\/246\/revisions"}],"predecessor-version":[{"id":248,"href":"https:\/\/obcina.rogatec.si\/wp-json\/wp\/v2\/pages\/246\/revisions\/248"}],"up":[{"embeddable":true,"href":"https:\/\/obcina.rogatec.si\/wp-json\/wp\/v2\/pages\/209"}],"wp:attachment":[{"href":"https:\/\/obcina.rogatec.si\/wp-json\/wp\/v2\/media?parent=246"}],"curies":[{"name":"wp","href":"https:\/\/api.w.org\/{rel}","templated":true}]}}