{"id":242,"date":"2013-04-07T13:02:53","date_gmt":"2013-04-07T13:02:53","guid":{"rendered":"https:\/\/obcina.rogatec.si\/?page_id=242"},"modified":"2014-01-23T08:32:04","modified_gmt":"2014-01-23T07:32:04","slug":"drustvo-kmeckih-zena-sv-rok","status":"publish","type":"page","link":"https:\/\/obcina.rogatec.si\/drustva\/drustvo-kmeckih-zena-sv-rok\/","title":{"rendered":"DRU\u0160TVO KME\u010cKIH \u017dENA SV. ROK"},"content":{"rendered":"<p>Dru\u0161tvo kme\u010dkih \u017eena Sv. Rok, je bilo ustanovljeno na ob\u010dnem zboru dne 16.2.2003. Dru\u0161tvo je prostovoljno, samostojno in nepridobitno zdru\u017eenje \u017eena in deklet, ki se zdru\u017eujejo zaradi uresni\u010devanja skupnih interesov na podro\u010dju kulture, \u0161porta, ustvarjanja in dru\u017eabnega \u017eivljenja. Dru\u0161tvo deluje na obmo\u010dju KS Dobovec v ob\u010dini Rogatec.<\/p>\n<p>&nbsp;<\/p>\n","protected":false},"excerpt":{"rendered":"<p>Dru\u0161tvo kme\u010dkih \u017eena Sv. Rok, je bilo ustanovljeno na ob\u010dnem zboru dne 16.2.2003. Dru\u0161tvo je prostovoljno, samostojno in nepridobitno zdru\u017eenje \u017eena in deklet, ki se zdru\u017eujejo zaradi uresni\u010devanja skupnih interesov na podro\u010dju kulture, \u0161porta, ustvarjanja in dru\u017eabnega \u017eivljenja. Dru\u0161tvo deluje na obmo\u010dju KS Dobovec v ob\u010dini Rogatec. &nbsp;<\/p>\n","protected":false},"author":1,"featured_media":0,"parent":209,"menu_order":12,"comment_status":"open","ping_status":"open","template":"","meta":{"_uag_custom_page_level_css":"","footnotes":""},"class_list":["post-242","page","type-page","status-publish","hentry"],"yoast_head":"<!-- This site is optimized with the Yoast SEO plugin v27.2 - https:\/\/yoast.com\/product\/yoast-seo-wordpress\/ -->\n<title>DRU\u0160TVO KME\u010cKIH \u017dENA SV. ROK - Ob\u010dina Rogatec<\/title>\n<meta name=\"robots\" content=\"index, follow, max-snippet:-1, max-image-preview:large, max-video-preview:-1\" \/>\n<link rel=\"canonical\" href=\"https:\/\/obcina.rogatec.si\/drustva\/drustvo-kmeckih-zena-sv-rok\/\" \/>\n<meta property=\"og:locale\" content=\"sl_SI\" \/>\n<meta property=\"og:type\" content=\"article\" \/>\n<meta property=\"og:title\" content=\"DRU\u0160TVO KME\u010cKIH \u017dENA SV. ROK - Ob\u010dina Rogatec\" \/>\n<meta property=\"og:description\" content=\"Dru\u0161tvo kme\u010dkih \u017eena Sv. Rok, je bilo ustanovljeno na ob\u010dnem zboru dne 16.2.2003. Dru\u0161tvo je prostovoljno, samostojno in nepridobitno zdru\u017eenje \u017eena in deklet, ki se zdru\u017eujejo zaradi uresni\u010devanja skupnih interesov na podro\u010dju kulture, \u0161porta, ustvarjanja in dru\u017eabnega \u017eivljenja. Dru\u0161tvo deluje na obmo\u010dju KS Dobovec v ob\u010dini Rogatec. &nbsp;\" \/>\n<meta property=\"og:url\" content=\"https:\/\/obcina.rogatec.si\/drustva\/drustvo-kmeckih-zena-sv-rok\/\" \/>\n<meta property=\"og:site_name\" content=\"Ob\u010dina Rogatec\" \/>\n<meta property=\"article:publisher\" content=\"https:\/\/www.facebook.com\/VisitRogatec\/\" \/>\n<meta property=\"article:modified_time\" content=\"2014-01-23T07:32:04+00:00\" \/>\n<meta property=\"og:image\" content=\"https:\/\/obcina.rogatec.si\/wp-content\/uploads\/2013\/10\/MUZEJ-NA-PROSTEM-ROGATEC.jpg\" \/>\n\t<meta property=\"og:image:width\" content=\"1900\" \/>\n\t<meta property=\"og:image:height\" content=\"1262\" \/>\n\t<meta property=\"og:image:type\" content=\"image\/jpeg\" \/>\n<meta name=\"twitter:card\" content=\"summary_large_image\" \/>\n<script type=\"application\/ld+json\" class=\"yoast-schema-graph\">{\"@context\":\"https:\/\/schema.org\",\"@graph\":[{\"@type\":\"WebPage\",\"@id\":\"https:\/\/obcina.rogatec.si\/drustva\/drustvo-kmeckih-zena-sv-rok\/\",\"url\":\"https:\/\/obcina.rogatec.si\/drustva\/drustvo-kmeckih-zena-sv-rok\/\",\"name\":\"DRU\u0160TVO KME\u010cKIH \u017dENA SV. ROK - Ob\u010dina Rogatec\",\"isPartOf\":{\"@id\":\"https:\/\/obcina.rogatec.si\/#website\"},\"datePublished\":\"2013-04-07T13:02:53+00:00\",\"dateModified\":\"2014-01-23T07:32:04+00:00\",\"breadcrumb\":{\"@id\":\"https:\/\/obcina.rogatec.si\/drustva\/drustvo-kmeckih-zena-sv-rok\/#breadcrumb\"},\"inLanguage\":\"sl-SI\",\"potentialAction\":[{\"@type\":\"ReadAction\",\"target\":[\"https:\/\/obcina.rogatec.si\/drustva\/drustvo-kmeckih-zena-sv-rok\/\"]}]},{\"@type\":\"BreadcrumbList\",\"@id\":\"https:\/\/obcina.rogatec.si\/drustva\/drustvo-kmeckih-zena-sv-rok\/#breadcrumb\",\"itemListElement\":[{\"@type\":\"ListItem\",\"position\":1,\"name\":\"Domov\",\"item\":\"https:\/\/obcina.rogatec.si\/\"},{\"@type\":\"ListItem\",\"position\":2,\"name\":\"Dru\u0161tva v ob\u010dini Rogatec\",\"item\":\"https:\/\/obcina.rogatec.si\/drustva\/\"},{\"@type\":\"ListItem\",\"position\":3,\"name\":\"DRU\u0160TVO KME\u010cKIH \u017dENA SV. ROK\"}]},{\"@type\":\"WebSite\",\"@id\":\"https:\/\/obcina.rogatec.si\/#website\",\"url\":\"https:\/\/obcina.rogatec.si\/\",\"name\":\"Ob\u010dina Rogatec\",\"description\":\"Uradni spletni portal Ob\u010dine Rogatec\",\"publisher\":{\"@id\":\"https:\/\/obcina.rogatec.si\/#organization\"},\"potentialAction\":[{\"@type\":\"SearchAction\",\"target\":{\"@type\":\"EntryPoint\",\"urlTemplate\":\"https:\/\/obcina.rogatec.si\/?s={search_term_string}\"},\"query-input\":{\"@type\":\"PropertyValueSpecification\",\"valueRequired\":true,\"valueName\":\"search_term_string\"}}],\"inLanguage\":\"sl-SI\"},{\"@type\":\"Organization\",\"@id\":\"https:\/\/obcina.rogatec.si\/#organization\",\"name\":\"Ob\u010dina Rogatec\",\"url\":\"https:\/\/obcina.rogatec.si\/\",\"logo\":{\"@type\":\"ImageObject\",\"inLanguage\":\"sl-SI\",\"@id\":\"https:\/\/obcina.rogatec.si\/#\/schema\/logo\/image\/\",\"url\":\"https:\/\/obcina.rogatec.si\/wp-content\/uploads\/2021\/01\/ObcinaRogatec_col.png\",\"contentUrl\":\"https:\/\/obcina.rogatec.si\/wp-content\/uploads\/2021\/01\/ObcinaRogatec_col.png\",\"width\":275,\"height\":100,\"caption\":\"Ob\u010dina Rogatec\"},\"image\":{\"@id\":\"https:\/\/obcina.rogatec.si\/#\/schema\/logo\/image\/\"},\"sameAs\":[\"https:\/\/www.facebook.com\/VisitRogatec\/\",\"https:\/\/www.instagram.com\/visitrogatec\/\",\"https:\/\/www.youtube.com\/channel\/UC0j4SRaLd9oSppR8hwVd5tw\"]}]}<\/script>\n<!-- \/ Yoast SEO plugin. -->","yoast_head_json":{"title":"DRU\u0160TVO KME\u010cKIH \u017dENA SV. ROK - Ob\u010dina Rogatec","robots":{"index":"index","follow":"follow","max-snippet":"max-snippet:-1","max-image-preview":"max-image-preview:large","max-video-preview":"max-video-preview:-1"},"canonical":"https:\/\/obcina.rogatec.si\/drustva\/drustvo-kmeckih-zena-sv-rok\/","og_locale":"sl_SI","og_type":"article","og_title":"DRU\u0160TVO KME\u010cKIH \u017dENA SV. ROK - Ob\u010dina Rogatec","og_description":"Dru\u0161tvo kme\u010dkih \u017eena Sv. Rok, je bilo ustanovljeno na ob\u010dnem zboru dne 16.2.2003. Dru\u0161tvo je prostovoljno, samostojno in nepridobitno zdru\u017eenje \u017eena in deklet, ki se zdru\u017eujejo zaradi uresni\u010devanja skupnih interesov na podro\u010dju kulture, \u0161porta, ustvarjanja in dru\u017eabnega \u017eivljenja. Dru\u0161tvo deluje na obmo\u010dju KS Dobovec v ob\u010dini Rogatec. &nbsp;","og_url":"https:\/\/obcina.rogatec.si\/drustva\/drustvo-kmeckih-zena-sv-rok\/","og_site_name":"Ob\u010dina Rogatec","article_publisher":"https:\/\/www.facebook.com\/VisitRogatec\/","article_modified_time":"2014-01-23T07:32:04+00:00","og_image":[{"width":1900,"height":1262,"url":"https:\/\/obcina.rogatec.si\/wp-content\/uploads\/2013\/10\/MUZEJ-NA-PROSTEM-ROGATEC.jpg","type":"image\/jpeg"}],"twitter_card":"summary_large_image","schema":{"@context":"https:\/\/schema.org","@graph":[{"@type":"WebPage","@id":"https:\/\/obcina.rogatec.si\/drustva\/drustvo-kmeckih-zena-sv-rok\/","url":"https:\/\/obcina.rogatec.si\/drustva\/drustvo-kmeckih-zena-sv-rok\/","name":"DRU\u0160TVO KME\u010cKIH \u017dENA SV. ROK - Ob\u010dina Rogatec","isPartOf":{"@id":"https:\/\/obcina.rogatec.si\/#website"},"datePublished":"2013-04-07T13:02:53+00:00","dateModified":"2014-01-23T07:32:04+00:00","breadcrumb":{"@id":"https:\/\/obcina.rogatec.si\/drustva\/drustvo-kmeckih-zena-sv-rok\/#breadcrumb"},"inLanguage":"sl-SI","potentialAction":[{"@type":"ReadAction","target":["https:\/\/obcina.rogatec.si\/drustva\/drustvo-kmeckih-zena-sv-rok\/"]}]},{"@type":"BreadcrumbList","@id":"https:\/\/obcina.rogatec.si\/drustva\/drustvo-kmeckih-zena-sv-rok\/#breadcrumb","itemListElement":[{"@type":"ListItem","position":1,"name":"Domov","item":"https:\/\/obcina.rogatec.si\/"},{"@type":"ListItem","position":2,"name":"Dru\u0161tva v ob\u010dini Rogatec","item":"https:\/\/obcina.rogatec.si\/drustva\/"},{"@type":"ListItem","position":3,"name":"DRU\u0160TVO KME\u010cKIH \u017dENA SV. ROK"}]},{"@type":"WebSite","@id":"https:\/\/obcina.rogatec.si\/#website","url":"https:\/\/obcina.rogatec.si\/","name":"Ob\u010dina Rogatec","description":"Uradni spletni portal Ob\u010dine Rogatec","publisher":{"@id":"https:\/\/obcina.rogatec.si\/#organization"},"potentialAction":[{"@type":"SearchAction","target":{"@type":"EntryPoint","urlTemplate":"https:\/\/obcina.rogatec.si\/?s={search_term_string}"},"query-input":{"@type":"PropertyValueSpecification","valueRequired":true,"valueName":"search_term_string"}}],"inLanguage":"sl-SI"},{"@type":"Organization","@id":"https:\/\/obcina.rogatec.si\/#organization","name":"Ob\u010dina Rogatec","url":"https:\/\/obcina.rogatec.si\/","logo":{"@type":"ImageObject","inLanguage":"sl-SI","@id":"https:\/\/obcina.rogatec.si\/#\/schema\/logo\/image\/","url":"https:\/\/obcina.rogatec.si\/wp-content\/uploads\/2021\/01\/ObcinaRogatec_col.png","contentUrl":"https:\/\/obcina.rogatec.si\/wp-content\/uploads\/2021\/01\/ObcinaRogatec_col.png","width":275,"height":100,"caption":"Ob\u010dina Rogatec"},"image":{"@id":"https:\/\/obcina.rogatec.si\/#\/schema\/logo\/image\/"},"sameAs":["https:\/\/www.facebook.com\/VisitRogatec\/","https:\/\/www.instagram.com\/visitrogatec\/","https:\/\/www.youtube.com\/channel\/UC0j4SRaLd9oSppR8hwVd5tw"]}]}},"uagb_featured_image_src":{"full":false,"thumbnail":false,"medium":false,"medium_large":false,"large":false,"1536x1536":false,"2048x2048":false,"XXS":false,"XS":false,"S":false,"M":false,"L":false,"XL":false},"uagb_author_info":{"display_name":"Ob\u010dina Rogatec","author_link":"https:\/\/obcina.rogatec.si\/author\/vedran72\/"},"uagb_comment_info":0,"uagb_excerpt":"Dru\u0161tvo kme\u010dkih \u017eena Sv. Rok, je bilo ustanovljeno na ob\u010dnem zboru dne 16.2.2003. Dru\u0161tvo je prostovoljno, samostojno in nepridobitno zdru\u017eenje \u017eena in deklet, ki se zdru\u017eujejo zaradi uresni\u010devanja skupnih interesov na podro\u010dju kulture, \u0161porta, ustvarjanja in dru\u017eabnega \u017eivljenja. Dru\u0161tvo deluje na obmo\u010dju KS Dobovec v ob\u010dini Rogatec. &nbsp;","_links":{"self":[{"href":"https:\/\/obcina.rogatec.si\/wp-json\/wp\/v2\/pages\/242","targetHints":{"allow":["GET"]}}],"collection":[{"href":"https:\/\/obcina.rogatec.si\/wp-json\/wp\/v2\/pages"}],"about":[{"href":"https:\/\/obcina.rogatec.si\/wp-json\/wp\/v2\/types\/page"}],"author":[{"embeddable":true,"href":"https:\/\/obcina.rogatec.si\/wp-json\/wp\/v2\/users\/1"}],"replies":[{"embeddable":true,"href":"https:\/\/obcina.rogatec.si\/wp-json\/wp\/v2\/comments?post=242"}],"version-history":[{"count":3,"href":"https:\/\/obcina.rogatec.si\/wp-json\/wp\/v2\/pages\/242\/revisions"}],"predecessor-version":[{"id":6199,"href":"https:\/\/obcina.rogatec.si\/wp-json\/wp\/v2\/pages\/242\/revisions\/6199"}],"up":[{"embeddable":true,"href":"https:\/\/obcina.rogatec.si\/wp-json\/wp\/v2\/pages\/209"}],"wp:attachment":[{"href":"https:\/\/obcina.rogatec.si\/wp-json\/wp\/v2\/media?parent=242"}],"curies":[{"name":"wp","href":"https:\/\/api.w.org\/{rel}","templated":true}]}}