{"id":237,"date":"2013-04-07T12:58:48","date_gmt":"2013-04-07T12:58:48","guid":{"rendered":"https:\/\/obcina.rogatec.si\/?page_id=237"},"modified":"2014-01-22T11:57:50","modified_gmt":"2014-01-22T10:57:50","slug":"cebelarsko-drustvo-rogatec","status":"publish","type":"page","link":"https:\/\/obcina.rogatec.si\/drustva\/cebelarsko-drustvo-rogatec\/","title":{"rendered":"\u010cEBELARSKO DRU\u0160TVO ROGATEC"},"content":{"rendered":"<p>\u010cebelarstvo na slovenskem ima dolgo tradicijo, \u017ee v 18 stoletju je velik pe\u010dat v tem delu Evrope pustil najve\u010dji slovenski \u010debelar g. Anton Jan\u0161a, ki je pou\u010deval \u010debelarstvo tudi v Avstriji. V tistih \u010dasih smo imeli \u0161e enega velikega \u010debelarja, to je bil g. Pavel Glavar. Pred drugo svetovno vojno so na\u0161i \u010debelarji v glavnem \u010debelarili s korbi\u010di \u00bbslamnati panji\u00ab, Kranji\u010d, zna\u010dilen slovenski panj, se na tem podro\u010dju ni uveljavil. V petdesetih letih je na na\u0161e \u0160tajersko podro\u010dje prodrl A\u017d panj, s katerim uspe\u0161no \u010debelarimo \u0161e danes. Na\u0161e \u010debelarsko dru\u0161tvo Rogatec sodi med manj\u0161a dru\u0161tva. \u0160tevilo \u010dlanov v dru\u0161tvu se je gibalo od deset v najte\u017ejih \u010dasih in do 30 (leta 1965) na vrhuncu mo\u010di na\u0161e \u010cD, trenutno nas je 13, kar je v zadnjih letih najve\u010d.<\/p>\n<p>Starost na\u0161ih \u010debelarjev je kar visoka, cca 55 let, kar vzbuja velik strah glede prihodnosti \u010debelarjenja v tem koncu Slovenije \u010dez nekaj let. Sicer pa je starej\u0161a populacija med \u010debelarji v Sloveniji \u017ee kar nekaj normalnega. Zelo malo mladih se odlo\u010da za \u010debelarjenje, \u010deprav \u0161e v rani mladosti ka\u017eejo zanimanje za ta lep poklic, ga izgubijo zaradi finan\u010dnega donosa, ki jim ga lahko nudi \u010debelarstvo na slovenskem.<\/p>\n<p>Vsi na\u0161i \u010debelarji, razen enega, \u010debelarimo z A\u017d panji, ki so zlo\u017eeni v skladovnice na\u0161ih \u010debelnjakov.<\/p>\n<p>Na\u0161 pa\u0161ni okoli\u0161 le\u017ei na jugovzhodu na\u0161e de\u017eele in meri cca 40 km2. Razprostira se ob mejni reki Sotli, proti Roga\u0161ki Slatini do Brezovca, nato proti Dona\u010dke gori, vse do meje z ob\u010dino \u017detale in nazaj proti izviru reke Sotle.<\/p>\n<p><a href=\"http:\/\/www.storzek.net\/cebelarstvo-pavlovic\/si\/cd_rogatec\">\u00a0<\/a><\/p>\n","protected":false},"excerpt":{"rendered":"<p>\u010cebelarstvo na slovenskem ima dolgo tradicijo, \u017ee v 18 stoletju je velik pe\u010dat v tem delu Evrope pustil najve\u010dji slovenski \u010debelar g. Anton Jan\u0161a, ki je pou\u010deval \u010debelarstvo tudi v Avstriji. V tistih \u010dasih smo imeli \u0161e enega velikega \u010debelarja, to je bil g. Pavel Glavar. Pred drugo svetovno vojno so na\u0161i \u010debelarji v glavnem [&hellip;]<\/p>\n","protected":false},"author":1,"featured_media":0,"parent":209,"menu_order":10,"comment_status":"open","ping_status":"open","template":"","meta":{"_uag_custom_page_level_css":"","footnotes":""},"class_list":["post-237","page","type-page","status-publish","hentry"],"yoast_head":"<!-- This site is optimized with the Yoast SEO plugin v27.2 - https:\/\/yoast.com\/product\/yoast-seo-wordpress\/ -->\n<title>\u010cEBELARSKO DRU\u0160TVO ROGATEC - Ob\u010dina Rogatec<\/title>\n<meta name=\"robots\" content=\"index, follow, max-snippet:-1, max-image-preview:large, max-video-preview:-1\" \/>\n<link rel=\"canonical\" href=\"https:\/\/obcina.rogatec.si\/drustva\/cebelarsko-drustvo-rogatec\/\" \/>\n<meta property=\"og:locale\" content=\"sl_SI\" \/>\n<meta property=\"og:type\" content=\"article\" \/>\n<meta property=\"og:title\" content=\"\u010cEBELARSKO DRU\u0160TVO ROGATEC - Ob\u010dina Rogatec\" \/>\n<meta property=\"og:description\" content=\"\u010cebelarstvo na slovenskem ima dolgo tradicijo, \u017ee v 18 stoletju je velik pe\u010dat v tem delu Evrope pustil najve\u010dji slovenski \u010debelar g. Anton Jan\u0161a, ki je pou\u010deval \u010debelarstvo tudi v Avstriji. V tistih \u010dasih smo imeli \u0161e enega velikega \u010debelarja, to je bil g. Pavel Glavar. Pred drugo svetovno vojno so na\u0161i \u010debelarji v glavnem [&hellip;]\" \/>\n<meta property=\"og:url\" content=\"https:\/\/obcina.rogatec.si\/drustva\/cebelarsko-drustvo-rogatec\/\" \/>\n<meta property=\"og:site_name\" content=\"Ob\u010dina Rogatec\" \/>\n<meta property=\"article:publisher\" content=\"https:\/\/www.facebook.com\/VisitRogatec\/\" \/>\n<meta property=\"article:modified_time\" content=\"2014-01-22T10:57:50+00:00\" \/>\n<meta property=\"og:image\" content=\"https:\/\/obcina.rogatec.si\/wp-content\/uploads\/2013\/10\/MUZEJ-NA-PROSTEM-ROGATEC.jpg\" \/>\n\t<meta property=\"og:image:width\" content=\"1900\" \/>\n\t<meta property=\"og:image:height\" content=\"1262\" \/>\n\t<meta property=\"og:image:type\" content=\"image\/jpeg\" \/>\n<meta name=\"twitter:card\" content=\"summary_large_image\" \/>\n<meta name=\"twitter:label1\" content=\"Est. reading time\" \/>\n\t<meta name=\"twitter:data1\" content=\"1 minuta\" \/>\n<script type=\"application\/ld+json\" class=\"yoast-schema-graph\">{\"@context\":\"https:\/\/schema.org\",\"@graph\":[{\"@type\":\"WebPage\",\"@id\":\"https:\/\/obcina.rogatec.si\/drustva\/cebelarsko-drustvo-rogatec\/\",\"url\":\"https:\/\/obcina.rogatec.si\/drustva\/cebelarsko-drustvo-rogatec\/\",\"name\":\"\u010cEBELARSKO DRU\u0160TVO ROGATEC - Ob\u010dina Rogatec\",\"isPartOf\":{\"@id\":\"https:\/\/obcina.rogatec.si\/#website\"},\"datePublished\":\"2013-04-07T12:58:48+00:00\",\"dateModified\":\"2014-01-22T10:57:50+00:00\",\"breadcrumb\":{\"@id\":\"https:\/\/obcina.rogatec.si\/drustva\/cebelarsko-drustvo-rogatec\/#breadcrumb\"},\"inLanguage\":\"sl-SI\",\"potentialAction\":[{\"@type\":\"ReadAction\",\"target\":[\"https:\/\/obcina.rogatec.si\/drustva\/cebelarsko-drustvo-rogatec\/\"]}]},{\"@type\":\"BreadcrumbList\",\"@id\":\"https:\/\/obcina.rogatec.si\/drustva\/cebelarsko-drustvo-rogatec\/#breadcrumb\",\"itemListElement\":[{\"@type\":\"ListItem\",\"position\":1,\"name\":\"Domov\",\"item\":\"https:\/\/obcina.rogatec.si\/\"},{\"@type\":\"ListItem\",\"position\":2,\"name\":\"Dru\u0161tva v ob\u010dini Rogatec\",\"item\":\"https:\/\/obcina.rogatec.si\/drustva\/\"},{\"@type\":\"ListItem\",\"position\":3,\"name\":\"\u010cEBELARSKO DRU\u0160TVO ROGATEC\"}]},{\"@type\":\"WebSite\",\"@id\":\"https:\/\/obcina.rogatec.si\/#website\",\"url\":\"https:\/\/obcina.rogatec.si\/\",\"name\":\"Ob\u010dina Rogatec\",\"description\":\"Uradni spletni portal Ob\u010dine Rogatec\",\"publisher\":{\"@id\":\"https:\/\/obcina.rogatec.si\/#organization\"},\"potentialAction\":[{\"@type\":\"SearchAction\",\"target\":{\"@type\":\"EntryPoint\",\"urlTemplate\":\"https:\/\/obcina.rogatec.si\/?s={search_term_string}\"},\"query-input\":{\"@type\":\"PropertyValueSpecification\",\"valueRequired\":true,\"valueName\":\"search_term_string\"}}],\"inLanguage\":\"sl-SI\"},{\"@type\":\"Organization\",\"@id\":\"https:\/\/obcina.rogatec.si\/#organization\",\"name\":\"Ob\u010dina Rogatec\",\"url\":\"https:\/\/obcina.rogatec.si\/\",\"logo\":{\"@type\":\"ImageObject\",\"inLanguage\":\"sl-SI\",\"@id\":\"https:\/\/obcina.rogatec.si\/#\/schema\/logo\/image\/\",\"url\":\"https:\/\/obcina.rogatec.si\/wp-content\/uploads\/2021\/01\/ObcinaRogatec_col.png\",\"contentUrl\":\"https:\/\/obcina.rogatec.si\/wp-content\/uploads\/2021\/01\/ObcinaRogatec_col.png\",\"width\":275,\"height\":100,\"caption\":\"Ob\u010dina Rogatec\"},\"image\":{\"@id\":\"https:\/\/obcina.rogatec.si\/#\/schema\/logo\/image\/\"},\"sameAs\":[\"https:\/\/www.facebook.com\/VisitRogatec\/\",\"https:\/\/www.instagram.com\/visitrogatec\/\",\"https:\/\/www.youtube.com\/channel\/UC0j4SRaLd9oSppR8hwVd5tw\"]}]}<\/script>\n<!-- \/ Yoast SEO plugin. -->","yoast_head_json":{"title":"\u010cEBELARSKO DRU\u0160TVO ROGATEC - Ob\u010dina Rogatec","robots":{"index":"index","follow":"follow","max-snippet":"max-snippet:-1","max-image-preview":"max-image-preview:large","max-video-preview":"max-video-preview:-1"},"canonical":"https:\/\/obcina.rogatec.si\/drustva\/cebelarsko-drustvo-rogatec\/","og_locale":"sl_SI","og_type":"article","og_title":"\u010cEBELARSKO DRU\u0160TVO ROGATEC - Ob\u010dina Rogatec","og_description":"\u010cebelarstvo na slovenskem ima dolgo tradicijo, \u017ee v 18 stoletju je velik pe\u010dat v tem delu Evrope pustil najve\u010dji slovenski \u010debelar g. Anton Jan\u0161a, ki je pou\u010deval \u010debelarstvo tudi v Avstriji. V tistih \u010dasih smo imeli \u0161e enega velikega \u010debelarja, to je bil g. Pavel Glavar. Pred drugo svetovno vojno so na\u0161i \u010debelarji v glavnem [&hellip;]","og_url":"https:\/\/obcina.rogatec.si\/drustva\/cebelarsko-drustvo-rogatec\/","og_site_name":"Ob\u010dina Rogatec","article_publisher":"https:\/\/www.facebook.com\/VisitRogatec\/","article_modified_time":"2014-01-22T10:57:50+00:00","og_image":[{"width":1900,"height":1262,"url":"https:\/\/obcina.rogatec.si\/wp-content\/uploads\/2013\/10\/MUZEJ-NA-PROSTEM-ROGATEC.jpg","type":"image\/jpeg"}],"twitter_card":"summary_large_image","twitter_misc":{"Est. reading time":"1 minuta"},"schema":{"@context":"https:\/\/schema.org","@graph":[{"@type":"WebPage","@id":"https:\/\/obcina.rogatec.si\/drustva\/cebelarsko-drustvo-rogatec\/","url":"https:\/\/obcina.rogatec.si\/drustva\/cebelarsko-drustvo-rogatec\/","name":"\u010cEBELARSKO DRU\u0160TVO ROGATEC - Ob\u010dina Rogatec","isPartOf":{"@id":"https:\/\/obcina.rogatec.si\/#website"},"datePublished":"2013-04-07T12:58:48+00:00","dateModified":"2014-01-22T10:57:50+00:00","breadcrumb":{"@id":"https:\/\/obcina.rogatec.si\/drustva\/cebelarsko-drustvo-rogatec\/#breadcrumb"},"inLanguage":"sl-SI","potentialAction":[{"@type":"ReadAction","target":["https:\/\/obcina.rogatec.si\/drustva\/cebelarsko-drustvo-rogatec\/"]}]},{"@type":"BreadcrumbList","@id":"https:\/\/obcina.rogatec.si\/drustva\/cebelarsko-drustvo-rogatec\/#breadcrumb","itemListElement":[{"@type":"ListItem","position":1,"name":"Domov","item":"https:\/\/obcina.rogatec.si\/"},{"@type":"ListItem","position":2,"name":"Dru\u0161tva v ob\u010dini Rogatec","item":"https:\/\/obcina.rogatec.si\/drustva\/"},{"@type":"ListItem","position":3,"name":"\u010cEBELARSKO DRU\u0160TVO ROGATEC"}]},{"@type":"WebSite","@id":"https:\/\/obcina.rogatec.si\/#website","url":"https:\/\/obcina.rogatec.si\/","name":"Ob\u010dina Rogatec","description":"Uradni spletni portal Ob\u010dine Rogatec","publisher":{"@id":"https:\/\/obcina.rogatec.si\/#organization"},"potentialAction":[{"@type":"SearchAction","target":{"@type":"EntryPoint","urlTemplate":"https:\/\/obcina.rogatec.si\/?s={search_term_string}"},"query-input":{"@type":"PropertyValueSpecification","valueRequired":true,"valueName":"search_term_string"}}],"inLanguage":"sl-SI"},{"@type":"Organization","@id":"https:\/\/obcina.rogatec.si\/#organization","name":"Ob\u010dina Rogatec","url":"https:\/\/obcina.rogatec.si\/","logo":{"@type":"ImageObject","inLanguage":"sl-SI","@id":"https:\/\/obcina.rogatec.si\/#\/schema\/logo\/image\/","url":"https:\/\/obcina.rogatec.si\/wp-content\/uploads\/2021\/01\/ObcinaRogatec_col.png","contentUrl":"https:\/\/obcina.rogatec.si\/wp-content\/uploads\/2021\/01\/ObcinaRogatec_col.png","width":275,"height":100,"caption":"Ob\u010dina Rogatec"},"image":{"@id":"https:\/\/obcina.rogatec.si\/#\/schema\/logo\/image\/"},"sameAs":["https:\/\/www.facebook.com\/VisitRogatec\/","https:\/\/www.instagram.com\/visitrogatec\/","https:\/\/www.youtube.com\/channel\/UC0j4SRaLd9oSppR8hwVd5tw"]}]}},"uagb_featured_image_src":{"full":false,"thumbnail":false,"medium":false,"medium_large":false,"large":false,"1536x1536":false,"2048x2048":false,"XXS":false,"XS":false,"S":false,"M":false,"L":false,"XL":false},"uagb_author_info":{"display_name":"Ob\u010dina Rogatec","author_link":"https:\/\/obcina.rogatec.si\/author\/vedran72\/"},"uagb_comment_info":0,"uagb_excerpt":"\u010cebelarstvo na slovenskem ima dolgo tradicijo, \u017ee v 18 stoletju je velik pe\u010dat v tem delu Evrope pustil najve\u010dji slovenski \u010debelar g. Anton Jan\u0161a, ki je pou\u010deval \u010debelarstvo tudi v Avstriji. V tistih \u010dasih smo imeli \u0161e enega velikega \u010debelarja, to je bil g. Pavel Glavar. Pred drugo svetovno vojno so na\u0161i \u010debelarji v glavnem&hellip;","_links":{"self":[{"href":"https:\/\/obcina.rogatec.si\/wp-json\/wp\/v2\/pages\/237","targetHints":{"allow":["GET"]}}],"collection":[{"href":"https:\/\/obcina.rogatec.si\/wp-json\/wp\/v2\/pages"}],"about":[{"href":"https:\/\/obcina.rogatec.si\/wp-json\/wp\/v2\/types\/page"}],"author":[{"embeddable":true,"href":"https:\/\/obcina.rogatec.si\/wp-json\/wp\/v2\/users\/1"}],"replies":[{"embeddable":true,"href":"https:\/\/obcina.rogatec.si\/wp-json\/wp\/v2\/comments?post=237"}],"version-history":[{"count":3,"href":"https:\/\/obcina.rogatec.si\/wp-json\/wp\/v2\/pages\/237\/revisions"}],"predecessor-version":[{"id":5644,"href":"https:\/\/obcina.rogatec.si\/wp-json\/wp\/v2\/pages\/237\/revisions\/5644"}],"up":[{"embeddable":true,"href":"https:\/\/obcina.rogatec.si\/wp-json\/wp\/v2\/pages\/209"}],"wp:attachment":[{"href":"https:\/\/obcina.rogatec.si\/wp-json\/wp\/v2\/media?parent=237"}],"curies":[{"name":"wp","href":"https:\/\/api.w.org\/{rel}","templated":true}]}}