{"id":235,"date":"2013-04-07T12:57:41","date_gmt":"2013-04-07T12:57:41","guid":{"rendered":"https:\/\/obcina.rogatec.si\/?page_id=235"},"modified":"2014-01-23T08:23:05","modified_gmt":"2014-01-23T07:23:05","slug":"konjeniski-klub-strmol","status":"publish","type":"page","link":"https:\/\/obcina.rogatec.si\/drustva\/konjeniski-klub-strmol\/","title":{"rendered":"KONJENI\u0160KI KLUB STRMOL"},"content":{"rendered":"<div>\n<p><strong>GLAVNE DEJAVNOSTI KLUBA<\/strong><\/p>\n<\/div>\n<p>Skozi vse leto organiziramo in izvajamo strokovne te\u010daje jezdenja z zaklju\u010dnim izpitom na ustrezni ravni. Nahajamo se v osr\u010dju pokrajinskega parka, kar nam nalaga skrb za urejanje in vzdr\u017eevanje konjeni\u0161kega dela. Ukvarjamo se z rekreativnim jahanjem, kar zajema \u0161olo jahanja do nivoja Jaha\u010d 2, po predpisih Konjeni\u0161ke zveze Slovenije in terensko je\u017eo po urejenih, ozna\u010denih in kategoriziranih konjeni\u0161kih poteh. Izvajamo izobra\u017eevalne vikende in izlete, nemalo tematskih dogodkov, sodelujemo v \u0161portni in turisti\u010dni ponudbi kraja, izvajamo poletne tabore ter ostale vsebine za otroke in mladino, obenem pa konjeni\u0161ki klub nudi prostor za dru\u017eenje konjenikov in ljubiteljev konj.<\/p>\n<p><strong>DOPOLNITEV CELOVITE \u0160PORTNE IN TURISTI\u010cNE PONUDBE<\/strong><\/p>\n<p>V neposredni bli\u017eini Rogatca, v naravnem zdravili\u0161\u010du Roga\u0161ka Slatina, vse ve\u010d doma\u010dinov in turistov najde prav\u0161njo mero sprostitve in rekreacije na konjskem hrbtu. Grajsko dvori\u0161\u010de obnovljenega srednjeve\u0161kega gradu Strmol v Rogatcu pa je ob \u0161tevilnih prilo\u017enostih in prireditvah popestreno s konji in jezdeci iz Konjeni\u0161kega kluba Strmol. Ena izmed tovrstnih tematskih prireditev je no\u010d \u010darovnic. V okviru praznovanja Ob\u010dine Rogatec prirejamo dan odprtih vrat.<\/p>\n<p><strong>REKREATIVNO JAHANJE<\/strong><br \/>\nV klubu se ukvarjamo z rekreativnim jahanjem. Nudimo za\u010detno \u0161olo jahanja, kjer se spozna samo delo s konjem, osnovna pravila obna\u0161anja pri konju, kot tudi osnove jahanja v treh hodih. Z nadaljevalnim te\u010dajem dobijo te\u010dajniki izku\u0161nje, poljubno se odlo\u010dijo tudi za treniranje za izpit KZS Jaha\u010d 1 in Jaha\u010d 2. Glede na povpra\u0161evanje organiziramo tudi za\u010detno pripravo na preskakovanje zaprek, osnove dresurnega jahanja in trening za tekmovalno licenco.<strong> <\/strong>Organiziramo intenzivno pripravo in izobra\u017eevanje z zunanjimi gosti &#8211; in\u0161truktorji in sodniki. Terensko jahanje pod vodstvom organiziramo jahalcem, ki so \u017ee izku\u0161eni v jahanju na ravni Jaha\u010d 2. Urejene konjeni\u0161ke poti nudijo spoznavanje pokrajine okoli Rogatca, u\u017eivanje v naravi, sprostitve, za nadebudne pa prav\u0161njo mero adrenalina, hkrati pa ogled naravnih in turisti\u010dnih znamenitosti kraja. Za malo ve\u010d znanja \u017eeljne prirejamo izobra\u017eevalne vikende, kjer udele\u017eence pou\u010dimo o temeljiti negi konja, obna\u0161anju v \u010dredi, teoriji in zgodovini konj, nau\u010dimo jih lon\u017eiranja, premagovanja strahu s konjem, vodenje konja skozi parkur, odpravimo se na terensko je\u017eo, se preizkusimo v jahanju brez sedla, igrah in se popeljemo s ko\u010dijo. Ob\u010dasno izvajamo delavnice za zunanje, kjer se pobli\u017eje spoznajo s konji tudi sami.<\/p>\n<p><strong>IZBRANA VSEBINA ZA OTROKE IN MLADINO<\/strong><\/p>\n<p>Ljubiteljsko dru\u017eenje otrok in mladine v klubu ima \u017ee leta novo vsebino. Za\u017eelene enotedenske po\u010ditnice v zelenem okolju in z intenzivnim programom konjeni\u0161tva, se izvajajo tudi pri nas. Prepletamo \u0161portne, likovne, jezikovne in ustvarjalne aktivnosti, ki jih ponuja Rogatec, spoznavanje ohranjene dedi\u0161\u010dine iz bli\u017enjega pokrajinskega muzeja, prvotno pa poletni jahalni tabor temelji na dru\u017eenju z \u017eivalmi, u\u010denju jahanja, taborni\u0161tvu, u\u017eivanju v neomejenih gozdovih in travnikih. Vse to dobijo otroci v &gt;paketu&lt; OdkloPo\u010ditnice. Odklop zato, ker se za\u010dasa po\u010ditnic odklopijo od mobitelov, ra\u010dunalnikov, televizije ravno s prebivanjem v naravi, pod nebom, v prijateljskem medgeneracijskem dru\u017eenju in ob dnevni skrbi za \u017eivali. Tako \u017ee nekaj let uspe\u0161no organiziramo poletni konjeni\u0161ki tabor za otroke, ki zajema zanimive vsebine, predvsem na temo konjeni\u0161tva in tako otroci s taborjenjem in prebivanjem ter aktivnostmi v naravi pre\u017eivijo nepozaben teden.<\/p>\n<p>&nbsp;<\/p>\n<p><strong>Konjeni\u0161ki klub STRMOL<\/strong><\/p>\n<p>Strmolska 9<br \/>\n3252 Rogatec<\/p>\n<p><a href=\"http:\/\/www.kk-strmol.com\/\">http:\/\/www.kk-strmol.com\/<\/a><\/p>\n<p><a title=\"Facebook\" href=\"http:\/\/www.facebook.com\/pages\/Konjeni%C5%A1ki-klub-Strmol\/205207517616\">Facebook<\/a><\/p>\n<p>&nbsp;<\/p>\n","protected":false},"excerpt":{"rendered":"<p>GLAVNE DEJAVNOSTI KLUBA Skozi vse leto organiziramo in izvajamo strokovne te\u010daje jezdenja z zaklju\u010dnim izpitom na ustrezni ravni. Nahajamo se v osr\u010dju pokrajinskega parka, kar nam nalaga skrb za urejanje in vzdr\u017eevanje konjeni\u0161kega dela. Ukvarjamo se z rekreativnim jahanjem, kar zajema \u0161olo jahanja do nivoja Jaha\u010d 2, po predpisih Konjeni\u0161ke zveze Slovenije in terensko je\u017eo [&hellip;]<\/p>\n","protected":false},"author":1,"featured_media":0,"parent":209,"menu_order":9,"comment_status":"open","ping_status":"open","template":"","meta":{"_uag_custom_page_level_css":"","footnotes":""},"class_list":["post-235","page","type-page","status-publish","hentry"],"yoast_head":"<!-- This site is optimized with the Yoast SEO plugin v27.2 - https:\/\/yoast.com\/product\/yoast-seo-wordpress\/ -->\n<title>KONJENI\u0160KI KLUB STRMOL - Ob\u010dina Rogatec<\/title>\n<meta name=\"robots\" content=\"index, follow, max-snippet:-1, max-image-preview:large, max-video-preview:-1\" \/>\n<link rel=\"canonical\" href=\"https:\/\/obcina.rogatec.si\/drustva\/konjeniski-klub-strmol\/\" \/>\n<meta property=\"og:locale\" content=\"sl_SI\" \/>\n<meta property=\"og:type\" content=\"article\" \/>\n<meta property=\"og:title\" content=\"KONJENI\u0160KI KLUB STRMOL - Ob\u010dina Rogatec\" \/>\n<meta property=\"og:description\" content=\"GLAVNE DEJAVNOSTI KLUBA Skozi vse leto organiziramo in izvajamo strokovne te\u010daje jezdenja z zaklju\u010dnim izpitom na ustrezni ravni. Nahajamo se v osr\u010dju pokrajinskega parka, kar nam nalaga skrb za urejanje in vzdr\u017eevanje konjeni\u0161kega dela. Ukvarjamo se z rekreativnim jahanjem, kar zajema \u0161olo jahanja do nivoja Jaha\u010d 2, po predpisih Konjeni\u0161ke zveze Slovenije in terensko je\u017eo [&hellip;]\" \/>\n<meta property=\"og:url\" content=\"https:\/\/obcina.rogatec.si\/drustva\/konjeniski-klub-strmol\/\" \/>\n<meta property=\"og:site_name\" content=\"Ob\u010dina Rogatec\" \/>\n<meta property=\"article:publisher\" content=\"https:\/\/www.facebook.com\/VisitRogatec\/\" \/>\n<meta property=\"article:modified_time\" content=\"2014-01-23T07:23:05+00:00\" \/>\n<meta property=\"og:image\" content=\"https:\/\/obcina.rogatec.si\/wp-content\/uploads\/2013\/10\/MUZEJ-NA-PROSTEM-ROGATEC.jpg\" \/>\n\t<meta property=\"og:image:width\" content=\"1900\" \/>\n\t<meta property=\"og:image:height\" content=\"1262\" \/>\n\t<meta property=\"og:image:type\" content=\"image\/jpeg\" \/>\n<meta name=\"twitter:card\" content=\"summary_large_image\" \/>\n<meta name=\"twitter:label1\" content=\"Est. reading time\" \/>\n\t<meta name=\"twitter:data1\" content=\"3 minute\" \/>\n<script type=\"application\/ld+json\" class=\"yoast-schema-graph\">{\"@context\":\"https:\/\/schema.org\",\"@graph\":[{\"@type\":\"WebPage\",\"@id\":\"https:\/\/obcina.rogatec.si\/drustva\/konjeniski-klub-strmol\/\",\"url\":\"https:\/\/obcina.rogatec.si\/drustva\/konjeniski-klub-strmol\/\",\"name\":\"KONJENI\u0160KI KLUB STRMOL - Ob\u010dina Rogatec\",\"isPartOf\":{\"@id\":\"https:\/\/obcina.rogatec.si\/#website\"},\"datePublished\":\"2013-04-07T12:57:41+00:00\",\"dateModified\":\"2014-01-23T07:23:05+00:00\",\"breadcrumb\":{\"@id\":\"https:\/\/obcina.rogatec.si\/drustva\/konjeniski-klub-strmol\/#breadcrumb\"},\"inLanguage\":\"sl-SI\",\"potentialAction\":[{\"@type\":\"ReadAction\",\"target\":[\"https:\/\/obcina.rogatec.si\/drustva\/konjeniski-klub-strmol\/\"]}]},{\"@type\":\"BreadcrumbList\",\"@id\":\"https:\/\/obcina.rogatec.si\/drustva\/konjeniski-klub-strmol\/#breadcrumb\",\"itemListElement\":[{\"@type\":\"ListItem\",\"position\":1,\"name\":\"Domov\",\"item\":\"https:\/\/obcina.rogatec.si\/\"},{\"@type\":\"ListItem\",\"position\":2,\"name\":\"Dru\u0161tva v ob\u010dini Rogatec\",\"item\":\"https:\/\/obcina.rogatec.si\/drustva\/\"},{\"@type\":\"ListItem\",\"position\":3,\"name\":\"KONJENI\u0160KI KLUB STRMOL\"}]},{\"@type\":\"WebSite\",\"@id\":\"https:\/\/obcina.rogatec.si\/#website\",\"url\":\"https:\/\/obcina.rogatec.si\/\",\"name\":\"Ob\u010dina Rogatec\",\"description\":\"Uradni spletni portal Ob\u010dine Rogatec\",\"publisher\":{\"@id\":\"https:\/\/obcina.rogatec.si\/#organization\"},\"potentialAction\":[{\"@type\":\"SearchAction\",\"target\":{\"@type\":\"EntryPoint\",\"urlTemplate\":\"https:\/\/obcina.rogatec.si\/?s={search_term_string}\"},\"query-input\":{\"@type\":\"PropertyValueSpecification\",\"valueRequired\":true,\"valueName\":\"search_term_string\"}}],\"inLanguage\":\"sl-SI\"},{\"@type\":\"Organization\",\"@id\":\"https:\/\/obcina.rogatec.si\/#organization\",\"name\":\"Ob\u010dina Rogatec\",\"url\":\"https:\/\/obcina.rogatec.si\/\",\"logo\":{\"@type\":\"ImageObject\",\"inLanguage\":\"sl-SI\",\"@id\":\"https:\/\/obcina.rogatec.si\/#\/schema\/logo\/image\/\",\"url\":\"https:\/\/obcina.rogatec.si\/wp-content\/uploads\/2021\/01\/ObcinaRogatec_col.png\",\"contentUrl\":\"https:\/\/obcina.rogatec.si\/wp-content\/uploads\/2021\/01\/ObcinaRogatec_col.png\",\"width\":275,\"height\":100,\"caption\":\"Ob\u010dina Rogatec\"},\"image\":{\"@id\":\"https:\/\/obcina.rogatec.si\/#\/schema\/logo\/image\/\"},\"sameAs\":[\"https:\/\/www.facebook.com\/VisitRogatec\/\",\"https:\/\/www.instagram.com\/visitrogatec\/\",\"https:\/\/www.youtube.com\/channel\/UC0j4SRaLd9oSppR8hwVd5tw\"]}]}<\/script>\n<!-- \/ Yoast SEO plugin. -->","yoast_head_json":{"title":"KONJENI\u0160KI KLUB STRMOL - Ob\u010dina Rogatec","robots":{"index":"index","follow":"follow","max-snippet":"max-snippet:-1","max-image-preview":"max-image-preview:large","max-video-preview":"max-video-preview:-1"},"canonical":"https:\/\/obcina.rogatec.si\/drustva\/konjeniski-klub-strmol\/","og_locale":"sl_SI","og_type":"article","og_title":"KONJENI\u0160KI KLUB STRMOL - Ob\u010dina Rogatec","og_description":"GLAVNE DEJAVNOSTI KLUBA Skozi vse leto organiziramo in izvajamo strokovne te\u010daje jezdenja z zaklju\u010dnim izpitom na ustrezni ravni. Nahajamo se v osr\u010dju pokrajinskega parka, kar nam nalaga skrb za urejanje in vzdr\u017eevanje konjeni\u0161kega dela. Ukvarjamo se z rekreativnim jahanjem, kar zajema \u0161olo jahanja do nivoja Jaha\u010d 2, po predpisih Konjeni\u0161ke zveze Slovenije in terensko je\u017eo [&hellip;]","og_url":"https:\/\/obcina.rogatec.si\/drustva\/konjeniski-klub-strmol\/","og_site_name":"Ob\u010dina Rogatec","article_publisher":"https:\/\/www.facebook.com\/VisitRogatec\/","article_modified_time":"2014-01-23T07:23:05+00:00","og_image":[{"width":1900,"height":1262,"url":"https:\/\/obcina.rogatec.si\/wp-content\/uploads\/2013\/10\/MUZEJ-NA-PROSTEM-ROGATEC.jpg","type":"image\/jpeg"}],"twitter_card":"summary_large_image","twitter_misc":{"Est. reading time":"3 minute"},"schema":{"@context":"https:\/\/schema.org","@graph":[{"@type":"WebPage","@id":"https:\/\/obcina.rogatec.si\/drustva\/konjeniski-klub-strmol\/","url":"https:\/\/obcina.rogatec.si\/drustva\/konjeniski-klub-strmol\/","name":"KONJENI\u0160KI KLUB STRMOL - Ob\u010dina Rogatec","isPartOf":{"@id":"https:\/\/obcina.rogatec.si\/#website"},"datePublished":"2013-04-07T12:57:41+00:00","dateModified":"2014-01-23T07:23:05+00:00","breadcrumb":{"@id":"https:\/\/obcina.rogatec.si\/drustva\/konjeniski-klub-strmol\/#breadcrumb"},"inLanguage":"sl-SI","potentialAction":[{"@type":"ReadAction","target":["https:\/\/obcina.rogatec.si\/drustva\/konjeniski-klub-strmol\/"]}]},{"@type":"BreadcrumbList","@id":"https:\/\/obcina.rogatec.si\/drustva\/konjeniski-klub-strmol\/#breadcrumb","itemListElement":[{"@type":"ListItem","position":1,"name":"Domov","item":"https:\/\/obcina.rogatec.si\/"},{"@type":"ListItem","position":2,"name":"Dru\u0161tva v ob\u010dini Rogatec","item":"https:\/\/obcina.rogatec.si\/drustva\/"},{"@type":"ListItem","position":3,"name":"KONJENI\u0160KI KLUB STRMOL"}]},{"@type":"WebSite","@id":"https:\/\/obcina.rogatec.si\/#website","url":"https:\/\/obcina.rogatec.si\/","name":"Ob\u010dina Rogatec","description":"Uradni spletni portal Ob\u010dine Rogatec","publisher":{"@id":"https:\/\/obcina.rogatec.si\/#organization"},"potentialAction":[{"@type":"SearchAction","target":{"@type":"EntryPoint","urlTemplate":"https:\/\/obcina.rogatec.si\/?s={search_term_string}"},"query-input":{"@type":"PropertyValueSpecification","valueRequired":true,"valueName":"search_term_string"}}],"inLanguage":"sl-SI"},{"@type":"Organization","@id":"https:\/\/obcina.rogatec.si\/#organization","name":"Ob\u010dina Rogatec","url":"https:\/\/obcina.rogatec.si\/","logo":{"@type":"ImageObject","inLanguage":"sl-SI","@id":"https:\/\/obcina.rogatec.si\/#\/schema\/logo\/image\/","url":"https:\/\/obcina.rogatec.si\/wp-content\/uploads\/2021\/01\/ObcinaRogatec_col.png","contentUrl":"https:\/\/obcina.rogatec.si\/wp-content\/uploads\/2021\/01\/ObcinaRogatec_col.png","width":275,"height":100,"caption":"Ob\u010dina Rogatec"},"image":{"@id":"https:\/\/obcina.rogatec.si\/#\/schema\/logo\/image\/"},"sameAs":["https:\/\/www.facebook.com\/VisitRogatec\/","https:\/\/www.instagram.com\/visitrogatec\/","https:\/\/www.youtube.com\/channel\/UC0j4SRaLd9oSppR8hwVd5tw"]}]}},"uagb_featured_image_src":{"full":false,"thumbnail":false,"medium":false,"medium_large":false,"large":false,"1536x1536":false,"2048x2048":false,"XXS":false,"XS":false,"S":false,"M":false,"L":false,"XL":false},"uagb_author_info":{"display_name":"Ob\u010dina Rogatec","author_link":"https:\/\/obcina.rogatec.si\/author\/vedran72\/"},"uagb_comment_info":0,"uagb_excerpt":"GLAVNE DEJAVNOSTI KLUBA Skozi vse leto organiziramo in izvajamo strokovne te\u010daje jezdenja z zaklju\u010dnim izpitom na ustrezni ravni. Nahajamo se v osr\u010dju pokrajinskega parka, kar nam nalaga skrb za urejanje in vzdr\u017eevanje konjeni\u0161kega dela. Ukvarjamo se z rekreativnim jahanjem, kar zajema \u0161olo jahanja do nivoja Jaha\u010d 2, po predpisih Konjeni\u0161ke zveze Slovenije in terensko je\u017eo&hellip;","_links":{"self":[{"href":"https:\/\/obcina.rogatec.si\/wp-json\/wp\/v2\/pages\/235","targetHints":{"allow":["GET"]}}],"collection":[{"href":"https:\/\/obcina.rogatec.si\/wp-json\/wp\/v2\/pages"}],"about":[{"href":"https:\/\/obcina.rogatec.si\/wp-json\/wp\/v2\/types\/page"}],"author":[{"embeddable":true,"href":"https:\/\/obcina.rogatec.si\/wp-json\/wp\/v2\/users\/1"}],"replies":[{"embeddable":true,"href":"https:\/\/obcina.rogatec.si\/wp-json\/wp\/v2\/comments?post=235"}],"version-history":[{"count":5,"href":"https:\/\/obcina.rogatec.si\/wp-json\/wp\/v2\/pages\/235\/revisions"}],"predecessor-version":[{"id":6196,"href":"https:\/\/obcina.rogatec.si\/wp-json\/wp\/v2\/pages\/235\/revisions\/6196"}],"up":[{"embeddable":true,"href":"https:\/\/obcina.rogatec.si\/wp-json\/wp\/v2\/pages\/209"}],"wp:attachment":[{"href":"https:\/\/obcina.rogatec.si\/wp-json\/wp\/v2\/media?parent=235"}],"curies":[{"name":"wp","href":"https:\/\/api.w.org\/{rel}","templated":true}]}}