{"id":231,"date":"2013-04-07T12:54:43","date_gmt":"2013-04-07T12:54:43","guid":{"rendered":"https:\/\/obcina.rogatec.si\/?page_id=231"},"modified":"2013-04-07T12:54:43","modified_gmt":"2013-04-07T12:54:43","slug":"drustvo-zena-donacka-gora","status":"publish","type":"page","link":"https:\/\/obcina.rogatec.si\/drustva\/drustvo-zena-donacka-gora\/","title":{"rendered":"DRU\u0160TVO \u017dENA DONA\u010cKA GORA"},"content":{"rendered":"<p>Dru\u0161tvo \u017eena Dona\u010dka gora je bilo ustanovljeno 01.12.2000 na pobudo kme\u010dkih \u017eena iz KS Dona\u010dka gora, z namenom, da povezujemo kme\u010dke in pode\u017eeljske \u017eene, skrbimo za njihovo izobra\u017eevanje, prena\u0161amo dobre prakse, izvajamo dru\u017eabne in kulturne aktivnosti ter dvignemo raven kakovosti \u017eivljenja na pode\u017eelju. V letih dru\u017eenja smo znotraj dru\u0161tva organizirale razne izobra\u017eevalne te\u010daje, predavanja, ekskurzije ter razli\u010dne delavnice, kajti na\u0161 glavni namen je v dru\u017eenju, kajti dru\u017eenje je pomembno za povezovanje ljudi in s tem izmenjave dobrih izku\u0161enj. PLAN DELA ZA LETO 2007<\/p>\n<p>V letu 2007 bomo izvedli kar nekaj prireditev in vse obiskovalce te spletne strani vabimo, da se nam na kak\u0161ni prireditvi tudi pridru\u017eijo in do\u017eivijo kako \u00bblu\u0161tno\u00ab je pri nas pod Dona\u010dko goro. Vsi obiskovalci so pri nas vedno dobrodo\u0161li in se veselimo njihovega obiska.<\/p>\n<p>V leto\u0161njem letu planiramo naslednje prireditve:<\/p>\n<p>Materinski dan dne 24.03.2007, ob 15.uri v prostorih Va\u0161ko-gasilskega doma pod Dona\u010dko goro. Vabljene vse mame, dekleta in \u017eene iz KS Dona\u010dka gora. Nastopali bodo otroci iz podru\u017eni\u010dne \u0161ole Dona\u010dka gora ter ostali doma\u010dini.<\/p>\n<p>Velikono\u010dno razstavo 06.04. ter 07.04. v prostorih Va\u0161ko-gasilskega doma pod Dona\u010dko goro. Razstavo bomo odprli 6.aprila v popoldanskem \u010dasu ter zaprli naslednjega dne v popoldanskem \u010dasu. Rastavljene bodo dobrote na temo \u00bbVelika no\u010d\u00ab. Na\u0161e izdelke bo mo\u017eno tudi kupiti. Vabljeni vsi tisti, ki jih razstava zanima.<\/p>\n<p>Prireditev \u00bbZaigrajmo in zapojmo pod Dona\u010dko goro\u00ab v nedeljo 15. aprila 2007 v prostorih Va\u0161ko-gasilskega doma pod Dona\u010dko goro, ob 15. uri. Vsi, ki bi se radi predstavili se lahko do 11.04.2007 prijavite ga. Mileni Kova\u010di\u010d na tel. 03\/ 582-76-60. Ostale obiskovalce pa vabimo k ogledu te prireditve.<\/p>\n<p>Tradicionalna prireditev \u00bbTekma \u017eanjic\u00ab v nedeljo 15.07.2007, ob 15.uri pred Va\u0161ko-gasilskim domom pod Dona\u010dko goro. Izvedle bomo tekmo v \u017eetju \u017eita, za tem pa sledi veselica s priznanim doma\u010dim ansamblom ter tudi za jeda\u010do in pija\u010do bo poskrbljeno. Vljudno vabljeni! V primeru de\u017eja se prireditev izvede naslednjo nedeljo.<\/p>\n<p>Prvo nedeljo v mesecu avgustu nas bo mogo\u010de videti tudi na \u00bbKme\u010dkem prazniku\u00ab v Polj\u010danah.<\/p>\n<p>Predstavile se bomo tudi na Mednarodnem obrtnem cejmu v Celju.<\/p>\n<p>Enkrat mese\u010dno bomo tudi prodajale svoje dobrote na stojnici pred Mercatorjem, datumi prodaje bodo objavljeni v TIC-u, ki ga prejmete po po\u0161ti.<\/p>\n<p><strong>Dru\u0161tvo \u017eena Dona\u010dka gora<\/strong><br \/>\nDona\u010dka gora 4 a<br \/>\n3252 Rogatec<\/p>\n<p>Kontaktna oseba:<br \/>\n<strong>Predsednica:<\/strong><br \/>\nGa. Milena Kova\u010di\u010d<br \/>\nTelefon: 03\/58-27-660<br \/>\nMobitel: 041-598-691<\/p>\n","protected":false},"excerpt":{"rendered":"<p>Dru\u0161tvo \u017eena Dona\u010dka gora je bilo ustanovljeno 01.12.2000 na pobudo kme\u010dkih \u017eena iz KS Dona\u010dka gora, z namenom, da povezujemo kme\u010dke in pode\u017eeljske \u017eene, skrbimo za njihovo izobra\u017eevanje, prena\u0161amo dobre prakse, izvajamo dru\u017eabne in kulturne aktivnosti ter dvignemo raven kakovosti \u017eivljenja na pode\u017eelju. V letih dru\u017eenja smo znotraj dru\u0161tva organizirale razne izobra\u017eevalne te\u010daje, predavanja, ekskurzije [&hellip;]<\/p>\n","protected":false},"author":1,"featured_media":0,"parent":209,"menu_order":7,"comment_status":"open","ping_status":"open","template":"","meta":{"_uag_custom_page_level_css":"","footnotes":""},"class_list":["post-231","page","type-page","status-publish","hentry"],"yoast_head":"<!-- This site is optimized with the Yoast SEO plugin v27.2 - https:\/\/yoast.com\/product\/yoast-seo-wordpress\/ -->\n<title>DRU\u0160TVO \u017dENA DONA\u010cKA GORA - Ob\u010dina Rogatec<\/title>\n<meta name=\"robots\" content=\"index, follow, max-snippet:-1, max-image-preview:large, max-video-preview:-1\" \/>\n<link rel=\"canonical\" href=\"https:\/\/obcina.rogatec.si\/drustva\/drustvo-zena-donacka-gora\/\" \/>\n<meta property=\"og:locale\" content=\"sl_SI\" \/>\n<meta property=\"og:type\" content=\"article\" \/>\n<meta property=\"og:title\" content=\"DRU\u0160TVO \u017dENA DONA\u010cKA GORA - Ob\u010dina Rogatec\" \/>\n<meta property=\"og:description\" content=\"Dru\u0161tvo \u017eena Dona\u010dka gora je bilo ustanovljeno 01.12.2000 na pobudo kme\u010dkih \u017eena iz KS Dona\u010dka gora, z namenom, da povezujemo kme\u010dke in pode\u017eeljske \u017eene, skrbimo za njihovo izobra\u017eevanje, prena\u0161amo dobre prakse, izvajamo dru\u017eabne in kulturne aktivnosti ter dvignemo raven kakovosti \u017eivljenja na pode\u017eelju. V letih dru\u017eenja smo znotraj dru\u0161tva organizirale razne izobra\u017eevalne te\u010daje, predavanja, ekskurzije [&hellip;]\" \/>\n<meta property=\"og:url\" content=\"https:\/\/obcina.rogatec.si\/drustva\/drustvo-zena-donacka-gora\/\" \/>\n<meta property=\"og:site_name\" content=\"Ob\u010dina Rogatec\" \/>\n<meta property=\"article:publisher\" content=\"https:\/\/www.facebook.com\/VisitRogatec\/\" \/>\n<meta property=\"og:image\" content=\"https:\/\/obcina.rogatec.si\/wp-content\/uploads\/2013\/10\/MUZEJ-NA-PROSTEM-ROGATEC.jpg\" \/>\n\t<meta property=\"og:image:width\" content=\"1900\" \/>\n\t<meta property=\"og:image:height\" content=\"1262\" \/>\n\t<meta property=\"og:image:type\" content=\"image\/jpeg\" \/>\n<meta name=\"twitter:card\" content=\"summary_large_image\" \/>\n<meta name=\"twitter:label1\" content=\"Est. reading time\" \/>\n\t<meta name=\"twitter:data1\" content=\"2 minuti\" \/>\n<script type=\"application\/ld+json\" class=\"yoast-schema-graph\">{\"@context\":\"https:\/\/schema.org\",\"@graph\":[{\"@type\":\"WebPage\",\"@id\":\"https:\/\/obcina.rogatec.si\/drustva\/drustvo-zena-donacka-gora\/\",\"url\":\"https:\/\/obcina.rogatec.si\/drustva\/drustvo-zena-donacka-gora\/\",\"name\":\"DRU\u0160TVO \u017dENA DONA\u010cKA GORA - Ob\u010dina Rogatec\",\"isPartOf\":{\"@id\":\"https:\/\/obcina.rogatec.si\/#website\"},\"datePublished\":\"2013-04-07T12:54:43+00:00\",\"breadcrumb\":{\"@id\":\"https:\/\/obcina.rogatec.si\/drustva\/drustvo-zena-donacka-gora\/#breadcrumb\"},\"inLanguage\":\"sl-SI\",\"potentialAction\":[{\"@type\":\"ReadAction\",\"target\":[\"https:\/\/obcina.rogatec.si\/drustva\/drustvo-zena-donacka-gora\/\"]}]},{\"@type\":\"BreadcrumbList\",\"@id\":\"https:\/\/obcina.rogatec.si\/drustva\/drustvo-zena-donacka-gora\/#breadcrumb\",\"itemListElement\":[{\"@type\":\"ListItem\",\"position\":1,\"name\":\"Domov\",\"item\":\"https:\/\/obcina.rogatec.si\/\"},{\"@type\":\"ListItem\",\"position\":2,\"name\":\"Dru\u0161tva v ob\u010dini Rogatec\",\"item\":\"https:\/\/obcina.rogatec.si\/drustva\/\"},{\"@type\":\"ListItem\",\"position\":3,\"name\":\"DRU\u0160TVO \u017dENA DONA\u010cKA GORA\"}]},{\"@type\":\"WebSite\",\"@id\":\"https:\/\/obcina.rogatec.si\/#website\",\"url\":\"https:\/\/obcina.rogatec.si\/\",\"name\":\"Ob\u010dina Rogatec\",\"description\":\"Uradni spletni portal Ob\u010dine Rogatec\",\"publisher\":{\"@id\":\"https:\/\/obcina.rogatec.si\/#organization\"},\"potentialAction\":[{\"@type\":\"SearchAction\",\"target\":{\"@type\":\"EntryPoint\",\"urlTemplate\":\"https:\/\/obcina.rogatec.si\/?s={search_term_string}\"},\"query-input\":{\"@type\":\"PropertyValueSpecification\",\"valueRequired\":true,\"valueName\":\"search_term_string\"}}],\"inLanguage\":\"sl-SI\"},{\"@type\":\"Organization\",\"@id\":\"https:\/\/obcina.rogatec.si\/#organization\",\"name\":\"Ob\u010dina Rogatec\",\"url\":\"https:\/\/obcina.rogatec.si\/\",\"logo\":{\"@type\":\"ImageObject\",\"inLanguage\":\"sl-SI\",\"@id\":\"https:\/\/obcina.rogatec.si\/#\/schema\/logo\/image\/\",\"url\":\"https:\/\/obcina.rogatec.si\/wp-content\/uploads\/2021\/01\/ObcinaRogatec_col.png\",\"contentUrl\":\"https:\/\/obcina.rogatec.si\/wp-content\/uploads\/2021\/01\/ObcinaRogatec_col.png\",\"width\":275,\"height\":100,\"caption\":\"Ob\u010dina Rogatec\"},\"image\":{\"@id\":\"https:\/\/obcina.rogatec.si\/#\/schema\/logo\/image\/\"},\"sameAs\":[\"https:\/\/www.facebook.com\/VisitRogatec\/\",\"https:\/\/www.instagram.com\/visitrogatec\/\",\"https:\/\/www.youtube.com\/channel\/UC0j4SRaLd9oSppR8hwVd5tw\"]}]}<\/script>\n<!-- \/ Yoast SEO plugin. -->","yoast_head_json":{"title":"DRU\u0160TVO \u017dENA DONA\u010cKA GORA - Ob\u010dina Rogatec","robots":{"index":"index","follow":"follow","max-snippet":"max-snippet:-1","max-image-preview":"max-image-preview:large","max-video-preview":"max-video-preview:-1"},"canonical":"https:\/\/obcina.rogatec.si\/drustva\/drustvo-zena-donacka-gora\/","og_locale":"sl_SI","og_type":"article","og_title":"DRU\u0160TVO \u017dENA DONA\u010cKA GORA - Ob\u010dina Rogatec","og_description":"Dru\u0161tvo \u017eena Dona\u010dka gora je bilo ustanovljeno 01.12.2000 na pobudo kme\u010dkih \u017eena iz KS Dona\u010dka gora, z namenom, da povezujemo kme\u010dke in pode\u017eeljske \u017eene, skrbimo za njihovo izobra\u017eevanje, prena\u0161amo dobre prakse, izvajamo dru\u017eabne in kulturne aktivnosti ter dvignemo raven kakovosti \u017eivljenja na pode\u017eelju. V letih dru\u017eenja smo znotraj dru\u0161tva organizirale razne izobra\u017eevalne te\u010daje, predavanja, ekskurzije [&hellip;]","og_url":"https:\/\/obcina.rogatec.si\/drustva\/drustvo-zena-donacka-gora\/","og_site_name":"Ob\u010dina Rogatec","article_publisher":"https:\/\/www.facebook.com\/VisitRogatec\/","og_image":[{"width":1900,"height":1262,"url":"https:\/\/obcina.rogatec.si\/wp-content\/uploads\/2013\/10\/MUZEJ-NA-PROSTEM-ROGATEC.jpg","type":"image\/jpeg"}],"twitter_card":"summary_large_image","twitter_misc":{"Est. reading time":"2 minuti"},"schema":{"@context":"https:\/\/schema.org","@graph":[{"@type":"WebPage","@id":"https:\/\/obcina.rogatec.si\/drustva\/drustvo-zena-donacka-gora\/","url":"https:\/\/obcina.rogatec.si\/drustva\/drustvo-zena-donacka-gora\/","name":"DRU\u0160TVO \u017dENA DONA\u010cKA GORA - Ob\u010dina Rogatec","isPartOf":{"@id":"https:\/\/obcina.rogatec.si\/#website"},"datePublished":"2013-04-07T12:54:43+00:00","breadcrumb":{"@id":"https:\/\/obcina.rogatec.si\/drustva\/drustvo-zena-donacka-gora\/#breadcrumb"},"inLanguage":"sl-SI","potentialAction":[{"@type":"ReadAction","target":["https:\/\/obcina.rogatec.si\/drustva\/drustvo-zena-donacka-gora\/"]}]},{"@type":"BreadcrumbList","@id":"https:\/\/obcina.rogatec.si\/drustva\/drustvo-zena-donacka-gora\/#breadcrumb","itemListElement":[{"@type":"ListItem","position":1,"name":"Domov","item":"https:\/\/obcina.rogatec.si\/"},{"@type":"ListItem","position":2,"name":"Dru\u0161tva v ob\u010dini Rogatec","item":"https:\/\/obcina.rogatec.si\/drustva\/"},{"@type":"ListItem","position":3,"name":"DRU\u0160TVO \u017dENA DONA\u010cKA GORA"}]},{"@type":"WebSite","@id":"https:\/\/obcina.rogatec.si\/#website","url":"https:\/\/obcina.rogatec.si\/","name":"Ob\u010dina Rogatec","description":"Uradni spletni portal Ob\u010dine Rogatec","publisher":{"@id":"https:\/\/obcina.rogatec.si\/#organization"},"potentialAction":[{"@type":"SearchAction","target":{"@type":"EntryPoint","urlTemplate":"https:\/\/obcina.rogatec.si\/?s={search_term_string}"},"query-input":{"@type":"PropertyValueSpecification","valueRequired":true,"valueName":"search_term_string"}}],"inLanguage":"sl-SI"},{"@type":"Organization","@id":"https:\/\/obcina.rogatec.si\/#organization","name":"Ob\u010dina Rogatec","url":"https:\/\/obcina.rogatec.si\/","logo":{"@type":"ImageObject","inLanguage":"sl-SI","@id":"https:\/\/obcina.rogatec.si\/#\/schema\/logo\/image\/","url":"https:\/\/obcina.rogatec.si\/wp-content\/uploads\/2021\/01\/ObcinaRogatec_col.png","contentUrl":"https:\/\/obcina.rogatec.si\/wp-content\/uploads\/2021\/01\/ObcinaRogatec_col.png","width":275,"height":100,"caption":"Ob\u010dina Rogatec"},"image":{"@id":"https:\/\/obcina.rogatec.si\/#\/schema\/logo\/image\/"},"sameAs":["https:\/\/www.facebook.com\/VisitRogatec\/","https:\/\/www.instagram.com\/visitrogatec\/","https:\/\/www.youtube.com\/channel\/UC0j4SRaLd9oSppR8hwVd5tw"]}]}},"uagb_featured_image_src":{"full":false,"thumbnail":false,"medium":false,"medium_large":false,"large":false,"1536x1536":false,"2048x2048":false,"XXS":false,"XS":false,"S":false,"M":false,"L":false,"XL":false},"uagb_author_info":{"display_name":"Ob\u010dina Rogatec","author_link":"https:\/\/obcina.rogatec.si\/author\/vedran72\/"},"uagb_comment_info":0,"uagb_excerpt":"Dru\u0161tvo \u017eena Dona\u010dka gora je bilo ustanovljeno 01.12.2000 na pobudo kme\u010dkih \u017eena iz KS Dona\u010dka gora, z namenom, da povezujemo kme\u010dke in pode\u017eeljske \u017eene, skrbimo za njihovo izobra\u017eevanje, prena\u0161amo dobre prakse, izvajamo dru\u017eabne in kulturne aktivnosti ter dvignemo raven kakovosti \u017eivljenja na pode\u017eelju. V letih dru\u017eenja smo znotraj dru\u0161tva organizirale razne izobra\u017eevalne te\u010daje, predavanja, ekskurzije&hellip;","_links":{"self":[{"href":"https:\/\/obcina.rogatec.si\/wp-json\/wp\/v2\/pages\/231","targetHints":{"allow":["GET"]}}],"collection":[{"href":"https:\/\/obcina.rogatec.si\/wp-json\/wp\/v2\/pages"}],"about":[{"href":"https:\/\/obcina.rogatec.si\/wp-json\/wp\/v2\/types\/page"}],"author":[{"embeddable":true,"href":"https:\/\/obcina.rogatec.si\/wp-json\/wp\/v2\/users\/1"}],"replies":[{"embeddable":true,"href":"https:\/\/obcina.rogatec.si\/wp-json\/wp\/v2\/comments?post=231"}],"version-history":[{"count":1,"href":"https:\/\/obcina.rogatec.si\/wp-json\/wp\/v2\/pages\/231\/revisions"}],"predecessor-version":[{"id":232,"href":"https:\/\/obcina.rogatec.si\/wp-json\/wp\/v2\/pages\/231\/revisions\/232"}],"up":[{"embeddable":true,"href":"https:\/\/obcina.rogatec.si\/wp-json\/wp\/v2\/pages\/209"}],"wp:attachment":[{"href":"https:\/\/obcina.rogatec.si\/wp-json\/wp\/v2\/media?parent=231"}],"curies":[{"name":"wp","href":"https:\/\/api.w.org\/{rel}","templated":true}]}}