{"id":230,"date":"2013-04-07T12:53:23","date_gmt":"2013-04-07T12:53:23","guid":{"rendered":"https:\/\/obcina.rogatec.si\/?page_id=230"},"modified":"2022-04-15T06:50:41","modified_gmt":"2022-04-15T04:50:41","slug":"drustvo-zena-rogatec","status":"publish","type":"page","link":"https:\/\/obcina.rogatec.si\/drustva\/drustvo-zena-rogatec\/","title":{"rendered":"DRU\u0160TVO \u017dENA ROGATEC"},"content":{"rendered":"<p>Dru\u0161tvo \u017eena ob\u010dine Rogatec deluje, kot registrirano dru\u0161tvo, od leta 1985 naprej, \u010deprav so bile \u017eenske organizirane \u017ee veliko prej, ko so pripravljale predvsem prireditve ob dnevu \u017eena in organizirale izlete.<\/p>\n<p>Od leta 1985 pa se program dru\u0161tva nenehno \u0161iri, spreminja in prilagaja potrebam ob\u010dine Rogatec, v kateri deluje in jo \u017eeli tudi promovirati izven ob\u010dinskih meja.<\/p>\n<p>Dru\u0161tvo ima okrog\u00a0 90\u010dlanic, katere se udele\u017eujejo vsakoletne prireditve ob dnevu \u017eena in materinskemu dnevu. Zelo dobro so obiskane tudi kulinari\u010dne delavnice, ki se izvajajo v jesenskih in zimskih mesecih. Na njih se pripravljajo razli\u010dne jedi, znane in nekoliko manj znane. Trenutno se izvaja mednarodna kuhinja, kjer posamezniki iz razli\u010dnih dr\u017eav, ki \u017eivijo v\u00a0 ob\u010dini Rogatec, pripravljajo jedi svojih mati\u010dnih dr\u017eav.<\/p>\n<p>Dru\u0161tvo pripravi skoraj vsako leto kak\u0161no odmevno razstavo, bodisi samostojno, ali v sodelovanju z drugimi dru\u0161tvi. Tovrstno sodelovanje dru\u0161tvo zelo podpira in neguje, saj se s skupnimi mo\u010dmi da narediti zelo veliko dobrih projektov.<\/p>\n<p>\u010clanice dru\u0161tva se na povabilo organizatorjev iz drugih ob\u010din zelo rade udele\u017eujejo raznih tekmovanj, predvsem v pripravi hrane (Tekmovanje v izdelovanju doma\u010dih rezancev v Dra\u017eencih pri Ptuju, Kuhanje bu\u010dne juhe v Pod\u010detrku, Priprava \u0161trudla v Podsredi, Tekmovanje v pra\u017eenju krompirja v Dornavi itd). Glavni namen tak\u0161nega udele\u017eevanja je nabiranje izku\u0161enj, predvsem pa promocija ob\u010dine, v kateri dru\u0161tvo deluje.<\/p>\n<p>Velik del delovanja dru\u0161tva obsega tudi priprava pogostitve in stre\u017eba na raznih dogodkih in prireditvah v ob\u010dini (ob\u010dinski praznik, farno \u017eegnanje, bo\u017ei\u010dno novoletna tr\u017enica itd). S svojimi dobrotami \u010dlanice dru\u0161tva sodelujejo pri ve\u010dini dru\u017eabnih dogodkov v Rogatcu.<\/p>\n<p>Celo jesensko in zimsko obdobje je organizirana tudi telovadba, pod vodstvom fizioterapevtke, v \u0161portni dvorani. Dru\u0161tvo vsako leto organizira tudi izlet za svoje \u010dlanice.<\/p>\n<p>Zelo dobro so obiskana tudi razna predavanja in ustvarjalne delavnice.<\/p>\n<p>Vse kar dru\u0161tvo dela in ustvarja, dela za svoje krajanke in krajane, zato se vsake udele\u017ebe, pohvale, pa tudi novih idej zelo veselimo.<\/p>\n<p>&nbsp;<\/p>\n<p>Pripravila: Majda Kramberger<\/p>\n<p>&nbsp;<\/p>\n<p><a href=\"https:\/\/obcina.rogatec.si\/wp-content\/uploads\/2013\/04\/D\u017d-ROGATEC.jpg\"><img loading=\"lazy\" decoding=\"async\" class=\"size-medium wp-image-6156 alignnone\" src=\"https:\/\/obcina.rogatec.si\/wp-content\/uploads\/2013\/04\/D\u017d-ROGATEC-300x215.jpg\" alt=\"D\u017d ROGATEC\" width=\"300\" height=\"215\" srcset=\"https:\/\/obcina.rogatec.si\/wp-content\/uploads\/2013\/04\/D\u017d-ROGATEC-300x215.jpg 300w, https:\/\/obcina.rogatec.si\/wp-content\/uploads\/2013\/04\/D\u017d-ROGATEC.jpg 811w\" sizes=\"auto, (max-width: 300px) 100vw, 300px\" \/><\/a><\/p>\n<p>Glavna &#8220;udarni\u0161ka ekipa&#8221;<\/p>\n<p><a href=\"https:\/\/obcina.rogatec.si\/wp-content\/uploads\/2013\/04\/D\u017d-ROGATEC3.jpg\"><img loading=\"lazy\" decoding=\"async\" class=\"size-medium wp-image-6159 alignnone\" src=\"https:\/\/obcina.rogatec.si\/wp-content\/uploads\/2013\/04\/D\u017d-ROGATEC3-300x229.jpg\" alt=\"D\u017d ROGATEC3\" width=\"300\" height=\"229\" srcset=\"https:\/\/obcina.rogatec.si\/wp-content\/uploads\/2013\/04\/D\u017d-ROGATEC3-300x229.jpg 300w, https:\/\/obcina.rogatec.si\/wp-content\/uploads\/2013\/04\/D\u017d-ROGATEC3.jpg 941w\" sizes=\"auto, (max-width: 300px) 100vw, 300px\" \/><\/a><\/p>\n<p style=\"text-align: left;\">Tekmovanje v pra\u017eenju krompirja &#8211; Dornava 2013<\/p>\n<p><a href=\"https:\/\/obcina.rogatec.si\/wp-content\/uploads\/2013\/04\/D\u017d-ROGATEC2.jpg\"><img loading=\"lazy\" decoding=\"async\" class=\"size-medium wp-image-6158 alignnone\" src=\"https:\/\/obcina.rogatec.si\/wp-content\/uploads\/2013\/04\/D\u017d-ROGATEC2-227x300.jpg\" alt=\"D\u017d ROGATEC2\" width=\"227\" height=\"300\" srcset=\"https:\/\/obcina.rogatec.si\/wp-content\/uploads\/2013\/04\/D\u017d-ROGATEC2-227x300.jpg 227w, https:\/\/obcina.rogatec.si\/wp-content\/uploads\/2013\/04\/D\u017d-ROGATEC2-777x1024.jpg 777w, https:\/\/obcina.rogatec.si\/wp-content\/uploads\/2013\/04\/D\u017d-ROGATEC2.jpg 901w\" sizes=\"auto, (max-width: 227px) 100vw, 227px\" \/><\/a><\/p>\n<p style=\"text-align: left;\">Tekmovanje v kuhanju bu\u010dne juhe v Pod\u010detrtku 2012<\/p>\n<p><a href=\"https:\/\/obcina.rogatec.si\/wp-content\/uploads\/2013\/04\/3.jpg\"><img loading=\"lazy\" decoding=\"async\" class=\"size-medium wp-image-6157 alignnone\" src=\"https:\/\/obcina.rogatec.si\/wp-content\/uploads\/2013\/04\/3-300x216.jpg\" alt=\"3\" width=\"300\" height=\"216\" srcset=\"https:\/\/obcina.rogatec.si\/wp-content\/uploads\/2013\/04\/3-300x216.jpg 300w, https:\/\/obcina.rogatec.si\/wp-content\/uploads\/2013\/04\/3.jpg 810w\" sizes=\"auto, (max-width: 300px) 100vw, 300px\" \/><\/a><\/p>\n<p style=\"text-align: left;\">Tekmovanje v izdelovanju doma\u010dih rezancev v Dra\u017eencih pri Ptuju 2010 (osvojile 1. mesto)<\/p>\n","protected":false},"excerpt":{"rendered":"<p>Dru\u0161tvo \u017eena ob\u010dine Rogatec deluje, kot registrirano dru\u0161tvo, od leta 1985 naprej, \u010deprav so bile \u017eenske organizirane \u017ee veliko prej, ko so pripravljale predvsem prireditve ob dnevu \u017eena in organizirale izlete. Od leta 1985 pa se program dru\u0161tva nenehno \u0161iri, spreminja in prilagaja potrebam ob\u010dine Rogatec, v kateri deluje in jo \u017eeli tudi promovirati izven [&hellip;]<\/p>\n","protected":false},"author":1,"featured_media":0,"parent":209,"menu_order":6,"comment_status":"open","ping_status":"open","template":"","meta":{"_uag_custom_page_level_css":"","footnotes":""},"class_list":["post-230","page","type-page","status-publish","hentry"],"yoast_head":"<!-- This site is optimized with the Yoast SEO plugin v27.2 - https:\/\/yoast.com\/product\/yoast-seo-wordpress\/ -->\n<title>DRU\u0160TVO \u017dENA ROGATEC - Ob\u010dina Rogatec<\/title>\n<meta name=\"robots\" content=\"index, follow, max-snippet:-1, max-image-preview:large, max-video-preview:-1\" \/>\n<link rel=\"canonical\" href=\"https:\/\/obcina.rogatec.si\/drustva\/drustvo-zena-rogatec\/\" \/>\n<meta property=\"og:locale\" content=\"sl_SI\" \/>\n<meta property=\"og:type\" content=\"article\" \/>\n<meta property=\"og:title\" content=\"DRU\u0160TVO \u017dENA ROGATEC - Ob\u010dina Rogatec\" \/>\n<meta property=\"og:description\" content=\"Dru\u0161tvo \u017eena ob\u010dine Rogatec deluje, kot registrirano dru\u0161tvo, od leta 1985 naprej, \u010deprav so bile \u017eenske organizirane \u017ee veliko prej, ko so pripravljale predvsem prireditve ob dnevu \u017eena in organizirale izlete. Od leta 1985 pa se program dru\u0161tva nenehno \u0161iri, spreminja in prilagaja potrebam ob\u010dine Rogatec, v kateri deluje in jo \u017eeli tudi promovirati izven [&hellip;]\" \/>\n<meta property=\"og:url\" content=\"https:\/\/obcina.rogatec.si\/drustva\/drustvo-zena-rogatec\/\" \/>\n<meta property=\"og:site_name\" content=\"Ob\u010dina Rogatec\" \/>\n<meta property=\"article:publisher\" content=\"https:\/\/www.facebook.com\/VisitRogatec\/\" \/>\n<meta property=\"article:modified_time\" content=\"2022-04-15T04:50:41+00:00\" \/>\n<meta property=\"og:image\" content=\"https:\/\/obcina.rogatec.si\/wp-content\/uploads\/2013\/04\/3-300x216.jpg\" \/>\n<meta name=\"twitter:card\" content=\"summary_large_image\" \/>\n<meta name=\"twitter:label1\" content=\"Est. reading time\" \/>\n\t<meta name=\"twitter:data1\" content=\"2 minuti\" \/>\n<script type=\"application\/ld+json\" class=\"yoast-schema-graph\">{\"@context\":\"https:\/\/schema.org\",\"@graph\":[{\"@type\":\"WebPage\",\"@id\":\"https:\/\/obcina.rogatec.si\/drustva\/drustvo-zena-rogatec\/\",\"url\":\"https:\/\/obcina.rogatec.si\/drustva\/drustvo-zena-rogatec\/\",\"name\":\"DRU\u0160TVO \u017dENA ROGATEC - Ob\u010dina Rogatec\",\"isPartOf\":{\"@id\":\"https:\/\/obcina.rogatec.si\/#website\"},\"primaryImageOfPage\":{\"@id\":\"https:\/\/obcina.rogatec.si\/drustva\/drustvo-zena-rogatec\/#primaryimage\"},\"image\":{\"@id\":\"https:\/\/obcina.rogatec.si\/drustva\/drustvo-zena-rogatec\/#primaryimage\"},\"thumbnailUrl\":\"https:\/\/obcina.rogatec.si\/wp-content\/uploads\/2013\/04\/3-300x216.jpg\",\"datePublished\":\"2013-04-07T12:53:23+00:00\",\"dateModified\":\"2022-04-15T04:50:41+00:00\",\"breadcrumb\":{\"@id\":\"https:\/\/obcina.rogatec.si\/drustva\/drustvo-zena-rogatec\/#breadcrumb\"},\"inLanguage\":\"sl-SI\",\"potentialAction\":[{\"@type\":\"ReadAction\",\"target\":[\"https:\/\/obcina.rogatec.si\/drustva\/drustvo-zena-rogatec\/\"]}]},{\"@type\":\"ImageObject\",\"inLanguage\":\"sl-SI\",\"@id\":\"https:\/\/obcina.rogatec.si\/drustva\/drustvo-zena-rogatec\/#primaryimage\",\"url\":\"https:\/\/obcina.rogatec.si\/wp-content\/uploads\/2013\/04\/3.jpg\",\"contentUrl\":\"https:\/\/obcina.rogatec.si\/wp-content\/uploads\/2013\/04\/3.jpg\",\"width\":810,\"height\":585},{\"@type\":\"BreadcrumbList\",\"@id\":\"https:\/\/obcina.rogatec.si\/drustva\/drustvo-zena-rogatec\/#breadcrumb\",\"itemListElement\":[{\"@type\":\"ListItem\",\"position\":1,\"name\":\"Domov\",\"item\":\"https:\/\/obcina.rogatec.si\/\"},{\"@type\":\"ListItem\",\"position\":2,\"name\":\"Dru\u0161tva v ob\u010dini Rogatec\",\"item\":\"https:\/\/obcina.rogatec.si\/drustva\/\"},{\"@type\":\"ListItem\",\"position\":3,\"name\":\"DRU\u0160TVO \u017dENA ROGATEC\"}]},{\"@type\":\"WebSite\",\"@id\":\"https:\/\/obcina.rogatec.si\/#website\",\"url\":\"https:\/\/obcina.rogatec.si\/\",\"name\":\"Ob\u010dina Rogatec\",\"description\":\"Uradni spletni portal Ob\u010dine Rogatec\",\"publisher\":{\"@id\":\"https:\/\/obcina.rogatec.si\/#organization\"},\"potentialAction\":[{\"@type\":\"SearchAction\",\"target\":{\"@type\":\"EntryPoint\",\"urlTemplate\":\"https:\/\/obcina.rogatec.si\/?s={search_term_string}\"},\"query-input\":{\"@type\":\"PropertyValueSpecification\",\"valueRequired\":true,\"valueName\":\"search_term_string\"}}],\"inLanguage\":\"sl-SI\"},{\"@type\":\"Organization\",\"@id\":\"https:\/\/obcina.rogatec.si\/#organization\",\"name\":\"Ob\u010dina Rogatec\",\"url\":\"https:\/\/obcina.rogatec.si\/\",\"logo\":{\"@type\":\"ImageObject\",\"inLanguage\":\"sl-SI\",\"@id\":\"https:\/\/obcina.rogatec.si\/#\/schema\/logo\/image\/\",\"url\":\"https:\/\/obcina.rogatec.si\/wp-content\/uploads\/2021\/01\/ObcinaRogatec_col.png\",\"contentUrl\":\"https:\/\/obcina.rogatec.si\/wp-content\/uploads\/2021\/01\/ObcinaRogatec_col.png\",\"width\":275,\"height\":100,\"caption\":\"Ob\u010dina Rogatec\"},\"image\":{\"@id\":\"https:\/\/obcina.rogatec.si\/#\/schema\/logo\/image\/\"},\"sameAs\":[\"https:\/\/www.facebook.com\/VisitRogatec\/\",\"https:\/\/www.instagram.com\/visitrogatec\/\",\"https:\/\/www.youtube.com\/channel\/UC0j4SRaLd9oSppR8hwVd5tw\"]}]}<\/script>\n<!-- \/ Yoast SEO plugin. -->","yoast_head_json":{"title":"DRU\u0160TVO \u017dENA ROGATEC - Ob\u010dina Rogatec","robots":{"index":"index","follow":"follow","max-snippet":"max-snippet:-1","max-image-preview":"max-image-preview:large","max-video-preview":"max-video-preview:-1"},"canonical":"https:\/\/obcina.rogatec.si\/drustva\/drustvo-zena-rogatec\/","og_locale":"sl_SI","og_type":"article","og_title":"DRU\u0160TVO \u017dENA ROGATEC - Ob\u010dina Rogatec","og_description":"Dru\u0161tvo \u017eena ob\u010dine Rogatec deluje, kot registrirano dru\u0161tvo, od leta 1985 naprej, \u010deprav so bile \u017eenske organizirane \u017ee veliko prej, ko so pripravljale predvsem prireditve ob dnevu \u017eena in organizirale izlete. Od leta 1985 pa se program dru\u0161tva nenehno \u0161iri, spreminja in prilagaja potrebam ob\u010dine Rogatec, v kateri deluje in jo \u017eeli tudi promovirati izven [&hellip;]","og_url":"https:\/\/obcina.rogatec.si\/drustva\/drustvo-zena-rogatec\/","og_site_name":"Ob\u010dina Rogatec","article_publisher":"https:\/\/www.facebook.com\/VisitRogatec\/","article_modified_time":"2022-04-15T04:50:41+00:00","og_image":[{"url":"https:\/\/obcina.rogatec.si\/wp-content\/uploads\/2013\/04\/3-300x216.jpg","type":"","width":"","height":""}],"twitter_card":"summary_large_image","twitter_misc":{"Est. reading time":"2 minuti"},"schema":{"@context":"https:\/\/schema.org","@graph":[{"@type":"WebPage","@id":"https:\/\/obcina.rogatec.si\/drustva\/drustvo-zena-rogatec\/","url":"https:\/\/obcina.rogatec.si\/drustva\/drustvo-zena-rogatec\/","name":"DRU\u0160TVO \u017dENA ROGATEC - Ob\u010dina Rogatec","isPartOf":{"@id":"https:\/\/obcina.rogatec.si\/#website"},"primaryImageOfPage":{"@id":"https:\/\/obcina.rogatec.si\/drustva\/drustvo-zena-rogatec\/#primaryimage"},"image":{"@id":"https:\/\/obcina.rogatec.si\/drustva\/drustvo-zena-rogatec\/#primaryimage"},"thumbnailUrl":"https:\/\/obcina.rogatec.si\/wp-content\/uploads\/2013\/04\/3-300x216.jpg","datePublished":"2013-04-07T12:53:23+00:00","dateModified":"2022-04-15T04:50:41+00:00","breadcrumb":{"@id":"https:\/\/obcina.rogatec.si\/drustva\/drustvo-zena-rogatec\/#breadcrumb"},"inLanguage":"sl-SI","potentialAction":[{"@type":"ReadAction","target":["https:\/\/obcina.rogatec.si\/drustva\/drustvo-zena-rogatec\/"]}]},{"@type":"ImageObject","inLanguage":"sl-SI","@id":"https:\/\/obcina.rogatec.si\/drustva\/drustvo-zena-rogatec\/#primaryimage","url":"https:\/\/obcina.rogatec.si\/wp-content\/uploads\/2013\/04\/3.jpg","contentUrl":"https:\/\/obcina.rogatec.si\/wp-content\/uploads\/2013\/04\/3.jpg","width":810,"height":585},{"@type":"BreadcrumbList","@id":"https:\/\/obcina.rogatec.si\/drustva\/drustvo-zena-rogatec\/#breadcrumb","itemListElement":[{"@type":"ListItem","position":1,"name":"Domov","item":"https:\/\/obcina.rogatec.si\/"},{"@type":"ListItem","position":2,"name":"Dru\u0161tva v ob\u010dini Rogatec","item":"https:\/\/obcina.rogatec.si\/drustva\/"},{"@type":"ListItem","position":3,"name":"DRU\u0160TVO \u017dENA ROGATEC"}]},{"@type":"WebSite","@id":"https:\/\/obcina.rogatec.si\/#website","url":"https:\/\/obcina.rogatec.si\/","name":"Ob\u010dina Rogatec","description":"Uradni spletni portal Ob\u010dine Rogatec","publisher":{"@id":"https:\/\/obcina.rogatec.si\/#organization"},"potentialAction":[{"@type":"SearchAction","target":{"@type":"EntryPoint","urlTemplate":"https:\/\/obcina.rogatec.si\/?s={search_term_string}"},"query-input":{"@type":"PropertyValueSpecification","valueRequired":true,"valueName":"search_term_string"}}],"inLanguage":"sl-SI"},{"@type":"Organization","@id":"https:\/\/obcina.rogatec.si\/#organization","name":"Ob\u010dina Rogatec","url":"https:\/\/obcina.rogatec.si\/","logo":{"@type":"ImageObject","inLanguage":"sl-SI","@id":"https:\/\/obcina.rogatec.si\/#\/schema\/logo\/image\/","url":"https:\/\/obcina.rogatec.si\/wp-content\/uploads\/2021\/01\/ObcinaRogatec_col.png","contentUrl":"https:\/\/obcina.rogatec.si\/wp-content\/uploads\/2021\/01\/ObcinaRogatec_col.png","width":275,"height":100,"caption":"Ob\u010dina Rogatec"},"image":{"@id":"https:\/\/obcina.rogatec.si\/#\/schema\/logo\/image\/"},"sameAs":["https:\/\/www.facebook.com\/VisitRogatec\/","https:\/\/www.instagram.com\/visitrogatec\/","https:\/\/www.youtube.com\/channel\/UC0j4SRaLd9oSppR8hwVd5tw"]}]}},"uagb_featured_image_src":{"full":false,"thumbnail":false,"medium":false,"medium_large":false,"large":false,"1536x1536":false,"2048x2048":false,"XXS":false,"XS":false,"S":false,"M":false,"L":false,"XL":false},"uagb_author_info":{"display_name":"Ob\u010dina Rogatec","author_link":"https:\/\/obcina.rogatec.si\/author\/vedran72\/"},"uagb_comment_info":0,"uagb_excerpt":"Dru\u0161tvo \u017eena ob\u010dine Rogatec deluje, kot registrirano dru\u0161tvo, od leta 1985 naprej, \u010deprav so bile \u017eenske organizirane \u017ee veliko prej, ko so pripravljale predvsem prireditve ob dnevu \u017eena in organizirale izlete. Od leta 1985 pa se program dru\u0161tva nenehno \u0161iri, spreminja in prilagaja potrebam ob\u010dine Rogatec, v kateri deluje in jo \u017eeli tudi promovirati izven&hellip;","_links":{"self":[{"href":"https:\/\/obcina.rogatec.si\/wp-json\/wp\/v2\/pages\/230","targetHints":{"allow":["GET"]}}],"collection":[{"href":"https:\/\/obcina.rogatec.si\/wp-json\/wp\/v2\/pages"}],"about":[{"href":"https:\/\/obcina.rogatec.si\/wp-json\/wp\/v2\/types\/page"}],"author":[{"embeddable":true,"href":"https:\/\/obcina.rogatec.si\/wp-json\/wp\/v2\/users\/1"}],"replies":[{"embeddable":true,"href":"https:\/\/obcina.rogatec.si\/wp-json\/wp\/v2\/comments?post=230"}],"version-history":[{"count":15,"href":"https:\/\/obcina.rogatec.si\/wp-json\/wp\/v2\/pages\/230\/revisions"}],"predecessor-version":[{"id":507745,"href":"https:\/\/obcina.rogatec.si\/wp-json\/wp\/v2\/pages\/230\/revisions\/507745"}],"up":[{"embeddable":true,"href":"https:\/\/obcina.rogatec.si\/wp-json\/wp\/v2\/pages\/209"}],"wp:attachment":[{"href":"https:\/\/obcina.rogatec.si\/wp-json\/wp\/v2\/media?parent=230"}],"curies":[{"name":"wp","href":"https:\/\/api.w.org\/{rel}","templated":true}]}}