{"id":214,"date":"2013-04-07T12:44:42","date_gmt":"2013-04-07T12:44:42","guid":{"rendered":"https:\/\/obcina.rogatec.si\/?page_id=214"},"modified":"2025-02-19T09:51:09","modified_gmt":"2025-02-19T08:51:09","slug":"nk-mons-claudius","status":"publish","type":"page","link":"https:\/\/obcina.rogatec.si\/drustva\/nk-mons-claudius\/","title":{"rendered":"NK Mons Claudius"},"content":{"rendered":"<p><a href=\"https:\/\/obcina.rogatec.si\/wp-content\/uploads\/2013\/04\/nkmc.jpg\"><img loading=\"lazy\" decoding=\"async\" class=\"alignnone\" src=\"https:\/\/obcina.rogatec.si\/wp-content\/uploads\/2013\/04\/nkmc-150x150.jpg\" alt=\"NK Mons Claudius Rogatec\" width=\"150\" height=\"150\" \/><\/a><\/p>\n<p><strong>NK MONS CLAUDIUS<\/strong> je dobil ime po Klavdijevi gori, kar je starorimsko ime za Dona\u010dko goro, vrhom, ki se razteza nad Rogatcem. Klub je ustanovljen in registriran konec leta 1992, v delo kluba je aktivno vklju\u010denih 134 igralcev, 7 trenerjev in 5 tehni\u010dnih vodij ekip. Pri pripravi tekem in tekmovanj pa je zraven vklju\u010deno \u0161e veliko ljudi, ki pomagajo pri izvedbi le teh.<\/p>\n<p>Vzporedno z idejo o ustanovitvi kluba so potekala tudi dela na izgradnji novega nogometnega stadiona, kajti staro igri\u0161ce v Rogatcu ni ustrezalo pogojem za igro. Za\u010deli smo z izgradnjo glavnega in pomo\u017enega igri\u0161ca, ki sedaj ustreza normam in predpisom evropske in svetovne nogometne zveze, ki jih zahteva tudi nogometna zveza Slovenije. Na eno izmed igri\u0161\u010d smo uspeli postaviti reflektorje in smo tako omogo\u010dili vadbo tudi v ve\u010dernih urah, kar je tudi v Sloveniji vedno pogostej\u0161i \u010das za vadbo, predvsem zaposlenih \u010dlanov \u0161portnih kolektivov. Seveda nas do kon\u010dne izgradnje \u0161portnega parka \u010daka \u0161e veliko dela in investicij.<\/p>\n<p>Ime kluba: NK MONS CLAUDIUS<br \/>\nNaslov: Ptujska cesta 30, P.P. 2 3252 Rogatec<br \/>\nTelefon: 041\/249-413, 041\/699-267<br \/>\nE-mail: monsclaudius@gmail.com<br \/>\n<a href=\"http:\/\/www.mons-claudius.si\">www.mons-claudius.si<\/a><\/p>\n<p>&nbsp;<\/p>\n<p>Delo v klubu poteka aktivno skozi vso leto in temelji na vzgoji kadrov v lastni nogometni \u0161oli. Trenerji \u2013 pedagogi, zlasti pri mlaj\u0161ih selekcijah, sku\u0161ajo pri otrocih vzpodbuditi pozitiven odnos do soigralcev, trenerjev in sodnikov, jim vcepiti \u0161portni in tekmovalni duh, ter jih z koristno uporabo \u010dasa odvrniti od nezdravega in ne\u0161portnega obna\u0161anja in \u017eivljenja. Prepri\u010dani smo, da je tako delo prava pot, da dru\u017eba dobi zdravega in delavnega \u010dlana, navajenega na red in delo ter spo\u0161tovanje soljudi.<\/p>\n<p>&gt; <a href=\"https:\/\/obcina.rogatec.si\/wp-content\/uploads\/2013\/04\/mons_himna1.mp3\">Himna NK Mons Claudius (mp3 format, 1.9 Mb)<\/a><\/p>\n","protected":false},"excerpt":{"rendered":"<p>NK MONS CLAUDIUS je dobil ime po Klavdijevi gori, kar je starorimsko ime za Dona\u010dko goro, vrhom, ki se razteza nad Rogatcem. Klub je ustanovljen in registriran konec leta 1992, v delo kluba je aktivno vklju\u010denih 134 igralcev, 7 trenerjev in 5 tehni\u010dnih vodij ekip. Pri pripravi tekem in tekmovanj pa je zraven vklju\u010deno \u0161e [&hellip;]<\/p>\n","protected":false},"author":1,"featured_media":218,"parent":209,"menu_order":3,"comment_status":"open","ping_status":"closed","template":"","meta":{"_uag_custom_page_level_css":"","footnotes":""},"class_list":["post-214","page","type-page","status-publish","has-post-thumbnail","hentry"],"yoast_head":"<!-- This site is optimized with the Yoast SEO plugin v27.2 - https:\/\/yoast.com\/product\/yoast-seo-wordpress\/ -->\n<title>NK Mons Claudius - Ob\u010dina Rogatec<\/title>\n<meta name=\"robots\" content=\"index, follow, max-snippet:-1, max-image-preview:large, max-video-preview:-1\" \/>\n<link rel=\"canonical\" href=\"https:\/\/obcina.rogatec.si\/drustva\/nk-mons-claudius\/\" \/>\n<meta property=\"og:locale\" content=\"sl_SI\" \/>\n<meta property=\"og:type\" content=\"article\" \/>\n<meta property=\"og:title\" content=\"NK Mons Claudius - Ob\u010dina Rogatec\" \/>\n<meta property=\"og:description\" content=\"NK MONS CLAUDIUS je dobil ime po Klavdijevi gori, kar je starorimsko ime za Dona\u010dko goro, vrhom, ki se razteza nad Rogatcem. Klub je ustanovljen in registriran konec leta 1992, v delo kluba je aktivno vklju\u010denih 134 igralcev, 7 trenerjev in 5 tehni\u010dnih vodij ekip. Pri pripravi tekem in tekmovanj pa je zraven vklju\u010deno \u0161e [&hellip;]\" \/>\n<meta property=\"og:url\" content=\"https:\/\/obcina.rogatec.si\/drustva\/nk-mons-claudius\/\" \/>\n<meta property=\"og:site_name\" content=\"Ob\u010dina Rogatec\" \/>\n<meta property=\"article:publisher\" content=\"https:\/\/www.facebook.com\/VisitRogatec\/\" \/>\n<meta property=\"article:modified_time\" content=\"2025-02-19T08:51:09+00:00\" \/>\n<meta property=\"og:image\" content=\"https:\/\/obcina.rogatec.si\/wp-content\/uploads\/2013\/04\/nkmc.jpg\" \/>\n\t<meta property=\"og:image:width\" content=\"500\" \/>\n\t<meta property=\"og:image:height\" content=\"500\" \/>\n\t<meta property=\"og:image:type\" content=\"image\/jpeg\" \/>\n<meta name=\"twitter:card\" content=\"summary_large_image\" \/>\n<meta name=\"twitter:label1\" content=\"Est. reading time\" \/>\n\t<meta name=\"twitter:data1\" content=\"2 minuti\" \/>\n<script type=\"application\/ld+json\" class=\"yoast-schema-graph\">{\"@context\":\"https:\/\/schema.org\",\"@graph\":[{\"@type\":\"WebPage\",\"@id\":\"https:\/\/obcina.rogatec.si\/drustva\/nk-mons-claudius\/\",\"url\":\"https:\/\/obcina.rogatec.si\/drustva\/nk-mons-claudius\/\",\"name\":\"NK Mons Claudius - Ob\u010dina Rogatec\",\"isPartOf\":{\"@id\":\"https:\/\/obcina.rogatec.si\/#website\"},\"primaryImageOfPage\":{\"@id\":\"https:\/\/obcina.rogatec.si\/drustva\/nk-mons-claudius\/#primaryimage\"},\"image\":{\"@id\":\"https:\/\/obcina.rogatec.si\/drustva\/nk-mons-claudius\/#primaryimage\"},\"thumbnailUrl\":\"https:\/\/obcina.rogatec.si\/wp-content\/uploads\/2013\/04\/nkmc.jpg\",\"datePublished\":\"2013-04-07T12:44:42+00:00\",\"dateModified\":\"2025-02-19T08:51:09+00:00\",\"breadcrumb\":{\"@id\":\"https:\/\/obcina.rogatec.si\/drustva\/nk-mons-claudius\/#breadcrumb\"},\"inLanguage\":\"sl-SI\",\"potentialAction\":[{\"@type\":\"ReadAction\",\"target\":[\"https:\/\/obcina.rogatec.si\/drustva\/nk-mons-claudius\/\"]}]},{\"@type\":\"ImageObject\",\"inLanguage\":\"sl-SI\",\"@id\":\"https:\/\/obcina.rogatec.si\/drustva\/nk-mons-claudius\/#primaryimage\",\"url\":\"https:\/\/obcina.rogatec.si\/wp-content\/uploads\/2013\/04\/nkmc.jpg\",\"contentUrl\":\"https:\/\/obcina.rogatec.si\/wp-content\/uploads\/2013\/04\/nkmc.jpg\",\"width\":500,\"height\":500},{\"@type\":\"BreadcrumbList\",\"@id\":\"https:\/\/obcina.rogatec.si\/drustva\/nk-mons-claudius\/#breadcrumb\",\"itemListElement\":[{\"@type\":\"ListItem\",\"position\":1,\"name\":\"Domov\",\"item\":\"https:\/\/obcina.rogatec.si\/\"},{\"@type\":\"ListItem\",\"position\":2,\"name\":\"Dru\u0161tva v ob\u010dini Rogatec\",\"item\":\"https:\/\/obcina.rogatec.si\/drustva\/\"},{\"@type\":\"ListItem\",\"position\":3,\"name\":\"NK Mons Claudius\"}]},{\"@type\":\"WebSite\",\"@id\":\"https:\/\/obcina.rogatec.si\/#website\",\"url\":\"https:\/\/obcina.rogatec.si\/\",\"name\":\"Ob\u010dina Rogatec\",\"description\":\"Uradni spletni portal Ob\u010dine Rogatec\",\"publisher\":{\"@id\":\"https:\/\/obcina.rogatec.si\/#organization\"},\"potentialAction\":[{\"@type\":\"SearchAction\",\"target\":{\"@type\":\"EntryPoint\",\"urlTemplate\":\"https:\/\/obcina.rogatec.si\/?s={search_term_string}\"},\"query-input\":{\"@type\":\"PropertyValueSpecification\",\"valueRequired\":true,\"valueName\":\"search_term_string\"}}],\"inLanguage\":\"sl-SI\"},{\"@type\":\"Organization\",\"@id\":\"https:\/\/obcina.rogatec.si\/#organization\",\"name\":\"Ob\u010dina Rogatec\",\"url\":\"https:\/\/obcina.rogatec.si\/\",\"logo\":{\"@type\":\"ImageObject\",\"inLanguage\":\"sl-SI\",\"@id\":\"https:\/\/obcina.rogatec.si\/#\/schema\/logo\/image\/\",\"url\":\"https:\/\/obcina.rogatec.si\/wp-content\/uploads\/2021\/01\/ObcinaRogatec_col.png\",\"contentUrl\":\"https:\/\/obcina.rogatec.si\/wp-content\/uploads\/2021\/01\/ObcinaRogatec_col.png\",\"width\":275,\"height\":100,\"caption\":\"Ob\u010dina Rogatec\"},\"image\":{\"@id\":\"https:\/\/obcina.rogatec.si\/#\/schema\/logo\/image\/\"},\"sameAs\":[\"https:\/\/www.facebook.com\/VisitRogatec\/\",\"https:\/\/www.instagram.com\/visitrogatec\/\",\"https:\/\/www.youtube.com\/channel\/UC0j4SRaLd9oSppR8hwVd5tw\"]}]}<\/script>\n<!-- \/ Yoast SEO plugin. -->","yoast_head_json":{"title":"NK Mons Claudius - Ob\u010dina Rogatec","robots":{"index":"index","follow":"follow","max-snippet":"max-snippet:-1","max-image-preview":"max-image-preview:large","max-video-preview":"max-video-preview:-1"},"canonical":"https:\/\/obcina.rogatec.si\/drustva\/nk-mons-claudius\/","og_locale":"sl_SI","og_type":"article","og_title":"NK Mons Claudius - Ob\u010dina Rogatec","og_description":"NK MONS CLAUDIUS je dobil ime po Klavdijevi gori, kar je starorimsko ime za Dona\u010dko goro, vrhom, ki se razteza nad Rogatcem. Klub je ustanovljen in registriran konec leta 1992, v delo kluba je aktivno vklju\u010denih 134 igralcev, 7 trenerjev in 5 tehni\u010dnih vodij ekip. Pri pripravi tekem in tekmovanj pa je zraven vklju\u010deno \u0161e [&hellip;]","og_url":"https:\/\/obcina.rogatec.si\/drustva\/nk-mons-claudius\/","og_site_name":"Ob\u010dina Rogatec","article_publisher":"https:\/\/www.facebook.com\/VisitRogatec\/","article_modified_time":"2025-02-19T08:51:09+00:00","og_image":[{"width":500,"height":500,"url":"https:\/\/obcina.rogatec.si\/wp-content\/uploads\/2013\/04\/nkmc.jpg","type":"image\/jpeg"}],"twitter_card":"summary_large_image","twitter_misc":{"Est. reading time":"2 minuti"},"schema":{"@context":"https:\/\/schema.org","@graph":[{"@type":"WebPage","@id":"https:\/\/obcina.rogatec.si\/drustva\/nk-mons-claudius\/","url":"https:\/\/obcina.rogatec.si\/drustva\/nk-mons-claudius\/","name":"NK Mons Claudius - Ob\u010dina Rogatec","isPartOf":{"@id":"https:\/\/obcina.rogatec.si\/#website"},"primaryImageOfPage":{"@id":"https:\/\/obcina.rogatec.si\/drustva\/nk-mons-claudius\/#primaryimage"},"image":{"@id":"https:\/\/obcina.rogatec.si\/drustva\/nk-mons-claudius\/#primaryimage"},"thumbnailUrl":"https:\/\/obcina.rogatec.si\/wp-content\/uploads\/2013\/04\/nkmc.jpg","datePublished":"2013-04-07T12:44:42+00:00","dateModified":"2025-02-19T08:51:09+00:00","breadcrumb":{"@id":"https:\/\/obcina.rogatec.si\/drustva\/nk-mons-claudius\/#breadcrumb"},"inLanguage":"sl-SI","potentialAction":[{"@type":"ReadAction","target":["https:\/\/obcina.rogatec.si\/drustva\/nk-mons-claudius\/"]}]},{"@type":"ImageObject","inLanguage":"sl-SI","@id":"https:\/\/obcina.rogatec.si\/drustva\/nk-mons-claudius\/#primaryimage","url":"https:\/\/obcina.rogatec.si\/wp-content\/uploads\/2013\/04\/nkmc.jpg","contentUrl":"https:\/\/obcina.rogatec.si\/wp-content\/uploads\/2013\/04\/nkmc.jpg","width":500,"height":500},{"@type":"BreadcrumbList","@id":"https:\/\/obcina.rogatec.si\/drustva\/nk-mons-claudius\/#breadcrumb","itemListElement":[{"@type":"ListItem","position":1,"name":"Domov","item":"https:\/\/obcina.rogatec.si\/"},{"@type":"ListItem","position":2,"name":"Dru\u0161tva v ob\u010dini Rogatec","item":"https:\/\/obcina.rogatec.si\/drustva\/"},{"@type":"ListItem","position":3,"name":"NK Mons Claudius"}]},{"@type":"WebSite","@id":"https:\/\/obcina.rogatec.si\/#website","url":"https:\/\/obcina.rogatec.si\/","name":"Ob\u010dina Rogatec","description":"Uradni spletni portal Ob\u010dine Rogatec","publisher":{"@id":"https:\/\/obcina.rogatec.si\/#organization"},"potentialAction":[{"@type":"SearchAction","target":{"@type":"EntryPoint","urlTemplate":"https:\/\/obcina.rogatec.si\/?s={search_term_string}"},"query-input":{"@type":"PropertyValueSpecification","valueRequired":true,"valueName":"search_term_string"}}],"inLanguage":"sl-SI"},{"@type":"Organization","@id":"https:\/\/obcina.rogatec.si\/#organization","name":"Ob\u010dina Rogatec","url":"https:\/\/obcina.rogatec.si\/","logo":{"@type":"ImageObject","inLanguage":"sl-SI","@id":"https:\/\/obcina.rogatec.si\/#\/schema\/logo\/image\/","url":"https:\/\/obcina.rogatec.si\/wp-content\/uploads\/2021\/01\/ObcinaRogatec_col.png","contentUrl":"https:\/\/obcina.rogatec.si\/wp-content\/uploads\/2021\/01\/ObcinaRogatec_col.png","width":275,"height":100,"caption":"Ob\u010dina Rogatec"},"image":{"@id":"https:\/\/obcina.rogatec.si\/#\/schema\/logo\/image\/"},"sameAs":["https:\/\/www.facebook.com\/VisitRogatec\/","https:\/\/www.instagram.com\/visitrogatec\/","https:\/\/www.youtube.com\/channel\/UC0j4SRaLd9oSppR8hwVd5tw"]}]}},"uagb_featured_image_src":{"full":["https:\/\/obcina.rogatec.si\/wp-content\/uploads\/2013\/04\/nkmc.jpg",500,500,false],"thumbnail":["https:\/\/obcina.rogatec.si\/wp-content\/uploads\/2013\/04\/nkmc-150x150.jpg",150,150,true],"medium":["https:\/\/obcina.rogatec.si\/wp-content\/uploads\/2013\/04\/nkmc-300x300.jpg",300,300,true],"medium_large":["https:\/\/obcina.rogatec.si\/wp-content\/uploads\/2013\/04\/nkmc.jpg",500,500,false],"large":["https:\/\/obcina.rogatec.si\/wp-content\/uploads\/2013\/04\/nkmc.jpg",500,500,false],"1536x1536":["https:\/\/obcina.rogatec.si\/wp-content\/uploads\/2013\/04\/nkmc.jpg",500,500,false],"2048x2048":["https:\/\/obcina.rogatec.si\/wp-content\/uploads\/2013\/04\/nkmc.jpg",500,500,false],"XXS":["https:\/\/obcina.rogatec.si\/wp-content\/uploads\/2013\/04\/nkmc.jpg",150,150,false],"XS":["https:\/\/obcina.rogatec.si\/wp-content\/uploads\/2013\/04\/nkmc.jpg",200,200,false],"S":["https:\/\/obcina.rogatec.si\/wp-content\/uploads\/2013\/04\/nkmc.jpg",300,300,false],"M":["https:\/\/obcina.rogatec.si\/wp-content\/uploads\/2013\/04\/nkmc.jpg",500,500,false],"L":["https:\/\/obcina.rogatec.si\/wp-content\/uploads\/2013\/04\/nkmc.jpg",500,500,false],"XL":["https:\/\/obcina.rogatec.si\/wp-content\/uploads\/2013\/04\/nkmc.jpg",500,500,false]},"uagb_author_info":{"display_name":"Ob\u010dina Rogatec","author_link":"https:\/\/obcina.rogatec.si\/author\/vedran72\/"},"uagb_comment_info":0,"uagb_excerpt":"NK MONS CLAUDIUS je dobil ime po Klavdijevi gori, kar je starorimsko ime za Dona\u010dko goro, vrhom, ki se razteza nad Rogatcem. Klub je ustanovljen in registriran konec leta 1992, v delo kluba je aktivno vklju\u010denih 134 igralcev, 7 trenerjev in 5 tehni\u010dnih vodij ekip. Pri pripravi tekem in tekmovanj pa je zraven vklju\u010deno \u0161e&hellip;","_links":{"self":[{"href":"https:\/\/obcina.rogatec.si\/wp-json\/wp\/v2\/pages\/214","targetHints":{"allow":["GET"]}}],"collection":[{"href":"https:\/\/obcina.rogatec.si\/wp-json\/wp\/v2\/pages"}],"about":[{"href":"https:\/\/obcina.rogatec.si\/wp-json\/wp\/v2\/types\/page"}],"author":[{"embeddable":true,"href":"https:\/\/obcina.rogatec.si\/wp-json\/wp\/v2\/users\/1"}],"replies":[{"embeddable":true,"href":"https:\/\/obcina.rogatec.si\/wp-json\/wp\/v2\/comments?post=214"}],"version-history":[{"count":9,"href":"https:\/\/obcina.rogatec.si\/wp-json\/wp\/v2\/pages\/214\/revisions"}],"predecessor-version":[{"id":510052,"href":"https:\/\/obcina.rogatec.si\/wp-json\/wp\/v2\/pages\/214\/revisions\/510052"}],"up":[{"embeddable":true,"href":"https:\/\/obcina.rogatec.si\/wp-json\/wp\/v2\/pages\/209"}],"wp:featuredmedia":[{"embeddable":true,"href":"https:\/\/obcina.rogatec.si\/wp-json\/wp\/v2\/media\/218"}],"wp:attachment":[{"href":"https:\/\/obcina.rogatec.si\/wp-json\/wp\/v2\/media?parent=214"}],"curies":[{"name":"wp","href":"https:\/\/api.w.org\/{rel}","templated":true}]}}