{"id":212,"date":"2013-04-07T12:41:49","date_gmt":"2013-04-07T12:41:49","guid":{"rendered":"https:\/\/obcina.rogatec.si\/?page_id=212"},"modified":"2014-01-23T08:14:26","modified_gmt":"2014-01-23T07:14:26","slug":"kulturno-drustvo-ljudske-pevke-rogatec","status":"publish","type":"page","link":"https:\/\/obcina.rogatec.si\/drustva\/kulturno-drustvo-ljudske-pevke-rogatec\/","title":{"rendered":"Kulturno dru\u0161tvo \u00bbLjudske pevke\u00ab Rogatec"},"content":{"rendered":"<p>Ljudske pevke iz Rogatca delujemo \u017ee od leta 1994, samostojno pa od leta 1999, v okviru kulturnega dru\u0161tva \u00bbLjudske pevke\u00ab.<\/p>\n<p>Pojemo na proslavah in sre\u010danjih ljudskih pevcev, gojimo staro ljudsko pesem. Pozimi igramo igre iz kme\u010dkega \u017eivljenja v na\u0161ih krajih, napisane po pripovedi starej\u0161ih ljudi.<\/p>\n<p>&nbsp;<\/p>\n<p><a href=\"https:\/\/obcina.rogatec.si\/wp-content\/uploads\/2013\/04\/KD-LJUDSKE-PEVKE.jpg\"><img loading=\"lazy\" decoding=\"async\" class=\"alignnone size-medium wp-image-6190\" alt=\"KD LJUDSKE PEVKE\" src=\"https:\/\/obcina.rogatec.si\/wp-content\/uploads\/2013\/04\/KD-LJUDSKE-PEVKE-300x201.jpg\" width=\"300\" height=\"201\" srcset=\"https:\/\/obcina.rogatec.si\/wp-content\/uploads\/2013\/04\/KD-LJUDSKE-PEVKE-300x201.jpg 300w, https:\/\/obcina.rogatec.si\/wp-content\/uploads\/2013\/04\/KD-LJUDSKE-PEVKE-1024x689.jpg 1024w, https:\/\/obcina.rogatec.si\/wp-content\/uploads\/2013\/04\/KD-LJUDSKE-PEVKE.jpg 1781w\" sizes=\"auto, (max-width: 300px) 100vw, 300px\" \/><\/a>\u00a0 \u00a0 \u00a0 \u00a0 \u00a0 \u00a0 \u00a0 \u00a0 \u00a0 \u00a0 \u00a0 \u00a0 \u00a0 \u00a0 \u00a0 \u00a0 \u00a0 \u00a0 \u00a0 \u00a0 \u00a0 \u00a0 \u00a0 \u00a0 \u00a0 \u00a0\u00a0<a href=\"https:\/\/obcina.rogatec.si\/wp-content\/uploads\/2013\/04\/KD-LJUDSKE-PEVKE1.jpg\"><img loading=\"lazy\" decoding=\"async\" class=\"alignnone size-medium wp-image-6191\" alt=\"KD LJUDSKE PEVKE1\" src=\"https:\/\/obcina.rogatec.si\/wp-content\/uploads\/2013\/04\/KD-LJUDSKE-PEVKE1-300x195.jpg\" width=\"300\" height=\"195\" srcset=\"https:\/\/obcina.rogatec.si\/wp-content\/uploads\/2013\/04\/KD-LJUDSKE-PEVKE1-300x195.jpg 300w, https:\/\/obcina.rogatec.si\/wp-content\/uploads\/2013\/04\/KD-LJUDSKE-PEVKE1.jpg 911w\" sizes=\"auto, (max-width: 300px) 100vw, 300px\" \/><\/a><\/p>\n<p>&nbsp;<\/p>\n","protected":false},"excerpt":{"rendered":"<p>Ljudske pevke iz Rogatca delujemo \u017ee od leta 1994, samostojno pa od leta 1999, v okviru kulturnega dru\u0161tva \u00bbLjudske pevke\u00ab. Pojemo na proslavah in sre\u010danjih ljudskih pevcev, gojimo staro ljudsko pesem. Pozimi igramo igre iz kme\u010dkega \u017eivljenja v na\u0161ih krajih, napisane po pripovedi starej\u0161ih ljudi. &nbsp; \u00a0 \u00a0 \u00a0 \u00a0 \u00a0 \u00a0 \u00a0 \u00a0 \u00a0 [&hellip;]<\/p>\n","protected":false},"author":1,"featured_media":0,"parent":209,"menu_order":0,"comment_status":"open","ping_status":"open","template":"","meta":{"_uag_custom_page_level_css":"","footnotes":""},"class_list":["post-212","page","type-page","status-publish","hentry"],"yoast_head":"<!-- This site is optimized with the Yoast SEO plugin v27.2 - https:\/\/yoast.com\/product\/yoast-seo-wordpress\/ -->\n<title>Kulturno dru\u0161tvo \u00bbLjudske pevke\u00ab Rogatec - Ob\u010dina Rogatec<\/title>\n<meta name=\"robots\" content=\"index, follow, max-snippet:-1, max-image-preview:large, max-video-preview:-1\" \/>\n<link rel=\"canonical\" href=\"https:\/\/obcina.rogatec.si\/drustva\/kulturno-drustvo-ljudske-pevke-rogatec\/\" \/>\n<meta property=\"og:locale\" content=\"sl_SI\" \/>\n<meta property=\"og:type\" content=\"article\" \/>\n<meta property=\"og:title\" content=\"Kulturno dru\u0161tvo \u00bbLjudske pevke\u00ab Rogatec - Ob\u010dina Rogatec\" \/>\n<meta property=\"og:description\" content=\"Ljudske pevke iz Rogatca delujemo \u017ee od leta 1994, samostojno pa od leta 1999, v okviru kulturnega dru\u0161tva \u00bbLjudske pevke\u00ab. Pojemo na proslavah in sre\u010danjih ljudskih pevcev, gojimo staro ljudsko pesem. Pozimi igramo igre iz kme\u010dkega \u017eivljenja v na\u0161ih krajih, napisane po pripovedi starej\u0161ih ljudi. &nbsp; \u00a0 \u00a0 \u00a0 \u00a0 \u00a0 \u00a0 \u00a0 \u00a0 \u00a0 [&hellip;]\" \/>\n<meta property=\"og:url\" content=\"https:\/\/obcina.rogatec.si\/drustva\/kulturno-drustvo-ljudske-pevke-rogatec\/\" \/>\n<meta property=\"og:site_name\" content=\"Ob\u010dina Rogatec\" \/>\n<meta property=\"article:publisher\" content=\"https:\/\/www.facebook.com\/VisitRogatec\/\" \/>\n<meta property=\"article:modified_time\" content=\"2014-01-23T07:14:26+00:00\" \/>\n<meta property=\"og:image\" content=\"https:\/\/obcina.rogatec.si\/wp-content\/uploads\/2013\/04\/KD-LJUDSKE-PEVKE-300x201.jpg\" \/>\n<meta name=\"twitter:card\" content=\"summary_large_image\" \/>\n<script type=\"application\/ld+json\" class=\"yoast-schema-graph\">{\"@context\":\"https:\/\/schema.org\",\"@graph\":[{\"@type\":\"WebPage\",\"@id\":\"https:\/\/obcina.rogatec.si\/drustva\/kulturno-drustvo-ljudske-pevke-rogatec\/\",\"url\":\"https:\/\/obcina.rogatec.si\/drustva\/kulturno-drustvo-ljudske-pevke-rogatec\/\",\"name\":\"Kulturno dru\u0161tvo \u00bbLjudske pevke\u00ab Rogatec - Ob\u010dina Rogatec\",\"isPartOf\":{\"@id\":\"https:\/\/obcina.rogatec.si\/#website\"},\"primaryImageOfPage\":{\"@id\":\"https:\/\/obcina.rogatec.si\/drustva\/kulturno-drustvo-ljudske-pevke-rogatec\/#primaryimage\"},\"image\":{\"@id\":\"https:\/\/obcina.rogatec.si\/drustva\/kulturno-drustvo-ljudske-pevke-rogatec\/#primaryimage\"},\"thumbnailUrl\":\"https:\/\/obcina.rogatec.si\/wp-content\/uploads\/2013\/04\/KD-LJUDSKE-PEVKE-300x201.jpg\",\"datePublished\":\"2013-04-07T12:41:49+00:00\",\"dateModified\":\"2014-01-23T07:14:26+00:00\",\"breadcrumb\":{\"@id\":\"https:\/\/obcina.rogatec.si\/drustva\/kulturno-drustvo-ljudske-pevke-rogatec\/#breadcrumb\"},\"inLanguage\":\"sl-SI\",\"potentialAction\":[{\"@type\":\"ReadAction\",\"target\":[\"https:\/\/obcina.rogatec.si\/drustva\/kulturno-drustvo-ljudske-pevke-rogatec\/\"]}]},{\"@type\":\"ImageObject\",\"inLanguage\":\"sl-SI\",\"@id\":\"https:\/\/obcina.rogatec.si\/drustva\/kulturno-drustvo-ljudske-pevke-rogatec\/#primaryimage\",\"url\":\"https:\/\/obcina.rogatec.si\/wp-content\/uploads\/2013\/04\/KD-LJUDSKE-PEVKE.jpg\",\"contentUrl\":\"https:\/\/obcina.rogatec.si\/wp-content\/uploads\/2013\/04\/KD-LJUDSKE-PEVKE.jpg\",\"width\":1781,\"height\":1199},{\"@type\":\"BreadcrumbList\",\"@id\":\"https:\/\/obcina.rogatec.si\/drustva\/kulturno-drustvo-ljudske-pevke-rogatec\/#breadcrumb\",\"itemListElement\":[{\"@type\":\"ListItem\",\"position\":1,\"name\":\"Domov\",\"item\":\"https:\/\/obcina.rogatec.si\/\"},{\"@type\":\"ListItem\",\"position\":2,\"name\":\"Dru\u0161tva v ob\u010dini Rogatec\",\"item\":\"https:\/\/obcina.rogatec.si\/drustva\/\"},{\"@type\":\"ListItem\",\"position\":3,\"name\":\"Kulturno dru\u0161tvo \u00bbLjudske pevke\u00ab Rogatec\"}]},{\"@type\":\"WebSite\",\"@id\":\"https:\/\/obcina.rogatec.si\/#website\",\"url\":\"https:\/\/obcina.rogatec.si\/\",\"name\":\"Ob\u010dina Rogatec\",\"description\":\"Uradni spletni portal Ob\u010dine Rogatec\",\"publisher\":{\"@id\":\"https:\/\/obcina.rogatec.si\/#organization\"},\"potentialAction\":[{\"@type\":\"SearchAction\",\"target\":{\"@type\":\"EntryPoint\",\"urlTemplate\":\"https:\/\/obcina.rogatec.si\/?s={search_term_string}\"},\"query-input\":{\"@type\":\"PropertyValueSpecification\",\"valueRequired\":true,\"valueName\":\"search_term_string\"}}],\"inLanguage\":\"sl-SI\"},{\"@type\":\"Organization\",\"@id\":\"https:\/\/obcina.rogatec.si\/#organization\",\"name\":\"Ob\u010dina Rogatec\",\"url\":\"https:\/\/obcina.rogatec.si\/\",\"logo\":{\"@type\":\"ImageObject\",\"inLanguage\":\"sl-SI\",\"@id\":\"https:\/\/obcina.rogatec.si\/#\/schema\/logo\/image\/\",\"url\":\"https:\/\/obcina.rogatec.si\/wp-content\/uploads\/2021\/01\/ObcinaRogatec_col.png\",\"contentUrl\":\"https:\/\/obcina.rogatec.si\/wp-content\/uploads\/2021\/01\/ObcinaRogatec_col.png\",\"width\":275,\"height\":100,\"caption\":\"Ob\u010dina Rogatec\"},\"image\":{\"@id\":\"https:\/\/obcina.rogatec.si\/#\/schema\/logo\/image\/\"},\"sameAs\":[\"https:\/\/www.facebook.com\/VisitRogatec\/\",\"https:\/\/www.instagram.com\/visitrogatec\/\",\"https:\/\/www.youtube.com\/channel\/UC0j4SRaLd9oSppR8hwVd5tw\"]}]}<\/script>\n<!-- \/ Yoast SEO plugin. -->","yoast_head_json":{"title":"Kulturno dru\u0161tvo \u00bbLjudske pevke\u00ab Rogatec - Ob\u010dina Rogatec","robots":{"index":"index","follow":"follow","max-snippet":"max-snippet:-1","max-image-preview":"max-image-preview:large","max-video-preview":"max-video-preview:-1"},"canonical":"https:\/\/obcina.rogatec.si\/drustva\/kulturno-drustvo-ljudske-pevke-rogatec\/","og_locale":"sl_SI","og_type":"article","og_title":"Kulturno dru\u0161tvo \u00bbLjudske pevke\u00ab Rogatec - Ob\u010dina Rogatec","og_description":"Ljudske pevke iz Rogatca delujemo \u017ee od leta 1994, samostojno pa od leta 1999, v okviru kulturnega dru\u0161tva \u00bbLjudske pevke\u00ab. Pojemo na proslavah in sre\u010danjih ljudskih pevcev, gojimo staro ljudsko pesem. Pozimi igramo igre iz kme\u010dkega \u017eivljenja v na\u0161ih krajih, napisane po pripovedi starej\u0161ih ljudi. &nbsp; \u00a0 \u00a0 \u00a0 \u00a0 \u00a0 \u00a0 \u00a0 \u00a0 \u00a0 [&hellip;]","og_url":"https:\/\/obcina.rogatec.si\/drustva\/kulturno-drustvo-ljudske-pevke-rogatec\/","og_site_name":"Ob\u010dina Rogatec","article_publisher":"https:\/\/www.facebook.com\/VisitRogatec\/","article_modified_time":"2014-01-23T07:14:26+00:00","og_image":[{"url":"https:\/\/obcina.rogatec.si\/wp-content\/uploads\/2013\/04\/KD-LJUDSKE-PEVKE-300x201.jpg","type":"","width":"","height":""}],"twitter_card":"summary_large_image","schema":{"@context":"https:\/\/schema.org","@graph":[{"@type":"WebPage","@id":"https:\/\/obcina.rogatec.si\/drustva\/kulturno-drustvo-ljudske-pevke-rogatec\/","url":"https:\/\/obcina.rogatec.si\/drustva\/kulturno-drustvo-ljudske-pevke-rogatec\/","name":"Kulturno dru\u0161tvo \u00bbLjudske pevke\u00ab Rogatec - Ob\u010dina Rogatec","isPartOf":{"@id":"https:\/\/obcina.rogatec.si\/#website"},"primaryImageOfPage":{"@id":"https:\/\/obcina.rogatec.si\/drustva\/kulturno-drustvo-ljudske-pevke-rogatec\/#primaryimage"},"image":{"@id":"https:\/\/obcina.rogatec.si\/drustva\/kulturno-drustvo-ljudske-pevke-rogatec\/#primaryimage"},"thumbnailUrl":"https:\/\/obcina.rogatec.si\/wp-content\/uploads\/2013\/04\/KD-LJUDSKE-PEVKE-300x201.jpg","datePublished":"2013-04-07T12:41:49+00:00","dateModified":"2014-01-23T07:14:26+00:00","breadcrumb":{"@id":"https:\/\/obcina.rogatec.si\/drustva\/kulturno-drustvo-ljudske-pevke-rogatec\/#breadcrumb"},"inLanguage":"sl-SI","potentialAction":[{"@type":"ReadAction","target":["https:\/\/obcina.rogatec.si\/drustva\/kulturno-drustvo-ljudske-pevke-rogatec\/"]}]},{"@type":"ImageObject","inLanguage":"sl-SI","@id":"https:\/\/obcina.rogatec.si\/drustva\/kulturno-drustvo-ljudske-pevke-rogatec\/#primaryimage","url":"https:\/\/obcina.rogatec.si\/wp-content\/uploads\/2013\/04\/KD-LJUDSKE-PEVKE.jpg","contentUrl":"https:\/\/obcina.rogatec.si\/wp-content\/uploads\/2013\/04\/KD-LJUDSKE-PEVKE.jpg","width":1781,"height":1199},{"@type":"BreadcrumbList","@id":"https:\/\/obcina.rogatec.si\/drustva\/kulturno-drustvo-ljudske-pevke-rogatec\/#breadcrumb","itemListElement":[{"@type":"ListItem","position":1,"name":"Domov","item":"https:\/\/obcina.rogatec.si\/"},{"@type":"ListItem","position":2,"name":"Dru\u0161tva v ob\u010dini Rogatec","item":"https:\/\/obcina.rogatec.si\/drustva\/"},{"@type":"ListItem","position":3,"name":"Kulturno dru\u0161tvo \u00bbLjudske pevke\u00ab Rogatec"}]},{"@type":"WebSite","@id":"https:\/\/obcina.rogatec.si\/#website","url":"https:\/\/obcina.rogatec.si\/","name":"Ob\u010dina Rogatec","description":"Uradni spletni portal Ob\u010dine Rogatec","publisher":{"@id":"https:\/\/obcina.rogatec.si\/#organization"},"potentialAction":[{"@type":"SearchAction","target":{"@type":"EntryPoint","urlTemplate":"https:\/\/obcina.rogatec.si\/?s={search_term_string}"},"query-input":{"@type":"PropertyValueSpecification","valueRequired":true,"valueName":"search_term_string"}}],"inLanguage":"sl-SI"},{"@type":"Organization","@id":"https:\/\/obcina.rogatec.si\/#organization","name":"Ob\u010dina Rogatec","url":"https:\/\/obcina.rogatec.si\/","logo":{"@type":"ImageObject","inLanguage":"sl-SI","@id":"https:\/\/obcina.rogatec.si\/#\/schema\/logo\/image\/","url":"https:\/\/obcina.rogatec.si\/wp-content\/uploads\/2021\/01\/ObcinaRogatec_col.png","contentUrl":"https:\/\/obcina.rogatec.si\/wp-content\/uploads\/2021\/01\/ObcinaRogatec_col.png","width":275,"height":100,"caption":"Ob\u010dina Rogatec"},"image":{"@id":"https:\/\/obcina.rogatec.si\/#\/schema\/logo\/image\/"},"sameAs":["https:\/\/www.facebook.com\/VisitRogatec\/","https:\/\/www.instagram.com\/visitrogatec\/","https:\/\/www.youtube.com\/channel\/UC0j4SRaLd9oSppR8hwVd5tw"]}]}},"uagb_featured_image_src":{"full":false,"thumbnail":false,"medium":false,"medium_large":false,"large":false,"1536x1536":false,"2048x2048":false,"XXS":false,"XS":false,"S":false,"M":false,"L":false,"XL":false},"uagb_author_info":{"display_name":"Ob\u010dina Rogatec","author_link":"https:\/\/obcina.rogatec.si\/author\/vedran72\/"},"uagb_comment_info":0,"uagb_excerpt":"Ljudske pevke iz Rogatca delujemo \u017ee od leta 1994, samostojno pa od leta 1999, v okviru kulturnega dru\u0161tva \u00bbLjudske pevke\u00ab. Pojemo na proslavah in sre\u010danjih ljudskih pevcev, gojimo staro ljudsko pesem. Pozimi igramo igre iz kme\u010dkega \u017eivljenja v na\u0161ih krajih, napisane po pripovedi starej\u0161ih ljudi. &nbsp; \u00a0 \u00a0 \u00a0 \u00a0 \u00a0 \u00a0 \u00a0 \u00a0 \u00a0&hellip;","_links":{"self":[{"href":"https:\/\/obcina.rogatec.si\/wp-json\/wp\/v2\/pages\/212","targetHints":{"allow":["GET"]}}],"collection":[{"href":"https:\/\/obcina.rogatec.si\/wp-json\/wp\/v2\/pages"}],"about":[{"href":"https:\/\/obcina.rogatec.si\/wp-json\/wp\/v2\/types\/page"}],"author":[{"embeddable":true,"href":"https:\/\/obcina.rogatec.si\/wp-json\/wp\/v2\/users\/1"}],"replies":[{"embeddable":true,"href":"https:\/\/obcina.rogatec.si\/wp-json\/wp\/v2\/comments?post=212"}],"version-history":[{"count":5,"href":"https:\/\/obcina.rogatec.si\/wp-json\/wp\/v2\/pages\/212\/revisions"}],"predecessor-version":[{"id":6192,"href":"https:\/\/obcina.rogatec.si\/wp-json\/wp\/v2\/pages\/212\/revisions\/6192"}],"up":[{"embeddable":true,"href":"https:\/\/obcina.rogatec.si\/wp-json\/wp\/v2\/pages\/209"}],"wp:attachment":[{"href":"https:\/\/obcina.rogatec.si\/wp-json\/wp\/v2\/media?parent=212"}],"curies":[{"name":"wp","href":"https:\/\/api.w.org\/{rel}","templated":true}]}}