{"id":209,"date":"2013-04-07T12:40:18","date_gmt":"2013-04-07T12:40:18","guid":{"rendered":"https:\/\/obcina.rogatec.si\/?page_id=209"},"modified":"2024-11-28T10:39:24","modified_gmt":"2024-11-28T09:39:24","slug":"drustva","status":"publish","type":"page","link":"https:\/\/obcina.rogatec.si\/drustva\/","title":{"rendered":"Dru\u0161tva v ob\u010dini Rogatec"},"content":{"rendered":"<p><strong>PGD Rogatec<\/strong><br \/>\nCeljska cesta 9, 3252 Rogatec<br \/>\nKontaktna oseba: Mario Majeri\u0107, predsednik<br \/>\nTel.: 051 351 256<\/p>\n<p>e-mail: <a href=\"mailto:gasilec.rogatec@gmail.com\">gasilec.rogatec@gmail.com<\/a><\/p>\n<p>&nbsp;<\/p>\n<p><strong>PGD Dona\u010dka Gora<\/strong><strong><br \/>\n<\/strong>Dona\u010dka Gora, 3252 Rogatec<br \/>\nKontaktna oseba: Podhra\u0161ki Jo\u017ee, predsednik<br \/>\nTel.: 040 784 438<\/p>\n<p>e-mail: <a href=\"mailto:gasilci.donacka@gmail.com\">gasilci.donacka@gmail.com<\/a><\/p>\n<p>&nbsp;<\/p>\n<p><strong>PGD Dobovec<\/strong><br \/>\nDobovec pri Rogatcu, 3252 Rogatec<br \/>\nKontaktna oseba: Ale\u0161 Arti\u010d, predsednik<br \/>\nTel.: 040 678 531<\/p>\n<p>e-mail: <a href=\"mailto:pgd.dobovec@siol.net\">pgd.dobovec@siol.net<\/a><\/p>\n<p>&nbsp;<\/p>\n<p><strong>KULTURNO DRU\u0160TVO \u00bbANTON STEFANCIOSA\u00ab ROGATEC<\/strong><br \/>\nStrmolska ulica 6, 3252 Rogatec<br \/>\nSekcije:<br \/>\nFolklorna skupina \u2013 Laura Gregor\u010di\u010d \u2013 040 458 578<\/p>\n<p>e-mail: <a href=\"mailto:lavragre@gmail.com\">lavragre@gmail.com<\/a><\/p>\n<p>Me\u0161ani pevski zbor \u2013 Irena Brezov\u0161ek \u2013 040 567 157<\/p>\n<p>e-mail: <a href=\"mailto:irena.brezovsek1964@gmail.com\">irena.brezovsek1964@gmail.com<\/a><\/p>\n<p>&nbsp;<\/p>\n<p><strong>KULTURNO DRU\u0160TVO TAMBURA\u0160I ROGATEC<\/strong><br \/>\nStrmolska ulica 6, 3252 Rogatec<br \/>\nKontaktna oseba: Boris Kidri\u010d, predsednik<\/p>\n<p>Tel.: 040 419 668<\/p>\n<p>e-mail: <a href=\"mailto:boris.kidric@yahoo.com\">boris.kidric@yahoo.com<\/a><\/p>\n<p>&nbsp;<\/p>\n<p><a href=\"https:\/\/obcina.rogatec.si\/drustva\/kulturno-drustvo-ljudske-pevke-rogatec\/\"><strong>KULTURNO DRU\u0160TVO \u00bbLJUDSKE PEVKE\u00ab ROGATEC<\/strong><\/a><br \/>\nCeste 13, 3252 Rogatec<br \/>\nKontaktna oseba: Kristina Kores, predsednica<br \/>\nTel.:<\/p>\n<p>&nbsp;<\/p>\n<p><a href=\"https:\/\/obcina.rogatec.si\/drustva\/drustvo-zena-rogatec\/\"><strong>DRU\u0160TVO \u017dENA ROGATEC<\/strong><\/a><br \/>\nTrg 2, 3252 Rogatec<br \/>\n(dru\u0161tvo je v mirovanju)<\/p>\n<p>&nbsp;<\/p>\n<p><strong>DRU\u0160TVO UPOKOJENCEV ROGATEC<\/strong><br \/>\nSlom\u0161kova ulica, 3252 Rogatec<br \/>\nKontaktna oseba:\u00a0g. Velimir NOVAK<br \/>\nTel.: 03\/582-75-62<\/p>\n<p>&nbsp;<\/p>\n<p><strong>PLANINSKO DRU\u0160TVO \u00bbSLOGA\u00ab ROGATEC<\/strong><br \/>\nLerchingerjeva 1, 3252 Rogatec<br \/>\nKontaktna oseba: Harold Kri\u017eanec, predsednik<br \/>\nTel.: 031 853 736, int. stran: <a href=\"http:\/\/www.pd-sloga.si\/\">http:\/\/www.pd-sloga.si\/<\/a><\/p>\n<p>e-mail:\u00a0 <a href=\"mailto:sloga.rogatec@gmail.com\">hari.krizanec@gmail.com<\/a><\/p>\n<p>&nbsp;<\/p>\n<p><strong>DRU\u0160TVO RO\u010cNIH MO\u017dNARISTOV ROGATEC \u2013 ROGA\u0160KA<\/strong><br \/>\nTrg 1, 3252 Rogatec<br \/>\nKontaktna oseba: Martin \u0160lamberger, predsednik<br \/>\nTel.: 040 842 155<\/p>\n<p>&nbsp;<\/p>\n<p><strong>DRU\u0160TVO VINOGRADNIKOV IN KLETARJEV \u00bbGORCA\u00ab ROGATEC<\/strong><br \/>\nSlom\u0161kova ulica 9, 3252 Rogatec<br \/>\nKontaktna oseba: Leopold \u0160turbej, predsednik<br \/>\ntel: 030 787 411<br \/>\ne-mail: <a href=\"mailto:leopold.sturbej@siol.net\">leopold.sturbej@siol.net<\/a><\/p>\n<p>&nbsp;<\/p>\n<p><a href=\"https:\/\/obcina.rogatec.si\/drustva\/cebelarsko-drustvo-rogatec\/\"><strong>\u010cEBELARSKA DRU\u0160TVO ROGATEC<\/strong><\/a><\/p>\n<p>Trg\u00a0 1, 3252 Rogatec<br \/>\nKontaktna oseba: Julijan REBI\u010c, predsednik<br \/>\nTel.: 03\/582-65-09, 03\/ 810 6006<br \/>\n<a href=\"http:\/\/www.storzek.net\/cebelarstvo-pavlovic\/si\/cd_rogatec.html\">http:\/\/www.storzek.net\/cebelarstvo-pavlovic\/si\/cd_rogatec.html<\/a><\/p>\n<p>e-mail: julijan.rebic@gmail.com<\/p>\n<p>&nbsp;<\/p>\n<p><strong>LOVSKA DRU\u017dINA ROGATEC<\/strong><br \/>\nSlom\u0161kova ulica, 3252 Rogatec<br \/>\nKontaktna oseba:\u00a0Davorin Pezder\u0161ek<br \/>\nTel.: 051371953<\/p>\n<p>e-mail: lovskadrogatec@gmail.com<\/p>\n<p>&nbsp;<\/p>\n<p><strong>RIBI\u0160KO DRU\u0160TVO ROGATEC<\/strong><br \/>\nCeste 11, 3252 Rogatec<br \/>\nKontaktna oseba:\u00a0Marijan KOVA\u010cI\u010c, predsednik<br \/>\nTel.:<\/p>\n<p>e-mail: <a href=\"mailto:koda.kovacic@gmail.com\">koda.kovacic@gmail.com<\/a><\/p>\n<p>&nbsp;<\/p>\n<p><a href=\"https:\/\/obcina.rogatec.si\/drustva\/konjeniski-klub-strmol\/\"><strong>KONJENI\u0160KI KLUB STRMOL<\/strong><\/a><br \/>\nPtujska cesta 21, 3252 Rogatec<br \/>\nKontaktna oseba: Linda Hubat, predsednica<br \/>\nTel.: 040 377 485<\/p>\n<p>e-mail: <a href=\"mailto:kkstrmol@gmail.com\">kkstrmol@gmail.com<\/a><\/p>\n<p>&nbsp;<\/p>\n<p><strong>TENIS KLUB ROGATEC<\/strong><\/p>\n<p>Vinska pot 4, 3252 Rogatec<br \/>\nKontaktna oseba:\u00a0Simon JUTRI\u0160A, predsednik<br \/>\nTel.: 03 810 7113<\/p>\n<p>e-mail: <a href=\"mailto:simon.jutrisa@gmail.com\">simon.jutrisa@gmail.com<\/a><\/p>\n<p>&nbsp;<\/p>\n<p><strong>JADRALNO PADALSKI KLUB DONA\u010cKA GORA<\/strong><br \/>\nPtujska cesta 31, 3252 Rogatec<br \/>\nKontaktna oseba:\u00a0Damjan Adam, predsednik<br \/>\nTel: 040 500 506<\/p>\n<p>e-mail: <a href=\"mailto:damjan.adam@gmail.com\">damjan.adam@gmail.com<\/a><\/p>\n<p>&nbsp;<\/p>\n<p><a href=\"https:\/\/obcina.rogatec.si\/drustva\/nk-mons-claudius\/\"><strong>NK MONS CLAUDIUS<\/strong><\/a><br \/>\nPtujska cesta 30, 3252 Rogatec<br \/>\nKontaktna oseba: Andrej Krivec, predsednik<br \/>\nTel.:<\/p>\n<p>e-mail: <a href=\"mailto:monsclaudius@gmail.com\">monsclaudius@gmail.com<\/a><\/p>\n<p>&nbsp;<\/p>\n<p><strong>FUTSAL KLUB DOBOVEC<\/strong><br \/>\nDobovec pri Rogatcu 35e, 3252 Rogatec<br \/>\nKontaktna oseba: Marko Krivec, predsednik<br \/>\nTel.: 031 671 277<br \/>\n<a href=\"http:\/\/fc-dobovec.eu\/\">http:\/\/fc-dobovec.eu<\/a><\/p>\n<p>&nbsp;<\/p>\n<p><strong>DRU\u0160TVO \u017dENA DONACKA GORA<\/strong><br \/>\nTlake 28, 3252 Rogatec<br \/>\nKontaktna oseba:\u00a0Agica KUNSTEK, predsednica<br \/>\nTel.:<\/p>\n<p>e-mail: <a href=\"mailto:akunstek@siol.net\">akunstek@siol.net<\/a><\/p>\n<p>&nbsp;<\/p>\n<p><a href=\"https:\/\/obcina.rogatec.si\/drustvo-prijateljev-rogatca\/\"><strong>DRU\u0160TVO PRIJATELJEV ROGATCA<\/strong><\/a><\/p>\n<p>Ptujska cesta 23, 3252 Rogatec<br \/>\nKontaktna oseba: Franc Kregar, predsednik<br \/>\nTel.:<\/p>\n<p>e-mail: <a href=\"mailto:franc.kregar@t-1.si\">franc.kregar@t-1.si<\/a><\/p>\n<p>&nbsp;<\/p>\n<p><strong>DRU\u0160TVO LIKOVNIKOV ROGATEC<\/strong><br \/>\nTrg 1, 3252 Rogatec<br \/>\nKontaktna oseba: Verica Esih, predsednica<\/p>\n<p>&nbsp;<\/p>\n<p><a href=\"https:\/\/obcina.rogatec.si\/drustva\/drustvo-kmeckih-zena-sv-rok\/\"><strong>DRU\u0160TVO KMECKIH \u017dENA SV. ROK OB SOTLI<\/strong><\/a><br \/>\nDobovec 38, 3252 Rogatec<br \/>\nKontaktna oseba: Olga Cesarec, predsednica<br \/>\nTel.: 03\/582-66-06<\/p>\n<p>po\u0161ta: <a href=\"mailto:olga.cesarec@siol.net\">olga.cesarec@siol.net<\/a><\/p>\n<p>&nbsp;<\/p>\n<p><strong>\u0160PORTNO DRU\u0160TVO O\u0160 ROGATEC<\/strong><br \/>\nPtujska cesta 30, Rogatec<br \/>\nKontaktna oseba: Marko Her\u010dek<\/p>\n<p>e-mail: <a href=\"mailto:marko.hercek@quest.arnes.si\">marko.hercek@quest.arnes.si<\/a><\/p>\n<p>&nbsp;<\/p>\n<p><strong>\u0160PORTNO DRU\u0160TVO GABERJE \u2013 DONA\u010cKA<\/strong><br \/>\n\u017dahenberc 48a, Rogatec<br \/>\nKontaktna oseba: Andrej Vodu\u0161ek, predsednik<\/p>\n<p>&nbsp;<\/p>\n<p><a href=\"https:\/\/obcina.rogatec.si\/tarok-drustvo-rogatec-rogaska\/\"><strong>TAROK DRU\u0160TVO ROGATEC-ROGA\u0160KA<\/strong><\/a><br \/>\nMaistrova 1, 3252 Rogatec<br \/>\nKontaktna oseba: Leopold Plav\u010dak, predsednik<\/p>\n<p>e-mail: plavcakleopold@gmail.com<\/p>\n<p>&nbsp;<\/p>\n<p><strong>DRU\u0160TVO SLOVENSKIH DR\u017dAVLJANOV, UPOKOJENIH V DRUGIH REPUBLIKAH NEKDANJE SFRJ<\/strong><\/p>\n<p>\u0160orlijeva ulica 12, 3252 Rogatec<br \/>\nKontaktna oseba: Gabrijel Pust, predsednik<\/p>\n<p>&nbsp;<\/p>\n<p><strong>Klub malega nogometa ARGENTINA ROGATEC 1998<\/strong><br \/>\nCeste 6, 3252 Rogatec<br \/>\nKontaktna oseba: g. Krklec BRUNO<\/p>\n<p>&nbsp;<\/p>\n<p><strong>\u0160PORTNO DRU\u0160TVO \u00bbGAMSI\u00ab<\/strong><\/p>\n<p>Kontaktna oseba: Du\u0161an Vuk, predsednik<\/p>\n<p>Tel.: 040 827 437<\/p>\n<p>e-mail: <a href=\"mailto:dule.gams@gmail.com\">dule.gams@gmail.com<\/a>, <a href=\"mailto:sdgamsizahenberc@gmail.com\">sdgamsizahenberc@gmail.com<\/a><\/p>\n<p>&nbsp;<\/p>\n<p><strong>MLADINSKO DRU\u0160TVO ROGATEC<\/strong><br \/>\nTrg 18, 3252 Rogatec<br \/>\nKontaktna oseba: Anja Polaj\u017eer, predsednica<br \/>\ne-mail:\u00a0<a href=\"mailto:mladinskod.rogatec@gmail.com\">mladinskod.rogatec@gmail.com<\/a><\/p>\n","protected":false},"excerpt":{"rendered":"<p>PGD Rogatec Celjska cesta 9, 3252 Rogatec Kontaktna oseba: Mario Majeri\u0107, predsednik Tel.: 051 351 256 e-mail: gasilec.rogatec@gmail.com &nbsp; PGD Dona\u010dka Gora Dona\u010dka Gora, 3252 Rogatec Kontaktna oseba: Podhra\u0161ki Jo\u017ee, predsednik Tel.: 040 784 438 e-mail: gasilci.donacka@gmail.com &nbsp; PGD Dobovec Dobovec pri Rogatcu, 3252 Rogatec Kontaktna oseba: Ale\u0161 Arti\u010d, predsednik Tel.: 040 678 531 e-mail: [&hellip;]<\/p>\n","protected":false},"author":1,"featured_media":0,"parent":0,"menu_order":0,"comment_status":"open","ping_status":"open","template":"","meta":{"_uag_custom_page_level_css":"","footnotes":""},"class_list":["post-209","page","type-page","status-publish","hentry"],"yoast_head":"<!-- This site is optimized with the Yoast SEO plugin v27.2 - https:\/\/yoast.com\/product\/yoast-seo-wordpress\/ -->\n<title>Dru\u0161tva v ob\u010dini Rogatec - Ob\u010dina Rogatec<\/title>\n<meta name=\"robots\" content=\"index, follow, max-snippet:-1, max-image-preview:large, max-video-preview:-1\" \/>\n<link rel=\"canonical\" href=\"https:\/\/obcina.rogatec.si\/drustva\/\" \/>\n<meta property=\"og:locale\" content=\"sl_SI\" \/>\n<meta property=\"og:type\" content=\"article\" \/>\n<meta property=\"og:title\" content=\"Dru\u0161tva v ob\u010dini Rogatec - Ob\u010dina Rogatec\" \/>\n<meta property=\"og:description\" content=\"PGD Rogatec Celjska cesta 9, 3252 Rogatec Kontaktna oseba: Mario Majeri\u0107, predsednik Tel.: 051 351 256 e-mail: gasilec.rogatec@gmail.com &nbsp; PGD Dona\u010dka Gora Dona\u010dka Gora, 3252 Rogatec Kontaktna oseba: Podhra\u0161ki Jo\u017ee, predsednik Tel.: 040 784 438 e-mail: gasilci.donacka@gmail.com &nbsp; PGD Dobovec Dobovec pri Rogatcu, 3252 Rogatec Kontaktna oseba: Ale\u0161 Arti\u010d, predsednik Tel.: 040 678 531 e-mail: [&hellip;]\" \/>\n<meta property=\"og:url\" content=\"https:\/\/obcina.rogatec.si\/drustva\/\" \/>\n<meta property=\"og:site_name\" content=\"Ob\u010dina Rogatec\" \/>\n<meta property=\"article:publisher\" content=\"https:\/\/www.facebook.com\/VisitRogatec\/\" \/>\n<meta property=\"article:modified_time\" content=\"2024-11-28T09:39:24+00:00\" \/>\n<meta property=\"og:image\" content=\"https:\/\/obcina.rogatec.si\/wp-content\/uploads\/2013\/10\/MUZEJ-NA-PROSTEM-ROGATEC.jpg\" \/>\n\t<meta property=\"og:image:width\" content=\"1900\" \/>\n\t<meta property=\"og:image:height\" content=\"1262\" \/>\n\t<meta property=\"og:image:type\" content=\"image\/jpeg\" \/>\n<meta name=\"twitter:card\" content=\"summary_large_image\" \/>\n<meta name=\"twitter:label1\" content=\"Est. reading time\" \/>\n\t<meta name=\"twitter:data1\" content=\"3 minute\" \/>\n<script type=\"application\/ld+json\" class=\"yoast-schema-graph\">{\"@context\":\"https:\/\/schema.org\",\"@graph\":[{\"@type\":\"WebPage\",\"@id\":\"https:\/\/obcina.rogatec.si\/drustva\/\",\"url\":\"https:\/\/obcina.rogatec.si\/drustva\/\",\"name\":\"Dru\u0161tva v ob\u010dini Rogatec - Ob\u010dina Rogatec\",\"isPartOf\":{\"@id\":\"https:\/\/obcina.rogatec.si\/#website\"},\"datePublished\":\"2013-04-07T12:40:18+00:00\",\"dateModified\":\"2024-11-28T09:39:24+00:00\",\"breadcrumb\":{\"@id\":\"https:\/\/obcina.rogatec.si\/drustva\/#breadcrumb\"},\"inLanguage\":\"sl-SI\",\"potentialAction\":[{\"@type\":\"ReadAction\",\"target\":[\"https:\/\/obcina.rogatec.si\/drustva\/\"]}]},{\"@type\":\"BreadcrumbList\",\"@id\":\"https:\/\/obcina.rogatec.si\/drustva\/#breadcrumb\",\"itemListElement\":[{\"@type\":\"ListItem\",\"position\":1,\"name\":\"Domov\",\"item\":\"https:\/\/obcina.rogatec.si\/\"},{\"@type\":\"ListItem\",\"position\":2,\"name\":\"Dru\u0161tva v ob\u010dini Rogatec\"}]},{\"@type\":\"WebSite\",\"@id\":\"https:\/\/obcina.rogatec.si\/#website\",\"url\":\"https:\/\/obcina.rogatec.si\/\",\"name\":\"Ob\u010dina Rogatec\",\"description\":\"Uradni spletni portal Ob\u010dine Rogatec\",\"publisher\":{\"@id\":\"https:\/\/obcina.rogatec.si\/#organization\"},\"potentialAction\":[{\"@type\":\"SearchAction\",\"target\":{\"@type\":\"EntryPoint\",\"urlTemplate\":\"https:\/\/obcina.rogatec.si\/?s={search_term_string}\"},\"query-input\":{\"@type\":\"PropertyValueSpecification\",\"valueRequired\":true,\"valueName\":\"search_term_string\"}}],\"inLanguage\":\"sl-SI\"},{\"@type\":\"Organization\",\"@id\":\"https:\/\/obcina.rogatec.si\/#organization\",\"name\":\"Ob\u010dina Rogatec\",\"url\":\"https:\/\/obcina.rogatec.si\/\",\"logo\":{\"@type\":\"ImageObject\",\"inLanguage\":\"sl-SI\",\"@id\":\"https:\/\/obcina.rogatec.si\/#\/schema\/logo\/image\/\",\"url\":\"https:\/\/obcina.rogatec.si\/wp-content\/uploads\/2021\/01\/ObcinaRogatec_col.png\",\"contentUrl\":\"https:\/\/obcina.rogatec.si\/wp-content\/uploads\/2021\/01\/ObcinaRogatec_col.png\",\"width\":275,\"height\":100,\"caption\":\"Ob\u010dina Rogatec\"},\"image\":{\"@id\":\"https:\/\/obcina.rogatec.si\/#\/schema\/logo\/image\/\"},\"sameAs\":[\"https:\/\/www.facebook.com\/VisitRogatec\/\",\"https:\/\/www.instagram.com\/visitrogatec\/\",\"https:\/\/www.youtube.com\/channel\/UC0j4SRaLd9oSppR8hwVd5tw\"]}]}<\/script>\n<!-- \/ Yoast SEO plugin. -->","yoast_head_json":{"title":"Dru\u0161tva v ob\u010dini Rogatec - Ob\u010dina Rogatec","robots":{"index":"index","follow":"follow","max-snippet":"max-snippet:-1","max-image-preview":"max-image-preview:large","max-video-preview":"max-video-preview:-1"},"canonical":"https:\/\/obcina.rogatec.si\/drustva\/","og_locale":"sl_SI","og_type":"article","og_title":"Dru\u0161tva v ob\u010dini Rogatec - Ob\u010dina Rogatec","og_description":"PGD Rogatec Celjska cesta 9, 3252 Rogatec Kontaktna oseba: Mario Majeri\u0107, predsednik Tel.: 051 351 256 e-mail: gasilec.rogatec@gmail.com &nbsp; PGD Dona\u010dka Gora Dona\u010dka Gora, 3252 Rogatec Kontaktna oseba: Podhra\u0161ki Jo\u017ee, predsednik Tel.: 040 784 438 e-mail: gasilci.donacka@gmail.com &nbsp; PGD Dobovec Dobovec pri Rogatcu, 3252 Rogatec Kontaktna oseba: Ale\u0161 Arti\u010d, predsednik Tel.: 040 678 531 e-mail: [&hellip;]","og_url":"https:\/\/obcina.rogatec.si\/drustva\/","og_site_name":"Ob\u010dina Rogatec","article_publisher":"https:\/\/www.facebook.com\/VisitRogatec\/","article_modified_time":"2024-11-28T09:39:24+00:00","og_image":[{"width":1900,"height":1262,"url":"https:\/\/obcina.rogatec.si\/wp-content\/uploads\/2013\/10\/MUZEJ-NA-PROSTEM-ROGATEC.jpg","type":"image\/jpeg"}],"twitter_card":"summary_large_image","twitter_misc":{"Est. reading time":"3 minute"},"schema":{"@context":"https:\/\/schema.org","@graph":[{"@type":"WebPage","@id":"https:\/\/obcina.rogatec.si\/drustva\/","url":"https:\/\/obcina.rogatec.si\/drustva\/","name":"Dru\u0161tva v ob\u010dini Rogatec - Ob\u010dina Rogatec","isPartOf":{"@id":"https:\/\/obcina.rogatec.si\/#website"},"datePublished":"2013-04-07T12:40:18+00:00","dateModified":"2024-11-28T09:39:24+00:00","breadcrumb":{"@id":"https:\/\/obcina.rogatec.si\/drustva\/#breadcrumb"},"inLanguage":"sl-SI","potentialAction":[{"@type":"ReadAction","target":["https:\/\/obcina.rogatec.si\/drustva\/"]}]},{"@type":"BreadcrumbList","@id":"https:\/\/obcina.rogatec.si\/drustva\/#breadcrumb","itemListElement":[{"@type":"ListItem","position":1,"name":"Domov","item":"https:\/\/obcina.rogatec.si\/"},{"@type":"ListItem","position":2,"name":"Dru\u0161tva v ob\u010dini Rogatec"}]},{"@type":"WebSite","@id":"https:\/\/obcina.rogatec.si\/#website","url":"https:\/\/obcina.rogatec.si\/","name":"Ob\u010dina Rogatec","description":"Uradni spletni portal Ob\u010dine Rogatec","publisher":{"@id":"https:\/\/obcina.rogatec.si\/#organization"},"potentialAction":[{"@type":"SearchAction","target":{"@type":"EntryPoint","urlTemplate":"https:\/\/obcina.rogatec.si\/?s={search_term_string}"},"query-input":{"@type":"PropertyValueSpecification","valueRequired":true,"valueName":"search_term_string"}}],"inLanguage":"sl-SI"},{"@type":"Organization","@id":"https:\/\/obcina.rogatec.si\/#organization","name":"Ob\u010dina Rogatec","url":"https:\/\/obcina.rogatec.si\/","logo":{"@type":"ImageObject","inLanguage":"sl-SI","@id":"https:\/\/obcina.rogatec.si\/#\/schema\/logo\/image\/","url":"https:\/\/obcina.rogatec.si\/wp-content\/uploads\/2021\/01\/ObcinaRogatec_col.png","contentUrl":"https:\/\/obcina.rogatec.si\/wp-content\/uploads\/2021\/01\/ObcinaRogatec_col.png","width":275,"height":100,"caption":"Ob\u010dina Rogatec"},"image":{"@id":"https:\/\/obcina.rogatec.si\/#\/schema\/logo\/image\/"},"sameAs":["https:\/\/www.facebook.com\/VisitRogatec\/","https:\/\/www.instagram.com\/visitrogatec\/","https:\/\/www.youtube.com\/channel\/UC0j4SRaLd9oSppR8hwVd5tw"]}]}},"uagb_featured_image_src":{"full":false,"thumbnail":false,"medium":false,"medium_large":false,"large":false,"1536x1536":false,"2048x2048":false,"XXS":false,"XS":false,"S":false,"M":false,"L":false,"XL":false},"uagb_author_info":{"display_name":"Ob\u010dina Rogatec","author_link":"https:\/\/obcina.rogatec.si\/author\/vedran72\/"},"uagb_comment_info":0,"uagb_excerpt":"PGD Rogatec Celjska cesta 9, 3252 Rogatec Kontaktna oseba: Mario Majeri\u0107, predsednik Tel.: 051 351 256 e-mail: gasilec.rogatec@gmail.com &nbsp; PGD Dona\u010dka Gora Dona\u010dka Gora, 3252 Rogatec Kontaktna oseba: Podhra\u0161ki Jo\u017ee, predsednik Tel.: 040 784 438 e-mail: gasilci.donacka@gmail.com &nbsp; PGD Dobovec Dobovec pri Rogatcu, 3252 Rogatec Kontaktna oseba: Ale\u0161 Arti\u010d, predsednik Tel.: 040 678 531 e-mail:&hellip;","_links":{"self":[{"href":"https:\/\/obcina.rogatec.si\/wp-json\/wp\/v2\/pages\/209","targetHints":{"allow":["GET"]}}],"collection":[{"href":"https:\/\/obcina.rogatec.si\/wp-json\/wp\/v2\/pages"}],"about":[{"href":"https:\/\/obcina.rogatec.si\/wp-json\/wp\/v2\/types\/page"}],"author":[{"embeddable":true,"href":"https:\/\/obcina.rogatec.si\/wp-json\/wp\/v2\/users\/1"}],"replies":[{"embeddable":true,"href":"https:\/\/obcina.rogatec.si\/wp-json\/wp\/v2\/comments?post=209"}],"version-history":[{"count":63,"href":"https:\/\/obcina.rogatec.si\/wp-json\/wp\/v2\/pages\/209\/revisions"}],"predecessor-version":[{"id":509918,"href":"https:\/\/obcina.rogatec.si\/wp-json\/wp\/v2\/pages\/209\/revisions\/509918"}],"wp:attachment":[{"href":"https:\/\/obcina.rogatec.si\/wp-json\/wp\/v2\/media?parent=209"}],"curies":[{"name":"wp","href":"https:\/\/api.w.org\/{rel}","templated":true}]}}