{"id":205,"date":"2013-04-07T12:35:59","date_gmt":"2013-04-07T12:35:59","guid":{"rendered":"https:\/\/obcina.rogatec.si\/?page_id=205"},"modified":"2014-05-29T11:51:03","modified_gmt":"2014-05-29T09:51:03","slug":"pomembnejsi-gospodarski-subjekti-v-obcini-rogatec-in-okolici","status":"publish","type":"page","link":"https:\/\/obcina.rogatec.si\/gospodarstvo\/pomembnejsi-gospodarski-subjekti-v-obcini-rogatec-in-okolici\/","title":{"rendered":"Obrt in podjetni\u0161tvo"},"content":{"rendered":"<p><b>SUBVENCIJE ZA POSPE\u0160EVANJE ZAPOSLOVANJA<\/b><\/p>\n<p>V letu 2007 je ob\u010dinski svet Ob\u010dine Rogatec \u00a0sprejel <b>Pravilnik o dodeljevanju prora\u010dunskih sredstev za pospe\u0161evanje zaposlovanja v ob\u010dini Rogatec<\/b>, s katerim je ob\u010dina uvedla subvencije v obliki\u00a0<b> nepovratnih sredstev za nove zaposlitve ali samozaposlitve<\/b>. Nepovratna sredstva, ki jo lahko pridobijo gospodarski subjekti (mikro in majhne dru\u017ebe ter samostojni podjetniki) in fizi\u010dne osebe ob zaposlitvi oziroma samozaposlitvi zna\u0161a 1.700 \u20ac.<br \/>\n<b>Pogoji za pridobitev subvencije so vezani na:<\/b><b><br \/>\n<\/b>\u2022 zaposlitev \/ samozaposlitev osebe, ki je bila na Zavodu za zaposlovanje RS prijavljena kot brezposelna oseba, najmanj dva meseca pred dnem zaposlitve,<br \/>\n\u2022 sklenitev zaposlitve \/ samozaposlitve za nedolo\u010den \u010das,<br \/>\n\u2022 sede\u017e pravne ali fizi\u010dne osebe ali enoto registrirano v ob\u010dini Rogatec,<br \/>\n\u2022 zaposlitev \/ samozaposlitev ob\u010danov ob\u010dine Rogatec.<\/p>\n<p>Informacije glede javnega razpisa: mag. Suzana LIKAR &#8211; tel. 03\/812 10 24.<\/p>\n<p>&nbsp;<\/p>\n<p>&nbsp;<\/p>\n<p><strong>Informacijske to\u010dke za podjetnike:<\/strong><\/p>\n<p><a href=\"http:\/\/www.ooz-smarje.si\/\">Obrtno podjetni\u0161ka zbornica \u0160marje pri Jel\u0161ah<\/a><\/p>\n<p><a href=\"http:\/\/www.ra-sotla.si\/\">Razvojna agencija Sotla<\/a><\/p>\n<p><a href=\"http:\/\/www.rasr.si\/si\/\">Razvojna agencija Savinjske regije<\/a><\/p>\n<p><a href=\"http:\/\/www.podjetniskisklad.si\/\">Slovenski podjetni\u0161ki sklad<\/a><\/p>\n<p>&nbsp;<\/p>\n<p><strong>POSLOVNE CONE &#8211; OB\u010cINA ROGATEC<\/strong><\/p>\n<p>&nbsp;<\/p>\n<p><a href=\"https:\/\/obcina.rogatec.si\/wp-content\/uploads\/2013\/04\/CONE-SKUPAJ.jpg\"><img loading=\"lazy\" decoding=\"async\" class=\"alignnone size-medium wp-image-180983\" alt=\"CONE OB\u010cINA ROGATEC\" src=\"https:\/\/obcina.rogatec.si\/wp-content\/uploads\/2013\/04\/CONE-SKUPAJ-300x300.jpg\" width=\"300\" height=\"300\" srcset=\"https:\/\/obcina.rogatec.si\/wp-content\/uploads\/2013\/04\/CONE-SKUPAJ-300x300.jpg 300w, https:\/\/obcina.rogatec.si\/wp-content\/uploads\/2013\/04\/CONE-SKUPAJ-150x150.jpg 150w, https:\/\/obcina.rogatec.si\/wp-content\/uploads\/2013\/04\/CONE-SKUPAJ-1024x1024.jpg 1024w, https:\/\/obcina.rogatec.si\/wp-content\/uploads\/2013\/04\/CONE-SKUPAJ-109x109.jpg 109w, https:\/\/obcina.rogatec.si\/wp-content\/uploads\/2013\/04\/CONE-SKUPAJ-100x100.jpg 100w, https:\/\/obcina.rogatec.si\/wp-content\/uploads\/2013\/04\/CONE-SKUPAJ.jpg 1600w\" sizes=\"auto, (max-width: 300px) 100vw, 300px\" \/><\/a><\/p>\n<p><strong>STANOVANJSKE DEJAVNOSTI<\/strong><\/p>\n<p><a href=\"https:\/\/obcina.rogatec.si\/wp-content\/uploads\/2013\/04\/RO22.pdf\">RO22<\/a>\u00a0&#8211; Rogatec &#8211; bloki ob Hofmanovi ulici<\/p>\n<p><a href=\"https:\/\/obcina.rogatec.si\/wp-content\/uploads\/2013\/04\/RO34ZN.pdf\">RO34ZN<\/a>\u00a0&#8211; Rogatec &#8211; nova stanovanjska soseska S5<\/p>\n<p><strong>OBMO\u010cJE ZA TURIZEM<\/strong><\/p>\n<p><a href=\"https:\/\/obcina.rogatec.si\/wp-content\/uploads\/2013\/04\/RO36.pdf\">RO36<\/a>\u00a0&#8211; Rogatec &#8211; obmo\u010dje za turizem<\/p>\n<p><a href=\"https:\/\/obcina.rogatec.si\/wp-content\/uploads\/2013\/04\/RO43.pdf\">RO43<\/a>\u00a0&#8211; TLAKE &#8211; EKO zdravili\u0161\u010de<\/p>\n<p><strong>GOSPODARSKE IN INDUSTRIJSKE DEJAVNOSTI<\/strong><\/p>\n<p><a href=\"https:\/\/obcina.rogatec.si\/wp-content\/uploads\/2013\/04\/RO08.pdf\">RO08<\/a>\u00a0&#8211; Rogatec &#8211; gospodarska cona &#8211; parkiri\u0161\u010de<\/p>\n<p><a href=\"https:\/\/obcina.rogatec.si\/wp-content\/uploads\/2013\/04\/RO09.pdf\">RO09<\/a>\u00a0&#8211; Rogatec &#8211; gospodarska cona &#8211; nepozidani del<\/p>\n<p><a href=\"https:\/\/obcina.rogatec.si\/wp-content\/uploads\/2013\/04\/RO18.pdf\">RO18<\/a>\u00a0&#8211; Rogatec &#8211; proizvodne povr\u0161ine &#8211; Gorenje<\/p>\n<p><strong>CENTRALNE DEJAVNOSTI<\/strong><\/p>\n<p><a href=\"https:\/\/obcina.rogatec.si\/wp-content\/uploads\/2013\/04\/RO02.pdf\">RO02<\/a>\u00a0&#8211; Rogatec &#8211; centralne povr\u0161ine med GII in \u017eelezni\u0161ko progo, ob bencinski \u010drpalki<\/p>\n<p><a href=\"https:\/\/obcina.rogatec.si\/wp-content\/uploads\/2013\/04\/RO17.pdf\">RO17<\/a>\u00a0&#8211;\u00a0Rogatec &#8211; centralne povr\u0161ine med GII in \u017eelezni\u0161ko progo<\/p>\n<p><a href=\"https:\/\/obcina.rogatec.si\/wp-content\/uploads\/2013\/04\/RO23.pdf\">RO23<\/a>\u00a0&#8211;\u00a0Rogatec &#8211; centralne povr\u0161ine med GII in \u017eelezni\u0161ko progo<\/p>\n<p>&nbsp;<\/p>\n<p><a href=\"http:\/\/poslovna-savinjska.si\/sl\">Poslovne nepremi\u010dnine v Savinjski regiji<\/a><\/p>\n","protected":false},"excerpt":{"rendered":"<p>SUBVENCIJE ZA POSPE\u0160EVANJE ZAPOSLOVANJA V letu 2007 je ob\u010dinski svet Ob\u010dine Rogatec \u00a0sprejel Pravilnik o dodeljevanju prora\u010dunskih sredstev za pospe\u0161evanje zaposlovanja v ob\u010dini Rogatec, s katerim je ob\u010dina uvedla subvencije v obliki\u00a0 nepovratnih sredstev za nove zaposlitve ali samozaposlitve. Nepovratna sredstva, ki jo lahko pridobijo gospodarski subjekti (mikro in majhne dru\u017ebe ter samostojni podjetniki) in [&hellip;]<\/p>\n","protected":false},"author":1,"featured_media":0,"parent":177,"menu_order":0,"comment_status":"open","ping_status":"open","template":"","meta":{"_uag_custom_page_level_css":"","footnotes":""},"class_list":["post-205","page","type-page","status-publish","hentry"],"yoast_head":"<!-- This site is optimized with the Yoast SEO plugin v27.2 - https:\/\/yoast.com\/product\/yoast-seo-wordpress\/ -->\n<title>Obrt in podjetni\u0161tvo - Ob\u010dina Rogatec<\/title>\n<meta name=\"robots\" content=\"index, follow, max-snippet:-1, max-image-preview:large, max-video-preview:-1\" \/>\n<link rel=\"canonical\" href=\"https:\/\/obcina.rogatec.si\/gospodarstvo\/pomembnejsi-gospodarski-subjekti-v-obcini-rogatec-in-okolici\/\" \/>\n<meta property=\"og:locale\" content=\"sl_SI\" \/>\n<meta property=\"og:type\" content=\"article\" \/>\n<meta property=\"og:title\" content=\"Obrt in podjetni\u0161tvo - Ob\u010dina Rogatec\" \/>\n<meta property=\"og:description\" content=\"SUBVENCIJE ZA POSPE\u0160EVANJE ZAPOSLOVANJA V letu 2007 je ob\u010dinski svet Ob\u010dine Rogatec \u00a0sprejel Pravilnik o dodeljevanju prora\u010dunskih sredstev za pospe\u0161evanje zaposlovanja v ob\u010dini Rogatec, s katerim je ob\u010dina uvedla subvencije v obliki\u00a0 nepovratnih sredstev za nove zaposlitve ali samozaposlitve. Nepovratna sredstva, ki jo lahko pridobijo gospodarski subjekti (mikro in majhne dru\u017ebe ter samostojni podjetniki) in [&hellip;]\" \/>\n<meta property=\"og:url\" content=\"https:\/\/obcina.rogatec.si\/gospodarstvo\/pomembnejsi-gospodarski-subjekti-v-obcini-rogatec-in-okolici\/\" \/>\n<meta property=\"og:site_name\" content=\"Ob\u010dina Rogatec\" \/>\n<meta property=\"article:publisher\" content=\"https:\/\/www.facebook.com\/VisitRogatec\/\" \/>\n<meta property=\"article:modified_time\" content=\"2014-05-29T09:51:03+00:00\" \/>\n<meta property=\"og:image\" content=\"https:\/\/obcina.rogatec.si\/wp-content\/uploads\/2013\/04\/CONE-SKUPAJ-300x300.jpg\" \/>\n<meta name=\"twitter:card\" content=\"summary_large_image\" \/>\n<meta name=\"twitter:label1\" content=\"Est. reading time\" \/>\n\t<meta name=\"twitter:data1\" content=\"1 minuta\" \/>\n<script type=\"application\/ld+json\" class=\"yoast-schema-graph\">{\"@context\":\"https:\/\/schema.org\",\"@graph\":[{\"@type\":\"WebPage\",\"@id\":\"https:\/\/obcina.rogatec.si\/gospodarstvo\/pomembnejsi-gospodarski-subjekti-v-obcini-rogatec-in-okolici\/\",\"url\":\"https:\/\/obcina.rogatec.si\/gospodarstvo\/pomembnejsi-gospodarski-subjekti-v-obcini-rogatec-in-okolici\/\",\"name\":\"Obrt in podjetni\u0161tvo - Ob\u010dina Rogatec\",\"isPartOf\":{\"@id\":\"https:\/\/obcina.rogatec.si\/#website\"},\"primaryImageOfPage\":{\"@id\":\"https:\/\/obcina.rogatec.si\/gospodarstvo\/pomembnejsi-gospodarski-subjekti-v-obcini-rogatec-in-okolici\/#primaryimage\"},\"image\":{\"@id\":\"https:\/\/obcina.rogatec.si\/gospodarstvo\/pomembnejsi-gospodarski-subjekti-v-obcini-rogatec-in-okolici\/#primaryimage\"},\"thumbnailUrl\":\"https:\/\/obcina.rogatec.si\/wp-content\/uploads\/2013\/04\/CONE-SKUPAJ-300x300.jpg\",\"datePublished\":\"2013-04-07T12:35:59+00:00\",\"dateModified\":\"2014-05-29T09:51:03+00:00\",\"breadcrumb\":{\"@id\":\"https:\/\/obcina.rogatec.si\/gospodarstvo\/pomembnejsi-gospodarski-subjekti-v-obcini-rogatec-in-okolici\/#breadcrumb\"},\"inLanguage\":\"sl-SI\",\"potentialAction\":[{\"@type\":\"ReadAction\",\"target\":[\"https:\/\/obcina.rogatec.si\/gospodarstvo\/pomembnejsi-gospodarski-subjekti-v-obcini-rogatec-in-okolici\/\"]}]},{\"@type\":\"ImageObject\",\"inLanguage\":\"sl-SI\",\"@id\":\"https:\/\/obcina.rogatec.si\/gospodarstvo\/pomembnejsi-gospodarski-subjekti-v-obcini-rogatec-in-okolici\/#primaryimage\",\"url\":\"https:\/\/obcina.rogatec.si\/wp-content\/uploads\/2013\/04\/CONE-SKUPAJ.jpg\",\"contentUrl\":\"https:\/\/obcina.rogatec.si\/wp-content\/uploads\/2013\/04\/CONE-SKUPAJ.jpg\",\"width\":1600,\"height\":1600},{\"@type\":\"BreadcrumbList\",\"@id\":\"https:\/\/obcina.rogatec.si\/gospodarstvo\/pomembnejsi-gospodarski-subjekti-v-obcini-rogatec-in-okolici\/#breadcrumb\",\"itemListElement\":[{\"@type\":\"ListItem\",\"position\":1,\"name\":\"Domov\",\"item\":\"https:\/\/obcina.rogatec.si\/\"},{\"@type\":\"ListItem\",\"position\":2,\"name\":\"Gospodarstvo\",\"item\":\"https:\/\/obcina.rogatec.si\/gospodarstvo\/\"},{\"@type\":\"ListItem\",\"position\":3,\"name\":\"Obrt in podjetni\u0161tvo\"}]},{\"@type\":\"WebSite\",\"@id\":\"https:\/\/obcina.rogatec.si\/#website\",\"url\":\"https:\/\/obcina.rogatec.si\/\",\"name\":\"Ob\u010dina Rogatec\",\"description\":\"Uradni spletni portal Ob\u010dine Rogatec\",\"publisher\":{\"@id\":\"https:\/\/obcina.rogatec.si\/#organization\"},\"potentialAction\":[{\"@type\":\"SearchAction\",\"target\":{\"@type\":\"EntryPoint\",\"urlTemplate\":\"https:\/\/obcina.rogatec.si\/?s={search_term_string}\"},\"query-input\":{\"@type\":\"PropertyValueSpecification\",\"valueRequired\":true,\"valueName\":\"search_term_string\"}}],\"inLanguage\":\"sl-SI\"},{\"@type\":\"Organization\",\"@id\":\"https:\/\/obcina.rogatec.si\/#organization\",\"name\":\"Ob\u010dina Rogatec\",\"url\":\"https:\/\/obcina.rogatec.si\/\",\"logo\":{\"@type\":\"ImageObject\",\"inLanguage\":\"sl-SI\",\"@id\":\"https:\/\/obcina.rogatec.si\/#\/schema\/logo\/image\/\",\"url\":\"https:\/\/obcina.rogatec.si\/wp-content\/uploads\/2021\/01\/ObcinaRogatec_col.png\",\"contentUrl\":\"https:\/\/obcina.rogatec.si\/wp-content\/uploads\/2021\/01\/ObcinaRogatec_col.png\",\"width\":275,\"height\":100,\"caption\":\"Ob\u010dina Rogatec\"},\"image\":{\"@id\":\"https:\/\/obcina.rogatec.si\/#\/schema\/logo\/image\/\"},\"sameAs\":[\"https:\/\/www.facebook.com\/VisitRogatec\/\",\"https:\/\/www.instagram.com\/visitrogatec\/\",\"https:\/\/www.youtube.com\/channel\/UC0j4SRaLd9oSppR8hwVd5tw\"]}]}<\/script>\n<!-- \/ Yoast SEO plugin. -->","yoast_head_json":{"title":"Obrt in podjetni\u0161tvo - Ob\u010dina Rogatec","robots":{"index":"index","follow":"follow","max-snippet":"max-snippet:-1","max-image-preview":"max-image-preview:large","max-video-preview":"max-video-preview:-1"},"canonical":"https:\/\/obcina.rogatec.si\/gospodarstvo\/pomembnejsi-gospodarski-subjekti-v-obcini-rogatec-in-okolici\/","og_locale":"sl_SI","og_type":"article","og_title":"Obrt in podjetni\u0161tvo - Ob\u010dina Rogatec","og_description":"SUBVENCIJE ZA POSPE\u0160EVANJE ZAPOSLOVANJA V letu 2007 je ob\u010dinski svet Ob\u010dine Rogatec \u00a0sprejel Pravilnik o dodeljevanju prora\u010dunskih sredstev za pospe\u0161evanje zaposlovanja v ob\u010dini Rogatec, s katerim je ob\u010dina uvedla subvencije v obliki\u00a0 nepovratnih sredstev za nove zaposlitve ali samozaposlitve. Nepovratna sredstva, ki jo lahko pridobijo gospodarski subjekti (mikro in majhne dru\u017ebe ter samostojni podjetniki) in [&hellip;]","og_url":"https:\/\/obcina.rogatec.si\/gospodarstvo\/pomembnejsi-gospodarski-subjekti-v-obcini-rogatec-in-okolici\/","og_site_name":"Ob\u010dina Rogatec","article_publisher":"https:\/\/www.facebook.com\/VisitRogatec\/","article_modified_time":"2014-05-29T09:51:03+00:00","og_image":[{"url":"https:\/\/obcina.rogatec.si\/wp-content\/uploads\/2013\/04\/CONE-SKUPAJ-300x300.jpg","type":"","width":"","height":""}],"twitter_card":"summary_large_image","twitter_misc":{"Est. reading time":"1 minuta"},"schema":{"@context":"https:\/\/schema.org","@graph":[{"@type":"WebPage","@id":"https:\/\/obcina.rogatec.si\/gospodarstvo\/pomembnejsi-gospodarski-subjekti-v-obcini-rogatec-in-okolici\/","url":"https:\/\/obcina.rogatec.si\/gospodarstvo\/pomembnejsi-gospodarski-subjekti-v-obcini-rogatec-in-okolici\/","name":"Obrt in podjetni\u0161tvo - Ob\u010dina Rogatec","isPartOf":{"@id":"https:\/\/obcina.rogatec.si\/#website"},"primaryImageOfPage":{"@id":"https:\/\/obcina.rogatec.si\/gospodarstvo\/pomembnejsi-gospodarski-subjekti-v-obcini-rogatec-in-okolici\/#primaryimage"},"image":{"@id":"https:\/\/obcina.rogatec.si\/gospodarstvo\/pomembnejsi-gospodarski-subjekti-v-obcini-rogatec-in-okolici\/#primaryimage"},"thumbnailUrl":"https:\/\/obcina.rogatec.si\/wp-content\/uploads\/2013\/04\/CONE-SKUPAJ-300x300.jpg","datePublished":"2013-04-07T12:35:59+00:00","dateModified":"2014-05-29T09:51:03+00:00","breadcrumb":{"@id":"https:\/\/obcina.rogatec.si\/gospodarstvo\/pomembnejsi-gospodarski-subjekti-v-obcini-rogatec-in-okolici\/#breadcrumb"},"inLanguage":"sl-SI","potentialAction":[{"@type":"ReadAction","target":["https:\/\/obcina.rogatec.si\/gospodarstvo\/pomembnejsi-gospodarski-subjekti-v-obcini-rogatec-in-okolici\/"]}]},{"@type":"ImageObject","inLanguage":"sl-SI","@id":"https:\/\/obcina.rogatec.si\/gospodarstvo\/pomembnejsi-gospodarski-subjekti-v-obcini-rogatec-in-okolici\/#primaryimage","url":"https:\/\/obcina.rogatec.si\/wp-content\/uploads\/2013\/04\/CONE-SKUPAJ.jpg","contentUrl":"https:\/\/obcina.rogatec.si\/wp-content\/uploads\/2013\/04\/CONE-SKUPAJ.jpg","width":1600,"height":1600},{"@type":"BreadcrumbList","@id":"https:\/\/obcina.rogatec.si\/gospodarstvo\/pomembnejsi-gospodarski-subjekti-v-obcini-rogatec-in-okolici\/#breadcrumb","itemListElement":[{"@type":"ListItem","position":1,"name":"Domov","item":"https:\/\/obcina.rogatec.si\/"},{"@type":"ListItem","position":2,"name":"Gospodarstvo","item":"https:\/\/obcina.rogatec.si\/gospodarstvo\/"},{"@type":"ListItem","position":3,"name":"Obrt in podjetni\u0161tvo"}]},{"@type":"WebSite","@id":"https:\/\/obcina.rogatec.si\/#website","url":"https:\/\/obcina.rogatec.si\/","name":"Ob\u010dina Rogatec","description":"Uradni spletni portal Ob\u010dine Rogatec","publisher":{"@id":"https:\/\/obcina.rogatec.si\/#organization"},"potentialAction":[{"@type":"SearchAction","target":{"@type":"EntryPoint","urlTemplate":"https:\/\/obcina.rogatec.si\/?s={search_term_string}"},"query-input":{"@type":"PropertyValueSpecification","valueRequired":true,"valueName":"search_term_string"}}],"inLanguage":"sl-SI"},{"@type":"Organization","@id":"https:\/\/obcina.rogatec.si\/#organization","name":"Ob\u010dina Rogatec","url":"https:\/\/obcina.rogatec.si\/","logo":{"@type":"ImageObject","inLanguage":"sl-SI","@id":"https:\/\/obcina.rogatec.si\/#\/schema\/logo\/image\/","url":"https:\/\/obcina.rogatec.si\/wp-content\/uploads\/2021\/01\/ObcinaRogatec_col.png","contentUrl":"https:\/\/obcina.rogatec.si\/wp-content\/uploads\/2021\/01\/ObcinaRogatec_col.png","width":275,"height":100,"caption":"Ob\u010dina Rogatec"},"image":{"@id":"https:\/\/obcina.rogatec.si\/#\/schema\/logo\/image\/"},"sameAs":["https:\/\/www.facebook.com\/VisitRogatec\/","https:\/\/www.instagram.com\/visitrogatec\/","https:\/\/www.youtube.com\/channel\/UC0j4SRaLd9oSppR8hwVd5tw"]}]}},"uagb_featured_image_src":{"full":false,"thumbnail":false,"medium":false,"medium_large":false,"large":false,"1536x1536":false,"2048x2048":false,"XXS":false,"XS":false,"S":false,"M":false,"L":false,"XL":false},"uagb_author_info":{"display_name":"Ob\u010dina Rogatec","author_link":"https:\/\/obcina.rogatec.si\/author\/vedran72\/"},"uagb_comment_info":0,"uagb_excerpt":"SUBVENCIJE ZA POSPE\u0160EVANJE ZAPOSLOVANJA V letu 2007 je ob\u010dinski svet Ob\u010dine Rogatec \u00a0sprejel Pravilnik o dodeljevanju prora\u010dunskih sredstev za pospe\u0161evanje zaposlovanja v ob\u010dini Rogatec, s katerim je ob\u010dina uvedla subvencije v obliki\u00a0 nepovratnih sredstev za nove zaposlitve ali samozaposlitve. Nepovratna sredstva, ki jo lahko pridobijo gospodarski subjekti (mikro in majhne dru\u017ebe ter samostojni podjetniki) in&hellip;","_links":{"self":[{"href":"https:\/\/obcina.rogatec.si\/wp-json\/wp\/v2\/pages\/205","targetHints":{"allow":["GET"]}}],"collection":[{"href":"https:\/\/obcina.rogatec.si\/wp-json\/wp\/v2\/pages"}],"about":[{"href":"https:\/\/obcina.rogatec.si\/wp-json\/wp\/v2\/types\/page"}],"author":[{"embeddable":true,"href":"https:\/\/obcina.rogatec.si\/wp-json\/wp\/v2\/users\/1"}],"replies":[{"embeddable":true,"href":"https:\/\/obcina.rogatec.si\/wp-json\/wp\/v2\/comments?post=205"}],"version-history":[{"count":12,"href":"https:\/\/obcina.rogatec.si\/wp-json\/wp\/v2\/pages\/205\/revisions"}],"predecessor-version":[{"id":180996,"href":"https:\/\/obcina.rogatec.si\/wp-json\/wp\/v2\/pages\/205\/revisions\/180996"}],"up":[{"embeddable":true,"href":"https:\/\/obcina.rogatec.si\/wp-json\/wp\/v2\/pages\/177"}],"wp:attachment":[{"href":"https:\/\/obcina.rogatec.si\/wp-json\/wp\/v2\/media?parent=205"}],"curies":[{"name":"wp","href":"https:\/\/api.w.org\/{rel}","templated":true}]}}