{"id":2,"date":"2013-03-30T16:57:12","date_gmt":"2013-03-30T16:57:12","guid":{"rendered":"https:\/\/obcina.rogatec.si\/?page_id=2"},"modified":"2021-01-31T16:00:53","modified_gmt":"2021-01-31T15:00:53","slug":"o-obcini","status":"publish","type":"page","link":"https:\/\/obcina.rogatec.si\/o-obcini\/","title":{"rendered":"O Ob\u010dini Rogatec"},"content":{"rendered":"\n<p class=\"has-text-align-left\"><strong>Ob\u010dina Rogatec<\/strong><br>Naslov: Pot k ribniku 4, 3252 Rogatec<br>Tel.: 03 812 10 00<br>E: obcina@rogatec.si<\/p>\n\n\n\n<p class=\"has-text-align-left\">Ob\u010dina Rogatec se nahaja v jugovzhodnem delu Slovenije, na prehodu ju\u017enih obronkov vinorodnih Haloz v dolino Posotelja. Istoimensko naselje Rogatec se s 700-letnimi tr\u0161kimi pravicami uvr\u0161\u010da med najstarej\u0161e trge na Slovenskem. Meri 39,6 km2 na katerih \u017eivi 3.042 prebivalcev<\/p>\n\n\n\n<p class=\"has-text-align-left\">Slika 1: Lega ob\u010dine Rogatec v Sloveniji<\/p>\n\n\n\n<figure class=\"wp-block-image size-full\"><img loading=\"lazy\" decoding=\"async\" width=\"330\" height=\"221\" src=\"https:\/\/obcina2.rogatec.si\/wp-content\/uploads\/2019\/07\/slika-1.png\" alt=\"\" class=\"wp-image-504282\" srcset=\"https:\/\/obcina.rogatec.si\/wp-content\/uploads\/2019\/07\/slika-1.png 330w, https:\/\/obcina.rogatec.si\/wp-content\/uploads\/2019\/07\/slika-1-300x201.png 300w\" sizes=\"auto, (max-width: 330px) 100vw, 330px\" \/><figcaption>Vir: Wikipedija, Ob\u010dina Rogatec, 2017 (https:\/\/sl.wikipedia.org\/wiki\/Ob\u010dina_Rogatec).<\/figcaption><\/figure>\n\n\n\n<p class=\"has-text-align-left\">Tr\u0161ko jedro z Gra\u0161\u010dino Strmol, cerkvijo Sv. Jerneja in cerkvijo Sv. Hijacinte<\/p>\n\n\n\n<figure class=\"wp-block-image size-large\"><a href=\"https:\/\/obcina.rogatec.si\/wp-content\/uploads\/2019\/07\/slika2.png\"><img loading=\"lazy\" decoding=\"async\" width=\"1024\" height=\"768\" src=\"https:\/\/obcina2.rogatec.si\/wp-content\/uploads\/2019\/07\/slika2-1024x768.png\" alt=\"\" class=\"wp-image-504283\" srcset=\"https:\/\/obcina.rogatec.si\/wp-content\/uploads\/2019\/07\/slika2-1024x768.png 1024w, https:\/\/obcina.rogatec.si\/wp-content\/uploads\/2019\/07\/slika2-300x225.png 300w, https:\/\/obcina.rogatec.si\/wp-content\/uploads\/2019\/07\/slika2-768x576.png 768w\" sizes=\"auto, (max-width: 1024px) 100vw, 1024px\" \/><\/a><\/figure>\n\n\n\n<hr class=\"wp-block-separator is-style-wide\"\/>\n\n\n\n<p class=\"has-text-align-left\">Tr\u0161ko jedro z Marijinim znamenjem<\/p>\n\n\n\n<figure class=\"wp-block-image size-large\"><a href=\"https:\/\/obcina.rogatec.si\/wp-content\/uploads\/2019\/07\/slika3.png\"><img loading=\"lazy\" decoding=\"async\" width=\"1024\" height=\"683\" src=\"https:\/\/obcina2.rogatec.si\/wp-content\/uploads\/2019\/07\/slika3-1024x683.png\" alt=\"\" class=\"wp-image-504284\" srcset=\"https:\/\/obcina.rogatec.si\/wp-content\/uploads\/2019\/07\/slika3-1024x683.png 1024w, https:\/\/obcina.rogatec.si\/wp-content\/uploads\/2019\/07\/slika3-300x200.png 300w, https:\/\/obcina.rogatec.si\/wp-content\/uploads\/2019\/07\/slika3-768x512.png 768w\" sizes=\"auto, (max-width: 1024px) 100vw, 1024px\" \/><\/a><\/figure>\n\n\n\n<hr class=\"wp-block-separator is-style-wide\"\/>\n\n\n\n<p class=\"has-text-align-left\">Gra\u0161\u010dina Strmol<\/p>\n\n\n\n<figure class=\"wp-block-image size-large\"><a href=\"https:\/\/obcina.rogatec.si\/wp-content\/uploads\/2019\/07\/8225n1.jpg\"><img loading=\"lazy\" decoding=\"async\" width=\"1024\" height=\"989\" src=\"https:\/\/obcina2.rogatec.si\/wp-content\/uploads\/2019\/07\/8225n1-1024x989.jpg\" alt=\"\" class=\"wp-image-504285\" srcset=\"https:\/\/obcina.rogatec.si\/wp-content\/uploads\/2019\/07\/8225n1-1024x989.jpg 1024w, https:\/\/obcina.rogatec.si\/wp-content\/uploads\/2019\/07\/8225n1-300x290.jpg 300w, https:\/\/obcina.rogatec.si\/wp-content\/uploads\/2019\/07\/8225n1-768x742.jpg 768w, https:\/\/obcina.rogatec.si\/wp-content\/uploads\/2019\/07\/8225n1.jpg 2043w\" sizes=\"auto, (max-width: 1024px) 100vw, 1024px\" \/><\/a><\/figure>\n\n\n\n<hr class=\"wp-block-separator is-style-wide\"\/>\n\n\n\n<p class=\"has-text-align-left\">Muzej na prostem<\/p>\n\n\n\n<figure class=\"wp-block-image size-large\"><a href=\"https:\/\/obcina.rogatec.si\/wp-content\/uploads\/2019\/07\/8167n1.jpg\"><img loading=\"lazy\" decoding=\"async\" width=\"1024\" height=\"890\" src=\"https:\/\/obcina2.rogatec.si\/wp-content\/uploads\/2019\/07\/8167n1-1024x890.jpg\" alt=\"\" class=\"wp-image-504286\" srcset=\"https:\/\/obcina.rogatec.si\/wp-content\/uploads\/2019\/07\/8167n1-1024x890.jpg 1024w, https:\/\/obcina.rogatec.si\/wp-content\/uploads\/2019\/07\/8167n1-300x261.jpg 300w, https:\/\/obcina.rogatec.si\/wp-content\/uploads\/2019\/07\/8167n1-768x667.jpg 768w\" sizes=\"auto, (max-width: 1024px) 100vw, 1024px\" \/><\/a><\/figure>\n\n\n\n<hr class=\"wp-block-separator is-style-wide\"\/>\n\n\n\n<p class=\"has-text-align-left\"><strong>GEOGRAFSKE ZNA\u010cILNOSTI OB\u010cINE<\/strong><\/p>\n\n\n\n<p class=\"has-text-align-left\">Ob\u010dina Rogatec je nastala kot ena izmed petih ob\u010din na ozemlju nekdanje ob\u010dine \u0160marje pri Jel\u0161ah. Razprostira se na 40. km\u00b2 in sodi med manj\u0161e ob\u010dine v Sloveniji. Meji na republiko Hrva\u0161ko in ima dva mednarodna mejna prehoda: Dobovec in Rogatec. Ob\u010dina Rogatec se nahaja na jugovzhodnem delu Slovenije. Le\u017ei na prehodu ju\u017enih obronkov vinorodnih Haloz v dolini Posotelja. Na tem mestu, stisnjenem med Dona\u010dko goro na severu in reko Sotlo na jugu, se skrivajo drobni, a dragoceni biseri naravne in kulturne dedi\u0161\u010dine. Tukaj so se \u017ee v preteklosti kri\u017eale pomembne prometne in trgovske poti. Ob\u010dina Rogatec je del savinjske statisti\u010dne regije. Po povr\u0161ini se med slovenskimi ob\u010dinami uvr\u0161\u010da na 148. mesto.<br>Rogatec sodi med najstarej\u0161e trge na Slovenskem, saj se kot trg prvi\u010d omenja \u017ee leta 1283. Ko je Rogatec spadal pod oblast celjskih grofov, je zaradi razmaha trgovine in obrti veljal za enega najpomembnej\u0161ih spodnje\u0161tajerskih trgov, nekateri viri pa ga omenjajo celo kot mesto. Skozi zgodovino je bil Rogatec naselje obrtnikov in trgovcev. Da je bila preteklost razgibana, se ka\u017ee na arhitekturi tr\u0161kega jedra s ku\u017enim znamenjem. Svojevrstna posebnost so stari portali in stopnice, ki so izdelani v lo\u0161kih kamnolomih. \u0160e danes so dobro vidne razvaline srednjeve\u0161kega gradu s konca 12. stoletja.<\/p>\n\n\n\n<hr class=\"wp-block-separator is-style-wide\"\/>\n\n\n\n<p class=\"has-text-align-left\"><strong>NASELJA IN PREBIVALSTVO<\/strong><\/p>\n\n\n\n<p class=\"has-text-align-left\">Ob\u010dina Rogatec obsega devet naselij: Brezovec pri Rogatcu, Dobovec pri Rogatcu, Dona\u010dka Gora, Log, Rogatec, Sv. Jurij, Tlake, Trli\u010dno in \u017dahenberc. Ta naselja so razporejena v tri krajevne skupnosti in sicer Dobovec, Dona\u010dka Gora in Rogatec. Naselitev je relativno gosta, najpogostej\u0161a oblika naselij so zaselki in samotne kmetije. Do tak\u0161ne oblike poselitve je zagotovo pri\u0161lo zaradi razgibanosti reliefa, ki ni dopu\u0161\u010dal nastajanja ve\u010djih naselij.<br>Leta 2018 je imela ob\u010dina pribli\u017eno 3.042 prebivalcev (1.521 mo\u0161kih in 1.521 \u017eensk).<br>Naselji z najve\u010djim \u0161tevilom prebivalcev sta Rogatec in Tlake. V teh dveh naseljih \u017eivi skupaj 1.820 prebivalcev. Najmanj prebivalcev ima naselje Brezovec pri Rogatcu (52 prebivalcev).<\/p>\n","protected":false},"excerpt":{"rendered":"<p>Ob\u010dina RogatecNaslov: Pot k ribniku 4, 3252 RogatecTel.: 03 812 10 00E: obcina@rogatec.si Ob\u010dina Rogatec se nahaja v jugovzhodnem delu Slovenije, na prehodu ju\u017enih obronkov vinorodnih Haloz v dolino Posotelja. Istoimensko naselje Rogatec se s 700-letnimi tr\u0161kimi pravicami uvr\u0161\u010da med najstarej\u0161e trge na Slovenskem. Meri 39,6 km2 na katerih \u017eivi 3.042 prebivalcev Slika 1: Lega [&hellip;]<\/p>\n","protected":false},"author":1,"featured_media":28,"parent":0,"menu_order":0,"comment_status":"open","ping_status":"open","template":"","meta":{"_uag_custom_page_level_css":"","footnotes":""},"class_list":["post-2","page","type-page","status-publish","has-post-thumbnail","hentry"],"yoast_head":"<!-- This site is optimized with the Yoast SEO plugin v27.2 - https:\/\/yoast.com\/product\/yoast-seo-wordpress\/ -->\n<title>O Ob\u010dini Rogatec - Ob\u010dina Rogatec<\/title>\n<meta name=\"robots\" content=\"index, follow, max-snippet:-1, max-image-preview:large, max-video-preview:-1\" \/>\n<link rel=\"canonical\" href=\"https:\/\/obcina.rogatec.si\/o-obcini\/\" \/>\n<meta property=\"og:locale\" content=\"sl_SI\" \/>\n<meta property=\"og:type\" content=\"article\" \/>\n<meta property=\"og:title\" content=\"O Ob\u010dini Rogatec - Ob\u010dina Rogatec\" \/>\n<meta property=\"og:description\" content=\"Ob\u010dina RogatecNaslov: Pot k ribniku 4, 3252 RogatecTel.: 03 812 10 00E: obcina@rogatec.si Ob\u010dina Rogatec se nahaja v jugovzhodnem delu Slovenije, na prehodu ju\u017enih obronkov vinorodnih Haloz v dolino Posotelja. Istoimensko naselje Rogatec se s 700-letnimi tr\u0161kimi pravicami uvr\u0161\u010da med najstarej\u0161e trge na Slovenskem. Meri 39,6 km2 na katerih \u017eivi 3.042 prebivalcev Slika 1: Lega [&hellip;]\" \/>\n<meta property=\"og:url\" content=\"https:\/\/obcina.rogatec.si\/o-obcini\/\" \/>\n<meta property=\"og:site_name\" content=\"Ob\u010dina Rogatec\" \/>\n<meta property=\"article:publisher\" content=\"https:\/\/www.facebook.com\/VisitRogatec\/\" \/>\n<meta property=\"article:modified_time\" content=\"2021-01-31T15:00:53+00:00\" \/>\n<meta property=\"og:image\" content=\"https:\/\/obcina.rogatec.si\/wp-content\/uploads\/2013\/03\/213_03_01.jpg\" \/>\n\t<meta property=\"og:image:width\" content=\"400\" \/>\n\t<meta property=\"og:image:height\" content=\"400\" \/>\n\t<meta property=\"og:image:type\" content=\"image\/jpeg\" \/>\n<meta name=\"twitter:card\" content=\"summary_large_image\" \/>\n<meta name=\"twitter:label1\" content=\"Est. reading time\" \/>\n\t<meta name=\"twitter:data1\" content=\"3 minute\" \/>\n<script type=\"application\/ld+json\" class=\"yoast-schema-graph\">{\"@context\":\"https:\/\/schema.org\",\"@graph\":[{\"@type\":\"WebPage\",\"@id\":\"https:\/\/obcina.rogatec.si\/o-obcini\/\",\"url\":\"https:\/\/obcina.rogatec.si\/o-obcini\/\",\"name\":\"O Ob\u010dini Rogatec - Ob\u010dina Rogatec\",\"isPartOf\":{\"@id\":\"https:\/\/obcina.rogatec.si\/#website\"},\"primaryImageOfPage\":{\"@id\":\"https:\/\/obcina.rogatec.si\/o-obcini\/#primaryimage\"},\"image\":{\"@id\":\"https:\/\/obcina.rogatec.si\/o-obcini\/#primaryimage\"},\"thumbnailUrl\":\"https:\/\/obcina.rogatec.si\/wp-content\/uploads\/2013\/03\/213_03_01.jpg\",\"datePublished\":\"2013-03-30T16:57:12+00:00\",\"dateModified\":\"2021-01-31T15:00:53+00:00\",\"breadcrumb\":{\"@id\":\"https:\/\/obcina.rogatec.si\/o-obcini\/#breadcrumb\"},\"inLanguage\":\"sl-SI\",\"potentialAction\":[{\"@type\":\"ReadAction\",\"target\":[\"https:\/\/obcina.rogatec.si\/o-obcini\/\"]}]},{\"@type\":\"ImageObject\",\"inLanguage\":\"sl-SI\",\"@id\":\"https:\/\/obcina.rogatec.si\/o-obcini\/#primaryimage\",\"url\":\"https:\/\/obcina.rogatec.si\/wp-content\/uploads\/2013\/03\/213_03_01.jpg\",\"contentUrl\":\"https:\/\/obcina.rogatec.si\/wp-content\/uploads\/2013\/03\/213_03_01.jpg\",\"width\":400,\"height\":400},{\"@type\":\"BreadcrumbList\",\"@id\":\"https:\/\/obcina.rogatec.si\/o-obcini\/#breadcrumb\",\"itemListElement\":[{\"@type\":\"ListItem\",\"position\":1,\"name\":\"Domov\",\"item\":\"https:\/\/obcina.rogatec.si\/\"},{\"@type\":\"ListItem\",\"position\":2,\"name\":\"O Ob\u010dini Rogatec\"}]},{\"@type\":\"WebSite\",\"@id\":\"https:\/\/obcina.rogatec.si\/#website\",\"url\":\"https:\/\/obcina.rogatec.si\/\",\"name\":\"Ob\u010dina Rogatec\",\"description\":\"Uradni spletni portal Ob\u010dine Rogatec\",\"publisher\":{\"@id\":\"https:\/\/obcina.rogatec.si\/#organization\"},\"potentialAction\":[{\"@type\":\"SearchAction\",\"target\":{\"@type\":\"EntryPoint\",\"urlTemplate\":\"https:\/\/obcina.rogatec.si\/?s={search_term_string}\"},\"query-input\":{\"@type\":\"PropertyValueSpecification\",\"valueRequired\":true,\"valueName\":\"search_term_string\"}}],\"inLanguage\":\"sl-SI\"},{\"@type\":\"Organization\",\"@id\":\"https:\/\/obcina.rogatec.si\/#organization\",\"name\":\"Ob\u010dina Rogatec\",\"url\":\"https:\/\/obcina.rogatec.si\/\",\"logo\":{\"@type\":\"ImageObject\",\"inLanguage\":\"sl-SI\",\"@id\":\"https:\/\/obcina.rogatec.si\/#\/schema\/logo\/image\/\",\"url\":\"https:\/\/obcina.rogatec.si\/wp-content\/uploads\/2021\/01\/ObcinaRogatec_col.png\",\"contentUrl\":\"https:\/\/obcina.rogatec.si\/wp-content\/uploads\/2021\/01\/ObcinaRogatec_col.png\",\"width\":275,\"height\":100,\"caption\":\"Ob\u010dina Rogatec\"},\"image\":{\"@id\":\"https:\/\/obcina.rogatec.si\/#\/schema\/logo\/image\/\"},\"sameAs\":[\"https:\/\/www.facebook.com\/VisitRogatec\/\",\"https:\/\/www.instagram.com\/visitrogatec\/\",\"https:\/\/www.youtube.com\/channel\/UC0j4SRaLd9oSppR8hwVd5tw\"]}]}<\/script>\n<!-- \/ Yoast SEO plugin. -->","yoast_head_json":{"title":"O Ob\u010dini Rogatec - Ob\u010dina Rogatec","robots":{"index":"index","follow":"follow","max-snippet":"max-snippet:-1","max-image-preview":"max-image-preview:large","max-video-preview":"max-video-preview:-1"},"canonical":"https:\/\/obcina.rogatec.si\/o-obcini\/","og_locale":"sl_SI","og_type":"article","og_title":"O Ob\u010dini Rogatec - Ob\u010dina Rogatec","og_description":"Ob\u010dina RogatecNaslov: Pot k ribniku 4, 3252 RogatecTel.: 03 812 10 00E: obcina@rogatec.si Ob\u010dina Rogatec se nahaja v jugovzhodnem delu Slovenije, na prehodu ju\u017enih obronkov vinorodnih Haloz v dolino Posotelja. Istoimensko naselje Rogatec se s 700-letnimi tr\u0161kimi pravicami uvr\u0161\u010da med najstarej\u0161e trge na Slovenskem. Meri 39,6 km2 na katerih \u017eivi 3.042 prebivalcev Slika 1: Lega [&hellip;]","og_url":"https:\/\/obcina.rogatec.si\/o-obcini\/","og_site_name":"Ob\u010dina Rogatec","article_publisher":"https:\/\/www.facebook.com\/VisitRogatec\/","article_modified_time":"2021-01-31T15:00:53+00:00","og_image":[{"width":400,"height":400,"url":"https:\/\/obcina.rogatec.si\/wp-content\/uploads\/2013\/03\/213_03_01.jpg","type":"image\/jpeg"}],"twitter_card":"summary_large_image","twitter_misc":{"Est. reading time":"3 minute"},"schema":{"@context":"https:\/\/schema.org","@graph":[{"@type":"WebPage","@id":"https:\/\/obcina.rogatec.si\/o-obcini\/","url":"https:\/\/obcina.rogatec.si\/o-obcini\/","name":"O Ob\u010dini Rogatec - Ob\u010dina Rogatec","isPartOf":{"@id":"https:\/\/obcina.rogatec.si\/#website"},"primaryImageOfPage":{"@id":"https:\/\/obcina.rogatec.si\/o-obcini\/#primaryimage"},"image":{"@id":"https:\/\/obcina.rogatec.si\/o-obcini\/#primaryimage"},"thumbnailUrl":"https:\/\/obcina.rogatec.si\/wp-content\/uploads\/2013\/03\/213_03_01.jpg","datePublished":"2013-03-30T16:57:12+00:00","dateModified":"2021-01-31T15:00:53+00:00","breadcrumb":{"@id":"https:\/\/obcina.rogatec.si\/o-obcini\/#breadcrumb"},"inLanguage":"sl-SI","potentialAction":[{"@type":"ReadAction","target":["https:\/\/obcina.rogatec.si\/o-obcini\/"]}]},{"@type":"ImageObject","inLanguage":"sl-SI","@id":"https:\/\/obcina.rogatec.si\/o-obcini\/#primaryimage","url":"https:\/\/obcina.rogatec.si\/wp-content\/uploads\/2013\/03\/213_03_01.jpg","contentUrl":"https:\/\/obcina.rogatec.si\/wp-content\/uploads\/2013\/03\/213_03_01.jpg","width":400,"height":400},{"@type":"BreadcrumbList","@id":"https:\/\/obcina.rogatec.si\/o-obcini\/#breadcrumb","itemListElement":[{"@type":"ListItem","position":1,"name":"Domov","item":"https:\/\/obcina.rogatec.si\/"},{"@type":"ListItem","position":2,"name":"O Ob\u010dini Rogatec"}]},{"@type":"WebSite","@id":"https:\/\/obcina.rogatec.si\/#website","url":"https:\/\/obcina.rogatec.si\/","name":"Ob\u010dina Rogatec","description":"Uradni spletni portal Ob\u010dine Rogatec","publisher":{"@id":"https:\/\/obcina.rogatec.si\/#organization"},"potentialAction":[{"@type":"SearchAction","target":{"@type":"EntryPoint","urlTemplate":"https:\/\/obcina.rogatec.si\/?s={search_term_string}"},"query-input":{"@type":"PropertyValueSpecification","valueRequired":true,"valueName":"search_term_string"}}],"inLanguage":"sl-SI"},{"@type":"Organization","@id":"https:\/\/obcina.rogatec.si\/#organization","name":"Ob\u010dina Rogatec","url":"https:\/\/obcina.rogatec.si\/","logo":{"@type":"ImageObject","inLanguage":"sl-SI","@id":"https:\/\/obcina.rogatec.si\/#\/schema\/logo\/image\/","url":"https:\/\/obcina.rogatec.si\/wp-content\/uploads\/2021\/01\/ObcinaRogatec_col.png","contentUrl":"https:\/\/obcina.rogatec.si\/wp-content\/uploads\/2021\/01\/ObcinaRogatec_col.png","width":275,"height":100,"caption":"Ob\u010dina Rogatec"},"image":{"@id":"https:\/\/obcina.rogatec.si\/#\/schema\/logo\/image\/"},"sameAs":["https:\/\/www.facebook.com\/VisitRogatec\/","https:\/\/www.instagram.com\/visitrogatec\/","https:\/\/www.youtube.com\/channel\/UC0j4SRaLd9oSppR8hwVd5tw"]}]}},"uagb_featured_image_src":{"full":["https:\/\/obcina.rogatec.si\/wp-content\/uploads\/2013\/03\/213_03_01.jpg",400,400,false],"thumbnail":["https:\/\/obcina.rogatec.si\/wp-content\/uploads\/2013\/03\/213_03_01-150x150.jpg",150,150,true],"medium":["https:\/\/obcina.rogatec.si\/wp-content\/uploads\/2013\/03\/213_03_01-300x300.jpg",300,300,true],"medium_large":["https:\/\/obcina.rogatec.si\/wp-content\/uploads\/2013\/03\/213_03_01.jpg",400,400,false],"large":["https:\/\/obcina.rogatec.si\/wp-content\/uploads\/2013\/03\/213_03_01.jpg",400,400,false],"1536x1536":["https:\/\/obcina.rogatec.si\/wp-content\/uploads\/2013\/03\/213_03_01.jpg",400,400,false],"2048x2048":["https:\/\/obcina.rogatec.si\/wp-content\/uploads\/2013\/03\/213_03_01.jpg",400,400,false],"XXS":["https:\/\/obcina.rogatec.si\/wp-content\/uploads\/2013\/03\/213_03_01.jpg",150,150,false],"XS":["https:\/\/obcina.rogatec.si\/wp-content\/uploads\/2013\/03\/213_03_01.jpg",200,200,false],"S":["https:\/\/obcina.rogatec.si\/wp-content\/uploads\/2013\/03\/213_03_01.jpg",300,300,false],"M":["https:\/\/obcina.rogatec.si\/wp-content\/uploads\/2013\/03\/213_03_01.jpg",400,400,false],"L":["https:\/\/obcina.rogatec.si\/wp-content\/uploads\/2013\/03\/213_03_01.jpg",400,400,false],"XL":["https:\/\/obcina.rogatec.si\/wp-content\/uploads\/2013\/03\/213_03_01.jpg",400,400,false]},"uagb_author_info":{"display_name":"Ob\u010dina Rogatec","author_link":"https:\/\/obcina.rogatec.si\/author\/vedran72\/"},"uagb_comment_info":0,"uagb_excerpt":"Ob\u010dina RogatecNaslov: Pot k ribniku 4, 3252 RogatecTel.: 03 812 10 00E: obcina@rogatec.si Ob\u010dina Rogatec se nahaja v jugovzhodnem delu Slovenije, na prehodu ju\u017enih obronkov vinorodnih Haloz v dolino Posotelja. Istoimensko naselje Rogatec se s 700-letnimi tr\u0161kimi pravicami uvr\u0161\u010da med najstarej\u0161e trge na Slovenskem. Meri 39,6 km2 na katerih \u017eivi 3.042 prebivalcev Slika 1: Lega&hellip;","_links":{"self":[{"href":"https:\/\/obcina.rogatec.si\/wp-json\/wp\/v2\/pages\/2","targetHints":{"allow":["GET"]}}],"collection":[{"href":"https:\/\/obcina.rogatec.si\/wp-json\/wp\/v2\/pages"}],"about":[{"href":"https:\/\/obcina.rogatec.si\/wp-json\/wp\/v2\/types\/page"}],"author":[{"embeddable":true,"href":"https:\/\/obcina.rogatec.si\/wp-json\/wp\/v2\/users\/1"}],"replies":[{"embeddable":true,"href":"https:\/\/obcina.rogatec.si\/wp-json\/wp\/v2\/comments?post=2"}],"version-history":[{"count":14,"href":"https:\/\/obcina.rogatec.si\/wp-json\/wp\/v2\/pages\/2\/revisions"}],"predecessor-version":[{"id":506207,"href":"https:\/\/obcina.rogatec.si\/wp-json\/wp\/v2\/pages\/2\/revisions\/506207"}],"wp:featuredmedia":[{"embeddable":true,"href":"https:\/\/obcina.rogatec.si\/wp-json\/wp\/v2\/media\/28"}],"wp:attachment":[{"href":"https:\/\/obcina.rogatec.si\/wp-json\/wp\/v2\/media?parent=2"}],"curies":[{"name":"wp","href":"https:\/\/api.w.org\/{rel}","templated":true}]}}