{"id":170,"date":"2013-04-07T09:14:30","date_gmt":"2013-04-07T09:14:30","guid":{"rendered":"https:\/\/obcina.rogatec.si\/?page_id=170"},"modified":"2013-04-19T09:17:42","modified_gmt":"2013-04-19T09:17:42","slug":"proracun-za-leto-2012","status":"publish","type":"page","link":"https:\/\/obcina.rogatec.si\/o-obcini\/proracun\/proracun-za-leto-2012\/","title":{"rendered":"Prora\u010dun za leto 2012"},"content":{"rendered":"<p><strong>ZAKLJU\u010cNI RA\u010cUN PRORA\u010cUNA OB\u010cINE ROGATEC ZA LETO 2012 \u2013 3.4.2013<\/strong><\/p>\n<p><a href=\"https:\/\/obcina.rogatec.si\/wp-content\/uploads\/2013\/04\/Zaklju\u010dni-ra\u010dun-prora\u010duna-2012.pdf\">Zaklju\u010dni ra\u010dun prora\u010duna 2012<\/a>\u00a0\u00a0[PDF]<\/p>\n<p><a href=\"https:\/\/obcina.rogatec.si\/wp-content\/uploads\/2013\/04\/Splo\u0161ni-del-prora\u010duna.pdf\">Splo\u0161ni del prora\u010duna<\/a>\u00a0\u00a0[PDF]<\/p>\n<p><a href=\"https:\/\/obcina.rogatec.si\/wp-content\/uploads\/2013\/04\/Posebni-del-prora\u010duna.pdf\">Posebni del prora\u010duna<\/a>\u00a0\u00a0[PDF]<\/p>\n<p><a href=\"https:\/\/obcina.rogatec.si\/wp-content\/uploads\/2013\/04\/Na\u010drt-razvojnih-programov.pdf\">Na\u010drt razvojnih programov<\/a>\u00a0\u00a0\u00a0[PDF]<\/p>\n<hr size=\"1\" \/>\n<p><strong style=\"font-size: 13px; line-height: 19px;\">ODLOK O PRORA\u010cUNU OB\u010cINE ROGATEC ZA LETO 2012 \u2013 3.2.2011<\/strong><\/p>\n<p><a href=\"http:\/\/www.rogatec.si\/docs\/odlok_o_proracunu_2012\/Odlok o proracunu Obcine Rogatec za leto 2012.pdf\" target=\"_blank\">Odlok o prora\u010dunu Ob\u010dine Rogatec za leto 2012<\/a> [PDF]<\/p>\n<p><a href=\"http:\/\/www.rogatec.si\/docs\/odlok_o_proracunu_2012\/Posebni del proracuna Ob\u010dcine Rogatec za leto 2012.pdf\" target=\"_blank\">Posebni del prora\u010duna Ob\u010dine Rogatec za leto 2012<\/a> [PDF]<\/p>\n<p><a href=\"http:\/\/www.rogatec.si\/docs\/odlok_o_proracunu_2012\/NRP Obcine Rogatec  2011-2014.pdf\" target=\"_blank\">NRP Ob\u010dine Rogatec 2011 &#8211; 2014<\/a> [PDF]<\/p>\n<hr size=\"1\" \/>\n<p><strong>ODLOK O SPREMEMBAH IN DOPOLNITVAH ODLOKA O PRORA\u010cUNU OB\u010cINE ROGATEC ZA LETO 2012 \u2013 22.12.2011<\/strong><\/p>\n<p><a href=\"http:\/\/www.rogatec.si\/docs\/Odlok 2012.pdf\" target=\"_blank\">Odlok<\/a> [PDF]<\/p>\n<p><a href=\"http:\/\/www.rogatec.si\/docs\/Posebni del sprememb prora\u010duna 2012.pdf\" target=\"_blank\">Posebni del rebalansa prora\u010duna 2012<\/a> [PDF]<\/p>\n<p><a href=\"http:\/\/www.rogatec.si\/docs\/NRP 2011 - 2015.pdf\" target=\"_blank\">NRP<\/a> [PDF]<\/p>\n<hr size=\"1\" \/>\n<p><strong>ODLOK O SPREMEMBAH IN DOPOLNITVAH ODLOKA O PRORA\u010cUNU OB\u010cINE ROGATEC ZA LETO 2012 \u2013 16.10.2012<\/strong><\/p>\n<p><a href=\"http:\/\/www.rogatec.si\/docs\/odlok_o_proracunu_2012\/Odlok.pdf\" target=\"_blank\">Odlok<\/a> [PDF]<\/p>\n<p><a href=\"http:\/\/www.rogatec.si\/docs\/odlok_o_proracunu_2012\/Posebni del Rebalansa prora\u010duna Ob\u010dine Rogatec za leto 2012.pdf\" target=\"_blank\">Posebni del Rebalansa prora\u010duna Ob\u010dine Rogatec za leto 2012 <\/a> [PDF]<\/p>\n<p><a href=\"http:\/\/www.rogatec.si\/docs\/odlok_o_proracunu_2012\/NRP Ob\u010dine Rogatec 2012 - 2015.pdf\" target=\"_blank\">NRP Ob\u010dine Rogatec 2012 &#8211; 2015<\/a> [PDF]<\/p>\n","protected":false},"excerpt":{"rendered":"<p>ZAKLJU\u010cNI RA\u010cUN PRORA\u010cUNA OB\u010cINE ROGATEC ZA LETO 2012 \u2013 3.4.2013 Zaklju\u010dni ra\u010dun prora\u010duna 2012\u00a0\u00a0[PDF] Splo\u0161ni del prora\u010duna\u00a0\u00a0[PDF] Posebni del prora\u010duna\u00a0\u00a0[PDF] Na\u010drt razvojnih programov\u00a0\u00a0\u00a0[PDF] ODLOK O PRORA\u010cUNU OB\u010cINE ROGATEC ZA LETO 2012 \u2013 3.2.2011 Odlok o prora\u010dunu Ob\u010dine Rogatec za leto 2012 [PDF] Posebni del prora\u010duna Ob\u010dine Rogatec za leto 2012 [PDF] NRP Ob\u010dine Rogatec 2011 [&hellip;]<\/p>\n","protected":false},"author":1,"featured_media":0,"parent":161,"menu_order":3,"comment_status":"open","ping_status":"closed","template":"","meta":{"_uag_custom_page_level_css":"","footnotes":""},"class_list":["post-170","page","type-page","status-publish","hentry"],"yoast_head":"<!-- This site is optimized with the Yoast SEO plugin v27.2 - https:\/\/yoast.com\/product\/yoast-seo-wordpress\/ -->\n<title>Prora\u010dun za leto 2012 - Ob\u010dina Rogatec<\/title>\n<meta name=\"robots\" content=\"index, follow, max-snippet:-1, max-image-preview:large, max-video-preview:-1\" \/>\n<link rel=\"canonical\" href=\"https:\/\/obcina.rogatec.si\/o-obcini\/proracun\/proracun-za-leto-2012\/\" \/>\n<meta property=\"og:locale\" content=\"sl_SI\" \/>\n<meta property=\"og:type\" content=\"article\" \/>\n<meta property=\"og:title\" content=\"Prora\u010dun za leto 2012 - Ob\u010dina Rogatec\" \/>\n<meta property=\"og:description\" content=\"ZAKLJU\u010cNI RA\u010cUN PRORA\u010cUNA OB\u010cINE ROGATEC ZA LETO 2012 \u2013 3.4.2013 Zaklju\u010dni ra\u010dun prora\u010duna 2012\u00a0\u00a0[PDF] Splo\u0161ni del prora\u010duna\u00a0\u00a0[PDF] Posebni del prora\u010duna\u00a0\u00a0[PDF] Na\u010drt razvojnih programov\u00a0\u00a0\u00a0[PDF] ODLOK O PRORA\u010cUNU OB\u010cINE ROGATEC ZA LETO 2012 \u2013 3.2.2011 Odlok o prora\u010dunu Ob\u010dine Rogatec za leto 2012 [PDF] Posebni del prora\u010duna Ob\u010dine Rogatec za leto 2012 [PDF] NRP Ob\u010dine Rogatec 2011 [&hellip;]\" \/>\n<meta property=\"og:url\" content=\"https:\/\/obcina.rogatec.si\/o-obcini\/proracun\/proracun-za-leto-2012\/\" \/>\n<meta property=\"og:site_name\" content=\"Ob\u010dina Rogatec\" \/>\n<meta property=\"article:publisher\" content=\"https:\/\/www.facebook.com\/VisitRogatec\/\" \/>\n<meta property=\"article:modified_time\" content=\"2013-04-19T09:17:42+00:00\" \/>\n<meta property=\"og:image\" content=\"https:\/\/obcina.rogatec.si\/wp-content\/uploads\/2013\/10\/MUZEJ-NA-PROSTEM-ROGATEC.jpg\" \/>\n\t<meta property=\"og:image:width\" content=\"1900\" \/>\n\t<meta property=\"og:image:height\" content=\"1262\" \/>\n\t<meta property=\"og:image:type\" content=\"image\/jpeg\" \/>\n<meta name=\"twitter:card\" content=\"summary_large_image\" \/>\n<meta name=\"twitter:label1\" content=\"Est. reading time\" \/>\n\t<meta name=\"twitter:data1\" content=\"1 minuta\" \/>\n<script type=\"application\/ld+json\" class=\"yoast-schema-graph\">{\"@context\":\"https:\/\/schema.org\",\"@graph\":[{\"@type\":\"WebPage\",\"@id\":\"https:\/\/obcina.rogatec.si\/o-obcini\/proracun\/proracun-za-leto-2012\/\",\"url\":\"https:\/\/obcina.rogatec.si\/o-obcini\/proracun\/proracun-za-leto-2012\/\",\"name\":\"Prora\u010dun za leto 2012 - Ob\u010dina Rogatec\",\"isPartOf\":{\"@id\":\"https:\/\/obcina.rogatec.si\/#website\"},\"datePublished\":\"2013-04-07T09:14:30+00:00\",\"dateModified\":\"2013-04-19T09:17:42+00:00\",\"breadcrumb\":{\"@id\":\"https:\/\/obcina.rogatec.si\/o-obcini\/proracun\/proracun-za-leto-2012\/#breadcrumb\"},\"inLanguage\":\"sl-SI\",\"potentialAction\":[{\"@type\":\"ReadAction\",\"target\":[\"https:\/\/obcina.rogatec.si\/o-obcini\/proracun\/proracun-za-leto-2012\/\"]}]},{\"@type\":\"BreadcrumbList\",\"@id\":\"https:\/\/obcina.rogatec.si\/o-obcini\/proracun\/proracun-za-leto-2012\/#breadcrumb\",\"itemListElement\":[{\"@type\":\"ListItem\",\"position\":1,\"name\":\"Domov\",\"item\":\"https:\/\/obcina.rogatec.si\/\"},{\"@type\":\"ListItem\",\"position\":2,\"name\":\"O Ob\u010dini Rogatec\",\"item\":\"https:\/\/obcina.rogatec.si\/o-obcini\/\"},{\"@type\":\"ListItem\",\"position\":3,\"name\":\"Prora\u010dun\",\"item\":\"https:\/\/obcina.rogatec.si\/o-obcini\/proracun\/\"},{\"@type\":\"ListItem\",\"position\":4,\"name\":\"Prora\u010dun za leto 2012\"}]},{\"@type\":\"WebSite\",\"@id\":\"https:\/\/obcina.rogatec.si\/#website\",\"url\":\"https:\/\/obcina.rogatec.si\/\",\"name\":\"Ob\u010dina Rogatec\",\"description\":\"Uradni spletni portal Ob\u010dine Rogatec\",\"publisher\":{\"@id\":\"https:\/\/obcina.rogatec.si\/#organization\"},\"potentialAction\":[{\"@type\":\"SearchAction\",\"target\":{\"@type\":\"EntryPoint\",\"urlTemplate\":\"https:\/\/obcina.rogatec.si\/?s={search_term_string}\"},\"query-input\":{\"@type\":\"PropertyValueSpecification\",\"valueRequired\":true,\"valueName\":\"search_term_string\"}}],\"inLanguage\":\"sl-SI\"},{\"@type\":\"Organization\",\"@id\":\"https:\/\/obcina.rogatec.si\/#organization\",\"name\":\"Ob\u010dina Rogatec\",\"url\":\"https:\/\/obcina.rogatec.si\/\",\"logo\":{\"@type\":\"ImageObject\",\"inLanguage\":\"sl-SI\",\"@id\":\"https:\/\/obcina.rogatec.si\/#\/schema\/logo\/image\/\",\"url\":\"https:\/\/obcina.rogatec.si\/wp-content\/uploads\/2021\/01\/ObcinaRogatec_col.png\",\"contentUrl\":\"https:\/\/obcina.rogatec.si\/wp-content\/uploads\/2021\/01\/ObcinaRogatec_col.png\",\"width\":275,\"height\":100,\"caption\":\"Ob\u010dina Rogatec\"},\"image\":{\"@id\":\"https:\/\/obcina.rogatec.si\/#\/schema\/logo\/image\/\"},\"sameAs\":[\"https:\/\/www.facebook.com\/VisitRogatec\/\",\"https:\/\/www.instagram.com\/visitrogatec\/\",\"https:\/\/www.youtube.com\/channel\/UC0j4SRaLd9oSppR8hwVd5tw\"]}]}<\/script>\n<!-- \/ Yoast SEO plugin. -->","yoast_head_json":{"title":"Prora\u010dun za leto 2012 - Ob\u010dina Rogatec","robots":{"index":"index","follow":"follow","max-snippet":"max-snippet:-1","max-image-preview":"max-image-preview:large","max-video-preview":"max-video-preview:-1"},"canonical":"https:\/\/obcina.rogatec.si\/o-obcini\/proracun\/proracun-za-leto-2012\/","og_locale":"sl_SI","og_type":"article","og_title":"Prora\u010dun za leto 2012 - Ob\u010dina Rogatec","og_description":"ZAKLJU\u010cNI RA\u010cUN PRORA\u010cUNA OB\u010cINE ROGATEC ZA LETO 2012 \u2013 3.4.2013 Zaklju\u010dni ra\u010dun prora\u010duna 2012\u00a0\u00a0[PDF] Splo\u0161ni del prora\u010duna\u00a0\u00a0[PDF] Posebni del prora\u010duna\u00a0\u00a0[PDF] Na\u010drt razvojnih programov\u00a0\u00a0\u00a0[PDF] ODLOK O PRORA\u010cUNU OB\u010cINE ROGATEC ZA LETO 2012 \u2013 3.2.2011 Odlok o prora\u010dunu Ob\u010dine Rogatec za leto 2012 [PDF] Posebni del prora\u010duna Ob\u010dine Rogatec za leto 2012 [PDF] NRP Ob\u010dine Rogatec 2011 [&hellip;]","og_url":"https:\/\/obcina.rogatec.si\/o-obcini\/proracun\/proracun-za-leto-2012\/","og_site_name":"Ob\u010dina Rogatec","article_publisher":"https:\/\/www.facebook.com\/VisitRogatec\/","article_modified_time":"2013-04-19T09:17:42+00:00","og_image":[{"width":1900,"height":1262,"url":"https:\/\/obcina.rogatec.si\/wp-content\/uploads\/2013\/10\/MUZEJ-NA-PROSTEM-ROGATEC.jpg","type":"image\/jpeg"}],"twitter_card":"summary_large_image","twitter_misc":{"Est. reading time":"1 minuta"},"schema":{"@context":"https:\/\/schema.org","@graph":[{"@type":"WebPage","@id":"https:\/\/obcina.rogatec.si\/o-obcini\/proracun\/proracun-za-leto-2012\/","url":"https:\/\/obcina.rogatec.si\/o-obcini\/proracun\/proracun-za-leto-2012\/","name":"Prora\u010dun za leto 2012 - Ob\u010dina Rogatec","isPartOf":{"@id":"https:\/\/obcina.rogatec.si\/#website"},"datePublished":"2013-04-07T09:14:30+00:00","dateModified":"2013-04-19T09:17:42+00:00","breadcrumb":{"@id":"https:\/\/obcina.rogatec.si\/o-obcini\/proracun\/proracun-za-leto-2012\/#breadcrumb"},"inLanguage":"sl-SI","potentialAction":[{"@type":"ReadAction","target":["https:\/\/obcina.rogatec.si\/o-obcini\/proracun\/proracun-za-leto-2012\/"]}]},{"@type":"BreadcrumbList","@id":"https:\/\/obcina.rogatec.si\/o-obcini\/proracun\/proracun-za-leto-2012\/#breadcrumb","itemListElement":[{"@type":"ListItem","position":1,"name":"Domov","item":"https:\/\/obcina.rogatec.si\/"},{"@type":"ListItem","position":2,"name":"O Ob\u010dini Rogatec","item":"https:\/\/obcina.rogatec.si\/o-obcini\/"},{"@type":"ListItem","position":3,"name":"Prora\u010dun","item":"https:\/\/obcina.rogatec.si\/o-obcini\/proracun\/"},{"@type":"ListItem","position":4,"name":"Prora\u010dun za leto 2012"}]},{"@type":"WebSite","@id":"https:\/\/obcina.rogatec.si\/#website","url":"https:\/\/obcina.rogatec.si\/","name":"Ob\u010dina Rogatec","description":"Uradni spletni portal Ob\u010dine Rogatec","publisher":{"@id":"https:\/\/obcina.rogatec.si\/#organization"},"potentialAction":[{"@type":"SearchAction","target":{"@type":"EntryPoint","urlTemplate":"https:\/\/obcina.rogatec.si\/?s={search_term_string}"},"query-input":{"@type":"PropertyValueSpecification","valueRequired":true,"valueName":"search_term_string"}}],"inLanguage":"sl-SI"},{"@type":"Organization","@id":"https:\/\/obcina.rogatec.si\/#organization","name":"Ob\u010dina Rogatec","url":"https:\/\/obcina.rogatec.si\/","logo":{"@type":"ImageObject","inLanguage":"sl-SI","@id":"https:\/\/obcina.rogatec.si\/#\/schema\/logo\/image\/","url":"https:\/\/obcina.rogatec.si\/wp-content\/uploads\/2021\/01\/ObcinaRogatec_col.png","contentUrl":"https:\/\/obcina.rogatec.si\/wp-content\/uploads\/2021\/01\/ObcinaRogatec_col.png","width":275,"height":100,"caption":"Ob\u010dina Rogatec"},"image":{"@id":"https:\/\/obcina.rogatec.si\/#\/schema\/logo\/image\/"},"sameAs":["https:\/\/www.facebook.com\/VisitRogatec\/","https:\/\/www.instagram.com\/visitrogatec\/","https:\/\/www.youtube.com\/channel\/UC0j4SRaLd9oSppR8hwVd5tw"]}]}},"uagb_featured_image_src":{"full":false,"thumbnail":false,"medium":false,"medium_large":false,"large":false,"1536x1536":false,"2048x2048":false,"XXS":false,"XS":false,"S":false,"M":false,"L":false,"XL":false},"uagb_author_info":{"display_name":"Ob\u010dina Rogatec","author_link":"https:\/\/obcina.rogatec.si\/author\/vedran72\/"},"uagb_comment_info":0,"uagb_excerpt":"ZAKLJU\u010cNI RA\u010cUN PRORA\u010cUNA OB\u010cINE ROGATEC ZA LETO 2012 \u2013 3.4.2013 Zaklju\u010dni ra\u010dun prora\u010duna 2012\u00a0\u00a0[PDF] Splo\u0161ni del prora\u010duna\u00a0\u00a0[PDF] Posebni del prora\u010duna\u00a0\u00a0[PDF] Na\u010drt razvojnih programov\u00a0\u00a0\u00a0[PDF] ODLOK O PRORA\u010cUNU OB\u010cINE ROGATEC ZA LETO 2012 \u2013 3.2.2011 Odlok o prora\u010dunu Ob\u010dine Rogatec za leto 2012 [PDF] Posebni del prora\u010duna Ob\u010dine Rogatec za leto 2012 [PDF] NRP Ob\u010dine Rogatec 2011&hellip;","_links":{"self":[{"href":"https:\/\/obcina.rogatec.si\/wp-json\/wp\/v2\/pages\/170","targetHints":{"allow":["GET"]}}],"collection":[{"href":"https:\/\/obcina.rogatec.si\/wp-json\/wp\/v2\/pages"}],"about":[{"href":"https:\/\/obcina.rogatec.si\/wp-json\/wp\/v2\/types\/page"}],"author":[{"embeddable":true,"href":"https:\/\/obcina.rogatec.si\/wp-json\/wp\/v2\/users\/1"}],"replies":[{"embeddable":true,"href":"https:\/\/obcina.rogatec.si\/wp-json\/wp\/v2\/comments?post=170"}],"version-history":[{"count":8,"href":"https:\/\/obcina.rogatec.si\/wp-json\/wp\/v2\/pages\/170\/revisions"}],"predecessor-version":[{"id":1133,"href":"https:\/\/obcina.rogatec.si\/wp-json\/wp\/v2\/pages\/170\/revisions\/1133"}],"up":[{"embeddable":true,"href":"https:\/\/obcina.rogatec.si\/wp-json\/wp\/v2\/pages\/161"}],"wp:attachment":[{"href":"https:\/\/obcina.rogatec.si\/wp-json\/wp\/v2\/media?parent=170"}],"curies":[{"name":"wp","href":"https:\/\/api.w.org\/{rel}","templated":true}]}}