{"id":16866,"date":"2014-02-05T14:06:57","date_gmt":"2014-02-05T13:06:57","guid":{"rendered":"https:\/\/obcina.rogatec.si\/?page_id=16866"},"modified":"2014-02-05T14:13:03","modified_gmt":"2014-02-05T13:13:03","slug":"16866-2","status":"publish","type":"page","link":"https:\/\/obcina.rogatec.si\/16866-2\/","title":{"rendered":"19. REDNO SEJO  OB\u010cINSKEGA SVETA OB\u010cINE ROGATEC"},"content":{"rendered":"<p>OB\u010cINSKI SVET<br \/>\nOB\u010cINE ROGATEC<br \/>\n\u0160tevilka: 0070-0001\/2014- 1<br \/>\nDatum: 04.02.2014<\/p>\n<p style=\"text-align: center;\"><strong>VABILO<\/strong><br \/>\nNa podlagi 18. \u010dlena Statuta Ob\u010dine Rogatec (Uradni list RS, \u0161t. 13\/06, 27\/06, 50\/10 in 56\/11) in v skladu z dolo\u010dbami Poslovnika Ob\u010dinskega sveta Ob\u010dine Rogatec (Uradni list RS, \u0161t. 66\/06-UPB1 in 50\/10)<\/p>\n<p style=\"text-align: center;\">sklicujem<br \/>\n<strong>19. REDNO SEJO<\/strong><br \/>\n<strong> OB\u010cINSKEGA SVETA OB\u010cINE ROGATEC<\/strong><\/p>\n<p style=\"text-align: center;\"><strong>Seja bo v SREDO, 12. FEBRUARJA 2014, ob 17.00 uri,<\/strong><br \/>\n<strong> v sejni sobi Ob\u010dine Rogatec,<\/strong><br \/>\n<strong> Pot k ribniku 4, Rogatec<\/strong><\/p>\n<p>Predlog DNEVNEGA REDA:<\/p>\n<p>1. Zapisnik 18. redne seje Ob\u010dinskega sveta Ob\u010dine Rogatec z dne 19.12.2013 (<a href=\"https:\/\/obcina.rogatec.si\/wp-content\/uploads\/2014\/02\/1.-to\u010dka.pdf\">gradivo prilo\u017eeno<\/a>)<\/p>\n<p>2. Poro\u010dilo o realizaciji sklepov 18. redne seje Ob\u010dinskega sveta Ob\u010dine Rogatec z dne 19.12.2013 (<a href=\"https:\/\/obcina.rogatec.si\/wp-content\/uploads\/2014\/02\/2.-to\u010dka.pdf\">(gradivo prilo\u017eeno)<\/a>)<\/p>\n<p>3. Predlog Odloka o spremembah in dopolnitvah Odloka o prora\u010dunu Ob\u010dine Rogatec za leto 2014, 1. in 2. obravnava (<a href=\"https:\/\/obcina.rogatec.si\/wp-content\/uploads\/2014\/02\/Rebalans-2014.pdf\">Rebalans 2014<\/a>,\u00a0<a href=\"https:\/\/obcina.rogatec.si\/wp-content\/uploads\/2014\/02\/Sklep-dopolnitve-Na\u010drta-ravnanja.pdf\">Sklep &#8211; dopolnitve Na\u010drta ravnanja<\/a>)<\/p>\n<p>4. Predlog Odloka o ob\u010dinskem prostorskem na\u010drtu ob\u010dine Rogatec, 2. obravnava (<a href=\"https:\/\/obcina.rogatec.si\/wp-content\/uploads\/2014\/02\/obrazlo\u017eitev.pdf\">obrazlo\u017eitev<\/a>,\u00a0<a href=\"https:\/\/obcina.rogatec.si\/wp-content\/uploads\/2014\/02\/Odlok.pdf\">Odlok<\/a>,\u00a0<a href=\"https:\/\/obcina.rogatec.si\/wp-content\/uploads\/2014\/02\/priloga-Odloka.pdf\">priloga Odloka<\/a>)<\/p>\n<p>5. Predlog Odloka o spremembah in dopolnitvah Odloka o ustanovitvi javnega vzgojno-izobra\u017eevalnega zavoda Glasbena \u0161ola Roga\u0161ka Slatina, 1. in 2. obravnava <a href=\"https:\/\/obcina.rogatec.si\/wp-content\/uploads\/2014\/02\/5.-to\u010dka.pdf\">(gradivo prilo\u017eeno)<\/a><\/p>\n<p>6. Letno poro\u010dilo o izvedenih ukrepih iz akcijskega na\u010drta lokalnega energetskega koncepta in njihovih u\u010dinkih v Ob\u010dini Rogatec za leto 2013\u00a0<a href=\"https:\/\/obcina.rogatec.si\/wp-content\/uploads\/2014\/02\/6.-to\u010dka.pdf\">(gradivo prilo\u017eeno)<\/a><\/p>\n<p>7. Predlog Sklepa o pridobitvi statusa grajenega javnega dobra lokalnega pomena\u00a0<a href=\"https:\/\/obcina.rogatec.si\/wp-content\/uploads\/2014\/02\/7.-to\u010dka.pdf\">(gradivo prilo\u017eeno)<\/a><\/p>\n<p>8. Pobude in vpra\u0161anja<\/p>\n<p>9. Razno<\/p>\n<p>Martin Mikoli\u010d, univ. dipl. in\u017e., l.r.<br \/>\n\u017dUPAN<\/p>\n<p><b>\u00a0<\/b><\/p>\n<p>&nbsp;<\/p>\n<p>&nbsp;<\/p>\n","protected":false},"excerpt":{"rendered":"<p>OB\u010cINSKI SVET OB\u010cINE ROGATEC \u0160tevilka: 0070-0001\/2014- 1 Datum: 04.02.2014 VABILO Na podlagi 18. \u010dlena Statuta Ob\u010dine Rogatec (Uradni list RS, \u0161t. 13\/06, 27\/06, 50\/10 in 56\/11) in v skladu z dolo\u010dbami Poslovnika Ob\u010dinskega sveta Ob\u010dine Rogatec (Uradni list RS, \u0161t. 66\/06-UPB1 in 50\/10) sklicujem 19. REDNO SEJO OB\u010cINSKEGA SVETA OB\u010cINE ROGATEC Seja bo v SREDO, [&hellip;]<\/p>\n","protected":false},"author":3,"featured_media":0,"parent":0,"menu_order":0,"comment_status":"closed","ping_status":"closed","template":"","meta":{"_uag_custom_page_level_css":"","footnotes":""},"class_list":["post-16866","page","type-page","status-publish","hentry"],"yoast_head":"<!-- This site is optimized with the Yoast SEO plugin v27.2 - https:\/\/yoast.com\/product\/yoast-seo-wordpress\/ -->\n<title>19. REDNO SEJO OB\u010cINSKEGA SVETA OB\u010cINE ROGATEC - Ob\u010dina Rogatec<\/title>\n<meta name=\"robots\" content=\"index, follow, max-snippet:-1, max-image-preview:large, max-video-preview:-1\" \/>\n<link rel=\"canonical\" href=\"https:\/\/obcina.rogatec.si\/16866-2\/\" \/>\n<meta property=\"og:locale\" content=\"sl_SI\" \/>\n<meta property=\"og:type\" content=\"article\" \/>\n<meta property=\"og:title\" content=\"19. REDNO SEJO OB\u010cINSKEGA SVETA OB\u010cINE ROGATEC - Ob\u010dina Rogatec\" \/>\n<meta property=\"og:description\" content=\"OB\u010cINSKI SVET OB\u010cINE ROGATEC \u0160tevilka: 0070-0001\/2014- 1 Datum: 04.02.2014 VABILO Na podlagi 18. \u010dlena Statuta Ob\u010dine Rogatec (Uradni list RS, \u0161t. 13\/06, 27\/06, 50\/10 in 56\/11) in v skladu z dolo\u010dbami Poslovnika Ob\u010dinskega sveta Ob\u010dine Rogatec (Uradni list RS, \u0161t. 66\/06-UPB1 in 50\/10) sklicujem 19. REDNO SEJO OB\u010cINSKEGA SVETA OB\u010cINE ROGATEC Seja bo v SREDO, [&hellip;]\" \/>\n<meta property=\"og:url\" content=\"https:\/\/obcina.rogatec.si\/16866-2\/\" \/>\n<meta property=\"og:site_name\" content=\"Ob\u010dina Rogatec\" \/>\n<meta property=\"article:publisher\" content=\"https:\/\/www.facebook.com\/VisitRogatec\/\" \/>\n<meta property=\"article:modified_time\" content=\"2014-02-05T13:13:03+00:00\" \/>\n<meta property=\"og:image\" content=\"https:\/\/obcina.rogatec.si\/wp-content\/uploads\/2013\/10\/MUZEJ-NA-PROSTEM-ROGATEC.jpg\" \/>\n\t<meta property=\"og:image:width\" content=\"1900\" \/>\n\t<meta property=\"og:image:height\" content=\"1262\" \/>\n\t<meta property=\"og:image:type\" content=\"image\/jpeg\" \/>\n<meta name=\"twitter:card\" content=\"summary_large_image\" \/>\n<meta name=\"twitter:label1\" content=\"Est. reading time\" \/>\n\t<meta name=\"twitter:data1\" content=\"1 minuta\" \/>\n<script type=\"application\/ld+json\" class=\"yoast-schema-graph\">{\"@context\":\"https:\/\/schema.org\",\"@graph\":[{\"@type\":\"WebPage\",\"@id\":\"https:\/\/obcina.rogatec.si\/16866-2\/\",\"url\":\"https:\/\/obcina.rogatec.si\/16866-2\/\",\"name\":\"19. REDNO SEJO OB\u010cINSKEGA SVETA OB\u010cINE ROGATEC - Ob\u010dina Rogatec\",\"isPartOf\":{\"@id\":\"https:\/\/obcina.rogatec.si\/#website\"},\"datePublished\":\"2014-02-05T13:06:57+00:00\",\"dateModified\":\"2014-02-05T13:13:03+00:00\",\"breadcrumb\":{\"@id\":\"https:\/\/obcina.rogatec.si\/16866-2\/#breadcrumb\"},\"inLanguage\":\"sl-SI\",\"potentialAction\":[{\"@type\":\"ReadAction\",\"target\":[\"https:\/\/obcina.rogatec.si\/16866-2\/\"]}]},{\"@type\":\"BreadcrumbList\",\"@id\":\"https:\/\/obcina.rogatec.si\/16866-2\/#breadcrumb\",\"itemListElement\":[{\"@type\":\"ListItem\",\"position\":1,\"name\":\"Domov\",\"item\":\"https:\/\/obcina.rogatec.si\/\"},{\"@type\":\"ListItem\",\"position\":2,\"name\":\"19. REDNO SEJO OB\u010cINSKEGA SVETA OB\u010cINE ROGATEC\"}]},{\"@type\":\"WebSite\",\"@id\":\"https:\/\/obcina.rogatec.si\/#website\",\"url\":\"https:\/\/obcina.rogatec.si\/\",\"name\":\"Ob\u010dina Rogatec\",\"description\":\"Uradni spletni portal Ob\u010dine Rogatec\",\"publisher\":{\"@id\":\"https:\/\/obcina.rogatec.si\/#organization\"},\"potentialAction\":[{\"@type\":\"SearchAction\",\"target\":{\"@type\":\"EntryPoint\",\"urlTemplate\":\"https:\/\/obcina.rogatec.si\/?s={search_term_string}\"},\"query-input\":{\"@type\":\"PropertyValueSpecification\",\"valueRequired\":true,\"valueName\":\"search_term_string\"}}],\"inLanguage\":\"sl-SI\"},{\"@type\":\"Organization\",\"@id\":\"https:\/\/obcina.rogatec.si\/#organization\",\"name\":\"Ob\u010dina Rogatec\",\"url\":\"https:\/\/obcina.rogatec.si\/\",\"logo\":{\"@type\":\"ImageObject\",\"inLanguage\":\"sl-SI\",\"@id\":\"https:\/\/obcina.rogatec.si\/#\/schema\/logo\/image\/\",\"url\":\"https:\/\/obcina.rogatec.si\/wp-content\/uploads\/2021\/01\/ObcinaRogatec_col.png\",\"contentUrl\":\"https:\/\/obcina.rogatec.si\/wp-content\/uploads\/2021\/01\/ObcinaRogatec_col.png\",\"width\":275,\"height\":100,\"caption\":\"Ob\u010dina Rogatec\"},\"image\":{\"@id\":\"https:\/\/obcina.rogatec.si\/#\/schema\/logo\/image\/\"},\"sameAs\":[\"https:\/\/www.facebook.com\/VisitRogatec\/\",\"https:\/\/www.instagram.com\/visitrogatec\/\",\"https:\/\/www.youtube.com\/channel\/UC0j4SRaLd9oSppR8hwVd5tw\"]}]}<\/script>\n<!-- \/ Yoast SEO plugin. -->","yoast_head_json":{"title":"19. REDNO SEJO OB\u010cINSKEGA SVETA OB\u010cINE ROGATEC - Ob\u010dina Rogatec","robots":{"index":"index","follow":"follow","max-snippet":"max-snippet:-1","max-image-preview":"max-image-preview:large","max-video-preview":"max-video-preview:-1"},"canonical":"https:\/\/obcina.rogatec.si\/16866-2\/","og_locale":"sl_SI","og_type":"article","og_title":"19. REDNO SEJO OB\u010cINSKEGA SVETA OB\u010cINE ROGATEC - Ob\u010dina Rogatec","og_description":"OB\u010cINSKI SVET OB\u010cINE ROGATEC \u0160tevilka: 0070-0001\/2014- 1 Datum: 04.02.2014 VABILO Na podlagi 18. \u010dlena Statuta Ob\u010dine Rogatec (Uradni list RS, \u0161t. 13\/06, 27\/06, 50\/10 in 56\/11) in v skladu z dolo\u010dbami Poslovnika Ob\u010dinskega sveta Ob\u010dine Rogatec (Uradni list RS, \u0161t. 66\/06-UPB1 in 50\/10) sklicujem 19. REDNO SEJO OB\u010cINSKEGA SVETA OB\u010cINE ROGATEC Seja bo v SREDO, [&hellip;]","og_url":"https:\/\/obcina.rogatec.si\/16866-2\/","og_site_name":"Ob\u010dina Rogatec","article_publisher":"https:\/\/www.facebook.com\/VisitRogatec\/","article_modified_time":"2014-02-05T13:13:03+00:00","og_image":[{"width":1900,"height":1262,"url":"https:\/\/obcina.rogatec.si\/wp-content\/uploads\/2013\/10\/MUZEJ-NA-PROSTEM-ROGATEC.jpg","type":"image\/jpeg"}],"twitter_card":"summary_large_image","twitter_misc":{"Est. reading time":"1 minuta"},"schema":{"@context":"https:\/\/schema.org","@graph":[{"@type":"WebPage","@id":"https:\/\/obcina.rogatec.si\/16866-2\/","url":"https:\/\/obcina.rogatec.si\/16866-2\/","name":"19. REDNO SEJO OB\u010cINSKEGA SVETA OB\u010cINE ROGATEC - Ob\u010dina Rogatec","isPartOf":{"@id":"https:\/\/obcina.rogatec.si\/#website"},"datePublished":"2014-02-05T13:06:57+00:00","dateModified":"2014-02-05T13:13:03+00:00","breadcrumb":{"@id":"https:\/\/obcina.rogatec.si\/16866-2\/#breadcrumb"},"inLanguage":"sl-SI","potentialAction":[{"@type":"ReadAction","target":["https:\/\/obcina.rogatec.si\/16866-2\/"]}]},{"@type":"BreadcrumbList","@id":"https:\/\/obcina.rogatec.si\/16866-2\/#breadcrumb","itemListElement":[{"@type":"ListItem","position":1,"name":"Domov","item":"https:\/\/obcina.rogatec.si\/"},{"@type":"ListItem","position":2,"name":"19. REDNO SEJO OB\u010cINSKEGA SVETA OB\u010cINE ROGATEC"}]},{"@type":"WebSite","@id":"https:\/\/obcina.rogatec.si\/#website","url":"https:\/\/obcina.rogatec.si\/","name":"Ob\u010dina Rogatec","description":"Uradni spletni portal Ob\u010dine Rogatec","publisher":{"@id":"https:\/\/obcina.rogatec.si\/#organization"},"potentialAction":[{"@type":"SearchAction","target":{"@type":"EntryPoint","urlTemplate":"https:\/\/obcina.rogatec.si\/?s={search_term_string}"},"query-input":{"@type":"PropertyValueSpecification","valueRequired":true,"valueName":"search_term_string"}}],"inLanguage":"sl-SI"},{"@type":"Organization","@id":"https:\/\/obcina.rogatec.si\/#organization","name":"Ob\u010dina Rogatec","url":"https:\/\/obcina.rogatec.si\/","logo":{"@type":"ImageObject","inLanguage":"sl-SI","@id":"https:\/\/obcina.rogatec.si\/#\/schema\/logo\/image\/","url":"https:\/\/obcina.rogatec.si\/wp-content\/uploads\/2021\/01\/ObcinaRogatec_col.png","contentUrl":"https:\/\/obcina.rogatec.si\/wp-content\/uploads\/2021\/01\/ObcinaRogatec_col.png","width":275,"height":100,"caption":"Ob\u010dina Rogatec"},"image":{"@id":"https:\/\/obcina.rogatec.si\/#\/schema\/logo\/image\/"},"sameAs":["https:\/\/www.facebook.com\/VisitRogatec\/","https:\/\/www.instagram.com\/visitrogatec\/","https:\/\/www.youtube.com\/channel\/UC0j4SRaLd9oSppR8hwVd5tw"]}]}},"uagb_featured_image_src":{"full":false,"thumbnail":false,"medium":false,"medium_large":false,"large":false,"1536x1536":false,"2048x2048":false,"XXS":false,"XS":false,"S":false,"M":false,"L":false,"XL":false},"uagb_author_info":{"display_name":"Suzana Likar","author_link":"https:\/\/obcina.rogatec.si\/author\/suzanal\/"},"uagb_comment_info":0,"uagb_excerpt":"OB\u010cINSKI SVET OB\u010cINE ROGATEC \u0160tevilka: 0070-0001\/2014- 1 Datum: 04.02.2014 VABILO Na podlagi 18. \u010dlena Statuta Ob\u010dine Rogatec (Uradni list RS, \u0161t. 13\/06, 27\/06, 50\/10 in 56\/11) in v skladu z dolo\u010dbami Poslovnika Ob\u010dinskega sveta Ob\u010dine Rogatec (Uradni list RS, \u0161t. 66\/06-UPB1 in 50\/10) sklicujem 19. REDNO SEJO OB\u010cINSKEGA SVETA OB\u010cINE ROGATEC Seja bo v SREDO,&hellip;","_links":{"self":[{"href":"https:\/\/obcina.rogatec.si\/wp-json\/wp\/v2\/pages\/16866","targetHints":{"allow":["GET"]}}],"collection":[{"href":"https:\/\/obcina.rogatec.si\/wp-json\/wp\/v2\/pages"}],"about":[{"href":"https:\/\/obcina.rogatec.si\/wp-json\/wp\/v2\/types\/page"}],"author":[{"embeddable":true,"href":"https:\/\/obcina.rogatec.si\/wp-json\/wp\/v2\/users\/3"}],"replies":[{"embeddable":true,"href":"https:\/\/obcina.rogatec.si\/wp-json\/wp\/v2\/comments?post=16866"}],"version-history":[{"count":5,"href":"https:\/\/obcina.rogatec.si\/wp-json\/wp\/v2\/pages\/16866\/revisions"}],"predecessor-version":[{"id":16886,"href":"https:\/\/obcina.rogatec.si\/wp-json\/wp\/v2\/pages\/16866\/revisions\/16886"}],"wp:attachment":[{"href":"https:\/\/obcina.rogatec.si\/wp-json\/wp\/v2\/media?parent=16866"}],"curies":[{"name":"wp","href":"https:\/\/api.w.org\/{rel}","templated":true}]}}