{"id":15766,"date":"2014-02-04T08:11:19","date_gmt":"2014-02-04T07:11:19","guid":{"rendered":"https:\/\/obcina.rogatec.si\/?page_id=15766"},"modified":"2015-03-17T09:03:44","modified_gmt":"2015-03-17T08:03:44","slug":"tarok-drustvo-rogatec-rogaska","status":"publish","type":"page","link":"https:\/\/obcina.rogatec.si\/tarok-drustvo-rogatec-rogaska\/","title":{"rendered":"Tarok dru\u0161tvo Rogatec-Roga\u0161ka"},"content":{"rendered":"<p>&nbsp;<\/p>\n<p>Dru\u0161tvo je bilo ustanovljeno 4.12.2009 in ima sede\u017e v ob\u010dini Rogatec.<\/p>\n<p>Na ustanovnem zboru je bilo prisotnih 30 \u010dlanov.<br \/>\nDanes je v dru\u0161tvu 46 \u010dlanic in \u010dlanov, ki se letno udele\u017eujejo:<\/p>\n<p>&#8211; 11 dru\u0161tvenih turnirjev,<br \/>\n&#8211; 12 turnirjev posameznikov za dr\u017eavno prvenstvo,<br \/>\n&#8211; 1 turnirja za ekipno dr\u017eavno prvenstvo in<br \/>\n&#8211; 4 turnirjev za pokalno dr\u017eavno prvenstvo.<\/p>\n<p>&nbsp;<\/p>\n<p><a href=\"https:\/\/obcina.rogatec.si\/wp-content\/uploads\/2014\/02\/\u0161ajerska-liga.jpg\"><img loading=\"lazy\" decoding=\"async\" class=\"alignnone size-medium wp-image-21020\" alt=\"\u0161ajerska liga\" src=\"https:\/\/obcina.rogatec.si\/wp-content\/uploads\/2014\/02\/\u0161ajerska-liga-300x225.jpg\" width=\"300\" height=\"225\" srcset=\"https:\/\/obcina.rogatec.si\/wp-content\/uploads\/2014\/02\/\u0161ajerska-liga-300x225.jpg 300w, https:\/\/obcina.rogatec.si\/wp-content\/uploads\/2014\/02\/\u0161ajerska-liga-1024x768.jpg 1024w\" sizes=\"auto, (max-width: 300px) 100vw, 300px\" \/><\/a>\u00a0 \u00a0 \u00a0 \u00a0 \u00a0 \u00a0 \u00a0 \u00a0 \u00a0 \u00a0 \u00a0 \u00a0 \u00a0 \u00a0 \u00a0 \u00a0 \u00a0 \u00a0 \u00a0 \u00a0 \u00a0 \u00a0 \u00a0 \u00a0 \u00a0<a href=\"https:\/\/obcina.rogatec.si\/wp-content\/uploads\/2014\/02\/velikono\u010dnica.jpg\"><img loading=\"lazy\" decoding=\"async\" class=\"alignnone size-medium wp-image-21021\" alt=\"velikono\u010dnica\" src=\"https:\/\/obcina.rogatec.si\/wp-content\/uploads\/2014\/02\/velikono\u010dnica-300x224.jpg\" width=\"300\" height=\"224\" srcset=\"https:\/\/obcina.rogatec.si\/wp-content\/uploads\/2014\/02\/velikono\u010dnica-300x224.jpg 300w, https:\/\/obcina.rogatec.si\/wp-content\/uploads\/2014\/02\/velikono\u010dnica-1024x766.jpg 1024w\" sizes=\"auto, (max-width: 300px) 100vw, 300px\" \/><\/a><\/p>\n","protected":false},"excerpt":{"rendered":"<p>&nbsp; Dru\u0161tvo je bilo ustanovljeno 4.12.2009 in ima sede\u017e v ob\u010dini Rogatec. Na ustanovnem zboru je bilo prisotnih 30 \u010dlanov. Danes je v dru\u0161tvu 46 \u010dlanic in \u010dlanov, ki se letno udele\u017eujejo: &#8211; 11 dru\u0161tvenih turnirjev, &#8211; 12 turnirjev posameznikov za dr\u017eavno prvenstvo, &#8211; 1 turnirja za ekipno dr\u017eavno prvenstvo in &#8211; 4 turnirjev za [&hellip;]<\/p>\n","protected":false},"author":3,"featured_media":0,"parent":0,"menu_order":0,"comment_status":"closed","ping_status":"closed","template":"","meta":{"_uag_custom_page_level_css":"","footnotes":""},"class_list":["post-15766","page","type-page","status-publish","hentry"],"yoast_head":"<!-- This site is optimized with the Yoast SEO plugin v27.2 - https:\/\/yoast.com\/product\/yoast-seo-wordpress\/ -->\n<title>Tarok dru\u0161tvo Rogatec-Roga\u0161ka - Ob\u010dina Rogatec<\/title>\n<meta name=\"robots\" content=\"index, follow, max-snippet:-1, max-image-preview:large, max-video-preview:-1\" \/>\n<link rel=\"canonical\" href=\"https:\/\/obcina.rogatec.si\/tarok-drustvo-rogatec-rogaska\/\" \/>\n<meta property=\"og:locale\" content=\"sl_SI\" \/>\n<meta property=\"og:type\" content=\"article\" \/>\n<meta property=\"og:title\" content=\"Tarok dru\u0161tvo Rogatec-Roga\u0161ka - Ob\u010dina Rogatec\" \/>\n<meta property=\"og:description\" content=\"&nbsp; Dru\u0161tvo je bilo ustanovljeno 4.12.2009 in ima sede\u017e v ob\u010dini Rogatec. Na ustanovnem zboru je bilo prisotnih 30 \u010dlanov. Danes je v dru\u0161tvu 46 \u010dlanic in \u010dlanov, ki se letno udele\u017eujejo: &#8211; 11 dru\u0161tvenih turnirjev, &#8211; 12 turnirjev posameznikov za dr\u017eavno prvenstvo, &#8211; 1 turnirja za ekipno dr\u017eavno prvenstvo in &#8211; 4 turnirjev za [&hellip;]\" \/>\n<meta property=\"og:url\" content=\"https:\/\/obcina.rogatec.si\/tarok-drustvo-rogatec-rogaska\/\" \/>\n<meta property=\"og:site_name\" content=\"Ob\u010dina Rogatec\" \/>\n<meta property=\"article:publisher\" content=\"https:\/\/www.facebook.com\/VisitRogatec\/\" \/>\n<meta property=\"article:modified_time\" content=\"2015-03-17T08:03:44+00:00\" \/>\n<meta property=\"og:image\" content=\"https:\/\/obcina.rogatec.si\/wp-content\/uploads\/2014\/02\/\u0161ajerska-liga-300x225.jpg\" \/>\n<meta name=\"twitter:card\" content=\"summary_large_image\" \/>\n<script type=\"application\/ld+json\" class=\"yoast-schema-graph\">{\"@context\":\"https:\/\/schema.org\",\"@graph\":[{\"@type\":\"WebPage\",\"@id\":\"https:\/\/obcina.rogatec.si\/tarok-drustvo-rogatec-rogaska\/\",\"url\":\"https:\/\/obcina.rogatec.si\/tarok-drustvo-rogatec-rogaska\/\",\"name\":\"Tarok dru\u0161tvo Rogatec-Roga\u0161ka - Ob\u010dina Rogatec\",\"isPartOf\":{\"@id\":\"https:\/\/obcina.rogatec.si\/#website\"},\"datePublished\":\"2014-02-04T07:11:19+00:00\",\"dateModified\":\"2015-03-17T08:03:44+00:00\",\"breadcrumb\":{\"@id\":\"https:\/\/obcina.rogatec.si\/tarok-drustvo-rogatec-rogaska\/#breadcrumb\"},\"inLanguage\":\"sl-SI\",\"potentialAction\":[{\"@type\":\"ReadAction\",\"target\":[\"https:\/\/obcina.rogatec.si\/tarok-drustvo-rogatec-rogaska\/\"]}]},{\"@type\":\"BreadcrumbList\",\"@id\":\"https:\/\/obcina.rogatec.si\/tarok-drustvo-rogatec-rogaska\/#breadcrumb\",\"itemListElement\":[{\"@type\":\"ListItem\",\"position\":1,\"name\":\"Domov\",\"item\":\"https:\/\/obcina.rogatec.si\/\"},{\"@type\":\"ListItem\",\"position\":2,\"name\":\"Tarok dru\u0161tvo Rogatec-Roga\u0161ka\"}]},{\"@type\":\"WebSite\",\"@id\":\"https:\/\/obcina.rogatec.si\/#website\",\"url\":\"https:\/\/obcina.rogatec.si\/\",\"name\":\"Ob\u010dina Rogatec\",\"description\":\"Uradni spletni portal Ob\u010dine Rogatec\",\"publisher\":{\"@id\":\"https:\/\/obcina.rogatec.si\/#organization\"},\"potentialAction\":[{\"@type\":\"SearchAction\",\"target\":{\"@type\":\"EntryPoint\",\"urlTemplate\":\"https:\/\/obcina.rogatec.si\/?s={search_term_string}\"},\"query-input\":{\"@type\":\"PropertyValueSpecification\",\"valueRequired\":true,\"valueName\":\"search_term_string\"}}],\"inLanguage\":\"sl-SI\"},{\"@type\":\"Organization\",\"@id\":\"https:\/\/obcina.rogatec.si\/#organization\",\"name\":\"Ob\u010dina Rogatec\",\"url\":\"https:\/\/obcina.rogatec.si\/\",\"logo\":{\"@type\":\"ImageObject\",\"inLanguage\":\"sl-SI\",\"@id\":\"https:\/\/obcina.rogatec.si\/#\/schema\/logo\/image\/\",\"url\":\"https:\/\/obcina.rogatec.si\/wp-content\/uploads\/2021\/01\/ObcinaRogatec_col.png\",\"contentUrl\":\"https:\/\/obcina.rogatec.si\/wp-content\/uploads\/2021\/01\/ObcinaRogatec_col.png\",\"width\":275,\"height\":100,\"caption\":\"Ob\u010dina Rogatec\"},\"image\":{\"@id\":\"https:\/\/obcina.rogatec.si\/#\/schema\/logo\/image\/\"},\"sameAs\":[\"https:\/\/www.facebook.com\/VisitRogatec\/\",\"https:\/\/www.instagram.com\/visitrogatec\/\",\"https:\/\/www.youtube.com\/channel\/UC0j4SRaLd9oSppR8hwVd5tw\"]}]}<\/script>\n<!-- \/ Yoast SEO plugin. -->","yoast_head_json":{"title":"Tarok dru\u0161tvo Rogatec-Roga\u0161ka - Ob\u010dina Rogatec","robots":{"index":"index","follow":"follow","max-snippet":"max-snippet:-1","max-image-preview":"max-image-preview:large","max-video-preview":"max-video-preview:-1"},"canonical":"https:\/\/obcina.rogatec.si\/tarok-drustvo-rogatec-rogaska\/","og_locale":"sl_SI","og_type":"article","og_title":"Tarok dru\u0161tvo Rogatec-Roga\u0161ka - Ob\u010dina Rogatec","og_description":"&nbsp; Dru\u0161tvo je bilo ustanovljeno 4.12.2009 in ima sede\u017e v ob\u010dini Rogatec. Na ustanovnem zboru je bilo prisotnih 30 \u010dlanov. Danes je v dru\u0161tvu 46 \u010dlanic in \u010dlanov, ki se letno udele\u017eujejo: &#8211; 11 dru\u0161tvenih turnirjev, &#8211; 12 turnirjev posameznikov za dr\u017eavno prvenstvo, &#8211; 1 turnirja za ekipno dr\u017eavno prvenstvo in &#8211; 4 turnirjev za [&hellip;]","og_url":"https:\/\/obcina.rogatec.si\/tarok-drustvo-rogatec-rogaska\/","og_site_name":"Ob\u010dina Rogatec","article_publisher":"https:\/\/www.facebook.com\/VisitRogatec\/","article_modified_time":"2015-03-17T08:03:44+00:00","og_image":[{"url":"https:\/\/obcina.rogatec.si\/wp-content\/uploads\/2014\/02\/\u0161ajerska-liga-300x225.jpg","type":"","width":"","height":""}],"twitter_card":"summary_large_image","schema":{"@context":"https:\/\/schema.org","@graph":[{"@type":"WebPage","@id":"https:\/\/obcina.rogatec.si\/tarok-drustvo-rogatec-rogaska\/","url":"https:\/\/obcina.rogatec.si\/tarok-drustvo-rogatec-rogaska\/","name":"Tarok dru\u0161tvo Rogatec-Roga\u0161ka - Ob\u010dina Rogatec","isPartOf":{"@id":"https:\/\/obcina.rogatec.si\/#website"},"datePublished":"2014-02-04T07:11:19+00:00","dateModified":"2015-03-17T08:03:44+00:00","breadcrumb":{"@id":"https:\/\/obcina.rogatec.si\/tarok-drustvo-rogatec-rogaska\/#breadcrumb"},"inLanguage":"sl-SI","potentialAction":[{"@type":"ReadAction","target":["https:\/\/obcina.rogatec.si\/tarok-drustvo-rogatec-rogaska\/"]}]},{"@type":"BreadcrumbList","@id":"https:\/\/obcina.rogatec.si\/tarok-drustvo-rogatec-rogaska\/#breadcrumb","itemListElement":[{"@type":"ListItem","position":1,"name":"Domov","item":"https:\/\/obcina.rogatec.si\/"},{"@type":"ListItem","position":2,"name":"Tarok dru\u0161tvo Rogatec-Roga\u0161ka"}]},{"@type":"WebSite","@id":"https:\/\/obcina.rogatec.si\/#website","url":"https:\/\/obcina.rogatec.si\/","name":"Ob\u010dina Rogatec","description":"Uradni spletni portal Ob\u010dine Rogatec","publisher":{"@id":"https:\/\/obcina.rogatec.si\/#organization"},"potentialAction":[{"@type":"SearchAction","target":{"@type":"EntryPoint","urlTemplate":"https:\/\/obcina.rogatec.si\/?s={search_term_string}"},"query-input":{"@type":"PropertyValueSpecification","valueRequired":true,"valueName":"search_term_string"}}],"inLanguage":"sl-SI"},{"@type":"Organization","@id":"https:\/\/obcina.rogatec.si\/#organization","name":"Ob\u010dina Rogatec","url":"https:\/\/obcina.rogatec.si\/","logo":{"@type":"ImageObject","inLanguage":"sl-SI","@id":"https:\/\/obcina.rogatec.si\/#\/schema\/logo\/image\/","url":"https:\/\/obcina.rogatec.si\/wp-content\/uploads\/2021\/01\/ObcinaRogatec_col.png","contentUrl":"https:\/\/obcina.rogatec.si\/wp-content\/uploads\/2021\/01\/ObcinaRogatec_col.png","width":275,"height":100,"caption":"Ob\u010dina Rogatec"},"image":{"@id":"https:\/\/obcina.rogatec.si\/#\/schema\/logo\/image\/"},"sameAs":["https:\/\/www.facebook.com\/VisitRogatec\/","https:\/\/www.instagram.com\/visitrogatec\/","https:\/\/www.youtube.com\/channel\/UC0j4SRaLd9oSppR8hwVd5tw"]}]}},"uagb_featured_image_src":{"full":false,"thumbnail":false,"medium":false,"medium_large":false,"large":false,"1536x1536":false,"2048x2048":false,"XXS":false,"XS":false,"S":false,"M":false,"L":false,"XL":false},"uagb_author_info":{"display_name":"Suzana Likar","author_link":"https:\/\/obcina.rogatec.si\/author\/suzanal\/"},"uagb_comment_info":0,"uagb_excerpt":"&nbsp; Dru\u0161tvo je bilo ustanovljeno 4.12.2009 in ima sede\u017e v ob\u010dini Rogatec. Na ustanovnem zboru je bilo prisotnih 30 \u010dlanov. Danes je v dru\u0161tvu 46 \u010dlanic in \u010dlanov, ki se letno udele\u017eujejo: &#8211; 11 dru\u0161tvenih turnirjev, &#8211; 12 turnirjev posameznikov za dr\u017eavno prvenstvo, &#8211; 1 turnirja za ekipno dr\u017eavno prvenstvo in &#8211; 4 turnirjev za&hellip;","_links":{"self":[{"href":"https:\/\/obcina.rogatec.si\/wp-json\/wp\/v2\/pages\/15766","targetHints":{"allow":["GET"]}}],"collection":[{"href":"https:\/\/obcina.rogatec.si\/wp-json\/wp\/v2\/pages"}],"about":[{"href":"https:\/\/obcina.rogatec.si\/wp-json\/wp\/v2\/types\/page"}],"author":[{"embeddable":true,"href":"https:\/\/obcina.rogatec.si\/wp-json\/wp\/v2\/users\/3"}],"replies":[{"embeddable":true,"href":"https:\/\/obcina.rogatec.si\/wp-json\/wp\/v2\/comments?post=15766"}],"version-history":[{"count":6,"href":"https:\/\/obcina.rogatec.si\/wp-json\/wp\/v2\/pages\/15766\/revisions"}],"predecessor-version":[{"id":501107,"href":"https:\/\/obcina.rogatec.si\/wp-json\/wp\/v2\/pages\/15766\/revisions\/501107"}],"wp:attachment":[{"href":"https:\/\/obcina.rogatec.si\/wp-json\/wp\/v2\/media?parent=15766"}],"curies":[{"name":"wp","href":"https:\/\/api.w.org\/{rel}","templated":true}]}}