{"id":154,"date":"2013-04-07T09:01:50","date_gmt":"2013-04-07T09:01:50","guid":{"rendered":"https:\/\/obcina.rogatec.si\/?page_id=154"},"modified":"2024-06-10T09:38:27","modified_gmt":"2024-06-10T07:38:27","slug":"vloge-in-obrazci","status":"publish","type":"page","link":"https:\/\/obcina.rogatec.si\/o-obcini\/vloge-in-obrazci\/","title":{"rendered":"Vloge in obrazci"},"content":{"rendered":"<p><strong style=\"font-size: 13px; line-height: 19px;\">PROSTOR<\/strong><\/p>\n<ul>\n<li><a href=\"https:\/\/obcina.rogatec.si\/wp-content\/uploads\/2024\/05\/Prijava-zacetka-gradnje-zacasnega-skladiscnega-objekta-ali-enostavnega-objekta-ki-je-stavba.pdf\">Prijava za\u010detka gradnje za\u010dasnega skladi\u0161\u010dnega objekta ali enostavnega objekta, ki je stavba<\/a><\/li>\n<li><a href=\"https:\/\/obcina.rogatec.si\/wp-content\/uploads\/2024\/05\/Vloga-za-lokacijsko-informacijo.pdf\">Vloga za lokacijsko informacijo<\/a><\/li>\n<li><a href=\"https:\/\/obcina.rogatec.si\/wp-content\/uploads\/2024\/05\/Zahteva-za-izdajo-mnenja.pdf\">Zahteva za izdajo mnenja<\/a><\/li>\n<li><a href=\"https:\/\/obcina.rogatec.si\/wp-content\/uploads\/2024\/05\/Zahteva-za-izdajo-projektnih-in-drugih-pogojev.pdf\">Zahteva za izdajo projektnih in drugih pogojev<\/a><\/li>\n<li><a href=\"https:\/\/obcina.rogatec.si\/wp-content\/uploads\/2024\/05\/Zahteva-za-podaljsanje-roka-za-dopolnitev-vloge.pdf\">Zahteva za podalj\u0161anje roka za dopolnitev vloge<\/a><\/li>\n<li><a href=\"https:\/\/obcina.rogatec.si\/wp-content\/uploads\/2024\/05\/Zahteva-za-soglasje-obcine-glede-skladnosti-manjse-rekonstrukcije-s-prostorskim-aktom.pdf\">Zahteva za soglasje ob\u010dine glede skladnosti manj\u0161e rekonstrukcije s prostorskim aktom<\/a><\/li>\n<li><a href=\"https:\/\/obcina.rogatec.si\/wp-content\/uploads\/2024\/05\/Dopolnitev-vloge.pdf\">Dopolnitev vloge<\/a><\/li>\n<li><a href=\"https:\/\/obcina.rogatec.si\/wp-content\/uploads\/2021\/11\/Vloga-za-odmero-komunalnega-prispevka-1.pdf\">Vloga za odmero komunalnega prispevka <\/a><a href=\"https:\/\/obcina.rogatec.si\/wp-content\/uploads\/2021\/11\/Vloga-za-odmero-komunalnega-prispevka.doc\">(MS Word)<\/a><\/li>\n<li><a href=\"https:\/\/obcina.rogatec.si\/wp-content\/uploads\/2021\/11\/Vloga-za-subveniconiranje-komunalnega-prispevka_-novogradnja-enostanovanjske-stavbe.pdf\">Vloga za subveniconiranje komunalnega prispevka_ novogradnja enostanovanjske stavbe <\/a><a href=\"https:\/\/obcina.rogatec.si\/wp-content\/uploads\/2021\/11\/Vloga-za-subveniconiranje-komunalnega-prispevka_-novogradnja-enostanovanjske-stavbe-1.pdf\">(MS Word)<\/a><\/li>\n<li><a href=\"https:\/\/obcina.rogatec.si\/wp-content\/uploads\/2021\/12\/Zahtevek-za-izplacilo-subvencije.pdf\">Zahtevek za izpla\u010dilo subvencije komunalnega prispevka<\/a><\/li>\n<li><a href=\"https:\/\/obcina.rogatec.si\/wp-content\/uploads\/2021\/11\/Pobuda-za-izvedbo-postopka-lokacijske-preveritve_-11.pdf\">Pobuda za izvedbo postopka lokacijske preveritve\u00a0 <\/a><a href=\"https:\/\/obcina.rogatec.si\/wp-content\/uploads\/2021\/11\/Pobuda-za-izvedbo-postopka-lokacijske-preveritve_-zadnje.docx\">(MS Word)<\/a><\/li>\n<li><a href=\"https:\/\/obcina.rogatec.si\/wp-content\/uploads\/2023\/05\/POBUDA-ZA-SPREMEMBO-NAMENSKE-RABE-1.pdf\">Pobuda za spremembo namenske rabe<\/a><\/li>\n<\/ul>\n<p><strong>CESTE<\/strong><\/p>\n<ul>\n<li><a href=\"https:\/\/obcina.rogatec.si\/wp-content\/uploads\/2022\/04\/Vloga-za-dovoljenje-za-prikljucek.pdf\">Vloga za dovoljenje za priklju\u010dek<\/a><\/li>\n<li><a href=\"https:\/\/obcina.rogatec.si\/wp-content\/uploads\/2022\/04\/Vloga-za-delno-zaporo-ceste.pdf\">Vloga za delno zaporo ceste<\/a><\/li>\n<li><a href=\"https:\/\/obcina.rogatec.si\/wp-content\/uploads\/2022\/04\/Vloga-za-poseg-v-obcinsko-cesto.pdf\">Vloga za poseg v ob\u010dinsko cesto<\/a><\/li>\n<li><a href=\"https:\/\/obcina.rogatec.si\/wp-content\/uploads\/2021\/11\/Vloga-za-soglasje-zaradi-posega-v-varovani-pas-ceste.pdf\">Vloga za soglasje &#8211; varovani pas ceste <\/a><\/li>\n<\/ul>\n<p><strong>PRIREDITVE<\/strong><\/p>\n<ul>\n<li><a href=\"https:\/\/obcina.rogatec.si\/wp-content\/uploads\/2021\/11\/VLOGA-za-zacasno-cezmerno-obremenitev-s-hrupom-OBRAZEC.pdf\">Vloga za pridobitev dovoljenja za za\u010dasno \u010dezmerno obremenitev okolja s hrupom na prireditvi<\/a> + <a href=\"https:\/\/obcina.rogatec.si\/wp-content\/uploads\/2013\/04\/Navodila-organizatorjem-hrup.pdf\">Navodila organizatorjem &#8211; hrup<\/a><\/li>\n<li><a href=\"https:\/\/obcina.rogatec.si\/wp-content\/uploads\/2021\/11\/PRIJAVA-uporabe-zvocnih-naprav.pdf\">Prijava uporabe zvo\u010dnih naprav na prireditvi<\/a>\u00a0<span style=\"font-size: 13px; line-height: 19px;\">+\u00a0<a href=\"https:\/\/obcina.rogatec.si\/wp-content\/uploads\/2013\/04\/Navodila-organizatorjem-hrup.pdf\">Navodila organizatorjem &#8211; hrup<\/a><\/span><span style=\"font-size: 13px; line-height: 19px;\"><br \/>\n<\/span><\/li>\n<li><a href=\"https:\/\/obcina.rogatec.si\/wp-content\/uploads\/2013\/04\/Dopis_215-2-2016-4.pdf\">Obvestilo organizatorjem prireditev v zvezi z zagotavljanjem zdravstvenega varstva na prireditvah po novem Pravilniku o NMP<\/a><\/li>\n<\/ul>\n<p><strong>OSTALE VLOGE<\/strong><\/p>\n<ul>\n<li><a href=\"https:\/\/obcina.rogatec.si\/wp-content\/uploads\/2022\/05\/VLOGA-ZA-DODELITEV-ENKRATNE-DENARNE-POMOCI-NOVOROJENCU-1.pdf\">Vloga za dodelitev enkratne denarne pomo\u010di za novorojence v Ob\u010dini Rogatec<\/a><\/li>\n<li><a href=\"https:\/\/obcina.rogatec.si\/wp-content\/uploads\/2022\/05\/VLOGA-ZA-ENKRATNO-DENARNO-POMOC-OB-VPISU-OTROKA-V-PRVI-RAZRED-1.pdf\">Vloga za enkratno denarno pomo\u010d ob vpisu otroka v prvi razred VIZ O\u0160 Rogatec<\/a>, <a href=\"https:\/\/obcina.rogatec.si\/wp-content\/uploads\/2019\/04\/Sklep-pomo\u010d-prvi-razred.pdf\">Sklep Ob\u010dinskega sveta Ob\u010dine Rogatec<\/a><\/li>\n<li><a href=\"https:\/\/obcina.rogatec.si\/wp-content\/uploads\/2021\/11\/Izjava_najditelja_zapuscene_zivali.pdf\">Izjava najditelja o zapu\u0161\u010deni \u017eivali<\/a><\/li>\n<li><b style=\"font-size: 13px; line-height: 19px;\">Potrdilo o lastni proizvodnji:<\/b><span style=\"font-size: 13px; line-height: 19px;\"> Obve\u0161\u010damo vas, da v skladu s <a href=\"https:\/\/www.uradni-list.si\/glasilo-uradni-list-rs\/vsebina\/2009-01-1781\/pravilnik-o-minimalnih-tehnicnih-pogojih-za-opravljanje-trgovinske-dejavnosti\">Pravilnikom o minimalnih tehni\u010dnih pogojih za opravljanje trgovinske dejavnosti<\/a> (Uradni list RS, \u0161t. 37\/2009), ne izdajamo ve\u010d potrdil o lastni proizvodnji.<\/span><\/li>\n<li><a href=\"https:\/\/obcina.rogatec.si\/wp-content\/uploads\/2021\/11\/VLOGA-ZA-OPROSTITEV-NUSZ.pdf\">Vloga za oprostitev pla\u010dila nadomestila za uporabo stavbnega zemlji\u0161\u010da<\/a><\/li>\n<li><a href=\"https:\/\/obcina.rogatec.si\/wp-content\/uploads\/2021\/11\/PRIJAVA-NUSZ.pdf\">Prijava podatkov za odmero nadomestila za uporabo stavbnega zemlji\u0161\u010da<\/a><\/li>\n<li><a href=\"https:\/\/obcina.rogatec.si\/wp-content\/uploads\/2021\/11\/PRIJAVA-OBRATOVALNEGA-CASA.pdf\">Obrazec za prijavo obratovalnega \u010dasa<\/a><\/li>\n<li><a href=\"https:\/\/obcina.rogatec.si\/wp-content\/uploads\/2021\/11\/PRODAJA-NA-TRZNICI.pdf\">Vloga za izdajo soglasja za prodajo na tr\u017enici\u00a0<\/a>in <a href=\"https:\/\/obcina.rogatec.si\/wp-content\/uploads\/2013\/04\/TR\u017dNI-RED.pdf\">tr\u017eni red<\/a><\/li>\n<li><a href=\"https:\/\/obcina.rogatec.si\/wp-content\/uploads\/2022\/05\/VLOGA-ZA-DODELITEV-ENKRATNE-STUDIJSKE-POMOCI-STUDENTOM-NA-IZMENJAVI-1.pdf\">Vloga za dodelitev enkratne \u0161tudijske pomo\u010di \u0161tudentom na izmenjavi<\/a><\/li>\n<li><a href=\"https:\/\/obcina.rogatec.si\/wp-content\/uploads\/2021\/11\/PONUDBA-IN-VLOGA-ZA-IZDAJO-IZJAVE-O-PREDKUPNI-PRAVICI_-OBMOCJE-VARSTVA-KULTURE.pdf\">Ponudba in vloga za izdajo izjave o predkupni pravici &#8211; obmo\u010dje varstva kulture<\/a><\/li>\n<li><a href=\"https:\/\/obcina.rogatec.si\/wp-content\/uploads\/2021\/11\/PONUDBA-IN-VLOGA-ZA-IZDAJO-IZJAVE-O-PREDKUPNI-PRAVICI_-OBMOCJE-VARSTVA-NARAVE.pdf\">Ponudbhttps:\/\/obcina.rogatec.si\/wp-content\/uploads\/2021\/11\/vloga-za-studijsko-pomoc1.pdfa in vloga za izdajo izjave o predkupni pravici &#8211; obmo\u010dje varstva narave<\/a><\/li>\n<li>Vloge za izdajo dovoljenja za posebno rabo javne povr\u0161ine in ob\u010dinske takse za posebno rabo:\n<ul>\n<li><a href=\"https:\/\/obcina.rogatec.si\/wp-content\/uploads\/2024\/06\/VLOGA-OGLASEVANJE.pdf\">za ogla\u0161evanje (dnevi plakatiranja: torek, \u010detrtek)<\/a><\/li>\n<li><a href=\"https:\/\/obcina.rogatec.si\/wp-content\/uploads\/2022\/03\/VLOGA-PRIREDITVE-RAZSTAVE.pdf\">za prireditve, razstave, postavitev \u0161otorov, ipd.<\/a><\/li>\n<li><a href=\"https:\/\/obcina.rogatec.si\/wp-content\/uploads\/2022\/03\/VLOGA-GOSTINSKI-VRT.pdf\">za opravljanje gostinske dejavnosti in drugo<\/a><\/li>\n<li><a href=\"https:\/\/obcina.rogatec.si\/wp-content\/uploads\/2022\/03\/VLOGA-PARKIRANJE.pdf\">za parkiranje na javnih povr\u0161inah<\/a><\/li>\n<li><a href=\"https:\/\/obcina.rogatec.si\/wp-content\/uploads\/2022\/03\/VLOGA-KIOSKI-STONJICE.pdf\">za postavitev kioskov, prodajnih avtomatov, premi\u010dnih stojnic, ipd.<\/a><\/li>\n<\/ul>\n<\/li>\n<\/ul>\n","protected":false},"excerpt":{"rendered":"<p>PROSTOR Prijava za\u010detka gradnje za\u010dasnega skladi\u0161\u010dnega objekta ali enostavnega objekta, ki je stavba Vloga za lokacijsko informacijo Zahteva za izdajo mnenja Zahteva za izdajo projektnih in drugih pogojev Zahteva za podalj\u0161anje roka za dopolnitev vloge Zahteva za soglasje ob\u010dine glede skladnosti manj\u0161e rekonstrukcije s prostorskim aktom Dopolnitev vloge Vloga za odmero komunalnega prispevka (MS Word) [&hellip;]<\/p>\n","protected":false},"author":1,"featured_media":0,"parent":2,"menu_order":8,"comment_status":"open","ping_status":"open","template":"","meta":{"_uag_custom_page_level_css":"","footnotes":""},"class_list":["post-154","page","type-page","status-publish","hentry"],"yoast_head":"<!-- This site is optimized with the Yoast SEO plugin v27.2 - https:\/\/yoast.com\/product\/yoast-seo-wordpress\/ -->\n<title>Vloge in obrazci - Ob\u010dina Rogatec<\/title>\n<meta name=\"robots\" content=\"index, follow, max-snippet:-1, max-image-preview:large, max-video-preview:-1\" \/>\n<link rel=\"canonical\" href=\"https:\/\/obcina.rogatec.si\/o-obcini\/vloge-in-obrazci\/\" \/>\n<meta property=\"og:locale\" content=\"sl_SI\" \/>\n<meta property=\"og:type\" content=\"article\" \/>\n<meta property=\"og:title\" content=\"Vloge in obrazci - Ob\u010dina Rogatec\" \/>\n<meta property=\"og:description\" content=\"PROSTOR Prijava za\u010detka gradnje za\u010dasnega skladi\u0161\u010dnega objekta ali enostavnega objekta, ki je stavba Vloga za lokacijsko informacijo Zahteva za izdajo mnenja Zahteva za izdajo projektnih in drugih pogojev Zahteva za podalj\u0161anje roka za dopolnitev vloge Zahteva za soglasje ob\u010dine glede skladnosti manj\u0161e rekonstrukcije s prostorskim aktom Dopolnitev vloge Vloga za odmero komunalnega prispevka (MS Word) [&hellip;]\" \/>\n<meta property=\"og:url\" content=\"https:\/\/obcina.rogatec.si\/o-obcini\/vloge-in-obrazci\/\" \/>\n<meta property=\"og:site_name\" content=\"Ob\u010dina Rogatec\" \/>\n<meta property=\"article:publisher\" content=\"https:\/\/www.facebook.com\/VisitRogatec\/\" \/>\n<meta property=\"article:modified_time\" content=\"2024-06-10T07:38:27+00:00\" \/>\n<meta property=\"og:image\" content=\"https:\/\/obcina.rogatec.si\/wp-content\/uploads\/2013\/10\/MUZEJ-NA-PROSTEM-ROGATEC.jpg\" \/>\n\t<meta property=\"og:image:width\" content=\"1900\" \/>\n\t<meta property=\"og:image:height\" content=\"1262\" \/>\n\t<meta property=\"og:image:type\" content=\"image\/jpeg\" \/>\n<meta name=\"twitter:card\" content=\"summary_large_image\" \/>\n<meta name=\"twitter:label1\" content=\"Est. reading time\" \/>\n\t<meta name=\"twitter:data1\" content=\"2 minuti\" \/>\n<script type=\"application\/ld+json\" class=\"yoast-schema-graph\">{\"@context\":\"https:\/\/schema.org\",\"@graph\":[{\"@type\":\"WebPage\",\"@id\":\"https:\/\/obcina.rogatec.si\/o-obcini\/vloge-in-obrazci\/\",\"url\":\"https:\/\/obcina.rogatec.si\/o-obcini\/vloge-in-obrazci\/\",\"name\":\"Vloge in obrazci - Ob\u010dina Rogatec\",\"isPartOf\":{\"@id\":\"https:\/\/obcina.rogatec.si\/#website\"},\"datePublished\":\"2013-04-07T09:01:50+00:00\",\"dateModified\":\"2024-06-10T07:38:27+00:00\",\"breadcrumb\":{\"@id\":\"https:\/\/obcina.rogatec.si\/o-obcini\/vloge-in-obrazci\/#breadcrumb\"},\"inLanguage\":\"sl-SI\",\"potentialAction\":[{\"@type\":\"ReadAction\",\"target\":[\"https:\/\/obcina.rogatec.si\/o-obcini\/vloge-in-obrazci\/\"]}]},{\"@type\":\"BreadcrumbList\",\"@id\":\"https:\/\/obcina.rogatec.si\/o-obcini\/vloge-in-obrazci\/#breadcrumb\",\"itemListElement\":[{\"@type\":\"ListItem\",\"position\":1,\"name\":\"Domov\",\"item\":\"https:\/\/obcina.rogatec.si\/\"},{\"@type\":\"ListItem\",\"position\":2,\"name\":\"O Ob\u010dini Rogatec\",\"item\":\"https:\/\/obcina.rogatec.si\/o-obcini\/\"},{\"@type\":\"ListItem\",\"position\":3,\"name\":\"Vloge in obrazci\"}]},{\"@type\":\"WebSite\",\"@id\":\"https:\/\/obcina.rogatec.si\/#website\",\"url\":\"https:\/\/obcina.rogatec.si\/\",\"name\":\"Ob\u010dina Rogatec\",\"description\":\"Uradni spletni portal Ob\u010dine Rogatec\",\"publisher\":{\"@id\":\"https:\/\/obcina.rogatec.si\/#organization\"},\"potentialAction\":[{\"@type\":\"SearchAction\",\"target\":{\"@type\":\"EntryPoint\",\"urlTemplate\":\"https:\/\/obcina.rogatec.si\/?s={search_term_string}\"},\"query-input\":{\"@type\":\"PropertyValueSpecification\",\"valueRequired\":true,\"valueName\":\"search_term_string\"}}],\"inLanguage\":\"sl-SI\"},{\"@type\":\"Organization\",\"@id\":\"https:\/\/obcina.rogatec.si\/#organization\",\"name\":\"Ob\u010dina Rogatec\",\"url\":\"https:\/\/obcina.rogatec.si\/\",\"logo\":{\"@type\":\"ImageObject\",\"inLanguage\":\"sl-SI\",\"@id\":\"https:\/\/obcina.rogatec.si\/#\/schema\/logo\/image\/\",\"url\":\"https:\/\/obcina.rogatec.si\/wp-content\/uploads\/2021\/01\/ObcinaRogatec_col.png\",\"contentUrl\":\"https:\/\/obcina.rogatec.si\/wp-content\/uploads\/2021\/01\/ObcinaRogatec_col.png\",\"width\":275,\"height\":100,\"caption\":\"Ob\u010dina Rogatec\"},\"image\":{\"@id\":\"https:\/\/obcina.rogatec.si\/#\/schema\/logo\/image\/\"},\"sameAs\":[\"https:\/\/www.facebook.com\/VisitRogatec\/\",\"https:\/\/www.instagram.com\/visitrogatec\/\",\"https:\/\/www.youtube.com\/channel\/UC0j4SRaLd9oSppR8hwVd5tw\"]}]}<\/script>\n<!-- \/ Yoast SEO plugin. -->","yoast_head_json":{"title":"Vloge in obrazci - Ob\u010dina Rogatec","robots":{"index":"index","follow":"follow","max-snippet":"max-snippet:-1","max-image-preview":"max-image-preview:large","max-video-preview":"max-video-preview:-1"},"canonical":"https:\/\/obcina.rogatec.si\/o-obcini\/vloge-in-obrazci\/","og_locale":"sl_SI","og_type":"article","og_title":"Vloge in obrazci - Ob\u010dina Rogatec","og_description":"PROSTOR Prijava za\u010detka gradnje za\u010dasnega skladi\u0161\u010dnega objekta ali enostavnega objekta, ki je stavba Vloga za lokacijsko informacijo Zahteva za izdajo mnenja Zahteva za izdajo projektnih in drugih pogojev Zahteva za podalj\u0161anje roka za dopolnitev vloge Zahteva za soglasje ob\u010dine glede skladnosti manj\u0161e rekonstrukcije s prostorskim aktom Dopolnitev vloge Vloga za odmero komunalnega prispevka (MS Word) [&hellip;]","og_url":"https:\/\/obcina.rogatec.si\/o-obcini\/vloge-in-obrazci\/","og_site_name":"Ob\u010dina Rogatec","article_publisher":"https:\/\/www.facebook.com\/VisitRogatec\/","article_modified_time":"2024-06-10T07:38:27+00:00","og_image":[{"width":1900,"height":1262,"url":"https:\/\/obcina.rogatec.si\/wp-content\/uploads\/2013\/10\/MUZEJ-NA-PROSTEM-ROGATEC.jpg","type":"image\/jpeg"}],"twitter_card":"summary_large_image","twitter_misc":{"Est. reading time":"2 minuti"},"schema":{"@context":"https:\/\/schema.org","@graph":[{"@type":"WebPage","@id":"https:\/\/obcina.rogatec.si\/o-obcini\/vloge-in-obrazci\/","url":"https:\/\/obcina.rogatec.si\/o-obcini\/vloge-in-obrazci\/","name":"Vloge in obrazci - Ob\u010dina Rogatec","isPartOf":{"@id":"https:\/\/obcina.rogatec.si\/#website"},"datePublished":"2013-04-07T09:01:50+00:00","dateModified":"2024-06-10T07:38:27+00:00","breadcrumb":{"@id":"https:\/\/obcina.rogatec.si\/o-obcini\/vloge-in-obrazci\/#breadcrumb"},"inLanguage":"sl-SI","potentialAction":[{"@type":"ReadAction","target":["https:\/\/obcina.rogatec.si\/o-obcini\/vloge-in-obrazci\/"]}]},{"@type":"BreadcrumbList","@id":"https:\/\/obcina.rogatec.si\/o-obcini\/vloge-in-obrazci\/#breadcrumb","itemListElement":[{"@type":"ListItem","position":1,"name":"Domov","item":"https:\/\/obcina.rogatec.si\/"},{"@type":"ListItem","position":2,"name":"O Ob\u010dini Rogatec","item":"https:\/\/obcina.rogatec.si\/o-obcini\/"},{"@type":"ListItem","position":3,"name":"Vloge in obrazci"}]},{"@type":"WebSite","@id":"https:\/\/obcina.rogatec.si\/#website","url":"https:\/\/obcina.rogatec.si\/","name":"Ob\u010dina Rogatec","description":"Uradni spletni portal Ob\u010dine Rogatec","publisher":{"@id":"https:\/\/obcina.rogatec.si\/#organization"},"potentialAction":[{"@type":"SearchAction","target":{"@type":"EntryPoint","urlTemplate":"https:\/\/obcina.rogatec.si\/?s={search_term_string}"},"query-input":{"@type":"PropertyValueSpecification","valueRequired":true,"valueName":"search_term_string"}}],"inLanguage":"sl-SI"},{"@type":"Organization","@id":"https:\/\/obcina.rogatec.si\/#organization","name":"Ob\u010dina Rogatec","url":"https:\/\/obcina.rogatec.si\/","logo":{"@type":"ImageObject","inLanguage":"sl-SI","@id":"https:\/\/obcina.rogatec.si\/#\/schema\/logo\/image\/","url":"https:\/\/obcina.rogatec.si\/wp-content\/uploads\/2021\/01\/ObcinaRogatec_col.png","contentUrl":"https:\/\/obcina.rogatec.si\/wp-content\/uploads\/2021\/01\/ObcinaRogatec_col.png","width":275,"height":100,"caption":"Ob\u010dina Rogatec"},"image":{"@id":"https:\/\/obcina.rogatec.si\/#\/schema\/logo\/image\/"},"sameAs":["https:\/\/www.facebook.com\/VisitRogatec\/","https:\/\/www.instagram.com\/visitrogatec\/","https:\/\/www.youtube.com\/channel\/UC0j4SRaLd9oSppR8hwVd5tw"]}]}},"uagb_featured_image_src":{"full":false,"thumbnail":false,"medium":false,"medium_large":false,"large":false,"1536x1536":false,"2048x2048":false,"XXS":false,"XS":false,"S":false,"M":false,"L":false,"XL":false},"uagb_author_info":{"display_name":"Ob\u010dina Rogatec","author_link":"https:\/\/obcina.rogatec.si\/author\/vedran72\/"},"uagb_comment_info":0,"uagb_excerpt":"PROSTOR Prijava za\u010detka gradnje za\u010dasnega skladi\u0161\u010dnega objekta ali enostavnega objekta, ki je stavba Vloga za lokacijsko informacijo Zahteva za izdajo mnenja Zahteva za izdajo projektnih in drugih pogojev Zahteva za podalj\u0161anje roka za dopolnitev vloge Zahteva za soglasje ob\u010dine glede skladnosti manj\u0161e rekonstrukcije s prostorskim aktom Dopolnitev vloge Vloga za odmero komunalnega prispevka (MS Word)&hellip;","_links":{"self":[{"href":"https:\/\/obcina.rogatec.si\/wp-json\/wp\/v2\/pages\/154","targetHints":{"allow":["GET"]}}],"collection":[{"href":"https:\/\/obcina.rogatec.si\/wp-json\/wp\/v2\/pages"}],"about":[{"href":"https:\/\/obcina.rogatec.si\/wp-json\/wp\/v2\/types\/page"}],"author":[{"embeddable":true,"href":"https:\/\/obcina.rogatec.si\/wp-json\/wp\/v2\/users\/1"}],"replies":[{"embeddable":true,"href":"https:\/\/obcina.rogatec.si\/wp-json\/wp\/v2\/comments?post=154"}],"version-history":[{"count":108,"href":"https:\/\/obcina.rogatec.si\/wp-json\/wp\/v2\/pages\/154\/revisions"}],"predecessor-version":[{"id":509632,"href":"https:\/\/obcina.rogatec.si\/wp-json\/wp\/v2\/pages\/154\/revisions\/509632"}],"up":[{"embeddable":true,"href":"https:\/\/obcina.rogatec.si\/wp-json\/wp\/v2\/pages\/2"}],"wp:attachment":[{"href":"https:\/\/obcina.rogatec.si\/wp-json\/wp\/v2\/media?parent=154"}],"curies":[{"name":"wp","href":"https:\/\/api.w.org\/{rel}","templated":true}]}}