{"id":148,"date":"2013-04-07T08:54:18","date_gmt":"2013-04-07T08:54:18","guid":{"rendered":"https:\/\/obcina.rogatec.si\/?page_id=148"},"modified":"2021-01-07T09:02:29","modified_gmt":"2021-01-07T08:02:29","slug":"medobcinski-inspektorat-in-redarstvo-obcin-rogaska-slatina-rogatec-in-podcetrtek","status":"publish","type":"page","link":"https:\/\/obcina.rogatec.si\/o-obcini\/medobcinski-inspektorat-in-redarstvo-obcin-rogaska-slatina-rogatec-in-podcetrtek\/","title":{"rendered":"Medob\u010dinski in\u0161pektorat in redarstvo ob\u010din Roga\u0161ka Slatina, Rogatec, Pod\u010detrtek, \u0160marje pri Jel\u0161ah in Kozje"},"content":{"rendered":"<p>&nbsp;<\/p>\n<p><img decoding=\"async\" src=\"http:\/\/www.rogaska-slatina.si\/slike\/1453449415img.jpg\" alt=\"\" width=\"230\" \/><\/p>\n<p>Ob\u010dine\u00a0Roga\u0161ka Slatina, Rogatec, Pod\u010detrtek, \u0160marje pri Jel\u0161ah in Kozje\u00a0so ustanovile organ skupne ob\u010dinske uprave:\u00a0<b>Medob\u010dinski in\u0161pektorat in redarstvo ob\u010din Roga\u0161ka Slatina, Rogatec, Pod\u010detrtek, \u0160marje pri Jel\u0161ah in Kozje.<\/b><\/p>\n<p>Ustanovitveni akt: <b><a href=\"http:\/\/www.uradni-list.si\/1\/content?id=123827&amp;part=u&amp;highlight=\">Odlok o ustanovitvi organa skupne ob\u010dinske uprave Medob\u010dinskega in\u0161pektorata in redarstva ob\u010din Roga\u0161ka Slatina, Rogatec, Pod\u010detrtek, \u0160marje pri Jel\u0161ah in Kozje\u00a0(Uradni lis RS, \u0161t. 87\/2015).<\/a><\/b><\/p>\n<p>Teko\u010de upravne in strokovne naloge za skupno upravo opravlja Ob\u010dina Roga\u0161ka Slatina, Izletni\u0161ka ulica 2, 3250 Roga\u0161ka Slatina.<\/p>\n<h3>Medob\u010dinski in\u0161pektorat in redarstvo\u00a0opravlja naloge na podro\u010dju:<\/h3>\n<ul>\n<li>ob\u010dinske in\u0161pekcije,<\/li>\n<li>ob\u010dinskega redarstva.<\/li>\n<\/ul>\n<p><b>Delovno podro\u010dje medob\u010dinskega in\u0161pektorata in redarstva:<\/b><\/p>\n<ul>\n<li>nadzor nad izvajanjem ob\u010dinskih predpisov, s katerimi ob\u010dina ureja zadeve iz svoje pristojnosti,<\/li>\n<li>izdajanje odlo\u010db na podlagi Zakona o in\u0161pekcijskem nadzoru, v primerih, ko mu je z zakonom ali ob\u010dinskim predpisom (materialnim predpisom) podeljena pristojnost nadzora in ukrepanja,<\/li>\n<li>izdajanje odlo\u010db in pla\u010dilnih nalogov na podlagi Zaklona o prekr\u0161kih v postopkih o prekr\u0161kih, za katere je pristojen na podlagi zakonov in ob\u010dinskih predpisov (materialni predpisi), ter odlo\u010danje o podanih zahtevah za sodno varstvo (npr. nadzor nad izvajanjem Zakona o pravilih cestnega prometa, Zakona o cestah, Zakona o varstvu javnega reda in miru, Odlok o ob\u010dinskih cestah, Odlok o ravnanju s komunalnimi odpadki,<\/li>\n<li>druge upravne in strokovno tehni\u010dne naloge s podro\u010dja in\u0161pekcijskega in redarskega nadzora.<\/li>\n<\/ul>\n<p class=\"esegment_p\">Sede\u017e Medob\u010dinskega in\u0161pektorata in redarstva\u00a0<b>ob\u010din Roga\u0161ka Slatina, Rogatec, Pod\u010detrtek, \u0160marje pri Jel\u0161ah in Kozje<\/b><\/p>\n<div class=\"c\">\n<ul>\n<li>\n<div>Ob\u010dina Roga\u0161ka Slatina, Izletni\u0161ka\u00a0ulica 2, 3250 Roga\u0161ka Slatina<\/div>\n<\/li>\n<li>Telefon: (03)\u00a081-81-701,(03) 81-81-734, (03)\u00a081-81-700, (03)\u00a081-81-702<\/li>\n<\/ul>\n<ul>\n<li>Telefaks:(03) 81-81-724<\/li>\n<li>Elektronski naslov: <b><a href=\"mailto:inspektorat@rogaska-slatina.si\">inspektorat@rogaska-slatina.si <\/a><\/b><\/li>\n<\/ul>\n<div><\/div>\n<\/div>\n<div>\n<div>\n<p><a href=\"https:\/\/www.rogaska-slatina.si\/si\/obcinska-uprava\/inspektorat-in-redarstvo\/\">Ve\u010d informacij<\/a><\/p>\n<\/div>\n<div><\/div>\n<\/div>\n","protected":false},"excerpt":{"rendered":"<p>&nbsp; Ob\u010dine\u00a0Roga\u0161ka Slatina, Rogatec, Pod\u010detrtek, \u0160marje pri Jel\u0161ah in Kozje\u00a0so ustanovile organ skupne ob\u010dinske uprave:\u00a0Medob\u010dinski in\u0161pektorat in redarstvo ob\u010din Roga\u0161ka Slatina, Rogatec, Pod\u010detrtek, \u0160marje pri Jel\u0161ah in Kozje. Ustanovitveni akt: Odlok o ustanovitvi organa skupne ob\u010dinske uprave Medob\u010dinskega in\u0161pektorata in redarstva ob\u010din Roga\u0161ka Slatina, Rogatec, Pod\u010detrtek, \u0160marje pri Jel\u0161ah in Kozje\u00a0(Uradni lis RS, \u0161t. 87\/2015). [&hellip;]<\/p>\n","protected":false},"author":1,"featured_media":0,"parent":2,"menu_order":7,"comment_status":"open","ping_status":"closed","template":"","meta":{"_uag_custom_page_level_css":"","footnotes":""},"class_list":["post-148","page","type-page","status-publish","hentry"],"yoast_head":"<!-- This site is optimized with the Yoast SEO plugin v27.2 - https:\/\/yoast.com\/product\/yoast-seo-wordpress\/ -->\n<title>Medob\u010dinski in\u0161pektorat in redarstvo ob\u010din Roga\u0161ka Slatina, Rogatec, Pod\u010detrtek, \u0160marje pri Jel\u0161ah in Kozje - Ob\u010dina Rogatec<\/title>\n<meta name=\"robots\" content=\"index, follow, max-snippet:-1, max-image-preview:large, max-video-preview:-1\" \/>\n<link rel=\"canonical\" href=\"https:\/\/obcina.rogatec.si\/o-obcini\/medobcinski-inspektorat-in-redarstvo-obcin-rogaska-slatina-rogatec-in-podcetrtek\/\" \/>\n<meta property=\"og:locale\" content=\"sl_SI\" \/>\n<meta property=\"og:type\" content=\"article\" \/>\n<meta property=\"og:title\" content=\"Medob\u010dinski in\u0161pektorat in redarstvo ob\u010din Roga\u0161ka Slatina, Rogatec, Pod\u010detrtek, \u0160marje pri Jel\u0161ah in Kozje - Ob\u010dina Rogatec\" \/>\n<meta property=\"og:description\" content=\"&nbsp; Ob\u010dine\u00a0Roga\u0161ka Slatina, Rogatec, Pod\u010detrtek, \u0160marje pri Jel\u0161ah in Kozje\u00a0so ustanovile organ skupne ob\u010dinske uprave:\u00a0Medob\u010dinski in\u0161pektorat in redarstvo ob\u010din Roga\u0161ka Slatina, Rogatec, Pod\u010detrtek, \u0160marje pri Jel\u0161ah in Kozje. Ustanovitveni akt: Odlok o ustanovitvi organa skupne ob\u010dinske uprave Medob\u010dinskega in\u0161pektorata in redarstva ob\u010din Roga\u0161ka Slatina, Rogatec, Pod\u010detrtek, \u0160marje pri Jel\u0161ah in Kozje\u00a0(Uradni lis RS, \u0161t. 87\/2015). [&hellip;]\" \/>\n<meta property=\"og:url\" content=\"https:\/\/obcina.rogatec.si\/o-obcini\/medobcinski-inspektorat-in-redarstvo-obcin-rogaska-slatina-rogatec-in-podcetrtek\/\" \/>\n<meta property=\"og:site_name\" content=\"Ob\u010dina Rogatec\" \/>\n<meta property=\"article:publisher\" content=\"https:\/\/www.facebook.com\/VisitRogatec\/\" \/>\n<meta property=\"article:modified_time\" content=\"2021-01-07T08:02:29+00:00\" \/>\n<meta property=\"og:image\" content=\"http:\/\/www.rogaska-slatina.si\/slike\/1453449415img.jpg\" \/>\n<meta name=\"twitter:card\" content=\"summary_large_image\" \/>\n<meta name=\"twitter:label1\" content=\"Est. reading time\" \/>\n\t<meta name=\"twitter:data1\" content=\"2 minuti\" \/>\n<script type=\"application\/ld+json\" class=\"yoast-schema-graph\">{\"@context\":\"https:\/\/schema.org\",\"@graph\":[{\"@type\":\"WebPage\",\"@id\":\"https:\/\/obcina.rogatec.si\/o-obcini\/medobcinski-inspektorat-in-redarstvo-obcin-rogaska-slatina-rogatec-in-podcetrtek\/\",\"url\":\"https:\/\/obcina.rogatec.si\/o-obcini\/medobcinski-inspektorat-in-redarstvo-obcin-rogaska-slatina-rogatec-in-podcetrtek\/\",\"name\":\"Medob\u010dinski in\u0161pektorat in redarstvo ob\u010din Roga\u0161ka Slatina, Rogatec, Pod\u010detrtek, \u0160marje pri Jel\u0161ah in Kozje - Ob\u010dina Rogatec\",\"isPartOf\":{\"@id\":\"https:\/\/obcina.rogatec.si\/#website\"},\"primaryImageOfPage\":{\"@id\":\"https:\/\/obcina.rogatec.si\/o-obcini\/medobcinski-inspektorat-in-redarstvo-obcin-rogaska-slatina-rogatec-in-podcetrtek\/#primaryimage\"},\"image\":{\"@id\":\"https:\/\/obcina.rogatec.si\/o-obcini\/medobcinski-inspektorat-in-redarstvo-obcin-rogaska-slatina-rogatec-in-podcetrtek\/#primaryimage\"},\"thumbnailUrl\":\"http:\/\/www.rogaska-slatina.si\/slike\/1453449415img.jpg\",\"datePublished\":\"2013-04-07T08:54:18+00:00\",\"dateModified\":\"2021-01-07T08:02:29+00:00\",\"breadcrumb\":{\"@id\":\"https:\/\/obcina.rogatec.si\/o-obcini\/medobcinski-inspektorat-in-redarstvo-obcin-rogaska-slatina-rogatec-in-podcetrtek\/#breadcrumb\"},\"inLanguage\":\"sl-SI\",\"potentialAction\":[{\"@type\":\"ReadAction\",\"target\":[\"https:\/\/obcina.rogatec.si\/o-obcini\/medobcinski-inspektorat-in-redarstvo-obcin-rogaska-slatina-rogatec-in-podcetrtek\/\"]}]},{\"@type\":\"ImageObject\",\"inLanguage\":\"sl-SI\",\"@id\":\"https:\/\/obcina.rogatec.si\/o-obcini\/medobcinski-inspektorat-in-redarstvo-obcin-rogaska-slatina-rogatec-in-podcetrtek\/#primaryimage\",\"url\":\"http:\/\/www.rogaska-slatina.si\/slike\/1453449415img.jpg\",\"contentUrl\":\"http:\/\/www.rogaska-slatina.si\/slike\/1453449415img.jpg\"},{\"@type\":\"BreadcrumbList\",\"@id\":\"https:\/\/obcina.rogatec.si\/o-obcini\/medobcinski-inspektorat-in-redarstvo-obcin-rogaska-slatina-rogatec-in-podcetrtek\/#breadcrumb\",\"itemListElement\":[{\"@type\":\"ListItem\",\"position\":1,\"name\":\"Domov\",\"item\":\"https:\/\/obcina.rogatec.si\/\"},{\"@type\":\"ListItem\",\"position\":2,\"name\":\"O Ob\u010dini Rogatec\",\"item\":\"https:\/\/obcina.rogatec.si\/o-obcini\/\"},{\"@type\":\"ListItem\",\"position\":3,\"name\":\"Medob\u010dinski in\u0161pektorat in redarstvo ob\u010din Roga\u0161ka Slatina, Rogatec, Pod\u010detrtek, \u0160marje pri Jel\u0161ah in Kozje\"}]},{\"@type\":\"WebSite\",\"@id\":\"https:\/\/obcina.rogatec.si\/#website\",\"url\":\"https:\/\/obcina.rogatec.si\/\",\"name\":\"Ob\u010dina Rogatec\",\"description\":\"Uradni spletni portal Ob\u010dine Rogatec\",\"publisher\":{\"@id\":\"https:\/\/obcina.rogatec.si\/#organization\"},\"potentialAction\":[{\"@type\":\"SearchAction\",\"target\":{\"@type\":\"EntryPoint\",\"urlTemplate\":\"https:\/\/obcina.rogatec.si\/?s={search_term_string}\"},\"query-input\":{\"@type\":\"PropertyValueSpecification\",\"valueRequired\":true,\"valueName\":\"search_term_string\"}}],\"inLanguage\":\"sl-SI\"},{\"@type\":\"Organization\",\"@id\":\"https:\/\/obcina.rogatec.si\/#organization\",\"name\":\"Ob\u010dina Rogatec\",\"url\":\"https:\/\/obcina.rogatec.si\/\",\"logo\":{\"@type\":\"ImageObject\",\"inLanguage\":\"sl-SI\",\"@id\":\"https:\/\/obcina.rogatec.si\/#\/schema\/logo\/image\/\",\"url\":\"https:\/\/obcina.rogatec.si\/wp-content\/uploads\/2021\/01\/ObcinaRogatec_col.png\",\"contentUrl\":\"https:\/\/obcina.rogatec.si\/wp-content\/uploads\/2021\/01\/ObcinaRogatec_col.png\",\"width\":275,\"height\":100,\"caption\":\"Ob\u010dina Rogatec\"},\"image\":{\"@id\":\"https:\/\/obcina.rogatec.si\/#\/schema\/logo\/image\/\"},\"sameAs\":[\"https:\/\/www.facebook.com\/VisitRogatec\/\",\"https:\/\/www.instagram.com\/visitrogatec\/\",\"https:\/\/www.youtube.com\/channel\/UC0j4SRaLd9oSppR8hwVd5tw\"]}]}<\/script>\n<!-- \/ Yoast SEO plugin. -->","yoast_head_json":{"title":"Medob\u010dinski in\u0161pektorat in redarstvo ob\u010din Roga\u0161ka Slatina, Rogatec, Pod\u010detrtek, \u0160marje pri Jel\u0161ah in Kozje - Ob\u010dina Rogatec","robots":{"index":"index","follow":"follow","max-snippet":"max-snippet:-1","max-image-preview":"max-image-preview:large","max-video-preview":"max-video-preview:-1"},"canonical":"https:\/\/obcina.rogatec.si\/o-obcini\/medobcinski-inspektorat-in-redarstvo-obcin-rogaska-slatina-rogatec-in-podcetrtek\/","og_locale":"sl_SI","og_type":"article","og_title":"Medob\u010dinski in\u0161pektorat in redarstvo ob\u010din Roga\u0161ka Slatina, Rogatec, Pod\u010detrtek, \u0160marje pri Jel\u0161ah in Kozje - Ob\u010dina Rogatec","og_description":"&nbsp; Ob\u010dine\u00a0Roga\u0161ka Slatina, Rogatec, Pod\u010detrtek, \u0160marje pri Jel\u0161ah in Kozje\u00a0so ustanovile organ skupne ob\u010dinske uprave:\u00a0Medob\u010dinski in\u0161pektorat in redarstvo ob\u010din Roga\u0161ka Slatina, Rogatec, Pod\u010detrtek, \u0160marje pri Jel\u0161ah in Kozje. Ustanovitveni akt: Odlok o ustanovitvi organa skupne ob\u010dinske uprave Medob\u010dinskega in\u0161pektorata in redarstva ob\u010din Roga\u0161ka Slatina, Rogatec, Pod\u010detrtek, \u0160marje pri Jel\u0161ah in Kozje\u00a0(Uradni lis RS, \u0161t. 87\/2015). [&hellip;]","og_url":"https:\/\/obcina.rogatec.si\/o-obcini\/medobcinski-inspektorat-in-redarstvo-obcin-rogaska-slatina-rogatec-in-podcetrtek\/","og_site_name":"Ob\u010dina Rogatec","article_publisher":"https:\/\/www.facebook.com\/VisitRogatec\/","article_modified_time":"2021-01-07T08:02:29+00:00","og_image":[{"url":"http:\/\/www.rogaska-slatina.si\/slike\/1453449415img.jpg","type":"","width":"","height":""}],"twitter_card":"summary_large_image","twitter_misc":{"Est. reading time":"2 minuti"},"schema":{"@context":"https:\/\/schema.org","@graph":[{"@type":"WebPage","@id":"https:\/\/obcina.rogatec.si\/o-obcini\/medobcinski-inspektorat-in-redarstvo-obcin-rogaska-slatina-rogatec-in-podcetrtek\/","url":"https:\/\/obcina.rogatec.si\/o-obcini\/medobcinski-inspektorat-in-redarstvo-obcin-rogaska-slatina-rogatec-in-podcetrtek\/","name":"Medob\u010dinski in\u0161pektorat in redarstvo ob\u010din Roga\u0161ka Slatina, Rogatec, Pod\u010detrtek, \u0160marje pri Jel\u0161ah in Kozje - Ob\u010dina Rogatec","isPartOf":{"@id":"https:\/\/obcina.rogatec.si\/#website"},"primaryImageOfPage":{"@id":"https:\/\/obcina.rogatec.si\/o-obcini\/medobcinski-inspektorat-in-redarstvo-obcin-rogaska-slatina-rogatec-in-podcetrtek\/#primaryimage"},"image":{"@id":"https:\/\/obcina.rogatec.si\/o-obcini\/medobcinski-inspektorat-in-redarstvo-obcin-rogaska-slatina-rogatec-in-podcetrtek\/#primaryimage"},"thumbnailUrl":"http:\/\/www.rogaska-slatina.si\/slike\/1453449415img.jpg","datePublished":"2013-04-07T08:54:18+00:00","dateModified":"2021-01-07T08:02:29+00:00","breadcrumb":{"@id":"https:\/\/obcina.rogatec.si\/o-obcini\/medobcinski-inspektorat-in-redarstvo-obcin-rogaska-slatina-rogatec-in-podcetrtek\/#breadcrumb"},"inLanguage":"sl-SI","potentialAction":[{"@type":"ReadAction","target":["https:\/\/obcina.rogatec.si\/o-obcini\/medobcinski-inspektorat-in-redarstvo-obcin-rogaska-slatina-rogatec-in-podcetrtek\/"]}]},{"@type":"ImageObject","inLanguage":"sl-SI","@id":"https:\/\/obcina.rogatec.si\/o-obcini\/medobcinski-inspektorat-in-redarstvo-obcin-rogaska-slatina-rogatec-in-podcetrtek\/#primaryimage","url":"http:\/\/www.rogaska-slatina.si\/slike\/1453449415img.jpg","contentUrl":"http:\/\/www.rogaska-slatina.si\/slike\/1453449415img.jpg"},{"@type":"BreadcrumbList","@id":"https:\/\/obcina.rogatec.si\/o-obcini\/medobcinski-inspektorat-in-redarstvo-obcin-rogaska-slatina-rogatec-in-podcetrtek\/#breadcrumb","itemListElement":[{"@type":"ListItem","position":1,"name":"Domov","item":"https:\/\/obcina.rogatec.si\/"},{"@type":"ListItem","position":2,"name":"O Ob\u010dini Rogatec","item":"https:\/\/obcina.rogatec.si\/o-obcini\/"},{"@type":"ListItem","position":3,"name":"Medob\u010dinski in\u0161pektorat in redarstvo ob\u010din Roga\u0161ka Slatina, Rogatec, Pod\u010detrtek, \u0160marje pri Jel\u0161ah in Kozje"}]},{"@type":"WebSite","@id":"https:\/\/obcina.rogatec.si\/#website","url":"https:\/\/obcina.rogatec.si\/","name":"Ob\u010dina Rogatec","description":"Uradni spletni portal Ob\u010dine Rogatec","publisher":{"@id":"https:\/\/obcina.rogatec.si\/#organization"},"potentialAction":[{"@type":"SearchAction","target":{"@type":"EntryPoint","urlTemplate":"https:\/\/obcina.rogatec.si\/?s={search_term_string}"},"query-input":{"@type":"PropertyValueSpecification","valueRequired":true,"valueName":"search_term_string"}}],"inLanguage":"sl-SI"},{"@type":"Organization","@id":"https:\/\/obcina.rogatec.si\/#organization","name":"Ob\u010dina Rogatec","url":"https:\/\/obcina.rogatec.si\/","logo":{"@type":"ImageObject","inLanguage":"sl-SI","@id":"https:\/\/obcina.rogatec.si\/#\/schema\/logo\/image\/","url":"https:\/\/obcina.rogatec.si\/wp-content\/uploads\/2021\/01\/ObcinaRogatec_col.png","contentUrl":"https:\/\/obcina.rogatec.si\/wp-content\/uploads\/2021\/01\/ObcinaRogatec_col.png","width":275,"height":100,"caption":"Ob\u010dina Rogatec"},"image":{"@id":"https:\/\/obcina.rogatec.si\/#\/schema\/logo\/image\/"},"sameAs":["https:\/\/www.facebook.com\/VisitRogatec\/","https:\/\/www.instagram.com\/visitrogatec\/","https:\/\/www.youtube.com\/channel\/UC0j4SRaLd9oSppR8hwVd5tw"]}]}},"uagb_featured_image_src":{"full":false,"thumbnail":false,"medium":false,"medium_large":false,"large":false,"1536x1536":false,"2048x2048":false,"XXS":false,"XS":false,"S":false,"M":false,"L":false,"XL":false},"uagb_author_info":{"display_name":"Ob\u010dina Rogatec","author_link":"https:\/\/obcina.rogatec.si\/author\/vedran72\/"},"uagb_comment_info":0,"uagb_excerpt":"&nbsp; Ob\u010dine\u00a0Roga\u0161ka Slatina, Rogatec, Pod\u010detrtek, \u0160marje pri Jel\u0161ah in Kozje\u00a0so ustanovile organ skupne ob\u010dinske uprave:\u00a0Medob\u010dinski in\u0161pektorat in redarstvo ob\u010din Roga\u0161ka Slatina, Rogatec, Pod\u010detrtek, \u0160marje pri Jel\u0161ah in Kozje. Ustanovitveni akt: Odlok o ustanovitvi organa skupne ob\u010dinske uprave Medob\u010dinskega in\u0161pektorata in redarstva ob\u010din Roga\u0161ka Slatina, Rogatec, Pod\u010detrtek, \u0160marje pri Jel\u0161ah in Kozje\u00a0(Uradni lis RS, \u0161t. 87\/2015).&hellip;","_links":{"self":[{"href":"https:\/\/obcina.rogatec.si\/wp-json\/wp\/v2\/pages\/148","targetHints":{"allow":["GET"]}}],"collection":[{"href":"https:\/\/obcina.rogatec.si\/wp-json\/wp\/v2\/pages"}],"about":[{"href":"https:\/\/obcina.rogatec.si\/wp-json\/wp\/v2\/types\/page"}],"author":[{"embeddable":true,"href":"https:\/\/obcina.rogatec.si\/wp-json\/wp\/v2\/users\/1"}],"replies":[{"embeddable":true,"href":"https:\/\/obcina.rogatec.si\/wp-json\/wp\/v2\/comments?post=148"}],"version-history":[{"count":25,"href":"https:\/\/obcina.rogatec.si\/wp-json\/wp\/v2\/pages\/148\/revisions"}],"predecessor-version":[{"id":506042,"href":"https:\/\/obcina.rogatec.si\/wp-json\/wp\/v2\/pages\/148\/revisions\/506042"}],"up":[{"embeddable":true,"href":"https:\/\/obcina.rogatec.si\/wp-json\/wp\/v2\/pages\/2"}],"wp:attachment":[{"href":"https:\/\/obcina.rogatec.si\/wp-json\/wp\/v2\/media?parent=148"}],"curies":[{"name":"wp","href":"https:\/\/api.w.org\/{rel}","templated":true}]}}