{"id":120,"date":"2013-04-07T08:45:29","date_gmt":"2013-04-07T08:45:29","guid":{"rendered":"https:\/\/obcina.rogatec.si\/?page_id=120"},"modified":"2025-05-22T08:43:46","modified_gmt":"2025-05-22T06:43:46","slug":"ks-rogatec","status":"publish","type":"page","link":"https:\/\/obcina.rogatec.si\/o-obcini\/krajevne-skupnosti\/ks-rogatec\/","title":{"rendered":"KS Rogatec"},"content":{"rendered":"<p><strong>SVET KRAJEVNE SKUPNOSTI ROGATEC\u00a0v mandatnem obdobju 2022 \u2013 2026<\/strong><\/p>\n<p>Svet, po pred\u010dasnem prenehanju mandata enega \u010dlana,\u00a0 \u0161teje 8 \u010dlanov.<\/p>\n<p><strong>Predsednica:<\/strong><br \/>\nTatjana Smeh<\/p>\n<p><strong>\u010clani:<\/strong><br \/>\nLeon Rehar<br \/>\nJernej Rajher<br \/>\nDu\u0161an Kitak<br \/>\nJan Lebi\u010d<br \/>\nBla\u017e Kramberger<br \/>\nDanijela Kri\u017ean<br \/>\nMatej Poto\u010dnik<\/p>\n<p>&nbsp;<\/p>\n<p>&nbsp;<\/p>\n<p><strong><a href=\"https:\/\/www.uradni-list.si\/glasilo-uradni-list-rs\/vsebina\/2018-01-1328\/poslovnik-obcinskega-sveta-obcine-rogatec\" target=\"_blank\" rel=\"noopener\"><b>Poslovnik Ob\u010dinskega sveta Ob\u010dine Rogatec<\/b><\/a><br \/>\n<\/strong><\/p>\n<p><a href=\"https:\/\/www.uradni-list.si\/glasilo-uradni-list-rs\/vsebina\/2018-01-1327\/statut-obcine-rogatec\" target=\"_blank\" rel=\"noopener\"><b>Statut Ob\u010dine Rogatec<\/b><\/a><\/p>\n","protected":false},"excerpt":{"rendered":"<p>SVET KRAJEVNE SKUPNOSTI ROGATEC\u00a0v mandatnem obdobju 2022 \u2013 2026 Svet, po pred\u010dasnem prenehanju mandata enega \u010dlana,\u00a0 \u0161teje 8 \u010dlanov. Predsednica: Tatjana Smeh \u010clani: Leon Rehar Jernej Rajher Du\u0161an Kitak Jan Lebi\u010d Bla\u017e Kramberger Danijela Kri\u017ean Matej Poto\u010dnik &nbsp; &nbsp; Poslovnik Ob\u010dinskega sveta Ob\u010dine Rogatec Statut Ob\u010dine Rogatec<\/p>\n","protected":false},"author":1,"featured_media":0,"parent":118,"menu_order":0,"comment_status":"open","ping_status":"closed","template":"","meta":{"_uag_custom_page_level_css":"","footnotes":""},"class_list":["post-120","page","type-page","status-publish","hentry"],"yoast_head":"<!-- This site is optimized with the Yoast SEO plugin v27.2 - https:\/\/yoast.com\/product\/yoast-seo-wordpress\/ -->\n<title>KS Rogatec - Ob\u010dina Rogatec<\/title>\n<meta name=\"robots\" content=\"index, follow, max-snippet:-1, max-image-preview:large, max-video-preview:-1\" \/>\n<link rel=\"canonical\" href=\"https:\/\/obcina.rogatec.si\/o-obcini\/krajevne-skupnosti\/ks-rogatec\/\" \/>\n<meta property=\"og:locale\" content=\"sl_SI\" \/>\n<meta property=\"og:type\" content=\"article\" \/>\n<meta property=\"og:title\" content=\"KS Rogatec - Ob\u010dina Rogatec\" \/>\n<meta property=\"og:description\" content=\"SVET KRAJEVNE SKUPNOSTI ROGATEC\u00a0v mandatnem obdobju 2022 \u2013 2026 Svet, po pred\u010dasnem prenehanju mandata enega \u010dlana,\u00a0 \u0161teje 8 \u010dlanov. Predsednica: Tatjana Smeh \u010clani: Leon Rehar Jernej Rajher Du\u0161an Kitak Jan Lebi\u010d Bla\u017e Kramberger Danijela Kri\u017ean Matej Poto\u010dnik &nbsp; &nbsp; Poslovnik Ob\u010dinskega sveta Ob\u010dine Rogatec Statut Ob\u010dine Rogatec\" \/>\n<meta property=\"og:url\" content=\"https:\/\/obcina.rogatec.si\/o-obcini\/krajevne-skupnosti\/ks-rogatec\/\" \/>\n<meta property=\"og:site_name\" content=\"Ob\u010dina Rogatec\" \/>\n<meta property=\"article:publisher\" content=\"https:\/\/www.facebook.com\/VisitRogatec\/\" \/>\n<meta property=\"article:modified_time\" content=\"2025-05-22T06:43:46+00:00\" \/>\n<meta property=\"og:image\" content=\"https:\/\/obcina.rogatec.si\/wp-content\/uploads\/2013\/10\/MUZEJ-NA-PROSTEM-ROGATEC.jpg\" \/>\n\t<meta property=\"og:image:width\" content=\"1900\" \/>\n\t<meta property=\"og:image:height\" content=\"1262\" \/>\n\t<meta property=\"og:image:type\" content=\"image\/jpeg\" \/>\n<meta name=\"twitter:card\" content=\"summary_large_image\" \/>\n<meta name=\"twitter:label1\" content=\"Est. reading time\" \/>\n\t<meta name=\"twitter:data1\" content=\"1 minuta\" \/>\n<script type=\"application\/ld+json\" class=\"yoast-schema-graph\">{\"@context\":\"https:\/\/schema.org\",\"@graph\":[{\"@type\":\"WebPage\",\"@id\":\"https:\/\/obcina.rogatec.si\/o-obcini\/krajevne-skupnosti\/ks-rogatec\/\",\"url\":\"https:\/\/obcina.rogatec.si\/o-obcini\/krajevne-skupnosti\/ks-rogatec\/\",\"name\":\"KS Rogatec - Ob\u010dina Rogatec\",\"isPartOf\":{\"@id\":\"https:\/\/obcina.rogatec.si\/#website\"},\"datePublished\":\"2013-04-07T08:45:29+00:00\",\"dateModified\":\"2025-05-22T06:43:46+00:00\",\"breadcrumb\":{\"@id\":\"https:\/\/obcina.rogatec.si\/o-obcini\/krajevne-skupnosti\/ks-rogatec\/#breadcrumb\"},\"inLanguage\":\"sl-SI\",\"potentialAction\":[{\"@type\":\"ReadAction\",\"target\":[\"https:\/\/obcina.rogatec.si\/o-obcini\/krajevne-skupnosti\/ks-rogatec\/\"]}]},{\"@type\":\"BreadcrumbList\",\"@id\":\"https:\/\/obcina.rogatec.si\/o-obcini\/krajevne-skupnosti\/ks-rogatec\/#breadcrumb\",\"itemListElement\":[{\"@type\":\"ListItem\",\"position\":1,\"name\":\"Domov\",\"item\":\"https:\/\/obcina.rogatec.si\/\"},{\"@type\":\"ListItem\",\"position\":2,\"name\":\"O Ob\u010dini Rogatec\",\"item\":\"https:\/\/obcina.rogatec.si\/o-obcini\/\"},{\"@type\":\"ListItem\",\"position\":3,\"name\":\"Krajevne skupnosti\",\"item\":\"https:\/\/obcina.rogatec.si\/o-obcini\/krajevne-skupnosti\/\"},{\"@type\":\"ListItem\",\"position\":4,\"name\":\"KS Rogatec\"}]},{\"@type\":\"WebSite\",\"@id\":\"https:\/\/obcina.rogatec.si\/#website\",\"url\":\"https:\/\/obcina.rogatec.si\/\",\"name\":\"Ob\u010dina Rogatec\",\"description\":\"Uradni spletni portal Ob\u010dine Rogatec\",\"publisher\":{\"@id\":\"https:\/\/obcina.rogatec.si\/#organization\"},\"potentialAction\":[{\"@type\":\"SearchAction\",\"target\":{\"@type\":\"EntryPoint\",\"urlTemplate\":\"https:\/\/obcina.rogatec.si\/?s={search_term_string}\"},\"query-input\":{\"@type\":\"PropertyValueSpecification\",\"valueRequired\":true,\"valueName\":\"search_term_string\"}}],\"inLanguage\":\"sl-SI\"},{\"@type\":\"Organization\",\"@id\":\"https:\/\/obcina.rogatec.si\/#organization\",\"name\":\"Ob\u010dina Rogatec\",\"url\":\"https:\/\/obcina.rogatec.si\/\",\"logo\":{\"@type\":\"ImageObject\",\"inLanguage\":\"sl-SI\",\"@id\":\"https:\/\/obcina.rogatec.si\/#\/schema\/logo\/image\/\",\"url\":\"https:\/\/obcina.rogatec.si\/wp-content\/uploads\/2021\/01\/ObcinaRogatec_col.png\",\"contentUrl\":\"https:\/\/obcina.rogatec.si\/wp-content\/uploads\/2021\/01\/ObcinaRogatec_col.png\",\"width\":275,\"height\":100,\"caption\":\"Ob\u010dina Rogatec\"},\"image\":{\"@id\":\"https:\/\/obcina.rogatec.si\/#\/schema\/logo\/image\/\"},\"sameAs\":[\"https:\/\/www.facebook.com\/VisitRogatec\/\",\"https:\/\/www.instagram.com\/visitrogatec\/\",\"https:\/\/www.youtube.com\/channel\/UC0j4SRaLd9oSppR8hwVd5tw\"]}]}<\/script>\n<!-- \/ Yoast SEO plugin. -->","yoast_head_json":{"title":"KS Rogatec - Ob\u010dina Rogatec","robots":{"index":"index","follow":"follow","max-snippet":"max-snippet:-1","max-image-preview":"max-image-preview:large","max-video-preview":"max-video-preview:-1"},"canonical":"https:\/\/obcina.rogatec.si\/o-obcini\/krajevne-skupnosti\/ks-rogatec\/","og_locale":"sl_SI","og_type":"article","og_title":"KS Rogatec - Ob\u010dina Rogatec","og_description":"SVET KRAJEVNE SKUPNOSTI ROGATEC\u00a0v mandatnem obdobju 2022 \u2013 2026 Svet, po pred\u010dasnem prenehanju mandata enega \u010dlana,\u00a0 \u0161teje 8 \u010dlanov. Predsednica: Tatjana Smeh \u010clani: Leon Rehar Jernej Rajher Du\u0161an Kitak Jan Lebi\u010d Bla\u017e Kramberger Danijela Kri\u017ean Matej Poto\u010dnik &nbsp; &nbsp; Poslovnik Ob\u010dinskega sveta Ob\u010dine Rogatec Statut Ob\u010dine Rogatec","og_url":"https:\/\/obcina.rogatec.si\/o-obcini\/krajevne-skupnosti\/ks-rogatec\/","og_site_name":"Ob\u010dina Rogatec","article_publisher":"https:\/\/www.facebook.com\/VisitRogatec\/","article_modified_time":"2025-05-22T06:43:46+00:00","og_image":[{"width":1900,"height":1262,"url":"https:\/\/obcina.rogatec.si\/wp-content\/uploads\/2013\/10\/MUZEJ-NA-PROSTEM-ROGATEC.jpg","type":"image\/jpeg"}],"twitter_card":"summary_large_image","twitter_misc":{"Est. reading time":"1 minuta"},"schema":{"@context":"https:\/\/schema.org","@graph":[{"@type":"WebPage","@id":"https:\/\/obcina.rogatec.si\/o-obcini\/krajevne-skupnosti\/ks-rogatec\/","url":"https:\/\/obcina.rogatec.si\/o-obcini\/krajevne-skupnosti\/ks-rogatec\/","name":"KS Rogatec - Ob\u010dina Rogatec","isPartOf":{"@id":"https:\/\/obcina.rogatec.si\/#website"},"datePublished":"2013-04-07T08:45:29+00:00","dateModified":"2025-05-22T06:43:46+00:00","breadcrumb":{"@id":"https:\/\/obcina.rogatec.si\/o-obcini\/krajevne-skupnosti\/ks-rogatec\/#breadcrumb"},"inLanguage":"sl-SI","potentialAction":[{"@type":"ReadAction","target":["https:\/\/obcina.rogatec.si\/o-obcini\/krajevne-skupnosti\/ks-rogatec\/"]}]},{"@type":"BreadcrumbList","@id":"https:\/\/obcina.rogatec.si\/o-obcini\/krajevne-skupnosti\/ks-rogatec\/#breadcrumb","itemListElement":[{"@type":"ListItem","position":1,"name":"Domov","item":"https:\/\/obcina.rogatec.si\/"},{"@type":"ListItem","position":2,"name":"O Ob\u010dini Rogatec","item":"https:\/\/obcina.rogatec.si\/o-obcini\/"},{"@type":"ListItem","position":3,"name":"Krajevne skupnosti","item":"https:\/\/obcina.rogatec.si\/o-obcini\/krajevne-skupnosti\/"},{"@type":"ListItem","position":4,"name":"KS Rogatec"}]},{"@type":"WebSite","@id":"https:\/\/obcina.rogatec.si\/#website","url":"https:\/\/obcina.rogatec.si\/","name":"Ob\u010dina Rogatec","description":"Uradni spletni portal Ob\u010dine Rogatec","publisher":{"@id":"https:\/\/obcina.rogatec.si\/#organization"},"potentialAction":[{"@type":"SearchAction","target":{"@type":"EntryPoint","urlTemplate":"https:\/\/obcina.rogatec.si\/?s={search_term_string}"},"query-input":{"@type":"PropertyValueSpecification","valueRequired":true,"valueName":"search_term_string"}}],"inLanguage":"sl-SI"},{"@type":"Organization","@id":"https:\/\/obcina.rogatec.si\/#organization","name":"Ob\u010dina Rogatec","url":"https:\/\/obcina.rogatec.si\/","logo":{"@type":"ImageObject","inLanguage":"sl-SI","@id":"https:\/\/obcina.rogatec.si\/#\/schema\/logo\/image\/","url":"https:\/\/obcina.rogatec.si\/wp-content\/uploads\/2021\/01\/ObcinaRogatec_col.png","contentUrl":"https:\/\/obcina.rogatec.si\/wp-content\/uploads\/2021\/01\/ObcinaRogatec_col.png","width":275,"height":100,"caption":"Ob\u010dina Rogatec"},"image":{"@id":"https:\/\/obcina.rogatec.si\/#\/schema\/logo\/image\/"},"sameAs":["https:\/\/www.facebook.com\/VisitRogatec\/","https:\/\/www.instagram.com\/visitrogatec\/","https:\/\/www.youtube.com\/channel\/UC0j4SRaLd9oSppR8hwVd5tw"]}]}},"uagb_featured_image_src":{"full":false,"thumbnail":false,"medium":false,"medium_large":false,"large":false,"1536x1536":false,"2048x2048":false,"XXS":false,"XS":false,"S":false,"M":false,"L":false,"XL":false},"uagb_author_info":{"display_name":"Ob\u010dina Rogatec","author_link":"https:\/\/obcina.rogatec.si\/author\/vedran72\/"},"uagb_comment_info":0,"uagb_excerpt":"SVET KRAJEVNE SKUPNOSTI ROGATEC\u00a0v mandatnem obdobju 2022 \u2013 2026 Svet, po pred\u010dasnem prenehanju mandata enega \u010dlana,\u00a0 \u0161teje 8 \u010dlanov. Predsednica: Tatjana Smeh \u010clani: Leon Rehar Jernej Rajher Du\u0161an Kitak Jan Lebi\u010d Bla\u017e Kramberger Danijela Kri\u017ean Matej Poto\u010dnik &nbsp; &nbsp; Poslovnik Ob\u010dinskega sveta Ob\u010dine Rogatec Statut Ob\u010dine Rogatec","_links":{"self":[{"href":"https:\/\/obcina.rogatec.si\/wp-json\/wp\/v2\/pages\/120","targetHints":{"allow":["GET"]}}],"collection":[{"href":"https:\/\/obcina.rogatec.si\/wp-json\/wp\/v2\/pages"}],"about":[{"href":"https:\/\/obcina.rogatec.si\/wp-json\/wp\/v2\/types\/page"}],"author":[{"embeddable":true,"href":"https:\/\/obcina.rogatec.si\/wp-json\/wp\/v2\/users\/1"}],"replies":[{"embeddable":true,"href":"https:\/\/obcina.rogatec.si\/wp-json\/wp\/v2\/comments?post=120"}],"version-history":[{"count":21,"href":"https:\/\/obcina.rogatec.si\/wp-json\/wp\/v2\/pages\/120\/revisions"}],"predecessor-version":[{"id":510175,"href":"https:\/\/obcina.rogatec.si\/wp-json\/wp\/v2\/pages\/120\/revisions\/510175"}],"up":[{"embeddable":true,"href":"https:\/\/obcina.rogatec.si\/wp-json\/wp\/v2\/pages\/118"}],"wp:attachment":[{"href":"https:\/\/obcina.rogatec.si\/wp-json\/wp\/v2\/media?parent=120"}],"curies":[{"name":"wp","href":"https:\/\/api.w.org\/{rel}","templated":true}]}}