{"id":105,"date":"2013-04-07T08:36:17","date_gmt":"2013-04-07T08:36:17","guid":{"rendered":"https:\/\/obcina.rogatec.si\/?page_id=105"},"modified":"2023-01-30T09:06:20","modified_gmt":"2023-01-30T08:06:20","slug":"obcinski-svet","status":"publish","type":"page","link":"https:\/\/obcina.rogatec.si\/organi-obcine\/obcinski-svet\/","title":{"rendered":"Ob\u010dinski svet"},"content":{"rendered":"<p>Ob\u010dinski svet Ob\u010dine Rogatec \u0161teje dvanajst \u010dlanov, ki se volijo vsaka \u0161tiri leta na rednih lokalnih volitvah po proporcionalnem volilnem sistemu.<\/p>\n<p><strong>Za mandatno obdobje 2022 \u2013 2026 so bili svetniki izvoljeni 20. 11. 2022<\/strong><\/p>\n<p><strong>Antoli\u010d Robert<\/strong>, izvoljen v 1. volilni enoti, na listi Slovenske demokratske stranke, e-po\u0161ta: robi.antolic@gmail.com<\/p>\n<p><strong>Kramberger Bla\u017e<\/strong>, izvoljen v 1. volilni enoti, na Listi za razvoj Rogatca, e-po\u0161ta: kramberger.blaz@gmail.com, tel.: 041 295 445<\/p>\n<p><strong>Mikoli\u010d Toma\u017e<\/strong>, izvoljen v 1. volilni enoti, na listi Nove Slovenije \u2013 kr\u0161\u010danskih demokratov, e-po\u0161ta: mikolictomaz@gmail.com, tel.: 040 804 475<\/p>\n<p><strong>Novak Andreja<\/strong>, izvoljena v 2. volilni enoti, na listi Socialnih demokratov, e-po\u0161ta:andreja.novak12@gmail.com, tel.: 041 956 288<\/p>\n<p><strong>Novak Velimir<\/strong>, izvoljen v 1. volilni enoti, na listi Nove Slovenije \u2013 kr\u0161\u010danskih demokratov, tel.: \u00a0041 916 814<\/p>\n<p><strong>Pavlovi\u010d Jolanda<\/strong>, izvoljena v 2. volilni enoti, na listi Nove Slovenije \u2013 kr\u0161\u010danskih demokratov, e-po\u0161ta: pavlovic.jolanda@gmail.com, tel.: 040 814 271<\/p>\n<p><strong>Pavlovi\u010d Slavko<\/strong>, izvoljen v 2. volilni enoti, na listi Nove Slovenije \u2013 kr\u0161\u010danskih demokratov, e-po\u0161ta: pavlovic.slavko@siol.net, tel.: 040 814 270<\/p>\n<p><strong>Plav\u010dak Toma\u017e<\/strong>, izvoljen v 2. volilni enoti, na listi Nove Slovenije \u2013 kr\u0161\u010danskih demokratov, e-po\u0161ta: tomaz233@gmail.com, tel.: 051 757 017<\/p>\n<p><strong>Polaj\u017eer Anja<\/strong>, izvoljena v 1. volilni enoti, na listi O\u017eivimo Rogatec &#8211; #ozivimorogatec, e-po\u0161ta: polajzer.anja@gmail.com, tel.: 040 306 996<\/p>\n<p><strong>Rehar Leon<\/strong>, izvoljen v 1. volilni enoti, na listi Socialnih demokratov, e-po\u0161ta: leon.rehar@outlook.com, tel.: 041 763 493<\/p>\n<p><strong>Turk Andrej<\/strong>, izvoljen v 2. volilni enoti, na listi Slovenske demokratske stranke, e-po\u0161ta: andrej.turk30@gmail.com, tel.: 031 338 868<\/p>\n<p><strong>Vodu\u0161ek Brigita<\/strong>, izvoljena v 2. volilni enoti, na Listi za razvoj Rogatca, e-po\u0161ta: brigita.vodusek1@gmail.com, tel.: 041 822 095<\/p>\n<p>&nbsp;<\/p>\n<p>&nbsp;<\/p>\n<p><strong>Za mandatno obdobje 2018 \u2013 2022 so bili svetniki izvoljeni 18. 11. 2018<\/strong><\/p>\n<p>&nbsp;<\/p>\n<p><strong>FREDI FER\u010cEC<\/strong>, izvoljen v 1. volilni enoti, na listi SD &#8211; Socialni demokrati<\/p>\n<p><strong>SUZANA ZALEZINA<\/strong>, izvoljena v 1. volilni enoti, na listi Socialni demokrati<\/p>\n<p><strong>BRIGITA VODU\u0160EK<\/strong>, izvoljena v 2. volilni enoti, na listi Socialni demokrati<\/p>\n<p><strong>VILJEM PREVOL\u0160EK<\/strong>, izvoljen v 1. volilni enoti, na listi Hrast<\/p>\n<p><strong>VIKTOR BO\u017dAK<\/strong>, izvoljen v 1. volilni enoti, na listi SDS &#8211; Slovenska demokratska stranka<\/p>\n<p><strong>ANDREJ TURK<\/strong>, izvoljen v 2. volilni enoti, na listi SDS &#8211; Slovenska demokratska stranka<\/p>\n<p><strong>MOJCA \u0160MIT<\/strong>, izvoljena v 2. volilni enoti, na listi SDS &#8211; Slovenska demokratska stranka<\/p>\n<p><strong>VILI BUK\u0160EK<\/strong>, izvoljen v 1. volilni enoti, na listi NSi &#8211; Nova Slovenija \u2013 kr\u0161\u010danski demokrati<\/p>\n<p><strong>SLAVKO PAVLOVI\u010c<\/strong>, izvoljen v 2. volilni enoti, na listi NSi- Nova Slovenija \u2013 kr\u0161\u010danski demokrati<\/p>\n<p><strong>IZIDOR KITAK<\/strong>, izvoljen v 2. volilni enoti, na listi NSi- Nova Slovenija \u2013 kr\u0161\u010danski demokrati<\/p>\n<p><strong>MARIJA ZAVR\u0160KI FRIC<\/strong>, izvoljena v 2. volilni enoti, na listi NSi &#8211; Nova Slovenija \u2013 kr\u0161\u010danski demokrati<\/p>\n<p><strong>IRENA KITAK<\/strong>, imenovana kot nadomestna \u010dlanica v 1. volilni enoti, iz liste Nova Slovenija \u2013 kr\u0161\u010danski demokrati<\/p>\n<p>&nbsp;<\/p>\n<p>Za mandatno obdobje 2014 \u2013 2018 so bili svetniki izvoljeni 5. oktobra 2014.<\/p>\n<p>\u2022\u00a0Jelka Bilu\u0161i\u0107, izvoljena v 1. volilni enoti, na listi DeSUS \u2013 Demokrati\u010dna stranka upokojencev Slovenije<br \/>\n\u2022\u00a0Viktor Bo\u017eak, izvoljen v 1. volilni enoti, na listi Slovenska demokratska stranka \u2013 SDS<br \/>\n\u2022\u00a0Vili Buk\u0161ek, izvoljen v 1. volilni enoti, na listi Nova Slovenija \u2013 kr\u0161\u010danski demokrati<br \/>\n\u2022\u00a0Fredi Fer\u010dec, izvoljen v 1. volilni enoti, na listi Socialni demokrati<br \/>\n\u2022\u00a0Martin Korez, izvoljen v 2. volilni enoti, na listi SMC \u2013 Stranka Mira Cerarja<br \/>\n\u2022\u00a0Agica Kunstek, izvoljena v 2. volilni enoti, na listi SMC \u2013 Stranka Mira Cerarja<br \/>\n\u2022\u00a0Jolanda Pavlovi\u010d, izvoljena v 2. volilni enoti, na listi Nova Slovenija \u2013 kr\u0161\u010danski demokrati<br \/>\n\u2022\u00a0Mojca \u0160mit, izvoljena v 2. volilni enoti, na listi Slovenska demokratska stranka \u2013 SDS<br \/>\n\u2022\u00a0Anton Polaj\u017ear, izvoljen v 2. volilni enoti, na listi Slovenska ljudska stranka<br \/>\n\u2022\u00a0Viljem Prevol\u0161ek, izvoljen v 1. volilni enoti, na listi SMC \u2013 Stranka Mira Cerarja<br \/>\n\u2022\u00a0Anton Ro\u0161kar, izvoljen v 2. volilni enoti, na listi Nova Slovenija \u2013 kr\u0161\u010danski demokrati<br \/>\n\u2022\u00a0Irena Kitak, imenovana kot nadomestna \u010dlanica v 1. volilni enoti, iz liste Nova Slovenija \u2013 kr\u0161\u010danski demokrati<\/p>\n<p>&nbsp;<\/p>\n<p>Za mandatno obdobje 2010 \u2013 2014 so bili svetniki izvoljeni 10. oktobra 2010.<br \/>\nAnton Ro\u0161kar, NSi<br \/>\nZvonko Vra\u017ei\u0107, NSi<br \/>\nViktor Bo\u017eak, SDS<br \/>\nJelka Bilu\u0161i\u0107, DeSUS<br \/>\nViljem Prevol\u0161ek, LDS<br \/>\nAnton Polaj\u017ear, SLS<br \/>\nVelimir Novak, Lovska dru\u017eina Rogatec<br \/>\nFredi Fer\u010dec, SD<br \/>\nVili Buk\u0161ek, NSi<br \/>\nVincenc Bele, SDS<br \/>\nMartin Korez, Zares \u2013 nova politika<br \/>\nIrena Kitak, NSi<\/p>\n","protected":false},"excerpt":{"rendered":"<p>Ob\u010dinski svet Ob\u010dine Rogatec \u0161teje dvanajst \u010dlanov, ki se volijo vsaka \u0161tiri leta na rednih lokalnih volitvah po proporcionalnem volilnem sistemu. Za mandatno obdobje 2022 \u2013 2026 so bili svetniki izvoljeni 20. 11. 2022 Antoli\u010d Robert, izvoljen v 1. volilni enoti, na listi Slovenske demokratske stranke, e-po\u0161ta: robi.antolic@gmail.com Kramberger Bla\u017e, izvoljen v 1. volilni enoti, [&hellip;]<\/p>\n","protected":false},"author":1,"featured_media":0,"parent":681,"menu_order":4,"comment_status":"open","ping_status":"closed","template":"","meta":{"_uag_custom_page_level_css":"","footnotes":""},"class_list":["post-105","page","type-page","status-publish","hentry"],"yoast_head":"<!-- This site is optimized with the Yoast SEO plugin v27.2 - https:\/\/yoast.com\/product\/yoast-seo-wordpress\/ -->\n<title>Ob\u010dinski svet - Ob\u010dina Rogatec<\/title>\n<meta name=\"robots\" content=\"index, follow, max-snippet:-1, max-image-preview:large, max-video-preview:-1\" \/>\n<link rel=\"canonical\" href=\"https:\/\/obcina.rogatec.si\/organi-obcine\/obcinski-svet\/\" \/>\n<meta property=\"og:locale\" content=\"sl_SI\" \/>\n<meta property=\"og:type\" content=\"article\" \/>\n<meta property=\"og:title\" content=\"Ob\u010dinski svet - Ob\u010dina Rogatec\" \/>\n<meta property=\"og:description\" content=\"Ob\u010dinski svet Ob\u010dine Rogatec \u0161teje dvanajst \u010dlanov, ki se volijo vsaka \u0161tiri leta na rednih lokalnih volitvah po proporcionalnem volilnem sistemu. Za mandatno obdobje 2022 \u2013 2026 so bili svetniki izvoljeni 20. 11. 2022 Antoli\u010d Robert, izvoljen v 1. volilni enoti, na listi Slovenske demokratske stranke, e-po\u0161ta: robi.antolic@gmail.com Kramberger Bla\u017e, izvoljen v 1. volilni enoti, [&hellip;]\" \/>\n<meta property=\"og:url\" content=\"https:\/\/obcina.rogatec.si\/organi-obcine\/obcinski-svet\/\" \/>\n<meta property=\"og:site_name\" content=\"Ob\u010dina Rogatec\" \/>\n<meta property=\"article:publisher\" content=\"https:\/\/www.facebook.com\/VisitRogatec\/\" \/>\n<meta property=\"article:modified_time\" content=\"2023-01-30T08:06:20+00:00\" \/>\n<meta property=\"og:image\" content=\"https:\/\/obcina.rogatec.si\/wp-content\/uploads\/2013\/10\/MUZEJ-NA-PROSTEM-ROGATEC.jpg\" \/>\n\t<meta property=\"og:image:width\" content=\"1900\" \/>\n\t<meta property=\"og:image:height\" content=\"1262\" \/>\n\t<meta property=\"og:image:type\" content=\"image\/jpeg\" \/>\n<meta name=\"twitter:card\" content=\"summary_large_image\" \/>\n<meta name=\"twitter:label1\" content=\"Est. reading time\" \/>\n\t<meta name=\"twitter:data1\" content=\"4 minute\" \/>\n<script type=\"application\/ld+json\" class=\"yoast-schema-graph\">{\"@context\":\"https:\/\/schema.org\",\"@graph\":[{\"@type\":\"WebPage\",\"@id\":\"https:\/\/obcina.rogatec.si\/organi-obcine\/obcinski-svet\/\",\"url\":\"https:\/\/obcina.rogatec.si\/organi-obcine\/obcinski-svet\/\",\"name\":\"Ob\u010dinski svet - Ob\u010dina Rogatec\",\"isPartOf\":{\"@id\":\"https:\/\/obcina.rogatec.si\/#website\"},\"datePublished\":\"2013-04-07T08:36:17+00:00\",\"dateModified\":\"2023-01-30T08:06:20+00:00\",\"breadcrumb\":{\"@id\":\"https:\/\/obcina.rogatec.si\/organi-obcine\/obcinski-svet\/#breadcrumb\"},\"inLanguage\":\"sl-SI\",\"potentialAction\":[{\"@type\":\"ReadAction\",\"target\":[\"https:\/\/obcina.rogatec.si\/organi-obcine\/obcinski-svet\/\"]}]},{\"@type\":\"BreadcrumbList\",\"@id\":\"https:\/\/obcina.rogatec.si\/organi-obcine\/obcinski-svet\/#breadcrumb\",\"itemListElement\":[{\"@type\":\"ListItem\",\"position\":1,\"name\":\"Domov\",\"item\":\"https:\/\/obcina.rogatec.si\/\"},{\"@type\":\"ListItem\",\"position\":2,\"name\":\"Organi ob\u010dine\",\"item\":\"https:\/\/obcina.rogatec.si\/organi-obcine\/\"},{\"@type\":\"ListItem\",\"position\":3,\"name\":\"Ob\u010dinski svet\"}]},{\"@type\":\"WebSite\",\"@id\":\"https:\/\/obcina.rogatec.si\/#website\",\"url\":\"https:\/\/obcina.rogatec.si\/\",\"name\":\"Ob\u010dina Rogatec\",\"description\":\"Uradni spletni portal Ob\u010dine Rogatec\",\"publisher\":{\"@id\":\"https:\/\/obcina.rogatec.si\/#organization\"},\"potentialAction\":[{\"@type\":\"SearchAction\",\"target\":{\"@type\":\"EntryPoint\",\"urlTemplate\":\"https:\/\/obcina.rogatec.si\/?s={search_term_string}\"},\"query-input\":{\"@type\":\"PropertyValueSpecification\",\"valueRequired\":true,\"valueName\":\"search_term_string\"}}],\"inLanguage\":\"sl-SI\"},{\"@type\":\"Organization\",\"@id\":\"https:\/\/obcina.rogatec.si\/#organization\",\"name\":\"Ob\u010dina Rogatec\",\"url\":\"https:\/\/obcina.rogatec.si\/\",\"logo\":{\"@type\":\"ImageObject\",\"inLanguage\":\"sl-SI\",\"@id\":\"https:\/\/obcina.rogatec.si\/#\/schema\/logo\/image\/\",\"url\":\"https:\/\/obcina.rogatec.si\/wp-content\/uploads\/2021\/01\/ObcinaRogatec_col.png\",\"contentUrl\":\"https:\/\/obcina.rogatec.si\/wp-content\/uploads\/2021\/01\/ObcinaRogatec_col.png\",\"width\":275,\"height\":100,\"caption\":\"Ob\u010dina Rogatec\"},\"image\":{\"@id\":\"https:\/\/obcina.rogatec.si\/#\/schema\/logo\/image\/\"},\"sameAs\":[\"https:\/\/www.facebook.com\/VisitRogatec\/\",\"https:\/\/www.instagram.com\/visitrogatec\/\",\"https:\/\/www.youtube.com\/channel\/UC0j4SRaLd9oSppR8hwVd5tw\"]}]}<\/script>\n<!-- \/ Yoast SEO plugin. -->","yoast_head_json":{"title":"Ob\u010dinski svet - Ob\u010dina Rogatec","robots":{"index":"index","follow":"follow","max-snippet":"max-snippet:-1","max-image-preview":"max-image-preview:large","max-video-preview":"max-video-preview:-1"},"canonical":"https:\/\/obcina.rogatec.si\/organi-obcine\/obcinski-svet\/","og_locale":"sl_SI","og_type":"article","og_title":"Ob\u010dinski svet - Ob\u010dina Rogatec","og_description":"Ob\u010dinski svet Ob\u010dine Rogatec \u0161teje dvanajst \u010dlanov, ki se volijo vsaka \u0161tiri leta na rednih lokalnih volitvah po proporcionalnem volilnem sistemu. Za mandatno obdobje 2022 \u2013 2026 so bili svetniki izvoljeni 20. 11. 2022 Antoli\u010d Robert, izvoljen v 1. volilni enoti, na listi Slovenske demokratske stranke, e-po\u0161ta: robi.antolic@gmail.com Kramberger Bla\u017e, izvoljen v 1. volilni enoti, [&hellip;]","og_url":"https:\/\/obcina.rogatec.si\/organi-obcine\/obcinski-svet\/","og_site_name":"Ob\u010dina Rogatec","article_publisher":"https:\/\/www.facebook.com\/VisitRogatec\/","article_modified_time":"2023-01-30T08:06:20+00:00","og_image":[{"width":1900,"height":1262,"url":"https:\/\/obcina.rogatec.si\/wp-content\/uploads\/2013\/10\/MUZEJ-NA-PROSTEM-ROGATEC.jpg","type":"image\/jpeg"}],"twitter_card":"summary_large_image","twitter_misc":{"Est. reading time":"4 minute"},"schema":{"@context":"https:\/\/schema.org","@graph":[{"@type":"WebPage","@id":"https:\/\/obcina.rogatec.si\/organi-obcine\/obcinski-svet\/","url":"https:\/\/obcina.rogatec.si\/organi-obcine\/obcinski-svet\/","name":"Ob\u010dinski svet - Ob\u010dina Rogatec","isPartOf":{"@id":"https:\/\/obcina.rogatec.si\/#website"},"datePublished":"2013-04-07T08:36:17+00:00","dateModified":"2023-01-30T08:06:20+00:00","breadcrumb":{"@id":"https:\/\/obcina.rogatec.si\/organi-obcine\/obcinski-svet\/#breadcrumb"},"inLanguage":"sl-SI","potentialAction":[{"@type":"ReadAction","target":["https:\/\/obcina.rogatec.si\/organi-obcine\/obcinski-svet\/"]}]},{"@type":"BreadcrumbList","@id":"https:\/\/obcina.rogatec.si\/organi-obcine\/obcinski-svet\/#breadcrumb","itemListElement":[{"@type":"ListItem","position":1,"name":"Domov","item":"https:\/\/obcina.rogatec.si\/"},{"@type":"ListItem","position":2,"name":"Organi ob\u010dine","item":"https:\/\/obcina.rogatec.si\/organi-obcine\/"},{"@type":"ListItem","position":3,"name":"Ob\u010dinski svet"}]},{"@type":"WebSite","@id":"https:\/\/obcina.rogatec.si\/#website","url":"https:\/\/obcina.rogatec.si\/","name":"Ob\u010dina Rogatec","description":"Uradni spletni portal Ob\u010dine Rogatec","publisher":{"@id":"https:\/\/obcina.rogatec.si\/#organization"},"potentialAction":[{"@type":"SearchAction","target":{"@type":"EntryPoint","urlTemplate":"https:\/\/obcina.rogatec.si\/?s={search_term_string}"},"query-input":{"@type":"PropertyValueSpecification","valueRequired":true,"valueName":"search_term_string"}}],"inLanguage":"sl-SI"},{"@type":"Organization","@id":"https:\/\/obcina.rogatec.si\/#organization","name":"Ob\u010dina Rogatec","url":"https:\/\/obcina.rogatec.si\/","logo":{"@type":"ImageObject","inLanguage":"sl-SI","@id":"https:\/\/obcina.rogatec.si\/#\/schema\/logo\/image\/","url":"https:\/\/obcina.rogatec.si\/wp-content\/uploads\/2021\/01\/ObcinaRogatec_col.png","contentUrl":"https:\/\/obcina.rogatec.si\/wp-content\/uploads\/2021\/01\/ObcinaRogatec_col.png","width":275,"height":100,"caption":"Ob\u010dina Rogatec"},"image":{"@id":"https:\/\/obcina.rogatec.si\/#\/schema\/logo\/image\/"},"sameAs":["https:\/\/www.facebook.com\/VisitRogatec\/","https:\/\/www.instagram.com\/visitrogatec\/","https:\/\/www.youtube.com\/channel\/UC0j4SRaLd9oSppR8hwVd5tw"]}]}},"uagb_featured_image_src":{"full":false,"thumbnail":false,"medium":false,"medium_large":false,"large":false,"1536x1536":false,"2048x2048":false,"XXS":false,"XS":false,"S":false,"M":false,"L":false,"XL":false},"uagb_author_info":{"display_name":"Ob\u010dina Rogatec","author_link":"https:\/\/obcina.rogatec.si\/author\/vedran72\/"},"uagb_comment_info":0,"uagb_excerpt":"Ob\u010dinski svet Ob\u010dine Rogatec \u0161teje dvanajst \u010dlanov, ki se volijo vsaka \u0161tiri leta na rednih lokalnih volitvah po proporcionalnem volilnem sistemu. Za mandatno obdobje 2022 \u2013 2026 so bili svetniki izvoljeni 20. 11. 2022 Antoli\u010d Robert, izvoljen v 1. volilni enoti, na listi Slovenske demokratske stranke, e-po\u0161ta: robi.antolic@gmail.com Kramberger Bla\u017e, izvoljen v 1. volilni enoti,&hellip;","_links":{"self":[{"href":"https:\/\/obcina.rogatec.si\/wp-json\/wp\/v2\/pages\/105","targetHints":{"allow":["GET"]}}],"collection":[{"href":"https:\/\/obcina.rogatec.si\/wp-json\/wp\/v2\/pages"}],"about":[{"href":"https:\/\/obcina.rogatec.si\/wp-json\/wp\/v2\/types\/page"}],"author":[{"embeddable":true,"href":"https:\/\/obcina.rogatec.si\/wp-json\/wp\/v2\/users\/1"}],"replies":[{"embeddable":true,"href":"https:\/\/obcina.rogatec.si\/wp-json\/wp\/v2\/comments?post=105"}],"version-history":[{"count":26,"href":"https:\/\/obcina.rogatec.si\/wp-json\/wp\/v2\/pages\/105\/revisions"}],"predecessor-version":[{"id":508525,"href":"https:\/\/obcina.rogatec.si\/wp-json\/wp\/v2\/pages\/105\/revisions\/508525"}],"up":[{"embeddable":true,"href":"https:\/\/obcina.rogatec.si\/wp-json\/wp\/v2\/pages\/681"}],"wp:attachment":[{"href":"https:\/\/obcina.rogatec.si\/wp-json\/wp\/v2\/media?parent=105"}],"curies":[{"name":"wp","href":"https:\/\/api.w.org\/{rel}","templated":true}]}}