{"id":103,"date":"2013-04-07T08:35:22","date_gmt":"2013-04-07T08:35:22","guid":{"rendered":"https:\/\/obcina.rogatec.si\/?page_id=103"},"modified":"2023-02-09T08:18:44","modified_gmt":"2023-02-09T07:18:44","slug":"zupan","status":"publish","type":"page","link":"https:\/\/obcina.rogatec.si\/organi-obcine\/zupan\/","title":{"rendered":"\u017dupan in pod\u017eupanja"},"content":{"rendered":"<div>\n<dl id=\"attachment_55\">\n<dt><strong>\u017dUPAN OB\u010cINE ROGATEC<\/strong><\/dt>\n<dt><\/dt>\n<dt><\/dt>\n<dt><\/dt>\n<dt><\/dt>\n<dt><a href=\"https:\/\/obcina.rogatec.si\/wp-content\/uploads\/2013\/03\/mikolic_.jpg\"><img loading=\"lazy\" decoding=\"async\" class=\"size-medium wp-image-55\" src=\"https:\/\/obcina.rogatec.si\/wp-content\/uploads\/2013\/03\/mikolic_-217x300.jpg\" alt=\"Martin Mikoli\u010d\" width=\"217\" height=\"300\" srcset=\"https:\/\/obcina.rogatec.si\/wp-content\/uploads\/2013\/03\/mikolic_-217x300.jpg 217w, https:\/\/obcina.rogatec.si\/wp-content\/uploads\/2013\/03\/mikolic_.jpg 423w\" sizes=\"auto, (max-width: 217px) 100vw, 217px\" \/><\/a><\/dt>\n<dd><\/dd>\n<\/dl>\n<\/div>\n<p><strong>MARTIN MIKOLI\u010c, univ.dipl.in\u017e.str.<\/strong><\/p>\n<p>Martin Mikoli\u010d se je rodil 7. oktobra 1959 v Dobovcu pri Rogatcu, kjer je tudi obiskoval osnovno \u0161olo. Leta 1978 je kon\u010dal Srednjo tehni\u0161ko \u0161olo v Celju, nato pa se vpisal na Visoko tehni\u0161ko \u0161olo Maribor, kjer je leta 1984 diplomiral in si pridobil naziv univerzitetni diplomirani in\u017eenir strojni\u0161tva.<br \/>\nPo zaklju\u010dku \u0161tudija se je kot pripravnik zaposlil v Gorenju GA, Velenje, po kon\u010danem pripravni\u0161tvu pa v takratni Gorenjevi firmi Emkor v Rogatcu, kjer je skoraj deset let uspe\u0161no vodil razvojni oddelek. Izmed pomembnih prispevkov h gospodarskemu razvoju firme je prav gotovo najpomembnej\u0161i njegov izum \u017ei\u010dnega radiatorja, ki je patentno za\u0161\u010diten v mnogih evropskih dr\u017eavah.<br \/>\nZ uvedbo lokalne samouprave leta 1994 je kandidiral na lokalnih volitvah in bil med petimi kandidati izvoljen za \u017eupana novonastale Ob\u010dine Rogatec. Leta 2004 je bil izvoljen v Dr\u017eavni zbor RS, kjer je \u0161tiri leta uspe\u0161no zastopal interese ljudi Obsotelja in Kozjanskega.<br \/>\nZraven politi\u010dnih sposobnosti, ki naj bi jih imel \u017eupan, je pri njegovem dosedanjem \u017eupanovanju gotovo najpomembnej\u0161e dejstvo, da je pred tem delal v gospodarstvu. Zraven \u0161tevilnih pomembnih projektov, ki niso samo lokalnega, temve\u010d tudi regijskega in dr\u017eavnega pomena (cestno-komunalna infrastruktura, kulturna dedi\u0161\u010dina, \u0161portna infrastruktura, industrijsko-obrtne cone, mejni prehodi itd.), ima za najpomembnej\u0161e ravno tiste, ki so povezani z razvojem gospodarstva, saj mu je k sofinanciranju dolo\u010denih projektov uspelo vklju\u010diti tudi posamezne gospodarske dru\u017ebe.<\/p>\n<p>Tel: 03\/812 10 00<br \/>\nFaks: 03\/812 10 12<br \/>\nE-po\u0161ta:\u00a0zupan@rogatec.si<\/p>\n<p>&nbsp;<\/p>\n<p><strong>POD\u017dUPANJA<\/strong><\/p>\n<p><strong><span id=\"DWT613\" class=\"ZmSearchResult\"><span id=\"DWT654\" class=\"ZmSearchResult\">Brigita<\/span><\/span>\u00a0<span id=\"DWT615\" class=\"ZmSearchResult\"><span id=\"DWT617\" class=\"ZmSearchResult\"><span id=\"DWT656\" class=\"ZmSearchResult\">Vodu\u0161ek<\/span><\/span><\/span>, mag. ekon. in posl. ved<\/strong><\/p>\n<p>Tel: 041 822 095<br \/>\nE-po\u0161ta: brigita.vodusek@rogatec.si<\/p>\n<p>Pod\u017eupanja pomaga \u017eupanu pri njegovem delu ter po pooblastilu \u017eupana opravlja naslednje naloge iz pristojnosti \u017eupana:<\/p>\n<ol>\n<li>sodeluje s predsedniki svetov krajevnih skupnosti Rogatec, Dona\u010dka Gora in Dobovec, pri izvajanju nalog iz njihove pristojnosti;<\/li>\n<li>sodeluje pri koordinaciji skupnih aktivnosti javnih zavodov, katerih ustanoviteljica oziroma soustanoviteljica je Ob\u010dina Rogatec;<\/li>\n<li>po dogovoru z \u017eupanom sodeluje pri izvajanju dolo\u010denih ob\u010dinskih nalog ter se po v naprej dogovorjenem planu, udele\u017euje razli\u010dnih dogodkov v ob\u010dini kot tudi izven nje.<\/li>\n<\/ol>\n<p>&nbsp;<\/p>\n<p><strong>POSVETOVALNA DELOVNA TELESA<\/strong><\/p>\n<p>&nbsp;<\/p>\n<p><strong>Svet za preventivo in vzgojo v cestnem prometu<\/strong><\/p>\n<p>&nbsp;<\/p>\n<p>V Svet za preventivo in vzgojo v cestnem prometu se imenujejo naslednji \u010dlani:<\/p>\n<ol>\n<li>Marko \u010cu\u010dek, predstavnik VOC Celje, d.d. \u2013 predsednik<\/li>\n<li>Milica Zajec, predstavnica VIZ O\u0160 Rogatec &#8211; \u010dlanica<\/li>\n<li>Damir Volari\u0107, medob\u010dinski redar ob\u010din Roga\u0161ka Slatina, Rogatec in Pod\u010detrtek &#8211; \u010dlan<\/li>\n<li>Robert Ma\u0161era, predstavnik avto\u0161ole PRAH, d.o.o. &#8211; \u010dlan<\/li>\n<li>Branko Kolar, predstavnik Policijske postaje Roga\u0161ka Slatina &#8211; \u010dlan<\/li>\n<li>Nata\u0161a Lavri\u010d, predstavnik Ob\u010dine Rogatec &#8211; \u010dlan<\/li>\n<\/ol>\n<p>&nbsp;<\/p>\n<p>V Sosvet za varnost se imenujejo naslednji \u010dlani:<\/p>\n<ol>\n<li>Milan Podhra\u0161ki, predstavnik KS Rogatec &#8211; predsednik<\/li>\n<li>Robert Cugmas, predstavnik Policijske postaje Roga\u0161ka Slatina &#8211; \u010dlan<\/li>\n<li>Branko Kolar, predstavnik Policijske postaje Roga\u0161ka Slatina &#8211; \u010dlan<\/li>\n<li>Maja Kampo\u0161, predstavnica Ob\u010dine Rogatec &#8211; \u010dlanica<\/li>\n<li>Ervin Ne\u017emah, predstavnik KS Dobovec &#8211; \u010dlan<\/li>\n<li>Peter Jeri\u010d, predstavnik KS Dona\u010dka Gora &#8211; \u010dlan<\/li>\n<li>Milica Zajec, predstavnica VIZ O\u0160 Rogatec \u2013 \u010dlanica<\/li>\n<\/ol>\n<p>&nbsp;<\/p>\n<p>Naloge Sveta dolo\u010da 6. \u010dlen Zakona o voznikih (Uradni list RS, \u0161t. 109\/2010), ki pravi:<\/p>\n<p>1. Za na\u010drtovanje in usklajevanje nalog preventive in vzgoje v cestnem prometu na lokalni ravni ustanovijo samoupravne lokalne skupnosti (v nadaljnjem besedilu: lokalne skupnosti) svete za preventivo in vzgojo v cestnem prometu (v nadaljnjem besedilu: svet), ki delujejo kot posvetovalno telo \u017eupana.<br \/>\n2. Svet sestavljajo predstavniki organov, organizacij in institucij, katerih dejavnost je usmerjena k preventivi in vzgoji v cestnem prometu (npr. vzgojno izobra\u017eevalnih organizacij, organizacij civilne dru\u017ebe, policije, ob\u010dinskih redarjev, \u0161ol vo\u017enje, upravljavcev cest in drugih izvajalcev). Svet lokalne skupnosti dolo\u010di \u0161tevilo \u010dlanov oziroma \u010dlanic (v nadaljnjem besedilu: \u010dlanov) sveta in jih na podlagi predlogov organizacij in institucij iz prej\u0161njega stavka imenuje za mandatno dobo \u0161tirih let.<br \/>\n3. Svet ocenjuje stanje varnosti v cestnem prometu na lokalni ravni, predlaga organom lokalne skupnosti programe za varnost cestnega prometa in ustrezne ukrepe za njihovo izvajanje, koordinira izvajanje nalog na podlagi programov za varnost cestnega prometa na lokalni ravni, predvsem pa sodeluje pri izvajanju prometne vzgoje, dodatnem izobra\u017eevanju in obve\u0161\u010danju udele\u017eencev cestnega prometa o ukrepih za doseganje prometne varnosti, koordinira izdajanje in raz\u0161irjanje prometno vzgojnih publikacij in drugih gradiv, pomembnih za preventivo in vzgojo v cestnem prometu na lokalni ravni. Strokovne naloge za svet zagotavlja uprava lokalne skupnosti. Svet sodeluje z javno agencijo in ministrstvom, pristojnim za promet.<br \/>\n4. Svet se ustanovi za obmo\u010dje ene ali ve\u010d lokalnih skupnosti. Sveti dveh ali ve\u010d lokalnih skupnosti lahko ustanovijo skupni svet, s katerim dolo\u010dijo sestavo, naloge in na\u010din zagotavljanja sredstev za delovanje skupnega sveta. Za usklajevanje dela na \u0161ir\u0161em obmo\u010dju se lahko sveti povezujejo in ustanovijo koordinativno telo.<br \/>\n5. Sredstva za financiranje nalog preventive in vzgoje v cestnem prometu na lokalni ravni se zagotovijo s prora\u010duni lokalnih skupnosti ter iz drugih sredstev.<\/p>\n<p>&nbsp;<\/p>\n","protected":false},"excerpt":{"rendered":"<p>\u017dUPAN OB\u010cINE ROGATEC MARTIN MIKOLI\u010c, univ.dipl.in\u017e.str. Martin Mikoli\u010d se je rodil 7. oktobra 1959 v Dobovcu pri Rogatcu, kjer je tudi obiskoval osnovno \u0161olo. Leta 1978 je kon\u010dal Srednjo tehni\u0161ko \u0161olo v Celju, nato pa se vpisal na Visoko tehni\u0161ko \u0161olo Maribor, kjer je leta 1984 diplomiral in si pridobil naziv univerzitetni diplomirani in\u017eenir strojni\u0161tva. [&hellip;]<\/p>\n","protected":false},"author":1,"featured_media":0,"parent":681,"menu_order":3,"comment_status":"open","ping_status":"closed","template":"","meta":{"_uag_custom_page_level_css":"","footnotes":""},"class_list":["post-103","page","type-page","status-publish","hentry"],"yoast_head":"<!-- This site is optimized with the Yoast SEO plugin v27.2 - https:\/\/yoast.com\/product\/yoast-seo-wordpress\/ -->\n<title>\u017dupan in pod\u017eupanja - Ob\u010dina Rogatec<\/title>\n<meta name=\"robots\" content=\"index, follow, max-snippet:-1, max-image-preview:large, max-video-preview:-1\" \/>\n<link rel=\"canonical\" href=\"https:\/\/obcina.rogatec.si\/organi-obcine\/zupan\/\" \/>\n<meta property=\"og:locale\" content=\"sl_SI\" \/>\n<meta property=\"og:type\" content=\"article\" \/>\n<meta property=\"og:title\" content=\"\u017dupan in pod\u017eupanja - Ob\u010dina Rogatec\" \/>\n<meta property=\"og:description\" content=\"\u017dUPAN OB\u010cINE ROGATEC MARTIN MIKOLI\u010c, univ.dipl.in\u017e.str. Martin Mikoli\u010d se je rodil 7. oktobra 1959 v Dobovcu pri Rogatcu, kjer je tudi obiskoval osnovno \u0161olo. Leta 1978 je kon\u010dal Srednjo tehni\u0161ko \u0161olo v Celju, nato pa se vpisal na Visoko tehni\u0161ko \u0161olo Maribor, kjer je leta 1984 diplomiral in si pridobil naziv univerzitetni diplomirani in\u017eenir strojni\u0161tva. [&hellip;]\" \/>\n<meta property=\"og:url\" content=\"https:\/\/obcina.rogatec.si\/organi-obcine\/zupan\/\" \/>\n<meta property=\"og:site_name\" content=\"Ob\u010dina Rogatec\" \/>\n<meta property=\"article:publisher\" content=\"https:\/\/www.facebook.com\/VisitRogatec\/\" \/>\n<meta property=\"article:modified_time\" content=\"2023-02-09T07:18:44+00:00\" \/>\n<meta property=\"og:image\" content=\"https:\/\/obcina.rogatec.si\/wp-content\/uploads\/2013\/03\/mikolic_-217x300.jpg\" \/>\n<meta name=\"twitter:card\" content=\"summary_large_image\" \/>\n<meta name=\"twitter:label1\" content=\"Est. reading time\" \/>\n\t<meta name=\"twitter:data1\" content=\"5 minut\" \/>\n<script type=\"application\/ld+json\" class=\"yoast-schema-graph\">{\"@context\":\"https:\/\/schema.org\",\"@graph\":[{\"@type\":\"WebPage\",\"@id\":\"https:\/\/obcina.rogatec.si\/organi-obcine\/zupan\/\",\"url\":\"https:\/\/obcina.rogatec.si\/organi-obcine\/zupan\/\",\"name\":\"\u017dupan in pod\u017eupanja - Ob\u010dina Rogatec\",\"isPartOf\":{\"@id\":\"https:\/\/obcina.rogatec.si\/#website\"},\"primaryImageOfPage\":{\"@id\":\"https:\/\/obcina.rogatec.si\/organi-obcine\/zupan\/#primaryimage\"},\"image\":{\"@id\":\"https:\/\/obcina.rogatec.si\/organi-obcine\/zupan\/#primaryimage\"},\"thumbnailUrl\":\"https:\/\/obcina.rogatec.si\/wp-content\/uploads\/2013\/03\/mikolic_-217x300.jpg\",\"datePublished\":\"2013-04-07T08:35:22+00:00\",\"dateModified\":\"2023-02-09T07:18:44+00:00\",\"breadcrumb\":{\"@id\":\"https:\/\/obcina.rogatec.si\/organi-obcine\/zupan\/#breadcrumb\"},\"inLanguage\":\"sl-SI\",\"potentialAction\":[{\"@type\":\"ReadAction\",\"target\":[\"https:\/\/obcina.rogatec.si\/organi-obcine\/zupan\/\"]}]},{\"@type\":\"ImageObject\",\"inLanguage\":\"sl-SI\",\"@id\":\"https:\/\/obcina.rogatec.si\/organi-obcine\/zupan\/#primaryimage\",\"url\":\"https:\/\/obcina.rogatec.si\/wp-content\/uploads\/2013\/03\/mikolic_.jpg\",\"contentUrl\":\"https:\/\/obcina.rogatec.si\/wp-content\/uploads\/2013\/03\/mikolic_.jpg\",\"width\":423,\"height\":583,\"caption\":\"Martin Mikoli\u010d\"},{\"@type\":\"BreadcrumbList\",\"@id\":\"https:\/\/obcina.rogatec.si\/organi-obcine\/zupan\/#breadcrumb\",\"itemListElement\":[{\"@type\":\"ListItem\",\"position\":1,\"name\":\"Domov\",\"item\":\"https:\/\/obcina.rogatec.si\/\"},{\"@type\":\"ListItem\",\"position\":2,\"name\":\"Organi ob\u010dine\",\"item\":\"https:\/\/obcina.rogatec.si\/organi-obcine\/\"},{\"@type\":\"ListItem\",\"position\":3,\"name\":\"\u017dupan in pod\u017eupanja\"}]},{\"@type\":\"WebSite\",\"@id\":\"https:\/\/obcina.rogatec.si\/#website\",\"url\":\"https:\/\/obcina.rogatec.si\/\",\"name\":\"Ob\u010dina Rogatec\",\"description\":\"Uradni spletni portal Ob\u010dine Rogatec\",\"publisher\":{\"@id\":\"https:\/\/obcina.rogatec.si\/#organization\"},\"potentialAction\":[{\"@type\":\"SearchAction\",\"target\":{\"@type\":\"EntryPoint\",\"urlTemplate\":\"https:\/\/obcina.rogatec.si\/?s={search_term_string}\"},\"query-input\":{\"@type\":\"PropertyValueSpecification\",\"valueRequired\":true,\"valueName\":\"search_term_string\"}}],\"inLanguage\":\"sl-SI\"},{\"@type\":\"Organization\",\"@id\":\"https:\/\/obcina.rogatec.si\/#organization\",\"name\":\"Ob\u010dina Rogatec\",\"url\":\"https:\/\/obcina.rogatec.si\/\",\"logo\":{\"@type\":\"ImageObject\",\"inLanguage\":\"sl-SI\",\"@id\":\"https:\/\/obcina.rogatec.si\/#\/schema\/logo\/image\/\",\"url\":\"https:\/\/obcina.rogatec.si\/wp-content\/uploads\/2021\/01\/ObcinaRogatec_col.png\",\"contentUrl\":\"https:\/\/obcina.rogatec.si\/wp-content\/uploads\/2021\/01\/ObcinaRogatec_col.png\",\"width\":275,\"height\":100,\"caption\":\"Ob\u010dina Rogatec\"},\"image\":{\"@id\":\"https:\/\/obcina.rogatec.si\/#\/schema\/logo\/image\/\"},\"sameAs\":[\"https:\/\/www.facebook.com\/VisitRogatec\/\",\"https:\/\/www.instagram.com\/visitrogatec\/\",\"https:\/\/www.youtube.com\/channel\/UC0j4SRaLd9oSppR8hwVd5tw\"]}]}<\/script>\n<!-- \/ Yoast SEO plugin. -->","yoast_head_json":{"title":"\u017dupan in pod\u017eupanja - Ob\u010dina Rogatec","robots":{"index":"index","follow":"follow","max-snippet":"max-snippet:-1","max-image-preview":"max-image-preview:large","max-video-preview":"max-video-preview:-1"},"canonical":"https:\/\/obcina.rogatec.si\/organi-obcine\/zupan\/","og_locale":"sl_SI","og_type":"article","og_title":"\u017dupan in pod\u017eupanja - Ob\u010dina Rogatec","og_description":"\u017dUPAN OB\u010cINE ROGATEC MARTIN MIKOLI\u010c, univ.dipl.in\u017e.str. Martin Mikoli\u010d se je rodil 7. oktobra 1959 v Dobovcu pri Rogatcu, kjer je tudi obiskoval osnovno \u0161olo. Leta 1978 je kon\u010dal Srednjo tehni\u0161ko \u0161olo v Celju, nato pa se vpisal na Visoko tehni\u0161ko \u0161olo Maribor, kjer je leta 1984 diplomiral in si pridobil naziv univerzitetni diplomirani in\u017eenir strojni\u0161tva. [&hellip;]","og_url":"https:\/\/obcina.rogatec.si\/organi-obcine\/zupan\/","og_site_name":"Ob\u010dina Rogatec","article_publisher":"https:\/\/www.facebook.com\/VisitRogatec\/","article_modified_time":"2023-02-09T07:18:44+00:00","og_image":[{"url":"https:\/\/obcina.rogatec.si\/wp-content\/uploads\/2013\/03\/mikolic_-217x300.jpg","type":"","width":"","height":""}],"twitter_card":"summary_large_image","twitter_misc":{"Est. reading time":"5 minut"},"schema":{"@context":"https:\/\/schema.org","@graph":[{"@type":"WebPage","@id":"https:\/\/obcina.rogatec.si\/organi-obcine\/zupan\/","url":"https:\/\/obcina.rogatec.si\/organi-obcine\/zupan\/","name":"\u017dupan in pod\u017eupanja - Ob\u010dina Rogatec","isPartOf":{"@id":"https:\/\/obcina.rogatec.si\/#website"},"primaryImageOfPage":{"@id":"https:\/\/obcina.rogatec.si\/organi-obcine\/zupan\/#primaryimage"},"image":{"@id":"https:\/\/obcina.rogatec.si\/organi-obcine\/zupan\/#primaryimage"},"thumbnailUrl":"https:\/\/obcina.rogatec.si\/wp-content\/uploads\/2013\/03\/mikolic_-217x300.jpg","datePublished":"2013-04-07T08:35:22+00:00","dateModified":"2023-02-09T07:18:44+00:00","breadcrumb":{"@id":"https:\/\/obcina.rogatec.si\/organi-obcine\/zupan\/#breadcrumb"},"inLanguage":"sl-SI","potentialAction":[{"@type":"ReadAction","target":["https:\/\/obcina.rogatec.si\/organi-obcine\/zupan\/"]}]},{"@type":"ImageObject","inLanguage":"sl-SI","@id":"https:\/\/obcina.rogatec.si\/organi-obcine\/zupan\/#primaryimage","url":"https:\/\/obcina.rogatec.si\/wp-content\/uploads\/2013\/03\/mikolic_.jpg","contentUrl":"https:\/\/obcina.rogatec.si\/wp-content\/uploads\/2013\/03\/mikolic_.jpg","width":423,"height":583,"caption":"Martin Mikoli\u010d"},{"@type":"BreadcrumbList","@id":"https:\/\/obcina.rogatec.si\/organi-obcine\/zupan\/#breadcrumb","itemListElement":[{"@type":"ListItem","position":1,"name":"Domov","item":"https:\/\/obcina.rogatec.si\/"},{"@type":"ListItem","position":2,"name":"Organi ob\u010dine","item":"https:\/\/obcina.rogatec.si\/organi-obcine\/"},{"@type":"ListItem","position":3,"name":"\u017dupan in pod\u017eupanja"}]},{"@type":"WebSite","@id":"https:\/\/obcina.rogatec.si\/#website","url":"https:\/\/obcina.rogatec.si\/","name":"Ob\u010dina Rogatec","description":"Uradni spletni portal Ob\u010dine Rogatec","publisher":{"@id":"https:\/\/obcina.rogatec.si\/#organization"},"potentialAction":[{"@type":"SearchAction","target":{"@type":"EntryPoint","urlTemplate":"https:\/\/obcina.rogatec.si\/?s={search_term_string}"},"query-input":{"@type":"PropertyValueSpecification","valueRequired":true,"valueName":"search_term_string"}}],"inLanguage":"sl-SI"},{"@type":"Organization","@id":"https:\/\/obcina.rogatec.si\/#organization","name":"Ob\u010dina Rogatec","url":"https:\/\/obcina.rogatec.si\/","logo":{"@type":"ImageObject","inLanguage":"sl-SI","@id":"https:\/\/obcina.rogatec.si\/#\/schema\/logo\/image\/","url":"https:\/\/obcina.rogatec.si\/wp-content\/uploads\/2021\/01\/ObcinaRogatec_col.png","contentUrl":"https:\/\/obcina.rogatec.si\/wp-content\/uploads\/2021\/01\/ObcinaRogatec_col.png","width":275,"height":100,"caption":"Ob\u010dina Rogatec"},"image":{"@id":"https:\/\/obcina.rogatec.si\/#\/schema\/logo\/image\/"},"sameAs":["https:\/\/www.facebook.com\/VisitRogatec\/","https:\/\/www.instagram.com\/visitrogatec\/","https:\/\/www.youtube.com\/channel\/UC0j4SRaLd9oSppR8hwVd5tw"]}]}},"uagb_featured_image_src":{"full":false,"thumbnail":false,"medium":false,"medium_large":false,"large":false,"1536x1536":false,"2048x2048":false,"XXS":false,"XS":false,"S":false,"M":false,"L":false,"XL":false},"uagb_author_info":{"display_name":"Ob\u010dina Rogatec","author_link":"https:\/\/obcina.rogatec.si\/author\/vedran72\/"},"uagb_comment_info":0,"uagb_excerpt":"\u017dUPAN OB\u010cINE ROGATEC MARTIN MIKOLI\u010c, univ.dipl.in\u017e.str. Martin Mikoli\u010d se je rodil 7. oktobra 1959 v Dobovcu pri Rogatcu, kjer je tudi obiskoval osnovno \u0161olo. Leta 1978 je kon\u010dal Srednjo tehni\u0161ko \u0161olo v Celju, nato pa se vpisal na Visoko tehni\u0161ko \u0161olo Maribor, kjer je leta 1984 diplomiral in si pridobil naziv univerzitetni diplomirani in\u017eenir strojni\u0161tva.&hellip;","_links":{"self":[{"href":"https:\/\/obcina.rogatec.si\/wp-json\/wp\/v2\/pages\/103","targetHints":{"allow":["GET"]}}],"collection":[{"href":"https:\/\/obcina.rogatec.si\/wp-json\/wp\/v2\/pages"}],"about":[{"href":"https:\/\/obcina.rogatec.si\/wp-json\/wp\/v2\/types\/page"}],"author":[{"embeddable":true,"href":"https:\/\/obcina.rogatec.si\/wp-json\/wp\/v2\/users\/1"}],"replies":[{"embeddable":true,"href":"https:\/\/obcina.rogatec.si\/wp-json\/wp\/v2\/comments?post=103"}],"version-history":[{"count":34,"href":"https:\/\/obcina.rogatec.si\/wp-json\/wp\/v2\/pages\/103\/revisions"}],"predecessor-version":[{"id":508549,"href":"https:\/\/obcina.rogatec.si\/wp-json\/wp\/v2\/pages\/103\/revisions\/508549"}],"up":[{"embeddable":true,"href":"https:\/\/obcina.rogatec.si\/wp-json\/wp\/v2\/pages\/681"}],"wp:attachment":[{"href":"https:\/\/obcina.rogatec.si\/wp-json\/wp\/v2\/media?parent=103"}],"curies":[{"name":"wp","href":"https:\/\/api.w.org\/{rel}","templated":true}]}}