{"id":1019,"date":"2014-01-14T09:11:40","date_gmt":"2014-01-14T09:11:40","guid":{"rendered":"https:\/\/obcina.rogatec.si\/?page_id=1019"},"modified":"2020-12-29T07:08:31","modified_gmt":"2020-12-29T06:08:31","slug":"lokalni-energetski-koncept","status":"publish","type":"page","link":"https:\/\/obcina.rogatec.si\/obcinska-uprava\/okolje-in-prostor\/lokalni-energetski-koncept\/","title":{"rendered":"Lokalni energetski koncept"},"content":{"rendered":"<p><b>Lokalni energetski koncept<\/b><\/p>\n<p><b>\u00a0<\/b>Energetski koncept lokalne skupnosti oz. ob\u010dine pomeni dolgoro\u010dno na\u010drtovanje razvoja ob\u010dine na energetskem in z energijo povezanim okoljskim razvojem. Pomeni ne samo odlo\u010dilnega koraka k pripravi ampak tudi osnovo za postavitev in izvajanje ustrezne okoljske in energetske politike. Lokalni energetski koncept (LEK) je torej dokument, ki ob\u010dino in njene prebivalce usmerja k sistematskemu oblikovanju in vzdr\u017eevanju baz podatkov o porabnikih in rabi energije, uvajanju ukrepov u\u010dinkovite rabe energije (URE), povi\u0161evanju energijske u\u010dinkovitosti in uvajanju obnovljivih virov energije (OVE). Dolgoro\u010dno na\u010drtovanje energetskega razvoja ob\u010dine je klju\u010dni element dolgoro\u010dnega gospodarskega razvoja nasploh in osnova za ni\u017eanje energijske odvisnosti ter vplivov na okolje.<\/p>\n<p>Trajnostna energijska politika zahteva celoviti pristop, ki povezuje in usklajeno obravnava tako podro\u010dje energetike, varstva okolja vklju\u010dno s podnebjem, kot tudi gospodarskega in regionalnega razvoja, pri \u010demer se upo\u0161tevajo tudi ostali dejavniki, kot so zni\u017eevanje energijskih stro\u0161kov, emisij toplogrednih plinov, lokalno izbolj\u0161anje kvalitete zraka, upravljanje z lokalnimi energijskimi obnovljivimi in neobnovljivimi viri.<\/p>\n<p>Izvedeni projekti:<\/p>\n<p>&#8211;\u00a0\u00a0\u00a0\u00a0\u00a0\u00a0\u00a0\u00a0\u00a0 Energetska sanacija O\u0160 Rogatec<\/p>\n<p>&#8211;\u00a0\u00a0\u00a0\u00a0\u00a0\u00a0\u00a0\u00a0\u00a0 Energetska sanacija PO\u0160 Dobovec<\/p>\n<p><a href=\"https:\/\/obcina.rogatec.si\/wp-content\/uploads\/2020\/12\/LEK_-_KONCNO_POROCILO.pdf\">LEK_-_KON\u010cNO_PORO\u010cILO<\/a><\/p>\n<p>Aktualni javni razpisi za pridobitev nepovratnih sredstev<\/p>\n<p>&#8211; \u00a0<a href=\"http:\/\/www.ekosklad.si\/html\/razpisi\/main.html\">Eko sklad<\/a><\/p>\n<p><a href=\"http:\/\/www.petrol.si\/za-podjetja\/storitve\/subvencije\">&#8211; Petrol d.d.<\/a><\/p>\n<p>&nbsp;<\/p>\n<p><strong>\u010clanki energetskega svetovalca: \u00a0<\/strong><\/p>\n<p><a href=\"https:\/\/obcina.rogatec.si\/wp-content\/uploads\/2014\/01\/Kako-u\u010dinkovito-ogrevamo.pdf\">Kako u\u010dinkovito ogrevamo<\/a><\/p>\n<p><a href=\"https:\/\/obcina.rogatec.si\/wp-content\/uploads\/2014\/01\/\u010clanek_2_sanacija-ovoja_stavbe_Rogatec.docx\">Sanacija ovoja stavbe<\/a><\/p>\n<p><a href=\"https:\/\/obcina.rogatec.si\/wp-content\/uploads\/2014\/01\/\u010clanek_3_ZAMENJAVA-STAVBNEGA-POHI\u0160TVA.docx\">Zamenjava stavbnega pohi\u0161tva<\/a><\/p>\n<p><a href=\"https:\/\/obcina.rogatec.si\/wp-content\/uploads\/2014\/01\/\u010clanek_4_sanacija-streh_Rogatec.docx\">Sanacija streh<\/a><\/p>\n<p>&nbsp;<\/p>\n<p><strong>Priporo\u010dilo Ministrstva za okolje in prostor glede kurjenja z drvmi<\/strong><\/p>\n<p><a href=\"https:\/\/obcina.rogatec.si\/wp-content\/uploads\/2014\/01\/kurjenje-lesa-zlo\u017eenka-29-10-2014.docx\">Kurjenje lesa-zlo\u017eenka<\/a><strong><br \/>\n<\/strong><\/p>\n<p>&nbsp;<\/p>\n","protected":false},"excerpt":{"rendered":"<p>Lokalni energetski koncept \u00a0Energetski koncept lokalne skupnosti oz. ob\u010dine pomeni dolgoro\u010dno na\u010drtovanje razvoja ob\u010dine na energetskem in z energijo povezanim okoljskim razvojem. Pomeni ne samo odlo\u010dilnega koraka k pripravi ampak tudi osnovo za postavitev in izvajanje ustrezne okoljske in energetske politike. Lokalni energetski koncept (LEK) je torej dokument, ki ob\u010dino in njene prebivalce usmerja k [&hellip;]<\/p>\n","protected":false},"author":1,"featured_media":0,"parent":700,"menu_order":3,"comment_status":"closed","ping_status":"closed","template":"","meta":{"_uag_custom_page_level_css":"","footnotes":""},"class_list":["post-1019","page","type-page","status-publish","hentry"],"yoast_head":"<!-- This site is optimized with the Yoast SEO plugin v27.2 - https:\/\/yoast.com\/product\/yoast-seo-wordpress\/ -->\n<title>Lokalni energetski koncept - Ob\u010dina Rogatec<\/title>\n<meta name=\"robots\" content=\"index, follow, max-snippet:-1, max-image-preview:large, max-video-preview:-1\" \/>\n<link rel=\"canonical\" href=\"https:\/\/obcina.rogatec.si\/obcinska-uprava\/okolje-in-prostor\/lokalni-energetski-koncept\/\" \/>\n<meta property=\"og:locale\" content=\"sl_SI\" \/>\n<meta property=\"og:type\" content=\"article\" \/>\n<meta property=\"og:title\" content=\"Lokalni energetski koncept - Ob\u010dina Rogatec\" \/>\n<meta property=\"og:description\" content=\"Lokalni energetski koncept \u00a0Energetski koncept lokalne skupnosti oz. ob\u010dine pomeni dolgoro\u010dno na\u010drtovanje razvoja ob\u010dine na energetskem in z energijo povezanim okoljskim razvojem. Pomeni ne samo odlo\u010dilnega koraka k pripravi ampak tudi osnovo za postavitev in izvajanje ustrezne okoljske in energetske politike. Lokalni energetski koncept (LEK) je torej dokument, ki ob\u010dino in njene prebivalce usmerja k [&hellip;]\" \/>\n<meta property=\"og:url\" content=\"https:\/\/obcina.rogatec.si\/obcinska-uprava\/okolje-in-prostor\/lokalni-energetski-koncept\/\" \/>\n<meta property=\"og:site_name\" content=\"Ob\u010dina Rogatec\" \/>\n<meta property=\"article:publisher\" content=\"https:\/\/www.facebook.com\/VisitRogatec\/\" \/>\n<meta property=\"article:modified_time\" content=\"2020-12-29T06:08:31+00:00\" \/>\n<meta property=\"og:image\" content=\"https:\/\/obcina.rogatec.si\/wp-content\/uploads\/2013\/10\/MUZEJ-NA-PROSTEM-ROGATEC.jpg\" \/>\n\t<meta property=\"og:image:width\" content=\"1900\" \/>\n\t<meta property=\"og:image:height\" content=\"1262\" \/>\n\t<meta property=\"og:image:type\" content=\"image\/jpeg\" \/>\n<meta name=\"twitter:card\" content=\"summary_large_image\" \/>\n<meta name=\"twitter:label1\" content=\"Est. reading time\" \/>\n\t<meta name=\"twitter:data1\" content=\"1 minuta\" \/>\n<script type=\"application\/ld+json\" class=\"yoast-schema-graph\">{\"@context\":\"https:\/\/schema.org\",\"@graph\":[{\"@type\":\"WebPage\",\"@id\":\"https:\/\/obcina.rogatec.si\/obcinska-uprava\/okolje-in-prostor\/lokalni-energetski-koncept\/\",\"url\":\"https:\/\/obcina.rogatec.si\/obcinska-uprava\/okolje-in-prostor\/lokalni-energetski-koncept\/\",\"name\":\"Lokalni energetski koncept - Ob\u010dina Rogatec\",\"isPartOf\":{\"@id\":\"https:\/\/obcina.rogatec.si\/#website\"},\"datePublished\":\"2014-01-14T09:11:40+00:00\",\"dateModified\":\"2020-12-29T06:08:31+00:00\",\"breadcrumb\":{\"@id\":\"https:\/\/obcina.rogatec.si\/obcinska-uprava\/okolje-in-prostor\/lokalni-energetski-koncept\/#breadcrumb\"},\"inLanguage\":\"sl-SI\",\"potentialAction\":[{\"@type\":\"ReadAction\",\"target\":[\"https:\/\/obcina.rogatec.si\/obcinska-uprava\/okolje-in-prostor\/lokalni-energetski-koncept\/\"]}]},{\"@type\":\"BreadcrumbList\",\"@id\":\"https:\/\/obcina.rogatec.si\/obcinska-uprava\/okolje-in-prostor\/lokalni-energetski-koncept\/#breadcrumb\",\"itemListElement\":[{\"@type\":\"ListItem\",\"position\":1,\"name\":\"Domov\",\"item\":\"https:\/\/obcina.rogatec.si\/\"},{\"@type\":\"ListItem\",\"position\":2,\"name\":\"Ob\u010dinska uprava\",\"item\":\"https:\/\/obcina.rogatec.si\/obcinska-uprava\/\"},{\"@type\":\"ListItem\",\"position\":3,\"name\":\"Okolje in prostor\",\"item\":\"https:\/\/obcina.rogatec.si\/obcinska-uprava\/okolje-in-prostor\/\"},{\"@type\":\"ListItem\",\"position\":4,\"name\":\"Lokalni energetski koncept\"}]},{\"@type\":\"WebSite\",\"@id\":\"https:\/\/obcina.rogatec.si\/#website\",\"url\":\"https:\/\/obcina.rogatec.si\/\",\"name\":\"Ob\u010dina Rogatec\",\"description\":\"Uradni spletni portal Ob\u010dine Rogatec\",\"publisher\":{\"@id\":\"https:\/\/obcina.rogatec.si\/#organization\"},\"potentialAction\":[{\"@type\":\"SearchAction\",\"target\":{\"@type\":\"EntryPoint\",\"urlTemplate\":\"https:\/\/obcina.rogatec.si\/?s={search_term_string}\"},\"query-input\":{\"@type\":\"PropertyValueSpecification\",\"valueRequired\":true,\"valueName\":\"search_term_string\"}}],\"inLanguage\":\"sl-SI\"},{\"@type\":\"Organization\",\"@id\":\"https:\/\/obcina.rogatec.si\/#organization\",\"name\":\"Ob\u010dina Rogatec\",\"url\":\"https:\/\/obcina.rogatec.si\/\",\"logo\":{\"@type\":\"ImageObject\",\"inLanguage\":\"sl-SI\",\"@id\":\"https:\/\/obcina.rogatec.si\/#\/schema\/logo\/image\/\",\"url\":\"https:\/\/obcina.rogatec.si\/wp-content\/uploads\/2021\/01\/ObcinaRogatec_col.png\",\"contentUrl\":\"https:\/\/obcina.rogatec.si\/wp-content\/uploads\/2021\/01\/ObcinaRogatec_col.png\",\"width\":275,\"height\":100,\"caption\":\"Ob\u010dina Rogatec\"},\"image\":{\"@id\":\"https:\/\/obcina.rogatec.si\/#\/schema\/logo\/image\/\"},\"sameAs\":[\"https:\/\/www.facebook.com\/VisitRogatec\/\",\"https:\/\/www.instagram.com\/visitrogatec\/\",\"https:\/\/www.youtube.com\/channel\/UC0j4SRaLd9oSppR8hwVd5tw\"]}]}<\/script>\n<!-- \/ Yoast SEO plugin. -->","yoast_head_json":{"title":"Lokalni energetski koncept - Ob\u010dina Rogatec","robots":{"index":"index","follow":"follow","max-snippet":"max-snippet:-1","max-image-preview":"max-image-preview:large","max-video-preview":"max-video-preview:-1"},"canonical":"https:\/\/obcina.rogatec.si\/obcinska-uprava\/okolje-in-prostor\/lokalni-energetski-koncept\/","og_locale":"sl_SI","og_type":"article","og_title":"Lokalni energetski koncept - Ob\u010dina Rogatec","og_description":"Lokalni energetski koncept \u00a0Energetski koncept lokalne skupnosti oz. ob\u010dine pomeni dolgoro\u010dno na\u010drtovanje razvoja ob\u010dine na energetskem in z energijo povezanim okoljskim razvojem. Pomeni ne samo odlo\u010dilnega koraka k pripravi ampak tudi osnovo za postavitev in izvajanje ustrezne okoljske in energetske politike. Lokalni energetski koncept (LEK) je torej dokument, ki ob\u010dino in njene prebivalce usmerja k [&hellip;]","og_url":"https:\/\/obcina.rogatec.si\/obcinska-uprava\/okolje-in-prostor\/lokalni-energetski-koncept\/","og_site_name":"Ob\u010dina Rogatec","article_publisher":"https:\/\/www.facebook.com\/VisitRogatec\/","article_modified_time":"2020-12-29T06:08:31+00:00","og_image":[{"width":1900,"height":1262,"url":"https:\/\/obcina.rogatec.si\/wp-content\/uploads\/2013\/10\/MUZEJ-NA-PROSTEM-ROGATEC.jpg","type":"image\/jpeg"}],"twitter_card":"summary_large_image","twitter_misc":{"Est. reading time":"1 minuta"},"schema":{"@context":"https:\/\/schema.org","@graph":[{"@type":"WebPage","@id":"https:\/\/obcina.rogatec.si\/obcinska-uprava\/okolje-in-prostor\/lokalni-energetski-koncept\/","url":"https:\/\/obcina.rogatec.si\/obcinska-uprava\/okolje-in-prostor\/lokalni-energetski-koncept\/","name":"Lokalni energetski koncept - Ob\u010dina Rogatec","isPartOf":{"@id":"https:\/\/obcina.rogatec.si\/#website"},"datePublished":"2014-01-14T09:11:40+00:00","dateModified":"2020-12-29T06:08:31+00:00","breadcrumb":{"@id":"https:\/\/obcina.rogatec.si\/obcinska-uprava\/okolje-in-prostor\/lokalni-energetski-koncept\/#breadcrumb"},"inLanguage":"sl-SI","potentialAction":[{"@type":"ReadAction","target":["https:\/\/obcina.rogatec.si\/obcinska-uprava\/okolje-in-prostor\/lokalni-energetski-koncept\/"]}]},{"@type":"BreadcrumbList","@id":"https:\/\/obcina.rogatec.si\/obcinska-uprava\/okolje-in-prostor\/lokalni-energetski-koncept\/#breadcrumb","itemListElement":[{"@type":"ListItem","position":1,"name":"Domov","item":"https:\/\/obcina.rogatec.si\/"},{"@type":"ListItem","position":2,"name":"Ob\u010dinska uprava","item":"https:\/\/obcina.rogatec.si\/obcinska-uprava\/"},{"@type":"ListItem","position":3,"name":"Okolje in prostor","item":"https:\/\/obcina.rogatec.si\/obcinska-uprava\/okolje-in-prostor\/"},{"@type":"ListItem","position":4,"name":"Lokalni energetski koncept"}]},{"@type":"WebSite","@id":"https:\/\/obcina.rogatec.si\/#website","url":"https:\/\/obcina.rogatec.si\/","name":"Ob\u010dina Rogatec","description":"Uradni spletni portal Ob\u010dine Rogatec","publisher":{"@id":"https:\/\/obcina.rogatec.si\/#organization"},"potentialAction":[{"@type":"SearchAction","target":{"@type":"EntryPoint","urlTemplate":"https:\/\/obcina.rogatec.si\/?s={search_term_string}"},"query-input":{"@type":"PropertyValueSpecification","valueRequired":true,"valueName":"search_term_string"}}],"inLanguage":"sl-SI"},{"@type":"Organization","@id":"https:\/\/obcina.rogatec.si\/#organization","name":"Ob\u010dina Rogatec","url":"https:\/\/obcina.rogatec.si\/","logo":{"@type":"ImageObject","inLanguage":"sl-SI","@id":"https:\/\/obcina.rogatec.si\/#\/schema\/logo\/image\/","url":"https:\/\/obcina.rogatec.si\/wp-content\/uploads\/2021\/01\/ObcinaRogatec_col.png","contentUrl":"https:\/\/obcina.rogatec.si\/wp-content\/uploads\/2021\/01\/ObcinaRogatec_col.png","width":275,"height":100,"caption":"Ob\u010dina Rogatec"},"image":{"@id":"https:\/\/obcina.rogatec.si\/#\/schema\/logo\/image\/"},"sameAs":["https:\/\/www.facebook.com\/VisitRogatec\/","https:\/\/www.instagram.com\/visitrogatec\/","https:\/\/www.youtube.com\/channel\/UC0j4SRaLd9oSppR8hwVd5tw"]}]}},"uagb_featured_image_src":{"full":false,"thumbnail":false,"medium":false,"medium_large":false,"large":false,"1536x1536":false,"2048x2048":false,"XXS":false,"XS":false,"S":false,"M":false,"L":false,"XL":false},"uagb_author_info":{"display_name":"Ob\u010dina Rogatec","author_link":"https:\/\/obcina.rogatec.si\/author\/vedran72\/"},"uagb_comment_info":0,"uagb_excerpt":"Lokalni energetski koncept \u00a0Energetski koncept lokalne skupnosti oz. ob\u010dine pomeni dolgoro\u010dno na\u010drtovanje razvoja ob\u010dine na energetskem in z energijo povezanim okoljskim razvojem. Pomeni ne samo odlo\u010dilnega koraka k pripravi ampak tudi osnovo za postavitev in izvajanje ustrezne okoljske in energetske politike. Lokalni energetski koncept (LEK) je torej dokument, ki ob\u010dino in njene prebivalce usmerja k&hellip;","_links":{"self":[{"href":"https:\/\/obcina.rogatec.si\/wp-json\/wp\/v2\/pages\/1019","targetHints":{"allow":["GET"]}}],"collection":[{"href":"https:\/\/obcina.rogatec.si\/wp-json\/wp\/v2\/pages"}],"about":[{"href":"https:\/\/obcina.rogatec.si\/wp-json\/wp\/v2\/types\/page"}],"author":[{"embeddable":true,"href":"https:\/\/obcina.rogatec.si\/wp-json\/wp\/v2\/users\/1"}],"replies":[{"embeddable":true,"href":"https:\/\/obcina.rogatec.si\/wp-json\/wp\/v2\/comments?post=1019"}],"version-history":[{"count":9,"href":"https:\/\/obcina.rogatec.si\/wp-json\/wp\/v2\/pages\/1019\/revisions"}],"predecessor-version":[{"id":506009,"href":"https:\/\/obcina.rogatec.si\/wp-json\/wp\/v2\/pages\/1019\/revisions\/506009"}],"up":[{"embeddable":true,"href":"https:\/\/obcina.rogatec.si\/wp-json\/wp\/v2\/pages\/700"}],"wp:attachment":[{"href":"https:\/\/obcina.rogatec.si\/wp-json\/wp\/v2\/media?parent=1019"}],"curies":[{"name":"wp","href":"https:\/\/api.w.org\/{rel}","templated":true}]}}