{"id":1017,"date":"2014-01-14T09:11:11","date_gmt":"2014-01-14T09:11:11","guid":{"rendered":"https:\/\/obcina.rogatec.si\/?page_id=1017"},"modified":"2015-03-10T13:37:45","modified_gmt":"2015-03-10T12:37:45","slug":"gospodarska-javna-infrastruktura","status":"publish","type":"page","link":"https:\/\/obcina.rogatec.si\/obcinska-uprava\/okolje-in-prostor\/gospodarska-javna-infrastruktura\/","title":{"rendered":"Gospodarska javna infrastruktura"},"content":{"rendered":"<p><b>GOSPODARSKA JAVNA INFRASTRUKTURA<\/b><\/p>\n<p>Gospodarska javna infrastruktura so objekti ali omre\u017eja, ki so namenjeni opravljanju gospodarskih javnih slu\u017eb skladno z zakonom ter tista gospodarska infrastruktura, ki je kot taka dolo\u010dena z zakonom ali odlokom lokalne skupnosti, kakor tudi drugi objekti in omre\u017eja v splo\u0161ni rabi. Gospodarska javna infrastruktura je dr\u017eavnega in lokalnega pomena.<\/p>\n<p>&nbsp;<\/p>\n<table border=\"1\" cellspacing=\"0\" cellpadding=\"0\">\n<tbody>\n<tr>\n<td colspan=\"2\" valign=\"top\" width=\"563\">OMRE\u017dJE \u00a0 \u00a0 \u00a0 \u00a0 \u00a0 \u00a0 \u00a0 \u00a0 \u00a0 \u00a0 \u00a0 \u00a0 \u00a0 \u00a0 \u00a0 \u00a0 \u00a0 \u00a0 \u00a0 \u00a0 \u00a0 \u00a0 \u00a0 \u00a0 \u00a0 \u00a0 \u00a0 \u00a0 \u00a0 \u00a0 \u00a0 \u00a0 \u00a0 \u00a0 \u00a0 \u00a0 \u00a0 \u00a0 \u00a0 \u00a0 \u00a0 \u00a0 \u00a0 \u00a0UPRAVLJALEC ALI LASTNIK<\/td>\n<\/tr>\n<tr>\n<td valign=\"top\" width=\"281\">\u00a0Prenosno elektro omre\u017eje<\/td>\n<td valign=\"top\" width=\"281\"><a href=\"http:\/\/www.eles.si\/\">ELES, d.o.o., Hajdrihova 2, 1000 Ljubljana<\/a><\/td>\n<\/tr>\n<tr>\n<td valign=\"top\" width=\"281\">NN in VN elektro omre\u017eje<\/td>\n<td valign=\"top\" width=\"281\"><a href=\"http:\/\/www.elektro-celje.si\/\">Elektro Celje d.d., Vrun\u010deva 2a, 3000 Celje<\/a><\/td>\n<\/tr>\n<tr>\n<td valign=\"top\" width=\"281\">Magistralno plinovodno omre\u017eje<\/td>\n<td valign=\"top\" width=\"281\"><a href=\"http:\/\/www.plinovodi.si\/\">Plinovodi d.o.o., Cesta ljubljanske brigade 11b, 1000 Ljubljana<\/a><\/td>\n<\/tr>\n<tr>\n<td valign=\"top\" width=\"281\">Lokalno plinovodno omre\u017eje<\/td>\n<td valign=\"top\" width=\"281\"><a href=\"http:\/\/www.petrol.si\/\">PETROL d.d., Dunajska cesta 50, 1527 Ljubljana<\/a><\/td>\n<\/tr>\n<tr>\n<td valign=\"top\" width=\"281\">Dr\u017eavno cestno omre\u017eje<\/td>\n<td valign=\"top\" width=\"281\"><a href=\"http:\/\/www.dc.gov.si\/\">Direkcija RS za ceste, Tr\u017ea\u0161ka 19a, 1000 Ljubljana<\/a><\/td>\n<\/tr>\n<tr>\n<td valign=\"top\" width=\"281\">Lokalno cestno omre\u017eje<\/td>\n<td valign=\"top\" width=\"281\"><a href=\"https:\/\/obcina.rogatec.si\/\">Ob\u010dina Rogatec, Pot k ribniku 4, 3252 Rogatec<\/a><\/td>\n<\/tr>\n<tr>\n<td valign=\"top\" width=\"281\">\u017delezni\u0161ko omre\u017eje<\/td>\n<td valign=\"top\" width=\"281\"><a href=\"http:\/\/www.slo-zeleznice.si\/podjetje\/infrastruktura\">Slovenske \u017eeleznice \u2013 Infrastruktura, d. o. o., Kolodvorska 11, 1000 Ljubljana\u00a0<\/a><\/td>\n<\/tr>\n<tr>\n<td valign=\"top\" width=\"281\">Vodovodno omre\u017eje<\/td>\n<td valign=\"top\" width=\"281\"><a href=\"http:\/\/www.okp.si\/\">OKP Roga\u0161ka Slatina d.o.o., Celjska c. 12, 3250 Roga\u0161ka Slatina\u00a0<\/a><\/td>\n<\/tr>\n<tr>\n<td valign=\"top\" width=\"281\">Kanalizacijsko omre\u017eje<\/td>\n<td valign=\"top\" width=\"281\"><a href=\"http:\/\/www.okp.si\/\">OKP Roga\u0161ka Slatina d.o.o., Celjska c. 12, 3250 Roga\u0161ka Slatina<\/a><\/td>\n<\/tr>\n<tr>\n<td valign=\"top\" width=\"281\">TT omre\u017eje<\/td>\n<td valign=\"top\" width=\"281\"><a href=\"http:\/\/www.telekom.si\">Telekom Slovenije d.d., Cigaletova 15, 1000 Ljubljana<\/a><\/td>\n<\/tr>\n<tr>\n<td valign=\"top\" width=\"281\">Kabelsko TV omre\u017eje<\/td>\n<td valign=\"top\" width=\"281\"><a href=\"http:\/\/www.telemach.si\/\">Telemach \u0161irokopasovne komunikacije d.o.o.,\u00a0Cesta Ljubljanske brigade 21, 1000 Ljubljana<\/a><\/td>\n<\/tr>\n<\/tbody>\n<\/table>\n<p>&nbsp;<\/p>\n<p><a href=\"http:\/\/www.mzip.gov.si\/si\/delovna_podrocja\/prostor\/graditev\/seznam_soglasodajalcev\/drzavni_soglasodajalci_nosilci_javnih_drzavnih_pooblastil\/\">Dr\u017eavni soglasodajalci<\/a><\/p>\n<p><a href=\"http:\/\/www.geoprostor.net\/PisoPortal\/vsebine_gji.aspx\" target=\"_blank\">Povezava: PISO- GJI<\/a><\/p>\n<p><a href=\"http:\/\/prostor3.gov.si\/rovka\/\" target=\"_blank\">Aplikacija pokli\u010di preden koplje\u0161<\/a><\/p>\n<p><a href=\"https:\/\/obcina.rogatec.si\/wp-content\/uploads\/2014\/01\/20140908_Predstavitev-GSM-R_05-09-2014.pdf\">Uvedba digitalnega radijskega sistema na slovenskem \u017eelezni\u0161kem omre\u017eju-predstavitev<\/a>\u00a0in l<a href=\"https:\/\/obcina.rogatec.si\/wp-content\/uploads\/2014\/01\/20140908_Lokacije-BP_po-obcinah-s-koordinatami.pdf\">okacije po ob\u010dinah s koordinatami<\/a><\/p>\n<p>&nbsp;<\/p>\n<p><a href=\"https:\/\/obcina.rogatec.si\/wp-content\/uploads\/2014\/01\/Obvestilo.pdf\">PRAVICE IN OBVEZNOSTI LASTNIKOV PRIOBALNIH ZEMLJI\u0160\u010c OB VODOTOKIH 2.REDA<\/a><\/p>\n","protected":false},"excerpt":{"rendered":"<p>GOSPODARSKA JAVNA INFRASTRUKTURA Gospodarska javna infrastruktura so objekti ali omre\u017eja, ki so namenjeni opravljanju gospodarskih javnih slu\u017eb skladno z zakonom ter tista gospodarska infrastruktura, ki je kot taka dolo\u010dena z zakonom ali odlokom lokalne skupnosti, kakor tudi drugi objekti in omre\u017eja v splo\u0161ni rabi. Gospodarska javna infrastruktura je dr\u017eavnega in lokalnega pomena. &nbsp; OMRE\u017dJE \u00a0 [&hellip;]<\/p>\n","protected":false},"author":1,"featured_media":0,"parent":700,"menu_order":2,"comment_status":"closed","ping_status":"closed","template":"","meta":{"_uag_custom_page_level_css":"","footnotes":""},"class_list":["post-1017","page","type-page","status-publish","hentry"],"yoast_head":"<!-- This site is optimized with the Yoast SEO plugin v27.2 - https:\/\/yoast.com\/product\/yoast-seo-wordpress\/ -->\n<title>Gospodarska javna infrastruktura - Ob\u010dina Rogatec<\/title>\n<meta name=\"robots\" content=\"index, follow, max-snippet:-1, max-image-preview:large, max-video-preview:-1\" \/>\n<link rel=\"canonical\" href=\"https:\/\/obcina.rogatec.si\/obcinska-uprava\/okolje-in-prostor\/gospodarska-javna-infrastruktura\/\" \/>\n<meta property=\"og:locale\" content=\"sl_SI\" \/>\n<meta property=\"og:type\" content=\"article\" \/>\n<meta property=\"og:title\" content=\"Gospodarska javna infrastruktura - Ob\u010dina Rogatec\" \/>\n<meta property=\"og:description\" content=\"GOSPODARSKA JAVNA INFRASTRUKTURA Gospodarska javna infrastruktura so objekti ali omre\u017eja, ki so namenjeni opravljanju gospodarskih javnih slu\u017eb skladno z zakonom ter tista gospodarska infrastruktura, ki je kot taka dolo\u010dena z zakonom ali odlokom lokalne skupnosti, kakor tudi drugi objekti in omre\u017eja v splo\u0161ni rabi. Gospodarska javna infrastruktura je dr\u017eavnega in lokalnega pomena. &nbsp; OMRE\u017dJE \u00a0 [&hellip;]\" \/>\n<meta property=\"og:url\" content=\"https:\/\/obcina.rogatec.si\/obcinska-uprava\/okolje-in-prostor\/gospodarska-javna-infrastruktura\/\" \/>\n<meta property=\"og:site_name\" content=\"Ob\u010dina Rogatec\" \/>\n<meta property=\"article:publisher\" content=\"https:\/\/www.facebook.com\/VisitRogatec\/\" \/>\n<meta property=\"article:modified_time\" content=\"2015-03-10T12:37:45+00:00\" \/>\n<meta property=\"og:image\" content=\"https:\/\/obcina.rogatec.si\/wp-content\/uploads\/2013\/10\/MUZEJ-NA-PROSTEM-ROGATEC.jpg\" \/>\n\t<meta property=\"og:image:width\" content=\"1900\" \/>\n\t<meta property=\"og:image:height\" content=\"1262\" \/>\n\t<meta property=\"og:image:type\" content=\"image\/jpeg\" \/>\n<meta name=\"twitter:card\" content=\"summary_large_image\" \/>\n<meta name=\"twitter:label1\" content=\"Est. reading time\" \/>\n\t<meta name=\"twitter:data1\" content=\"1 minuta\" \/>\n<script type=\"application\/ld+json\" class=\"yoast-schema-graph\">{\"@context\":\"https:\/\/schema.org\",\"@graph\":[{\"@type\":\"WebPage\",\"@id\":\"https:\/\/obcina.rogatec.si\/obcinska-uprava\/okolje-in-prostor\/gospodarska-javna-infrastruktura\/\",\"url\":\"https:\/\/obcina.rogatec.si\/obcinska-uprava\/okolje-in-prostor\/gospodarska-javna-infrastruktura\/\",\"name\":\"Gospodarska javna infrastruktura - Ob\u010dina Rogatec\",\"isPartOf\":{\"@id\":\"https:\/\/obcina.rogatec.si\/#website\"},\"datePublished\":\"2014-01-14T09:11:11+00:00\",\"dateModified\":\"2015-03-10T12:37:45+00:00\",\"breadcrumb\":{\"@id\":\"https:\/\/obcina.rogatec.si\/obcinska-uprava\/okolje-in-prostor\/gospodarska-javna-infrastruktura\/#breadcrumb\"},\"inLanguage\":\"sl-SI\",\"potentialAction\":[{\"@type\":\"ReadAction\",\"target\":[\"https:\/\/obcina.rogatec.si\/obcinska-uprava\/okolje-in-prostor\/gospodarska-javna-infrastruktura\/\"]}]},{\"@type\":\"BreadcrumbList\",\"@id\":\"https:\/\/obcina.rogatec.si\/obcinska-uprava\/okolje-in-prostor\/gospodarska-javna-infrastruktura\/#breadcrumb\",\"itemListElement\":[{\"@type\":\"ListItem\",\"position\":1,\"name\":\"Domov\",\"item\":\"https:\/\/obcina.rogatec.si\/\"},{\"@type\":\"ListItem\",\"position\":2,\"name\":\"Ob\u010dinska uprava\",\"item\":\"https:\/\/obcina.rogatec.si\/obcinska-uprava\/\"},{\"@type\":\"ListItem\",\"position\":3,\"name\":\"Okolje in prostor\",\"item\":\"https:\/\/obcina.rogatec.si\/obcinska-uprava\/okolje-in-prostor\/\"},{\"@type\":\"ListItem\",\"position\":4,\"name\":\"Gospodarska javna infrastruktura\"}]},{\"@type\":\"WebSite\",\"@id\":\"https:\/\/obcina.rogatec.si\/#website\",\"url\":\"https:\/\/obcina.rogatec.si\/\",\"name\":\"Ob\u010dina Rogatec\",\"description\":\"Uradni spletni portal Ob\u010dine Rogatec\",\"publisher\":{\"@id\":\"https:\/\/obcina.rogatec.si\/#organization\"},\"potentialAction\":[{\"@type\":\"SearchAction\",\"target\":{\"@type\":\"EntryPoint\",\"urlTemplate\":\"https:\/\/obcina.rogatec.si\/?s={search_term_string}\"},\"query-input\":{\"@type\":\"PropertyValueSpecification\",\"valueRequired\":true,\"valueName\":\"search_term_string\"}}],\"inLanguage\":\"sl-SI\"},{\"@type\":\"Organization\",\"@id\":\"https:\/\/obcina.rogatec.si\/#organization\",\"name\":\"Ob\u010dina Rogatec\",\"url\":\"https:\/\/obcina.rogatec.si\/\",\"logo\":{\"@type\":\"ImageObject\",\"inLanguage\":\"sl-SI\",\"@id\":\"https:\/\/obcina.rogatec.si\/#\/schema\/logo\/image\/\",\"url\":\"https:\/\/obcina.rogatec.si\/wp-content\/uploads\/2021\/01\/ObcinaRogatec_col.png\",\"contentUrl\":\"https:\/\/obcina.rogatec.si\/wp-content\/uploads\/2021\/01\/ObcinaRogatec_col.png\",\"width\":275,\"height\":100,\"caption\":\"Ob\u010dina Rogatec\"},\"image\":{\"@id\":\"https:\/\/obcina.rogatec.si\/#\/schema\/logo\/image\/\"},\"sameAs\":[\"https:\/\/www.facebook.com\/VisitRogatec\/\",\"https:\/\/www.instagram.com\/visitrogatec\/\",\"https:\/\/www.youtube.com\/channel\/UC0j4SRaLd9oSppR8hwVd5tw\"]}]}<\/script>\n<!-- \/ Yoast SEO plugin. -->","yoast_head_json":{"title":"Gospodarska javna infrastruktura - Ob\u010dina Rogatec","robots":{"index":"index","follow":"follow","max-snippet":"max-snippet:-1","max-image-preview":"max-image-preview:large","max-video-preview":"max-video-preview:-1"},"canonical":"https:\/\/obcina.rogatec.si\/obcinska-uprava\/okolje-in-prostor\/gospodarska-javna-infrastruktura\/","og_locale":"sl_SI","og_type":"article","og_title":"Gospodarska javna infrastruktura - Ob\u010dina Rogatec","og_description":"GOSPODARSKA JAVNA INFRASTRUKTURA Gospodarska javna infrastruktura so objekti ali omre\u017eja, ki so namenjeni opravljanju gospodarskih javnih slu\u017eb skladno z zakonom ter tista gospodarska infrastruktura, ki je kot taka dolo\u010dena z zakonom ali odlokom lokalne skupnosti, kakor tudi drugi objekti in omre\u017eja v splo\u0161ni rabi. Gospodarska javna infrastruktura je dr\u017eavnega in lokalnega pomena. &nbsp; OMRE\u017dJE \u00a0 [&hellip;]","og_url":"https:\/\/obcina.rogatec.si\/obcinska-uprava\/okolje-in-prostor\/gospodarska-javna-infrastruktura\/","og_site_name":"Ob\u010dina Rogatec","article_publisher":"https:\/\/www.facebook.com\/VisitRogatec\/","article_modified_time":"2015-03-10T12:37:45+00:00","og_image":[{"width":1900,"height":1262,"url":"https:\/\/obcina.rogatec.si\/wp-content\/uploads\/2013\/10\/MUZEJ-NA-PROSTEM-ROGATEC.jpg","type":"image\/jpeg"}],"twitter_card":"summary_large_image","twitter_misc":{"Est. reading time":"1 minuta"},"schema":{"@context":"https:\/\/schema.org","@graph":[{"@type":"WebPage","@id":"https:\/\/obcina.rogatec.si\/obcinska-uprava\/okolje-in-prostor\/gospodarska-javna-infrastruktura\/","url":"https:\/\/obcina.rogatec.si\/obcinska-uprava\/okolje-in-prostor\/gospodarska-javna-infrastruktura\/","name":"Gospodarska javna infrastruktura - Ob\u010dina Rogatec","isPartOf":{"@id":"https:\/\/obcina.rogatec.si\/#website"},"datePublished":"2014-01-14T09:11:11+00:00","dateModified":"2015-03-10T12:37:45+00:00","breadcrumb":{"@id":"https:\/\/obcina.rogatec.si\/obcinska-uprava\/okolje-in-prostor\/gospodarska-javna-infrastruktura\/#breadcrumb"},"inLanguage":"sl-SI","potentialAction":[{"@type":"ReadAction","target":["https:\/\/obcina.rogatec.si\/obcinska-uprava\/okolje-in-prostor\/gospodarska-javna-infrastruktura\/"]}]},{"@type":"BreadcrumbList","@id":"https:\/\/obcina.rogatec.si\/obcinska-uprava\/okolje-in-prostor\/gospodarska-javna-infrastruktura\/#breadcrumb","itemListElement":[{"@type":"ListItem","position":1,"name":"Domov","item":"https:\/\/obcina.rogatec.si\/"},{"@type":"ListItem","position":2,"name":"Ob\u010dinska uprava","item":"https:\/\/obcina.rogatec.si\/obcinska-uprava\/"},{"@type":"ListItem","position":3,"name":"Okolje in prostor","item":"https:\/\/obcina.rogatec.si\/obcinska-uprava\/okolje-in-prostor\/"},{"@type":"ListItem","position":4,"name":"Gospodarska javna infrastruktura"}]},{"@type":"WebSite","@id":"https:\/\/obcina.rogatec.si\/#website","url":"https:\/\/obcina.rogatec.si\/","name":"Ob\u010dina Rogatec","description":"Uradni spletni portal Ob\u010dine Rogatec","publisher":{"@id":"https:\/\/obcina.rogatec.si\/#organization"},"potentialAction":[{"@type":"SearchAction","target":{"@type":"EntryPoint","urlTemplate":"https:\/\/obcina.rogatec.si\/?s={search_term_string}"},"query-input":{"@type":"PropertyValueSpecification","valueRequired":true,"valueName":"search_term_string"}}],"inLanguage":"sl-SI"},{"@type":"Organization","@id":"https:\/\/obcina.rogatec.si\/#organization","name":"Ob\u010dina Rogatec","url":"https:\/\/obcina.rogatec.si\/","logo":{"@type":"ImageObject","inLanguage":"sl-SI","@id":"https:\/\/obcina.rogatec.si\/#\/schema\/logo\/image\/","url":"https:\/\/obcina.rogatec.si\/wp-content\/uploads\/2021\/01\/ObcinaRogatec_col.png","contentUrl":"https:\/\/obcina.rogatec.si\/wp-content\/uploads\/2021\/01\/ObcinaRogatec_col.png","width":275,"height":100,"caption":"Ob\u010dina Rogatec"},"image":{"@id":"https:\/\/obcina.rogatec.si\/#\/schema\/logo\/image\/"},"sameAs":["https:\/\/www.facebook.com\/VisitRogatec\/","https:\/\/www.instagram.com\/visitrogatec\/","https:\/\/www.youtube.com\/channel\/UC0j4SRaLd9oSppR8hwVd5tw"]}]}},"uagb_featured_image_src":{"full":false,"thumbnail":false,"medium":false,"medium_large":false,"large":false,"1536x1536":false,"2048x2048":false,"XXS":false,"XS":false,"S":false,"M":false,"L":false,"XL":false},"uagb_author_info":{"display_name":"Ob\u010dina Rogatec","author_link":"https:\/\/obcina.rogatec.si\/author\/vedran72\/"},"uagb_comment_info":0,"uagb_excerpt":"GOSPODARSKA JAVNA INFRASTRUKTURA Gospodarska javna infrastruktura so objekti ali omre\u017eja, ki so namenjeni opravljanju gospodarskih javnih slu\u017eb skladno z zakonom ter tista gospodarska infrastruktura, ki je kot taka dolo\u010dena z zakonom ali odlokom lokalne skupnosti, kakor tudi drugi objekti in omre\u017eja v splo\u0161ni rabi. Gospodarska javna infrastruktura je dr\u017eavnega in lokalnega pomena. &nbsp; OMRE\u017dJE \u00a0&hellip;","_links":{"self":[{"href":"https:\/\/obcina.rogatec.si\/wp-json\/wp\/v2\/pages\/1017","targetHints":{"allow":["GET"]}}],"collection":[{"href":"https:\/\/obcina.rogatec.si\/wp-json\/wp\/v2\/pages"}],"about":[{"href":"https:\/\/obcina.rogatec.si\/wp-json\/wp\/v2\/types\/page"}],"author":[{"embeddable":true,"href":"https:\/\/obcina.rogatec.si\/wp-json\/wp\/v2\/users\/1"}],"replies":[{"embeddable":true,"href":"https:\/\/obcina.rogatec.si\/wp-json\/wp\/v2\/comments?post=1017"}],"version-history":[{"count":14,"href":"https:\/\/obcina.rogatec.si\/wp-json\/wp\/v2\/pages\/1017\/revisions"}],"predecessor-version":[{"id":501070,"href":"https:\/\/obcina.rogatec.si\/wp-json\/wp\/v2\/pages\/1017\/revisions\/501070"}],"up":[{"embeddable":true,"href":"https:\/\/obcina.rogatec.si\/wp-json\/wp\/v2\/pages\/700"}],"wp:attachment":[{"href":"https:\/\/obcina.rogatec.si\/wp-json\/wp\/v2\/media?parent=1017"}],"curies":[{"name":"wp","href":"https:\/\/api.w.org\/{rel}","templated":true}]}}